{"id":246672,"date":"2025-07-01T13:52:21","date_gmt":"2025-07-01T12:52:21","guid":{"rendered":"https:\/\/dev.tg4.ie\/?page_id=246672"},"modified":"2025-07-11T11:31:56","modified_gmt":"2025-07-11T10:31:56","slug":"tg4-films-to-receive-world-premieres-at-galway-film-fleadh-2025","status":"publish","type":"page","link":"https:\/\/dev.tg4.ie\/en\/information\/press\/press-releases\/2025-2\/tg4-films-to-receive-world-premieres-at-galway-film-fleadh-2025\/","title":{"rendered":"TG4 Films to Receive World Premieres at Galway Film Fleadh 2025"},"content":{"rendered":"<p>TG4 is delighted that 9 of its projects will be screened at the 2025 Galway Film Fleadh. The next CINE4 film, <strong>B\u00e1ite<\/strong>, is to receive its premiere at this year\u2019s Fleadh. It will be screened at the <strong>Town Hall Theatre on Wednesday, 9th July at 7pm<\/strong>.<br \/>\n&nbsp;<br \/>\n<strong>B\u00e1ite<\/strong> \u2013 This is the latest offering from the <strong>CINE4<\/strong> collaboration with Screen Ireland\/F\u00eds \u00c9ireann and TG4 and Coimisi\u00fan na Me\u00e1n. Set in a rural village during All-Ireland weekend in 1975, <strong>B\u00e1ite<\/strong> blends murder mystery and family drama as Peggy Casey\u2019s life begins to unravel after a body surfaces from the local manmade lake. Directed by Ru\u00e1n Magan in his feature debut and written by Sheena Lambert, the screenplay is based on her novel The Lake, published by HarperCollins.  The film stars Eleanor O\u2019Brien, Moe Dunford, Ois\u00edn Mist\u00e9il, Fionnuala Gygax, and Mark Mac Gearailt, and was filmed in Conamara in summer 2023. Produced by Siobh\u00e1n N\u00ed Ghadhra and John Brady of Dan\u00fa Media, the film was supported by TG4, F\u00eds \u00c9ireann\/Screen Ireland, Section 481, and Coimisi\u00fan na Me\u00e1n. <\/p>\n<table>\n<tbody>\n<tr>\n<td width=\"33%\"><img decoding=\"async\" src=\"https:\/\/res.cloudinary.com\/dfwshshcn\/image\/upload\/v1751375471\/pic1_zhylmc.jpg\" alt=\"B\u00e1ite1\" \/><\/td>\n<td width=\"33%\"><img decoding=\"async\" src=\"https:\/\/res.cloudinary.com\/dfwshshcn\/image\/upload\/v1751375478\/pic2_easumw.jpg\" alt=\"B\u00e1ite2\" \/><\/td>\n<td width=\"33%\"><img decoding=\"async\" src=\"https:\/\/res.cloudinary.com\/dfwshshcn\/image\/upload\/v1751375485\/pic3_ghathk.jpg\" alt=\"B\u00e1ite3\" \/><\/td>\n<\/tr>\n<\/tbody>\n<\/table>\n<p>More images available to download here: <a href=\"https:\/\/tg4.wetransfer.com\/downloads\/dc730d617351e2af797f880bcd771bb420250701111920\/53f82f?t_exp=1756552761&#038;t_lsid=1256bccd-4fda-4e42-9e43-3a6a19509f1c&#038;t_network=link&#038;t_rid=YXV0aDB8VHJhbnNmZXJ8cGU0a3Y2MHllbG8=&#038;t_s=download_link&#038;t_ts=1751368761\">TG4 Images<\/a><br \/>\n&nbsp;<\/p>\n<h3>Seo a leanas na scann\u00e1in de chuid TG4 a bheidh le feice\u00e1il ag an bhFleadh i mbliana:<\/h3>\n<p><strong>Ag Lorg Hy-Brasil<\/strong> <em>Wednesday 9th July 1pm P\u00e1l\u00e1s<\/em><br \/>\n<img decoding=\"async\" src=\"https:\/\/res.cloudinary.com\/dfwshshcn\/image\/upload\/v1751377105\/picHyBrasil_beefbg.jpg\" alt=\"Hy-Brasil\" \/><\/p>\n<p>This film ruminates on a mythical island off the Conamara coast and why it inspired Ireland&#8217;s exhibit at the Biennale in Venice. It brings to the fore the symbiotic relationship that exists between islanders and their elemental surroundings, and how their existences are formed and shaped by raw materials.<\/p>\n<p>The film considers the work of architects Peter Carroll, Mary Laheen, Peter Cody, Elizabeth Hatz and Joseph Mackey, documenting the creative process itself, and the resourceful people who participated in it. Produced by Red Pepper with funding from TG4 &#038; ilD\u00c1NA -The Arts Council. Wednesday 9th July 1pm.<\/p>\n<p>&nbsp;<\/p>\n<p><strong>David Keenan &#8211; Focla ar Chanbh\u00e1s<\/strong> <em>Wednesday 9th July 9.30pm P\u00e1l\u00e1s<\/em><br \/>\n<img decoding=\"async\" src=\"https:\/\/res.cloudinary.com\/dfwshshcn\/image\/upload\/v1751375494\/pic4_kf1ioq.jpg\" alt=\"David Keenan\" \/><\/p>\n<p>Four years after the breakthrough success of his debut album,\u202fBeginner\u2019s Guide to Bravery, Dundalk songwriter, musician, and composer David Keenan is at a crossroads. After touring extensively and building a reputation as one of Ireland\u2019s leading live performers, he returns to the studio to record new music. \u201cAnger is easy to portray, it\u2019s the hurt that\u2019s hard\u201d, he says as we explore his wordsmithing over the course of 500 days.<\/p>\n<p>This is a portrait of the artist as a young man, which in turn is a portrait of every musical artist as they endeavour to remain authentic yet stand out in a world of \u201calgorithm and blues\u201d. \u00a0Produced by Tua Films with support from ilD\u00c1NA -The Arts Council &#038; TG4.<\/p>\n<p>&nbsp;<\/p>\n<p><strong>Mam\u00f3 &#038; Mise<\/strong> <em>Wednesday 9th July 10am Town Hall Theatre<\/em><br \/>\n<img decoding=\"async\" src=\"https:\/\/res.cloudinary.com\/dfwshshcn\/image\/upload\/v1751375502\/pic5_wrzrcg.jpg\" alt=\"Mam\u00f3 agus Mise\" \/><\/p>\n<p>10-year old Fionn skips school to spend one last day with his grandmother, on an adventure in the Irish countryside. A heartwarming family film exploring life and grief. Produced by Desmond Bros Media Limited with support from TG4, in partnership with the EBU.<\/p>\n<p>&nbsp;<\/p>\n<p><strong>Beo Faoin bhF\u00f3d<\/strong> <em>1Friday 11th July 11.30am P\u00e1l\u00e1s<\/em><br \/>\n<img decoding=\"async\" src=\"https:\/\/res.cloudinary.com\/dfwshshcn\/image\/upload\/v1751375513\/pic6_jvnt0c.jpg\" alt=\"Beo faoin bhF\u00f3d\" \/><\/p>\n<p>In 1968, Mick Meaney was buried six feet under the London soil in a simple wooden coffin. Hundreds came to see his burial, and toast Mick on his way. The thing was, Mick was not dead. He was competing in the world record competition for \u2018Longest Time Spent Buried Alive\u2019.<\/p>\n<p>Incredibly, Mick was not the first. Our story begins in 1920s California and ends with a Dutch nun buried under a fairground in Skegness. Using never before seen archive, animation, and interviews with the people who knew Mick personally, this story is brought to life through the eyes of his loving daughter, who grapples with her father\u2019s bizarre legacy. Produced by Black Lobster Production with support from TG4 &#038; Coimisi\u00fan na Me\u00e1n.<\/p>\n<p>&nbsp;<\/p>\n<p><strong>\u00c9ire agus na Ch\u00e9ad N\u00e1isi\u00fain<\/strong> <em>Friday 11th July 1.30pm Town Hall Theatre<\/em><br \/>\n<img decoding=\"async\" src=\"https:\/\/res.cloudinary.com\/dfwshshcn\/image\/upload\/v1751375520\/pic7_tkxzed.jpg\" alt=\"\u00c9ire agus na Ch\u00e9ad N\u00e1isi\u00fain\" \/><\/p>\n<p>The incredible untold story of how Irish people interacted with the First Nations of North America, with contributions from some of Ireland\u2019s leading historians along with a new wave of First Nations academics and commentators.<\/p>\n<p>Throughout the 18th and 19th centuries, Irish people were trading and intermarrying with native people and later fighting against them as part of the 7th Cavalry.<\/p>\n<p>This film looks at the domino effect of colonialism, showing our journey into America from our perspective, and through the eyes of the people we displaced.  Produced by Ronin Films with funding from TG4, NI Screen\u2019s Irish Language Broadcast Fund and Coimisi\u00fan na Me\u00e1n.<\/p>\n<p>&nbsp;<\/p>\n<p><strong>Baba\u00ed Brain<\/strong> <em>Saturday 12th July 9.30am Town Hall Theatre<\/em><br \/>\n<img decoding=\"async\" src=\"https:\/\/res.cloudinary.com\/dfwshshcn\/image\/upload\/v1751375530\/pic8_prttbj.jpg\" alt=\"Baba\u00ed Brain\" \/><\/p>\n<p>Sarah\u2019s quest for motherhood becomes an obsession after a failed IVF treatment. Struggling with isolation and perfectionism, she makes increasingly desperate choices that blur the lines between aspiration and delusion. Produced by Meangadh Fib\u00edn with support from TG4 &#038; NI Screen\u2019s Irish Language Broadcast Fund.<\/p>\n<p>&nbsp;<\/p>\n<p><strong>Ag Taisteal Siar<\/strong> <em>Sunday 13th July 11.30am P\u00e1l\u00e1s<\/em><br \/>\n<img decoding=\"async\" src=\"https:\/\/res.cloudinary.com\/dfwshshcn\/image\/upload\/v1751375536\/pic9_cug5eg.jpg\" alt=\"Ag Taisteal Siar\" \/><\/p>\n<p>Traveller music has been a defining force in Irish musical heritage since the ballad boom of the 1960s. As the music reached new heights, the Traveller way of life was undergoing profound change. The transition from life on the road to settled housing altered the social fabric that had long nurtured this tradition, challenging how music was passed down through the generations.<\/p>\n<p\/>\n<p><strong>Ag Taisteal Siar<\/strong>\u202fexplores the profound, and often overlooked contribution of legends such as Pecker Dunne, Maggie Barry and Johnny Doran to Ireland\u2019s musical legacy. Featuring powerful performances and interviews with Kathleen Keenan, Sarah Dunne, Sharyn Ward, Niamh Dunne and Steo Wall, alongside original poetry written by Martin Warde. Produced by DoubleBand Films with support from ilD\u00c1NA -The Arts Council, NI Screen\u2019s Irish Language Broadcast Fund &#038; Coimisi\u00fan na Me\u00e1n.<\/p>\n<p>&nbsp;<\/p>\n<p><strong>Aontas<\/strong> <em>Sunday 13th July 1.15pm P\u00e1l\u00e1s<\/em><br \/>\n<img decoding=\"async\" src=\"https:\/\/res.cloudinary.com\/dfwshshcn\/image\/upload\/v1751375543\/pic10_dnfygi.jpg\" alt=\"Aontas\" \/><\/p>\n<p>Three unlikely thieves, led by a woman on the verge of a breakdown, rob a rural Irish Credit Union. Opening in the tragic aftermath of the heist-gone-wrong, <strong>Aontas<\/strong> unfolds backwards, chapter by chapter to unravel the events that led to this point. What starts as a poorly executed robbery becomes a portrait of a wilful woman trapped in her own past. <strong>Aontas<\/strong> is directed by Damian McCann <em>(Doineann)<\/em> and stars Carrie Crowley <em>(An Cail\u00edn Ci\u00fain, Smother)<\/em>, Br\u00edd Brennan <em>(Shadow Dancer, Doineann)<\/em> and Eva-Jane Gaffney <em>(Kin, Harry Wild)<\/em>.<\/p>\n<p>Produced by \u00d3rfhlaith N\u00ed Chearnaigh <em>(Aonaracht)<\/em> and Christopher Myers <em>(Doineann)<\/em>, written by Sarah Gordon and Damian McCann, this is the first feature from new bilingual company P\u00faca Pictures. <strong>Aontas<\/strong> was funded by NI Screen\u2019s Irish Language Broadcast Fund, BBC and TG4, with support from Yellowmoon.<\/p>\n<p>&nbsp;<\/p>\n<p>More images available to download here: <a href=\"https:\/\/tg4.wetransfer.com\/downloads\/dc730d617351e2af797f880bcd771bb420250701111920\/53f82f?t_exp=1756552761&#038;t_lsid=1256bccd-4fda-4e42-9e43-3a6a19509f1c&#038;t_network=link&#038;t_rid=YXV0aDB8VHJhbnNmZXJ8cGU0a3Y2MHllbG8=&#038;t_s=download_link&#038;t_ts=1751368761\">Picti\u00fair TG4<\/a><br \/>\n&nbsp;<\/p>\n","protected":false},"excerpt":{"rendered":"<p>TG4 is delighted that 9 of its projects will be screened at the 2025 Galway Film Fleadh. The next CINE4 film, B\u00e1ite, is to receive its premiere at this year\u2019s Fleadh. It will be screened at the Town Hall Theatre on Wednesday, 9th July at 7pm. &nbsp; B\u00e1ite \u2013 This is the latest offering from [&hellip;]<\/p>\n","protected":false},"author":876,"featured_media":0,"parent":236809,"menu_order":31,"comment_status":"closed","ping_status":"closed","template":"page-templates\/template-pr.php","meta":{"_acf_changed":false,"footnotes":""},"acf":[],"yoast_head":"<!-- This site is optimized with the Yoast SEO plugin v22.6 - https:\/\/yoast.com\/wordpress\/plugins\/seo\/ -->\n<title>TG4 Films to Receive World Premieres at Galway Film Fleadh 2025 | Press Release | TG4<\/title>\n<meta name=\"description\" content=\"TG4 is delighted that 9 of its projects will be screened at the 2025 Galway Film Fleadh. The next CINE4 film, B\u00e1ite, is to receive its premiere at this year\u2019s Fleadh. It will be screened at the Town Hall Theatre on Wednesday, 9th July at 7pm.\" \/>\n<meta name=\"robots\" content=\"index, follow, max-snippet:-1, max-image-preview:large, max-video-preview:-1\" \/>\n<meta property=\"og:locale\" content=\"en_US\" \/>\n<meta property=\"og:type\" content=\"article\" \/>\n<meta property=\"og:title\" content=\"TG4 Films to Receive World Premieres at Galway Film Fleadh 2025 | Press Release | TG4\" \/>\n<meta property=\"og:description\" content=\"TG4 is delighted that 9 of its projects will be screened at the 2025 Galway Film Fleadh. The next CINE4 film, B\u00e1ite, is to receive its premiere at this year\u2019s Fleadh. It will be screened at the Town Hall Theatre on Wednesday, 9th July at 7pm.\" \/>\n<meta property=\"og:url\" content=\"https:\/\/dev.tg4.ie\/en\/information\/press\/press-releases\/2025-2\/tg4-films-to-receive-world-premieres-at-galway-film-fleadh-2025\/\" \/>\n<meta property=\"og:site_name\" content=\"TG4\" \/>\n<meta property=\"article:publisher\" content=\"https:\/\/www.facebook.com\/TG4TV\" \/>\n<meta property=\"article:modified_time\" content=\"2025-07-11T10:31:56+00:00\" \/>\n<meta property=\"og:image\" content=\"https:\/\/res.cloudinary.com\/dfwshshcn\/image\/upload\/v1751375471\/pic1_zhylmc.jpg\" \/>\n<meta name=\"twitter:card\" content=\"summary_large_image\" \/>\n<meta name=\"twitter:site\" content=\"@TG4TV\" \/>\n<meta name=\"twitter:label1\" content=\"Est. reading time\" \/>\n\t<meta name=\"twitter:data1\" content=\"7 minutes\" \/>\n<script type=\"application\/ld+json\" class=\"yoast-schema-graph\">{\"@context\":\"https:\/\/schema.org\",\"@graph\":[{\"@type\":\"WebPage\",\"@id\":\"https:\/\/dev.tg4.ie\/en\/information\/press\/press-releases\/2025-2\/tg4-films-to-receive-world-premieres-at-galway-film-fleadh-2025\/\",\"url\":\"https:\/\/dev.tg4.ie\/en\/information\/press\/press-releases\/2025-2\/tg4-films-to-receive-world-premieres-at-galway-film-fleadh-2025\/\",\"name\":\"TG4 Films to Receive World Premieres at Galway Film Fleadh 2025 | Press Release | TG4\",\"isPartOf\":{\"@id\":\"https:\/\/dev.tg4.ie\/en\/#website\"},\"primaryImageOfPage\":{\"@id\":\"https:\/\/dev.tg4.ie\/en\/information\/press\/press-releases\/2025-2\/tg4-films-to-receive-world-premieres-at-galway-film-fleadh-2025\/#primaryimage\"},\"image\":{\"@id\":\"https:\/\/dev.tg4.ie\/en\/information\/press\/press-releases\/2025-2\/tg4-films-to-receive-world-premieres-at-galway-film-fleadh-2025\/#primaryimage\"},\"thumbnailUrl\":\"https:\/\/res.cloudinary.com\/dfwshshcn\/image\/upload\/v1751375471\/pic1_zhylmc.jpg\",\"datePublished\":\"2025-07-01T12:52:21+00:00\",\"dateModified\":\"2025-07-11T10:31:56+00:00\",\"description\":\"TG4 is delighted that 9 of its projects will be screened at the 2025 Galway Film Fleadh. The next CINE4 film, B\u00e1ite, is to receive its premiere at this year\u2019s Fleadh. It will be screened at the Town Hall Theatre on Wednesday, 9th July at 7pm.\",\"breadcrumb\":{\"@id\":\"https:\/\/dev.tg4.ie\/en\/information\/press\/press-releases\/2025-2\/tg4-films-to-receive-world-premieres-at-galway-film-fleadh-2025\/#breadcrumb\"},\"inLanguage\":\"en-ie\",\"potentialAction\":[{\"@type\":\"ReadAction\",\"target\":[\"https:\/\/dev.tg4.ie\/en\/information\/press\/press-releases\/2025-2\/tg4-films-to-receive-world-premieres-at-galway-film-fleadh-2025\/\"]}]},{\"@type\":\"ImageObject\",\"inLanguage\":\"en-ie\",\"@id\":\"https:\/\/dev.tg4.ie\/en\/information\/press\/press-releases\/2025-2\/tg4-films-to-receive-world-premieres-at-galway-film-fleadh-2025\/#primaryimage\",\"url\":\"https:\/\/res.cloudinary.com\/dfwshshcn\/image\/upload\/v1751375471\/pic1_zhylmc.jpg\",\"contentUrl\":\"https:\/\/res.cloudinary.com\/dfwshshcn\/image\/upload\/v1751375471\/pic1_zhylmc.jpg\"},{\"@type\":\"BreadcrumbList\",\"@id\":\"https:\/\/dev.tg4.ie\/en\/information\/press\/press-releases\/2025-2\/tg4-films-to-receive-world-premieres-at-galway-film-fleadh-2025\/#breadcrumb\",\"itemListElement\":[{\"@type\":\"ListItem\",\"position\":1,\"name\":\"Home\",\"item\":\"https:\/\/dev.tg4.ie\/en\/\"},{\"@type\":\"ListItem\",\"position\":2,\"name\":\"Information\",\"item\":\"https:\/\/dev.tg4.ie\/en\/information\/\"},{\"@type\":\"ListItem\",\"position\":3,\"name\":\"Press\",\"item\":\"https:\/\/dev.tg4.ie\/en\/information\/press\/\"},{\"@type\":\"ListItem\",\"position\":4,\"name\":\"Press Releases\",\"item\":\"https:\/\/dev.tg4.ie\/en\/information\/press\/press-releases\/\"},{\"@type\":\"ListItem\",\"position\":5,\"name\":\"2025\",\"item\":\"https:\/\/dev.tg4.ie\/en\/information\/press\/press-releases\/2025-2\/\"},{\"@type\":\"ListItem\",\"position\":6,\"name\":\"TG4 Films to Receive World Premieres at Galway Film Fleadh 2025\"}]},{\"@type\":\"WebSite\",\"@id\":\"https:\/\/dev.tg4.ie\/en\/#website\",\"url\":\"https:\/\/dev.tg4.ie\/en\/\",\"name\":\"TG4\",\"description\":\"S\u00fail Eile\",\"potentialAction\":[{\"@type\":\"SearchAction\",\"target\":{\"@type\":\"EntryPoint\",\"urlTemplate\":\"https:\/\/dev.tg4.ie\/en\/?s={search_term_string}\"},\"query-input\":\"required name=search_term_string\"}],\"inLanguage\":\"en-ie\"}]}<\/script>\n<!-- \/ Yoast SEO plugin. -->","yoast_head_json":{"title":"TG4 Films to Receive World Premieres at Galway Film Fleadh 2025 | Press Release | TG4","description":"TG4 is delighted that 9 of its projects will be screened at the 2025 Galway Film Fleadh. The next CINE4 film, B\u00e1ite, is to receive its premiere at this year\u2019s Fleadh. It will be screened at the Town Hall Theatre on Wednesday, 9th July at 7pm.","robots":{"index":"index","follow":"follow","max-snippet":"max-snippet:-1","max-image-preview":"max-image-preview:large","max-video-preview":"max-video-preview:-1"},"og_locale":"en_US","og_type":"article","og_title":"TG4 Films to Receive World Premieres at Galway Film Fleadh 2025 | Press Release | TG4","og_description":"TG4 is delighted that 9 of its projects will be screened at the 2025 Galway Film Fleadh. The next CINE4 film, B\u00e1ite, is to receive its premiere at this year\u2019s Fleadh. It will be screened at the Town Hall Theatre on Wednesday, 9th July at 7pm.","og_url":"https:\/\/dev.tg4.ie\/en\/information\/press\/press-releases\/2025-2\/tg4-films-to-receive-world-premieres-at-galway-film-fleadh-2025\/","og_site_name":"TG4","article_publisher":"https:\/\/www.facebook.com\/TG4TV","article_modified_time":"2025-07-11T10:31:56+00:00","og_image":[{"url":"https:\/\/res.cloudinary.com\/dfwshshcn\/image\/upload\/v1751375471\/pic1_zhylmc.jpg"}],"twitter_card":"summary_large_image","twitter_site":"@TG4TV","twitter_misc":{"Est. reading time":"7 minutes"},"schema":{"@context":"https:\/\/schema.org","@graph":[{"@type":"WebPage","@id":"https:\/\/dev.tg4.ie\/en\/information\/press\/press-releases\/2025-2\/tg4-films-to-receive-world-premieres-at-galway-film-fleadh-2025\/","url":"https:\/\/dev.tg4.ie\/en\/information\/press\/press-releases\/2025-2\/tg4-films-to-receive-world-premieres-at-galway-film-fleadh-2025\/","name":"TG4 Films to Receive World Premieres at Galway Film Fleadh 2025 | Press Release | TG4","isPartOf":{"@id":"https:\/\/dev.tg4.ie\/en\/#website"},"primaryImageOfPage":{"@id":"https:\/\/dev.tg4.ie\/en\/information\/press\/press-releases\/2025-2\/tg4-films-to-receive-world-premieres-at-galway-film-fleadh-2025\/#primaryimage"},"image":{"@id":"https:\/\/dev.tg4.ie\/en\/information\/press\/press-releases\/2025-2\/tg4-films-to-receive-world-premieres-at-galway-film-fleadh-2025\/#primaryimage"},"thumbnailUrl":"https:\/\/res.cloudinary.com\/dfwshshcn\/image\/upload\/v1751375471\/pic1_zhylmc.jpg","datePublished":"2025-07-01T12:52:21+00:00","dateModified":"2025-07-11T10:31:56+00:00","description":"TG4 is delighted that 9 of its projects will be screened at the 2025 Galway Film Fleadh. The next CINE4 film, B\u00e1ite, is to receive its premiere at this year\u2019s Fleadh. It will be screened at the Town Hall Theatre on Wednesday, 9th July at 7pm.","breadcrumb":{"@id":"https:\/\/dev.tg4.ie\/en\/information\/press\/press-releases\/2025-2\/tg4-films-to-receive-world-premieres-at-galway-film-fleadh-2025\/#breadcrumb"},"inLanguage":"en-ie","potentialAction":[{"@type":"ReadAction","target":["https:\/\/dev.tg4.ie\/en\/information\/press\/press-releases\/2025-2\/tg4-films-to-receive-world-premieres-at-galway-film-fleadh-2025\/"]}]},{"@type":"ImageObject","inLanguage":"en-ie","@id":"https:\/\/dev.tg4.ie\/en\/information\/press\/press-releases\/2025-2\/tg4-films-to-receive-world-premieres-at-galway-film-fleadh-2025\/#primaryimage","url":"https:\/\/res.cloudinary.com\/dfwshshcn\/image\/upload\/v1751375471\/pic1_zhylmc.jpg","contentUrl":"https:\/\/res.cloudinary.com\/dfwshshcn\/image\/upload\/v1751375471\/pic1_zhylmc.jpg"},{"@type":"BreadcrumbList","@id":"https:\/\/dev.tg4.ie\/en\/information\/press\/press-releases\/2025-2\/tg4-films-to-receive-world-premieres-at-galway-film-fleadh-2025\/#breadcrumb","itemListElement":[{"@type":"ListItem","position":1,"name":"Home","item":"https:\/\/dev.tg4.ie\/en\/"},{"@type":"ListItem","position":2,"name":"Information","item":"https:\/\/dev.tg4.ie\/en\/information\/"},{"@type":"ListItem","position":3,"name":"Press","item":"https:\/\/dev.tg4.ie\/en\/information\/press\/"},{"@type":"ListItem","position":4,"name":"Press Releases","item":"https:\/\/dev.tg4.ie\/en\/information\/press\/press-releases\/"},{"@type":"ListItem","position":5,"name":"2025","item":"https:\/\/dev.tg4.ie\/en\/information\/press\/press-releases\/2025-2\/"},{"@type":"ListItem","position":6,"name":"TG4 Films to Receive World Premieres at Galway Film Fleadh 2025"}]},{"@type":"WebSite","@id":"https:\/\/dev.tg4.ie\/en\/#website","url":"https:\/\/dev.tg4.ie\/en\/","name":"TG4","description":"S\u00fail Eile","potentialAction":[{"@type":"SearchAction","target":{"@type":"EntryPoint","urlTemplate":"https:\/\/dev.tg4.ie\/en\/?s={search_term_string}"},"query-input":"required name=search_term_string"}],"inLanguage":"en-ie"}]}},"_links":{"self":[{"href":"https:\/\/dev.tg4.ie\/en\/wp-json\/wp\/v2\/pages\/246672"}],"collection":[{"href":"https:\/\/dev.tg4.ie\/en\/wp-json\/wp\/v2\/pages"}],"about":[{"href":"https:\/\/dev.tg4.ie\/en\/wp-json\/wp\/v2\/types\/page"}],"author":[{"embeddable":true,"href":"https:\/\/dev.tg4.ie\/en\/wp-json\/wp\/v2\/users\/876"}],"replies":[{"embeddable":true,"href":"https:\/\/dev.tg4.ie\/en\/wp-json\/wp\/v2\/comments?post=246672"}],"version-history":[{"count":0,"href":"https:\/\/dev.tg4.ie\/en\/wp-json\/wp\/v2\/pages\/246672\/revisions"}],"up":[{"embeddable":true,"href":"https:\/\/dev.tg4.ie\/en\/wp-json\/wp\/v2\/pages\/236809"}],"wp:attachment":[{"href":"https:\/\/dev.tg4.ie\/en\/wp-json\/wp\/v2\/media?parent=246672"}],"curies":[{"name":"wp","href":"https:\/\/api.w.org\/{rel}","templated":true}]}}