{"id":246740,"date":"2025-07-10T14:52:45","date_gmt":"2025-07-10T13:52:45","guid":{"rendered":"https:\/\/dev.tg4.ie\/information\/press\/press-releases\/2025-2\/cuairt-tugtha-ag-an-aire-patrick-odonovan-ar-cheannaras-tg4-i-ngaeltacht-chonamara\/"},"modified":"2025-07-10T14:55:56","modified_gmt":"2025-07-10T13:55:56","slug":"minister-patrick-odonovan-visits-tg4-headquarters-in-the-conamara-gaeltacht","status":"publish","type":"page","link":"https:\/\/dev.tg4.ie\/en\/information\/press\/press-releases\/2025-2\/minister-patrick-odonovan-visits-tg4-headquarters-in-the-conamara-gaeltacht\/","title":{"rendered":"Minister Patrick O\u2019Donovan visits TG4 headquarters in the Conamara Gaeltacht"},"content":{"rendered":"<table>\n<tbody>\n<tr>\n<td width=\"33%\"><img loading=\"lazy\" decoding=\"async\" width=\"1920\" height=\"1080\" src=\"https:\/\/tg4-docs.s3.amazonaws.com\/wp-content\/uploads\/2025\/07\/10144940\/CuairtAireDonovan1.jpg\" alt=\"\" class=\"alignright size-full wp-image-246738\" srcset=\"https:\/\/tg4-docs.s3.amazonaws.com\/wp-content\/uploads\/2025\/07\/10144940\/CuairtAireDonovan1.jpg 1920w, https:\/\/tg4-docs.s3.amazonaws.com\/wp-content\/uploads\/2025\/07\/10144940\/CuairtAireDonovan1-250x141.jpg 250w, https:\/\/tg4-docs.s3.amazonaws.com\/wp-content\/uploads\/2025\/07\/10144940\/CuairtAireDonovan1-700x394.jpg 700w, https:\/\/tg4-docs.s3.amazonaws.com\/wp-content\/uploads\/2025\/07\/10144940\/CuairtAireDonovan1-252x141.jpg 252w, https:\/\/tg4-docs.s3.amazonaws.com\/wp-content\/uploads\/2025\/07\/10144940\/CuairtAireDonovan1-1536x864.jpg 1536w, https:\/\/tg4-docs.s3.amazonaws.com\/wp-content\/uploads\/2025\/07\/10144940\/CuairtAireDonovan1-120x68.jpg 120w\" sizes=\"(max-width: 1920px) 100vw, 1920px\" \/><\/td>\n<td width=\"33%\"><img loading=\"lazy\" decoding=\"async\" width=\"1920\" height=\"1080\" src=\"https:\/\/tg4-docs.s3.amazonaws.com\/wp-content\/uploads\/2025\/07\/10144934\/CuairtAireDonovan2.jpg\" alt=\"\" class=\"alignright size-full wp-image-246736\" srcset=\"https:\/\/tg4-docs.s3.amazonaws.com\/wp-content\/uploads\/2025\/07\/10144934\/CuairtAireDonovan2.jpg 1920w, https:\/\/tg4-docs.s3.amazonaws.com\/wp-content\/uploads\/2025\/07\/10144934\/CuairtAireDonovan2-250x141.jpg 250w, https:\/\/tg4-docs.s3.amazonaws.com\/wp-content\/uploads\/2025\/07\/10144934\/CuairtAireDonovan2-700x394.jpg 700w, https:\/\/tg4-docs.s3.amazonaws.com\/wp-content\/uploads\/2025\/07\/10144934\/CuairtAireDonovan2-252x141.jpg 252w, https:\/\/tg4-docs.s3.amazonaws.com\/wp-content\/uploads\/2025\/07\/10144934\/CuairtAireDonovan2-1536x864.jpg 1536w, https:\/\/tg4-docs.s3.amazonaws.com\/wp-content\/uploads\/2025\/07\/10144934\/CuairtAireDonovan2-120x68.jpg 120w\" sizes=\"(max-width: 1920px) 100vw, 1920px\" \/><\/td>\n<td width=\"33%\"><img loading=\"lazy\" decoding=\"async\" width=\"1920\" height=\"1080\" src=\"https:\/\/tg4-docs.s3.amazonaws.com\/wp-content\/uploads\/2025\/07\/10144937\/CuairtAireDonovan3.jpg\" alt=\"\" class=\"alignright size-full wp-image-246737\" srcset=\"https:\/\/tg4-docs.s3.amazonaws.com\/wp-content\/uploads\/2025\/07\/10144937\/CuairtAireDonovan3.jpg 1920w, https:\/\/tg4-docs.s3.amazonaws.com\/wp-content\/uploads\/2025\/07\/10144937\/CuairtAireDonovan3-250x141.jpg 250w, https:\/\/tg4-docs.s3.amazonaws.com\/wp-content\/uploads\/2025\/07\/10144937\/CuairtAireDonovan3-700x394.jpg 700w, https:\/\/tg4-docs.s3.amazonaws.com\/wp-content\/uploads\/2025\/07\/10144937\/CuairtAireDonovan3-252x141.jpg 252w, https:\/\/tg4-docs.s3.amazonaws.com\/wp-content\/uploads\/2025\/07\/10144937\/CuairtAireDonovan3-1536x864.jpg 1536w, https:\/\/tg4-docs.s3.amazonaws.com\/wp-content\/uploads\/2025\/07\/10144937\/CuairtAireDonovan3-120x68.jpg 120w\" sizes=\"(max-width: 1920px) 100vw, 1920px\" \/><\/td>\n<\/tr>\n<\/tbody>\n<\/table>\n<p>&nbsp;<br \/>\nThe Minister for Culture, Communications and Sport, Patrick O\u2019Donovan TD, was in Conamara this evening as he visited the headquarters of TG4, where he was warmly welcomed by Cathaoirleach of TG4 Board Anna N\u00ed Ghallachair and station\u2019s newly appointed Ard-Sti\u00farth\u00f3ir, Deirdre N\u00ed Choist\u00edn. The visit marks a significant event for TG4 as the station, under new leadership, continues to develop its strategic vision for Irish-language and cultural programming. <\/p>\n<p>During his visit, Minister O&#8217;Donovan received an update on TG4&#8217;s activities, recent successes, and current projects aimed at strengthening the Irish language through high-quality programming on television and digital platforms.  He met with members of TG4\u2019s team and discussed the station\u2019s support of Gaeltacht and regional production, innovation in public service media, and its ongoing influence on the media landscape both domestically and globally.<\/p>\n<p><strong>Anna N\u00ed Ghallachair, Cathaoirleach of TG4 Board<\/strong>, welcomed the Minister\u2019s visit saying, <em>&#8220;TG4 has long played a unique and significant role in promoting the Irish language, culture, and identity. Minister O\u2019Donovan\u2019s visit reaffirms the importance of that mission. We are particularly pleased to share our ambitions for the future of Irish-language broadcasting with him today.&#8221;<\/em><\/p>\n<p><strong>Deirdre N\u00ed Choist\u00edn, Ard-Sti\u00farth\u00f3ir TG4<\/strong>, also commented, <em>\u201cI was delighted to welcome Minister O\u2019Donovan to TG4 today. His visit is a testament to the importance of TG4\u2019s work and our value to society. We are proud to showcase the creativity, innovation, and successful partnerships TG4 has, and we look forward to continued support from the Minister in strengthening Irish language public service media for our audiences across all platforms.\u201d<\/em> <\/p>\n<p><strong>Minister Patrick O\u2019Donovan TD<\/strong> added, <em>&#8220;TG4 plays a central role in celebrating and sustaining our national language and culture. It continues to deliver imaginative, high-quality programming that reflects the richness and diversity of Irish life. The station&#8217;s contribution to the media landscape is both distinctive and invaluable, and I commend its ongoing commitment to public service broadcasting.&#8221;<\/em><\/p>\n<p>This evening at 7pm, the Minister attended the premiere of B\u00e1ite, in the Town Hall Theatre, the latest release from the Cine4 scheme.<\/p>\n<p>B\u00e1ite is produced by Dan\u00fa Media, through the Cine4 initiative co-funded by F\u00eds \u00c9ireann, TG4 and Coimisi\u00fan na Me\u00e1n.<\/p>\n<p>The minister\u2019s attendance at the launch highlights the government\u2019s ongoing support for the creative industries and the importance of regional and Irish-language storytelling on the big screen.<br \/>\n&nbsp;<\/p>\n","protected":false},"excerpt":{"rendered":"<p>&nbsp; The Minister for Culture, Communications and Sport, Patrick O\u2019Donovan TD, was in Conamara this evening as he visited the headquarters of TG4, where he was warmly welcomed by Cathaoirleach of TG4 Board Anna N\u00ed Ghallachair and station\u2019s newly appointed Ard-Sti\u00farth\u00f3ir, Deirdre N\u00ed Choist\u00edn. The visit marks a significant event for TG4 as the station, [&hellip;]<\/p>\n","protected":false},"author":876,"featured_media":0,"parent":236809,"menu_order":32,"comment_status":"closed","ping_status":"closed","template":"page-templates\/template-pr.php","meta":{"_acf_changed":false,"footnotes":""},"acf":[],"yoast_head":"<!-- This site is optimized with the Yoast SEO plugin v22.6 - https:\/\/yoast.com\/wordpress\/plugins\/seo\/ -->\n<title>Minister Patrick O\u2019Donovan visits TG4 headquarters in the Conamara Gaeltacht | Press Release | TG4<\/title>\n<meta name=\"description\" content=\"The Minister for Culture, Communications and Sport, Patrick O\u2019Donovan TD, was in Conamara this evening as he visited the headquarters of TG4, where he was warmly welcomed by Cathaoirleach of TG4 Board Anna N\u00ed Ghallachair and station\u2019s newly appointed Ard-Sti\u00farth\u00f3ir, Deirdre N\u00ed Choist\u00edn.\" \/>\n<meta name=\"robots\" content=\"index, follow, max-snippet:-1, max-image-preview:large, max-video-preview:-1\" \/>\n<meta property=\"og:locale\" content=\"en_US\" \/>\n<meta property=\"og:type\" content=\"article\" \/>\n<meta property=\"og:title\" content=\"Minister Patrick O\u2019Donovan visits TG4 headquarters in the Conamara Gaeltacht | Press Release | TG4\" \/>\n<meta property=\"og:description\" content=\"The Minister for Culture, Communications and Sport, Patrick O\u2019Donovan TD, was in Conamara this evening as he visited the headquarters of TG4, where he was warmly welcomed by Cathaoirleach of TG4 Board Anna N\u00ed Ghallachair and station\u2019s newly appointed Ard-Sti\u00farth\u00f3ir, Deirdre N\u00ed Choist\u00edn.\" \/>\n<meta property=\"og:url\" content=\"https:\/\/dev.tg4.ie\/en\/information\/press\/press-releases\/2025-2\/minister-patrick-odonovan-visits-tg4-headquarters-in-the-conamara-gaeltacht\/\" \/>\n<meta property=\"og:site_name\" content=\"TG4\" \/>\n<meta property=\"article:publisher\" content=\"https:\/\/www.facebook.com\/TG4TV\" \/>\n<meta property=\"article:modified_time\" content=\"2025-07-10T13:55:56+00:00\" \/>\n<meta property=\"og:image\" content=\"https:\/\/dev.tg4.ie\/wp-content\/uploads\/2025\/07\/CuairtAireDonovan1.jpg\" \/>\n<meta name=\"twitter:card\" content=\"summary_large_image\" \/>\n<meta name=\"twitter:site\" content=\"@TG4TV\" \/>\n<meta name=\"twitter:label1\" content=\"Est. reading time\" \/>\n\t<meta name=\"twitter:data1\" content=\"3 minutes\" \/>\n<script type=\"application\/ld+json\" class=\"yoast-schema-graph\">{\"@context\":\"https:\/\/schema.org\",\"@graph\":[{\"@type\":\"WebPage\",\"@id\":\"https:\/\/dev.tg4.ie\/en\/information\/press\/press-releases\/2025-2\/minister-patrick-odonovan-visits-tg4-headquarters-in-the-conamara-gaeltacht\/\",\"url\":\"https:\/\/dev.tg4.ie\/en\/information\/press\/press-releases\/2025-2\/minister-patrick-odonovan-visits-tg4-headquarters-in-the-conamara-gaeltacht\/\",\"name\":\"Minister Patrick O\u2019Donovan visits TG4 headquarters in the Conamara Gaeltacht | Press Release | TG4\",\"isPartOf\":{\"@id\":\"https:\/\/dev.tg4.ie\/en\/#website\"},\"primaryImageOfPage\":{\"@id\":\"https:\/\/dev.tg4.ie\/en\/information\/press\/press-releases\/2025-2\/minister-patrick-odonovan-visits-tg4-headquarters-in-the-conamara-gaeltacht\/#primaryimage\"},\"image\":{\"@id\":\"https:\/\/dev.tg4.ie\/en\/information\/press\/press-releases\/2025-2\/minister-patrick-odonovan-visits-tg4-headquarters-in-the-conamara-gaeltacht\/#primaryimage\"},\"thumbnailUrl\":\"https:\/\/dev.tg4.ie\/wp-content\/uploads\/2025\/07\/CuairtAireDonovan1.jpg\",\"datePublished\":\"2025-07-10T13:52:45+00:00\",\"dateModified\":\"2025-07-10T13:55:56+00:00\",\"description\":\"The Minister for Culture, Communications and Sport, Patrick O\u2019Donovan TD, was in Conamara this evening as he visited the headquarters of TG4, where he was warmly welcomed by Cathaoirleach of TG4 Board Anna N\u00ed Ghallachair and station\u2019s newly appointed Ard-Sti\u00farth\u00f3ir, Deirdre N\u00ed Choist\u00edn.\",\"breadcrumb\":{\"@id\":\"https:\/\/dev.tg4.ie\/en\/information\/press\/press-releases\/2025-2\/minister-patrick-odonovan-visits-tg4-headquarters-in-the-conamara-gaeltacht\/#breadcrumb\"},\"inLanguage\":\"en-ie\",\"potentialAction\":[{\"@type\":\"ReadAction\",\"target\":[\"https:\/\/dev.tg4.ie\/en\/information\/press\/press-releases\/2025-2\/minister-patrick-odonovan-visits-tg4-headquarters-in-the-conamara-gaeltacht\/\"]}]},{\"@type\":\"ImageObject\",\"inLanguage\":\"en-ie\",\"@id\":\"https:\/\/dev.tg4.ie\/en\/information\/press\/press-releases\/2025-2\/minister-patrick-odonovan-visits-tg4-headquarters-in-the-conamara-gaeltacht\/#primaryimage\",\"url\":\"https:\/\/dev.tg4.ie\/wp-content\/uploads\/2025\/07\/CuairtAireDonovan1.jpg\",\"contentUrl\":\"https:\/\/dev.tg4.ie\/wp-content\/uploads\/2025\/07\/CuairtAireDonovan1.jpg\"},{\"@type\":\"BreadcrumbList\",\"@id\":\"https:\/\/dev.tg4.ie\/en\/information\/press\/press-releases\/2025-2\/minister-patrick-odonovan-visits-tg4-headquarters-in-the-conamara-gaeltacht\/#breadcrumb\",\"itemListElement\":[{\"@type\":\"ListItem\",\"position\":1,\"name\":\"Home\",\"item\":\"https:\/\/dev.tg4.ie\/en\/\"},{\"@type\":\"ListItem\",\"position\":2,\"name\":\"Information\",\"item\":\"https:\/\/dev.tg4.ie\/en\/information\/\"},{\"@type\":\"ListItem\",\"position\":3,\"name\":\"Press\",\"item\":\"https:\/\/dev.tg4.ie\/en\/information\/press\/\"},{\"@type\":\"ListItem\",\"position\":4,\"name\":\"Press Releases\",\"item\":\"https:\/\/dev.tg4.ie\/en\/information\/press\/press-releases\/\"},{\"@type\":\"ListItem\",\"position\":5,\"name\":\"2025\",\"item\":\"https:\/\/dev.tg4.ie\/en\/information\/press\/press-releases\/2025-2\/\"},{\"@type\":\"ListItem\",\"position\":6,\"name\":\"Minister Patrick O\u2019Donovan visits TG4 headquarters in the Conamara Gaeltacht\"}]},{\"@type\":\"WebSite\",\"@id\":\"https:\/\/dev.tg4.ie\/en\/#website\",\"url\":\"https:\/\/dev.tg4.ie\/en\/\",\"name\":\"TG4\",\"description\":\"S\u00fail Eile\",\"potentialAction\":[{\"@type\":\"SearchAction\",\"target\":{\"@type\":\"EntryPoint\",\"urlTemplate\":\"https:\/\/dev.tg4.ie\/en\/?s={search_term_string}\"},\"query-input\":\"required name=search_term_string\"}],\"inLanguage\":\"en-ie\"}]}<\/script>\n<!-- \/ Yoast SEO plugin. -->","yoast_head_json":{"title":"Minister Patrick O\u2019Donovan visits TG4 headquarters in the Conamara Gaeltacht | Press Release | TG4","description":"The Minister for Culture, Communications and Sport, Patrick O\u2019Donovan TD, was in Conamara this evening as he visited the headquarters of TG4, where he was warmly welcomed by Cathaoirleach of TG4 Board Anna N\u00ed Ghallachair and station\u2019s newly appointed Ard-Sti\u00farth\u00f3ir, Deirdre N\u00ed Choist\u00edn.","robots":{"index":"index","follow":"follow","max-snippet":"max-snippet:-1","max-image-preview":"max-image-preview:large","max-video-preview":"max-video-preview:-1"},"og_locale":"en_US","og_type":"article","og_title":"Minister Patrick O\u2019Donovan visits TG4 headquarters in the Conamara Gaeltacht | Press Release | TG4","og_description":"The Minister for Culture, Communications and Sport, Patrick O\u2019Donovan TD, was in Conamara this evening as he visited the headquarters of TG4, where he was warmly welcomed by Cathaoirleach of TG4 Board Anna N\u00ed Ghallachair and station\u2019s newly appointed Ard-Sti\u00farth\u00f3ir, Deirdre N\u00ed Choist\u00edn.","og_url":"https:\/\/dev.tg4.ie\/en\/information\/press\/press-releases\/2025-2\/minister-patrick-odonovan-visits-tg4-headquarters-in-the-conamara-gaeltacht\/","og_site_name":"TG4","article_publisher":"https:\/\/www.facebook.com\/TG4TV","article_modified_time":"2025-07-10T13:55:56+00:00","og_image":[{"url":"https:\/\/dev.tg4.ie\/wp-content\/uploads\/2025\/07\/CuairtAireDonovan1.jpg"}],"twitter_card":"summary_large_image","twitter_site":"@TG4TV","twitter_misc":{"Est. reading time":"3 minutes"},"schema":{"@context":"https:\/\/schema.org","@graph":[{"@type":"WebPage","@id":"https:\/\/dev.tg4.ie\/en\/information\/press\/press-releases\/2025-2\/minister-patrick-odonovan-visits-tg4-headquarters-in-the-conamara-gaeltacht\/","url":"https:\/\/dev.tg4.ie\/en\/information\/press\/press-releases\/2025-2\/minister-patrick-odonovan-visits-tg4-headquarters-in-the-conamara-gaeltacht\/","name":"Minister Patrick O\u2019Donovan visits TG4 headquarters in the Conamara Gaeltacht | Press Release | TG4","isPartOf":{"@id":"https:\/\/dev.tg4.ie\/en\/#website"},"primaryImageOfPage":{"@id":"https:\/\/dev.tg4.ie\/en\/information\/press\/press-releases\/2025-2\/minister-patrick-odonovan-visits-tg4-headquarters-in-the-conamara-gaeltacht\/#primaryimage"},"image":{"@id":"https:\/\/dev.tg4.ie\/en\/information\/press\/press-releases\/2025-2\/minister-patrick-odonovan-visits-tg4-headquarters-in-the-conamara-gaeltacht\/#primaryimage"},"thumbnailUrl":"https:\/\/dev.tg4.ie\/wp-content\/uploads\/2025\/07\/CuairtAireDonovan1.jpg","datePublished":"2025-07-10T13:52:45+00:00","dateModified":"2025-07-10T13:55:56+00:00","description":"The Minister for Culture, Communications and Sport, Patrick O\u2019Donovan TD, was in Conamara this evening as he visited the headquarters of TG4, where he was warmly welcomed by Cathaoirleach of TG4 Board Anna N\u00ed Ghallachair and station\u2019s newly appointed Ard-Sti\u00farth\u00f3ir, Deirdre N\u00ed Choist\u00edn.","breadcrumb":{"@id":"https:\/\/dev.tg4.ie\/en\/information\/press\/press-releases\/2025-2\/minister-patrick-odonovan-visits-tg4-headquarters-in-the-conamara-gaeltacht\/#breadcrumb"},"inLanguage":"en-ie","potentialAction":[{"@type":"ReadAction","target":["https:\/\/dev.tg4.ie\/en\/information\/press\/press-releases\/2025-2\/minister-patrick-odonovan-visits-tg4-headquarters-in-the-conamara-gaeltacht\/"]}]},{"@type":"ImageObject","inLanguage":"en-ie","@id":"https:\/\/dev.tg4.ie\/en\/information\/press\/press-releases\/2025-2\/minister-patrick-odonovan-visits-tg4-headquarters-in-the-conamara-gaeltacht\/#primaryimage","url":"https:\/\/dev.tg4.ie\/wp-content\/uploads\/2025\/07\/CuairtAireDonovan1.jpg","contentUrl":"https:\/\/dev.tg4.ie\/wp-content\/uploads\/2025\/07\/CuairtAireDonovan1.jpg"},{"@type":"BreadcrumbList","@id":"https:\/\/dev.tg4.ie\/en\/information\/press\/press-releases\/2025-2\/minister-patrick-odonovan-visits-tg4-headquarters-in-the-conamara-gaeltacht\/#breadcrumb","itemListElement":[{"@type":"ListItem","position":1,"name":"Home","item":"https:\/\/dev.tg4.ie\/en\/"},{"@type":"ListItem","position":2,"name":"Information","item":"https:\/\/dev.tg4.ie\/en\/information\/"},{"@type":"ListItem","position":3,"name":"Press","item":"https:\/\/dev.tg4.ie\/en\/information\/press\/"},{"@type":"ListItem","position":4,"name":"Press Releases","item":"https:\/\/dev.tg4.ie\/en\/information\/press\/press-releases\/"},{"@type":"ListItem","position":5,"name":"2025","item":"https:\/\/dev.tg4.ie\/en\/information\/press\/press-releases\/2025-2\/"},{"@type":"ListItem","position":6,"name":"Minister Patrick O\u2019Donovan visits TG4 headquarters in the Conamara Gaeltacht"}]},{"@type":"WebSite","@id":"https:\/\/dev.tg4.ie\/en\/#website","url":"https:\/\/dev.tg4.ie\/en\/","name":"TG4","description":"S\u00fail Eile","potentialAction":[{"@type":"SearchAction","target":{"@type":"EntryPoint","urlTemplate":"https:\/\/dev.tg4.ie\/en\/?s={search_term_string}"},"query-input":"required name=search_term_string"}],"inLanguage":"en-ie"}]}},"_links":{"self":[{"href":"https:\/\/dev.tg4.ie\/en\/wp-json\/wp\/v2\/pages\/246740"}],"collection":[{"href":"https:\/\/dev.tg4.ie\/en\/wp-json\/wp\/v2\/pages"}],"about":[{"href":"https:\/\/dev.tg4.ie\/en\/wp-json\/wp\/v2\/types\/page"}],"author":[{"embeddable":true,"href":"https:\/\/dev.tg4.ie\/en\/wp-json\/wp\/v2\/users\/876"}],"replies":[{"embeddable":true,"href":"https:\/\/dev.tg4.ie\/en\/wp-json\/wp\/v2\/comments?post=246740"}],"version-history":[{"count":0,"href":"https:\/\/dev.tg4.ie\/en\/wp-json\/wp\/v2\/pages\/246740\/revisions"}],"up":[{"embeddable":true,"href":"https:\/\/dev.tg4.ie\/en\/wp-json\/wp\/v2\/pages\/236809"}],"wp:attachment":[{"href":"https:\/\/dev.tg4.ie\/en\/wp-json\/wp\/v2\/media?parent=246740"}],"curies":[{"name":"wp","href":"https:\/\/api.w.org\/{rel}","templated":true}]}}