{"id":246850,"date":"2025-07-24T09:49:24","date_gmt":"2025-07-24T08:49:24","guid":{"rendered":"https:\/\/dev.tg4.ie\/information\/press\/press-releases\/2025-2\/gach-ceim-de-tour-de-france-femmes-2025-le-craoladh-beo-ar-tg4\/"},"modified":"2025-07-28T12:47:41","modified_gmt":"2025-07-28T11:47:41","slug":"tg4-to-broadcast-every-stage-of-the-2025-tour-de-france-femmes-live","status":"publish","type":"page","link":"https:\/\/dev.tg4.ie\/en\/information\/press\/press-releases\/2025-2\/tg4-to-broadcast-every-stage-of-the-2025-tour-de-france-femmes-live\/","title":{"rendered":"TG4 to Broadcast Every Stage of the 2025 Tour de France Femmes Live"},"content":{"rendered":"<p><img loading=\"lazy\" decoding=\"async\" width=\"1920\" height=\"1080\" class=\"aligncenter size-full wp-image-246844\" src=\"https:\/\/tg4-docs.s3.amazonaws.com\/wp-content\/uploads\/2025\/07\/24091123\/Tour_de_France_Femmes_2025_1-1920x1080-1.jpg\" alt=\"Tour de France Femmes Cyclists in 2024\" srcset=\"https:\/\/tg4-docs.s3.amazonaws.com\/wp-content\/uploads\/2025\/07\/24091123\/Tour_de_France_Femmes_2025_1-1920x1080-1.jpg 1920w, https:\/\/tg4-docs.s3.amazonaws.com\/wp-content\/uploads\/2025\/07\/24091123\/Tour_de_France_Femmes_2025_1-1920x1080-1-250x141.jpg 250w, https:\/\/tg4-docs.s3.amazonaws.com\/wp-content\/uploads\/2025\/07\/24091123\/Tour_de_France_Femmes_2025_1-1920x1080-1-700x394.jpg 700w, https:\/\/tg4-docs.s3.amazonaws.com\/wp-content\/uploads\/2025\/07\/24091123\/Tour_de_France_Femmes_2025_1-1920x1080-1-252x141.jpg 252w, https:\/\/tg4-docs.s3.amazonaws.com\/wp-content\/uploads\/2025\/07\/24091123\/Tour_de_France_Femmes_2025_1-1920x1080-1-1536x864.jpg 1536w, https:\/\/tg4-docs.s3.amazonaws.com\/wp-content\/uploads\/2025\/07\/24091123\/Tour_de_France_Femmes_2025_1-1920x1080-1-120x68.jpg 120w\" sizes=\"(max-width: 1920px) 100vw, 1920px\" \/><br \/>\n&nbsp;<br \/>\nTG4 is proud to announce that it will broadcast every stage of the 2025<span>\u00a0<\/span><i>Tour de France Femmes avec Zwift<\/i>\u00a0live, bringing viewers nine consecutive days of elite women\u2019s cycling from across France. Coverage begins on<span>\u00a0<\/span><b>Saturday, July 26th<\/b>, with a 78km opening stage from<span>\u00a0<\/span><b>Vannes to Plumelec in Brittany<\/b>, and continues through to the dramatic mountain finale in<span>\u00a0<\/span><b>Ch\u00e2tel Les Portes du Soleil<\/b>\u00a0on<span>\u00a0<\/span><b>Sunday, August 3rd<\/b>.<br \/>\n&nbsp;<br \/>\nNow in its fourth year, this modern iteration of the<span>\u00a0<\/span><i>Tour de France Femmes<\/i>\u00a0was established in 2022 and has become one of the most prestigious events in the women\u2019s cycling calendar. The 2025 route features<span>\u00a0<\/span><b>three flat stages<\/b>,<span>\u00a0<\/span><b>two hilly stages<\/b>, and<span>\u00a0<\/span><b>four gruelling mountain stages<\/b>, including a punishing climb of the<span>\u00a0<\/span><b>Col de la Madeleine<\/b>, a 2,000m ascent set to challenge the peloton on the penultimate day.<br \/>\n&nbsp;<br \/>\nLive commentary on TG4 will once again be provided by the popular duo<span>\u00a0<\/span><b>P\u00e1id\u00ed \u00d3 Lion\u00e1ird<\/b>\u00a0and<span>\u00a0<\/span><b>P\u00e1draic \u00d3 Cuinn<\/b>, bringing passion, insight, and the Irish language to the action.<br \/>\n&nbsp;<br \/>\nFrom an Irish perspective, there is plenty to look forward to. As of Monday, July 21st,<span>\u00a0<\/span><b>Mia Griffin<\/b>, the reigning Irish national champion from<span>\u00a0<\/span><b>Kilkenny<\/b>, has been confirmed to make her<span>\u00a0<\/span><i>Tour de France Femmes<\/i>\u00a0debut. The 26-year-old will line out for Swiss team Roland Le D\u00e9voluy. Griffin is the first Irish rider officially announced, but up to<span>\u00a0<\/span><b>three Irish cyclists<\/b>\u00a0are expected to feature when the race begins this Saturday.<br \/>\n&nbsp;<br \/>\nHighlights from each stage will also be shown each night on TG4.<br \/>\n&nbsp;<br \/>\nTG4 continues its commitment to showcasing elite women\u2019s sport, and the Tour de France Femmes promises high drama, endurance, and world-class competition.<br \/>\n&nbsp;<br \/>\nFor full route details and race information, visit the official event website:<br \/>\n<a href=\"https:\/\/www.letourfemmes.fr\/en\/overall-route\" rel=\"noopener\" target=\"_blank\">https:\/\/www.letourfemmes.fr\/en\/overall-route<\/a><br \/>\n&nbsp;<br \/>\n<b>\u00a0<\/b><\/p>\n<p><b>Tour de France na mBan Beo on TG4<\/b><\/p>\n<table cellpadding=\"0\">\n<tbody>\n<tr>\n<td><b>Day &amp; Date<\/b><\/td>\n<td><b>Stage \u00a0<\/b><\/td>\n<td><b>Route<\/b><\/td>\n<td><b>Start Time \u00a0<\/b><\/td>\n<td><b>Finish Time \u00a0<\/b><\/td>\n<td><b>Platform<\/b><\/td>\n<\/tr>\n<tr>\n<td><b>Saturday 26\/07<\/b><\/td>\n<td>1<\/td>\n<td>Vannes &gt; Plumelec<\/td>\n<td>16:15<\/td>\n<td>18:45<\/td>\n<td>TG4 Live<\/td>\n<\/tr>\n<tr>\n<td><b>Sunday 27\/07<\/b><\/td>\n<td>2<\/td>\n<td>Brest &gt; Quimper<\/td>\n<td>12:00<\/td>\n<td>14:30<\/td>\n<td>TG4 Live<\/td>\n<\/tr>\n<tr>\n<td><b>Monday 28\/07<\/b><\/td>\n<td>3<\/td>\n<td>La Gacilly &gt; Angers<\/td>\n<td>14:35<\/td>\n<td>17:05<\/td>\n<td>TG4 Live<\/td>\n<\/tr>\n<tr>\n<td><b>Tuesday 29\/07<\/b><\/td>\n<td>4<\/td>\n<td>Saumur &gt; Poitiers<\/td>\n<td>14:35<\/td>\n<td>17:05<\/td>\n<td>TG4 Live<\/td>\n<\/tr>\n<tr>\n<td><b>Wednesday 30\/07 \u00a0<\/b><\/td>\n<td>5<\/td>\n<td>Jaunay-Marigny Futuroscope &gt; Gueret<\/td>\n<td>14:35<\/td>\n<td>17:05<\/td>\n<td>TG4 Live<\/td>\n<\/tr>\n<tr>\n<td><b>Thursday 01\/08<\/b><\/td>\n<td>6<\/td>\n<td>Clermont-Ferrand &gt; Ambert<\/td>\n<td>14:35<\/td>\n<td>17:05<\/td>\n<td>TG4 Live<\/td>\n<\/tr>\n<tr>\n<td><b>Friday 01\/08<\/b><\/td>\n<td>7<\/td>\n<td>Bourg En Bresse &gt; Chambery<\/td>\n<td>14:35<\/td>\n<td>16:37<\/td>\n<td>TG4 Live<\/td>\n<\/tr>\n<tr>\n<td><b>Saturday 02\/08<\/b><\/td>\n<td>8<\/td>\n<td>Chamb\u00e9ry &gt; Saint Fran\u00e7ois Longchamp &#8211; Col de la Madeleine<\/td>\n<td>12:40<\/td>\n<td>16:50<\/td>\n<td>TG4 App and Player Live<\/td>\n<\/tr>\n<tr>\n<td><b>Sunday 03\/08<\/b><\/td>\n<td>9<\/td>\n<td>Praz-sur-Arly &gt; Ch\u00e2tel<\/td>\n<td>14:15<\/td>\n<td>18:20<\/td>\n<td>TG4 App and Player Live<\/td>\n<\/tr>\n<\/tbody>\n<\/table>\n<p>&nbsp;<\/p>\n","protected":false},"excerpt":{"rendered":"<p>&nbsp; TG4 is proud to announce that it will broadcast every stage of the 2025\u00a0Tour de France Femmes avec Zwift\u00a0live, bringing viewers nine consecutive days of elite women\u2019s cycling from across France. Coverage begins on\u00a0Saturday, July 26th, with a 78km opening stage from\u00a0Vannes to Plumelec in Brittany, and continues through to the dramatic mountain finale [&hellip;]<\/p>\n","protected":false},"author":876,"featured_media":0,"parent":236809,"menu_order":34,"comment_status":"closed","ping_status":"closed","template":"page-templates\/template-pr.php","meta":{"_acf_changed":false,"footnotes":""},"acf":[],"yoast_head":"<!-- This site is optimized with the Yoast SEO plugin v22.6 - https:\/\/yoast.com\/wordpress\/plugins\/seo\/ -->\n<title>TG4 to Broadcast Every Stage of the 2025 Tour de France Femmes Live | Press Release | TG4<\/title>\n<meta name=\"description\" content=\"TG4 is proud to announce that it will broadcast every stage of the 2025 Tour de France Femmes avec Zwift live, bringing viewers nine consecutive days of elite women\u2019s cycling from across France.\" \/>\n<meta name=\"robots\" content=\"index, follow, max-snippet:-1, max-image-preview:large, max-video-preview:-1\" \/>\n<meta property=\"og:locale\" content=\"en_US\" \/>\n<meta property=\"og:type\" content=\"article\" \/>\n<meta property=\"og:title\" content=\"TG4 to Broadcast Every Stage of the 2025 Tour de France Femmes Live | Press Release | TG4\" \/>\n<meta property=\"og:description\" content=\"TG4 is proud to announce that it will broadcast every stage of the 2025 Tour de France Femmes avec Zwift live, bringing viewers nine consecutive days of elite women\u2019s cycling from across France.\" \/>\n<meta property=\"og:url\" content=\"https:\/\/dev.tg4.ie\/en\/information\/press\/press-releases\/2025-2\/tg4-to-broadcast-every-stage-of-the-2025-tour-de-france-femmes-live\/\" \/>\n<meta property=\"og:site_name\" content=\"TG4\" \/>\n<meta property=\"article:publisher\" content=\"https:\/\/www.facebook.com\/TG4TV\" \/>\n<meta property=\"article:modified_time\" content=\"2025-07-28T11:47:41+00:00\" \/>\n<meta property=\"og:image\" content=\"https:\/\/dev.tg4.ie\/wp-content\/uploads\/2025\/07\/Tour_de_France_Femmes_2025_1-1920x1080-1.jpg\" \/>\n<meta name=\"twitter:card\" content=\"summary_large_image\" \/>\n<meta name=\"twitter:site\" content=\"@TG4TV\" \/>\n<meta name=\"twitter:label1\" content=\"Est. reading time\" \/>\n\t<meta name=\"twitter:data1\" content=\"2 minutes\" \/>\n<script type=\"application\/ld+json\" class=\"yoast-schema-graph\">{\"@context\":\"https:\/\/schema.org\",\"@graph\":[{\"@type\":\"WebPage\",\"@id\":\"https:\/\/dev.tg4.ie\/en\/information\/press\/press-releases\/2025-2\/tg4-to-broadcast-every-stage-of-the-2025-tour-de-france-femmes-live\/\",\"url\":\"https:\/\/dev.tg4.ie\/en\/information\/press\/press-releases\/2025-2\/tg4-to-broadcast-every-stage-of-the-2025-tour-de-france-femmes-live\/\",\"name\":\"TG4 to Broadcast Every Stage of the 2025 Tour de France Femmes Live | Press Release | TG4\",\"isPartOf\":{\"@id\":\"https:\/\/dev.tg4.ie\/en\/#website\"},\"primaryImageOfPage\":{\"@id\":\"https:\/\/dev.tg4.ie\/en\/information\/press\/press-releases\/2025-2\/tg4-to-broadcast-every-stage-of-the-2025-tour-de-france-femmes-live\/#primaryimage\"},\"image\":{\"@id\":\"https:\/\/dev.tg4.ie\/en\/information\/press\/press-releases\/2025-2\/tg4-to-broadcast-every-stage-of-the-2025-tour-de-france-femmes-live\/#primaryimage\"},\"thumbnailUrl\":\"https:\/\/dev.tg4.ie\/wp-content\/uploads\/2025\/07\/Tour_de_France_Femmes_2025_1-1920x1080-1.jpg\",\"datePublished\":\"2025-07-24T08:49:24+00:00\",\"dateModified\":\"2025-07-28T11:47:41+00:00\",\"description\":\"TG4 is proud to announce that it will broadcast every stage of the 2025 Tour de France Femmes avec Zwift live, bringing viewers nine consecutive days of elite women\u2019s cycling from across France.\",\"breadcrumb\":{\"@id\":\"https:\/\/dev.tg4.ie\/en\/information\/press\/press-releases\/2025-2\/tg4-to-broadcast-every-stage-of-the-2025-tour-de-france-femmes-live\/#breadcrumb\"},\"inLanguage\":\"en-ie\",\"potentialAction\":[{\"@type\":\"ReadAction\",\"target\":[\"https:\/\/dev.tg4.ie\/en\/information\/press\/press-releases\/2025-2\/tg4-to-broadcast-every-stage-of-the-2025-tour-de-france-femmes-live\/\"]}]},{\"@type\":\"ImageObject\",\"inLanguage\":\"en-ie\",\"@id\":\"https:\/\/dev.tg4.ie\/en\/information\/press\/press-releases\/2025-2\/tg4-to-broadcast-every-stage-of-the-2025-tour-de-france-femmes-live\/#primaryimage\",\"url\":\"https:\/\/dev.tg4.ie\/wp-content\/uploads\/2025\/07\/Tour_de_France_Femmes_2025_1-1920x1080-1.jpg\",\"contentUrl\":\"https:\/\/dev.tg4.ie\/wp-content\/uploads\/2025\/07\/Tour_de_France_Femmes_2025_1-1920x1080-1.jpg\"},{\"@type\":\"BreadcrumbList\",\"@id\":\"https:\/\/dev.tg4.ie\/en\/information\/press\/press-releases\/2025-2\/tg4-to-broadcast-every-stage-of-the-2025-tour-de-france-femmes-live\/#breadcrumb\",\"itemListElement\":[{\"@type\":\"ListItem\",\"position\":1,\"name\":\"Home\",\"item\":\"https:\/\/dev.tg4.ie\/en\/\"},{\"@type\":\"ListItem\",\"position\":2,\"name\":\"Information\",\"item\":\"https:\/\/dev.tg4.ie\/en\/information\/\"},{\"@type\":\"ListItem\",\"position\":3,\"name\":\"Press\",\"item\":\"https:\/\/dev.tg4.ie\/en\/information\/press\/\"},{\"@type\":\"ListItem\",\"position\":4,\"name\":\"Press Releases\",\"item\":\"https:\/\/dev.tg4.ie\/en\/information\/press\/press-releases\/\"},{\"@type\":\"ListItem\",\"position\":5,\"name\":\"2025\",\"item\":\"https:\/\/dev.tg4.ie\/en\/information\/press\/press-releases\/2025-2\/\"},{\"@type\":\"ListItem\",\"position\":6,\"name\":\"TG4 to Broadcast Every Stage of the 2025 Tour de France Femmes Live\"}]},{\"@type\":\"WebSite\",\"@id\":\"https:\/\/dev.tg4.ie\/en\/#website\",\"url\":\"https:\/\/dev.tg4.ie\/en\/\",\"name\":\"TG4\",\"description\":\"S\u00fail Eile\",\"potentialAction\":[{\"@type\":\"SearchAction\",\"target\":{\"@type\":\"EntryPoint\",\"urlTemplate\":\"https:\/\/dev.tg4.ie\/en\/?s={search_term_string}\"},\"query-input\":\"required name=search_term_string\"}],\"inLanguage\":\"en-ie\"}]}<\/script>\n<!-- \/ Yoast SEO plugin. -->","yoast_head_json":{"title":"TG4 to Broadcast Every Stage of the 2025 Tour de France Femmes Live | Press Release | TG4","description":"TG4 is proud to announce that it will broadcast every stage of the 2025 Tour de France Femmes avec Zwift live, bringing viewers nine consecutive days of elite women\u2019s cycling from across France.","robots":{"index":"index","follow":"follow","max-snippet":"max-snippet:-1","max-image-preview":"max-image-preview:large","max-video-preview":"max-video-preview:-1"},"og_locale":"en_US","og_type":"article","og_title":"TG4 to Broadcast Every Stage of the 2025 Tour de France Femmes Live | Press Release | TG4","og_description":"TG4 is proud to announce that it will broadcast every stage of the 2025 Tour de France Femmes avec Zwift live, bringing viewers nine consecutive days of elite women\u2019s cycling from across France.","og_url":"https:\/\/dev.tg4.ie\/en\/information\/press\/press-releases\/2025-2\/tg4-to-broadcast-every-stage-of-the-2025-tour-de-france-femmes-live\/","og_site_name":"TG4","article_publisher":"https:\/\/www.facebook.com\/TG4TV","article_modified_time":"2025-07-28T11:47:41+00:00","og_image":[{"url":"https:\/\/dev.tg4.ie\/wp-content\/uploads\/2025\/07\/Tour_de_France_Femmes_2025_1-1920x1080-1.jpg"}],"twitter_card":"summary_large_image","twitter_site":"@TG4TV","twitter_misc":{"Est. reading time":"2 minutes"},"schema":{"@context":"https:\/\/schema.org","@graph":[{"@type":"WebPage","@id":"https:\/\/dev.tg4.ie\/en\/information\/press\/press-releases\/2025-2\/tg4-to-broadcast-every-stage-of-the-2025-tour-de-france-femmes-live\/","url":"https:\/\/dev.tg4.ie\/en\/information\/press\/press-releases\/2025-2\/tg4-to-broadcast-every-stage-of-the-2025-tour-de-france-femmes-live\/","name":"TG4 to Broadcast Every Stage of the 2025 Tour de France Femmes Live | Press Release | TG4","isPartOf":{"@id":"https:\/\/dev.tg4.ie\/en\/#website"},"primaryImageOfPage":{"@id":"https:\/\/dev.tg4.ie\/en\/information\/press\/press-releases\/2025-2\/tg4-to-broadcast-every-stage-of-the-2025-tour-de-france-femmes-live\/#primaryimage"},"image":{"@id":"https:\/\/dev.tg4.ie\/en\/information\/press\/press-releases\/2025-2\/tg4-to-broadcast-every-stage-of-the-2025-tour-de-france-femmes-live\/#primaryimage"},"thumbnailUrl":"https:\/\/dev.tg4.ie\/wp-content\/uploads\/2025\/07\/Tour_de_France_Femmes_2025_1-1920x1080-1.jpg","datePublished":"2025-07-24T08:49:24+00:00","dateModified":"2025-07-28T11:47:41+00:00","description":"TG4 is proud to announce that it will broadcast every stage of the 2025 Tour de France Femmes avec Zwift live, bringing viewers nine consecutive days of elite women\u2019s cycling from across France.","breadcrumb":{"@id":"https:\/\/dev.tg4.ie\/en\/information\/press\/press-releases\/2025-2\/tg4-to-broadcast-every-stage-of-the-2025-tour-de-france-femmes-live\/#breadcrumb"},"inLanguage":"en-ie","potentialAction":[{"@type":"ReadAction","target":["https:\/\/dev.tg4.ie\/en\/information\/press\/press-releases\/2025-2\/tg4-to-broadcast-every-stage-of-the-2025-tour-de-france-femmes-live\/"]}]},{"@type":"ImageObject","inLanguage":"en-ie","@id":"https:\/\/dev.tg4.ie\/en\/information\/press\/press-releases\/2025-2\/tg4-to-broadcast-every-stage-of-the-2025-tour-de-france-femmes-live\/#primaryimage","url":"https:\/\/dev.tg4.ie\/wp-content\/uploads\/2025\/07\/Tour_de_France_Femmes_2025_1-1920x1080-1.jpg","contentUrl":"https:\/\/dev.tg4.ie\/wp-content\/uploads\/2025\/07\/Tour_de_France_Femmes_2025_1-1920x1080-1.jpg"},{"@type":"BreadcrumbList","@id":"https:\/\/dev.tg4.ie\/en\/information\/press\/press-releases\/2025-2\/tg4-to-broadcast-every-stage-of-the-2025-tour-de-france-femmes-live\/#breadcrumb","itemListElement":[{"@type":"ListItem","position":1,"name":"Home","item":"https:\/\/dev.tg4.ie\/en\/"},{"@type":"ListItem","position":2,"name":"Information","item":"https:\/\/dev.tg4.ie\/en\/information\/"},{"@type":"ListItem","position":3,"name":"Press","item":"https:\/\/dev.tg4.ie\/en\/information\/press\/"},{"@type":"ListItem","position":4,"name":"Press Releases","item":"https:\/\/dev.tg4.ie\/en\/information\/press\/press-releases\/"},{"@type":"ListItem","position":5,"name":"2025","item":"https:\/\/dev.tg4.ie\/en\/information\/press\/press-releases\/2025-2\/"},{"@type":"ListItem","position":6,"name":"TG4 to Broadcast Every Stage of the 2025 Tour de France Femmes Live"}]},{"@type":"WebSite","@id":"https:\/\/dev.tg4.ie\/en\/#website","url":"https:\/\/dev.tg4.ie\/en\/","name":"TG4","description":"S\u00fail Eile","potentialAction":[{"@type":"SearchAction","target":{"@type":"EntryPoint","urlTemplate":"https:\/\/dev.tg4.ie\/en\/?s={search_term_string}"},"query-input":"required name=search_term_string"}],"inLanguage":"en-ie"}]}},"_links":{"self":[{"href":"https:\/\/dev.tg4.ie\/en\/wp-json\/wp\/v2\/pages\/246850"}],"collection":[{"href":"https:\/\/dev.tg4.ie\/en\/wp-json\/wp\/v2\/pages"}],"about":[{"href":"https:\/\/dev.tg4.ie\/en\/wp-json\/wp\/v2\/types\/page"}],"author":[{"embeddable":true,"href":"https:\/\/dev.tg4.ie\/en\/wp-json\/wp\/v2\/users\/876"}],"replies":[{"embeddable":true,"href":"https:\/\/dev.tg4.ie\/en\/wp-json\/wp\/v2\/comments?post=246850"}],"version-history":[{"count":0,"href":"https:\/\/dev.tg4.ie\/en\/wp-json\/wp\/v2\/pages\/246850\/revisions"}],"up":[{"embeddable":true,"href":"https:\/\/dev.tg4.ie\/en\/wp-json\/wp\/v2\/pages\/236809"}],"wp:attachment":[{"href":"https:\/\/dev.tg4.ie\/en\/wp-json\/wp\/v2\/media?parent=246850"}],"curies":[{"name":"wp","href":"https:\/\/api.w.org\/{rel}","templated":true}]}}