{"id":246902,"date":"2025-07-29T11:33:57","date_gmt":"2025-07-29T10:33:57","guid":{"rendered":"https:\/\/dev.tg4.ie\/information\/press\/press-releases\/2025-2\/tg4-brings-fleadh25-to-the-world-live-from-wexford-four-unmissable-days-nights-of-music-song-dance\/"},"modified":"2025-08-01T17:17:41","modified_gmt":"2025-08-01T16:17:41","slug":"tg4-brings-fleadh25-to-the-world-live-from-wexford-four-unmissable-days-nights-of-music-song-dance","status":"publish","type":"page","link":"https:\/\/dev.tg4.ie\/en\/information\/press\/press-releases\/2025-2\/tg4-brings-fleadh25-to-the-world-live-from-wexford-four-unmissable-days-nights-of-music-song-dance\/","title":{"rendered":"TG4 brings \u2018Fleadh25\u2019 to the World, Live from Wexford &#8211; Four unmissable days &#038; nights of music, song &#038; dance"},"content":{"rendered":"<p><img loading=\"lazy\" decoding=\"async\" width=\"1920\" height=\"1080\" class=\"aligncenter size-full wp-image-246895\" src=\"https:\/\/tg4-docs.s3.amazonaws.com\/wp-content\/uploads\/2025\/07\/29112448\/Fleadh25_2_1920x1080.jpg\" alt=\"\" srcset=\"https:\/\/tg4-docs.s3.amazonaws.com\/wp-content\/uploads\/2025\/07\/29112448\/Fleadh25_2_1920x1080.jpg 1920w, https:\/\/tg4-docs.s3.amazonaws.com\/wp-content\/uploads\/2025\/07\/29112448\/Fleadh25_2_1920x1080-250x141.jpg 250w, https:\/\/tg4-docs.s3.amazonaws.com\/wp-content\/uploads\/2025\/07\/29112448\/Fleadh25_2_1920x1080-700x394.jpg 700w, https:\/\/tg4-docs.s3.amazonaws.com\/wp-content\/uploads\/2025\/07\/29112448\/Fleadh25_2_1920x1080-252x141.jpg 252w, https:\/\/tg4-docs.s3.amazonaws.com\/wp-content\/uploads\/2025\/07\/29112448\/Fleadh25_2_1920x1080-1536x864.jpg 1536w, https:\/\/tg4-docs.s3.amazonaws.com\/wp-content\/uploads\/2025\/07\/29112448\/Fleadh25_2_1920x1080-120x68.jpg 120w\" sizes=\"(max-width: 1920px) 100vw, 1920px\" \/><br \/>\n<sup>Peadar \u00d3 Goill, Doireann N\u00ed Ghlac\u00e1in &#038; Aoife N\u00ed Thuairisg &#8211; Fleadh25 presenters. Credit &#8211; Melissa Mannion<\/sup><br \/>\n&nbsp;<br \/>\n<center><\/p>\n<h3>Fleadh25<\/h3>\n<p>TG4 (Ireland)<br \/>\nTG4.ie (Worldwide)<br \/>\nLIVE from Thursday 7 \u2013 Sunday 10 August  9.30pm \u2013 11.30pm  <\/p>\n<p>Also a selection  of Fleadh Competitions on <a href=\"https:\/\/dev.tg4.ie\" rel=\"noopener\" target=\"_blank\">TG4.ie<\/a> <\/p>\n<p>#Fleadh25 | @TG4TV | @TradTG4<\/center><br \/>\n&nbsp;<br \/>\n<iframe loading=\"lazy\" width=\"560\" height=\"315\" src=\"https:\/\/www.youtube.com\/embed\/masZDTIOEqM?si=u4yWzRQ6i_TcopUS\" title=\"YouTube video player\" frameborder=\"0\" allow=\"accelerometer; autoplay; clipboard-write; encrypted-media; gyroscope; picture-in-picture; web-share\" referrerpolicy=\"strict-origin-when-cross-origin\" allowfullscreen><\/iframe><br \/>\n&nbsp;<br \/>\nAfter a record breaking year in 2024, <strong>TG4<\/strong> proudly returns as the official media partner of Fleadh Cheoil na h\u00c9ireann 2025, bringing audiences four unforgettable nights of live music from Thursday, 7th to Sunday, 10th August. This year\u2019s <strong>Fleadh25<\/strong> coverage will be presented by Peadar \u00d3 Goill, Doireann N\u00ed Ghlac\u00e1in, and Aoife N\u00ed Thuairisg. The TV broadcast will feature 92 performers across four stages, showcasing exceptional talent from Ireland and around the world including the USA, Australia, Canada, Dubai, Italy, Scotland, Ukraine, and beyond. Each night at 9:30pm, <strong>TG4<\/strong>\u2019s Fleadh TV Village in Wexford will come alive with electrifying performances from top traditional artists, rising stars, international guests, and freshly crowned competition winners, all broadcast live to audiences at home and abroad.<\/p>\n<p> A selection of competitions will also be streamed on <strong>TG4.ie<\/strong> from Friday 8th to Sunday 10th. The crowd favourite &#8216;Senior C\u00e9il\u00ed Band competition&#8217; takes place on Sunday.  From live competitions and vibrant stage shows to family friendly C\u00fala4 content, the Fleadh experience will come to life across <strong>TG4<\/strong>, <strong>TG4.ie<\/strong> (player) and social platforms <strong>@TG4TV<\/strong> and <strong>@TradTG4<\/strong>.  <\/p>\n<p>&nbsp;<\/p>\n<p><center><strong>&#8220;Four Nights, One Festival, Endless Live Talent at Fleadh25&#8221;<\/strong><\/center> <\/p>\n<p><strong>Thursday 7 August Highlights<\/strong> <\/p>\n<p>Se\u00e1n Keane &#8211; K\u00edla le Pr\u00e1s &#8211; Paddy Keenan &#8211; Dermot Byrne &#8211; S\u00e9amus &#038; Caoimhe \u2013 Tim Edey &#8211; L\u00e9da &#8211; Matt Cunningham Band &#8211; The Byrne Brothers &#8230; and many more. <\/p>\n<p><strong>Friday 8 August Highlights<\/strong> <\/p>\n<p>Iarla \u00d3 Lion\u00e1ird \u2013 The Rising &#8211; The Kabin Crew &#8211; Beartla \u00d3 Flatharta C\u00e9il\u00ed Band &#8211; Megan Nic Fhionnghaile &#038; Marty Barry &#8211; Cry Before Dawn \u2013 The Pride C\u00e9il\u00ed Band &#8230; and many more. <\/p>\n<p><strong>Saturday 9 August Highlights<\/strong> <\/p>\n<p>Maighread &#038; Tr\u00edona N\u00ed Dhomhnaill &#8211; JigJam &#8211; Rum Ragged &#8211; Alannah Thornburgh &#8211; Gear\u00f3id McCarthy &#8211; Damien Mullane &#038; the Laads &#8211; Yershovy Sisters \u2013 Sult &#8230; and many more. <\/p>\n<p><strong>Sunday 10 August \u2013 Grand Finale<\/strong><\/p>\n<p>Altan &#8211; M\u00e1irt\u00edn O&#8217;Connor Band &#8211; Caoimh\u00edn \u00d3 Raghallaigh &#038; Mick O\u2019Brien &#8211; The Rowsome Quartet \u2013 Cail\u00edn\u00ed Lua &#8211; Mike Hanrahan &#8230; and many more.<br \/>\n&nbsp;<\/p>\n<p>Tickets for live concerts available on the following Eventbrite links:  <\/p>\n<p>Thursday 7th Aug &#8211; <a href=\"https:\/\/www.eventbrite.ie\/e\/1527231593809?aff=oddtdtcreator\" rel=\"noopener\" target=\"_blank\">https:\/\/www.eventbrite.ie\/e\/1527231593809<\/a> <\/p>\n<p>Friday 8th Aug &#8211; <a href=\"https:\/\/www.eventbrite.ie\/e\/1530327212889?aff=oddtdtcreator\" rel=\"noopener\" target=\"_blank\">https:\/\/www.eventbrite.ie\/e\/1530327212889<\/a>  <\/p>\n<p>Saturday 9th Aug &#8211; <a href=\"https:\/\/www.eventbrite.ie\/e\/1530341535729?aff=oddtdtcreator\" rel=\"noopener\" target=\"_blank\">https:\/\/www.eventbrite.ie\/e\/1530341535729<\/a> <\/p>\n<p>Sunday 10th Aug &#8211; <a href=\"https:\/\/www.eventbrite.ie\/e\/1530343882749?aff=oddtdtcreator\" rel=\"noopener\" target=\"_blank\">https:\/\/www.eventbrite.ie\/e\/1530343882749<\/a><br \/>\n&nbsp; <\/p>\n<p><em>\u201cTG4&#8217;s coverage from Fleadh Cheoil na h\u00c9ireann 2025 across all TG4 and Fleadh Cheoil platforms makes it easier than ever for audiences to plot their way through four days and nights of all that will happen live at Fleadh Cheoil na h\u00c9ireann.  Four stages on TG4 nightly at 9:30pm, live streaming of competitions, musical highlights throughout the day on social channels and our C\u00fala4 team on the streets to capture the fun and performances of under 12 audiences will bring the Fleadh to audiences here and now and as invaluable for generations to come.  TG4 and Comhaltas Ceolt\u00f3ir\u00ed \u00c9ireann are immensely proud of the collaboration we have built to ensure that everyone, everywhere gets a taste of Ireland&#8217;s premiere cultural festival&#8221;<\/em> : <strong>Proinsias N\u00ed Ghr\u00e1inne, Commissioning Editor, TG4<\/strong>.<br \/>\n&nbsp;<br \/>\n<em>&#8220;As we look ahead to Fleadh 2025 in Wexford, our partnership with TG4 remains crucial in showcasing Ireland\u2019s rich cultural traditions. Through the dynamic and engaging programming, our partnership is not only making our cultural traditions accessible to all but ensuring they remain a vibrant and visible part of our society. The widespread audience drawn to the Fleadh TV broadcasts reflects both the quality of the productions and the enduring appeal of Irish culture across the globe.&#8221;<\/em> : <strong>Ardsti\u00farth\u00f3ir of Comhaltas Ceolt\u00f3ir\u00ed \u00c9ireann, Labhr\u00e1s \u00d3 Murch\u00fa<\/strong>.<br \/>\n&nbsp;<br \/>\n&nbsp;<br \/>\n<center><strong>\u2018Fleadh25: Na Com\u00f3rtais\u2019<\/strong> <\/p>\n<p>Competitions Live Online &#8211; <a href=\"https:\/\/dev.tg4.ie\" rel=\"noopener\" target=\"_blank\">TG4.ie<\/a><\/center><\/p>\n<p>Fans of the competitors who can\u2019t make it to Wexford can still enjoy a wide range of competitions streamed live on the TG4 Player at TG4.ie, with coverage presented by Freda Nic Giolla Chath\u00e1in. <\/p>\n<p><strong>Friday 8 August<\/strong> <\/p>\n<p>2pm \u2013 Consairt\u00edn (Concertina) [12\u201315 years] <\/p>\n<p>5pm \u2013 Ceol Tr\u00edr (Trios) [Over 18s] <\/p>\n<p><strong>Saturday 9 August<\/strong> <\/p>\n<p>11am \u2013 Tionlacan (Accompaniment) [15\u201318 years] <\/p>\n<p>3pm \u2013 Fidil (Fiddle) [15\u201318 years] <\/p>\n<p><strong>Sunday 10 August <\/strong><\/p>\n<p>6pm \u2013 Senior C\u00e9il\u00ed Band Final \u2013 LIVE <\/p>\n<p>&nbsp;<br \/>\n&nbsp;<\/p>\n<p><center><strong>C\u00fala4 in Wexford<\/strong><\/center> <\/p>\n<p>C\u00fala4, <a href=\"https:\/\/cula4.com\/\" rel=\"noopener\" target=\"_blank\">cula4.com<\/a> the dedicated Irish-language children\u2019s channel and presenter Niamh N\u00ed Chr\u00f3in\u00edn are hitting the streets of Wexford on Friday and Saturday (8th &#038; 9th August) with a mobile stage, bringing the fun and creativity of the Fleadh to life! <\/p>\n<p>Young fleadh goers will be invited to showcase their talents from tunes and songs to sean-n\u00f3s dancing right there on the spot on the mobile stage. <\/p>\n<p>Catch the best moments on C\u00fala4\u2019s social channels: Instagram &#038; Facebook @Cula4_tg4 &#038; @C\u00fala4 <\/p>\n<p>&nbsp;<br \/>\n&nbsp;<\/p>\n<p><center><strong>TG4 builds on the huge success of last year\u2019s coverage<\/strong><\/center><\/p>\n<p>In 2024, TG4\u2019s Fleadh coverage reached over 500,000 TV viewers, with Thursday night marking the most-watched Fleadh broadcast in TG4 history. Online, TG4\u2019s Fleadh coverage  achieved 6.5 million video views, 28.5 million #Fleadh24 impressions, and a viral 2.6 million views on TikTok for a lilting clip by Eoin Creevy. <\/p>\n<p>Eoin Creevy on TG4&#8217;s TikTok: <a href=\"https:\/\/bit.ly\/3INvubM\" rel=\"noopener\" target=\"_blank\">https:\/\/bit.ly\/3INvubM<\/a><br \/>\n&nbsp;<br \/>\nTG4\u2019s ambition to continue to seek out and show case new talent introduced Leo Earley to audiences on TV and on social channels. Leo is now cast in HBO\u2019s upcoming Harry Potter series, our TV producers and social media teams on the ground will continue to keep a sharp eye out for the next magical discovery.<\/p>\n<p>Leo Earley on TG4&#8217;s socials: <\/p>\n<p>Instagram: <a href=\"https:\/\/bit.ly\/3IQo2wq\" rel=\"noopener\" target=\"_blank\">https:\/\/bit.ly\/3IQo2wq<\/a><\/p>\n<p>Facebook: <a href=\"https:\/\/bit.ly\/46rDr09\" rel=\"noopener\" target=\"_blank\">https:\/\/bit.ly\/46rDr09<\/a><\/p>\n<p>Throwback to Fleadh24 : <a href=\"https:\/\/nasc.tg4.tv\/Fleadh-24\" rel=\"noopener\" target=\"_blank\">https:\/\/nasc.tg4.tv\/Fleadh-24<\/a><br \/>\n&nbsp;<br \/>\n&nbsp;<\/p>\n<p><center><strong>The Teams Bringing the Fleadh to you<\/strong><\/center><\/p>\n<p>Fleadh25, produced by Power Pictures, is more than just a broadcast,  it\u2019s a vibrant, live celebration of our rich musical heritage, made possible through creative and collaborative partnerships. <\/p>\n<p>TG4 is delighted to collaborate with digital media content creators Lorg Media, who will be on the ground in Wexford capturing unforgettable moments for our social channels, and with the Emmy award-winning Telegael from An Spid\u00e9al, who will provide live streaming coverage of the competitions including the prestigious Senior C\u00e9il\u00ed Band competition.<\/p>\n<p>As proud official media partners of Fleadh Cheoil na h\u00c9ireann, TG4 and RT\u00c9, in collaboration with Comhaltas, are delighted to bring the unique spirit, energy, and sound of the Fleadh to audiences at home and around the globe. <\/p>\n<p>TG4 extends its warmest wishes to the outstanding team behind Fleadh Cheoil na h\u00c9ireann 2025 in Loch Garman.  <\/p>\n<p>&nbsp;<br \/>\n&nbsp;<\/p>\n","protected":false},"excerpt":{"rendered":"<p>Peadar \u00d3 Goill, Doireann N\u00ed Ghlac\u00e1in &#038; Aoife N\u00ed Thuairisg &#8211; Fleadh25 presenters. Credit &#8211; Melissa Mannion &nbsp; Fleadh25 TG4 (Ireland) TG4.ie (Worldwide) LIVE from Thursday 7 \u2013 Sunday 10 August 9.30pm \u2013 11.30pm Also a selection of Fleadh Competitions on TG4.ie #Fleadh25 | @TG4TV | @TradTG4 &nbsp; &nbsp; After a record breaking year in [&hellip;]<\/p>\n","protected":false},"author":876,"featured_media":0,"parent":236809,"menu_order":36,"comment_status":"closed","ping_status":"closed","template":"page-templates\/template-pr.php","meta":{"_acf_changed":false,"footnotes":""},"acf":[],"yoast_head":"<!-- This site is optimized with the Yoast SEO plugin v22.6 - https:\/\/yoast.com\/wordpress\/plugins\/seo\/ -->\n<title>TG4 brings \u2018Fleadh25\u2019 to the World, Live from Wexford - Four unmissable days &amp; nights of music, song &amp; dance | Press Release | TG4<\/title>\n<meta name=\"description\" content=\"After a record breaking year in 2024, TG4 proudly returns as the official media partner of Fleadh Cheoil na h\u00c9ireann 2025, bringing audiences four unforgettable nights of live music from Thursday, 7th to Sunday, 10th August.\" \/>\n<meta name=\"robots\" content=\"index, follow, max-snippet:-1, max-image-preview:large, max-video-preview:-1\" \/>\n<meta property=\"og:locale\" content=\"en_US\" \/>\n<meta property=\"og:type\" content=\"article\" \/>\n<meta property=\"og:title\" content=\"TG4 brings \u2018Fleadh25\u2019 to the World, Live from Wexford - Four unmissable days &amp; nights of music, song &amp; dance | Press Release | TG4\" \/>\n<meta property=\"og:description\" content=\"After a record breaking year in 2024, TG4 proudly returns as the official media partner of Fleadh Cheoil na h\u00c9ireann 2025, bringing audiences four unforgettable nights of live music from Thursday, 7th to Sunday, 10th August.\" \/>\n<meta property=\"og:url\" content=\"https:\/\/dev.tg4.ie\/en\/information\/press\/press-releases\/2025-2\/tg4-brings-fleadh25-to-the-world-live-from-wexford-four-unmissable-days-nights-of-music-song-dance\/\" \/>\n<meta property=\"og:site_name\" content=\"TG4\" \/>\n<meta property=\"article:publisher\" content=\"https:\/\/www.facebook.com\/TG4TV\" \/>\n<meta property=\"article:modified_time\" content=\"2025-08-01T16:17:41+00:00\" \/>\n<meta property=\"og:image\" content=\"https:\/\/dev.tg4.ie\/wp-content\/uploads\/2025\/07\/Fleadh25_2_1920x1080.jpg\" \/>\n<meta name=\"twitter:card\" content=\"summary_large_image\" \/>\n<meta name=\"twitter:site\" content=\"@TG4TV\" \/>\n<meta name=\"twitter:label1\" content=\"Est. reading time\" \/>\n\t<meta name=\"twitter:data1\" content=\"5 minutes\" \/>\n<script type=\"application\/ld+json\" class=\"yoast-schema-graph\">{\"@context\":\"https:\/\/schema.org\",\"@graph\":[{\"@type\":\"WebPage\",\"@id\":\"https:\/\/dev.tg4.ie\/en\/information\/press\/press-releases\/2025-2\/tg4-brings-fleadh25-to-the-world-live-from-wexford-four-unmissable-days-nights-of-music-song-dance\/\",\"url\":\"https:\/\/dev.tg4.ie\/en\/information\/press\/press-releases\/2025-2\/tg4-brings-fleadh25-to-the-world-live-from-wexford-four-unmissable-days-nights-of-music-song-dance\/\",\"name\":\"TG4 brings \u2018Fleadh25\u2019 to the World, Live from Wexford - Four unmissable days & nights of music, song & dance | Press Release | TG4\",\"isPartOf\":{\"@id\":\"https:\/\/dev.tg4.ie\/en\/#website\"},\"primaryImageOfPage\":{\"@id\":\"https:\/\/dev.tg4.ie\/en\/information\/press\/press-releases\/2025-2\/tg4-brings-fleadh25-to-the-world-live-from-wexford-four-unmissable-days-nights-of-music-song-dance\/#primaryimage\"},\"image\":{\"@id\":\"https:\/\/dev.tg4.ie\/en\/information\/press\/press-releases\/2025-2\/tg4-brings-fleadh25-to-the-world-live-from-wexford-four-unmissable-days-nights-of-music-song-dance\/#primaryimage\"},\"thumbnailUrl\":\"https:\/\/dev.tg4.ie\/wp-content\/uploads\/2025\/07\/Fleadh25_2_1920x1080.jpg\",\"datePublished\":\"2025-07-29T10:33:57+00:00\",\"dateModified\":\"2025-08-01T16:17:41+00:00\",\"description\":\"After a record breaking year in 2024, TG4 proudly returns as the official media partner of Fleadh Cheoil na h\u00c9ireann 2025, bringing audiences four unforgettable nights of live music from Thursday, 7th to Sunday, 10th August.\",\"breadcrumb\":{\"@id\":\"https:\/\/dev.tg4.ie\/en\/information\/press\/press-releases\/2025-2\/tg4-brings-fleadh25-to-the-world-live-from-wexford-four-unmissable-days-nights-of-music-song-dance\/#breadcrumb\"},\"inLanguage\":\"en-ie\",\"potentialAction\":[{\"@type\":\"ReadAction\",\"target\":[\"https:\/\/dev.tg4.ie\/en\/information\/press\/press-releases\/2025-2\/tg4-brings-fleadh25-to-the-world-live-from-wexford-four-unmissable-days-nights-of-music-song-dance\/\"]}]},{\"@type\":\"ImageObject\",\"inLanguage\":\"en-ie\",\"@id\":\"https:\/\/dev.tg4.ie\/en\/information\/press\/press-releases\/2025-2\/tg4-brings-fleadh25-to-the-world-live-from-wexford-four-unmissable-days-nights-of-music-song-dance\/#primaryimage\",\"url\":\"https:\/\/dev.tg4.ie\/wp-content\/uploads\/2025\/07\/Fleadh25_2_1920x1080.jpg\",\"contentUrl\":\"https:\/\/dev.tg4.ie\/wp-content\/uploads\/2025\/07\/Fleadh25_2_1920x1080.jpg\"},{\"@type\":\"BreadcrumbList\",\"@id\":\"https:\/\/dev.tg4.ie\/en\/information\/press\/press-releases\/2025-2\/tg4-brings-fleadh25-to-the-world-live-from-wexford-four-unmissable-days-nights-of-music-song-dance\/#breadcrumb\",\"itemListElement\":[{\"@type\":\"ListItem\",\"position\":1,\"name\":\"Home\",\"item\":\"https:\/\/dev.tg4.ie\/en\/\"},{\"@type\":\"ListItem\",\"position\":2,\"name\":\"Information\",\"item\":\"https:\/\/dev.tg4.ie\/en\/information\/\"},{\"@type\":\"ListItem\",\"position\":3,\"name\":\"Press\",\"item\":\"https:\/\/dev.tg4.ie\/en\/information\/press\/\"},{\"@type\":\"ListItem\",\"position\":4,\"name\":\"Press Releases\",\"item\":\"https:\/\/dev.tg4.ie\/en\/information\/press\/press-releases\/\"},{\"@type\":\"ListItem\",\"position\":5,\"name\":\"2025\",\"item\":\"https:\/\/dev.tg4.ie\/en\/information\/press\/press-releases\/2025-2\/\"},{\"@type\":\"ListItem\",\"position\":6,\"name\":\"TG4 brings \u2018Fleadh25\u2019 to the World, Live from Wexford &#8211; Four unmissable days &#038; nights of music, song &#038; dance\"}]},{\"@type\":\"WebSite\",\"@id\":\"https:\/\/dev.tg4.ie\/en\/#website\",\"url\":\"https:\/\/dev.tg4.ie\/en\/\",\"name\":\"TG4\",\"description\":\"S\u00fail Eile\",\"potentialAction\":[{\"@type\":\"SearchAction\",\"target\":{\"@type\":\"EntryPoint\",\"urlTemplate\":\"https:\/\/dev.tg4.ie\/en\/?s={search_term_string}\"},\"query-input\":\"required name=search_term_string\"}],\"inLanguage\":\"en-ie\"}]}<\/script>\n<!-- \/ Yoast SEO plugin. -->","yoast_head_json":{"title":"TG4 brings \u2018Fleadh25\u2019 to the World, Live from Wexford - Four unmissable days & nights of music, song & dance | Press Release | TG4","description":"After a record breaking year in 2024, TG4 proudly returns as the official media partner of Fleadh Cheoil na h\u00c9ireann 2025, bringing audiences four unforgettable nights of live music from Thursday, 7th to Sunday, 10th August.","robots":{"index":"index","follow":"follow","max-snippet":"max-snippet:-1","max-image-preview":"max-image-preview:large","max-video-preview":"max-video-preview:-1"},"og_locale":"en_US","og_type":"article","og_title":"TG4 brings \u2018Fleadh25\u2019 to the World, Live from Wexford - Four unmissable days & nights of music, song & dance | Press Release | TG4","og_description":"After a record breaking year in 2024, TG4 proudly returns as the official media partner of Fleadh Cheoil na h\u00c9ireann 2025, bringing audiences four unforgettable nights of live music from Thursday, 7th to Sunday, 10th August.","og_url":"https:\/\/dev.tg4.ie\/en\/information\/press\/press-releases\/2025-2\/tg4-brings-fleadh25-to-the-world-live-from-wexford-four-unmissable-days-nights-of-music-song-dance\/","og_site_name":"TG4","article_publisher":"https:\/\/www.facebook.com\/TG4TV","article_modified_time":"2025-08-01T16:17:41+00:00","og_image":[{"url":"https:\/\/dev.tg4.ie\/wp-content\/uploads\/2025\/07\/Fleadh25_2_1920x1080.jpg"}],"twitter_card":"summary_large_image","twitter_site":"@TG4TV","twitter_misc":{"Est. reading time":"5 minutes"},"schema":{"@context":"https:\/\/schema.org","@graph":[{"@type":"WebPage","@id":"https:\/\/dev.tg4.ie\/en\/information\/press\/press-releases\/2025-2\/tg4-brings-fleadh25-to-the-world-live-from-wexford-four-unmissable-days-nights-of-music-song-dance\/","url":"https:\/\/dev.tg4.ie\/en\/information\/press\/press-releases\/2025-2\/tg4-brings-fleadh25-to-the-world-live-from-wexford-four-unmissable-days-nights-of-music-song-dance\/","name":"TG4 brings \u2018Fleadh25\u2019 to the World, Live from Wexford - Four unmissable days & nights of music, song & dance | Press Release | TG4","isPartOf":{"@id":"https:\/\/dev.tg4.ie\/en\/#website"},"primaryImageOfPage":{"@id":"https:\/\/dev.tg4.ie\/en\/information\/press\/press-releases\/2025-2\/tg4-brings-fleadh25-to-the-world-live-from-wexford-four-unmissable-days-nights-of-music-song-dance\/#primaryimage"},"image":{"@id":"https:\/\/dev.tg4.ie\/en\/information\/press\/press-releases\/2025-2\/tg4-brings-fleadh25-to-the-world-live-from-wexford-four-unmissable-days-nights-of-music-song-dance\/#primaryimage"},"thumbnailUrl":"https:\/\/dev.tg4.ie\/wp-content\/uploads\/2025\/07\/Fleadh25_2_1920x1080.jpg","datePublished":"2025-07-29T10:33:57+00:00","dateModified":"2025-08-01T16:17:41+00:00","description":"After a record breaking year in 2024, TG4 proudly returns as the official media partner of Fleadh Cheoil na h\u00c9ireann 2025, bringing audiences four unforgettable nights of live music from Thursday, 7th to Sunday, 10th August.","breadcrumb":{"@id":"https:\/\/dev.tg4.ie\/en\/information\/press\/press-releases\/2025-2\/tg4-brings-fleadh25-to-the-world-live-from-wexford-four-unmissable-days-nights-of-music-song-dance\/#breadcrumb"},"inLanguage":"en-ie","potentialAction":[{"@type":"ReadAction","target":["https:\/\/dev.tg4.ie\/en\/information\/press\/press-releases\/2025-2\/tg4-brings-fleadh25-to-the-world-live-from-wexford-four-unmissable-days-nights-of-music-song-dance\/"]}]},{"@type":"ImageObject","inLanguage":"en-ie","@id":"https:\/\/dev.tg4.ie\/en\/information\/press\/press-releases\/2025-2\/tg4-brings-fleadh25-to-the-world-live-from-wexford-four-unmissable-days-nights-of-music-song-dance\/#primaryimage","url":"https:\/\/dev.tg4.ie\/wp-content\/uploads\/2025\/07\/Fleadh25_2_1920x1080.jpg","contentUrl":"https:\/\/dev.tg4.ie\/wp-content\/uploads\/2025\/07\/Fleadh25_2_1920x1080.jpg"},{"@type":"BreadcrumbList","@id":"https:\/\/dev.tg4.ie\/en\/information\/press\/press-releases\/2025-2\/tg4-brings-fleadh25-to-the-world-live-from-wexford-four-unmissable-days-nights-of-music-song-dance\/#breadcrumb","itemListElement":[{"@type":"ListItem","position":1,"name":"Home","item":"https:\/\/dev.tg4.ie\/en\/"},{"@type":"ListItem","position":2,"name":"Information","item":"https:\/\/dev.tg4.ie\/en\/information\/"},{"@type":"ListItem","position":3,"name":"Press","item":"https:\/\/dev.tg4.ie\/en\/information\/press\/"},{"@type":"ListItem","position":4,"name":"Press Releases","item":"https:\/\/dev.tg4.ie\/en\/information\/press\/press-releases\/"},{"@type":"ListItem","position":5,"name":"2025","item":"https:\/\/dev.tg4.ie\/en\/information\/press\/press-releases\/2025-2\/"},{"@type":"ListItem","position":6,"name":"TG4 brings \u2018Fleadh25\u2019 to the World, Live from Wexford &#8211; Four unmissable days &#038; nights of music, song &#038; dance"}]},{"@type":"WebSite","@id":"https:\/\/dev.tg4.ie\/en\/#website","url":"https:\/\/dev.tg4.ie\/en\/","name":"TG4","description":"S\u00fail Eile","potentialAction":[{"@type":"SearchAction","target":{"@type":"EntryPoint","urlTemplate":"https:\/\/dev.tg4.ie\/en\/?s={search_term_string}"},"query-input":"required name=search_term_string"}],"inLanguage":"en-ie"}]}},"_links":{"self":[{"href":"https:\/\/dev.tg4.ie\/en\/wp-json\/wp\/v2\/pages\/246902"}],"collection":[{"href":"https:\/\/dev.tg4.ie\/en\/wp-json\/wp\/v2\/pages"}],"about":[{"href":"https:\/\/dev.tg4.ie\/en\/wp-json\/wp\/v2\/types\/page"}],"author":[{"embeddable":true,"href":"https:\/\/dev.tg4.ie\/en\/wp-json\/wp\/v2\/users\/876"}],"replies":[{"embeddable":true,"href":"https:\/\/dev.tg4.ie\/en\/wp-json\/wp\/v2\/comments?post=246902"}],"version-history":[{"count":0,"href":"https:\/\/dev.tg4.ie\/en\/wp-json\/wp\/v2\/pages\/246902\/revisions"}],"up":[{"embeddable":true,"href":"https:\/\/dev.tg4.ie\/en\/wp-json\/wp\/v2\/pages\/236809"}],"wp:attachment":[{"href":"https:\/\/dev.tg4.ie\/en\/wp-json\/wp\/v2\/media?parent=246902"}],"curies":[{"name":"wp","href":"https:\/\/api.w.org\/{rel}","templated":true}]}}