{"id":247165,"date":"2025-08-22T10:26:39","date_gmt":"2025-08-22T09:26:39","guid":{"rendered":"https:\/\/dev.tg4.ie\/?page_id=247165"},"modified":"2025-08-25T09:52:23","modified_gmt":"2025-08-25T08:52:23","slug":"gaa-beo-returns-with-exclusive-club-championship-coverage","status":"publish","type":"page","link":"https:\/\/dev.tg4.ie\/en\/information\/press\/press-releases\/2025-2\/gaa-beo-returns-with-exclusive-club-championship-coverage\/","title":{"rendered":"GAA Beo Returns with Exclusive Club Championship Coverage"},"content":{"rendered":"<table>\n<tbody>\n<tr>\n<td width=\"50%\"><img loading=\"lazy\" decoding=\"async\" width=\"1920\" height=\"1080\" src=\"https:\/\/tg4-docs.s3.amazonaws.com\/wp-content\/uploads\/2025\/08\/25094201\/GAA_Beo_2025_1-1920x1080-1.jpg\" alt=\"\" class=\"aligncenter size-full wp-image-247182\" srcset=\"https:\/\/tg4-docs.s3.amazonaws.com\/wp-content\/uploads\/2025\/08\/25094201\/GAA_Beo_2025_1-1920x1080-1.jpg 1920w, https:\/\/tg4-docs.s3.amazonaws.com\/wp-content\/uploads\/2025\/08\/25094201\/GAA_Beo_2025_1-1920x1080-1-250x141.jpg 250w, https:\/\/tg4-docs.s3.amazonaws.com\/wp-content\/uploads\/2025\/08\/25094201\/GAA_Beo_2025_1-1920x1080-1-700x394.jpg 700w, https:\/\/tg4-docs.s3.amazonaws.com\/wp-content\/uploads\/2025\/08\/25094201\/GAA_Beo_2025_1-1920x1080-1-252x141.jpg 252w, https:\/\/tg4-docs.s3.amazonaws.com\/wp-content\/uploads\/2025\/08\/25094201\/GAA_Beo_2025_1-1920x1080-1-1536x864.jpg 1536w, https:\/\/tg4-docs.s3.amazonaws.com\/wp-content\/uploads\/2025\/08\/25094201\/GAA_Beo_2025_1-1920x1080-1-120x68.jpg 120w\" sizes=\"(max-width: 1920px) 100vw, 1920px\" \/><\/td>\n<td width=\"50%\"><img loading=\"lazy\" decoding=\"async\" width=\"1920\" height=\"1080\" src=\"https:\/\/tg4-docs.s3.amazonaws.com\/wp-content\/uploads\/2025\/08\/25094204\/GAA_Beo_2025_2-1920x1080-1.jpg\" alt=\"\" class=\"aligncenter size-full wp-image-247183\" srcset=\"https:\/\/tg4-docs.s3.amazonaws.com\/wp-content\/uploads\/2025\/08\/25094204\/GAA_Beo_2025_2-1920x1080-1.jpg 1920w, https:\/\/tg4-docs.s3.amazonaws.com\/wp-content\/uploads\/2025\/08\/25094204\/GAA_Beo_2025_2-1920x1080-1-250x141.jpg 250w, https:\/\/tg4-docs.s3.amazonaws.com\/wp-content\/uploads\/2025\/08\/25094204\/GAA_Beo_2025_2-1920x1080-1-700x394.jpg 700w, https:\/\/tg4-docs.s3.amazonaws.com\/wp-content\/uploads\/2025\/08\/25094204\/GAA_Beo_2025_2-1920x1080-1-252x141.jpg 252w, https:\/\/tg4-docs.s3.amazonaws.com\/wp-content\/uploads\/2025\/08\/25094204\/GAA_Beo_2025_2-1920x1080-1-1536x864.jpg 1536w, https:\/\/tg4-docs.s3.amazonaws.com\/wp-content\/uploads\/2025\/08\/25094204\/GAA_Beo_2025_2-1920x1080-1-120x68.jpg 120w\" sizes=\"(max-width: 1920px) 100vw, 1920px\" \/><\/td>\n<\/tr>\n<\/tbody>\n<\/table>\n<p>&nbsp;<br \/>\nTG4\u2019s flagship Gaelic Games programme returns this Sunday, <strong>24th August<\/strong>, with extensive coverage of the Club Championships running until the <strong>All-Ireland Finals<\/strong> at Croke Park in January 2026.<\/p>\n<p>The upcoming GAA fixtures are a feast of <strong>hurling action<\/strong>. Firstly, we head to <strong>Tipperary<\/strong> for the clash of defending county champions Loughmore Castleiney and JK Brackens. Recent All-Ireland winners such as <strong>Noel McGrath, John McGrath and Andrew Ormond<\/strong> will be on show. Live coverage begins at 2:05pm this Sunday from Templetuohy.<br \/>\n&nbsp;<\/p>\n<p>Coverage will again be fronted by M\u00edche\u00e1l \u00d3 Domhnaill with expert analysis from Tom\u00e1s \u00d3 Flathartha, Coman Goggins, Eimear N\u00ed Ghallach\u00f3ir, Declan Quill, Michelle Ryan, and more. Commentary will be provided by some iconic voices of the game, such as Brian Tyers, Mac Dara Mac Donncha, Gary Mac Donncha, M\u00edche\u00e1l \u00d3 Drisle\u00e1in, and Conal \u00d3 M\u00e1irt\u00edn.\u00a0<br \/>\n&nbsp;<\/p>\n<p>Sp\u00f3rt TG4 will also provide extensive social media coverage of all the games with live clips, in-game updates, highlights packages, and more.\u00a0<br \/>\nIn case you miss the live action, <strong>weekly highlights<\/strong> will be shown every Monday evening on <strong>GAA 2025<\/strong> on <strong>TG4<\/strong>.<br \/>\n&nbsp;<\/p>\n<p><strong>GAA Beo Schedule for the Next 3 Weekends:<\/strong><\/p>\n<ul>\n<li>24.08.2025 \u2013 Loughmore Castleiney v JK Brackens \u2013 Tipperary Senior Hurling Championship \u2013 Venue: Templetuohy<\/li>\n<li>31.08.2025 \u2013 Waterford Senior Hurling Championship \u2013 Teams TBC<\/li>\n<li>07.09.2025 \u2013 Cork Senior Hurling Championship \u2013 Glen Rovers v Sarsfields \u2013 Venue: P\u00e1irc U\u00ed Rinn<\/li>\n<\/ul>\n<p>&nbsp;<br \/>\n&nbsp;<\/p>\n","protected":false},"excerpt":{"rendered":"<p>&nbsp; TG4\u2019s flagship Gaelic Games programme returns this Sunday, 24th August, with extensive coverage of the Club Championships running until the All-Ireland Finals at Croke Park in January 2026. The upcoming GAA fixtures are a feast of hurling action. Firstly, we head to Tipperary for the clash of defending county champions Loughmore Castleiney and JK [&hellip;]<\/p>\n","protected":false},"author":876,"featured_media":0,"parent":236809,"menu_order":44,"comment_status":"closed","ping_status":"closed","template":"page-templates\/template-pr.php","meta":{"_acf_changed":false,"footnotes":""},"acf":[],"yoast_head":"<!-- This site is optimized with the Yoast SEO plugin v22.6 - https:\/\/yoast.com\/wordpress\/plugins\/seo\/ -->\n<title>GAA Beo Returns with Exclusive Club Championship Coverage | Press Release | TG4<\/title>\n<meta name=\"description\" content=\"TG4\u2019s flagship Gaelic Games programme returns this Sunday, 24th August, with extensive coverage of the Club Championships running until the All-Ireland Finals at Croke Park in January 2026.\" \/>\n<meta name=\"robots\" content=\"index, follow, max-snippet:-1, max-image-preview:large, max-video-preview:-1\" \/>\n<meta property=\"og:locale\" content=\"en_US\" \/>\n<meta property=\"og:type\" content=\"article\" \/>\n<meta property=\"og:title\" content=\"GAA Beo Returns with Exclusive Club Championship Coverage | Press Release | TG4\" \/>\n<meta property=\"og:description\" content=\"TG4\u2019s flagship Gaelic Games programme returns this Sunday, 24th August, with extensive coverage of the Club Championships running until the All-Ireland Finals at Croke Park in January 2026.\" \/>\n<meta property=\"og:url\" content=\"https:\/\/dev.tg4.ie\/en\/information\/press\/press-releases\/2025-2\/gaa-beo-returns-with-exclusive-club-championship-coverage\/\" \/>\n<meta property=\"og:site_name\" content=\"TG4\" \/>\n<meta property=\"article:publisher\" content=\"https:\/\/www.facebook.com\/TG4TV\" \/>\n<meta property=\"article:modified_time\" content=\"2025-08-25T08:52:23+00:00\" \/>\n<meta property=\"og:image\" content=\"https:\/\/dev.tg4.ie\/wp-content\/uploads\/2025\/08\/GAA_Beo_2025_1-1920x1080-1.jpg\" \/>\n<meta name=\"twitter:card\" content=\"summary_large_image\" \/>\n<meta name=\"twitter:site\" content=\"@TG4TV\" \/>\n<meta name=\"twitter:label1\" content=\"Est. reading time\" \/>\n\t<meta name=\"twitter:data1\" content=\"2 minutes\" \/>\n<script type=\"application\/ld+json\" class=\"yoast-schema-graph\">{\"@context\":\"https:\/\/schema.org\",\"@graph\":[{\"@type\":\"WebPage\",\"@id\":\"https:\/\/dev.tg4.ie\/en\/information\/press\/press-releases\/2025-2\/gaa-beo-returns-with-exclusive-club-championship-coverage\/\",\"url\":\"https:\/\/dev.tg4.ie\/en\/information\/press\/press-releases\/2025-2\/gaa-beo-returns-with-exclusive-club-championship-coverage\/\",\"name\":\"GAA Beo Returns with Exclusive Club Championship Coverage | Press Release | TG4\",\"isPartOf\":{\"@id\":\"https:\/\/dev.tg4.ie\/en\/#website\"},\"primaryImageOfPage\":{\"@id\":\"https:\/\/dev.tg4.ie\/en\/information\/press\/press-releases\/2025-2\/gaa-beo-returns-with-exclusive-club-championship-coverage\/#primaryimage\"},\"image\":{\"@id\":\"https:\/\/dev.tg4.ie\/en\/information\/press\/press-releases\/2025-2\/gaa-beo-returns-with-exclusive-club-championship-coverage\/#primaryimage\"},\"thumbnailUrl\":\"https:\/\/dev.tg4.ie\/wp-content\/uploads\/2025\/08\/GAA_Beo_2025_1-1920x1080-1.jpg\",\"datePublished\":\"2025-08-22T09:26:39+00:00\",\"dateModified\":\"2025-08-25T08:52:23+00:00\",\"description\":\"TG4\u2019s flagship Gaelic Games programme returns this Sunday, 24th August, with extensive coverage of the Club Championships running until the All-Ireland Finals at Croke Park in January 2026.\",\"breadcrumb\":{\"@id\":\"https:\/\/dev.tg4.ie\/en\/information\/press\/press-releases\/2025-2\/gaa-beo-returns-with-exclusive-club-championship-coverage\/#breadcrumb\"},\"inLanguage\":\"en-ie\",\"potentialAction\":[{\"@type\":\"ReadAction\",\"target\":[\"https:\/\/dev.tg4.ie\/en\/information\/press\/press-releases\/2025-2\/gaa-beo-returns-with-exclusive-club-championship-coverage\/\"]}]},{\"@type\":\"ImageObject\",\"inLanguage\":\"en-ie\",\"@id\":\"https:\/\/dev.tg4.ie\/en\/information\/press\/press-releases\/2025-2\/gaa-beo-returns-with-exclusive-club-championship-coverage\/#primaryimage\",\"url\":\"https:\/\/dev.tg4.ie\/wp-content\/uploads\/2025\/08\/GAA_Beo_2025_1-1920x1080-1.jpg\",\"contentUrl\":\"https:\/\/dev.tg4.ie\/wp-content\/uploads\/2025\/08\/GAA_Beo_2025_1-1920x1080-1.jpg\"},{\"@type\":\"BreadcrumbList\",\"@id\":\"https:\/\/dev.tg4.ie\/en\/information\/press\/press-releases\/2025-2\/gaa-beo-returns-with-exclusive-club-championship-coverage\/#breadcrumb\",\"itemListElement\":[{\"@type\":\"ListItem\",\"position\":1,\"name\":\"Home\",\"item\":\"https:\/\/dev.tg4.ie\/en\/\"},{\"@type\":\"ListItem\",\"position\":2,\"name\":\"Information\",\"item\":\"https:\/\/dev.tg4.ie\/en\/information\/\"},{\"@type\":\"ListItem\",\"position\":3,\"name\":\"Press\",\"item\":\"https:\/\/dev.tg4.ie\/en\/information\/press\/\"},{\"@type\":\"ListItem\",\"position\":4,\"name\":\"Press Releases\",\"item\":\"https:\/\/dev.tg4.ie\/en\/information\/press\/press-releases\/\"},{\"@type\":\"ListItem\",\"position\":5,\"name\":\"2025\",\"item\":\"https:\/\/dev.tg4.ie\/en\/information\/press\/press-releases\/2025-2\/\"},{\"@type\":\"ListItem\",\"position\":6,\"name\":\"GAA Beo Returns with Exclusive Club Championship Coverage\"}]},{\"@type\":\"WebSite\",\"@id\":\"https:\/\/dev.tg4.ie\/en\/#website\",\"url\":\"https:\/\/dev.tg4.ie\/en\/\",\"name\":\"TG4\",\"description\":\"S\u00fail Eile\",\"potentialAction\":[{\"@type\":\"SearchAction\",\"target\":{\"@type\":\"EntryPoint\",\"urlTemplate\":\"https:\/\/dev.tg4.ie\/en\/?s={search_term_string}\"},\"query-input\":\"required name=search_term_string\"}],\"inLanguage\":\"en-ie\"}]}<\/script>\n<!-- \/ Yoast SEO plugin. -->","yoast_head_json":{"title":"GAA Beo Returns with Exclusive Club Championship Coverage | Press Release | TG4","description":"TG4\u2019s flagship Gaelic Games programme returns this Sunday, 24th August, with extensive coverage of the Club Championships running until the All-Ireland Finals at Croke Park in January 2026.","robots":{"index":"index","follow":"follow","max-snippet":"max-snippet:-1","max-image-preview":"max-image-preview:large","max-video-preview":"max-video-preview:-1"},"og_locale":"en_US","og_type":"article","og_title":"GAA Beo Returns with Exclusive Club Championship Coverage | Press Release | TG4","og_description":"TG4\u2019s flagship Gaelic Games programme returns this Sunday, 24th August, with extensive coverage of the Club Championships running until the All-Ireland Finals at Croke Park in January 2026.","og_url":"https:\/\/dev.tg4.ie\/en\/information\/press\/press-releases\/2025-2\/gaa-beo-returns-with-exclusive-club-championship-coverage\/","og_site_name":"TG4","article_publisher":"https:\/\/www.facebook.com\/TG4TV","article_modified_time":"2025-08-25T08:52:23+00:00","og_image":[{"url":"https:\/\/dev.tg4.ie\/wp-content\/uploads\/2025\/08\/GAA_Beo_2025_1-1920x1080-1.jpg"}],"twitter_card":"summary_large_image","twitter_site":"@TG4TV","twitter_misc":{"Est. reading time":"2 minutes"},"schema":{"@context":"https:\/\/schema.org","@graph":[{"@type":"WebPage","@id":"https:\/\/dev.tg4.ie\/en\/information\/press\/press-releases\/2025-2\/gaa-beo-returns-with-exclusive-club-championship-coverage\/","url":"https:\/\/dev.tg4.ie\/en\/information\/press\/press-releases\/2025-2\/gaa-beo-returns-with-exclusive-club-championship-coverage\/","name":"GAA Beo Returns with Exclusive Club Championship Coverage | Press Release | TG4","isPartOf":{"@id":"https:\/\/dev.tg4.ie\/en\/#website"},"primaryImageOfPage":{"@id":"https:\/\/dev.tg4.ie\/en\/information\/press\/press-releases\/2025-2\/gaa-beo-returns-with-exclusive-club-championship-coverage\/#primaryimage"},"image":{"@id":"https:\/\/dev.tg4.ie\/en\/information\/press\/press-releases\/2025-2\/gaa-beo-returns-with-exclusive-club-championship-coverage\/#primaryimage"},"thumbnailUrl":"https:\/\/dev.tg4.ie\/wp-content\/uploads\/2025\/08\/GAA_Beo_2025_1-1920x1080-1.jpg","datePublished":"2025-08-22T09:26:39+00:00","dateModified":"2025-08-25T08:52:23+00:00","description":"TG4\u2019s flagship Gaelic Games programme returns this Sunday, 24th August, with extensive coverage of the Club Championships running until the All-Ireland Finals at Croke Park in January 2026.","breadcrumb":{"@id":"https:\/\/dev.tg4.ie\/en\/information\/press\/press-releases\/2025-2\/gaa-beo-returns-with-exclusive-club-championship-coverage\/#breadcrumb"},"inLanguage":"en-ie","potentialAction":[{"@type":"ReadAction","target":["https:\/\/dev.tg4.ie\/en\/information\/press\/press-releases\/2025-2\/gaa-beo-returns-with-exclusive-club-championship-coverage\/"]}]},{"@type":"ImageObject","inLanguage":"en-ie","@id":"https:\/\/dev.tg4.ie\/en\/information\/press\/press-releases\/2025-2\/gaa-beo-returns-with-exclusive-club-championship-coverage\/#primaryimage","url":"https:\/\/dev.tg4.ie\/wp-content\/uploads\/2025\/08\/GAA_Beo_2025_1-1920x1080-1.jpg","contentUrl":"https:\/\/dev.tg4.ie\/wp-content\/uploads\/2025\/08\/GAA_Beo_2025_1-1920x1080-1.jpg"},{"@type":"BreadcrumbList","@id":"https:\/\/dev.tg4.ie\/en\/information\/press\/press-releases\/2025-2\/gaa-beo-returns-with-exclusive-club-championship-coverage\/#breadcrumb","itemListElement":[{"@type":"ListItem","position":1,"name":"Home","item":"https:\/\/dev.tg4.ie\/en\/"},{"@type":"ListItem","position":2,"name":"Information","item":"https:\/\/dev.tg4.ie\/en\/information\/"},{"@type":"ListItem","position":3,"name":"Press","item":"https:\/\/dev.tg4.ie\/en\/information\/press\/"},{"@type":"ListItem","position":4,"name":"Press Releases","item":"https:\/\/dev.tg4.ie\/en\/information\/press\/press-releases\/"},{"@type":"ListItem","position":5,"name":"2025","item":"https:\/\/dev.tg4.ie\/en\/information\/press\/press-releases\/2025-2\/"},{"@type":"ListItem","position":6,"name":"GAA Beo Returns with Exclusive Club Championship Coverage"}]},{"@type":"WebSite","@id":"https:\/\/dev.tg4.ie\/en\/#website","url":"https:\/\/dev.tg4.ie\/en\/","name":"TG4","description":"S\u00fail Eile","potentialAction":[{"@type":"SearchAction","target":{"@type":"EntryPoint","urlTemplate":"https:\/\/dev.tg4.ie\/en\/?s={search_term_string}"},"query-input":"required name=search_term_string"}],"inLanguage":"en-ie"}]}},"_links":{"self":[{"href":"https:\/\/dev.tg4.ie\/en\/wp-json\/wp\/v2\/pages\/247165"}],"collection":[{"href":"https:\/\/dev.tg4.ie\/en\/wp-json\/wp\/v2\/pages"}],"about":[{"href":"https:\/\/dev.tg4.ie\/en\/wp-json\/wp\/v2\/types\/page"}],"author":[{"embeddable":true,"href":"https:\/\/dev.tg4.ie\/en\/wp-json\/wp\/v2\/users\/876"}],"replies":[{"embeddable":true,"href":"https:\/\/dev.tg4.ie\/en\/wp-json\/wp\/v2\/comments?post=247165"}],"version-history":[{"count":0,"href":"https:\/\/dev.tg4.ie\/en\/wp-json\/wp\/v2\/pages\/247165\/revisions"}],"up":[{"embeddable":true,"href":"https:\/\/dev.tg4.ie\/en\/wp-json\/wp\/v2\/pages\/236809"}],"wp:attachment":[{"href":"https:\/\/dev.tg4.ie\/en\/wp-json\/wp\/v2\/media?parent=247165"}],"curies":[{"name":"wp","href":"https:\/\/api.w.org\/{rel}","templated":true}]}}