{"id":247211,"date":"2025-08-26T12:14:25","date_gmt":"2025-08-26T11:14:25","guid":{"rendered":"https:\/\/dev.tg4.ie\/information\/press\/press-releases\/2025-2\/tg4-ag-craoladh-on-electric-picnic-i-mbliana\/"},"modified":"2025-08-26T12:55:07","modified_gmt":"2025-08-26T11:55:07","slug":"tg4-to-broadcast-from-sold-out-electric-picnic","status":"publish","type":"page","link":"https:\/\/dev.tg4.ie\/en\/information\/press\/press-releases\/2025-2\/tg4-to-broadcast-from-sold-out-electric-picnic\/","title":{"rendered":"TG4 to broadcast from sold-out Electric Picnic"},"content":{"rendered":"<p><center>TG4 is delighted to announce that the station will be broadcasting from this year\u2019s sold-out Electric Picnic Music &#038; Arts festival in Stradbally Co. Laois.<\/center><\/p>\n<table>\n<tbody>\n<tr>\n<td width=\"50%\"><img loading=\"lazy\" decoding=\"async\" width=\"1920\" height=\"1080\" src=\"https:\/\/tg4-docs.s3.amazonaws.com\/wp-content\/uploads\/2025\/08\/26120830\/Beo_on_Electric_Picnic_1-1920x1080-1.jpg\" alt=\"\" class=\"aligncenter size-full wp-image-247202\" srcset=\"https:\/\/tg4-docs.s3.amazonaws.com\/wp-content\/uploads\/2025\/08\/26120830\/Beo_on_Electric_Picnic_1-1920x1080-1.jpg 1920w, https:\/\/tg4-docs.s3.amazonaws.com\/wp-content\/uploads\/2025\/08\/26120830\/Beo_on_Electric_Picnic_1-1920x1080-1-250x141.jpg 250w, https:\/\/tg4-docs.s3.amazonaws.com\/wp-content\/uploads\/2025\/08\/26120830\/Beo_on_Electric_Picnic_1-1920x1080-1-700x394.jpg 700w, https:\/\/tg4-docs.s3.amazonaws.com\/wp-content\/uploads\/2025\/08\/26120830\/Beo_on_Electric_Picnic_1-1920x1080-1-252x141.jpg 252w, https:\/\/tg4-docs.s3.amazonaws.com\/wp-content\/uploads\/2025\/08\/26120830\/Beo_on_Electric_Picnic_1-1920x1080-1-1536x864.jpg 1536w, https:\/\/tg4-docs.s3.amazonaws.com\/wp-content\/uploads\/2025\/08\/26120830\/Beo_on_Electric_Picnic_1-1920x1080-1-120x68.jpg 120w\" sizes=\"(max-width: 1920px) 100vw, 1920px\" \/><\/td>\n<td width=\"50%\"><img loading=\"lazy\" decoding=\"async\" width=\"1920\" height=\"1080\" src=\"https:\/\/tg4-docs.s3.amazonaws.com\/wp-content\/uploads\/2025\/08\/26121045\/Beo_on_Electric_Picnic_2-1920x1080-1.jpg\" alt=\"\" class=\"aligncenter size-full wp-image-247203\" srcset=\"https:\/\/tg4-docs.s3.amazonaws.com\/wp-content\/uploads\/2025\/08\/26121045\/Beo_on_Electric_Picnic_2-1920x1080-1.jpg 1920w, https:\/\/tg4-docs.s3.amazonaws.com\/wp-content\/uploads\/2025\/08\/26121045\/Beo_on_Electric_Picnic_2-1920x1080-1-250x141.jpg 250w, https:\/\/tg4-docs.s3.amazonaws.com\/wp-content\/uploads\/2025\/08\/26121045\/Beo_on_Electric_Picnic_2-1920x1080-1-700x394.jpg 700w, https:\/\/tg4-docs.s3.amazonaws.com\/wp-content\/uploads\/2025\/08\/26121045\/Beo_on_Electric_Picnic_2-1920x1080-1-252x141.jpg 252w, https:\/\/tg4-docs.s3.amazonaws.com\/wp-content\/uploads\/2025\/08\/26121045\/Beo_on_Electric_Picnic_2-1920x1080-1-1536x864.jpg 1536w, https:\/\/tg4-docs.s3.amazonaws.com\/wp-content\/uploads\/2025\/08\/26121045\/Beo_on_Electric_Picnic_2-1920x1080-1-120x68.jpg 120w\" sizes=\"(max-width: 1920px) 100vw, 1920px\" \/><\/td>\n<\/tr>\n<tr>\n<td width=\"50%\"><sup>S\u00edomha N\u00ed Ruairc &#8211; Credit: Martina Regan<\/sup><\/td>\n<td width=\"50%\"><sup>John Sharpson &#8211; Credit: Paddy Kirk at Hunter Media Group<\/sup><\/td>\n<\/tr>\n<\/tbody>\n<\/table>\n<p>&nbsp;<\/p>\n<p>Presented by S\u00edomha N\u00ed Ruairc and John Sharpson <strong>BEO \u00d3N ELECTRIC PICNIC<\/strong> will feature live music performances from artists performing on the Collchoill (Hazelwood) and Puball Gaeilge stages. Highlights will include Bl\u00e1ith\u00edn Mhic Cana &#038; Piaras \u00d3 Lorc\u00e1in, IML\u00c9, John Spillane, Eve Belle, Clada, Amano, Caolan Ryan, Dysania and many more. The show will also feature interviews and intimate acoustic sessions with some of the biggest names playing at this year\u2019s festival &#8211; stay tuned for some big surprises!<br \/>\n&nbsp;<br \/>\nThe Irish Language has a huge place at Electric Picnic and Beo \u00f3n Electric Picnic will celebrate this. Along with acts performing in Irish on the Collchoill (Hazelwood) and Puball Gaeilge stages there will be podcasts, yoga sessions, a c\u00e9il\u00ed m\u00f3r, comedy and the Gaeltacht Camping site. S\u00edomha and John will speak to the team bringing all of this to life from festival organisers to artists to festival goers.<br \/>\n&nbsp;<br \/>\nThe special hour-and-a-half broadcast will be a celebration of all that\u2019s great about Ireland\u2019s biggest music festival. So if you haven\u2019t got your ticket, fear not tune into TG4 to soak up the atmosphere. On TG4 Sunday, August 31st at 9.30pm.<br \/>\n&nbsp;<br \/>\nProduced by 84-Ocht\u00f34 Productions for TG4.<br \/>\n&nbsp;<br \/>\n&nbsp;<\/p>\n","protected":false},"excerpt":{"rendered":"<p>TG4 is delighted to announce that the station will be broadcasting from this year\u2019s sold-out Electric Picnic Music &#038; Arts festival in Stradbally Co. Laois. S\u00edomha N\u00ed Ruairc &#8211; Credit: Martina Regan John Sharpson &#8211; Credit: Paddy Kirk at Hunter Media Group &nbsp; Presented by S\u00edomha N\u00ed Ruairc and John Sharpson BEO \u00d3N ELECTRIC PICNIC [&hellip;]<\/p>\n","protected":false},"author":876,"featured_media":0,"parent":236809,"menu_order":45,"comment_status":"closed","ping_status":"closed","template":"page-templates\/template-pr.php","meta":{"_acf_changed":false,"footnotes":""},"acf":[],"yoast_head":"<!-- This site is optimized with the Yoast SEO plugin v22.6 - https:\/\/yoast.com\/wordpress\/plugins\/seo\/ -->\n<title>TG4 to broadcast from sold-out Electric Picnic | Press Release | TG4<\/title>\n<meta name=\"description\" content=\"TG4 is delighted to announce that the station will be broadcasting from this year\u2019s sold-out Electric Picnic Music &amp; Arts festival in Stradbally Co. Laois.\" \/>\n<meta name=\"robots\" content=\"index, follow, max-snippet:-1, max-image-preview:large, max-video-preview:-1\" \/>\n<meta property=\"og:locale\" content=\"en_US\" \/>\n<meta property=\"og:type\" content=\"article\" \/>\n<meta property=\"og:title\" content=\"TG4 to broadcast from sold-out Electric Picnic | Press Release | TG4\" \/>\n<meta property=\"og:description\" content=\"TG4 is delighted to announce that the station will be broadcasting from this year\u2019s sold-out Electric Picnic Music &amp; Arts festival in Stradbally Co. Laois.\" \/>\n<meta property=\"og:url\" content=\"https:\/\/dev.tg4.ie\/en\/information\/press\/press-releases\/2025-2\/tg4-to-broadcast-from-sold-out-electric-picnic\/\" \/>\n<meta property=\"og:site_name\" content=\"TG4\" \/>\n<meta property=\"article:publisher\" content=\"https:\/\/www.facebook.com\/TG4TV\" \/>\n<meta property=\"article:modified_time\" content=\"2025-08-26T11:55:07+00:00\" \/>\n<meta property=\"og:image\" content=\"https:\/\/dev.tg4.ie\/wp-content\/uploads\/2025\/08\/Beo_on_Electric_Picnic_1-1920x1080-1.jpg\" \/>\n<meta name=\"twitter:card\" content=\"summary_large_image\" \/>\n<meta name=\"twitter:site\" content=\"@TG4TV\" \/>\n<meta name=\"twitter:label1\" content=\"Est. reading time\" \/>\n\t<meta name=\"twitter:data1\" content=\"2 minutes\" \/>\n<script type=\"application\/ld+json\" class=\"yoast-schema-graph\">{\"@context\":\"https:\/\/schema.org\",\"@graph\":[{\"@type\":\"WebPage\",\"@id\":\"https:\/\/dev.tg4.ie\/en\/information\/press\/press-releases\/2025-2\/tg4-to-broadcast-from-sold-out-electric-picnic\/\",\"url\":\"https:\/\/dev.tg4.ie\/en\/information\/press\/press-releases\/2025-2\/tg4-to-broadcast-from-sold-out-electric-picnic\/\",\"name\":\"TG4 to broadcast from sold-out Electric Picnic | Press Release | TG4\",\"isPartOf\":{\"@id\":\"https:\/\/dev.tg4.ie\/en\/#website\"},\"primaryImageOfPage\":{\"@id\":\"https:\/\/dev.tg4.ie\/en\/information\/press\/press-releases\/2025-2\/tg4-to-broadcast-from-sold-out-electric-picnic\/#primaryimage\"},\"image\":{\"@id\":\"https:\/\/dev.tg4.ie\/en\/information\/press\/press-releases\/2025-2\/tg4-to-broadcast-from-sold-out-electric-picnic\/#primaryimage\"},\"thumbnailUrl\":\"https:\/\/dev.tg4.ie\/wp-content\/uploads\/2025\/08\/Beo_on_Electric_Picnic_1-1920x1080-1.jpg\",\"datePublished\":\"2025-08-26T11:14:25+00:00\",\"dateModified\":\"2025-08-26T11:55:07+00:00\",\"description\":\"TG4 is delighted to announce that the station will be broadcasting from this year\u2019s sold-out Electric Picnic Music & Arts festival in Stradbally Co. Laois.\",\"breadcrumb\":{\"@id\":\"https:\/\/dev.tg4.ie\/en\/information\/press\/press-releases\/2025-2\/tg4-to-broadcast-from-sold-out-electric-picnic\/#breadcrumb\"},\"inLanguage\":\"en-ie\",\"potentialAction\":[{\"@type\":\"ReadAction\",\"target\":[\"https:\/\/dev.tg4.ie\/en\/information\/press\/press-releases\/2025-2\/tg4-to-broadcast-from-sold-out-electric-picnic\/\"]}]},{\"@type\":\"ImageObject\",\"inLanguage\":\"en-ie\",\"@id\":\"https:\/\/dev.tg4.ie\/en\/information\/press\/press-releases\/2025-2\/tg4-to-broadcast-from-sold-out-electric-picnic\/#primaryimage\",\"url\":\"https:\/\/dev.tg4.ie\/wp-content\/uploads\/2025\/08\/Beo_on_Electric_Picnic_1-1920x1080-1.jpg\",\"contentUrl\":\"https:\/\/dev.tg4.ie\/wp-content\/uploads\/2025\/08\/Beo_on_Electric_Picnic_1-1920x1080-1.jpg\"},{\"@type\":\"BreadcrumbList\",\"@id\":\"https:\/\/dev.tg4.ie\/en\/information\/press\/press-releases\/2025-2\/tg4-to-broadcast-from-sold-out-electric-picnic\/#breadcrumb\",\"itemListElement\":[{\"@type\":\"ListItem\",\"position\":1,\"name\":\"Home\",\"item\":\"https:\/\/dev.tg4.ie\/en\/\"},{\"@type\":\"ListItem\",\"position\":2,\"name\":\"Information\",\"item\":\"https:\/\/dev.tg4.ie\/en\/information\/\"},{\"@type\":\"ListItem\",\"position\":3,\"name\":\"Press\",\"item\":\"https:\/\/dev.tg4.ie\/en\/information\/press\/\"},{\"@type\":\"ListItem\",\"position\":4,\"name\":\"Press Releases\",\"item\":\"https:\/\/dev.tg4.ie\/en\/information\/press\/press-releases\/\"},{\"@type\":\"ListItem\",\"position\":5,\"name\":\"2025\",\"item\":\"https:\/\/dev.tg4.ie\/en\/information\/press\/press-releases\/2025-2\/\"},{\"@type\":\"ListItem\",\"position\":6,\"name\":\"TG4 to broadcast from sold-out Electric Picnic\"}]},{\"@type\":\"WebSite\",\"@id\":\"https:\/\/dev.tg4.ie\/en\/#website\",\"url\":\"https:\/\/dev.tg4.ie\/en\/\",\"name\":\"TG4\",\"description\":\"S\u00fail Eile\",\"potentialAction\":[{\"@type\":\"SearchAction\",\"target\":{\"@type\":\"EntryPoint\",\"urlTemplate\":\"https:\/\/dev.tg4.ie\/en\/?s={search_term_string}\"},\"query-input\":\"required name=search_term_string\"}],\"inLanguage\":\"en-ie\"}]}<\/script>\n<!-- \/ Yoast SEO plugin. -->","yoast_head_json":{"title":"TG4 to broadcast from sold-out Electric Picnic | Press Release | TG4","description":"TG4 is delighted to announce that the station will be broadcasting from this year\u2019s sold-out Electric Picnic Music & Arts festival in Stradbally Co. Laois.","robots":{"index":"index","follow":"follow","max-snippet":"max-snippet:-1","max-image-preview":"max-image-preview:large","max-video-preview":"max-video-preview:-1"},"og_locale":"en_US","og_type":"article","og_title":"TG4 to broadcast from sold-out Electric Picnic | Press Release | TG4","og_description":"TG4 is delighted to announce that the station will be broadcasting from this year\u2019s sold-out Electric Picnic Music & Arts festival in Stradbally Co. Laois.","og_url":"https:\/\/dev.tg4.ie\/en\/information\/press\/press-releases\/2025-2\/tg4-to-broadcast-from-sold-out-electric-picnic\/","og_site_name":"TG4","article_publisher":"https:\/\/www.facebook.com\/TG4TV","article_modified_time":"2025-08-26T11:55:07+00:00","og_image":[{"url":"https:\/\/dev.tg4.ie\/wp-content\/uploads\/2025\/08\/Beo_on_Electric_Picnic_1-1920x1080-1.jpg"}],"twitter_card":"summary_large_image","twitter_site":"@TG4TV","twitter_misc":{"Est. reading time":"2 minutes"},"schema":{"@context":"https:\/\/schema.org","@graph":[{"@type":"WebPage","@id":"https:\/\/dev.tg4.ie\/en\/information\/press\/press-releases\/2025-2\/tg4-to-broadcast-from-sold-out-electric-picnic\/","url":"https:\/\/dev.tg4.ie\/en\/information\/press\/press-releases\/2025-2\/tg4-to-broadcast-from-sold-out-electric-picnic\/","name":"TG4 to broadcast from sold-out Electric Picnic | Press Release | TG4","isPartOf":{"@id":"https:\/\/dev.tg4.ie\/en\/#website"},"primaryImageOfPage":{"@id":"https:\/\/dev.tg4.ie\/en\/information\/press\/press-releases\/2025-2\/tg4-to-broadcast-from-sold-out-electric-picnic\/#primaryimage"},"image":{"@id":"https:\/\/dev.tg4.ie\/en\/information\/press\/press-releases\/2025-2\/tg4-to-broadcast-from-sold-out-electric-picnic\/#primaryimage"},"thumbnailUrl":"https:\/\/dev.tg4.ie\/wp-content\/uploads\/2025\/08\/Beo_on_Electric_Picnic_1-1920x1080-1.jpg","datePublished":"2025-08-26T11:14:25+00:00","dateModified":"2025-08-26T11:55:07+00:00","description":"TG4 is delighted to announce that the station will be broadcasting from this year\u2019s sold-out Electric Picnic Music & Arts festival in Stradbally Co. Laois.","breadcrumb":{"@id":"https:\/\/dev.tg4.ie\/en\/information\/press\/press-releases\/2025-2\/tg4-to-broadcast-from-sold-out-electric-picnic\/#breadcrumb"},"inLanguage":"en-ie","potentialAction":[{"@type":"ReadAction","target":["https:\/\/dev.tg4.ie\/en\/information\/press\/press-releases\/2025-2\/tg4-to-broadcast-from-sold-out-electric-picnic\/"]}]},{"@type":"ImageObject","inLanguage":"en-ie","@id":"https:\/\/dev.tg4.ie\/en\/information\/press\/press-releases\/2025-2\/tg4-to-broadcast-from-sold-out-electric-picnic\/#primaryimage","url":"https:\/\/dev.tg4.ie\/wp-content\/uploads\/2025\/08\/Beo_on_Electric_Picnic_1-1920x1080-1.jpg","contentUrl":"https:\/\/dev.tg4.ie\/wp-content\/uploads\/2025\/08\/Beo_on_Electric_Picnic_1-1920x1080-1.jpg"},{"@type":"BreadcrumbList","@id":"https:\/\/dev.tg4.ie\/en\/information\/press\/press-releases\/2025-2\/tg4-to-broadcast-from-sold-out-electric-picnic\/#breadcrumb","itemListElement":[{"@type":"ListItem","position":1,"name":"Home","item":"https:\/\/dev.tg4.ie\/en\/"},{"@type":"ListItem","position":2,"name":"Information","item":"https:\/\/dev.tg4.ie\/en\/information\/"},{"@type":"ListItem","position":3,"name":"Press","item":"https:\/\/dev.tg4.ie\/en\/information\/press\/"},{"@type":"ListItem","position":4,"name":"Press Releases","item":"https:\/\/dev.tg4.ie\/en\/information\/press\/press-releases\/"},{"@type":"ListItem","position":5,"name":"2025","item":"https:\/\/dev.tg4.ie\/en\/information\/press\/press-releases\/2025-2\/"},{"@type":"ListItem","position":6,"name":"TG4 to broadcast from sold-out Electric Picnic"}]},{"@type":"WebSite","@id":"https:\/\/dev.tg4.ie\/en\/#website","url":"https:\/\/dev.tg4.ie\/en\/","name":"TG4","description":"S\u00fail Eile","potentialAction":[{"@type":"SearchAction","target":{"@type":"EntryPoint","urlTemplate":"https:\/\/dev.tg4.ie\/en\/?s={search_term_string}"},"query-input":"required name=search_term_string"}],"inLanguage":"en-ie"}]}},"_links":{"self":[{"href":"https:\/\/dev.tg4.ie\/en\/wp-json\/wp\/v2\/pages\/247211"}],"collection":[{"href":"https:\/\/dev.tg4.ie\/en\/wp-json\/wp\/v2\/pages"}],"about":[{"href":"https:\/\/dev.tg4.ie\/en\/wp-json\/wp\/v2\/types\/page"}],"author":[{"embeddable":true,"href":"https:\/\/dev.tg4.ie\/en\/wp-json\/wp\/v2\/users\/876"}],"replies":[{"embeddable":true,"href":"https:\/\/dev.tg4.ie\/en\/wp-json\/wp\/v2\/comments?post=247211"}],"version-history":[{"count":0,"href":"https:\/\/dev.tg4.ie\/en\/wp-json\/wp\/v2\/pages\/247211\/revisions"}],"up":[{"embeddable":true,"href":"https:\/\/dev.tg4.ie\/en\/wp-json\/wp\/v2\/pages\/236809"}],"wp:attachment":[{"href":"https:\/\/dev.tg4.ie\/en\/wp-json\/wp\/v2\/media?parent=247211"}],"curies":[{"name":"wp","href":"https:\/\/api.w.org\/{rel}","templated":true}]}}