{"id":247358,"date":"2025-09-09T09:24:30","date_gmt":"2025-09-09T08:24:30","guid":{"rendered":"https:\/\/dev.tg4.ie\/information\/press\/press-releases\/2025-2\/gradam-ceoil-ag-expo\/"},"modified":"2025-09-09T09:37:06","modified_gmt":"2025-09-09T08:37:06","slug":"eire-to-expo-the-best-of-irish-music-and-dance","status":"publish","type":"page","link":"https:\/\/dev.tg4.ie\/en\/information\/press\/press-releases\/2025-2\/eire-to-expo-the-best-of-irish-music-and-dance\/","title":{"rendered":"\u00c9ire to Expo: The Best of Irish Music and Dance"},"content":{"rendered":"<p><img loading=\"lazy\" decoding=\"async\" width=\"1920\" height=\"1080\" src=\"https:\/\/tg4-docs.s3.amazonaws.com\/wp-content\/uploads\/2025\/09\/09091801\/GradamExpo2025_1-1920x1080-1.jpg\" alt=\"\" class=\"aligncenter size-full wp-image-247353\" srcset=\"https:\/\/tg4-docs.s3.amazonaws.com\/wp-content\/uploads\/2025\/09\/09091801\/GradamExpo2025_1-1920x1080-1.jpg 1920w, https:\/\/tg4-docs.s3.amazonaws.com\/wp-content\/uploads\/2025\/09\/09091801\/GradamExpo2025_1-1920x1080-1-250x141.jpg 250w, https:\/\/tg4-docs.s3.amazonaws.com\/wp-content\/uploads\/2025\/09\/09091801\/GradamExpo2025_1-1920x1080-1-700x394.jpg 700w, https:\/\/tg4-docs.s3.amazonaws.com\/wp-content\/uploads\/2025\/09\/09091801\/GradamExpo2025_1-1920x1080-1-252x141.jpg 252w, https:\/\/tg4-docs.s3.amazonaws.com\/wp-content\/uploads\/2025\/09\/09091801\/GradamExpo2025_1-1920x1080-1-1536x864.jpg 1536w, https:\/\/tg4-docs.s3.amazonaws.com\/wp-content\/uploads\/2025\/09\/09091801\/GradamExpo2025_1-1920x1080-1-120x68.jpg 120w\" sizes=\"(max-width: 1920px) 100vw, 1920px\" \/><br \/>\n&nbsp;<br \/>\n#GradamExpo25<br \/>\n&nbsp;<\/p>\n<p><strong>\u00c9ire to Expo: The Best of Irish Music and Dance<\/strong> presented by <strong>Gradam Ceoil TG4<\/strong> and Big Mountain Productions, supported by the Department of Foreign Affairs and Trade along with the Irish Language Broadcast Fund (ILBF). We look forward to broadcasting this gala concert and documentary on TG4 soon.<br \/>\n&nbsp;<br \/>\nTonight (08\/09\/25), audiences will experience a spectacular celebration of Irish and Japanese folk traditions at <strong>\u00c9ire to Expo: The Best of Irish Music and Dance<\/strong>, presented by <strong>Gradam Ceoil TG4<\/strong> and Big Mountain Productions, supported by the Department of Foreign Affairs and Trade along with the Irish Language Broadcast Fund (ILBF). This one night only concert brings together world-class musicians, dancers, and singers from two island nations on opposite sides of the globe for a unique cultural fusion.<br \/>\n&nbsp;<br \/>\nSeven recipients of the illustrious Gradam Ceoil TG4,Ireland\u2019s foremost celebration of the \u2018best of the best\u2019 of Irish traditional music, take to the stage: <\/p>\n<ul>\n<li><strong>Gradam Ceoil TG4 2025 \/ Musician \u2013 Siobh\u00e1n Peoples<\/strong><\/li>\n<li><strong>Amhr\u00e1na\u00ed TG4 2025 \/ Singer \u2013 Cathy Jordan<\/strong><\/li>\n<li><strong>Gradam Saoil TG4 2025 \/ Lifetime Achievement \u2013 Matt Cranitch<\/strong><\/li>\n<li><strong>Gr\u00fapa Ceoil TG4 2025 \/ Music Group \u2013 Flook<\/strong><\/li>\n<li><strong>Ceolt\u00f3ir \u00d3g TG4 2025 \/ Young Musician \u2013 Colm Broderick<\/strong><\/li>\n<li><strong>Cumad\u00f3ir TG4 2025 \/ Composer \u2013 Johnny \u00d3g Connolly<\/strong><\/li>\n<li><strong>Gradam Comaoine TG4 2025 \/ Outstanding Contribution \u2013 \u00c1ine Hensey<\/strong><\/li>\n<\/ul>\n<p>They will be joined by pianist <strong>Rod McVey<\/strong>, sean-n\u00f3s dancer <strong>Becky N\u00ed \u00c9allaithe<\/strong>, and renowned musical director and composer <strong>Neil Martin<\/strong>.<br \/>\n&nbsp;<br \/>\nFrom Japan: <\/p>\n<ul>\n<li>Singer <strong>Misako Koya<\/strong><\/li>\n<li>Dancer <strong>Taka Hayashi<\/strong><\/li>\n<li>Flautist <strong>Kozo Toyota<\/strong><\/li>\n<li>Taiko drummers <strong>Hiro Hayasida<\/strong> and son <strong>Luke<\/strong><\/li>\n<li>Piper <strong>Mr. Atsushi Yamane<\/strong><\/li>\n<li>Snare drummer <strong>Mrs. Yamane<\/strong><\/li>\n<li>Bon Odori dancers <strong>Yukiko Nakanishi<\/strong> and <strong>Wataru Kikuchi<\/strong><\/li>\n<\/ul>\n<p>Together, this incomparable line-up will showcase specially arranged classics such as The Mountains of Pomeroy alongside a world premiere honouring the life of Irish-born Japanese writer Yakumo Koizumi (Lafcadio Hearn).<br \/>\n&nbsp;<br \/>\nSince the opening of Expo 2025 Osaka in April, Ireland has joined 160 participating countries in welcoming over 19 million visitors to date. Ireland\u2019s Pavilion, designed by the OPW, has staged daily sold-out performances of Irish music, exhibited Irish artists and hosted high-level political and trade delegations. This has provided a unique opportunity to promote Ireland to a global audience, in a region where Ireland has significant trade and investment priorities and ambitions.<br \/>\n&nbsp;<br \/>\n<strong>Proinsias N\u00ed Ghr\u00e1inne, Commissioning Editor, TG4<\/strong> said that <em>\u201cGradam Ceoil TG4 is deeply honoured to have been invited by the Department of Foreign Affairs and World Expo to present and film this global celebration of Irish music, song, and dance.  This marks the first time Gradam has been staged outside of Ireland, highlighting its unique status as the foremost annual event representing the values of the traditional music community. It also recognises the vital bridge that Gradam Ceoil and Irish traditional music  creates between Ireland and communities around the world. We hope that the broadcast of this gala concert and documentary on TG4 in a few months, and across international media platforms, will enrich and deepen the relationship between Ireland and Japan for many years to come.\u201d<\/em><br \/>\n&nbsp;<br \/>\n<strong>Jane Kelly, Big Mountain Productions<\/strong>, <em>&#8220;We are thrilled to be producing this landmark concert and film for TG4 and DFA with support from ILBF. This project has been almost 2 years in development and we are indebted to our brilliant live music specialist production and delivery team as we put on a show for 2000 people as part of The World Expo 2025.&#8221;<\/em><br \/>\n&nbsp;<br \/>\n<strong>\u00c1ine Walsh, Head of Irish Language Broadcast Fund, Northern Ireland Screen<\/strong>, <em>\u201cWe are delighted to be able to support this project which will celebrate the shared cultural connections between the two island nations of Ireland and Japan. This is a fantastic achievement by Newry based company Big Mountain and we look forward to watching the cream of Irish traditional performers and their Japanese counterparts take to the stage.\u201d<\/em><br \/>\n&nbsp;<br \/>\n&nbsp;<\/p>\n<p><strong><u>Additional information:<\/u><\/strong><br \/>\n&nbsp;<br \/>\n<strong>TG4<\/strong> <\/p>\n<p>TG4 is the Irish language channel in Ireland. It is a free-to-air channel, available across all viewing platforms, with a strong viewer base throughout the island of Ireland. Over 80% of the Irish population tuned into TG4 at some point last year. TG4 is recognised for its Cultural &#038; Music content together with Documentaries, Sports &#038; Kids content. TG4 can be viewed free worldwide on the TG4 Player App or via <a href=\"https:\/\/dev.tg4.ie\" rel=\"noopener\" target=\"_blank\">www.tg4.ie<\/a>.<br \/>\n&nbsp;<br \/>\n<strong>Ireland at Expo 2025 Osaka<\/strong> <\/p>\n<p>Expo 2025 Osaka, Kansai is taking place from 13 April to 13 October 2025. <\/p>\n<p>Over 160 countries and international organisations are participating in Expo 2025. Over the course of six months, millions of people will visit Osaka to absorb and participate in diverse experiences from around the world. The theme of Expo 2025 is \u2018Designing Future Society for Our Lives\u2019, with three sub-themes of saving lives, connecting lives and empowering lives. Through this theme, this promises to be a World Expo that inspires people by showcasing the best examples of collaboration, innovation and cooperation from around the world. Japan is one of Ireland\u2019s largest trading partners in Asia with annual two-way trade valued at over \u20ac21.5 billion. It is the largest source of Foreign Direct Investment into Ireland from the Asia-Pacific region. The objective of the Global Ireland Strategy- a multi-annual, whole-of-government initiative, is to double the scope and impact of Ireland\u2019s global engagement by 2025. The strategy places emphasis on building awareness of Ireland abroad. Participation in Expo provides a unique platform to engage directly with the Japanese public and with visitors from across the region.  <\/p>\n<p>The Ireland Pavilion at Expo 2025 is a key part of the Ireland Japan 2025 programme, a year-long series of activities designed to increase Ireland\u2019s presence and visibility, including through the recent opening of a new Ireland House, and to strengthen our existing political, economic and people-to-people links. Designed by Office of Public Works architects, the Ireland Pavilion is inspired by the ancient Celtic motif of the triskele. The Ireland Pavilion will serve as a hub for Irish organisations, Team Ireland, the diaspora and affinity diaspora, and as a place where connections with Ireland are fostered. An immersive visitor experience will provide all visitors with a better understanding of Ireland\u2019s culture, its people, and its ties with Japan. <\/p>\n<p>More information on Ireland at Expo is available at Ireland.ie\/Expo and Ireland Japan 2025 is available at <a href=\"https:\/\/www.ireland.ie\/en\/japan\/Ireland-Japan-2025\/\" rel=\"noopener\" target=\"_blank\">Ireland.ie\/IrelandJapan2025<\/a><br \/>\n&nbsp;<br \/>\n<strong>Big Mountain Productions<\/strong> <\/p>\n<p>Big Mountain is one of Ireland\u2019s leading independent television production companies specialising in music and event programming for a range of broadcasters in Ireland, the UK and the USA.<br \/>\nIrish Language Broadcast Fund <\/p>\n<p>Northern Ireland Screen\u2019s Irish Language Broadcast Fund, which is celebrating its 20th anniversary this year, has a dual remit of supporting high quality Irish language content, with the Ulster dialect to the fore and nurturing the growth of Northern Ireland\u2019s independent production sector. <a href=\"https:\/\/northernirelandscreen.co.uk\/\" rel=\"noopener\" target=\"_blank\">www.northernirelandscreen.co.uk<\/a><br \/>\n&nbsp;<br \/>\n&nbsp;<\/p>\n","protected":false},"excerpt":{"rendered":"<p>&nbsp; #GradamExpo25 &nbsp; \u00c9ire to Expo: The Best of Irish Music and Dance presented by Gradam Ceoil TG4 and Big Mountain Productions, supported by the Department of Foreign Affairs and Trade along with the Irish Language Broadcast Fund (ILBF). We look forward to broadcasting this gala concert and documentary on TG4 soon. &nbsp; Tonight (08\/09\/25), [&hellip;]<\/p>\n","protected":false},"author":876,"featured_media":0,"parent":236809,"menu_order":49,"comment_status":"closed","ping_status":"closed","template":"page-templates\/template-pr.php","meta":{"_acf_changed":false,"footnotes":""},"acf":[],"yoast_head":"<!-- This site is optimized with the Yoast SEO plugin v22.6 - https:\/\/yoast.com\/wordpress\/plugins\/seo\/ -->\n<title>\u00c9ire to Expo: The Best of Irish Music and Dance | Press Release | TG4<\/title>\n<meta name=\"description\" content=\"\u00c9ire to Expo: The Best of Irish Music and Dance presented by Gradam Ceoil TG4 and Big Mountain Productions, supported by the Department of Foreign Affairs and Trade along with the Irish Language Broadcast Fund (ILBF). We look forward to broadcasting this gala concert and documentary on TG4 soon.\" \/>\n<meta name=\"robots\" content=\"index, follow, max-snippet:-1, max-image-preview:large, max-video-preview:-1\" \/>\n<meta property=\"og:locale\" content=\"en_US\" \/>\n<meta property=\"og:type\" content=\"article\" \/>\n<meta property=\"og:title\" content=\"\u00c9ire to Expo: The Best of Irish Music and Dance | Press Release | TG4\" \/>\n<meta property=\"og:description\" content=\"\u00c9ire to Expo: The Best of Irish Music and Dance presented by Gradam Ceoil TG4 and Big Mountain Productions, supported by the Department of Foreign Affairs and Trade along with the Irish Language Broadcast Fund (ILBF). We look forward to broadcasting this gala concert and documentary on TG4 soon.\" \/>\n<meta property=\"og:url\" content=\"https:\/\/dev.tg4.ie\/en\/information\/press\/press-releases\/2025-2\/eire-to-expo-the-best-of-irish-music-and-dance\/\" \/>\n<meta property=\"og:site_name\" content=\"TG4\" \/>\n<meta property=\"article:publisher\" content=\"https:\/\/www.facebook.com\/TG4TV\" \/>\n<meta property=\"article:modified_time\" content=\"2025-09-09T08:37:06+00:00\" \/>\n<meta property=\"og:image\" content=\"https:\/\/dev.tg4.ie\/wp-content\/uploads\/2025\/09\/GradamExpo2025_1-1920x1080-1.jpg\" \/>\n<meta name=\"twitter:card\" content=\"summary_large_image\" \/>\n<meta name=\"twitter:site\" content=\"@TG4TV\" \/>\n<meta name=\"twitter:label1\" content=\"Est. reading time\" \/>\n\t<meta name=\"twitter:data1\" content=\"6 minutes\" \/>\n<script type=\"application\/ld+json\" class=\"yoast-schema-graph\">{\"@context\":\"https:\/\/schema.org\",\"@graph\":[{\"@type\":\"WebPage\",\"@id\":\"https:\/\/dev.tg4.ie\/en\/information\/press\/press-releases\/2025-2\/eire-to-expo-the-best-of-irish-music-and-dance\/\",\"url\":\"https:\/\/dev.tg4.ie\/en\/information\/press\/press-releases\/2025-2\/eire-to-expo-the-best-of-irish-music-and-dance\/\",\"name\":\"\u00c9ire to Expo: The Best of Irish Music and Dance | Press Release | TG4\",\"isPartOf\":{\"@id\":\"https:\/\/dev.tg4.ie\/en\/#website\"},\"primaryImageOfPage\":{\"@id\":\"https:\/\/dev.tg4.ie\/en\/information\/press\/press-releases\/2025-2\/eire-to-expo-the-best-of-irish-music-and-dance\/#primaryimage\"},\"image\":{\"@id\":\"https:\/\/dev.tg4.ie\/en\/information\/press\/press-releases\/2025-2\/eire-to-expo-the-best-of-irish-music-and-dance\/#primaryimage\"},\"thumbnailUrl\":\"https:\/\/dev.tg4.ie\/wp-content\/uploads\/2025\/09\/GradamExpo2025_1-1920x1080-1.jpg\",\"datePublished\":\"2025-09-09T08:24:30+00:00\",\"dateModified\":\"2025-09-09T08:37:06+00:00\",\"description\":\"\u00c9ire to Expo: The Best of Irish Music and Dance presented by Gradam Ceoil TG4 and Big Mountain Productions, supported by the Department of Foreign Affairs and Trade along with the Irish Language Broadcast Fund (ILBF). We look forward to broadcasting this gala concert and documentary on TG4 soon.\",\"breadcrumb\":{\"@id\":\"https:\/\/dev.tg4.ie\/en\/information\/press\/press-releases\/2025-2\/eire-to-expo-the-best-of-irish-music-and-dance\/#breadcrumb\"},\"inLanguage\":\"en-ie\",\"potentialAction\":[{\"@type\":\"ReadAction\",\"target\":[\"https:\/\/dev.tg4.ie\/en\/information\/press\/press-releases\/2025-2\/eire-to-expo-the-best-of-irish-music-and-dance\/\"]}]},{\"@type\":\"ImageObject\",\"inLanguage\":\"en-ie\",\"@id\":\"https:\/\/dev.tg4.ie\/en\/information\/press\/press-releases\/2025-2\/eire-to-expo-the-best-of-irish-music-and-dance\/#primaryimage\",\"url\":\"https:\/\/dev.tg4.ie\/wp-content\/uploads\/2025\/09\/GradamExpo2025_1-1920x1080-1.jpg\",\"contentUrl\":\"https:\/\/dev.tg4.ie\/wp-content\/uploads\/2025\/09\/GradamExpo2025_1-1920x1080-1.jpg\"},{\"@type\":\"BreadcrumbList\",\"@id\":\"https:\/\/dev.tg4.ie\/en\/information\/press\/press-releases\/2025-2\/eire-to-expo-the-best-of-irish-music-and-dance\/#breadcrumb\",\"itemListElement\":[{\"@type\":\"ListItem\",\"position\":1,\"name\":\"Home\",\"item\":\"https:\/\/dev.tg4.ie\/en\/\"},{\"@type\":\"ListItem\",\"position\":2,\"name\":\"Information\",\"item\":\"https:\/\/dev.tg4.ie\/en\/information\/\"},{\"@type\":\"ListItem\",\"position\":3,\"name\":\"Press\",\"item\":\"https:\/\/dev.tg4.ie\/en\/information\/press\/\"},{\"@type\":\"ListItem\",\"position\":4,\"name\":\"Press Releases\",\"item\":\"https:\/\/dev.tg4.ie\/en\/information\/press\/press-releases\/\"},{\"@type\":\"ListItem\",\"position\":5,\"name\":\"2025\",\"item\":\"https:\/\/dev.tg4.ie\/en\/information\/press\/press-releases\/2025-2\/\"},{\"@type\":\"ListItem\",\"position\":6,\"name\":\"\u00c9ire to Expo: The Best of Irish Music and Dance\"}]},{\"@type\":\"WebSite\",\"@id\":\"https:\/\/dev.tg4.ie\/en\/#website\",\"url\":\"https:\/\/dev.tg4.ie\/en\/\",\"name\":\"TG4\",\"description\":\"S\u00fail Eile\",\"potentialAction\":[{\"@type\":\"SearchAction\",\"target\":{\"@type\":\"EntryPoint\",\"urlTemplate\":\"https:\/\/dev.tg4.ie\/en\/?s={search_term_string}\"},\"query-input\":\"required name=search_term_string\"}],\"inLanguage\":\"en-ie\"}]}<\/script>\n<!-- \/ Yoast SEO plugin. -->","yoast_head_json":{"title":"\u00c9ire to Expo: The Best of Irish Music and Dance | Press Release | TG4","description":"\u00c9ire to Expo: The Best of Irish Music and Dance presented by Gradam Ceoil TG4 and Big Mountain Productions, supported by the Department of Foreign Affairs and Trade along with the Irish Language Broadcast Fund (ILBF). We look forward to broadcasting this gala concert and documentary on TG4 soon.","robots":{"index":"index","follow":"follow","max-snippet":"max-snippet:-1","max-image-preview":"max-image-preview:large","max-video-preview":"max-video-preview:-1"},"og_locale":"en_US","og_type":"article","og_title":"\u00c9ire to Expo: The Best of Irish Music and Dance | Press Release | TG4","og_description":"\u00c9ire to Expo: The Best of Irish Music and Dance presented by Gradam Ceoil TG4 and Big Mountain Productions, supported by the Department of Foreign Affairs and Trade along with the Irish Language Broadcast Fund (ILBF). We look forward to broadcasting this gala concert and documentary on TG4 soon.","og_url":"https:\/\/dev.tg4.ie\/en\/information\/press\/press-releases\/2025-2\/eire-to-expo-the-best-of-irish-music-and-dance\/","og_site_name":"TG4","article_publisher":"https:\/\/www.facebook.com\/TG4TV","article_modified_time":"2025-09-09T08:37:06+00:00","og_image":[{"url":"https:\/\/dev.tg4.ie\/wp-content\/uploads\/2025\/09\/GradamExpo2025_1-1920x1080-1.jpg"}],"twitter_card":"summary_large_image","twitter_site":"@TG4TV","twitter_misc":{"Est. reading time":"6 minutes"},"schema":{"@context":"https:\/\/schema.org","@graph":[{"@type":"WebPage","@id":"https:\/\/dev.tg4.ie\/en\/information\/press\/press-releases\/2025-2\/eire-to-expo-the-best-of-irish-music-and-dance\/","url":"https:\/\/dev.tg4.ie\/en\/information\/press\/press-releases\/2025-2\/eire-to-expo-the-best-of-irish-music-and-dance\/","name":"\u00c9ire to Expo: The Best of Irish Music and Dance | Press Release | TG4","isPartOf":{"@id":"https:\/\/dev.tg4.ie\/en\/#website"},"primaryImageOfPage":{"@id":"https:\/\/dev.tg4.ie\/en\/information\/press\/press-releases\/2025-2\/eire-to-expo-the-best-of-irish-music-and-dance\/#primaryimage"},"image":{"@id":"https:\/\/dev.tg4.ie\/en\/information\/press\/press-releases\/2025-2\/eire-to-expo-the-best-of-irish-music-and-dance\/#primaryimage"},"thumbnailUrl":"https:\/\/dev.tg4.ie\/wp-content\/uploads\/2025\/09\/GradamExpo2025_1-1920x1080-1.jpg","datePublished":"2025-09-09T08:24:30+00:00","dateModified":"2025-09-09T08:37:06+00:00","description":"\u00c9ire to Expo: The Best of Irish Music and Dance presented by Gradam Ceoil TG4 and Big Mountain Productions, supported by the Department of Foreign Affairs and Trade along with the Irish Language Broadcast Fund (ILBF). We look forward to broadcasting this gala concert and documentary on TG4 soon.","breadcrumb":{"@id":"https:\/\/dev.tg4.ie\/en\/information\/press\/press-releases\/2025-2\/eire-to-expo-the-best-of-irish-music-and-dance\/#breadcrumb"},"inLanguage":"en-ie","potentialAction":[{"@type":"ReadAction","target":["https:\/\/dev.tg4.ie\/en\/information\/press\/press-releases\/2025-2\/eire-to-expo-the-best-of-irish-music-and-dance\/"]}]},{"@type":"ImageObject","inLanguage":"en-ie","@id":"https:\/\/dev.tg4.ie\/en\/information\/press\/press-releases\/2025-2\/eire-to-expo-the-best-of-irish-music-and-dance\/#primaryimage","url":"https:\/\/dev.tg4.ie\/wp-content\/uploads\/2025\/09\/GradamExpo2025_1-1920x1080-1.jpg","contentUrl":"https:\/\/dev.tg4.ie\/wp-content\/uploads\/2025\/09\/GradamExpo2025_1-1920x1080-1.jpg"},{"@type":"BreadcrumbList","@id":"https:\/\/dev.tg4.ie\/en\/information\/press\/press-releases\/2025-2\/eire-to-expo-the-best-of-irish-music-and-dance\/#breadcrumb","itemListElement":[{"@type":"ListItem","position":1,"name":"Home","item":"https:\/\/dev.tg4.ie\/en\/"},{"@type":"ListItem","position":2,"name":"Information","item":"https:\/\/dev.tg4.ie\/en\/information\/"},{"@type":"ListItem","position":3,"name":"Press","item":"https:\/\/dev.tg4.ie\/en\/information\/press\/"},{"@type":"ListItem","position":4,"name":"Press Releases","item":"https:\/\/dev.tg4.ie\/en\/information\/press\/press-releases\/"},{"@type":"ListItem","position":5,"name":"2025","item":"https:\/\/dev.tg4.ie\/en\/information\/press\/press-releases\/2025-2\/"},{"@type":"ListItem","position":6,"name":"\u00c9ire to Expo: The Best of Irish Music and Dance"}]},{"@type":"WebSite","@id":"https:\/\/dev.tg4.ie\/en\/#website","url":"https:\/\/dev.tg4.ie\/en\/","name":"TG4","description":"S\u00fail Eile","potentialAction":[{"@type":"SearchAction","target":{"@type":"EntryPoint","urlTemplate":"https:\/\/dev.tg4.ie\/en\/?s={search_term_string}"},"query-input":"required name=search_term_string"}],"inLanguage":"en-ie"}]}},"_links":{"self":[{"href":"https:\/\/dev.tg4.ie\/en\/wp-json\/wp\/v2\/pages\/247358"}],"collection":[{"href":"https:\/\/dev.tg4.ie\/en\/wp-json\/wp\/v2\/pages"}],"about":[{"href":"https:\/\/dev.tg4.ie\/en\/wp-json\/wp\/v2\/types\/page"}],"author":[{"embeddable":true,"href":"https:\/\/dev.tg4.ie\/en\/wp-json\/wp\/v2\/users\/876"}],"replies":[{"embeddable":true,"href":"https:\/\/dev.tg4.ie\/en\/wp-json\/wp\/v2\/comments?post=247358"}],"version-history":[{"count":0,"href":"https:\/\/dev.tg4.ie\/en\/wp-json\/wp\/v2\/pages\/247358\/revisions"}],"up":[{"embeddable":true,"href":"https:\/\/dev.tg4.ie\/en\/wp-json\/wp\/v2\/pages\/236809"}],"wp:attachment":[{"href":"https:\/\/dev.tg4.ie\/en\/wp-json\/wp\/v2\/media?parent=247358"}],"curies":[{"name":"wp","href":"https:\/\/api.w.org\/{rel}","templated":true}]}}