{"id":247393,"date":"2025-09-11T16:21:38","date_gmt":"2025-09-11T15:21:38","guid":{"rendered":"https:\/\/dev.tg4.ie\/information\/press\/press-releases\/2025-2\/ros-na-run-ag-ceiliuradh-30-seasur-agus-den-chead-uair-riamh-beidh-na-clair-le-fail-ar-sheinnteoir-tg4-sula-gcraolfar-ar-an-teilifis-iad\/"},"modified":"2025-09-11T16:28:59","modified_gmt":"2025-09-11T15:28:59","slug":"ros-na-run-marks-30th-season-with-first-ever-early-drop-on-tg4-player","status":"publish","type":"page","link":"https:\/\/dev.tg4.ie\/en\/information\/press\/press-releases\/2025-2\/ros-na-run-marks-30th-season-with-first-ever-early-drop-on-tg4-player\/","title":{"rendered":"Ros na\u00a0R\u00fan Marks 30th Season with First Ever Early Drop on TG4 Player"},"content":{"rendered":"<p><img loading=\"lazy\" decoding=\"async\" width=\"1920\" height=\"1080\" src=\"https:\/\/tg4-docs.s3.amazonaws.com\/wp-content\/uploads\/2025\/09\/11161717\/Ros_na_Run_Sr30_1-1920x1080-1.jpg\" alt=\"\" class=\"aligncenter size-full wp-image-247390\" srcset=\"https:\/\/tg4-docs.s3.amazonaws.com\/wp-content\/uploads\/2025\/09\/11161717\/Ros_na_Run_Sr30_1-1920x1080-1.jpg 1920w, https:\/\/tg4-docs.s3.amazonaws.com\/wp-content\/uploads\/2025\/09\/11161717\/Ros_na_Run_Sr30_1-1920x1080-1-250x141.jpg 250w, https:\/\/tg4-docs.s3.amazonaws.com\/wp-content\/uploads\/2025\/09\/11161717\/Ros_na_Run_Sr30_1-1920x1080-1-700x394.jpg 700w, https:\/\/tg4-docs.s3.amazonaws.com\/wp-content\/uploads\/2025\/09\/11161717\/Ros_na_Run_Sr30_1-1920x1080-1-252x141.jpg 252w, https:\/\/tg4-docs.s3.amazonaws.com\/wp-content\/uploads\/2025\/09\/11161717\/Ros_na_Run_Sr30_1-1920x1080-1-1536x864.jpg 1536w, https:\/\/tg4-docs.s3.amazonaws.com\/wp-content\/uploads\/2025\/09\/11161717\/Ros_na_Run_Sr30_1-1920x1080-1-120x68.jpg 120w\" sizes=\"(max-width: 1920px) 100vw, 1920px\" \/><br \/>\n&nbsp;<br \/>\nRos na R\u00fan available every Monday and Wednesday on the TG4 Player. <a href=\"https:\/\/nasc.tg4.tv\/Ros_na_R\u00fan\" rel=\"noopener\" target=\"_blank\">https:\/\/nasc.tg4.tv\/Ros_na_R\u00fan<\/a><br \/>\n&nbsp;<br \/>\n<iframe loading=\"lazy\" width=\"560\" height=\"315\" src=\"https:\/\/www.youtube.com\/embed\/sjGhQvWWrHw?si=JVP3KLEY6Rts0Mov\" title=\"YouTube video player\" frameborder=\"0\" allow=\"accelerometer; autoplay; clipboard-write; encrypted-media; gyroscope; picture-in-picture; web-share\" referrerpolicy=\"strict-origin-when-cross-origin\" allowfullscreen><\/iframe><br \/>\n&nbsp;<br \/>\nHigh Resolution Images: <a href=\"https:\/\/flic.kr\/s\/aHBqjCtS3M\" rel=\"noopener\" target=\"_blank\">https:\/\/flic.kr\/s\/aHBqjCtS3M<\/a> Credit: Eoin Collins<br \/>\n&nbsp;<br \/>\n<strong>TG4<\/strong> is delighted to announce a new digital first release for fans of Ros na R\u00fan, Ireland\u2019s flagship Irish language drama. Beginning 16 September 2025, each new episode of the milestone 30th season will be available to stream on the <strong>TG4 Player (TG4.ie)<\/strong> every Monday and Wednesday giving audiences the chance to watch one day ahead of the <strong>TG4<\/strong> broadcast at 20:30. This digital-first approach marks an exciting step forward in expanding and deepening Ros na R\u00fan\u2019s already strong worldwide audience.<br \/>\n&nbsp;<br \/>\nThe digital first episode of the new series of Ros na R\u00fan will be available on the <strong>TG4 Player<\/strong> next Monday September 15th.<br \/>\n&nbsp;<br \/>\nThis move is part of <strong>TG4\u2019s<\/strong> ongoing strategy to provide platform neutral content and to ensure that audiences can access their favourite programmes on demand, anytime and anywhere. Ros na R\u00fan has a loyal and regular audience on the <strong>TG4 Player<\/strong>, as viewing habits continue to evolve, TG4 is committed to meeting the needs of audiences who choose to watch content at a time that suits their schedules; online, on mobile, or on smart televisions.<br \/>\n&nbsp;<br \/>\nProduced by L\u00e9iri\u00fach\u00e1n RnR, <em>Ros na R\u00fan<\/em> has been a cornerstone of Irish language broadcasting for three decades, captivating audiences with bold storylines, contemporary themes, and authentic portrayals of life in a modern Gaeltacht community. Entering its 30th season, the series remains as relevant and compelling as ever.<br \/>\n&nbsp;<br \/>\n<strong>Deirdre N\u00ed Choist\u00edn, Director General of TG4<\/strong>, added <em>\u201cWe are delighted to mark the 30th season of Ros na R\u00fan, strengthening our TG4 Gach \u00c1it strategy by dropping episodes on the TG4 Player ahead of television broadcast. This change reflects TG4\u2019s ambition to provide more platform neutral content to satisfy our audiences who enjoy content on demand. Ros na R\u00fan is central to TG4\u2019s programming and has played a vital role in connecting viewers with contemporary Irish language storytelling for three decades. We are proud to continue building on that legacy while embracing the digital future.\u201d <\/em><br \/>\n&nbsp;<br \/>\n<strong>Siobh\u00e1n N\u00ed Ghadhra, Executive Producer on Ros na R\u00fan<\/strong> said: <em>&#8220;We\u2019re proud to celebrate 30 years of storytelling in Ros na R\u00fan and thrilled to launch our first digital drop, bringing beloved moments to our loyal audience in fresh and exciting ways. We look forward to working with TG4 on this initiative to ensure Ros na R\u00fan is available to a wide audience, across all platforms on the TG4 player.&#8221;<\/em><br \/>\n&nbsp;<br \/>\nSince first airing in 1996, Ros na R\u00fan has grown into one of Ireland\u2019s most enduring and beloved dramas, tackling difficult issues with honesty while also delivering warmth, humour, and entertainment. With early access now available on the <strong>TG4 Player<\/strong>, the series is poised to continue expanding its reach, satisfying longtime fans and attracting new viewers at home and abroad.<br \/>\n&nbsp;<br \/>\n&nbsp;<\/p>\n","protected":false},"excerpt":{"rendered":"<p>&nbsp; Ros na R\u00fan available every Monday and Wednesday on the TG4 Player. https:\/\/nasc.tg4.tv\/Ros_na_R\u00fan &nbsp; &nbsp; High Resolution Images: https:\/\/flic.kr\/s\/aHBqjCtS3M Credit: Eoin Collins &nbsp; TG4 is delighted to announce a new digital first release for fans of Ros na R\u00fan, Ireland\u2019s flagship Irish language drama. Beginning 16 September 2025, each new episode of the milestone [&hellip;]<\/p>\n","protected":false},"author":876,"featured_media":0,"parent":236809,"menu_order":50,"comment_status":"closed","ping_status":"closed","template":"page-templates\/template-pr.php","meta":{"_acf_changed":false,"footnotes":""},"acf":[],"yoast_head":"<!-- This site is optimized with the Yoast SEO plugin v22.6 - https:\/\/yoast.com\/wordpress\/plugins\/seo\/ -->\n<title>Ros na\u00a0R\u00fan Marks 30th Season with First Ever Early Drop on TG4 Player | Press Release | TG4<\/title>\n<meta name=\"description\" content=\"TG4 is delighted to announce a new digital first release for fans of Ros na R\u00fan, Ireland\u2019s flagship Irish language drama. Beginning 16 September 2025, each new episode of the milestone 30th season will be available to stream on the TG4 Player (TG4.ie) every Monday and Wednesday giving audiences the chance to watch one day ahead of the TG4 broadcast.\" \/>\n<meta name=\"robots\" content=\"index, follow, max-snippet:-1, max-image-preview:large, max-video-preview:-1\" \/>\n<meta property=\"og:locale\" content=\"en_US\" \/>\n<meta property=\"og:type\" content=\"article\" \/>\n<meta property=\"og:title\" content=\"Ros na\u00a0R\u00fan Marks 30th Season with First Ever Early Drop on TG4 Player | Press Release | TG4\" \/>\n<meta property=\"og:description\" content=\"TG4 is delighted to announce a new digital first release for fans of Ros na R\u00fan, Ireland\u2019s flagship Irish language drama. Beginning 16 September 2025, each new episode of the milestone 30th season will be available to stream on the TG4 Player (TG4.ie) every Monday and Wednesday giving audiences the chance to watch one day ahead of the TG4 broadcast.\" \/>\n<meta property=\"og:url\" content=\"https:\/\/dev.tg4.ie\/en\/information\/press\/press-releases\/2025-2\/ros-na-run-marks-30th-season-with-first-ever-early-drop-on-tg4-player\/\" \/>\n<meta property=\"og:site_name\" content=\"TG4\" \/>\n<meta property=\"article:publisher\" content=\"https:\/\/www.facebook.com\/TG4TV\" \/>\n<meta property=\"article:modified_time\" content=\"2025-09-11T15:28:59+00:00\" \/>\n<meta property=\"og:image\" content=\"https:\/\/dev.tg4.ie\/wp-content\/uploads\/2025\/09\/Ros_na_Run_Sr30_1-1920x1080-1.jpg\" \/>\n<meta name=\"twitter:card\" content=\"summary_large_image\" \/>\n<meta name=\"twitter:site\" content=\"@TG4TV\" \/>\n<meta name=\"twitter:label1\" content=\"Est. reading time\" \/>\n\t<meta name=\"twitter:data1\" content=\"3 minutes\" \/>\n<script type=\"application\/ld+json\" class=\"yoast-schema-graph\">{\"@context\":\"https:\/\/schema.org\",\"@graph\":[{\"@type\":\"WebPage\",\"@id\":\"https:\/\/dev.tg4.ie\/en\/information\/press\/press-releases\/2025-2\/ros-na-run-marks-30th-season-with-first-ever-early-drop-on-tg4-player\/\",\"url\":\"https:\/\/dev.tg4.ie\/en\/information\/press\/press-releases\/2025-2\/ros-na-run-marks-30th-season-with-first-ever-early-drop-on-tg4-player\/\",\"name\":\"Ros na\u00a0R\u00fan Marks 30th Season with First Ever Early Drop on TG4 Player | Press Release | TG4\",\"isPartOf\":{\"@id\":\"https:\/\/dev.tg4.ie\/en\/#website\"},\"primaryImageOfPage\":{\"@id\":\"https:\/\/dev.tg4.ie\/en\/information\/press\/press-releases\/2025-2\/ros-na-run-marks-30th-season-with-first-ever-early-drop-on-tg4-player\/#primaryimage\"},\"image\":{\"@id\":\"https:\/\/dev.tg4.ie\/en\/information\/press\/press-releases\/2025-2\/ros-na-run-marks-30th-season-with-first-ever-early-drop-on-tg4-player\/#primaryimage\"},\"thumbnailUrl\":\"https:\/\/dev.tg4.ie\/wp-content\/uploads\/2025\/09\/Ros_na_Run_Sr30_1-1920x1080-1.jpg\",\"datePublished\":\"2025-09-11T15:21:38+00:00\",\"dateModified\":\"2025-09-11T15:28:59+00:00\",\"description\":\"TG4 is delighted to announce a new digital first release for fans of Ros na R\u00fan, Ireland\u2019s flagship Irish language drama. Beginning 16 September 2025, each new episode of the milestone 30th season will be available to stream on the TG4 Player (TG4.ie) every Monday and Wednesday giving audiences the chance to watch one day ahead of the TG4 broadcast.\",\"breadcrumb\":{\"@id\":\"https:\/\/dev.tg4.ie\/en\/information\/press\/press-releases\/2025-2\/ros-na-run-marks-30th-season-with-first-ever-early-drop-on-tg4-player\/#breadcrumb\"},\"inLanguage\":\"en-ie\",\"potentialAction\":[{\"@type\":\"ReadAction\",\"target\":[\"https:\/\/dev.tg4.ie\/en\/information\/press\/press-releases\/2025-2\/ros-na-run-marks-30th-season-with-first-ever-early-drop-on-tg4-player\/\"]}]},{\"@type\":\"ImageObject\",\"inLanguage\":\"en-ie\",\"@id\":\"https:\/\/dev.tg4.ie\/en\/information\/press\/press-releases\/2025-2\/ros-na-run-marks-30th-season-with-first-ever-early-drop-on-tg4-player\/#primaryimage\",\"url\":\"https:\/\/dev.tg4.ie\/wp-content\/uploads\/2025\/09\/Ros_na_Run_Sr30_1-1920x1080-1.jpg\",\"contentUrl\":\"https:\/\/dev.tg4.ie\/wp-content\/uploads\/2025\/09\/Ros_na_Run_Sr30_1-1920x1080-1.jpg\"},{\"@type\":\"BreadcrumbList\",\"@id\":\"https:\/\/dev.tg4.ie\/en\/information\/press\/press-releases\/2025-2\/ros-na-run-marks-30th-season-with-first-ever-early-drop-on-tg4-player\/#breadcrumb\",\"itemListElement\":[{\"@type\":\"ListItem\",\"position\":1,\"name\":\"Home\",\"item\":\"https:\/\/dev.tg4.ie\/en\/\"},{\"@type\":\"ListItem\",\"position\":2,\"name\":\"Information\",\"item\":\"https:\/\/dev.tg4.ie\/en\/information\/\"},{\"@type\":\"ListItem\",\"position\":3,\"name\":\"Press\",\"item\":\"https:\/\/dev.tg4.ie\/en\/information\/press\/\"},{\"@type\":\"ListItem\",\"position\":4,\"name\":\"Press Releases\",\"item\":\"https:\/\/dev.tg4.ie\/en\/information\/press\/press-releases\/\"},{\"@type\":\"ListItem\",\"position\":5,\"name\":\"2025\",\"item\":\"https:\/\/dev.tg4.ie\/en\/information\/press\/press-releases\/2025-2\/\"},{\"@type\":\"ListItem\",\"position\":6,\"name\":\"Ros na\u00a0R\u00fan Marks 30th Season with First Ever Early Drop on TG4 Player\"}]},{\"@type\":\"WebSite\",\"@id\":\"https:\/\/dev.tg4.ie\/en\/#website\",\"url\":\"https:\/\/dev.tg4.ie\/en\/\",\"name\":\"TG4\",\"description\":\"S\u00fail Eile\",\"potentialAction\":[{\"@type\":\"SearchAction\",\"target\":{\"@type\":\"EntryPoint\",\"urlTemplate\":\"https:\/\/dev.tg4.ie\/en\/?s={search_term_string}\"},\"query-input\":\"required name=search_term_string\"}],\"inLanguage\":\"en-ie\"}]}<\/script>\n<!-- \/ Yoast SEO plugin. -->","yoast_head_json":{"title":"Ros na\u00a0R\u00fan Marks 30th Season with First Ever Early Drop on TG4 Player | Press Release | TG4","description":"TG4 is delighted to announce a new digital first release for fans of Ros na R\u00fan, Ireland\u2019s flagship Irish language drama. Beginning 16 September 2025, each new episode of the milestone 30th season will be available to stream on the TG4 Player (TG4.ie) every Monday and Wednesday giving audiences the chance to watch one day ahead of the TG4 broadcast.","robots":{"index":"index","follow":"follow","max-snippet":"max-snippet:-1","max-image-preview":"max-image-preview:large","max-video-preview":"max-video-preview:-1"},"og_locale":"en_US","og_type":"article","og_title":"Ros na\u00a0R\u00fan Marks 30th Season with First Ever Early Drop on TG4 Player | Press Release | TG4","og_description":"TG4 is delighted to announce a new digital first release for fans of Ros na R\u00fan, Ireland\u2019s flagship Irish language drama. Beginning 16 September 2025, each new episode of the milestone 30th season will be available to stream on the TG4 Player (TG4.ie) every Monday and Wednesday giving audiences the chance to watch one day ahead of the TG4 broadcast.","og_url":"https:\/\/dev.tg4.ie\/en\/information\/press\/press-releases\/2025-2\/ros-na-run-marks-30th-season-with-first-ever-early-drop-on-tg4-player\/","og_site_name":"TG4","article_publisher":"https:\/\/www.facebook.com\/TG4TV","article_modified_time":"2025-09-11T15:28:59+00:00","og_image":[{"url":"https:\/\/dev.tg4.ie\/wp-content\/uploads\/2025\/09\/Ros_na_Run_Sr30_1-1920x1080-1.jpg"}],"twitter_card":"summary_large_image","twitter_site":"@TG4TV","twitter_misc":{"Est. reading time":"3 minutes"},"schema":{"@context":"https:\/\/schema.org","@graph":[{"@type":"WebPage","@id":"https:\/\/dev.tg4.ie\/en\/information\/press\/press-releases\/2025-2\/ros-na-run-marks-30th-season-with-first-ever-early-drop-on-tg4-player\/","url":"https:\/\/dev.tg4.ie\/en\/information\/press\/press-releases\/2025-2\/ros-na-run-marks-30th-season-with-first-ever-early-drop-on-tg4-player\/","name":"Ros na\u00a0R\u00fan Marks 30th Season with First Ever Early Drop on TG4 Player | Press Release | TG4","isPartOf":{"@id":"https:\/\/dev.tg4.ie\/en\/#website"},"primaryImageOfPage":{"@id":"https:\/\/dev.tg4.ie\/en\/information\/press\/press-releases\/2025-2\/ros-na-run-marks-30th-season-with-first-ever-early-drop-on-tg4-player\/#primaryimage"},"image":{"@id":"https:\/\/dev.tg4.ie\/en\/information\/press\/press-releases\/2025-2\/ros-na-run-marks-30th-season-with-first-ever-early-drop-on-tg4-player\/#primaryimage"},"thumbnailUrl":"https:\/\/dev.tg4.ie\/wp-content\/uploads\/2025\/09\/Ros_na_Run_Sr30_1-1920x1080-1.jpg","datePublished":"2025-09-11T15:21:38+00:00","dateModified":"2025-09-11T15:28:59+00:00","description":"TG4 is delighted to announce a new digital first release for fans of Ros na R\u00fan, Ireland\u2019s flagship Irish language drama. Beginning 16 September 2025, each new episode of the milestone 30th season will be available to stream on the TG4 Player (TG4.ie) every Monday and Wednesday giving audiences the chance to watch one day ahead of the TG4 broadcast.","breadcrumb":{"@id":"https:\/\/dev.tg4.ie\/en\/information\/press\/press-releases\/2025-2\/ros-na-run-marks-30th-season-with-first-ever-early-drop-on-tg4-player\/#breadcrumb"},"inLanguage":"en-ie","potentialAction":[{"@type":"ReadAction","target":["https:\/\/dev.tg4.ie\/en\/information\/press\/press-releases\/2025-2\/ros-na-run-marks-30th-season-with-first-ever-early-drop-on-tg4-player\/"]}]},{"@type":"ImageObject","inLanguage":"en-ie","@id":"https:\/\/dev.tg4.ie\/en\/information\/press\/press-releases\/2025-2\/ros-na-run-marks-30th-season-with-first-ever-early-drop-on-tg4-player\/#primaryimage","url":"https:\/\/dev.tg4.ie\/wp-content\/uploads\/2025\/09\/Ros_na_Run_Sr30_1-1920x1080-1.jpg","contentUrl":"https:\/\/dev.tg4.ie\/wp-content\/uploads\/2025\/09\/Ros_na_Run_Sr30_1-1920x1080-1.jpg"},{"@type":"BreadcrumbList","@id":"https:\/\/dev.tg4.ie\/en\/information\/press\/press-releases\/2025-2\/ros-na-run-marks-30th-season-with-first-ever-early-drop-on-tg4-player\/#breadcrumb","itemListElement":[{"@type":"ListItem","position":1,"name":"Home","item":"https:\/\/dev.tg4.ie\/en\/"},{"@type":"ListItem","position":2,"name":"Information","item":"https:\/\/dev.tg4.ie\/en\/information\/"},{"@type":"ListItem","position":3,"name":"Press","item":"https:\/\/dev.tg4.ie\/en\/information\/press\/"},{"@type":"ListItem","position":4,"name":"Press Releases","item":"https:\/\/dev.tg4.ie\/en\/information\/press\/press-releases\/"},{"@type":"ListItem","position":5,"name":"2025","item":"https:\/\/dev.tg4.ie\/en\/information\/press\/press-releases\/2025-2\/"},{"@type":"ListItem","position":6,"name":"Ros na\u00a0R\u00fan Marks 30th Season with First Ever Early Drop on TG4 Player"}]},{"@type":"WebSite","@id":"https:\/\/dev.tg4.ie\/en\/#website","url":"https:\/\/dev.tg4.ie\/en\/","name":"TG4","description":"S\u00fail Eile","potentialAction":[{"@type":"SearchAction","target":{"@type":"EntryPoint","urlTemplate":"https:\/\/dev.tg4.ie\/en\/?s={search_term_string}"},"query-input":"required name=search_term_string"}],"inLanguage":"en-ie"}]}},"_links":{"self":[{"href":"https:\/\/dev.tg4.ie\/en\/wp-json\/wp\/v2\/pages\/247393"}],"collection":[{"href":"https:\/\/dev.tg4.ie\/en\/wp-json\/wp\/v2\/pages"}],"about":[{"href":"https:\/\/dev.tg4.ie\/en\/wp-json\/wp\/v2\/types\/page"}],"author":[{"embeddable":true,"href":"https:\/\/dev.tg4.ie\/en\/wp-json\/wp\/v2\/users\/876"}],"replies":[{"embeddable":true,"href":"https:\/\/dev.tg4.ie\/en\/wp-json\/wp\/v2\/comments?post=247393"}],"version-history":[{"count":0,"href":"https:\/\/dev.tg4.ie\/en\/wp-json\/wp\/v2\/pages\/247393\/revisions"}],"up":[{"embeddable":true,"href":"https:\/\/dev.tg4.ie\/en\/wp-json\/wp\/v2\/pages\/236809"}],"wp:attachment":[{"href":"https:\/\/dev.tg4.ie\/en\/wp-json\/wp\/v2\/media?parent=247393"}],"curies":[{"name":"wp","href":"https:\/\/api.w.org\/{rel}","templated":true}]}}