{"id":247432,"date":"2025-09-19T10:38:46","date_gmt":"2025-09-19T09:38:46","guid":{"rendered":"https:\/\/dev.tg4.ie\/information\/press\/press-releases\/2025-2\/26-ainmniuchain-faighte-ag-tg4-agus-cula4-do-ghradaim-chumarsaide-an-oireachtais-2025\/"},"modified":"2025-09-19T10:41:12","modified_gmt":"2025-09-19T09:41:12","slug":"26-ainmniuchain-faighte-ag-tg4-agus-cula4-do-ghradaim-chumarsaide-an-oireachtais-2025","status":"publish","type":"page","link":"https:\/\/dev.tg4.ie\/en\/information\/press\/press-releases\/2025-2\/26-ainmniuchain-faighte-ag-tg4-agus-cula4-do-ghradaim-chumarsaide-an-oireachtais-2025\/","title":{"rendered":"26 Ainmni\u00fach\u00e1in Faighte ag TG4 agus C\u00fala4 do Ghradaim Chumars\u00e1ide an Oireachtais 2025"},"content":{"rendered":"<table>\n<tr>\n<td><img loading=\"lazy\" decoding=\"async\" width=\"1920\" height=\"1080\" src=\"https:\/\/tg4-docs.s3.amazonaws.com\/wp-content\/uploads\/2025\/09\/19103817\/Aontas_1-1920x1080-1.jpg\" alt=\"\" class=\"aligncenter size-full wp-image-247428\" srcset=\"https:\/\/tg4-docs.s3.amazonaws.com\/wp-content\/uploads\/2025\/09\/19103817\/Aontas_1-1920x1080-1.jpg 1920w, https:\/\/tg4-docs.s3.amazonaws.com\/wp-content\/uploads\/2025\/09\/19103817\/Aontas_1-1920x1080-1-250x141.jpg 250w, https:\/\/tg4-docs.s3.amazonaws.com\/wp-content\/uploads\/2025\/09\/19103817\/Aontas_1-1920x1080-1-700x394.jpg 700w, https:\/\/tg4-docs.s3.amazonaws.com\/wp-content\/uploads\/2025\/09\/19103817\/Aontas_1-1920x1080-1-252x141.jpg 252w, https:\/\/tg4-docs.s3.amazonaws.com\/wp-content\/uploads\/2025\/09\/19103817\/Aontas_1-1920x1080-1-1536x864.jpg 1536w, https:\/\/tg4-docs.s3.amazonaws.com\/wp-content\/uploads\/2025\/09\/19103817\/Aontas_1-1920x1080-1-120x68.jpg 120w\" sizes=\"(max-width: 1920px) 100vw, 1920px\" \/><\/td>\n<td><img loading=\"lazy\" decoding=\"async\" width=\"1920\" height=\"1080\" src=\"https:\/\/tg4-docs.s3.amazonaws.com\/wp-content\/uploads\/2025\/09\/19103811\/Baite_1-1920x1080-1.jpg\" alt=\"\" class=\"aligncenter size-full wp-image-247426\" srcset=\"https:\/\/tg4-docs.s3.amazonaws.com\/wp-content\/uploads\/2025\/09\/19103811\/Baite_1-1920x1080-1.jpg 1920w, https:\/\/tg4-docs.s3.amazonaws.com\/wp-content\/uploads\/2025\/09\/19103811\/Baite_1-1920x1080-1-250x141.jpg 250w, https:\/\/tg4-docs.s3.amazonaws.com\/wp-content\/uploads\/2025\/09\/19103811\/Baite_1-1920x1080-1-700x394.jpg 700w, https:\/\/tg4-docs.s3.amazonaws.com\/wp-content\/uploads\/2025\/09\/19103811\/Baite_1-1920x1080-1-252x141.jpg 252w, https:\/\/tg4-docs.s3.amazonaws.com\/wp-content\/uploads\/2025\/09\/19103811\/Baite_1-1920x1080-1-1536x864.jpg 1536w, https:\/\/tg4-docs.s3.amazonaws.com\/wp-content\/uploads\/2025\/09\/19103811\/Baite_1-1920x1080-1-120x68.jpg 120w\" sizes=\"(max-width: 1920px) 100vw, 1920px\" \/><\/td>\n<td><img loading=\"lazy\" decoding=\"async\" width=\"1920\" height=\"1080\" src=\"https:\/\/tg4-docs.s3.amazonaws.com\/wp-content\/uploads\/2025\/09\/19103814\/Is_Mise_le_Mess_2-1920x1080-1.jpg\" alt=\"\" class=\"aligncenter size-full wp-image-247427\" srcset=\"https:\/\/tg4-docs.s3.amazonaws.com\/wp-content\/uploads\/2025\/09\/19103814\/Is_Mise_le_Mess_2-1920x1080-1.jpg 1920w, https:\/\/tg4-docs.s3.amazonaws.com\/wp-content\/uploads\/2025\/09\/19103814\/Is_Mise_le_Mess_2-1920x1080-1-250x141.jpg 250w, https:\/\/tg4-docs.s3.amazonaws.com\/wp-content\/uploads\/2025\/09\/19103814\/Is_Mise_le_Mess_2-1920x1080-1-700x394.jpg 700w, https:\/\/tg4-docs.s3.amazonaws.com\/wp-content\/uploads\/2025\/09\/19103814\/Is_Mise_le_Mess_2-1920x1080-1-252x141.jpg 252w, https:\/\/tg4-docs.s3.amazonaws.com\/wp-content\/uploads\/2025\/09\/19103814\/Is_Mise_le_Mess_2-1920x1080-1-1536x864.jpg 1536w, https:\/\/tg4-docs.s3.amazonaws.com\/wp-content\/uploads\/2025\/09\/19103814\/Is_Mise_le_Mess_2-1920x1080-1-120x68.jpg 120w\" sizes=\"(max-width: 1920px) 100vw, 1920px\" \/><\/td>\n<\/tr>\n<\/table>\n<p>&nbsp;<br \/>\nT\u00e1 26 ainmni\u00fach\u00e1in f\u00e1ighte ag cl\u00e1racha agus l\u00e1ithreoir\u00ed TG4 agus C\u00fala4 i s\u00e9 chatag\u00f3ir do Ghradaim Chumars\u00e1ide an Oireachtais 2025.<br \/>\n&nbsp;<br \/>\n<em>\u201cComhghairdeas leis na l\u00e9iritheoir\u00ed, l\u00e1ithreoir\u00ed, sti\u00farth\u00f3ir\u00ed agus scr\u00edbhneoir\u00ed a bhfuil a saothair ainmnithe i nGradaim Chumars\u00e1ide an Oireachtais i mbliana. Is aitheantas \u00e9 l\u00edon na n-ainmni\u00fach\u00e1n a fuair TG4 agus C\u00fala4 i mbliana ar chaighde\u00e1n na gcl\u00e1r at\u00e1 \u00e1 l\u00e9iri\u00fa do TG4 \u00f3n earn\u00e1il l\u00e9iri\u00fach\u00e1in neamhsple\u00e1ch sa Ghaeltacht agus ar fud na t\u00edre.\u201d<\/em> <strong>Ard-Sti\u00farth\u00f3ir TG4 Deirdre N\u00ed Choist\u00edn<\/strong><br \/>\n&nbsp;<\/p>\n<p><u>Seo a leanas an Gearrliosta a bhaineann le TG4 agus C\u00fala4:<\/u><\/p>\n<p><u><strong>SCANN\u00c1N \/ CL\u00c1R \/ SRAITH TEILIF\u00cdSE NA BLIANA DO DHAOINE \u00d3GA<\/strong><\/u><br \/>\n<strong>Nuacht C\u00fala4<\/strong> MEANGADH FIB\u00cdN<br \/>\n<strong>Scoil Choille<\/strong> CORCRA MEDIA<br \/>\n<strong>Anfa<\/strong> MEANGADH FIB\u00cdN<br \/>\n<strong>L\u00ed Ban<\/strong> PAPER OWL FILMS<br \/>\n<strong>Mo Pheata<\/strong> MEANGADH F\u00cdB\u00cdN<br \/>\n&nbsp;<\/p>\n<p><u><strong>CL\u00c1R TEILIF\u00cdSE \/ SCANN\u00c1N NA BLIANA<\/strong><\/u><br \/>\n<strong>Carna an Cheoil agus na nAmhr\u00e1n<\/strong> ANIAR TV<br \/>\n<strong>N\u00edl Aon Tinte\u00e1n<\/strong> CLEAN SLATE PRODUCTIONS<br \/>\n<strong>B\u00e1ite<\/strong> DAN\u00da MEDIA<br \/>\n<strong>Na Lumi\u00e8re Gaelacha<\/strong> CORMORANT FILMS<br \/>\n<strong>Aontas<\/strong> P\u00daCA PICTURES<br \/>\n&nbsp;<\/p>\n<p><u><strong>IRISEOIR NA BLIANA<\/strong><\/u><br \/>\n<strong>Caoimhe N\u00ed Laighin<\/strong> NUACHT TG4 \/ RT\u00c9<br \/>\n<strong>Marian O&#8217;Flaherty<\/strong> NUACHT TG4 \/ RT\u00c9<br \/>\n<strong>Kevin Magee<\/strong> INI\u00daCHADH TG4<br \/>\n&nbsp;<\/p>\n<p><u><strong>PEARSA TEILIF\u00cdSE NA BLIANA<\/strong><\/u><br \/>\n<strong>Proinsias \u00d3 Coinn<\/strong><br \/>\n<strong>\u00c1ine N\u00ed Bhreisle\u00e1in<\/strong><br \/>\n<strong>Louise Cantillon<\/strong><br \/>\n<strong>John Sharpson<\/strong><br \/>\n<strong>S\u00edomha N\u00ed Ruairc<\/strong><br \/>\n&nbsp;<\/p>\n<p><u><strong>SRAITH TEILIF\u00cdSE NA BLIANA<\/strong><\/u><br \/>\n<strong>Is Mise le Mess<\/strong> ROINN TV<br \/>\n<strong>Sonas<\/strong> ANIAR TV<br \/>\n<strong>Cr\u00e1<\/strong> FIB\u00cdN MEDIA \/ ZOOGON LTD<br \/>\n<strong>Sc\u00e9alta \u00e1r Stampa\u00ed<\/strong> MIDAS PRODUCTIONS<br \/>\n&nbsp;<\/p>\n<p><u><strong>R\u00c9ALTA \u00d3G NA BLIANA<\/strong><\/u><br \/>\n<strong>Katelyn Hayes<\/strong> NUACHT C\u00daLA4<br \/>\n<strong>Joe Mac Aoidh<\/strong> NUACHT TG4 \/ NUACHT C\u00daLA 4 \/ 7 L\u00c1<br \/>\n<strong>M\u00e1ire N\u00ed Churraoin<\/strong> TG4 \/ ARD\u00c1IN ILMHE\u00c1N<br \/>\n<strong>Rhiann Flemming<\/strong> NUACHT TG4 \/ NUACHT C\u00daLA 4<br \/>\n&nbsp;<\/p>\n<p>Chuile bhliain d\u00e9anann Gradaim Chumars\u00e1ide an Oireachtais ceili\u00faradh ar ardchaighde\u00e1n agus ar sh\u00e1riarrachta\u00ed a chuirtear i gcr\u00edch in earn\u00e1il na cumars\u00e1ide Gaeilge. Tugann na Gradaim seo aitheantas do l\u00e1ithreoir\u00ed, l\u00e9iritheoir\u00ed, iriseoir\u00ed, col\u00fanaithe, aisteoir\u00ed agus lucht d\u00e9anta cl\u00e1r raidi\u00f3 agus teilif\u00eds a bhfuil cion thar na bearta d\u00e9anta acu i r\u00e9ims\u00ed \u00e9ags\u00fala me\u00e1n le dh\u00e1 mh\u00ed dh\u00e9ag anuas.<br \/>\n&nbsp;<br \/>\nRoghn\u00f3idh pain\u00e9al molt\u00f3ir\u00ed buaiteoir\u00ed na gcatag\u00f3ir\u00ed \u00e9ags\u00fala ach is ar bhonn v\u00f3ta poibl\u00ed a roghn\u00f3far R\u00e9alta \u00d3g na Bliana.<br \/>\n&nbsp;<br \/>\nCuirfear t\u00fas leis an v\u00f3t\u00e1il poibl\u00ed D\u00e9 M\u00e1irt seo chugainn, 23 Me\u00e1n F\u00f3mhair 2025. F\u00f3gr\u00f3far buaiteoir Bhuaic-Ghradam Cumars\u00e1ide an Oireachtais ar 22 Deireadh F\u00f3mhair 2025. Beidh searmanais bronnta Ghradaim Chumars\u00e1ide an Oireachtais ar an 29 Deireadh F\u00f3mhair 2025.<br \/>\n&nbsp;<br \/>\nEolas: <a href=\"https:\/\/www.antoireachtas.ie\/\" rel=\"noopener\" target=\"_blank\">www.antoireachtas.ie<\/a>.<br \/>\n&nbsp;<br \/>\n&nbsp;<\/p>\n","protected":false},"excerpt":{"rendered":"<p>&nbsp; T\u00e1 26 ainmni\u00fach\u00e1in f\u00e1ighte ag cl\u00e1racha agus l\u00e1ithreoir\u00ed TG4 agus C\u00fala4 i s\u00e9 chatag\u00f3ir do Ghradaim Chumars\u00e1ide an Oireachtais 2025. &nbsp; \u201cComhghairdeas leis na l\u00e9iritheoir\u00ed, l\u00e1ithreoir\u00ed, sti\u00farth\u00f3ir\u00ed agus scr\u00edbhneoir\u00ed a bhfuil a saothair ainmnithe i nGradaim Chumars\u00e1ide an Oireachtais i mbliana. Is aitheantas \u00e9 l\u00edon na n-ainmni\u00fach\u00e1n a fuair TG4 agus C\u00fala4 i mbliana [&hellip;]<\/p>\n","protected":false},"author":876,"featured_media":0,"parent":236809,"menu_order":51,"comment_status":"closed","ping_status":"closed","template":"page-templates\/template-pr.php","meta":{"_acf_changed":false,"footnotes":""},"acf":[],"yoast_head":"<!-- This site is optimized with the Yoast SEO plugin v22.6 - https:\/\/yoast.com\/wordpress\/plugins\/seo\/ -->\n<title>26 Ainmni\u00fach\u00e1in Faighte ag TG4 agus C\u00fala4 do Ghradaim Chumars\u00e1ide an Oireachtais 2025 | Press Release | TG4<\/title>\n<meta name=\"description\" content=\"T\u00e1 26 ainmni\u00fach\u00e1in f\u00e1ighte ag cl\u00e1racha agus l\u00e1ithreoir\u00ed TG4 agus C\u00fala4 i s\u00e9 chatag\u00f3ir do Ghradaim Chumars\u00e1ide an Oireachtais 2025.\" \/>\n<meta name=\"robots\" content=\"index, follow, max-snippet:-1, max-image-preview:large, max-video-preview:-1\" \/>\n<meta property=\"og:locale\" content=\"en_US\" \/>\n<meta property=\"og:type\" content=\"article\" \/>\n<meta property=\"og:title\" content=\"26 Ainmni\u00fach\u00e1in Faighte ag TG4 agus C\u00fala4 do Ghradaim Chumars\u00e1ide an Oireachtais 2025 | Press Release | TG4\" \/>\n<meta property=\"og:description\" content=\"T\u00e1 26 ainmni\u00fach\u00e1in f\u00e1ighte ag cl\u00e1racha agus l\u00e1ithreoir\u00ed TG4 agus C\u00fala4 i s\u00e9 chatag\u00f3ir do Ghradaim Chumars\u00e1ide an Oireachtais 2025.\" \/>\n<meta property=\"og:url\" content=\"https:\/\/dev.tg4.ie\/en\/information\/press\/press-releases\/2025-2\/26-ainmniuchain-faighte-ag-tg4-agus-cula4-do-ghradaim-chumarsaide-an-oireachtais-2025\/\" \/>\n<meta property=\"og:site_name\" content=\"TG4\" \/>\n<meta property=\"article:publisher\" content=\"https:\/\/www.facebook.com\/TG4TV\" \/>\n<meta property=\"article:modified_time\" content=\"2025-09-19T09:41:12+00:00\" \/>\n<meta property=\"og:image\" content=\"https:\/\/dev.tg4.ie\/wp-content\/uploads\/2025\/09\/Aontas_1-1920x1080-1.jpg\" \/>\n<meta name=\"twitter:card\" content=\"summary_large_image\" \/>\n<meta name=\"twitter:site\" content=\"@TG4TV\" \/>\n<meta name=\"twitter:label1\" content=\"Est. reading time\" \/>\n\t<meta name=\"twitter:data1\" content=\"3 minutes\" \/>\n<script type=\"application\/ld+json\" class=\"yoast-schema-graph\">{\"@context\":\"https:\/\/schema.org\",\"@graph\":[{\"@type\":\"WebPage\",\"@id\":\"https:\/\/dev.tg4.ie\/en\/information\/press\/press-releases\/2025-2\/26-ainmniuchain-faighte-ag-tg4-agus-cula4-do-ghradaim-chumarsaide-an-oireachtais-2025\/\",\"url\":\"https:\/\/dev.tg4.ie\/en\/information\/press\/press-releases\/2025-2\/26-ainmniuchain-faighte-ag-tg4-agus-cula4-do-ghradaim-chumarsaide-an-oireachtais-2025\/\",\"name\":\"26 Ainmni\u00fach\u00e1in Faighte ag TG4 agus C\u00fala4 do Ghradaim Chumars\u00e1ide an Oireachtais 2025 | Press Release | TG4\",\"isPartOf\":{\"@id\":\"https:\/\/dev.tg4.ie\/en\/#website\"},\"primaryImageOfPage\":{\"@id\":\"https:\/\/dev.tg4.ie\/en\/information\/press\/press-releases\/2025-2\/26-ainmniuchain-faighte-ag-tg4-agus-cula4-do-ghradaim-chumarsaide-an-oireachtais-2025\/#primaryimage\"},\"image\":{\"@id\":\"https:\/\/dev.tg4.ie\/en\/information\/press\/press-releases\/2025-2\/26-ainmniuchain-faighte-ag-tg4-agus-cula4-do-ghradaim-chumarsaide-an-oireachtais-2025\/#primaryimage\"},\"thumbnailUrl\":\"https:\/\/dev.tg4.ie\/wp-content\/uploads\/2025\/09\/Aontas_1-1920x1080-1.jpg\",\"datePublished\":\"2025-09-19T09:38:46+00:00\",\"dateModified\":\"2025-09-19T09:41:12+00:00\",\"description\":\"T\u00e1 26 ainmni\u00fach\u00e1in f\u00e1ighte ag cl\u00e1racha agus l\u00e1ithreoir\u00ed TG4 agus C\u00fala4 i s\u00e9 chatag\u00f3ir do Ghradaim Chumars\u00e1ide an Oireachtais 2025.\",\"breadcrumb\":{\"@id\":\"https:\/\/dev.tg4.ie\/en\/information\/press\/press-releases\/2025-2\/26-ainmniuchain-faighte-ag-tg4-agus-cula4-do-ghradaim-chumarsaide-an-oireachtais-2025\/#breadcrumb\"},\"inLanguage\":\"en-ie\",\"potentialAction\":[{\"@type\":\"ReadAction\",\"target\":[\"https:\/\/dev.tg4.ie\/en\/information\/press\/press-releases\/2025-2\/26-ainmniuchain-faighte-ag-tg4-agus-cula4-do-ghradaim-chumarsaide-an-oireachtais-2025\/\"]}]},{\"@type\":\"ImageObject\",\"inLanguage\":\"en-ie\",\"@id\":\"https:\/\/dev.tg4.ie\/en\/information\/press\/press-releases\/2025-2\/26-ainmniuchain-faighte-ag-tg4-agus-cula4-do-ghradaim-chumarsaide-an-oireachtais-2025\/#primaryimage\",\"url\":\"https:\/\/dev.tg4.ie\/wp-content\/uploads\/2025\/09\/Aontas_1-1920x1080-1.jpg\",\"contentUrl\":\"https:\/\/dev.tg4.ie\/wp-content\/uploads\/2025\/09\/Aontas_1-1920x1080-1.jpg\"},{\"@type\":\"BreadcrumbList\",\"@id\":\"https:\/\/dev.tg4.ie\/en\/information\/press\/press-releases\/2025-2\/26-ainmniuchain-faighte-ag-tg4-agus-cula4-do-ghradaim-chumarsaide-an-oireachtais-2025\/#breadcrumb\",\"itemListElement\":[{\"@type\":\"ListItem\",\"position\":1,\"name\":\"Home\",\"item\":\"https:\/\/dev.tg4.ie\/en\/\"},{\"@type\":\"ListItem\",\"position\":2,\"name\":\"Information\",\"item\":\"https:\/\/dev.tg4.ie\/en\/information\/\"},{\"@type\":\"ListItem\",\"position\":3,\"name\":\"Press\",\"item\":\"https:\/\/dev.tg4.ie\/en\/information\/press\/\"},{\"@type\":\"ListItem\",\"position\":4,\"name\":\"Press Releases\",\"item\":\"https:\/\/dev.tg4.ie\/en\/information\/press\/press-releases\/\"},{\"@type\":\"ListItem\",\"position\":5,\"name\":\"2025\",\"item\":\"https:\/\/dev.tg4.ie\/en\/information\/press\/press-releases\/2025-2\/\"},{\"@type\":\"ListItem\",\"position\":6,\"name\":\"26 Ainmni\u00fach\u00e1in Faighte ag TG4 agus C\u00fala4 do Ghradaim Chumars\u00e1ide an Oireachtais 2025\"}]},{\"@type\":\"WebSite\",\"@id\":\"https:\/\/dev.tg4.ie\/en\/#website\",\"url\":\"https:\/\/dev.tg4.ie\/en\/\",\"name\":\"TG4\",\"description\":\"S\u00fail Eile\",\"potentialAction\":[{\"@type\":\"SearchAction\",\"target\":{\"@type\":\"EntryPoint\",\"urlTemplate\":\"https:\/\/dev.tg4.ie\/en\/?s={search_term_string}\"},\"query-input\":\"required name=search_term_string\"}],\"inLanguage\":\"en-ie\"}]}<\/script>\n<!-- \/ Yoast SEO plugin. -->","yoast_head_json":{"title":"26 Ainmni\u00fach\u00e1in Faighte ag TG4 agus C\u00fala4 do Ghradaim Chumars\u00e1ide an Oireachtais 2025 | Press Release | TG4","description":"T\u00e1 26 ainmni\u00fach\u00e1in f\u00e1ighte ag cl\u00e1racha agus l\u00e1ithreoir\u00ed TG4 agus C\u00fala4 i s\u00e9 chatag\u00f3ir do Ghradaim Chumars\u00e1ide an Oireachtais 2025.","robots":{"index":"index","follow":"follow","max-snippet":"max-snippet:-1","max-image-preview":"max-image-preview:large","max-video-preview":"max-video-preview:-1"},"og_locale":"en_US","og_type":"article","og_title":"26 Ainmni\u00fach\u00e1in Faighte ag TG4 agus C\u00fala4 do Ghradaim Chumars\u00e1ide an Oireachtais 2025 | Press Release | TG4","og_description":"T\u00e1 26 ainmni\u00fach\u00e1in f\u00e1ighte ag cl\u00e1racha agus l\u00e1ithreoir\u00ed TG4 agus C\u00fala4 i s\u00e9 chatag\u00f3ir do Ghradaim Chumars\u00e1ide an Oireachtais 2025.","og_url":"https:\/\/dev.tg4.ie\/en\/information\/press\/press-releases\/2025-2\/26-ainmniuchain-faighte-ag-tg4-agus-cula4-do-ghradaim-chumarsaide-an-oireachtais-2025\/","og_site_name":"TG4","article_publisher":"https:\/\/www.facebook.com\/TG4TV","article_modified_time":"2025-09-19T09:41:12+00:00","og_image":[{"url":"https:\/\/dev.tg4.ie\/wp-content\/uploads\/2025\/09\/Aontas_1-1920x1080-1.jpg"}],"twitter_card":"summary_large_image","twitter_site":"@TG4TV","twitter_misc":{"Est. reading time":"3 minutes"},"schema":{"@context":"https:\/\/schema.org","@graph":[{"@type":"WebPage","@id":"https:\/\/dev.tg4.ie\/en\/information\/press\/press-releases\/2025-2\/26-ainmniuchain-faighte-ag-tg4-agus-cula4-do-ghradaim-chumarsaide-an-oireachtais-2025\/","url":"https:\/\/dev.tg4.ie\/en\/information\/press\/press-releases\/2025-2\/26-ainmniuchain-faighte-ag-tg4-agus-cula4-do-ghradaim-chumarsaide-an-oireachtais-2025\/","name":"26 Ainmni\u00fach\u00e1in Faighte ag TG4 agus C\u00fala4 do Ghradaim Chumars\u00e1ide an Oireachtais 2025 | Press Release | TG4","isPartOf":{"@id":"https:\/\/dev.tg4.ie\/en\/#website"},"primaryImageOfPage":{"@id":"https:\/\/dev.tg4.ie\/en\/information\/press\/press-releases\/2025-2\/26-ainmniuchain-faighte-ag-tg4-agus-cula4-do-ghradaim-chumarsaide-an-oireachtais-2025\/#primaryimage"},"image":{"@id":"https:\/\/dev.tg4.ie\/en\/information\/press\/press-releases\/2025-2\/26-ainmniuchain-faighte-ag-tg4-agus-cula4-do-ghradaim-chumarsaide-an-oireachtais-2025\/#primaryimage"},"thumbnailUrl":"https:\/\/dev.tg4.ie\/wp-content\/uploads\/2025\/09\/Aontas_1-1920x1080-1.jpg","datePublished":"2025-09-19T09:38:46+00:00","dateModified":"2025-09-19T09:41:12+00:00","description":"T\u00e1 26 ainmni\u00fach\u00e1in f\u00e1ighte ag cl\u00e1racha agus l\u00e1ithreoir\u00ed TG4 agus C\u00fala4 i s\u00e9 chatag\u00f3ir do Ghradaim Chumars\u00e1ide an Oireachtais 2025.","breadcrumb":{"@id":"https:\/\/dev.tg4.ie\/en\/information\/press\/press-releases\/2025-2\/26-ainmniuchain-faighte-ag-tg4-agus-cula4-do-ghradaim-chumarsaide-an-oireachtais-2025\/#breadcrumb"},"inLanguage":"en-ie","potentialAction":[{"@type":"ReadAction","target":["https:\/\/dev.tg4.ie\/en\/information\/press\/press-releases\/2025-2\/26-ainmniuchain-faighte-ag-tg4-agus-cula4-do-ghradaim-chumarsaide-an-oireachtais-2025\/"]}]},{"@type":"ImageObject","inLanguage":"en-ie","@id":"https:\/\/dev.tg4.ie\/en\/information\/press\/press-releases\/2025-2\/26-ainmniuchain-faighte-ag-tg4-agus-cula4-do-ghradaim-chumarsaide-an-oireachtais-2025\/#primaryimage","url":"https:\/\/dev.tg4.ie\/wp-content\/uploads\/2025\/09\/Aontas_1-1920x1080-1.jpg","contentUrl":"https:\/\/dev.tg4.ie\/wp-content\/uploads\/2025\/09\/Aontas_1-1920x1080-1.jpg"},{"@type":"BreadcrumbList","@id":"https:\/\/dev.tg4.ie\/en\/information\/press\/press-releases\/2025-2\/26-ainmniuchain-faighte-ag-tg4-agus-cula4-do-ghradaim-chumarsaide-an-oireachtais-2025\/#breadcrumb","itemListElement":[{"@type":"ListItem","position":1,"name":"Home","item":"https:\/\/dev.tg4.ie\/en\/"},{"@type":"ListItem","position":2,"name":"Information","item":"https:\/\/dev.tg4.ie\/en\/information\/"},{"@type":"ListItem","position":3,"name":"Press","item":"https:\/\/dev.tg4.ie\/en\/information\/press\/"},{"@type":"ListItem","position":4,"name":"Press Releases","item":"https:\/\/dev.tg4.ie\/en\/information\/press\/press-releases\/"},{"@type":"ListItem","position":5,"name":"2025","item":"https:\/\/dev.tg4.ie\/en\/information\/press\/press-releases\/2025-2\/"},{"@type":"ListItem","position":6,"name":"26 Ainmni\u00fach\u00e1in Faighte ag TG4 agus C\u00fala4 do Ghradaim Chumars\u00e1ide an Oireachtais 2025"}]},{"@type":"WebSite","@id":"https:\/\/dev.tg4.ie\/en\/#website","url":"https:\/\/dev.tg4.ie\/en\/","name":"TG4","description":"S\u00fail Eile","potentialAction":[{"@type":"SearchAction","target":{"@type":"EntryPoint","urlTemplate":"https:\/\/dev.tg4.ie\/en\/?s={search_term_string}"},"query-input":"required name=search_term_string"}],"inLanguage":"en-ie"}]}},"_links":{"self":[{"href":"https:\/\/dev.tg4.ie\/en\/wp-json\/wp\/v2\/pages\/247432"}],"collection":[{"href":"https:\/\/dev.tg4.ie\/en\/wp-json\/wp\/v2\/pages"}],"about":[{"href":"https:\/\/dev.tg4.ie\/en\/wp-json\/wp\/v2\/types\/page"}],"author":[{"embeddable":true,"href":"https:\/\/dev.tg4.ie\/en\/wp-json\/wp\/v2\/users\/876"}],"replies":[{"embeddable":true,"href":"https:\/\/dev.tg4.ie\/en\/wp-json\/wp\/v2\/comments?post=247432"}],"version-history":[{"count":0,"href":"https:\/\/dev.tg4.ie\/en\/wp-json\/wp\/v2\/pages\/247432\/revisions"}],"up":[{"embeddable":true,"href":"https:\/\/dev.tg4.ie\/en\/wp-json\/wp\/v2\/pages\/236809"}],"wp:attachment":[{"href":"https:\/\/dev.tg4.ie\/en\/wp-json\/wp\/v2\/media?parent=247432"}],"curies":[{"name":"wp","href":"https:\/\/api.w.org\/{rel}","templated":true}]}}