{"id":247438,"date":"2025-09-19T14:28:35","date_gmt":"2025-09-19T13:28:35","guid":{"rendered":"https:\/\/dev.tg4.ie\/information\/press\/press-releases\/2025-2\/tg4-chun-6-la-rasaiochta-capall-a-chraoladh-beo-o-fheile-an-fhomhair-i-lios-tuathail\/"},"modified":"2025-09-19T14:35:41","modified_gmt":"2025-09-19T13:35:41","slug":"tg4-to-broadcast-6-days-of-live-racing-from-the-listowel-harvest-festival","status":"publish","type":"page","link":"https:\/\/dev.tg4.ie\/en\/information\/press\/press-releases\/2025-2\/tg4-to-broadcast-6-days-of-live-racing-from-the-listowel-harvest-festival\/","title":{"rendered":"TG4 to Broadcast 6 Days of Live Racing from the Listowel Harvest Festival"},"content":{"rendered":"<p><img loading=\"lazy\" decoding=\"async\" width=\"1920\" height=\"1080\" src=\"https:\/\/tg4-docs.s3.amazonaws.com\/wp-content\/uploads\/2024\/07\/18155509\/Rasai_Beo_Gaillimh_1-1920x1080-1.jpg\" alt=\"\" class=\"aligncenter size-full wp-image-229325\" srcset=\"https:\/\/tg4-docs.s3.amazonaws.com\/wp-content\/uploads\/2024\/07\/18155509\/Rasai_Beo_Gaillimh_1-1920x1080-1.jpg 1920w, https:\/\/tg4-docs.s3.amazonaws.com\/wp-content\/uploads\/2024\/07\/18155509\/Rasai_Beo_Gaillimh_1-1920x1080-1-250x141.jpg 250w, https:\/\/tg4-docs.s3.amazonaws.com\/wp-content\/uploads\/2024\/07\/18155509\/Rasai_Beo_Gaillimh_1-1920x1080-1-700x394.jpg 700w, https:\/\/tg4-docs.s3.amazonaws.com\/wp-content\/uploads\/2024\/07\/18155509\/Rasai_Beo_Gaillimh_1-1920x1080-1-252x141.jpg 252w, https:\/\/tg4-docs.s3.amazonaws.com\/wp-content\/uploads\/2024\/07\/18155509\/Rasai_Beo_Gaillimh_1-1920x1080-1-1536x864.jpg 1536w, https:\/\/tg4-docs.s3.amazonaws.com\/wp-content\/uploads\/2024\/07\/18155509\/Rasai_Beo_Gaillimh_1-1920x1080-1-120x68.jpg 120w\" sizes=\"(max-width: 1920px) 100vw, 1920px\" \/><br \/>\n&nbsp;<br \/>\nTG4 returns once again to Listowel this September to bring viewers six days of top-class live coverage from the famous Listowel Harvest Festival.<br \/>\n&nbsp;<br \/>\nThe partnership between TG4 and the festival goes back two decades, with the first broadcast from Listowel in 2004. This year marks the 21st anniversary of R\u00e1sa\u00ed Lios Tuathail on TG4, and the team will be live from the Kingdom from Monday 22 September through to Saturday 27 September. 2024 also sees the 167th running of this historic festival \u2013 a highlight of the Irish racing calendar.<br \/>\n&nbsp;<\/p>\n<p>Last year\u2019s meeting attracted bumper crowds from near and far and produced memorable racing moments. The feature contest of the week, the Guinness Kerry National, was won in style by Flooring Porter, trained by Gavin Cromwell and ridden by Keith Donoghue.<br \/>\n&nbsp;<\/p>\n<p>The 2024 programme gets underway with two days of Flat racing on Monday and Tuesday, before the National Hunt action takes centre stage from Wednesday onwards. Among the week\u2019s highlights will be the ever-popular Guinness Kerry National on Wednesday and the iconic Listowel \u2018Ladies Day\u2019 on Friday. Broadcaster Louise Duffy and designer Shauna Courtney will be on hand to judge the Best Dressed Lady competition, always one of the festival\u2019s most anticipated occasions.<br \/>\n&nbsp;<\/p>\n<p>Viewers can also look forward to exclusive features throughout the week, with behind-the-scenes visits to leading studs and training yards, including local Limerick trainer Eoin McCarthy, who tasted success live on TG4 last year with Kingdom Calling winning on the Saturday, and Pat O\u2019Donnell, who enjoyed a major victory at the prestigious Ebor Festival in York last year with Extensio.<br \/>\n&nbsp;<\/p>\n<p>Coverage will once again be fronted by Se\u00e1n B\u00e1n Breathnach, joined by M\u00e1nus \u00d3 Conghaile, Sarah Lynam and \u00c9velyn N\u00ed Ghriallais. Race commentary comes from Mike \u00d3 S\u00e9, while Daragh \u00d3 Conch\u00fair and Meghann Scully will bring viewers all the colour and atmosphere from the parade ring, chatting with owners, trainers, jockeys and punters throughout the week.<br \/>\n&nbsp;<\/p>\n<p>With a rich mix of top-class racing, style, and festival atmosphere, <em>R\u00e1sa\u00ed Lios Tuathail<\/em> promises another unforgettable week live from Listowel on TG4.<br \/>\n&nbsp;<br \/>\nFollow <strong>Sp\u00f3rt TG4<\/strong> on social media for highlights, updates, and behind-the-scenes coverage from the Listowel Harvest Festival.<\/p>\n<p>&nbsp;<br \/>\n&nbsp;<\/p>\n<table>\n<thead>\n<th>Day &#038; Date<\/th>\n<th>Time<\/th>\n<th>Programme<\/th>\n<th>Info<\/th>\n<th>Platform<\/th>\n<th>Rights<\/th>\n<\/thead>\n<tr>\n<td>Monday 22\/09<\/td>\n<td>14:25<\/td>\n<td>R\u00e1sa\u00ed Beo<\/td>\n<td>R\u00e1sa\u00ed Lios Tuathail<\/td>\n<td>TG4<\/td>\n<td>Worldwide<\/td>\n<\/tr>\n<tr>\n<td>Tuesday 23\/09<\/td>\n<td>14:40<\/td>\n<td>R\u00e1sa\u00ed Beo<\/td>\n<td>R\u00e1sa\u00ed Lios Tuathail<\/td>\n<td>TG4<\/td>\n<td>Worldwide<\/td>\n<\/tr>\n<tr>\n<td>Wednesday 24\/09<\/td>\n<td>13:50<\/td>\n<td>R\u00e1sa\u00ed Beo<\/td>\n<td>R\u00e1sa\u00ed Lios Tuathail<\/td>\n<td>TG4<\/td>\n<td>Worldwide<\/td>\n<\/tr>\n<tr>\n<td>Thursday 25\/09<\/td>\n<td>14:05<\/td>\n<td>R\u00e1sa\u00ed Beo<\/td>\n<td>R\u00e1sa\u00ed Lios Tuathail<\/td>\n<td>TG4<\/td>\n<td>Worldwide<\/td>\n<\/tr>\n<tr>\n<td>Friday 26\/09<\/td>\n<td>13:55<\/td>\n<td>R\u00e1sa\u00ed Beo<\/td>\n<td>R\u00e1sa\u00ed Lios Tuathail<\/td>\n<td>TG4<\/td>\n<td>Worldwide<\/td>\n<\/tr>\n<tr>\n<td>Saturday 27\/09<\/td>\n<td>14:00<\/td>\n<td>R\u00e1sa\u00ed Beo<\/td>\n<td>R\u00e1sa\u00ed Lios Tuathail<\/td>\n<td>TG4<\/td>\n<td>Worldwide<\/td>\n<\/tr>\n<\/table>\n<p>&nbsp;<br \/>\n&nbsp;<\/p>\n","protected":false},"excerpt":{"rendered":"<p>&nbsp; TG4 returns once again to Listowel this September to bring viewers six days of top-class live coverage from the famous Listowel Harvest Festival. &nbsp; The partnership between TG4 and the festival goes back two decades, with the first broadcast from Listowel in 2004. This year marks the 21st anniversary of R\u00e1sa\u00ed Lios Tuathail on [&hellip;]<\/p>\n","protected":false},"author":876,"featured_media":0,"parent":236809,"menu_order":52,"comment_status":"closed","ping_status":"closed","template":"page-templates\/template-pr.php","meta":{"_acf_changed":false,"footnotes":""},"acf":[],"yoast_head":"<!-- This site is optimized with the Yoast SEO plugin v22.6 - https:\/\/yoast.com\/wordpress\/plugins\/seo\/ -->\n<title>TG4 to Broadcast 6 Days of Live Racing from the Listowel Harvest Festival | Press Release | TG4<\/title>\n<meta name=\"description\" content=\"TG4 returns once again to Listowel this September to bring viewers six days of top-class live coverage from the famous Listowel Harvest Festival.\" \/>\n<meta name=\"robots\" content=\"index, follow, max-snippet:-1, max-image-preview:large, max-video-preview:-1\" \/>\n<meta property=\"og:locale\" content=\"en_US\" \/>\n<meta property=\"og:type\" content=\"article\" \/>\n<meta property=\"og:title\" content=\"TG4 to Broadcast 6 Days of Live Racing from the Listowel Harvest Festival | Press Release | TG4\" \/>\n<meta property=\"og:description\" content=\"TG4 returns once again to Listowel this September to bring viewers six days of top-class live coverage from the famous Listowel Harvest Festival.\" \/>\n<meta property=\"og:url\" content=\"https:\/\/dev.tg4.ie\/en\/information\/press\/press-releases\/2025-2\/tg4-to-broadcast-6-days-of-live-racing-from-the-listowel-harvest-festival\/\" \/>\n<meta property=\"og:site_name\" content=\"TG4\" \/>\n<meta property=\"article:publisher\" content=\"https:\/\/www.facebook.com\/TG4TV\" \/>\n<meta property=\"article:modified_time\" content=\"2025-09-19T13:35:41+00:00\" \/>\n<meta property=\"og:image\" content=\"https:\/\/dev.tg4.ie\/wp-content\/uploads\/2024\/07\/Rasai_Beo_Gaillimh_1-1920x1080-1.jpg\" \/>\n<meta name=\"twitter:card\" content=\"summary_large_image\" \/>\n<meta name=\"twitter:site\" content=\"@TG4TV\" \/>\n<meta name=\"twitter:label1\" content=\"Est. reading time\" \/>\n\t<meta name=\"twitter:data1\" content=\"3 minutes\" \/>\n<script type=\"application\/ld+json\" class=\"yoast-schema-graph\">{\"@context\":\"https:\/\/schema.org\",\"@graph\":[{\"@type\":\"WebPage\",\"@id\":\"https:\/\/dev.tg4.ie\/en\/information\/press\/press-releases\/2025-2\/tg4-to-broadcast-6-days-of-live-racing-from-the-listowel-harvest-festival\/\",\"url\":\"https:\/\/dev.tg4.ie\/en\/information\/press\/press-releases\/2025-2\/tg4-to-broadcast-6-days-of-live-racing-from-the-listowel-harvest-festival\/\",\"name\":\"TG4 to Broadcast 6 Days of Live Racing from the Listowel Harvest Festival | Press Release | TG4\",\"isPartOf\":{\"@id\":\"https:\/\/dev.tg4.ie\/en\/#website\"},\"primaryImageOfPage\":{\"@id\":\"https:\/\/dev.tg4.ie\/en\/information\/press\/press-releases\/2025-2\/tg4-to-broadcast-6-days-of-live-racing-from-the-listowel-harvest-festival\/#primaryimage\"},\"image\":{\"@id\":\"https:\/\/dev.tg4.ie\/en\/information\/press\/press-releases\/2025-2\/tg4-to-broadcast-6-days-of-live-racing-from-the-listowel-harvest-festival\/#primaryimage\"},\"thumbnailUrl\":\"https:\/\/dev.tg4.ie\/wp-content\/uploads\/2024\/07\/Rasai_Beo_Gaillimh_1-1920x1080-1.jpg\",\"datePublished\":\"2025-09-19T13:28:35+00:00\",\"dateModified\":\"2025-09-19T13:35:41+00:00\",\"description\":\"TG4 returns once again to Listowel this September to bring viewers six days of top-class live coverage from the famous Listowel Harvest Festival.\",\"breadcrumb\":{\"@id\":\"https:\/\/dev.tg4.ie\/en\/information\/press\/press-releases\/2025-2\/tg4-to-broadcast-6-days-of-live-racing-from-the-listowel-harvest-festival\/#breadcrumb\"},\"inLanguage\":\"en-ie\",\"potentialAction\":[{\"@type\":\"ReadAction\",\"target\":[\"https:\/\/dev.tg4.ie\/en\/information\/press\/press-releases\/2025-2\/tg4-to-broadcast-6-days-of-live-racing-from-the-listowel-harvest-festival\/\"]}]},{\"@type\":\"ImageObject\",\"inLanguage\":\"en-ie\",\"@id\":\"https:\/\/dev.tg4.ie\/en\/information\/press\/press-releases\/2025-2\/tg4-to-broadcast-6-days-of-live-racing-from-the-listowel-harvest-festival\/#primaryimage\",\"url\":\"https:\/\/dev.tg4.ie\/wp-content\/uploads\/2024\/07\/Rasai_Beo_Gaillimh_1-1920x1080-1.jpg\",\"contentUrl\":\"https:\/\/dev.tg4.ie\/wp-content\/uploads\/2024\/07\/Rasai_Beo_Gaillimh_1-1920x1080-1.jpg\"},{\"@type\":\"BreadcrumbList\",\"@id\":\"https:\/\/dev.tg4.ie\/en\/information\/press\/press-releases\/2025-2\/tg4-to-broadcast-6-days-of-live-racing-from-the-listowel-harvest-festival\/#breadcrumb\",\"itemListElement\":[{\"@type\":\"ListItem\",\"position\":1,\"name\":\"Home\",\"item\":\"https:\/\/dev.tg4.ie\/en\/\"},{\"@type\":\"ListItem\",\"position\":2,\"name\":\"Information\",\"item\":\"https:\/\/dev.tg4.ie\/en\/information\/\"},{\"@type\":\"ListItem\",\"position\":3,\"name\":\"Press\",\"item\":\"https:\/\/dev.tg4.ie\/en\/information\/press\/\"},{\"@type\":\"ListItem\",\"position\":4,\"name\":\"Press Releases\",\"item\":\"https:\/\/dev.tg4.ie\/en\/information\/press\/press-releases\/\"},{\"@type\":\"ListItem\",\"position\":5,\"name\":\"2025\",\"item\":\"https:\/\/dev.tg4.ie\/en\/information\/press\/press-releases\/2025-2\/\"},{\"@type\":\"ListItem\",\"position\":6,\"name\":\"TG4 to Broadcast 6 Days of Live Racing from the Listowel Harvest Festival\"}]},{\"@type\":\"WebSite\",\"@id\":\"https:\/\/dev.tg4.ie\/en\/#website\",\"url\":\"https:\/\/dev.tg4.ie\/en\/\",\"name\":\"TG4\",\"description\":\"S\u00fail Eile\",\"potentialAction\":[{\"@type\":\"SearchAction\",\"target\":{\"@type\":\"EntryPoint\",\"urlTemplate\":\"https:\/\/dev.tg4.ie\/en\/?s={search_term_string}\"},\"query-input\":\"required name=search_term_string\"}],\"inLanguage\":\"en-ie\"}]}<\/script>\n<!-- \/ Yoast SEO plugin. -->","yoast_head_json":{"title":"TG4 to Broadcast 6 Days of Live Racing from the Listowel Harvest Festival | Press Release | TG4","description":"TG4 returns once again to Listowel this September to bring viewers six days of top-class live coverage from the famous Listowel Harvest Festival.","robots":{"index":"index","follow":"follow","max-snippet":"max-snippet:-1","max-image-preview":"max-image-preview:large","max-video-preview":"max-video-preview:-1"},"og_locale":"en_US","og_type":"article","og_title":"TG4 to Broadcast 6 Days of Live Racing from the Listowel Harvest Festival | Press Release | TG4","og_description":"TG4 returns once again to Listowel this September to bring viewers six days of top-class live coverage from the famous Listowel Harvest Festival.","og_url":"https:\/\/dev.tg4.ie\/en\/information\/press\/press-releases\/2025-2\/tg4-to-broadcast-6-days-of-live-racing-from-the-listowel-harvest-festival\/","og_site_name":"TG4","article_publisher":"https:\/\/www.facebook.com\/TG4TV","article_modified_time":"2025-09-19T13:35:41+00:00","og_image":[{"url":"https:\/\/dev.tg4.ie\/wp-content\/uploads\/2024\/07\/Rasai_Beo_Gaillimh_1-1920x1080-1.jpg"}],"twitter_card":"summary_large_image","twitter_site":"@TG4TV","twitter_misc":{"Est. reading time":"3 minutes"},"schema":{"@context":"https:\/\/schema.org","@graph":[{"@type":"WebPage","@id":"https:\/\/dev.tg4.ie\/en\/information\/press\/press-releases\/2025-2\/tg4-to-broadcast-6-days-of-live-racing-from-the-listowel-harvest-festival\/","url":"https:\/\/dev.tg4.ie\/en\/information\/press\/press-releases\/2025-2\/tg4-to-broadcast-6-days-of-live-racing-from-the-listowel-harvest-festival\/","name":"TG4 to Broadcast 6 Days of Live Racing from the Listowel Harvest Festival | Press Release | TG4","isPartOf":{"@id":"https:\/\/dev.tg4.ie\/en\/#website"},"primaryImageOfPage":{"@id":"https:\/\/dev.tg4.ie\/en\/information\/press\/press-releases\/2025-2\/tg4-to-broadcast-6-days-of-live-racing-from-the-listowel-harvest-festival\/#primaryimage"},"image":{"@id":"https:\/\/dev.tg4.ie\/en\/information\/press\/press-releases\/2025-2\/tg4-to-broadcast-6-days-of-live-racing-from-the-listowel-harvest-festival\/#primaryimage"},"thumbnailUrl":"https:\/\/dev.tg4.ie\/wp-content\/uploads\/2024\/07\/Rasai_Beo_Gaillimh_1-1920x1080-1.jpg","datePublished":"2025-09-19T13:28:35+00:00","dateModified":"2025-09-19T13:35:41+00:00","description":"TG4 returns once again to Listowel this September to bring viewers six days of top-class live coverage from the famous Listowel Harvest Festival.","breadcrumb":{"@id":"https:\/\/dev.tg4.ie\/en\/information\/press\/press-releases\/2025-2\/tg4-to-broadcast-6-days-of-live-racing-from-the-listowel-harvest-festival\/#breadcrumb"},"inLanguage":"en-ie","potentialAction":[{"@type":"ReadAction","target":["https:\/\/dev.tg4.ie\/en\/information\/press\/press-releases\/2025-2\/tg4-to-broadcast-6-days-of-live-racing-from-the-listowel-harvest-festival\/"]}]},{"@type":"ImageObject","inLanguage":"en-ie","@id":"https:\/\/dev.tg4.ie\/en\/information\/press\/press-releases\/2025-2\/tg4-to-broadcast-6-days-of-live-racing-from-the-listowel-harvest-festival\/#primaryimage","url":"https:\/\/dev.tg4.ie\/wp-content\/uploads\/2024\/07\/Rasai_Beo_Gaillimh_1-1920x1080-1.jpg","contentUrl":"https:\/\/dev.tg4.ie\/wp-content\/uploads\/2024\/07\/Rasai_Beo_Gaillimh_1-1920x1080-1.jpg"},{"@type":"BreadcrumbList","@id":"https:\/\/dev.tg4.ie\/en\/information\/press\/press-releases\/2025-2\/tg4-to-broadcast-6-days-of-live-racing-from-the-listowel-harvest-festival\/#breadcrumb","itemListElement":[{"@type":"ListItem","position":1,"name":"Home","item":"https:\/\/dev.tg4.ie\/en\/"},{"@type":"ListItem","position":2,"name":"Information","item":"https:\/\/dev.tg4.ie\/en\/information\/"},{"@type":"ListItem","position":3,"name":"Press","item":"https:\/\/dev.tg4.ie\/en\/information\/press\/"},{"@type":"ListItem","position":4,"name":"Press Releases","item":"https:\/\/dev.tg4.ie\/en\/information\/press\/press-releases\/"},{"@type":"ListItem","position":5,"name":"2025","item":"https:\/\/dev.tg4.ie\/en\/information\/press\/press-releases\/2025-2\/"},{"@type":"ListItem","position":6,"name":"TG4 to Broadcast 6 Days of Live Racing from the Listowel Harvest Festival"}]},{"@type":"WebSite","@id":"https:\/\/dev.tg4.ie\/en\/#website","url":"https:\/\/dev.tg4.ie\/en\/","name":"TG4","description":"S\u00fail Eile","potentialAction":[{"@type":"SearchAction","target":{"@type":"EntryPoint","urlTemplate":"https:\/\/dev.tg4.ie\/en\/?s={search_term_string}"},"query-input":"required name=search_term_string"}],"inLanguage":"en-ie"}]}},"_links":{"self":[{"href":"https:\/\/dev.tg4.ie\/en\/wp-json\/wp\/v2\/pages\/247438"}],"collection":[{"href":"https:\/\/dev.tg4.ie\/en\/wp-json\/wp\/v2\/pages"}],"about":[{"href":"https:\/\/dev.tg4.ie\/en\/wp-json\/wp\/v2\/types\/page"}],"author":[{"embeddable":true,"href":"https:\/\/dev.tg4.ie\/en\/wp-json\/wp\/v2\/users\/876"}],"replies":[{"embeddable":true,"href":"https:\/\/dev.tg4.ie\/en\/wp-json\/wp\/v2\/comments?post=247438"}],"version-history":[{"count":0,"href":"https:\/\/dev.tg4.ie\/en\/wp-json\/wp\/v2\/pages\/247438\/revisions"}],"up":[{"embeddable":true,"href":"https:\/\/dev.tg4.ie\/en\/wp-json\/wp\/v2\/pages\/236809"}],"wp:attachment":[{"href":"https:\/\/dev.tg4.ie\/en\/wp-json\/wp\/v2\/media?parent=247438"}],"curies":[{"name":"wp","href":"https:\/\/api.w.org\/{rel}","templated":true}]}}