{"id":247574,"date":"2025-10-03T13:09:47","date_gmt":"2025-10-03T12:09:47","guid":{"rendered":"https:\/\/dev.tg4.ie\/?page_id=247574"},"modified":"2025-10-15T16:29:48","modified_gmt":"2025-10-15T15:29:48","slug":"tg4s-coverage-of-the-presidential-election","status":"publish","type":"page","link":"https:\/\/dev.tg4.ie\/en\/information\/press\/press-releases\/2025-2\/tg4s-coverage-of-the-presidential-election\/","title":{"rendered":"TG4\u2019s Coverage of the Presidential Election"},"content":{"rendered":"<h1><center>\u00c1ras25<\/center><\/h1>\n<p><img loading=\"lazy\" decoding=\"async\" width=\"1920\" height=\"1080\" src=\"https:\/\/tg4-docs.s3.amazonaws.com\/wp-content\/uploads\/2025\/10\/15162832\/Aras25_1-1920x1080-1.jpg\" alt=\"\" class=\"aligncenter size-full wp-image-247719\" srcset=\"https:\/\/tg4-docs.s3.amazonaws.com\/wp-content\/uploads\/2025\/10\/15162832\/Aras25_1-1920x1080-1.jpg 1920w, https:\/\/tg4-docs.s3.amazonaws.com\/wp-content\/uploads\/2025\/10\/15162832\/Aras25_1-1920x1080-1-250x141.jpg 250w, https:\/\/tg4-docs.s3.amazonaws.com\/wp-content\/uploads\/2025\/10\/15162832\/Aras25_1-1920x1080-1-700x394.jpg 700w, https:\/\/tg4-docs.s3.amazonaws.com\/wp-content\/uploads\/2025\/10\/15162832\/Aras25_1-1920x1080-1-252x141.jpg 252w, https:\/\/tg4-docs.s3.amazonaws.com\/wp-content\/uploads\/2025\/10\/15162832\/Aras25_1-1920x1080-1-1536x864.jpg 1536w, https:\/\/tg4-docs.s3.amazonaws.com\/wp-content\/uploads\/2025\/10\/15162832\/Aras25_1-1920x1080-1-120x68.jpg 120w\" sizes=\"(max-width: 1920px) 100vw, 1920px\" \/><br \/>\n<center><sup>Pic: Si\u00fan Nic Gearailt<\/sup><\/center><br \/>\n&nbsp;<\/p>\n<p>Nuacht\u00a0TG4 will provide extensive reporting throughout the presidential election, with daily coverage of the candidates\u2019 campaigns across the country.\u00a0<br \/>\n&nbsp;<\/p>\n<p>TG4 Political Correspondent Donncha \u00d3 Murch\u00fa\u00a0will deliver expert daily analysis.\u00a0TG4 reporters Sin\u00e9ad N\u00ed Neachtain, Sorcha N\u00ed Mhonach\u00e1in\u00a0and Tom\u00e1s \u00d3 Mainn\u00edn\u00a0will accompany the presidential candidates throughout the campaign, delivering regular reports from the trail.<br \/>\n&nbsp;<\/p>\n<p><strong>\u00c1ras25:<\/strong><\/p>\n<p>On <strong>Saturday, 25 October<\/strong>, as the count unfolds, Si\u00fan Nic Gearailt will present two special <strong>\u00c1ras25<\/strong> programmes on TG4, at <strong>2pm<\/strong> and <strong>7pm<\/strong>, featuring the latest results, reports from count centres, and in-depth analysis from studio and on the ground contributors.<br \/>\n&nbsp;<\/p>\n<p><strong>Nuacht TG4:<\/strong><\/p>\n<p>At 19:00 each evening <strong>Nuacht TG4<\/strong>, presented by Si\u00fan Nic Gearailt and Eimear N\u00ed Chonaola will provide the latest campaign developments with context and analysis.<br \/>\n&nbsp;<\/p>\n<p><strong>7L\u00c1:<\/strong><\/p>\n<p>Every Tuesday at 20:00, <strong>7L\u00c1<\/strong>, presented by M\u00e1ir\u00edn N\u00ed Ghadhra and Beirn\u00ed N\u00ed Chuinn, will feature debate and discussion with political figures, commentators, and analysts on the key issues shaping the election.<br \/>\n&nbsp;<\/p>\n<p><strong>Nuacht C\u00fala4:<\/strong><\/p>\n<p><strong>Nuacht C\u00fala4<\/strong> will deliver specially tailored coverage for younger audiences, helping them to understand the role of the President and the significance of the vote.<br \/>\n&nbsp;<\/p>\n<p><strong>The 2025 Presidential Election:<\/strong><\/p>\n<p>On <strong>Friday, 24 October 2025<\/strong>, voters will elect the <strong>tenth President of Ireland<\/strong>. Since the establishment of the office in 1938, nine presidents have served, from Douglas Hyde to <strong>Michael D. Higgins<\/strong>, whose 14 year presidency concludes in November. The newly elected president will be sworn in and take up residence at <strong>\u00c1ras an Uachtar\u00e1in<\/strong>.<br \/>\n&nbsp;<\/p>\n<p><strong>Deirdre N\u00ed Choist\u00edn<\/strong>, Director General of TG4, said, <em>\u201cThe presidential election is one of the most significant events in Irish democracy. TG4, through <strong>\u00c1ras25<\/strong>, is committed to providing trusted, independent, and comprehensive coverage that allows audiences to follow the candidates, understand the issues, and engage fully with this national conversation in the Irish language.\u201d<\/em><br \/>\n&nbsp;<\/p>\n<h3>Social Media:<\/h3>\n<p>@NUACHTTG4, @7LATG4, YouTube@Cula4, Instagram @cula4_tg4<br \/>\n&nbsp;<br \/>\n&nbsp;<\/p>\n","protected":false},"excerpt":{"rendered":"<p>\u00c1ras25 Pic: Si\u00fan Nic Gearailt &nbsp; Nuacht\u00a0TG4 will provide extensive reporting throughout the presidential election, with daily coverage of the candidates\u2019 campaigns across the country.\u00a0 &nbsp; TG4 Political Correspondent Donncha \u00d3 Murch\u00fa\u00a0will deliver expert daily analysis.\u00a0TG4 reporters Sin\u00e9ad N\u00ed Neachtain, Sorcha N\u00ed Mhonach\u00e1in\u00a0and Tom\u00e1s \u00d3 Mainn\u00edn\u00a0will accompany the presidential candidates throughout the campaign, delivering regular [&hellip;]<\/p>\n","protected":false},"author":876,"featured_media":0,"parent":236809,"menu_order":56,"comment_status":"closed","ping_status":"closed","template":"page-templates\/template-pr.php","meta":{"_acf_changed":false,"footnotes":""},"acf":[],"yoast_head":"<!-- This site is optimized with the Yoast SEO plugin v22.6 - https:\/\/yoast.com\/wordpress\/plugins\/seo\/ -->\n<title>TG4\u2019s Coverage of the Presidential Election | Press Release | TG4<\/title>\n<meta name=\"description\" content=\"Nuacht\u00a0TG4 will provide extensive reporting throughout the presidential election, with daily coverage of the three candidates\u2019 campaigns across the country.\u00a0\" \/>\n<meta name=\"robots\" content=\"index, follow, max-snippet:-1, max-image-preview:large, max-video-preview:-1\" \/>\n<meta property=\"og:locale\" content=\"en_US\" \/>\n<meta property=\"og:type\" content=\"article\" \/>\n<meta property=\"og:title\" content=\"TG4\u2019s Coverage of the Presidential Election | Press Release | TG4\" \/>\n<meta property=\"og:description\" content=\"Nuacht\u00a0TG4 will provide extensive reporting throughout the presidential election, with daily coverage of the three candidates\u2019 campaigns across the country.\u00a0\" \/>\n<meta property=\"og:url\" content=\"https:\/\/dev.tg4.ie\/en\/information\/press\/press-releases\/2025-2\/tg4s-coverage-of-the-presidential-election\/\" \/>\n<meta property=\"og:site_name\" content=\"TG4\" \/>\n<meta property=\"article:publisher\" content=\"https:\/\/www.facebook.com\/TG4TV\" \/>\n<meta property=\"article:modified_time\" content=\"2025-10-15T15:29:48+00:00\" \/>\n<meta property=\"og:image\" content=\"https:\/\/dev.tg4.ie\/wp-content\/uploads\/2025\/10\/Aras25_1-1920x1080-1.jpg\" \/>\n<meta name=\"twitter:card\" content=\"summary_large_image\" \/>\n<meta name=\"twitter:site\" content=\"@TG4TV\" \/>\n<meta name=\"twitter:label1\" content=\"Est. reading time\" \/>\n\t<meta name=\"twitter:data1\" content=\"2 minutes\" \/>\n<script type=\"application\/ld+json\" class=\"yoast-schema-graph\">{\"@context\":\"https:\/\/schema.org\",\"@graph\":[{\"@type\":\"WebPage\",\"@id\":\"https:\/\/dev.tg4.ie\/en\/information\/press\/press-releases\/2025-2\/tg4s-coverage-of-the-presidential-election\/\",\"url\":\"https:\/\/dev.tg4.ie\/en\/information\/press\/press-releases\/2025-2\/tg4s-coverage-of-the-presidential-election\/\",\"name\":\"TG4\u2019s Coverage of the Presidential Election | Press Release | TG4\",\"isPartOf\":{\"@id\":\"https:\/\/dev.tg4.ie\/en\/#website\"},\"primaryImageOfPage\":{\"@id\":\"https:\/\/dev.tg4.ie\/en\/information\/press\/press-releases\/2025-2\/tg4s-coverage-of-the-presidential-election\/#primaryimage\"},\"image\":{\"@id\":\"https:\/\/dev.tg4.ie\/en\/information\/press\/press-releases\/2025-2\/tg4s-coverage-of-the-presidential-election\/#primaryimage\"},\"thumbnailUrl\":\"https:\/\/dev.tg4.ie\/wp-content\/uploads\/2025\/10\/Aras25_1-1920x1080-1.jpg\",\"datePublished\":\"2025-10-03T12:09:47+00:00\",\"dateModified\":\"2025-10-15T15:29:48+00:00\",\"description\":\"Nuacht\u00a0TG4 will provide extensive reporting throughout the presidential election, with daily coverage of the three candidates\u2019 campaigns across the country.\u00a0\",\"breadcrumb\":{\"@id\":\"https:\/\/dev.tg4.ie\/en\/information\/press\/press-releases\/2025-2\/tg4s-coverage-of-the-presidential-election\/#breadcrumb\"},\"inLanguage\":\"en-ie\",\"potentialAction\":[{\"@type\":\"ReadAction\",\"target\":[\"https:\/\/dev.tg4.ie\/en\/information\/press\/press-releases\/2025-2\/tg4s-coverage-of-the-presidential-election\/\"]}]},{\"@type\":\"ImageObject\",\"inLanguage\":\"en-ie\",\"@id\":\"https:\/\/dev.tg4.ie\/en\/information\/press\/press-releases\/2025-2\/tg4s-coverage-of-the-presidential-election\/#primaryimage\",\"url\":\"https:\/\/dev.tg4.ie\/wp-content\/uploads\/2025\/10\/Aras25_1-1920x1080-1.jpg\",\"contentUrl\":\"https:\/\/dev.tg4.ie\/wp-content\/uploads\/2025\/10\/Aras25_1-1920x1080-1.jpg\"},{\"@type\":\"BreadcrumbList\",\"@id\":\"https:\/\/dev.tg4.ie\/en\/information\/press\/press-releases\/2025-2\/tg4s-coverage-of-the-presidential-election\/#breadcrumb\",\"itemListElement\":[{\"@type\":\"ListItem\",\"position\":1,\"name\":\"Home\",\"item\":\"https:\/\/dev.tg4.ie\/en\/\"},{\"@type\":\"ListItem\",\"position\":2,\"name\":\"Information\",\"item\":\"https:\/\/dev.tg4.ie\/en\/information\/\"},{\"@type\":\"ListItem\",\"position\":3,\"name\":\"Press\",\"item\":\"https:\/\/dev.tg4.ie\/en\/information\/press\/\"},{\"@type\":\"ListItem\",\"position\":4,\"name\":\"Press Releases\",\"item\":\"https:\/\/dev.tg4.ie\/en\/information\/press\/press-releases\/\"},{\"@type\":\"ListItem\",\"position\":5,\"name\":\"2025\",\"item\":\"https:\/\/dev.tg4.ie\/en\/information\/press\/press-releases\/2025-2\/\"},{\"@type\":\"ListItem\",\"position\":6,\"name\":\"TG4\u2019s Coverage of the Presidential Election\"}]},{\"@type\":\"WebSite\",\"@id\":\"https:\/\/dev.tg4.ie\/en\/#website\",\"url\":\"https:\/\/dev.tg4.ie\/en\/\",\"name\":\"TG4\",\"description\":\"S\u00fail Eile\",\"potentialAction\":[{\"@type\":\"SearchAction\",\"target\":{\"@type\":\"EntryPoint\",\"urlTemplate\":\"https:\/\/dev.tg4.ie\/en\/?s={search_term_string}\"},\"query-input\":\"required name=search_term_string\"}],\"inLanguage\":\"en-ie\"}]}<\/script>\n<!-- \/ Yoast SEO plugin. -->","yoast_head_json":{"title":"TG4\u2019s Coverage of the Presidential Election | Press Release | TG4","description":"Nuacht\u00a0TG4 will provide extensive reporting throughout the presidential election, with daily coverage of the three candidates\u2019 campaigns across the country.\u00a0","robots":{"index":"index","follow":"follow","max-snippet":"max-snippet:-1","max-image-preview":"max-image-preview:large","max-video-preview":"max-video-preview:-1"},"og_locale":"en_US","og_type":"article","og_title":"TG4\u2019s Coverage of the Presidential Election | Press Release | TG4","og_description":"Nuacht\u00a0TG4 will provide extensive reporting throughout the presidential election, with daily coverage of the three candidates\u2019 campaigns across the country.\u00a0","og_url":"https:\/\/dev.tg4.ie\/en\/information\/press\/press-releases\/2025-2\/tg4s-coverage-of-the-presidential-election\/","og_site_name":"TG4","article_publisher":"https:\/\/www.facebook.com\/TG4TV","article_modified_time":"2025-10-15T15:29:48+00:00","og_image":[{"url":"https:\/\/dev.tg4.ie\/wp-content\/uploads\/2025\/10\/Aras25_1-1920x1080-1.jpg"}],"twitter_card":"summary_large_image","twitter_site":"@TG4TV","twitter_misc":{"Est. reading time":"2 minutes"},"schema":{"@context":"https:\/\/schema.org","@graph":[{"@type":"WebPage","@id":"https:\/\/dev.tg4.ie\/en\/information\/press\/press-releases\/2025-2\/tg4s-coverage-of-the-presidential-election\/","url":"https:\/\/dev.tg4.ie\/en\/information\/press\/press-releases\/2025-2\/tg4s-coverage-of-the-presidential-election\/","name":"TG4\u2019s Coverage of the Presidential Election | Press Release | TG4","isPartOf":{"@id":"https:\/\/dev.tg4.ie\/en\/#website"},"primaryImageOfPage":{"@id":"https:\/\/dev.tg4.ie\/en\/information\/press\/press-releases\/2025-2\/tg4s-coverage-of-the-presidential-election\/#primaryimage"},"image":{"@id":"https:\/\/dev.tg4.ie\/en\/information\/press\/press-releases\/2025-2\/tg4s-coverage-of-the-presidential-election\/#primaryimage"},"thumbnailUrl":"https:\/\/dev.tg4.ie\/wp-content\/uploads\/2025\/10\/Aras25_1-1920x1080-1.jpg","datePublished":"2025-10-03T12:09:47+00:00","dateModified":"2025-10-15T15:29:48+00:00","description":"Nuacht\u00a0TG4 will provide extensive reporting throughout the presidential election, with daily coverage of the three candidates\u2019 campaigns across the country.\u00a0","breadcrumb":{"@id":"https:\/\/dev.tg4.ie\/en\/information\/press\/press-releases\/2025-2\/tg4s-coverage-of-the-presidential-election\/#breadcrumb"},"inLanguage":"en-ie","potentialAction":[{"@type":"ReadAction","target":["https:\/\/dev.tg4.ie\/en\/information\/press\/press-releases\/2025-2\/tg4s-coverage-of-the-presidential-election\/"]}]},{"@type":"ImageObject","inLanguage":"en-ie","@id":"https:\/\/dev.tg4.ie\/en\/information\/press\/press-releases\/2025-2\/tg4s-coverage-of-the-presidential-election\/#primaryimage","url":"https:\/\/dev.tg4.ie\/wp-content\/uploads\/2025\/10\/Aras25_1-1920x1080-1.jpg","contentUrl":"https:\/\/dev.tg4.ie\/wp-content\/uploads\/2025\/10\/Aras25_1-1920x1080-1.jpg"},{"@type":"BreadcrumbList","@id":"https:\/\/dev.tg4.ie\/en\/information\/press\/press-releases\/2025-2\/tg4s-coverage-of-the-presidential-election\/#breadcrumb","itemListElement":[{"@type":"ListItem","position":1,"name":"Home","item":"https:\/\/dev.tg4.ie\/en\/"},{"@type":"ListItem","position":2,"name":"Information","item":"https:\/\/dev.tg4.ie\/en\/information\/"},{"@type":"ListItem","position":3,"name":"Press","item":"https:\/\/dev.tg4.ie\/en\/information\/press\/"},{"@type":"ListItem","position":4,"name":"Press Releases","item":"https:\/\/dev.tg4.ie\/en\/information\/press\/press-releases\/"},{"@type":"ListItem","position":5,"name":"2025","item":"https:\/\/dev.tg4.ie\/en\/information\/press\/press-releases\/2025-2\/"},{"@type":"ListItem","position":6,"name":"TG4\u2019s Coverage of the Presidential Election"}]},{"@type":"WebSite","@id":"https:\/\/dev.tg4.ie\/en\/#website","url":"https:\/\/dev.tg4.ie\/en\/","name":"TG4","description":"S\u00fail Eile","potentialAction":[{"@type":"SearchAction","target":{"@type":"EntryPoint","urlTemplate":"https:\/\/dev.tg4.ie\/en\/?s={search_term_string}"},"query-input":"required name=search_term_string"}],"inLanguage":"en-ie"}]}},"_links":{"self":[{"href":"https:\/\/dev.tg4.ie\/en\/wp-json\/wp\/v2\/pages\/247574"}],"collection":[{"href":"https:\/\/dev.tg4.ie\/en\/wp-json\/wp\/v2\/pages"}],"about":[{"href":"https:\/\/dev.tg4.ie\/en\/wp-json\/wp\/v2\/types\/page"}],"author":[{"embeddable":true,"href":"https:\/\/dev.tg4.ie\/en\/wp-json\/wp\/v2\/users\/876"}],"replies":[{"embeddable":true,"href":"https:\/\/dev.tg4.ie\/en\/wp-json\/wp\/v2\/comments?post=247574"}],"version-history":[{"count":0,"href":"https:\/\/dev.tg4.ie\/en\/wp-json\/wp\/v2\/pages\/247574\/revisions"}],"up":[{"embeddable":true,"href":"https:\/\/dev.tg4.ie\/en\/wp-json\/wp\/v2\/pages\/236809"}],"wp:attachment":[{"href":"https:\/\/dev.tg4.ie\/en\/wp-json\/wp\/v2\/media?parent=247574"}],"curies":[{"name":"wp","href":"https:\/\/api.w.org\/{rel}","templated":true}]}}