{"id":247591,"date":"2025-10-03T15:19:46","date_gmt":"2025-10-03T14:19:46","guid":{"rendered":"https:\/\/dev.tg4.ie\/?page_id=247591"},"modified":"2025-10-03T15:19:46","modified_gmt":"2025-10-03T14:19:46","slug":"tg4-statement-on-the-passing-of-manchan-magan","status":"publish","type":"page","link":"https:\/\/dev.tg4.ie\/en\/information\/press\/press-releases\/2025-2\/tg4-statement-on-the-passing-of-manchan-magan\/","title":{"rendered":"TG4 Statement on the Passing of Manch\u00e1n Magan"},"content":{"rendered":"<p><img decoding=\"async\" src=\"https:\/\/tg4-docs.s3.amazonaws.com\/wp-content\/uploads\/2025\/10\/03133628\/manchan_magan_RIP_16x9_700-394.png\" alt=\"Manch\u00e1n Magan RIP\" \/><\/p>\n<p>TG4 is deeply saddened by the passing of broadcaster, writer, and Gael Manch\u00e1n Magan.<br \/>\n&nbsp;<\/p>\n<p>Manch\u00e1n was a passionate advocate for the Irish language and a gifted storyteller whose work enriched Irish culture and broadcasting. He had a long history with TG4 from its inception to recent times.<br \/>\n&nbsp;<\/p>\n<p>Manch\u00e1n was a deep thinker, presenter and filmmaker. Over the years, he presented and produced numerous series for TnaG and TG4, working often with his brother director Ru\u00e1n Magan on a wide range of productions that reflected his creativity, imagination and deep curiosity about Ireland\u2019s heritage, landscape and people, from his first travel series \u2018Manch\u00e1n ar Seachr\u00e1n\u2019 that aired the first week TnaG was on air, to \u2018No B\u00e9arla\u2019 and to his most recent series \u2018Ag Triall ar an Tobar\u2019.<br \/>\n&nbsp; <\/p>\n<p>It was his brother Ru\u00e1n who first pitched the idea for Manch\u00e1n ar Seachr\u00e1n to TnaG, proposing that Manch\u00e1n\u2019s life in the Himalayas would make for compelling television.<br \/>\n&nbsp; <\/p>\n<p>In a book to celebrate TG4\u2019s 25th anniversary in 2021, Manch\u00e1n Magan wrote <em>&#8220;I M\u00ed Ean\u00e1ir 1996, bh\u00ed m\u00e9 i mo ch\u00f3na\u00ed i sciob\u00f3l b\u00f3 go hard i sl\u00e9ibhte na Himil\u00e9ithe nuair a th\u00e1inig mo dhearth\u00e1ir Ru\u00e1n amach go dt\u00ed an India chugam le ceamara beag digiteach, Sony DV 1-chip aige.  Bh\u00ed mise caillte i saol na samhla\u00edochta ag an am, ar strae im intinn leochailleach, scaipthe. Ach bh\u00ed Ru\u00e1n diongbh\u00e1ilte, agus fonn anois air sraithe teilif\u00edse a sti\u00faradh&#8230;Bh\u00ed arg\u00f3int mh\u00f3r agam le Ru\u00e1n faoi ar cheart d\u00fainn na radharcanna seo a scann\u00e1n\u00fa, n\u00f3 ar shu\u00edomh pr\u00edobh\u00e1ideach \u00e9, ach bh\u00ed s\u00e9 f\u00e9in l\u00e1nchinnte go raibh s\u00e9 de dhualgas orainn na cleachtais seo a roinnt leis an muintir sa bhaile, agus bh\u00ed siad mar ph\u00e1irt l\u00e1rnach den chl\u00e1r teilfi\u00edse a craoladh ar an dara l\u00e1 de shaol TnaG&#8221;<\/em><br \/>\n&nbsp; <\/p>\n<p>Manch\u00e1n Magan has left a remarkable legacy that will continue to inspire future generations, through his deep and unique exploration of language, culture and the Irish landscape.<br \/>\n&nbsp; <\/p>\n<p>His <strong>TG4<\/strong> works included: <\/p>\n<ul>\n<li>Manch\u00e1n ar Seachr\u00e1n (1996)<\/li>\n<li>Manch\u00e1n i Meirice\u00e1 Theas (1997)<\/li>\n<li>Manch\u00e1n in \u00c9irinn (1998)<\/li>\n<li>Manch\u00e1n USA (2000)<\/li>\n<li>Manch\u00e1n Um Nollaig (2000)<\/li>\n<li>Manchan i dTenerife (2001)<\/li>\n<li>Manch\u00e1n sa Mhe\u00e1n Oirthear (2001)<\/li>\n<li>Nasc (2002)<\/li>\n<li>Manchan sa tS\u00edn (2003)<\/li>\n<li>C\u00e9 a Ch\u00f3naigh i mo Theachsa? (2010 &#038; 2012)<\/li>\n<li>D\u00e9anta in \u00c9irinn (2012)<\/li>\n<li>B\u00e1s Arto Leary (2013)<\/li>\n<li>Crainn na h\u00c9ireann (2016)<\/li>\n<li>DNA Caillte (2020)<\/li>\n<li>An F\u00f3d Deireanach (2022)<\/li>\n<li>Ag Triall ar an Tobar (2024)<\/li>\n<\/ul>\n<p>&nbsp; <\/p>\n<p><strong>Deirdre N\u00ed Choist\u00edn, Ard-Sti\u00farth\u00f3ir TG4<\/strong>: <em>\u201cManch\u00e1n\u2019s work was the embodiment of TG4\u2019s motto S\u00fail Eile. He offered a unique insight into the Irish language, Irish life, and travel through his deep knowledge that he shared generously with audiences. On behalf of TG4, I would like to extend my deepest condolences to his wife Aisling, his mother Cr\u00f3ine, his brother Ru\u00e1n and the rest of the family.\u201d<\/em><br \/>\n&nbsp; <\/p>\n<p><strong>M\u00e1ire N\u00ed Chonl\u00e1in, Commissioning Editor, TG4<\/strong>: <em>\u201cManch\u00e1n was a visionary storyteller whose creativity, courage and curiosity brought TG4 audiences on unforgettable journeys into Gaeilge, culture and heritage. He had a rare gift for making us see the world and our own traditions in a new light. His legacy will endure in the powerful programmes he made, and he will be greatly missed.&#8221; <\/em><br \/>\n&nbsp; <\/p>\n<p><strong>Proinsias N\u00ed Ghr\u00e1inne, Commissioning Editor, TG4<\/strong>: <em>\u201cManch\u00e1n Magan was a unique and fearless voice in Irish broadcasting. His programmes for TG4 reflected his deep love of the Irish language and his instinctive ability to connect people with our heritage and landscape. His loss is immeasurable, but his work leaves a legacy that will continue to inspire and resonate for years to come.\u201d<\/em><br \/>\n&nbsp; <\/p>\n<p>TG4 extends heartfelt condolences to his wife Aisling as well as his mother Cr\u00f3ine, his siblings, and all who mourn his passing.<br \/>\n&nbsp; <\/p>\n<p><center><strong>Suaimhneas s\u00edora\u00ed d\u00e1 anam uasal<\/strong><\/center><br \/>\n&nbsp; <\/p>\n<p>Note for editors: Over three decades, Manch\u00e1n made many landmark programmes with TG4 and TnaG, from Manch\u00e1n ar Seachr\u00e1n (1996) to Ag Triall ar an Tobar (2024), leaving a lasting legacy of creativity and vision.<br \/>\n&nbsp;<\/p>\n<ul>\n<li><strong>Manch\u00e1n ar Seachr\u00e1n (1996)<\/strong> TnaG A 2-part travel series following the wanderings of a young Manch\u00e1n in the Far East.<\/li>\n<li><strong>Manch\u00e1n i Meirice\u00e1 Theas (1997)<\/strong> TnaG, A 2-part series in which a Mach\u00e1n explored the remotest parts of the Andes in South America.<\/li>\n<li><strong>Manch\u00e1n in \u00c9irinn (1998)<\/strong> TnaG 4-part series on Ireland<\/li>\n<li><strong>Manch\u00e1n USA (2000)<\/strong> A 4-part series with travellers tales from Manch\u00e1n, the wandering sage of TG4. He set off from Vancouver and headed south along the Pacific Coast.<\/li>\n<li><strong>Manch\u00e1n Um Nollaig (2000)<\/strong> 2-part series on Christmas traditions in remote cultures.<\/li>\n<li><strong>Manchan i dTenerife (2001)<\/strong> A one hour doc examining the local life of the Canary Islands with a particular focus on the craziest carnival on earth.<\/li>\n<li><strong>Manch\u00e1n sa Mhe\u00e1n Oirthear (2001)<\/strong> A six-part travel documentary series for TG4, Manch\u00e1n explored the land where civilisation first took root &#8211; the Middle East.<\/li>\n<li><strong>Nasc (2002)<\/strong> A six-part series where craftspeople from Ireland travel abroad to use their skills elsewhere. From the makers of Manch\u00e1n &#8211; L\u00e9iri\u00fa le Create One. Manch\u00e1n Magan was the producer of this seires.<\/li>\n<li><strong>Manchan sa tS\u00edn (2003)<\/strong> An overview of China through a journey from the Great Wall to the Yangtse River.<\/li>\n<li><strong>No B\u00e9arla (2007 &#038; 2008)<\/strong> A two-series documentary that followed Manch\u00e1n\u2019s journey across Ireland speaking only Irish, revealing both the challenges and humour in the lived experience of the language.<\/li>\n<li><strong>C\u00e9 a Ch\u00f3naigh i mo Theachsa? (2010) &#038; (series 2 2012)<\/strong> Two six-part series\u2019 explored the hidden histories of intriguing Irish houses, from Marie Antoinette\u2019s Dingle retreat to Michael Jackson\u2019s Westmeath home.<\/li>\n<li><strong>D\u00e9anta in \u00c9irinn (2012)<\/strong> A four-part series in which Manch\u00e1n tested whether it was possible to survive solely on Irish-made goods, food, and resources.<\/li>\n<li><strong>B\u00e1s Arto Leary (2013)<\/strong> A contemporary drama inspired by the 18th-century poem Caoineadh Airt U\u00ed Laoghaire, which won the Audience Award at the Dingle International Film Festival.<\/li>\n<li><strong>Crainn na h\u00c9ireann (2016)<\/strong> Manch\u00e1n presented this ten-part exploration of the hidden histories and enduring symbolism of Ireland\u2019s native trees.<\/li>\n<li><strong>DNA Caillte (2020)<\/strong>&#8211; presenter Manch\u00e1n Magan explored the fascinating and shocking truths about the ancient and medieval inhabitants of Europe and how extreme weather influenced the most critical battle in Irish history.<\/li>\n<li><strong>An F\u00f3d Deireanach (2022)<\/strong> A 4-part TV series, Manch\u00e1n Magan explored our complex relationship with the peatlands of Ireland.<\/li>\n<li><strong>Ag Triall ar an Tobar (2024)<\/strong> A six-part series uncovering the myths, legends and living traditions of Ireland\u2019s holy wells.<\/li>\n<\/ul>\n<p>&nbsp; <\/p>\n","protected":false},"excerpt":{"rendered":"<p>TG4 is deeply saddened by the passing of broadcaster, writer, and Gael Manch\u00e1n Magan. &nbsp; Manch\u00e1n was a passionate advocate for the Irish language and a gifted storyteller whose work enriched Irish culture and broadcasting. He had a long history with TG4 from its inception to recent times. &nbsp; Manch\u00e1n was a deep thinker, presenter [&hellip;]<\/p>\n","protected":false},"author":876,"featured_media":0,"parent":236809,"menu_order":57,"comment_status":"closed","ping_status":"closed","template":"page-templates\/template-pr.php","meta":{"_acf_changed":false,"footnotes":""},"acf":[],"yoast_head":"<!-- This site is optimized with the Yoast SEO plugin v22.6 - https:\/\/yoast.com\/wordpress\/plugins\/seo\/ -->\n<title>TG4 Statement on the Passing of Manch\u00e1n Magan<\/title>\n<meta name=\"description\" content=\"TG4 is deeply saddened by the passing of broadcaster, writer, and Gael Manch\u00e1n Magan.\" \/>\n<meta name=\"robots\" content=\"index, follow, max-snippet:-1, max-image-preview:large, max-video-preview:-1\" \/>\n<meta property=\"og:locale\" content=\"en_US\" \/>\n<meta property=\"og:type\" content=\"article\" \/>\n<meta property=\"og:title\" content=\"TG4 Statement on the Passing of Manch\u00e1n Magan\" \/>\n<meta property=\"og:description\" content=\"TG4 is deeply saddened by the passing of broadcaster, writer, and Gael Manch\u00e1n Magan.\" \/>\n<meta property=\"og:url\" content=\"https:\/\/dev.tg4.ie\/en\/information\/press\/press-releases\/2025-2\/tg4-statement-on-the-passing-of-manchan-magan\/\" \/>\n<meta property=\"og:site_name\" content=\"TG4\" \/>\n<meta property=\"article:publisher\" content=\"https:\/\/www.facebook.com\/TG4TV\" \/>\n<meta property=\"og:image\" content=\"https:\/\/dev.tg4.ie\/wp-content\/uploads\/2025\/10\/manchan_magan_RIP_16x9_700-394.png\" \/>\n<meta name=\"twitter:card\" content=\"summary_large_image\" \/>\n<meta name=\"twitter:site\" content=\"@TG4TV\" \/>\n<meta name=\"twitter:label1\" content=\"Est. reading time\" \/>\n\t<meta name=\"twitter:data1\" content=\"6 minutes\" \/>\n<script type=\"application\/ld+json\" class=\"yoast-schema-graph\">{\"@context\":\"https:\/\/schema.org\",\"@graph\":[{\"@type\":\"WebPage\",\"@id\":\"https:\/\/dev.tg4.ie\/en\/information\/press\/press-releases\/2025-2\/tg4-statement-on-the-passing-of-manchan-magan\/\",\"url\":\"https:\/\/dev.tg4.ie\/en\/information\/press\/press-releases\/2025-2\/tg4-statement-on-the-passing-of-manchan-magan\/\",\"name\":\"TG4 Statement on the Passing of Manch\u00e1n Magan\",\"isPartOf\":{\"@id\":\"https:\/\/dev.tg4.ie\/en\/#website\"},\"primaryImageOfPage\":{\"@id\":\"https:\/\/dev.tg4.ie\/en\/information\/press\/press-releases\/2025-2\/tg4-statement-on-the-passing-of-manchan-magan\/#primaryimage\"},\"image\":{\"@id\":\"https:\/\/dev.tg4.ie\/en\/information\/press\/press-releases\/2025-2\/tg4-statement-on-the-passing-of-manchan-magan\/#primaryimage\"},\"thumbnailUrl\":\"https:\/\/dev.tg4.ie\/wp-content\/uploads\/2025\/10\/manchan_magan_RIP_16x9_700-394.png\",\"datePublished\":\"2025-10-03T14:19:46+00:00\",\"dateModified\":\"2025-10-03T14:19:46+00:00\",\"description\":\"TG4 is deeply saddened by the passing of broadcaster, writer, and Gael Manch\u00e1n Magan.\",\"breadcrumb\":{\"@id\":\"https:\/\/dev.tg4.ie\/en\/information\/press\/press-releases\/2025-2\/tg4-statement-on-the-passing-of-manchan-magan\/#breadcrumb\"},\"inLanguage\":\"en-ie\",\"potentialAction\":[{\"@type\":\"ReadAction\",\"target\":[\"https:\/\/dev.tg4.ie\/en\/information\/press\/press-releases\/2025-2\/tg4-statement-on-the-passing-of-manchan-magan\/\"]}]},{\"@type\":\"ImageObject\",\"inLanguage\":\"en-ie\",\"@id\":\"https:\/\/dev.tg4.ie\/en\/information\/press\/press-releases\/2025-2\/tg4-statement-on-the-passing-of-manchan-magan\/#primaryimage\",\"url\":\"https:\/\/dev.tg4.ie\/wp-content\/uploads\/2025\/10\/manchan_magan_RIP_16x9_700-394.png\",\"contentUrl\":\"https:\/\/dev.tg4.ie\/wp-content\/uploads\/2025\/10\/manchan_magan_RIP_16x9_700-394.png\"},{\"@type\":\"BreadcrumbList\",\"@id\":\"https:\/\/dev.tg4.ie\/en\/information\/press\/press-releases\/2025-2\/tg4-statement-on-the-passing-of-manchan-magan\/#breadcrumb\",\"itemListElement\":[{\"@type\":\"ListItem\",\"position\":1,\"name\":\"Home\",\"item\":\"https:\/\/dev.tg4.ie\/en\/\"},{\"@type\":\"ListItem\",\"position\":2,\"name\":\"Information\",\"item\":\"https:\/\/dev.tg4.ie\/en\/information\/\"},{\"@type\":\"ListItem\",\"position\":3,\"name\":\"Press\",\"item\":\"https:\/\/dev.tg4.ie\/en\/information\/press\/\"},{\"@type\":\"ListItem\",\"position\":4,\"name\":\"Press Releases\",\"item\":\"https:\/\/dev.tg4.ie\/en\/information\/press\/press-releases\/\"},{\"@type\":\"ListItem\",\"position\":5,\"name\":\"2025\",\"item\":\"https:\/\/dev.tg4.ie\/en\/information\/press\/press-releases\/2025-2\/\"},{\"@type\":\"ListItem\",\"position\":6,\"name\":\"TG4 Statement on the Passing of Manch\u00e1n Magan\"}]},{\"@type\":\"WebSite\",\"@id\":\"https:\/\/dev.tg4.ie\/en\/#website\",\"url\":\"https:\/\/dev.tg4.ie\/en\/\",\"name\":\"TG4\",\"description\":\"S\u00fail Eile\",\"potentialAction\":[{\"@type\":\"SearchAction\",\"target\":{\"@type\":\"EntryPoint\",\"urlTemplate\":\"https:\/\/dev.tg4.ie\/en\/?s={search_term_string}\"},\"query-input\":\"required name=search_term_string\"}],\"inLanguage\":\"en-ie\"}]}<\/script>\n<!-- \/ Yoast SEO plugin. -->","yoast_head_json":{"title":"TG4 Statement on the Passing of Manch\u00e1n Magan","description":"TG4 is deeply saddened by the passing of broadcaster, writer, and Gael Manch\u00e1n Magan.","robots":{"index":"index","follow":"follow","max-snippet":"max-snippet:-1","max-image-preview":"max-image-preview:large","max-video-preview":"max-video-preview:-1"},"og_locale":"en_US","og_type":"article","og_title":"TG4 Statement on the Passing of Manch\u00e1n Magan","og_description":"TG4 is deeply saddened by the passing of broadcaster, writer, and Gael Manch\u00e1n Magan.","og_url":"https:\/\/dev.tg4.ie\/en\/information\/press\/press-releases\/2025-2\/tg4-statement-on-the-passing-of-manchan-magan\/","og_site_name":"TG4","article_publisher":"https:\/\/www.facebook.com\/TG4TV","og_image":[{"url":"https:\/\/dev.tg4.ie\/wp-content\/uploads\/2025\/10\/manchan_magan_RIP_16x9_700-394.png"}],"twitter_card":"summary_large_image","twitter_site":"@TG4TV","twitter_misc":{"Est. reading time":"6 minutes"},"schema":{"@context":"https:\/\/schema.org","@graph":[{"@type":"WebPage","@id":"https:\/\/dev.tg4.ie\/en\/information\/press\/press-releases\/2025-2\/tg4-statement-on-the-passing-of-manchan-magan\/","url":"https:\/\/dev.tg4.ie\/en\/information\/press\/press-releases\/2025-2\/tg4-statement-on-the-passing-of-manchan-magan\/","name":"TG4 Statement on the Passing of Manch\u00e1n Magan","isPartOf":{"@id":"https:\/\/dev.tg4.ie\/en\/#website"},"primaryImageOfPage":{"@id":"https:\/\/dev.tg4.ie\/en\/information\/press\/press-releases\/2025-2\/tg4-statement-on-the-passing-of-manchan-magan\/#primaryimage"},"image":{"@id":"https:\/\/dev.tg4.ie\/en\/information\/press\/press-releases\/2025-2\/tg4-statement-on-the-passing-of-manchan-magan\/#primaryimage"},"thumbnailUrl":"https:\/\/dev.tg4.ie\/wp-content\/uploads\/2025\/10\/manchan_magan_RIP_16x9_700-394.png","datePublished":"2025-10-03T14:19:46+00:00","dateModified":"2025-10-03T14:19:46+00:00","description":"TG4 is deeply saddened by the passing of broadcaster, writer, and Gael Manch\u00e1n Magan.","breadcrumb":{"@id":"https:\/\/dev.tg4.ie\/en\/information\/press\/press-releases\/2025-2\/tg4-statement-on-the-passing-of-manchan-magan\/#breadcrumb"},"inLanguage":"en-ie","potentialAction":[{"@type":"ReadAction","target":["https:\/\/dev.tg4.ie\/en\/information\/press\/press-releases\/2025-2\/tg4-statement-on-the-passing-of-manchan-magan\/"]}]},{"@type":"ImageObject","inLanguage":"en-ie","@id":"https:\/\/dev.tg4.ie\/en\/information\/press\/press-releases\/2025-2\/tg4-statement-on-the-passing-of-manchan-magan\/#primaryimage","url":"https:\/\/dev.tg4.ie\/wp-content\/uploads\/2025\/10\/manchan_magan_RIP_16x9_700-394.png","contentUrl":"https:\/\/dev.tg4.ie\/wp-content\/uploads\/2025\/10\/manchan_magan_RIP_16x9_700-394.png"},{"@type":"BreadcrumbList","@id":"https:\/\/dev.tg4.ie\/en\/information\/press\/press-releases\/2025-2\/tg4-statement-on-the-passing-of-manchan-magan\/#breadcrumb","itemListElement":[{"@type":"ListItem","position":1,"name":"Home","item":"https:\/\/dev.tg4.ie\/en\/"},{"@type":"ListItem","position":2,"name":"Information","item":"https:\/\/dev.tg4.ie\/en\/information\/"},{"@type":"ListItem","position":3,"name":"Press","item":"https:\/\/dev.tg4.ie\/en\/information\/press\/"},{"@type":"ListItem","position":4,"name":"Press Releases","item":"https:\/\/dev.tg4.ie\/en\/information\/press\/press-releases\/"},{"@type":"ListItem","position":5,"name":"2025","item":"https:\/\/dev.tg4.ie\/en\/information\/press\/press-releases\/2025-2\/"},{"@type":"ListItem","position":6,"name":"TG4 Statement on the Passing of Manch\u00e1n Magan"}]},{"@type":"WebSite","@id":"https:\/\/dev.tg4.ie\/en\/#website","url":"https:\/\/dev.tg4.ie\/en\/","name":"TG4","description":"S\u00fail Eile","potentialAction":[{"@type":"SearchAction","target":{"@type":"EntryPoint","urlTemplate":"https:\/\/dev.tg4.ie\/en\/?s={search_term_string}"},"query-input":"required name=search_term_string"}],"inLanguage":"en-ie"}]}},"_links":{"self":[{"href":"https:\/\/dev.tg4.ie\/en\/wp-json\/wp\/v2\/pages\/247591"}],"collection":[{"href":"https:\/\/dev.tg4.ie\/en\/wp-json\/wp\/v2\/pages"}],"about":[{"href":"https:\/\/dev.tg4.ie\/en\/wp-json\/wp\/v2\/types\/page"}],"author":[{"embeddable":true,"href":"https:\/\/dev.tg4.ie\/en\/wp-json\/wp\/v2\/users\/876"}],"replies":[{"embeddable":true,"href":"https:\/\/dev.tg4.ie\/en\/wp-json\/wp\/v2\/comments?post=247591"}],"version-history":[{"count":0,"href":"https:\/\/dev.tg4.ie\/en\/wp-json\/wp\/v2\/pages\/247591\/revisions"}],"up":[{"embeddable":true,"href":"https:\/\/dev.tg4.ie\/en\/wp-json\/wp\/v2\/pages\/236809"}],"wp:attachment":[{"href":"https:\/\/dev.tg4.ie\/en\/wp-json\/wp\/v2\/media?parent=247591"}],"curies":[{"name":"wp","href":"https:\/\/api.w.org\/{rel}","templated":true}]}}