{"id":247638,"date":"2025-10-07T15:02:36","date_gmt":"2025-10-07T14:02:36","guid":{"rendered":"https:\/\/dev.tg4.ie\/?page_id=247638"},"modified":"2025-10-07T15:03:27","modified_gmt":"2025-10-07T14:03:27","slug":"tg4-welcomes-significant-funding-boost-of-e5-4m-in-budget-2026","status":"publish","type":"page","link":"https:\/\/dev.tg4.ie\/en\/information\/press\/press-releases\/2025-2\/tg4-welcomes-significant-funding-boost-of-e5-4m-in-budget-2026\/","title":{"rendered":"TG4 Welcomes Significant Funding Boost of \u20ac5.4m in Budget 2026"},"content":{"rendered":"<p><img loading=\"lazy\" decoding=\"async\" width=\"1920\" height=\"1307\" src=\"https:\/\/tg4-docs.s3.amazonaws.com\/wp-content\/uploads\/2025\/10\/07150013\/Deirdre_Ni_Choistin_TG4.jpg\" alt=\"\" class=\"aligncenter size-full wp-image-247636\" srcset=\"https:\/\/tg4-docs.s3.amazonaws.com\/wp-content\/uploads\/2025\/10\/07150013\/Deirdre_Ni_Choistin_TG4.jpg 1920w, https:\/\/tg4-docs.s3.amazonaws.com\/wp-content\/uploads\/2025\/10\/07150013\/Deirdre_Ni_Choistin_TG4-250x170.jpg 250w, https:\/\/tg4-docs.s3.amazonaws.com\/wp-content\/uploads\/2025\/10\/07150013\/Deirdre_Ni_Choistin_TG4-700x477.jpg 700w, https:\/\/tg4-docs.s3.amazonaws.com\/wp-content\/uploads\/2025\/10\/07150013\/Deirdre_Ni_Choistin_TG4-207x141.jpg 207w, https:\/\/tg4-docs.s3.amazonaws.com\/wp-content\/uploads\/2025\/10\/07150013\/Deirdre_Ni_Choistin_TG4-1536x1046.jpg 1536w, https:\/\/tg4-docs.s3.amazonaws.com\/wp-content\/uploads\/2025\/10\/07150013\/Deirdre_Ni_Choistin_TG4-120x82.jpg 120w\" sizes=\"(max-width: 1920px) 100vw, 1920px\" \/><br \/>\n<center><sup><em>Deirdre N\u00ed Choist\u00edn, Ard-Sti\u00farth\u00f3ir TG4<\/em><\/sup><\/center><\/p>\n<p>&nbsp;<\/p>\n<p>TG4 welcomes the significant increase in its annual grant for 2026 from Government announced in today\u2019s budget.<br \/>\n&nbsp;<br \/>\nThe Department of Culture, Communications and Sport has sanctioned \u20ac5.4m or a 9% increase from the exchequer for TG4 next year for more high-quality Irish language content, children\u2019s programming and expanded news services bringing its total funding to \u20ac65.4m.<br \/>\n&nbsp;<br \/>\nThis is the second highest increase for TG4 in recent years. \u20ac7.3m was awarded to the station in budget 2023 to launch new children\u2019s channel C\u00fala4.<br \/>\n&nbsp;<br \/>\n<strong>TG4 Director General Deirdre N\u00ed Choist\u00edn<\/strong> welcomed today\u2019s announcement saying, <em>&#8220;I am deeply grateful to Minister O&#8217;Donovan, his officials in the Department of Culture, Communications and Sport, and to the new Government for their generous support of TG4 for 2026 and in particular the recognition for expanded news services for TG4. We were pleased to welcome Minister O\u2019Donovan to TG4&#8217;s headquarters in Baile na hAbhann during the Summer, not long after he had taken office. We are appreciative of his interest in TG4&#8217;s strategic priorities, the work being done in TG4 and the development of the independent production sector by TG4 and Government supports. <\/p>\n<p>TG4 is going from strength to strength due to increased investment from government in recent years. Our audience has grown steadily as a result of this investment. To date this year, TG4\u2019s audience share is now at 2.3%. We hope to continue to build on our audience engagement in 2026 and provide high-quality content for our audiences on all platforms. <\/p>\n<p>This investment as we approach thirty years on air demonstrates the Minister&#8217;s confidence in the TG4 team, the TG4 Board and in the value of TG4 as an Irish language public service media provider and the importance of the work we do for the Irish language and Irish language communities around the world.&#8221;<\/em><br \/>\n&nbsp;<br \/>\nNote: TG4 expects to receive further details later (17:00) today from Minister O\u2019Donovan.<br \/>\n&nbsp; <\/p>\n","protected":false},"excerpt":{"rendered":"<p>Deirdre N\u00ed Choist\u00edn, Ard-Sti\u00farth\u00f3ir TG4 &nbsp; TG4 welcomes the significant increase in its annual grant for 2026 from Government announced in today\u2019s budget. &nbsp; The Department of Culture, Communications and Sport has sanctioned \u20ac5.4m or a 9% increase from the exchequer for TG4 next year for more high-quality Irish language content, children\u2019s programming and expanded [&hellip;]<\/p>\n","protected":false},"author":876,"featured_media":0,"parent":236809,"menu_order":58,"comment_status":"closed","ping_status":"closed","template":"page-templates\/template-pr.php","meta":{"_acf_changed":false,"footnotes":""},"acf":[],"yoast_head":"<!-- This site is optimized with the Yoast SEO plugin v22.6 - https:\/\/yoast.com\/wordpress\/plugins\/seo\/ -->\n<title>TG4 Welcomes Significant Funding Boost of \u20ac5.4m in Budget 2026 | Press Release | TG4<\/title>\n<meta name=\"description\" content=\"TG4 welcomes the significant increase in its annual grant for 2026 from Government announced in today\u2019s budget.\" \/>\n<meta name=\"robots\" content=\"index, follow, max-snippet:-1, max-image-preview:large, max-video-preview:-1\" \/>\n<meta property=\"og:locale\" content=\"en_US\" \/>\n<meta property=\"og:type\" content=\"article\" \/>\n<meta property=\"og:title\" content=\"TG4 Welcomes Significant Funding Boost of \u20ac5.4m in Budget 2026 | Press Release | TG4\" \/>\n<meta property=\"og:description\" content=\"TG4 welcomes the significant increase in its annual grant for 2026 from Government announced in today\u2019s budget.\" \/>\n<meta property=\"og:url\" content=\"https:\/\/dev.tg4.ie\/en\/information\/press\/press-releases\/2025-2\/tg4-welcomes-significant-funding-boost-of-e5-4m-in-budget-2026\/\" \/>\n<meta property=\"og:site_name\" content=\"TG4\" \/>\n<meta property=\"article:publisher\" content=\"https:\/\/www.facebook.com\/TG4TV\" \/>\n<meta property=\"article:modified_time\" content=\"2025-10-07T14:03:27+00:00\" \/>\n<meta property=\"og:image\" content=\"https:\/\/dev.tg4.ie\/wp-content\/uploads\/2025\/10\/Deirdre_Ni_Choistin_TG4.jpg\" \/>\n<meta name=\"twitter:card\" content=\"summary_large_image\" \/>\n<meta name=\"twitter:site\" content=\"@TG4TV\" \/>\n<meta name=\"twitter:label1\" content=\"Est. reading time\" \/>\n\t<meta name=\"twitter:data1\" content=\"2 minutes\" \/>\n<script type=\"application\/ld+json\" class=\"yoast-schema-graph\">{\"@context\":\"https:\/\/schema.org\",\"@graph\":[{\"@type\":\"WebPage\",\"@id\":\"https:\/\/dev.tg4.ie\/en\/information\/press\/press-releases\/2025-2\/tg4-welcomes-significant-funding-boost-of-e5-4m-in-budget-2026\/\",\"url\":\"https:\/\/dev.tg4.ie\/en\/information\/press\/press-releases\/2025-2\/tg4-welcomes-significant-funding-boost-of-e5-4m-in-budget-2026\/\",\"name\":\"TG4 Welcomes Significant Funding Boost of \u20ac5.4m in Budget 2026 | Press Release | TG4\",\"isPartOf\":{\"@id\":\"https:\/\/dev.tg4.ie\/en\/#website\"},\"primaryImageOfPage\":{\"@id\":\"https:\/\/dev.tg4.ie\/en\/information\/press\/press-releases\/2025-2\/tg4-welcomes-significant-funding-boost-of-e5-4m-in-budget-2026\/#primaryimage\"},\"image\":{\"@id\":\"https:\/\/dev.tg4.ie\/en\/information\/press\/press-releases\/2025-2\/tg4-welcomes-significant-funding-boost-of-e5-4m-in-budget-2026\/#primaryimage\"},\"thumbnailUrl\":\"https:\/\/dev.tg4.ie\/wp-content\/uploads\/2025\/10\/Deirdre_Ni_Choistin_TG4.jpg\",\"datePublished\":\"2025-10-07T14:02:36+00:00\",\"dateModified\":\"2025-10-07T14:03:27+00:00\",\"description\":\"TG4 welcomes the significant increase in its annual grant for 2026 from Government announced in today\u2019s budget.\",\"breadcrumb\":{\"@id\":\"https:\/\/dev.tg4.ie\/en\/information\/press\/press-releases\/2025-2\/tg4-welcomes-significant-funding-boost-of-e5-4m-in-budget-2026\/#breadcrumb\"},\"inLanguage\":\"en-ie\",\"potentialAction\":[{\"@type\":\"ReadAction\",\"target\":[\"https:\/\/dev.tg4.ie\/en\/information\/press\/press-releases\/2025-2\/tg4-welcomes-significant-funding-boost-of-e5-4m-in-budget-2026\/\"]}]},{\"@type\":\"ImageObject\",\"inLanguage\":\"en-ie\",\"@id\":\"https:\/\/dev.tg4.ie\/en\/information\/press\/press-releases\/2025-2\/tg4-welcomes-significant-funding-boost-of-e5-4m-in-budget-2026\/#primaryimage\",\"url\":\"https:\/\/dev.tg4.ie\/wp-content\/uploads\/2025\/10\/Deirdre_Ni_Choistin_TG4.jpg\",\"contentUrl\":\"https:\/\/dev.tg4.ie\/wp-content\/uploads\/2025\/10\/Deirdre_Ni_Choistin_TG4.jpg\"},{\"@type\":\"BreadcrumbList\",\"@id\":\"https:\/\/dev.tg4.ie\/en\/information\/press\/press-releases\/2025-2\/tg4-welcomes-significant-funding-boost-of-e5-4m-in-budget-2026\/#breadcrumb\",\"itemListElement\":[{\"@type\":\"ListItem\",\"position\":1,\"name\":\"Home\",\"item\":\"https:\/\/dev.tg4.ie\/en\/\"},{\"@type\":\"ListItem\",\"position\":2,\"name\":\"Information\",\"item\":\"https:\/\/dev.tg4.ie\/en\/information\/\"},{\"@type\":\"ListItem\",\"position\":3,\"name\":\"Press\",\"item\":\"https:\/\/dev.tg4.ie\/en\/information\/press\/\"},{\"@type\":\"ListItem\",\"position\":4,\"name\":\"Press Releases\",\"item\":\"https:\/\/dev.tg4.ie\/en\/information\/press\/press-releases\/\"},{\"@type\":\"ListItem\",\"position\":5,\"name\":\"2025\",\"item\":\"https:\/\/dev.tg4.ie\/en\/information\/press\/press-releases\/2025-2\/\"},{\"@type\":\"ListItem\",\"position\":6,\"name\":\"TG4 Welcomes Significant Funding Boost of \u20ac5.4m in Budget 2026\"}]},{\"@type\":\"WebSite\",\"@id\":\"https:\/\/dev.tg4.ie\/en\/#website\",\"url\":\"https:\/\/dev.tg4.ie\/en\/\",\"name\":\"TG4\",\"description\":\"S\u00fail Eile\",\"potentialAction\":[{\"@type\":\"SearchAction\",\"target\":{\"@type\":\"EntryPoint\",\"urlTemplate\":\"https:\/\/dev.tg4.ie\/en\/?s={search_term_string}\"},\"query-input\":\"required name=search_term_string\"}],\"inLanguage\":\"en-ie\"}]}<\/script>\n<!-- \/ Yoast SEO plugin. -->","yoast_head_json":{"title":"TG4 Welcomes Significant Funding Boost of \u20ac5.4m in Budget 2026 | Press Release | TG4","description":"TG4 welcomes the significant increase in its annual grant for 2026 from Government announced in today\u2019s budget.","robots":{"index":"index","follow":"follow","max-snippet":"max-snippet:-1","max-image-preview":"max-image-preview:large","max-video-preview":"max-video-preview:-1"},"og_locale":"en_US","og_type":"article","og_title":"TG4 Welcomes Significant Funding Boost of \u20ac5.4m in Budget 2026 | Press Release | TG4","og_description":"TG4 welcomes the significant increase in its annual grant for 2026 from Government announced in today\u2019s budget.","og_url":"https:\/\/dev.tg4.ie\/en\/information\/press\/press-releases\/2025-2\/tg4-welcomes-significant-funding-boost-of-e5-4m-in-budget-2026\/","og_site_name":"TG4","article_publisher":"https:\/\/www.facebook.com\/TG4TV","article_modified_time":"2025-10-07T14:03:27+00:00","og_image":[{"url":"https:\/\/dev.tg4.ie\/wp-content\/uploads\/2025\/10\/Deirdre_Ni_Choistin_TG4.jpg"}],"twitter_card":"summary_large_image","twitter_site":"@TG4TV","twitter_misc":{"Est. reading time":"2 minutes"},"schema":{"@context":"https:\/\/schema.org","@graph":[{"@type":"WebPage","@id":"https:\/\/dev.tg4.ie\/en\/information\/press\/press-releases\/2025-2\/tg4-welcomes-significant-funding-boost-of-e5-4m-in-budget-2026\/","url":"https:\/\/dev.tg4.ie\/en\/information\/press\/press-releases\/2025-2\/tg4-welcomes-significant-funding-boost-of-e5-4m-in-budget-2026\/","name":"TG4 Welcomes Significant Funding Boost of \u20ac5.4m in Budget 2026 | Press Release | TG4","isPartOf":{"@id":"https:\/\/dev.tg4.ie\/en\/#website"},"primaryImageOfPage":{"@id":"https:\/\/dev.tg4.ie\/en\/information\/press\/press-releases\/2025-2\/tg4-welcomes-significant-funding-boost-of-e5-4m-in-budget-2026\/#primaryimage"},"image":{"@id":"https:\/\/dev.tg4.ie\/en\/information\/press\/press-releases\/2025-2\/tg4-welcomes-significant-funding-boost-of-e5-4m-in-budget-2026\/#primaryimage"},"thumbnailUrl":"https:\/\/dev.tg4.ie\/wp-content\/uploads\/2025\/10\/Deirdre_Ni_Choistin_TG4.jpg","datePublished":"2025-10-07T14:02:36+00:00","dateModified":"2025-10-07T14:03:27+00:00","description":"TG4 welcomes the significant increase in its annual grant for 2026 from Government announced in today\u2019s budget.","breadcrumb":{"@id":"https:\/\/dev.tg4.ie\/en\/information\/press\/press-releases\/2025-2\/tg4-welcomes-significant-funding-boost-of-e5-4m-in-budget-2026\/#breadcrumb"},"inLanguage":"en-ie","potentialAction":[{"@type":"ReadAction","target":["https:\/\/dev.tg4.ie\/en\/information\/press\/press-releases\/2025-2\/tg4-welcomes-significant-funding-boost-of-e5-4m-in-budget-2026\/"]}]},{"@type":"ImageObject","inLanguage":"en-ie","@id":"https:\/\/dev.tg4.ie\/en\/information\/press\/press-releases\/2025-2\/tg4-welcomes-significant-funding-boost-of-e5-4m-in-budget-2026\/#primaryimage","url":"https:\/\/dev.tg4.ie\/wp-content\/uploads\/2025\/10\/Deirdre_Ni_Choistin_TG4.jpg","contentUrl":"https:\/\/dev.tg4.ie\/wp-content\/uploads\/2025\/10\/Deirdre_Ni_Choistin_TG4.jpg"},{"@type":"BreadcrumbList","@id":"https:\/\/dev.tg4.ie\/en\/information\/press\/press-releases\/2025-2\/tg4-welcomes-significant-funding-boost-of-e5-4m-in-budget-2026\/#breadcrumb","itemListElement":[{"@type":"ListItem","position":1,"name":"Home","item":"https:\/\/dev.tg4.ie\/en\/"},{"@type":"ListItem","position":2,"name":"Information","item":"https:\/\/dev.tg4.ie\/en\/information\/"},{"@type":"ListItem","position":3,"name":"Press","item":"https:\/\/dev.tg4.ie\/en\/information\/press\/"},{"@type":"ListItem","position":4,"name":"Press Releases","item":"https:\/\/dev.tg4.ie\/en\/information\/press\/press-releases\/"},{"@type":"ListItem","position":5,"name":"2025","item":"https:\/\/dev.tg4.ie\/en\/information\/press\/press-releases\/2025-2\/"},{"@type":"ListItem","position":6,"name":"TG4 Welcomes Significant Funding Boost of \u20ac5.4m in Budget 2026"}]},{"@type":"WebSite","@id":"https:\/\/dev.tg4.ie\/en\/#website","url":"https:\/\/dev.tg4.ie\/en\/","name":"TG4","description":"S\u00fail Eile","potentialAction":[{"@type":"SearchAction","target":{"@type":"EntryPoint","urlTemplate":"https:\/\/dev.tg4.ie\/en\/?s={search_term_string}"},"query-input":"required name=search_term_string"}],"inLanguage":"en-ie"}]}},"_links":{"self":[{"href":"https:\/\/dev.tg4.ie\/en\/wp-json\/wp\/v2\/pages\/247638"}],"collection":[{"href":"https:\/\/dev.tg4.ie\/en\/wp-json\/wp\/v2\/pages"}],"about":[{"href":"https:\/\/dev.tg4.ie\/en\/wp-json\/wp\/v2\/types\/page"}],"author":[{"embeddable":true,"href":"https:\/\/dev.tg4.ie\/en\/wp-json\/wp\/v2\/users\/876"}],"replies":[{"embeddable":true,"href":"https:\/\/dev.tg4.ie\/en\/wp-json\/wp\/v2\/comments?post=247638"}],"version-history":[{"count":0,"href":"https:\/\/dev.tg4.ie\/en\/wp-json\/wp\/v2\/pages\/247638\/revisions"}],"up":[{"embeddable":true,"href":"https:\/\/dev.tg4.ie\/en\/wp-json\/wp\/v2\/pages\/236809"}],"wp:attachment":[{"href":"https:\/\/dev.tg4.ie\/en\/wp-json\/wp\/v2\/media?parent=247638"}],"curies":[{"name":"wp","href":"https:\/\/api.w.org\/{rel}","templated":true}]}}