{"id":247736,"date":"2025-10-16T18:02:55","date_gmt":"2025-10-16T17:02:55","guid":{"rendered":"https:\/\/dev.tg4.ie\/?page_id=247736"},"modified":"2025-10-16T18:27:04","modified_gmt":"2025-10-16T17:27:04","slug":"tg4-player-unveils-major-new-drama-boxsets-from-around-the-world","status":"publish","type":"page","link":"https:\/\/dev.tg4.ie\/en\/information\/press\/press-releases\/2025-2\/tg4-player-unveils-major-new-drama-boxsets-from-around-the-world\/","title":{"rendered":"TG4 Player Unveils Major New Drama Boxsets from Around the World"},"content":{"rendered":"<p>The following Digital Drop additions continue TG4\u2019s commitment to delivering high quality, thought-provoking international drama to Irish audiences, showcasing the very best of global storytelling. Take a look at what&#8217;s on offer.\u00a0<br \/>\n&nbsp;<\/p>\n<h2><center><strong>Drama &#8211; New Zeland<\/strong><\/center><\/h2>\n<p><strong>Dark City: The Cleaner<\/strong><\/p>\n<p>By day, Joe is a cleaner at the police station, where no one notices him. But by night he has another line of work &#8211; he&#8217;s the serial killer known as the Christchurch Carver. When another woman is murdered in her own home, police suspect the Carver &#8211; but Joe knows it wasn&#8217;t him. He&#8217;s determined to find the copycat killer. But as he searches, he finds he is also being hunted &#8211; by an adversary who is more clever and even more dangerous than he is.\u00a0<br \/>\n&nbsp;<br \/>\nEvery Wednesday on TG4\/Full series available on TG4 Player.<br \/>\n<a href=\"https:\/\/nasc.tg4.tv\/DarkCity-TheCleaner\">Dark City -The Cleaner<\/a><br \/>\n(Season 1, 6 episodes, 2024)<br \/>\n<center><img loading=\"lazy\" decoding=\"async\" width=\"480\" height=\"270\" src=\"https:\/\/tg4-docs.s3.amazonaws.com\/wp-content\/uploads\/2025\/10\/16171851\/DarkCity_-_The_Cleaner_480_270.png\" alt=\"Dark City: The Cleaner\" class=\"alignnone size-full wp-image-247724\" srcset=\"https:\/\/tg4-docs.s3.amazonaws.com\/wp-content\/uploads\/2025\/10\/16171851\/DarkCity_-_The_Cleaner_480_270.png 480w, https:\/\/tg4-docs.s3.amazonaws.com\/wp-content\/uploads\/2025\/10\/16171851\/DarkCity_-_The_Cleaner_480_270-250x141.png 250w, https:\/\/tg4-docs.s3.amazonaws.com\/wp-content\/uploads\/2025\/10\/16171851\/DarkCity_-_The_Cleaner_480_270-252x141.png 252w, https:\/\/tg4-docs.s3.amazonaws.com\/wp-content\/uploads\/2025\/10\/16171851\/DarkCity_-_The_Cleaner_480_270-120x68.png 120w\" sizes=\"(max-width: 480px) 100vw, 480px\" \/><\/center><br \/>\n&nbsp; <\/p>\n<h2><center><strong>Drama &#8211; Canada<\/strong><\/center><\/h2>\n<p><strong>Deep Fake<\/strong><\/p>\n<p>With troublingly realistic fake videos now being generated by AI, how do we tell truth from falsehood, reality from illusion? Deep Fake explores the dawning phenomenon of undetectable deepfakes. This thriller series confronts a crucial question: when you can&#8217;t believe your eyes and ears, who &#8211; or what &#8211; can you trust? \u00a0<br \/>\n<a href=\"https:\/\/nasc.tg4.tv\/Deep-Fake\">Deep Fake<\/a><br \/>\n(Season 1, 6 episodes, 2025)<br \/>\n<center><img loading=\"lazy\" decoding=\"async\" width=\"480\" height=\"270\" src=\"https:\/\/tg4-docs.s3.amazonaws.com\/wp-content\/uploads\/2025\/10\/16172457\/DeepFake_480h_270.png\" alt=\"Deep Fake\" class=\"alignnone size-full wp-image-247725\" srcset=\"https:\/\/tg4-docs.s3.amazonaws.com\/wp-content\/uploads\/2025\/10\/16172457\/DeepFake_480h_270.png 480w, https:\/\/tg4-docs.s3.amazonaws.com\/wp-content\/uploads\/2025\/10\/16172457\/DeepFake_480h_270-250x141.png 250w, https:\/\/tg4-docs.s3.amazonaws.com\/wp-content\/uploads\/2025\/10\/16172457\/DeepFake_480h_270-252x141.png 252w, https:\/\/tg4-docs.s3.amazonaws.com\/wp-content\/uploads\/2025\/10\/16172457\/DeepFake_480h_270-120x68.png 120w\" sizes=\"(max-width: 480px) 100vw, 480px\" \/><\/center><br \/>\n&nbsp;<\/p>\n<h2><center><strong>Drama &#8211; Bosnia<\/strong><\/center><\/h2>\n<p><strong>A Life&#8217;s Worth<\/strong><\/p>\n<p><em>A Life\u2019s Worth<\/em> is a powerful six-part series inspired by the true story of the first Swedish UN battalion in Bosnia in 1993. Four young soldiers Forss, Babic, Strand, and Kilpinen are sent on their first overseas mission in the heart of the bloody Balkan conflict. What follows is a searing exploration of human brutality, impossible moral dilemmas, and the bonds of friendship, love, and trust forged in war.<br \/>\n<a href=\"https:\/\/nasc.tg4.tv\/A-Lifes-Worth\">A Lifes Worth<\/a><br \/>\n(Season 1, 6 episodes, 2025)<br \/>\n<center><img loading=\"lazy\" decoding=\"async\" width=\"480\" height=\"270\" src=\"https:\/\/tg4-docs.s3.amazonaws.com\/wp-content\/uploads\/2025\/10\/16172902\/ALifesWorth_480h_270.png\" alt=\"A Life&#039;s Worth\" class=\"alignnone size-full wp-image-247726\" srcset=\"https:\/\/tg4-docs.s3.amazonaws.com\/wp-content\/uploads\/2025\/10\/16172902\/ALifesWorth_480h_270.png 480w, https:\/\/tg4-docs.s3.amazonaws.com\/wp-content\/uploads\/2025\/10\/16172902\/ALifesWorth_480h_270-250x141.png 250w, https:\/\/tg4-docs.s3.amazonaws.com\/wp-content\/uploads\/2025\/10\/16172902\/ALifesWorth_480h_270-252x141.png 252w, https:\/\/tg4-docs.s3.amazonaws.com\/wp-content\/uploads\/2025\/10\/16172902\/ALifesWorth_480h_270-120x68.png 120w\" sizes=\"(max-width: 480px) 100vw, 480px\" \/><\/center><br \/>\n&nbsp; <\/p>\n<h2><center><strong>Drama &#8211; Sweden<\/strong><\/center><\/h2>\n<p><strong>Vanguard<\/strong><\/p>\n<p>Vanguard is the story about an unlikely media mogul and vanguard of technological reforms, torn between passion and duty. A tale about fearless entrepreneurship, a will to change the world &#8211; and sibling rivalry in a powerful family that never healed from their feuds.\u00a0<br \/>\n<a href=\"https:\/\/nasc.tg4.tv\/Vanguard\">Vanguard<\/a><br \/>\n(Season 1, 5 episodes, 2025)<br \/>\n<center><img loading=\"lazy\" decoding=\"async\" width=\"480\" height=\"270\" src=\"https:\/\/tg4-docs.s3.amazonaws.com\/wp-content\/uploads\/2025\/10\/16173207\/Vanguard_480h_270.jpg\" alt=\"Vanguard\" class=\"alignnone size-full wp-image-247727\" srcset=\"https:\/\/tg4-docs.s3.amazonaws.com\/wp-content\/uploads\/2025\/10\/16173207\/Vanguard_480h_270.jpg 480w, https:\/\/tg4-docs.s3.amazonaws.com\/wp-content\/uploads\/2025\/10\/16173207\/Vanguard_480h_270-250x141.jpg 250w, https:\/\/tg4-docs.s3.amazonaws.com\/wp-content\/uploads\/2025\/10\/16173207\/Vanguard_480h_270-252x141.jpg 252w, https:\/\/tg4-docs.s3.amazonaws.com\/wp-content\/uploads\/2025\/10\/16173207\/Vanguard_480h_270-120x68.jpg 120w\" sizes=\"(max-width: 480px) 100vw, 480px\" \/><\/center><br \/>\n&nbsp;<\/p>\n<h2><center><strong>Drama &#8211; The Netherlands<\/strong><\/center><\/h2>\n<p><strong>The Hunt<\/strong><\/p>\n<p>In 1999, the body of a 16-year-old girl was discovered near an asylum seekers&#8217; centre in the Netherlands. Inspired by a shocking true crime that dominated headlines for over a decade, <em>The Hunt<\/em> explores the long and frustrating investigation. The series lays bare the xenophobia, racism, and conspiracy theories that gripped a small Dutch town during the search for justice.<br \/>\n<a href=\"https:\/\/nasc.tg4.tv\/The-Hunt\">The Hunt<\/a><br \/>\n(Season 1, 6 episodes, 2024)<br \/>\n<center><img loading=\"lazy\" decoding=\"async\" width=\"480\" height=\"270\" src=\"https:\/\/tg4-docs.s3.amazonaws.com\/wp-content\/uploads\/2025\/10\/16173512\/TheHunt_480h_270.png\" alt=\"The Hunt\" class=\"alignnone size-full wp-image-247728\" srcset=\"https:\/\/tg4-docs.s3.amazonaws.com\/wp-content\/uploads\/2025\/10\/16173512\/TheHunt_480h_270.png 480w, https:\/\/tg4-docs.s3.amazonaws.com\/wp-content\/uploads\/2025\/10\/16173512\/TheHunt_480h_270-250x141.png 250w, https:\/\/tg4-docs.s3.amazonaws.com\/wp-content\/uploads\/2025\/10\/16173512\/TheHunt_480h_270-252x141.png 252w, https:\/\/tg4-docs.s3.amazonaws.com\/wp-content\/uploads\/2025\/10\/16173512\/TheHunt_480h_270-120x68.png 120w\" sizes=\"(max-width: 480px) 100vw, 480px\" \/><\/center><br \/>\n&nbsp; <\/p>\n<h2><center><strong>Ros na R\u00fan Digital Drops<\/strong><\/center><\/h2>\n<table>\n<tr>\n<td><img loading=\"lazy\" decoding=\"async\" width=\"1280\" height=\"720\" src=\"https:\/\/tg4-docs.s3.amazonaws.com\/wp-content\/uploads\/2025\/10\/16175123\/Ros_na_Run_1_1280_720.jpg\" alt=\"Ros na R\u00fan\" class=\"alignnone size-full wp-image-247730\" srcset=\"https:\/\/tg4-docs.s3.amazonaws.com\/wp-content\/uploads\/2025\/10\/16175123\/Ros_na_Run_1_1280_720.jpg 1280w, https:\/\/tg4-docs.s3.amazonaws.com\/wp-content\/uploads\/2025\/10\/16175123\/Ros_na_Run_1_1280_720-250x141.jpg 250w, https:\/\/tg4-docs.s3.amazonaws.com\/wp-content\/uploads\/2025\/10\/16175123\/Ros_na_Run_1_1280_720-700x394.jpg 700w, https:\/\/tg4-docs.s3.amazonaws.com\/wp-content\/uploads\/2025\/10\/16175123\/Ros_na_Run_1_1280_720-252x141.jpg 252w, https:\/\/tg4-docs.s3.amazonaws.com\/wp-content\/uploads\/2025\/10\/16175123\/Ros_na_Run_1_1280_720-120x68.jpg 120w\" sizes=\"(max-width: 1280px) 100vw, 1280px\" \/><\/td>\n<td><img loading=\"lazy\" decoding=\"async\" width=\"1280\" height=\"720\" src=\"https:\/\/tg4-docs.s3.amazonaws.com\/wp-content\/uploads\/2025\/10\/16175238\/Ros_na_Run_2_1280_720.jpg\" alt=\"Ros na R\u00fan\" class=\"alignnone size-full wp-image-247731\" srcset=\"https:\/\/tg4-docs.s3.amazonaws.com\/wp-content\/uploads\/2025\/10\/16175238\/Ros_na_Run_2_1280_720.jpg 1280w, https:\/\/tg4-docs.s3.amazonaws.com\/wp-content\/uploads\/2025\/10\/16175238\/Ros_na_Run_2_1280_720-250x141.jpg 250w, https:\/\/tg4-docs.s3.amazonaws.com\/wp-content\/uploads\/2025\/10\/16175238\/Ros_na_Run_2_1280_720-700x394.jpg 700w, https:\/\/tg4-docs.s3.amazonaws.com\/wp-content\/uploads\/2025\/10\/16175238\/Ros_na_Run_2_1280_720-252x141.jpg 252w, https:\/\/tg4-docs.s3.amazonaws.com\/wp-content\/uploads\/2025\/10\/16175238\/Ros_na_Run_2_1280_720-120x68.jpg 120w\" sizes=\"(max-width: 1280px) 100vw, 1280px\" \/><\/td>\n<td><img loading=\"lazy\" decoding=\"async\" width=\"1280\" height=\"720\" src=\"https:\/\/tg4-docs.s3.amazonaws.com\/wp-content\/uploads\/2025\/10\/16175322\/Ros_na_Run_3_1280_720.jpg\" alt=\"Ros na R\u00fan\" class=\"alignnone size-full wp-image-247732\" srcset=\"https:\/\/tg4-docs.s3.amazonaws.com\/wp-content\/uploads\/2025\/10\/16175322\/Ros_na_Run_3_1280_720.jpg 1280w, https:\/\/tg4-docs.s3.amazonaws.com\/wp-content\/uploads\/2025\/10\/16175322\/Ros_na_Run_3_1280_720-250x141.jpg 250w, https:\/\/tg4-docs.s3.amazonaws.com\/wp-content\/uploads\/2025\/10\/16175322\/Ros_na_Run_3_1280_720-700x394.jpg 700w, https:\/\/tg4-docs.s3.amazonaws.com\/wp-content\/uploads\/2025\/10\/16175322\/Ros_na_Run_3_1280_720-252x141.jpg 252w, https:\/\/tg4-docs.s3.amazonaws.com\/wp-content\/uploads\/2025\/10\/16175322\/Ros_na_Run_3_1280_720-120x68.jpg 120w\" sizes=\"(max-width: 1280px) 100vw, 1280px\" \/><\/td>\n<\/tr>\n<\/table>\n<p><strong>Ros na R\u00fan Marks 30th Season with First Ever Early Drop on TG4 Player<\/strong><br \/>\n&nbsp;<br \/>\nRos na R\u00fan promo: <a href=\"https:\/\/youtu.be\/sjGhQvWWrHw\">Blais\u00edn Ros na R\u00fan<\/a><br \/>\nHigh Resolution Images: <a href=\"https:\/\/flic.kr\/s\/aHBqjCtS3M\">Flickr Ros na R\u00fan<\/a><br \/>\nRos na R\u00fan available <strong>every Monday and Wednesday on the TG4 Player<\/strong><br \/>\n<a href=\"https:\/\/nasc.tg4.tv\/Ros_na_R\u00fan\">Ros na R\u00fan<\/a><\/p>\n<p><strong>TG4<\/strong> is delighted to announce a new digital first release for fans of Ros na R\u00fan, Ireland\u2019s flagship Irish language drama. Each new episode of the milestone 30th season is now available to stream on the <strong>TG4 Player (TG4.ie)<\/strong> every Monday and Wednesday  giving audiences the chance to watch one day ahead of the TG4 broadcast at 20:30. This digital-first approach marks an exciting step forward in expanding and deepening Ros na R\u00fan\u2019s already strong worldwide audience.<br \/>\n&nbsp; <\/p>\n<p>This move is part of <strong>TG4\u2019s<\/strong> ongoing strategy to provide platform neutral content and to ensure that audiences can access their favourite programmes on demand, anytime and anywhere. Ros na R\u00fan has a loyal and regular audience on the <strong>TG4 Player<\/strong>, as viewing habits continue to evolve, TG4 is committed to meeting the needs of audiences who choose to watch content at a time that suits their schedules; online, on mobile, or on smart televisions. Produced by L\u00e9iri\u00fach\u00e1n RnR, Ros na R\u00fan has been a cornerstone of Irish language broadcasting for three decades, captivating audiences with bold storylines, contemporary themes, and authentic portrayals of life in a modern Gaeltacht community. With early access now available on the <strong>TG4 Player<\/strong>, the series is poised to continue expanding its reach, satisfying longtime fans and attracting new viewers at home and abroad.<br \/>\n&nbsp; <\/p>\n","protected":false},"excerpt":{"rendered":"<p>The following Digital Drop additions continue TG4\u2019s commitment to delivering high quality, thought-provoking international drama to Irish audiences, showcasing the very best of global storytelling. Take a look at what&#8217;s on offer.\u00a0 &nbsp; Drama &#8211; New Zeland Dark City: The Cleaner By day, Joe is a cleaner at the police station, where no one notices [&hellip;]<\/p>\n","protected":false},"author":876,"featured_media":0,"parent":236809,"menu_order":59,"comment_status":"closed","ping_status":"closed","template":"page-templates\/template-pr.php","meta":{"_acf_changed":false,"footnotes":""},"acf":[],"yoast_head":"<!-- This site is optimized with the Yoast SEO plugin v22.6 - https:\/\/yoast.com\/wordpress\/plugins\/seo\/ -->\n<title>TG4 Player Unveils Major New Drama Boxsets from Around the World | Press Release TG4<\/title>\n<meta name=\"description\" content=\"TG4 Player Unveils Major New Drama Boxsets from Around the World\" \/>\n<meta name=\"robots\" content=\"index, follow, max-snippet:-1, max-image-preview:large, max-video-preview:-1\" \/>\n<meta property=\"og:locale\" content=\"en_US\" \/>\n<meta property=\"og:type\" content=\"article\" \/>\n<meta property=\"og:title\" content=\"TG4 Player Unveils Major New Drama Boxsets from Around the World | Press Release TG4\" \/>\n<meta property=\"og:description\" content=\"TG4 Player Unveils Major New Drama Boxsets from Around the World\" \/>\n<meta property=\"og:url\" content=\"https:\/\/dev.tg4.ie\/en\/information\/press\/press-releases\/2025-2\/tg4-player-unveils-major-new-drama-boxsets-from-around-the-world\/\" \/>\n<meta property=\"og:site_name\" content=\"TG4\" \/>\n<meta property=\"article:publisher\" content=\"https:\/\/www.facebook.com\/TG4TV\" \/>\n<meta property=\"article:modified_time\" content=\"2025-10-16T17:27:04+00:00\" \/>\n<meta property=\"og:image\" content=\"https:\/\/dev.tg4.ie\/wp-content\/uploads\/2025\/10\/DarkCity_-_The_Cleaner_480_270.png\" \/>\n<meta name=\"twitter:card\" content=\"summary_large_image\" \/>\n<meta name=\"twitter:site\" content=\"@TG4TV\" \/>\n<meta name=\"twitter:label1\" content=\"Est. reading time\" \/>\n\t<meta name=\"twitter:data1\" content=\"6 minutes\" \/>\n<script type=\"application\/ld+json\" class=\"yoast-schema-graph\">{\"@context\":\"https:\/\/schema.org\",\"@graph\":[{\"@type\":\"WebPage\",\"@id\":\"https:\/\/dev.tg4.ie\/en\/information\/press\/press-releases\/2025-2\/tg4-player-unveils-major-new-drama-boxsets-from-around-the-world\/\",\"url\":\"https:\/\/dev.tg4.ie\/en\/information\/press\/press-releases\/2025-2\/tg4-player-unveils-major-new-drama-boxsets-from-around-the-world\/\",\"name\":\"TG4 Player Unveils Major New Drama Boxsets from Around the World | Press Release TG4\",\"isPartOf\":{\"@id\":\"https:\/\/dev.tg4.ie\/en\/#website\"},\"primaryImageOfPage\":{\"@id\":\"https:\/\/dev.tg4.ie\/en\/information\/press\/press-releases\/2025-2\/tg4-player-unveils-major-new-drama-boxsets-from-around-the-world\/#primaryimage\"},\"image\":{\"@id\":\"https:\/\/dev.tg4.ie\/en\/information\/press\/press-releases\/2025-2\/tg4-player-unveils-major-new-drama-boxsets-from-around-the-world\/#primaryimage\"},\"thumbnailUrl\":\"https:\/\/dev.tg4.ie\/wp-content\/uploads\/2025\/10\/DarkCity_-_The_Cleaner_480_270.png\",\"datePublished\":\"2025-10-16T17:02:55+00:00\",\"dateModified\":\"2025-10-16T17:27:04+00:00\",\"description\":\"TG4 Player Unveils Major New Drama Boxsets from Around the World\",\"breadcrumb\":{\"@id\":\"https:\/\/dev.tg4.ie\/en\/information\/press\/press-releases\/2025-2\/tg4-player-unveils-major-new-drama-boxsets-from-around-the-world\/#breadcrumb\"},\"inLanguage\":\"en-ie\",\"potentialAction\":[{\"@type\":\"ReadAction\",\"target\":[\"https:\/\/dev.tg4.ie\/en\/information\/press\/press-releases\/2025-2\/tg4-player-unveils-major-new-drama-boxsets-from-around-the-world\/\"]}]},{\"@type\":\"ImageObject\",\"inLanguage\":\"en-ie\",\"@id\":\"https:\/\/dev.tg4.ie\/en\/information\/press\/press-releases\/2025-2\/tg4-player-unveils-major-new-drama-boxsets-from-around-the-world\/#primaryimage\",\"url\":\"https:\/\/dev.tg4.ie\/wp-content\/uploads\/2025\/10\/DarkCity_-_The_Cleaner_480_270.png\",\"contentUrl\":\"https:\/\/dev.tg4.ie\/wp-content\/uploads\/2025\/10\/DarkCity_-_The_Cleaner_480_270.png\"},{\"@type\":\"BreadcrumbList\",\"@id\":\"https:\/\/dev.tg4.ie\/en\/information\/press\/press-releases\/2025-2\/tg4-player-unveils-major-new-drama-boxsets-from-around-the-world\/#breadcrumb\",\"itemListElement\":[{\"@type\":\"ListItem\",\"position\":1,\"name\":\"Home\",\"item\":\"https:\/\/dev.tg4.ie\/en\/\"},{\"@type\":\"ListItem\",\"position\":2,\"name\":\"Information\",\"item\":\"https:\/\/dev.tg4.ie\/en\/information\/\"},{\"@type\":\"ListItem\",\"position\":3,\"name\":\"Press\",\"item\":\"https:\/\/dev.tg4.ie\/en\/information\/press\/\"},{\"@type\":\"ListItem\",\"position\":4,\"name\":\"Press Releases\",\"item\":\"https:\/\/dev.tg4.ie\/en\/information\/press\/press-releases\/\"},{\"@type\":\"ListItem\",\"position\":5,\"name\":\"2025\",\"item\":\"https:\/\/dev.tg4.ie\/en\/information\/press\/press-releases\/2025-2\/\"},{\"@type\":\"ListItem\",\"position\":6,\"name\":\"TG4 Player Unveils Major New Drama Boxsets from Around the World\"}]},{\"@type\":\"WebSite\",\"@id\":\"https:\/\/dev.tg4.ie\/en\/#website\",\"url\":\"https:\/\/dev.tg4.ie\/en\/\",\"name\":\"TG4\",\"description\":\"S\u00fail Eile\",\"potentialAction\":[{\"@type\":\"SearchAction\",\"target\":{\"@type\":\"EntryPoint\",\"urlTemplate\":\"https:\/\/dev.tg4.ie\/en\/?s={search_term_string}\"},\"query-input\":\"required name=search_term_string\"}],\"inLanguage\":\"en-ie\"}]}<\/script>\n<!-- \/ Yoast SEO plugin. -->","yoast_head_json":{"title":"TG4 Player Unveils Major New Drama Boxsets from Around the World | Press Release TG4","description":"TG4 Player Unveils Major New Drama Boxsets from Around the World","robots":{"index":"index","follow":"follow","max-snippet":"max-snippet:-1","max-image-preview":"max-image-preview:large","max-video-preview":"max-video-preview:-1"},"og_locale":"en_US","og_type":"article","og_title":"TG4 Player Unveils Major New Drama Boxsets from Around the World | Press Release TG4","og_description":"TG4 Player Unveils Major New Drama Boxsets from Around the World","og_url":"https:\/\/dev.tg4.ie\/en\/information\/press\/press-releases\/2025-2\/tg4-player-unveils-major-new-drama-boxsets-from-around-the-world\/","og_site_name":"TG4","article_publisher":"https:\/\/www.facebook.com\/TG4TV","article_modified_time":"2025-10-16T17:27:04+00:00","og_image":[{"url":"https:\/\/dev.tg4.ie\/wp-content\/uploads\/2025\/10\/DarkCity_-_The_Cleaner_480_270.png"}],"twitter_card":"summary_large_image","twitter_site":"@TG4TV","twitter_misc":{"Est. reading time":"6 minutes"},"schema":{"@context":"https:\/\/schema.org","@graph":[{"@type":"WebPage","@id":"https:\/\/dev.tg4.ie\/en\/information\/press\/press-releases\/2025-2\/tg4-player-unveils-major-new-drama-boxsets-from-around-the-world\/","url":"https:\/\/dev.tg4.ie\/en\/information\/press\/press-releases\/2025-2\/tg4-player-unveils-major-new-drama-boxsets-from-around-the-world\/","name":"TG4 Player Unveils Major New Drama Boxsets from Around the World | Press Release TG4","isPartOf":{"@id":"https:\/\/dev.tg4.ie\/en\/#website"},"primaryImageOfPage":{"@id":"https:\/\/dev.tg4.ie\/en\/information\/press\/press-releases\/2025-2\/tg4-player-unveils-major-new-drama-boxsets-from-around-the-world\/#primaryimage"},"image":{"@id":"https:\/\/dev.tg4.ie\/en\/information\/press\/press-releases\/2025-2\/tg4-player-unveils-major-new-drama-boxsets-from-around-the-world\/#primaryimage"},"thumbnailUrl":"https:\/\/dev.tg4.ie\/wp-content\/uploads\/2025\/10\/DarkCity_-_The_Cleaner_480_270.png","datePublished":"2025-10-16T17:02:55+00:00","dateModified":"2025-10-16T17:27:04+00:00","description":"TG4 Player Unveils Major New Drama Boxsets from Around the World","breadcrumb":{"@id":"https:\/\/dev.tg4.ie\/en\/information\/press\/press-releases\/2025-2\/tg4-player-unveils-major-new-drama-boxsets-from-around-the-world\/#breadcrumb"},"inLanguage":"en-ie","potentialAction":[{"@type":"ReadAction","target":["https:\/\/dev.tg4.ie\/en\/information\/press\/press-releases\/2025-2\/tg4-player-unveils-major-new-drama-boxsets-from-around-the-world\/"]}]},{"@type":"ImageObject","inLanguage":"en-ie","@id":"https:\/\/dev.tg4.ie\/en\/information\/press\/press-releases\/2025-2\/tg4-player-unveils-major-new-drama-boxsets-from-around-the-world\/#primaryimage","url":"https:\/\/dev.tg4.ie\/wp-content\/uploads\/2025\/10\/DarkCity_-_The_Cleaner_480_270.png","contentUrl":"https:\/\/dev.tg4.ie\/wp-content\/uploads\/2025\/10\/DarkCity_-_The_Cleaner_480_270.png"},{"@type":"BreadcrumbList","@id":"https:\/\/dev.tg4.ie\/en\/information\/press\/press-releases\/2025-2\/tg4-player-unveils-major-new-drama-boxsets-from-around-the-world\/#breadcrumb","itemListElement":[{"@type":"ListItem","position":1,"name":"Home","item":"https:\/\/dev.tg4.ie\/en\/"},{"@type":"ListItem","position":2,"name":"Information","item":"https:\/\/dev.tg4.ie\/en\/information\/"},{"@type":"ListItem","position":3,"name":"Press","item":"https:\/\/dev.tg4.ie\/en\/information\/press\/"},{"@type":"ListItem","position":4,"name":"Press Releases","item":"https:\/\/dev.tg4.ie\/en\/information\/press\/press-releases\/"},{"@type":"ListItem","position":5,"name":"2025","item":"https:\/\/dev.tg4.ie\/en\/information\/press\/press-releases\/2025-2\/"},{"@type":"ListItem","position":6,"name":"TG4 Player Unveils Major New Drama Boxsets from Around the World"}]},{"@type":"WebSite","@id":"https:\/\/dev.tg4.ie\/en\/#website","url":"https:\/\/dev.tg4.ie\/en\/","name":"TG4","description":"S\u00fail Eile","potentialAction":[{"@type":"SearchAction","target":{"@type":"EntryPoint","urlTemplate":"https:\/\/dev.tg4.ie\/en\/?s={search_term_string}"},"query-input":"required name=search_term_string"}],"inLanguage":"en-ie"}]}},"_links":{"self":[{"href":"https:\/\/dev.tg4.ie\/en\/wp-json\/wp\/v2\/pages\/247736"}],"collection":[{"href":"https:\/\/dev.tg4.ie\/en\/wp-json\/wp\/v2\/pages"}],"about":[{"href":"https:\/\/dev.tg4.ie\/en\/wp-json\/wp\/v2\/types\/page"}],"author":[{"embeddable":true,"href":"https:\/\/dev.tg4.ie\/en\/wp-json\/wp\/v2\/users\/876"}],"replies":[{"embeddable":true,"href":"https:\/\/dev.tg4.ie\/en\/wp-json\/wp\/v2\/comments?post=247736"}],"version-history":[{"count":0,"href":"https:\/\/dev.tg4.ie\/en\/wp-json\/wp\/v2\/pages\/247736\/revisions"}],"up":[{"embeddable":true,"href":"https:\/\/dev.tg4.ie\/en\/wp-json\/wp\/v2\/pages\/236809"}],"wp:attachment":[{"href":"https:\/\/dev.tg4.ie\/en\/wp-json\/wp\/v2\/media?parent=247736"}],"curies":[{"name":"wp","href":"https:\/\/api.w.org\/{rel}","templated":true}]}}