{"id":247766,"date":"2025-10-20T13:55:08","date_gmt":"2025-10-20T12:55:08","guid":{"rendered":"https:\/\/dev.tg4.ie\/information\/press\/press-releases\/2025-2\/sraith-nua-cula4-do-leanai-mo-sceal-fein-seolta-ag-feile-baboro-na-gaillimhe\/"},"modified":"2025-10-21T08:50:07","modified_gmt":"2025-10-21T07:50:07","slug":"new-cula4-childrens-series-mo-sceal-fein-launched-at-galways-baboro-festival","status":"publish","type":"page","link":"https:\/\/dev.tg4.ie\/en\/information\/press\/press-releases\/2025-2\/new-cula4-childrens-series-mo-sceal-fein-launched-at-galways-baboro-festival\/","title":{"rendered":"New C\u00fala4 Children\u2019s Series \u2018Mo Sc\u00e9al F\u00e9in\u2019 Launched at Galway\u2019s Babor\u00f3 Festival"},"content":{"rendered":"<p><img loading=\"lazy\" decoding=\"async\" width=\"1920\" height=\"1080\" src=\"https:\/\/tg4-docs.s3.amazonaws.com\/wp-content\/uploads\/2025\/10\/20135402\/Mo_Sceal_Fein_Cula4_1-1920x1080-1.jpg\" alt=\"\" class=\"aligncenter size-full wp-image-247761\" srcset=\"https:\/\/tg4-docs.s3.amazonaws.com\/wp-content\/uploads\/2025\/10\/20135402\/Mo_Sceal_Fein_Cula4_1-1920x1080-1.jpg 1920w, https:\/\/tg4-docs.s3.amazonaws.com\/wp-content\/uploads\/2025\/10\/20135402\/Mo_Sceal_Fein_Cula4_1-1920x1080-1-250x141.jpg 250w, https:\/\/tg4-docs.s3.amazonaws.com\/wp-content\/uploads\/2025\/10\/20135402\/Mo_Sceal_Fein_Cula4_1-1920x1080-1-700x394.jpg 700w, https:\/\/tg4-docs.s3.amazonaws.com\/wp-content\/uploads\/2025\/10\/20135402\/Mo_Sceal_Fein_Cula4_1-1920x1080-1-252x141.jpg 252w, https:\/\/tg4-docs.s3.amazonaws.com\/wp-content\/uploads\/2025\/10\/20135402\/Mo_Sceal_Fein_Cula4_1-1920x1080-1-1536x864.jpg 1536w, https:\/\/tg4-docs.s3.amazonaws.com\/wp-content\/uploads\/2025\/10\/20135402\/Mo_Sceal_Fein_Cula4_1-1920x1080-1-120x68.jpg 120w\" sizes=\"(max-width: 1920px) 100vw, 1920px\" \/><br \/>\n<center><sup>Pic: Mo Sc\u00e9al F\u00e9in Launch<\/sup><\/center><br \/>\n&nbsp;<br \/>\n<iframe loading=\"lazy\" width=\"560\" height=\"315\" src=\"https:\/\/www.youtube.com\/embed\/mXh7qxvOukk?si=5YEoyK-eDWe5GXpa\" title=\"YouTube video player\" frameborder=\"0\" allow=\"accelerometer; autoplay; clipboard-write; encrypted-media; gyroscope; picture-in-picture; web-share\" referrerpolicy=\"strict-origin-when-cross-origin\" allowfullscreen><\/iframe><br \/>\n&nbsp;<br \/>\n&nbsp;<br \/>\nC\u00fala4 and Ronin Films proudly launched the television series \u2018Mo Sc\u00e9al F\u00e9in\u2019 at Taibhdhearc na Gaillimhe on Friday, 17th October as part of Galway\u2019s Babor\u00f3 International Arts Festival for Children. Young audiences, families, and guests gathered to celebrate the creativity, curiosity, and compassion of young people across Ireland, ahead of the series\u2019 television premiere on C\u00fala4, Friday 24th October.<br \/>\n&nbsp;<\/p>\n<p><strong>About &#8216;Mo Sc\u00e9al F\u00e9in&#8217; <\/strong><\/p>\n<p>\u2018Mo Sc\u00e9al F\u00e9in\u2019 is a new Irish language children\u2019s television series that puts the voices and passions of young people centre stage. Funded by the <strong>Irish Language Broadcast Fund (ILBF<\/strong>) and produced by <strong>Ronin Films<\/strong> for <strong>C\u00fala4<\/strong>, the five part series invites viewers to follow young people from across Ireland as they explore the worlds that fascinate them most from wildlife and fashion to technology and teamwork. <\/p>\n<p>Each 13-minute episode follows a different young person or group of friends on a personal journey of exploration, insight, and fun. Designed for viewers aged 8\u201313, the series combines engaging storytelling with strong Irish-language content, encouraging creativity, community spirit, and a love of Gaeilge. Perfect for families and schools, <em>\u2018Mo Sc\u00e9al F\u00e9in\u2019<\/em> inspires children to follow their passions and explore the world around them in their own words and in their own language.<br \/>\n&nbsp;<\/p>\n<p><strong>Episode Highlights <\/strong><\/p>\n<p>Seoirse Mac Fheidhlimidh from Gort an Choirce uncovers the wild history of bears in Ireland, from Wild Ireland in Donegal to the National Museum of Ireland, where he examines bear bones with archaeologist Marion Dowd. <\/p>\n<p>Saorla and Leela from Belfast take on a bold digital detox, giving up screens for 48 hours filled with ziplining, pumpkin carving, baking, and puppy play rediscovering the joy of friendship and the simple things in life. <\/p>\n<p>Lughaidh Marshall from Lurgan, a budding ornithologist, explores his love of birds at the RSPB\u2019s Window on Wildlife and Lough Neagh, learning how to protect local habitats. <\/p>\n<p>Emer N\u00ed Chl\u00e9irigh and R\u00edonach Mac Giolla Bh\u00e9in in Belfast, young fashion fans with a conscience, embark on a sustainable style mission, upcycling clothes, attending swap events, and hosting their own with friends.<br \/>\nDaniel \u00d3 Maol\u00e1ine from F\u00e1na Bhu\u00ed trains his sheepdog Nan, inspired by his uncle\u2019s success at local trials, proving that teamwork and patience truly pay off.<br \/>\n&nbsp;<\/p>\n<p><strong>Siobh\u00e1n N\u00ed Bhr\u00e1daigh, Commissioning Editor and Acquisitions Executive for Children\u2019s Content at TG4 and C\u00fala4<\/strong>, said:  <\/p>\n<p><em>\u201cMo Sc\u00e9al F\u00e9in is a beautiful celebration of individuality, creativity, and community and it reflects everything we value at C\u00fala4. We are so proud to bring young people\u2019s voices and stories to the screen in a way that feels authentic, fun, and deeply rooted in Gaeilge. The enthusiasm and imagination shown by everyone involved is truly inspiring, and we hope this series encourages even more children to tell their own stories, in their own words.\u201d <\/em><br \/>\n&nbsp;<\/p>\n<p><strong>\u00c1ine Walsh, Chief Language &#038; Cultural Officer &#038; Head of ILBF at Northern Ireland Screen<\/strong> said: <\/p>\n<p><em>\u201cWe\u2019re delighted to support this lovely series that offers viewers a window into what young Gaeilgeoir\u00ed get up to in their free time. Reflecting their passions and views, from sustainable fashion to sheepdog training, bears to birdwatching and even a digital detox, Mo Sc\u00e9al F\u00e9in is bound to inspire other young people to be curious and adventurous.\u201d<\/em><br \/>\n&nbsp;<\/p>\n<p><strong>Ronan McCloskey from Ronin Films<\/strong>:<\/p>\n<p><em>&#8220;We&#8217;re delighted to have been involved in producing Mo Sc\u00e9al F\u00e9in which were made in collaboration with the young people themselves. This is a key demographic for the Irish language and the young people we featured are part of an amazing generation themselves keen to tell their stories through their native language. We hope to make many more of these programmes in the future.&#8221;<\/em><br \/>\n&nbsp;<br \/>\n&nbsp;<\/p>\n<p><strong>C\u00fala4 Social Media Details:<\/strong>  <\/p>\n<p><a href=\"https:\/\/www.cula4.com\" rel=\"noopener\" target=\"_blank\">www.Cula4.com<\/a><\/p>\n<p>YouTube : @C\u00fala4 <\/p>\n<p>Instagram : @cula4_tg4 <\/p>\n<p>Facebook : C\u00fala4 <\/p>\n<p>TikTok : @cula4tg4<br \/>\n&nbsp;<\/p>\n","protected":false},"excerpt":{"rendered":"<p>Pic: Mo Sc\u00e9al F\u00e9in Launch &nbsp; &nbsp; &nbsp; C\u00fala4 and Ronin Films proudly launched the television series \u2018Mo Sc\u00e9al F\u00e9in\u2019 at Taibhdhearc na Gaillimhe on Friday, 17th October as part of Galway\u2019s Babor\u00f3 International Arts Festival for Children. Young audiences, families, and guests gathered to celebrate the creativity, curiosity, and compassion of young people across [&hellip;]<\/p>\n","protected":false},"author":876,"featured_media":0,"parent":236809,"menu_order":61,"comment_status":"closed","ping_status":"closed","template":"page-templates\/template-pr.php","meta":{"_acf_changed":false,"footnotes":""},"acf":[],"yoast_head":"<!-- This site is optimized with the Yoast SEO plugin v22.6 - https:\/\/yoast.com\/wordpress\/plugins\/seo\/ -->\n<title>New C\u00fala4 Children\u2019s Series \u2018Mo Sc\u00e9al F\u00e9in\u2019 Launched at Galway\u2019s Babor\u00f3 Festival | Press Release | TG4<\/title>\n<meta name=\"description\" content=\"C\u00fala4 and Ronin Films proudly launched the television series \u2018Mo Sc\u00e9al\u00a0F\u00e9in\u2019 at Taibhdhearc na Gaillimhe\u00a0on Friday, 17th October as part of Galway\u2019s Babor\u00f3\u00a0International Arts Festival for Children.\" \/>\n<meta name=\"robots\" content=\"index, follow, max-snippet:-1, max-image-preview:large, max-video-preview:-1\" \/>\n<meta property=\"og:locale\" content=\"en_US\" \/>\n<meta property=\"og:type\" content=\"article\" \/>\n<meta property=\"og:title\" content=\"New C\u00fala4 Children\u2019s Series \u2018Mo Sc\u00e9al F\u00e9in\u2019 Launched at Galway\u2019s Babor\u00f3 Festival | Press Release | TG4\" \/>\n<meta property=\"og:description\" content=\"C\u00fala4 and Ronin Films proudly launched the television series \u2018Mo Sc\u00e9al\u00a0F\u00e9in\u2019 at Taibhdhearc na Gaillimhe\u00a0on Friday, 17th October as part of Galway\u2019s Babor\u00f3\u00a0International Arts Festival for Children.\" \/>\n<meta property=\"og:url\" content=\"https:\/\/dev.tg4.ie\/en\/information\/press\/press-releases\/2025-2\/new-cula4-childrens-series-mo-sceal-fein-launched-at-galways-baboro-festival\/\" \/>\n<meta property=\"og:site_name\" content=\"TG4\" \/>\n<meta property=\"article:publisher\" content=\"https:\/\/www.facebook.com\/TG4TV\" \/>\n<meta property=\"article:modified_time\" content=\"2025-10-21T07:50:07+00:00\" \/>\n<meta property=\"og:image\" content=\"https:\/\/dev.tg4.ie\/wp-content\/uploads\/2025\/10\/Mo_Sceal_Fein_Cula4_1-1920x1080-1.jpg\" \/>\n<meta name=\"twitter:card\" content=\"summary_large_image\" \/>\n<meta name=\"twitter:site\" content=\"@TG4TV\" \/>\n<meta name=\"twitter:label1\" content=\"Est. reading time\" \/>\n\t<meta name=\"twitter:data1\" content=\"3 minutes\" \/>\n<script type=\"application\/ld+json\" class=\"yoast-schema-graph\">{\"@context\":\"https:\/\/schema.org\",\"@graph\":[{\"@type\":\"WebPage\",\"@id\":\"https:\/\/dev.tg4.ie\/en\/information\/press\/press-releases\/2025-2\/new-cula4-childrens-series-mo-sceal-fein-launched-at-galways-baboro-festival\/\",\"url\":\"https:\/\/dev.tg4.ie\/en\/information\/press\/press-releases\/2025-2\/new-cula4-childrens-series-mo-sceal-fein-launched-at-galways-baboro-festival\/\",\"name\":\"New C\u00fala4 Children\u2019s Series \u2018Mo Sc\u00e9al F\u00e9in\u2019 Launched at Galway\u2019s Babor\u00f3 Festival | Press Release | TG4\",\"isPartOf\":{\"@id\":\"https:\/\/dev.tg4.ie\/en\/#website\"},\"primaryImageOfPage\":{\"@id\":\"https:\/\/dev.tg4.ie\/en\/information\/press\/press-releases\/2025-2\/new-cula4-childrens-series-mo-sceal-fein-launched-at-galways-baboro-festival\/#primaryimage\"},\"image\":{\"@id\":\"https:\/\/dev.tg4.ie\/en\/information\/press\/press-releases\/2025-2\/new-cula4-childrens-series-mo-sceal-fein-launched-at-galways-baboro-festival\/#primaryimage\"},\"thumbnailUrl\":\"https:\/\/dev.tg4.ie\/wp-content\/uploads\/2025\/10\/Mo_Sceal_Fein_Cula4_1-1920x1080-1.jpg\",\"datePublished\":\"2025-10-20T12:55:08+00:00\",\"dateModified\":\"2025-10-21T07:50:07+00:00\",\"description\":\"C\u00fala4 and Ronin Films proudly launched the television series \u2018Mo Sc\u00e9al\u00a0F\u00e9in\u2019 at Taibhdhearc na Gaillimhe\u00a0on Friday, 17th October as part of Galway\u2019s Babor\u00f3\u00a0International Arts Festival for Children.\",\"breadcrumb\":{\"@id\":\"https:\/\/dev.tg4.ie\/en\/information\/press\/press-releases\/2025-2\/new-cula4-childrens-series-mo-sceal-fein-launched-at-galways-baboro-festival\/#breadcrumb\"},\"inLanguage\":\"en-ie\",\"potentialAction\":[{\"@type\":\"ReadAction\",\"target\":[\"https:\/\/dev.tg4.ie\/en\/information\/press\/press-releases\/2025-2\/new-cula4-childrens-series-mo-sceal-fein-launched-at-galways-baboro-festival\/\"]}]},{\"@type\":\"ImageObject\",\"inLanguage\":\"en-ie\",\"@id\":\"https:\/\/dev.tg4.ie\/en\/information\/press\/press-releases\/2025-2\/new-cula4-childrens-series-mo-sceal-fein-launched-at-galways-baboro-festival\/#primaryimage\",\"url\":\"https:\/\/dev.tg4.ie\/wp-content\/uploads\/2025\/10\/Mo_Sceal_Fein_Cula4_1-1920x1080-1.jpg\",\"contentUrl\":\"https:\/\/dev.tg4.ie\/wp-content\/uploads\/2025\/10\/Mo_Sceal_Fein_Cula4_1-1920x1080-1.jpg\"},{\"@type\":\"BreadcrumbList\",\"@id\":\"https:\/\/dev.tg4.ie\/en\/information\/press\/press-releases\/2025-2\/new-cula4-childrens-series-mo-sceal-fein-launched-at-galways-baboro-festival\/#breadcrumb\",\"itemListElement\":[{\"@type\":\"ListItem\",\"position\":1,\"name\":\"Home\",\"item\":\"https:\/\/dev.tg4.ie\/en\/\"},{\"@type\":\"ListItem\",\"position\":2,\"name\":\"Information\",\"item\":\"https:\/\/dev.tg4.ie\/en\/information\/\"},{\"@type\":\"ListItem\",\"position\":3,\"name\":\"Press\",\"item\":\"https:\/\/dev.tg4.ie\/en\/information\/press\/\"},{\"@type\":\"ListItem\",\"position\":4,\"name\":\"Press Releases\",\"item\":\"https:\/\/dev.tg4.ie\/en\/information\/press\/press-releases\/\"},{\"@type\":\"ListItem\",\"position\":5,\"name\":\"2025\",\"item\":\"https:\/\/dev.tg4.ie\/en\/information\/press\/press-releases\/2025-2\/\"},{\"@type\":\"ListItem\",\"position\":6,\"name\":\"New C\u00fala4 Children\u2019s Series \u2018Mo Sc\u00e9al F\u00e9in\u2019 Launched at Galway\u2019s Babor\u00f3 Festival\"}]},{\"@type\":\"WebSite\",\"@id\":\"https:\/\/dev.tg4.ie\/en\/#website\",\"url\":\"https:\/\/dev.tg4.ie\/en\/\",\"name\":\"TG4\",\"description\":\"S\u00fail Eile\",\"potentialAction\":[{\"@type\":\"SearchAction\",\"target\":{\"@type\":\"EntryPoint\",\"urlTemplate\":\"https:\/\/dev.tg4.ie\/en\/?s={search_term_string}\"},\"query-input\":\"required name=search_term_string\"}],\"inLanguage\":\"en-ie\"}]}<\/script>\n<!-- \/ Yoast SEO plugin. -->","yoast_head_json":{"title":"New C\u00fala4 Children\u2019s Series \u2018Mo Sc\u00e9al F\u00e9in\u2019 Launched at Galway\u2019s Babor\u00f3 Festival | Press Release | TG4","description":"C\u00fala4 and Ronin Films proudly launched the television series \u2018Mo Sc\u00e9al\u00a0F\u00e9in\u2019 at Taibhdhearc na Gaillimhe\u00a0on Friday, 17th October as part of Galway\u2019s Babor\u00f3\u00a0International Arts Festival for Children.","robots":{"index":"index","follow":"follow","max-snippet":"max-snippet:-1","max-image-preview":"max-image-preview:large","max-video-preview":"max-video-preview:-1"},"og_locale":"en_US","og_type":"article","og_title":"New C\u00fala4 Children\u2019s Series \u2018Mo Sc\u00e9al F\u00e9in\u2019 Launched at Galway\u2019s Babor\u00f3 Festival | Press Release | TG4","og_description":"C\u00fala4 and Ronin Films proudly launched the television series \u2018Mo Sc\u00e9al\u00a0F\u00e9in\u2019 at Taibhdhearc na Gaillimhe\u00a0on Friday, 17th October as part of Galway\u2019s Babor\u00f3\u00a0International Arts Festival for Children.","og_url":"https:\/\/dev.tg4.ie\/en\/information\/press\/press-releases\/2025-2\/new-cula4-childrens-series-mo-sceal-fein-launched-at-galways-baboro-festival\/","og_site_name":"TG4","article_publisher":"https:\/\/www.facebook.com\/TG4TV","article_modified_time":"2025-10-21T07:50:07+00:00","og_image":[{"url":"https:\/\/dev.tg4.ie\/wp-content\/uploads\/2025\/10\/Mo_Sceal_Fein_Cula4_1-1920x1080-1.jpg"}],"twitter_card":"summary_large_image","twitter_site":"@TG4TV","twitter_misc":{"Est. reading time":"3 minutes"},"schema":{"@context":"https:\/\/schema.org","@graph":[{"@type":"WebPage","@id":"https:\/\/dev.tg4.ie\/en\/information\/press\/press-releases\/2025-2\/new-cula4-childrens-series-mo-sceal-fein-launched-at-galways-baboro-festival\/","url":"https:\/\/dev.tg4.ie\/en\/information\/press\/press-releases\/2025-2\/new-cula4-childrens-series-mo-sceal-fein-launched-at-galways-baboro-festival\/","name":"New C\u00fala4 Children\u2019s Series \u2018Mo Sc\u00e9al F\u00e9in\u2019 Launched at Galway\u2019s Babor\u00f3 Festival | Press Release | TG4","isPartOf":{"@id":"https:\/\/dev.tg4.ie\/en\/#website"},"primaryImageOfPage":{"@id":"https:\/\/dev.tg4.ie\/en\/information\/press\/press-releases\/2025-2\/new-cula4-childrens-series-mo-sceal-fein-launched-at-galways-baboro-festival\/#primaryimage"},"image":{"@id":"https:\/\/dev.tg4.ie\/en\/information\/press\/press-releases\/2025-2\/new-cula4-childrens-series-mo-sceal-fein-launched-at-galways-baboro-festival\/#primaryimage"},"thumbnailUrl":"https:\/\/dev.tg4.ie\/wp-content\/uploads\/2025\/10\/Mo_Sceal_Fein_Cula4_1-1920x1080-1.jpg","datePublished":"2025-10-20T12:55:08+00:00","dateModified":"2025-10-21T07:50:07+00:00","description":"C\u00fala4 and Ronin Films proudly launched the television series \u2018Mo Sc\u00e9al\u00a0F\u00e9in\u2019 at Taibhdhearc na Gaillimhe\u00a0on Friday, 17th October as part of Galway\u2019s Babor\u00f3\u00a0International Arts Festival for Children.","breadcrumb":{"@id":"https:\/\/dev.tg4.ie\/en\/information\/press\/press-releases\/2025-2\/new-cula4-childrens-series-mo-sceal-fein-launched-at-galways-baboro-festival\/#breadcrumb"},"inLanguage":"en-ie","potentialAction":[{"@type":"ReadAction","target":["https:\/\/dev.tg4.ie\/en\/information\/press\/press-releases\/2025-2\/new-cula4-childrens-series-mo-sceal-fein-launched-at-galways-baboro-festival\/"]}]},{"@type":"ImageObject","inLanguage":"en-ie","@id":"https:\/\/dev.tg4.ie\/en\/information\/press\/press-releases\/2025-2\/new-cula4-childrens-series-mo-sceal-fein-launched-at-galways-baboro-festival\/#primaryimage","url":"https:\/\/dev.tg4.ie\/wp-content\/uploads\/2025\/10\/Mo_Sceal_Fein_Cula4_1-1920x1080-1.jpg","contentUrl":"https:\/\/dev.tg4.ie\/wp-content\/uploads\/2025\/10\/Mo_Sceal_Fein_Cula4_1-1920x1080-1.jpg"},{"@type":"BreadcrumbList","@id":"https:\/\/dev.tg4.ie\/en\/information\/press\/press-releases\/2025-2\/new-cula4-childrens-series-mo-sceal-fein-launched-at-galways-baboro-festival\/#breadcrumb","itemListElement":[{"@type":"ListItem","position":1,"name":"Home","item":"https:\/\/dev.tg4.ie\/en\/"},{"@type":"ListItem","position":2,"name":"Information","item":"https:\/\/dev.tg4.ie\/en\/information\/"},{"@type":"ListItem","position":3,"name":"Press","item":"https:\/\/dev.tg4.ie\/en\/information\/press\/"},{"@type":"ListItem","position":4,"name":"Press Releases","item":"https:\/\/dev.tg4.ie\/en\/information\/press\/press-releases\/"},{"@type":"ListItem","position":5,"name":"2025","item":"https:\/\/dev.tg4.ie\/en\/information\/press\/press-releases\/2025-2\/"},{"@type":"ListItem","position":6,"name":"New C\u00fala4 Children\u2019s Series \u2018Mo Sc\u00e9al F\u00e9in\u2019 Launched at Galway\u2019s Babor\u00f3 Festival"}]},{"@type":"WebSite","@id":"https:\/\/dev.tg4.ie\/en\/#website","url":"https:\/\/dev.tg4.ie\/en\/","name":"TG4","description":"S\u00fail Eile","potentialAction":[{"@type":"SearchAction","target":{"@type":"EntryPoint","urlTemplate":"https:\/\/dev.tg4.ie\/en\/?s={search_term_string}"},"query-input":"required name=search_term_string"}],"inLanguage":"en-ie"}]}},"_links":{"self":[{"href":"https:\/\/dev.tg4.ie\/en\/wp-json\/wp\/v2\/pages\/247766"}],"collection":[{"href":"https:\/\/dev.tg4.ie\/en\/wp-json\/wp\/v2\/pages"}],"about":[{"href":"https:\/\/dev.tg4.ie\/en\/wp-json\/wp\/v2\/types\/page"}],"author":[{"embeddable":true,"href":"https:\/\/dev.tg4.ie\/en\/wp-json\/wp\/v2\/users\/876"}],"replies":[{"embeddable":true,"href":"https:\/\/dev.tg4.ie\/en\/wp-json\/wp\/v2\/comments?post=247766"}],"version-history":[{"count":0,"href":"https:\/\/dev.tg4.ie\/en\/wp-json\/wp\/v2\/pages\/247766\/revisions"}],"up":[{"embeddable":true,"href":"https:\/\/dev.tg4.ie\/en\/wp-json\/wp\/v2\/pages\/236809"}],"wp:attachment":[{"href":"https:\/\/dev.tg4.ie\/en\/wp-json\/wp\/v2\/media?parent=247766"}],"curies":[{"name":"wp","href":"https:\/\/api.w.org\/{rel}","templated":true}]}}