{"id":247815,"date":"2025-10-22T09:45:52","date_gmt":"2025-10-22T08:45:52","guid":{"rendered":"https:\/\/dev.tg4.ie\/information\/press\/press-releases\/2025-2\/cuirfidh-tg4-oireachtas-na-samhna-2025-ar-fail-as-beal-feirste-don-lucht-feachana-ar-fud-an-domhain\/"},"modified":"2025-10-22T10:14:59","modified_gmt":"2025-10-22T09:14:59","slug":"tg4-brings-oireachtas-na-samhna-2025-from-belfast-to-audiences-worldwide","status":"publish","type":"page","link":"https:\/\/dev.tg4.ie\/en\/information\/press\/press-releases\/2025-2\/tg4-brings-oireachtas-na-samhna-2025-from-belfast-to-audiences-worldwide\/","title":{"rendered":"TG4 Brings \u2018Oireachtas na Samhna 2025&#8242; from Belfast to Audiences Worldwide"},"content":{"rendered":"<p><img loading=\"lazy\" decoding=\"async\" width=\"1920\" height=\"1080\" class=\"aligncenter size-full wp-image-247533\" src=\"https:\/\/tg4-docs.s3.amazonaws.com\/wp-content\/uploads\/2025\/10\/01095910\/Oireachtas_2024-Steip_1-1920x1080-1.jpg\" alt=\"\" srcset=\"https:\/\/tg4-docs.s3.amazonaws.com\/wp-content\/uploads\/2025\/10\/01095910\/Oireachtas_2024-Steip_1-1920x1080-1.jpg 1920w, https:\/\/tg4-docs.s3.amazonaws.com\/wp-content\/uploads\/2025\/10\/01095910\/Oireachtas_2024-Steip_1-1920x1080-1-250x141.jpg 250w, https:\/\/tg4-docs.s3.amazonaws.com\/wp-content\/uploads\/2025\/10\/01095910\/Oireachtas_2024-Steip_1-1920x1080-1-700x394.jpg 700w, https:\/\/tg4-docs.s3.amazonaws.com\/wp-content\/uploads\/2025\/10\/01095910\/Oireachtas_2024-Steip_1-1920x1080-1-252x141.jpg 252w, https:\/\/tg4-docs.s3.amazonaws.com\/wp-content\/uploads\/2025\/10\/01095910\/Oireachtas_2024-Steip_1-1920x1080-1-1536x864.jpg 1536w, https:\/\/tg4-docs.s3.amazonaws.com\/wp-content\/uploads\/2025\/10\/01095910\/Oireachtas_2024-Steip_1-1920x1080-1-120x68.jpg 120w\" sizes=\"(max-width: 1920px) 100vw, 1920px\" \/><\/p>\n<p><iframe loading=\"lazy\" title=\"YouTube video player\" src=\"https:\/\/www.youtube.com\/embed\/Jqp8Kn92s2k?si=DERPU5_25Dmd1yKQ\" width=\"560\" height=\"315\" frameborder=\"0\" allowfullscreen=\"allowfullscreen\"><\/iframe><\/p>\n<p><a href=\"https:\/\/nasc.tg4.tv\/An_tOireachtas\" target=\"_blank\" rel=\"noopener\">View previous Oireachtas programmes here:<\/a><\/p>\n<p><a href=\"https:\/\/www.flickr.com\/photos\/tg4\/albums\/72177720329539719\" target=\"_blank\" rel=\"noopener\">Images &#8211; Oireachtas 2024<\/a><br \/>\n&nbsp;<br \/>\nWhere to watch Oireachtas na Samhna 2025: <strong>TG4, TG4.ie, YouTube TG4, Social Media Platforms : TG4, C\u00fala4, MOLSC\u00c9AL, Foghlaim, BLOC<\/strong>. <\/p>\n<p>As Belfast welcomes Oireachtas na Samhna 2025, TG4 will broadcast four days of unmissable coverage from 29 October to 1 November, connecting Irish language audiences at home and around the world through TG4, TG4.ie, YouTube and across social platforms. <\/p>\n<p><strong>Ard-Sti\u00farth\u00f3ir TG4, Deirdre N\u00ed Choist\u00edn<\/strong>: <em>&#8220;Is \u00e1bhar r\u00edm\u00e9id d\u00fainn Oireachtas na Samhna 2025 a chraoladh beo as B\u00e9al Feirste don lucht f\u00e9achana ar fud an domhain ar TG4, TG4.ie agus ar fud ard\u00e1in na me\u00e1n s\u00f3isialta. Ceili\u00faradh br\u00edomhar at\u00e1 san Oireachtas ar an gcruthaitheacht, an teanga agus meon an phobail faoi mar at\u00e1 cro\u00edl\u00e1rnach i misean TG4 f\u00e9in. Is c\u00fais m\u00f3rtais againn f\u00e9ile chult\u00fair seo na nGael a chur ar f\u00e1il don lucht f\u00e9achana.\u201d  &#8211; &#8220;We are delighted to bring Oireachtas na Samhna 2025 live from Belfast to audiences around the world on TG4, TG4.ie and across our digital platforms. The Oireachtas is a vibrant celebration of creativity, language and community values that lie at the heart of TG4\u2019s mission. We\u2019re proud to share this festival of Irish culture and talent with viewers everywhere.&#8221;<\/em><br \/>\n&nbsp;<\/p>\n<p><u><strong>Oireachtas na Samhna Highlights<\/strong><\/u><\/p>\n<p><strong>Wednesday 29 October<\/strong><\/p>\n<p>TG4 will launch An Sc\u00e9im Forbartha Scr\u00edbhneoir\u00ed agus Sc\u00e9alaithe Gaeltachta at 15:30 (An Sti\u00faideo- ICC), celebrating new Gaeltacht creative voices and supporting Irish language screenwriting. With support from Gr\u00e9as\u00e1n na Me\u00e1n Skillnet, and Eala\u00edn na Gaeltachta, the scheme offers mentoring and opportunities for script development. Directed by Greg \u00d3 Braon\u00e1in, the 2026 scheme will be officially launched by TG4 Director-General Deirdre N\u00ed Choist\u00edn. <\/p>\n<p>On Wednesday evening, the Gradaim Chumars\u00e1ide an Oireachtais will take place in Halla na Cathrach in Belfast, where TG4 has received 26 nominations for their presenters and programmes. The awards will be available to watch live on Seinnteoir TG4 \/ TG4.ie from 20:00.<br \/>\n&nbsp;<\/p>\n<p><strong>Thursday 30 October<\/strong> <\/p>\n<p>Agallamh Beirte \u2013 Daoine F\u00e1sta at 14:00 \u2192 Seinnteoir TG4 \/ TG4.ie<\/p>\n<p>Sceitse \u2013 Daoine F\u00e1sta at 15:00 \u2192 Seinnteoir TG4 \/ TG4.ie<\/p>\n<p>Com\u00f3rtas Sean-N\u00f3s na bhFear at 19:00 \u2192 Seinnteoir TG4 \/ TG4.ie &#038; YouTube TG4<\/p>\n<p>7L\u00c1: Beo \u00f3n Oireachtas at 19:30 \u2192 TG4 &#038; Seinnteoir TG4 \/ TG4.ie, a special 50-minute live current affairs programme with audience participation. This special Oireachtas programme will be presented by M\u00e1ir\u00edn N\u00ed Ghadhra.<br \/>\n&nbsp;<\/p>\n<p><strong>Friday 31 October<\/strong>  <\/p>\n<p>L\u00faib\u00edn\u00ed \u2013 Daoine F\u00e1sta at 14:00 \u2192 Seinnteoir TG4 \/ TG4.ie<\/p>\n<p>Amhr\u00e1n Saothair \u2013 Daoine F\u00e1sta at 15:30 \u2192 Seinnteoir TG4 \/ TG4.ie<\/p>\n<p>Amhr\u00e1n Nuachumtha \u2013 Daoine F\u00e1sta at 16:00 \u2192 Seinnteoir TG4 \/ TG4.ie<\/p>\n<p>At 17:30, L\u00e1r St\u00e1itse will showcase the children\u2019s competitions. It will be aired on C\u00fala4, TG4 and Seinnteoir TG4, and repeated on TG4 (Saturday 11:30am) and C\u00fala4 (Sunday 12:00pm).  <\/p>\n<p>Also on Friday, 31 October at 19:00pm, the film <strong>AONTAS<\/strong> will be shown at Cineworld, Odyssey Arena  to mark 20 years of the Irish Language Broadcast Fund.  The film follows three rural women who rob a credit union, led by a woman on the verge of a breakdown. Told in reverse, it unravels the events behind a heist gone wrong, becoming a portrait of a woman trapped by her past. Written by Sarah Gordon and Damian McCann, directed by McCann (Doineann), and produced by \u00d3rfhlaith N\u00ed Chearnaigh (Aonaracht) and Christopher Myers (Doineann), AONTAS stars Carrie Crowley, Br\u00edd Brennan, Eva-Jane Gaffney, Se\u00e1n T. \u00d3 Meallaigh, and Marcus Lambe. Produced by P\u00faca Pictures, the new bilingual company, with funding from the Irish Language Broadcast Fund, TG4, BBC NI, and support from Yellowmoon. <\/p>\n<p><strong>Nuacht TG4<\/strong> presented by Eimear N\u00ed Chonaola will also broadcast live from Oireachtas na Samhna 2025 on Friday at 19:00 on TG4 and Seinnteoir TG4, followed by Com\u00f3rtas Sean-N\u00f3s na mBan at 19:30, available on Seinnteoir TG4 \/ TG4.ie and on TG4\u2019s YouTube channel.<br \/>\n<center><img loading=\"lazy\" decoding=\"async\" width=\"250\" height=\"141\" src=\"https:\/\/tg4-docs.s3.amazonaws.com\/wp-content\/uploads\/2025\/10\/22095750\/Eimear_Ni_Chonaola_2025_1-1920x1080-1-250x141.jpg\" alt=\"\" class=\"aligncenter size-medium wp-image-247810\" srcset=\"https:\/\/tg4-docs.s3.amazonaws.com\/wp-content\/uploads\/2025\/10\/22095750\/Eimear_Ni_Chonaola_2025_1-1920x1080-1-250x141.jpg 250w, https:\/\/tg4-docs.s3.amazonaws.com\/wp-content\/uploads\/2025\/10\/22095750\/Eimear_Ni_Chonaola_2025_1-1920x1080-1-700x394.jpg 700w, https:\/\/tg4-docs.s3.amazonaws.com\/wp-content\/uploads\/2025\/10\/22095750\/Eimear_Ni_Chonaola_2025_1-1920x1080-1-252x141.jpg 252w, https:\/\/tg4-docs.s3.amazonaws.com\/wp-content\/uploads\/2025\/10\/22095750\/Eimear_Ni_Chonaola_2025_1-1920x1080-1-1536x864.jpg 1536w, https:\/\/tg4-docs.s3.amazonaws.com\/wp-content\/uploads\/2025\/10\/22095750\/Eimear_Ni_Chonaola_2025_1-1920x1080-1-120x68.jpg 120w, https:\/\/tg4-docs.s3.amazonaws.com\/wp-content\/uploads\/2025\/10\/22095750\/Eimear_Ni_Chonaola_2025_1-1920x1080-1.jpg 1920w\" sizes=\"(max-width: 250px) 100vw, 250px\" \/><\/center><br \/>\n&nbsp;<\/p>\n<p><strong>Saturday 1 November<\/strong>  <\/p>\n<p>Saturday begins with a special treat for young audiences as C\u00fala4 hosts a special event and the launch of the new series \u2018Dar le Daide\u00f3\u2019 from 11:00\u201312:00 (ICC &#8211; Halla 2B, Leibh\u00e9al 1)<br \/>\n&nbsp;<\/p>\n<p><center><img loading=\"lazy\" decoding=\"async\" width=\"250\" height=\"174\" src=\"https:\/\/tg4-docs.s3.amazonaws.com\/wp-content\/uploads\/2025\/10\/22095748\/Steip24_2-250x174.jpg\" alt=\"\" class=\"aligncenter size-medium wp-image-247809\" srcset=\"https:\/\/tg4-docs.s3.amazonaws.com\/wp-content\/uploads\/2025\/10\/22095748\/Steip24_2-250x174.jpg 250w, https:\/\/tg4-docs.s3.amazonaws.com\/wp-content\/uploads\/2025\/10\/22095748\/Steip24_2-202x141.jpg 202w, https:\/\/tg4-docs.s3.amazonaws.com\/wp-content\/uploads\/2025\/10\/22095748\/Steip24_2-120x84.jpg 120w, https:\/\/tg4-docs.s3.amazonaws.com\/wp-content\/uploads\/2025\/10\/22095748\/Steip24_2.jpg 400w\" sizes=\"(max-width: 250px) 100vw, 250px\" \/><\/center><br \/>\nAt 13:00, Steip Beo, the sean-n\u00f3s dancing competition, will broadcast live on TG4 and Seinnteoir TG4. Live coverage from the ICC, Belfast of the competition at Oireachtas na Samhna 2025. <\/p>\n<p>That evening, the celebrated Corn U\u00ed Riada, the pinnacle of sean-n\u00f3s singing, takes place at 19:00, and will be available on Seinnteoir TG4 \/ TG4.ie and TG4\u2019s YouTube channel.<br \/>\n<center><img loading=\"lazy\" decoding=\"async\" width=\"250\" height=\"342\" src=\"https:\/\/tg4-docs.s3.amazonaws.com\/wp-content\/uploads\/2025\/10\/22095744\/Buaiteoir_Corn_Ui_Riada_2024_1-584x800-1-250x342.jpg\" alt=\"\" class=\"aligncenter size-medium wp-image-247807\" srcset=\"https:\/\/tg4-docs.s3.amazonaws.com\/wp-content\/uploads\/2025\/10\/22095744\/Buaiteoir_Corn_Ui_Riada_2024_1-584x800-1-250x342.jpg 250w, https:\/\/tg4-docs.s3.amazonaws.com\/wp-content\/uploads\/2025\/10\/22095744\/Buaiteoir_Corn_Ui_Riada_2024_1-584x800-1-103x141.jpg 103w, https:\/\/tg4-docs.s3.amazonaws.com\/wp-content\/uploads\/2025\/10\/22095744\/Buaiteoir_Corn_Ui_Riada_2024_1-584x800-1-120x164.jpg 120w, https:\/\/tg4-docs.s3.amazonaws.com\/wp-content\/uploads\/2025\/10\/22095744\/Buaiteoir_Corn_Ui_Riada_2024_1-584x800-1.jpg 584w\" sizes=\"(max-width: 250px) 100vw, 250px\" \/><\/center><br \/>\n&nbsp;<\/p>\n<p><strong>TG4\u2019s Digital, Social and On-Demand:<\/strong><\/p>\n<p>C\u00fala4, the dedicated children\u2019s channel as well as TG4\u2019s digital brands: MOLSC\u00c9AL, Foghlaim TG4 and BLOC will be on the ground throughout the festival, capturing the spirit of Oireachtas na Samhna with exclusive behind-the-scenes content, interviews, short features, and festival highlights.<br \/>\n&nbsp;<br \/>\n<strong>F\u00e1ilte Romhat:<\/strong>  <\/p>\n<p>Join the TG4 team in Aonach an Oireachtais for plenty of chats, fun, and great giveaways. Our dedicated TG4 Hub will be open from Thursday to Saturday, offering a warm and welcoming space for visitors, both familiar faces and new friends, to meet the TG4 teams and discover more about our programmes, digital brands, and upcoming projects.<br \/>\n<center><img loading=\"lazy\" decoding=\"async\" width=\"574\" height=\"790\" src=\"https:\/\/tg4-docs.s3.amazonaws.com\/wp-content\/uploads\/2025\/10\/22095753\/SruthuOnaS25_1-574x790-1.png\" alt=\"\" class=\"aligncenter size-full wp-image-247811\" srcset=\"https:\/\/tg4-docs.s3.amazonaws.com\/wp-content\/uploads\/2025\/10\/22095753\/SruthuOnaS25_1-574x790-1.png 574w, https:\/\/tg4-docs.s3.amazonaws.com\/wp-content\/uploads\/2025\/10\/22095753\/SruthuOnaS25_1-574x790-1-250x344.png 250w, https:\/\/tg4-docs.s3.amazonaws.com\/wp-content\/uploads\/2025\/10\/22095753\/SruthuOnaS25_1-574x790-1-102x141.png 102w, https:\/\/tg4-docs.s3.amazonaws.com\/wp-content\/uploads\/2025\/10\/22095753\/SruthuOnaS25_1-574x790-1-120x165.png 120w\" sizes=\"(max-width: 574px) 100vw, 574px\" \/><\/center><br \/>\n&nbsp;<\/p>\n<p><u><strong>Summary of Where to Watch Oireachtas na Samhna 2025<\/strong><\/u><\/p>\n<p><strong>Wednesday 29 October<\/strong><br \/>\n15:30 \u2013 Seoladh: An Sc\u00e9im Forbartha do Scr\u00edbhneoir\u00ed agus Sc\u00e9alaithe Gaeltachta \u2192 TG4 socials<br \/>\n20:00 \u2013 Gradaim Chumars\u00e1ide an Oireachtais \u2192 Seinnteoir TG4 \/ TG4.ie <\/p>\n<p><strong>Thursday 30 October<\/strong><br \/>\n14:00 \u2013 Agallamh Beirte \u2013 Daoine F\u00e1sta \u2192 Seinnteoir TG4 \/ TG4.ie<br \/>\n15:00 \u2013 Sceitse \u2013 Daoine F\u00e1sta \u2192 Seinnteoir TG4 \/ TG4.ie<br \/>\n19:00 \u2013 Com\u00f3rtas Sean N\u00f3s na bhFear \u2192 Seinnteoir TG4 \/ TG4.ie &#038; TG4 YouTube<br \/>\n19:30 \u2013 7L\u00c1: Beo \u00f3n Oireachtas \u2192 TG4 &#038; Seinnteoir TG4 \/ TG4.ie <\/p>\n<p><strong>Friday 31 October<\/strong><br \/>\n14:00 \u2013 L\u00faib\u00edn\u00ed \u2013 Daoine F\u00e1sta \u2192 Seinnteoir TG4 \/ TG4.ie<br \/>\n15:30 \u2013 Amhr\u00e1n Saothair \u2013 Daoine F\u00e1sta \u2192 Seinnteoir TG4 \/ TG4.ie<br \/>\n16:00 \u2013 Amhr\u00e1n Nuachumtha \u2013 Daoine F\u00e1sta \u2192 Seinnteoir TG4 \/ TG4.ie<br \/>\n17:30 \u2013 L\u00e1r St\u00e1itse \u2192 C\u00fala4, TG4 &#038; Seinnteoir TG4 \/ TG4.ie<br \/>\n19:00 \u2013 AONTAS Launch \u2192 TG4 socials <\/p>\n<p>19:00 &#8211; Nuacht TG4 \u2192 TG4 &#038; Seinnteoir TG4 \/ TG4.ie<br \/>\n19:30 \u2013 Com\u00f3rtas Sean-N\u00f3s na mBan \u2192 Seinnteoir TG4 \/ TG4.ie &#038; TG4 YouTube <\/p>\n<p><strong>Saturday 1 November<\/strong><br \/>\n11:00 \u2013 C\u00fala4 Event &#038; Dar le Daide\u00f3 Launch \u2192 C\u00fala4 socials &#038; C\u00fala4<br \/>\n13:00 \u2013 Steip Beo \u2192 TG4 &#038; Seinnteoir TG4 \/ TG4.ie<br \/>\n19:00 \u2013 Corn U\u00ed Riada \u2192 Seinnteoir TG4 \/ TG4.ie &#038; YouTube TG4 <\/p>\n<p>&nbsp;<br \/>\n&nbsp;<\/p>\n","protected":false},"excerpt":{"rendered":"<p>View previous Oireachtas programmes here: Images &#8211; Oireachtas 2024 &nbsp; Where to watch Oireachtas na Samhna 2025: TG4, TG4.ie, YouTube TG4, Social Media Platforms : TG4, C\u00fala4, MOLSC\u00c9AL, Foghlaim, BLOC. As Belfast welcomes Oireachtas na Samhna 2025, TG4 will broadcast four days of unmissable coverage from 29 October to 1 November, connecting Irish language audiences [&hellip;]<\/p>\n","protected":false},"author":876,"featured_media":0,"parent":236809,"menu_order":63,"comment_status":"closed","ping_status":"closed","template":"page-templates\/template-pr.php","meta":{"_acf_changed":false,"footnotes":""},"acf":[],"yoast_head":"<!-- This site is optimized with the Yoast SEO plugin v22.6 - https:\/\/yoast.com\/wordpress\/plugins\/seo\/ -->\n<title>TG4 Brings \u2018Oireachtas na Samhna 2025&#039; from Belfast to Audiences Worldwide | Press Release | TG4<\/title>\n<meta name=\"description\" content=\"As Belfast welcomes Oireachtas na Samhna 2025, TG4 will broadcast four days of unmissable coverage from 29 October to 1 November, connecting Irish language audiences at home and around the world through TG4, TG4.ie, YouTube and across social platforms.\" \/>\n<meta name=\"robots\" content=\"index, follow, max-snippet:-1, max-image-preview:large, max-video-preview:-1\" \/>\n<meta property=\"og:locale\" content=\"en_US\" \/>\n<meta property=\"og:type\" content=\"article\" \/>\n<meta property=\"og:title\" content=\"TG4 Brings \u2018Oireachtas na Samhna 2025&#039; from Belfast to Audiences Worldwide | Press Release | TG4\" \/>\n<meta property=\"og:description\" content=\"As Belfast welcomes Oireachtas na Samhna 2025, TG4 will broadcast four days of unmissable coverage from 29 October to 1 November, connecting Irish language audiences at home and around the world through TG4, TG4.ie, YouTube and across social platforms.\" \/>\n<meta property=\"og:url\" content=\"https:\/\/dev.tg4.ie\/en\/information\/press\/press-releases\/2025-2\/tg4-brings-oireachtas-na-samhna-2025-from-belfast-to-audiences-worldwide\/\" \/>\n<meta property=\"og:site_name\" content=\"TG4\" \/>\n<meta property=\"article:publisher\" content=\"https:\/\/www.facebook.com\/TG4TV\" \/>\n<meta property=\"article:modified_time\" content=\"2025-10-22T09:14:59+00:00\" \/>\n<meta property=\"og:image\" content=\"https:\/\/dev.tg4.ie\/wp-content\/uploads\/2025\/10\/Oireachtas_2024-Steip_1-1920x1080-1.jpg\" \/>\n<meta name=\"twitter:card\" content=\"summary_large_image\" \/>\n<meta name=\"twitter:site\" content=\"@TG4TV\" \/>\n<meta name=\"twitter:label1\" content=\"Est. reading time\" \/>\n\t<meta name=\"twitter:data1\" content=\"6 minutes\" \/>\n<script type=\"application\/ld+json\" class=\"yoast-schema-graph\">{\"@context\":\"https:\/\/schema.org\",\"@graph\":[{\"@type\":\"WebPage\",\"@id\":\"https:\/\/dev.tg4.ie\/en\/information\/press\/press-releases\/2025-2\/tg4-brings-oireachtas-na-samhna-2025-from-belfast-to-audiences-worldwide\/\",\"url\":\"https:\/\/dev.tg4.ie\/en\/information\/press\/press-releases\/2025-2\/tg4-brings-oireachtas-na-samhna-2025-from-belfast-to-audiences-worldwide\/\",\"name\":\"TG4 Brings \u2018Oireachtas na Samhna 2025' from Belfast to Audiences Worldwide | Press Release | TG4\",\"isPartOf\":{\"@id\":\"https:\/\/dev.tg4.ie\/en\/#website\"},\"primaryImageOfPage\":{\"@id\":\"https:\/\/dev.tg4.ie\/en\/information\/press\/press-releases\/2025-2\/tg4-brings-oireachtas-na-samhna-2025-from-belfast-to-audiences-worldwide\/#primaryimage\"},\"image\":{\"@id\":\"https:\/\/dev.tg4.ie\/en\/information\/press\/press-releases\/2025-2\/tg4-brings-oireachtas-na-samhna-2025-from-belfast-to-audiences-worldwide\/#primaryimage\"},\"thumbnailUrl\":\"https:\/\/dev.tg4.ie\/wp-content\/uploads\/2025\/10\/Oireachtas_2024-Steip_1-1920x1080-1.jpg\",\"datePublished\":\"2025-10-22T08:45:52+00:00\",\"dateModified\":\"2025-10-22T09:14:59+00:00\",\"description\":\"As Belfast welcomes Oireachtas na Samhna 2025, TG4 will broadcast four days of unmissable coverage from 29 October to 1 November, connecting Irish language audiences at home and around the world through TG4, TG4.ie, YouTube and across social platforms.\",\"breadcrumb\":{\"@id\":\"https:\/\/dev.tg4.ie\/en\/information\/press\/press-releases\/2025-2\/tg4-brings-oireachtas-na-samhna-2025-from-belfast-to-audiences-worldwide\/#breadcrumb\"},\"inLanguage\":\"en-ie\",\"potentialAction\":[{\"@type\":\"ReadAction\",\"target\":[\"https:\/\/dev.tg4.ie\/en\/information\/press\/press-releases\/2025-2\/tg4-brings-oireachtas-na-samhna-2025-from-belfast-to-audiences-worldwide\/\"]}]},{\"@type\":\"ImageObject\",\"inLanguage\":\"en-ie\",\"@id\":\"https:\/\/dev.tg4.ie\/en\/information\/press\/press-releases\/2025-2\/tg4-brings-oireachtas-na-samhna-2025-from-belfast-to-audiences-worldwide\/#primaryimage\",\"url\":\"https:\/\/dev.tg4.ie\/wp-content\/uploads\/2025\/10\/Oireachtas_2024-Steip_1-1920x1080-1.jpg\",\"contentUrl\":\"https:\/\/dev.tg4.ie\/wp-content\/uploads\/2025\/10\/Oireachtas_2024-Steip_1-1920x1080-1.jpg\"},{\"@type\":\"BreadcrumbList\",\"@id\":\"https:\/\/dev.tg4.ie\/en\/information\/press\/press-releases\/2025-2\/tg4-brings-oireachtas-na-samhna-2025-from-belfast-to-audiences-worldwide\/#breadcrumb\",\"itemListElement\":[{\"@type\":\"ListItem\",\"position\":1,\"name\":\"Home\",\"item\":\"https:\/\/dev.tg4.ie\/en\/\"},{\"@type\":\"ListItem\",\"position\":2,\"name\":\"Information\",\"item\":\"https:\/\/dev.tg4.ie\/en\/information\/\"},{\"@type\":\"ListItem\",\"position\":3,\"name\":\"Press\",\"item\":\"https:\/\/dev.tg4.ie\/en\/information\/press\/\"},{\"@type\":\"ListItem\",\"position\":4,\"name\":\"Press Releases\",\"item\":\"https:\/\/dev.tg4.ie\/en\/information\/press\/press-releases\/\"},{\"@type\":\"ListItem\",\"position\":5,\"name\":\"2025\",\"item\":\"https:\/\/dev.tg4.ie\/en\/information\/press\/press-releases\/2025-2\/\"},{\"@type\":\"ListItem\",\"position\":6,\"name\":\"TG4 Brings \u2018Oireachtas na Samhna 2025&#8242; from Belfast to Audiences Worldwide\"}]},{\"@type\":\"WebSite\",\"@id\":\"https:\/\/dev.tg4.ie\/en\/#website\",\"url\":\"https:\/\/dev.tg4.ie\/en\/\",\"name\":\"TG4\",\"description\":\"S\u00fail Eile\",\"potentialAction\":[{\"@type\":\"SearchAction\",\"target\":{\"@type\":\"EntryPoint\",\"urlTemplate\":\"https:\/\/dev.tg4.ie\/en\/?s={search_term_string}\"},\"query-input\":\"required name=search_term_string\"}],\"inLanguage\":\"en-ie\"}]}<\/script>\n<!-- \/ Yoast SEO plugin. -->","yoast_head_json":{"title":"TG4 Brings \u2018Oireachtas na Samhna 2025' from Belfast to Audiences Worldwide | Press Release | TG4","description":"As Belfast welcomes Oireachtas na Samhna 2025, TG4 will broadcast four days of unmissable coverage from 29 October to 1 November, connecting Irish language audiences at home and around the world through TG4, TG4.ie, YouTube and across social platforms.","robots":{"index":"index","follow":"follow","max-snippet":"max-snippet:-1","max-image-preview":"max-image-preview:large","max-video-preview":"max-video-preview:-1"},"og_locale":"en_US","og_type":"article","og_title":"TG4 Brings \u2018Oireachtas na Samhna 2025' from Belfast to Audiences Worldwide | Press Release | TG4","og_description":"As Belfast welcomes Oireachtas na Samhna 2025, TG4 will broadcast four days of unmissable coverage from 29 October to 1 November, connecting Irish language audiences at home and around the world through TG4, TG4.ie, YouTube and across social platforms.","og_url":"https:\/\/dev.tg4.ie\/en\/information\/press\/press-releases\/2025-2\/tg4-brings-oireachtas-na-samhna-2025-from-belfast-to-audiences-worldwide\/","og_site_name":"TG4","article_publisher":"https:\/\/www.facebook.com\/TG4TV","article_modified_time":"2025-10-22T09:14:59+00:00","og_image":[{"url":"https:\/\/dev.tg4.ie\/wp-content\/uploads\/2025\/10\/Oireachtas_2024-Steip_1-1920x1080-1.jpg"}],"twitter_card":"summary_large_image","twitter_site":"@TG4TV","twitter_misc":{"Est. reading time":"6 minutes"},"schema":{"@context":"https:\/\/schema.org","@graph":[{"@type":"WebPage","@id":"https:\/\/dev.tg4.ie\/en\/information\/press\/press-releases\/2025-2\/tg4-brings-oireachtas-na-samhna-2025-from-belfast-to-audiences-worldwide\/","url":"https:\/\/dev.tg4.ie\/en\/information\/press\/press-releases\/2025-2\/tg4-brings-oireachtas-na-samhna-2025-from-belfast-to-audiences-worldwide\/","name":"TG4 Brings \u2018Oireachtas na Samhna 2025' from Belfast to Audiences Worldwide | Press Release | TG4","isPartOf":{"@id":"https:\/\/dev.tg4.ie\/en\/#website"},"primaryImageOfPage":{"@id":"https:\/\/dev.tg4.ie\/en\/information\/press\/press-releases\/2025-2\/tg4-brings-oireachtas-na-samhna-2025-from-belfast-to-audiences-worldwide\/#primaryimage"},"image":{"@id":"https:\/\/dev.tg4.ie\/en\/information\/press\/press-releases\/2025-2\/tg4-brings-oireachtas-na-samhna-2025-from-belfast-to-audiences-worldwide\/#primaryimage"},"thumbnailUrl":"https:\/\/dev.tg4.ie\/wp-content\/uploads\/2025\/10\/Oireachtas_2024-Steip_1-1920x1080-1.jpg","datePublished":"2025-10-22T08:45:52+00:00","dateModified":"2025-10-22T09:14:59+00:00","description":"As Belfast welcomes Oireachtas na Samhna 2025, TG4 will broadcast four days of unmissable coverage from 29 October to 1 November, connecting Irish language audiences at home and around the world through TG4, TG4.ie, YouTube and across social platforms.","breadcrumb":{"@id":"https:\/\/dev.tg4.ie\/en\/information\/press\/press-releases\/2025-2\/tg4-brings-oireachtas-na-samhna-2025-from-belfast-to-audiences-worldwide\/#breadcrumb"},"inLanguage":"en-ie","potentialAction":[{"@type":"ReadAction","target":["https:\/\/dev.tg4.ie\/en\/information\/press\/press-releases\/2025-2\/tg4-brings-oireachtas-na-samhna-2025-from-belfast-to-audiences-worldwide\/"]}]},{"@type":"ImageObject","inLanguage":"en-ie","@id":"https:\/\/dev.tg4.ie\/en\/information\/press\/press-releases\/2025-2\/tg4-brings-oireachtas-na-samhna-2025-from-belfast-to-audiences-worldwide\/#primaryimage","url":"https:\/\/dev.tg4.ie\/wp-content\/uploads\/2025\/10\/Oireachtas_2024-Steip_1-1920x1080-1.jpg","contentUrl":"https:\/\/dev.tg4.ie\/wp-content\/uploads\/2025\/10\/Oireachtas_2024-Steip_1-1920x1080-1.jpg"},{"@type":"BreadcrumbList","@id":"https:\/\/dev.tg4.ie\/en\/information\/press\/press-releases\/2025-2\/tg4-brings-oireachtas-na-samhna-2025-from-belfast-to-audiences-worldwide\/#breadcrumb","itemListElement":[{"@type":"ListItem","position":1,"name":"Home","item":"https:\/\/dev.tg4.ie\/en\/"},{"@type":"ListItem","position":2,"name":"Information","item":"https:\/\/dev.tg4.ie\/en\/information\/"},{"@type":"ListItem","position":3,"name":"Press","item":"https:\/\/dev.tg4.ie\/en\/information\/press\/"},{"@type":"ListItem","position":4,"name":"Press Releases","item":"https:\/\/dev.tg4.ie\/en\/information\/press\/press-releases\/"},{"@type":"ListItem","position":5,"name":"2025","item":"https:\/\/dev.tg4.ie\/en\/information\/press\/press-releases\/2025-2\/"},{"@type":"ListItem","position":6,"name":"TG4 Brings \u2018Oireachtas na Samhna 2025&#8242; from Belfast to Audiences Worldwide"}]},{"@type":"WebSite","@id":"https:\/\/dev.tg4.ie\/en\/#website","url":"https:\/\/dev.tg4.ie\/en\/","name":"TG4","description":"S\u00fail Eile","potentialAction":[{"@type":"SearchAction","target":{"@type":"EntryPoint","urlTemplate":"https:\/\/dev.tg4.ie\/en\/?s={search_term_string}"},"query-input":"required name=search_term_string"}],"inLanguage":"en-ie"}]}},"_links":{"self":[{"href":"https:\/\/dev.tg4.ie\/en\/wp-json\/wp\/v2\/pages\/247815"}],"collection":[{"href":"https:\/\/dev.tg4.ie\/en\/wp-json\/wp\/v2\/pages"}],"about":[{"href":"https:\/\/dev.tg4.ie\/en\/wp-json\/wp\/v2\/types\/page"}],"author":[{"embeddable":true,"href":"https:\/\/dev.tg4.ie\/en\/wp-json\/wp\/v2\/users\/876"}],"replies":[{"embeddable":true,"href":"https:\/\/dev.tg4.ie\/en\/wp-json\/wp\/v2\/comments?post=247815"}],"version-history":[{"count":0,"href":"https:\/\/dev.tg4.ie\/en\/wp-json\/wp\/v2\/pages\/247815\/revisions"}],"up":[{"embeddable":true,"href":"https:\/\/dev.tg4.ie\/en\/wp-json\/wp\/v2\/pages\/236809"}],"wp:attachment":[{"href":"https:\/\/dev.tg4.ie\/en\/wp-json\/wp\/v2\/media?parent=247815"}],"curies":[{"name":"wp","href":"https:\/\/api.w.org\/{rel}","templated":true}]}}