{"id":247883,"date":"2025-10-29T16:23:17","date_gmt":"2025-10-29T16:23:17","guid":{"rendered":"https:\/\/dev.tg4.ie\/?page_id=247883"},"modified":"2025-11-14T10:00:26","modified_gmt":"2025-11-14T10:00:26","slug":"update-on-where-to-watch-cula4","status":"publish","type":"page","link":"https:\/\/dev.tg4.ie\/en\/information\/press\/press-releases\/2025-2\/update-on-where-to-watch-cula4\/","title":{"rendered":"Update on Where to Watch C\u00fala4"},"content":{"rendered":"<p><img loading=\"lazy\" decoding=\"async\" width=\"1200\" height=\"675\" src=\"https:\/\/tg4-docs.s3.amazonaws.com\/wp-content\/uploads\/2025\/10\/29153536\/Niamh-Ni-Chroinin-1200_675.png\" alt=\"Niamh N\u00ed Chr\u00f3in\u00edn C\u00fala4\" class=\"alignnone size-full wp-image-247879\" srcset=\"https:\/\/tg4-docs.s3.amazonaws.com\/wp-content\/uploads\/2025\/10\/29153536\/Niamh-Ni-Chroinin-1200_675.png 1200w, https:\/\/tg4-docs.s3.amazonaws.com\/wp-content\/uploads\/2025\/10\/29153536\/Niamh-Ni-Chroinin-1200_675-250x141.png 250w, https:\/\/tg4-docs.s3.amazonaws.com\/wp-content\/uploads\/2025\/10\/29153536\/Niamh-Ni-Chroinin-1200_675-700x394.png 700w, https:\/\/tg4-docs.s3.amazonaws.com\/wp-content\/uploads\/2025\/10\/29153536\/Niamh-Ni-Chroinin-1200_675-252x141.png 252w, https:\/\/tg4-docs.s3.amazonaws.com\/wp-content\/uploads\/2025\/10\/29153536\/Niamh-Ni-Chroinin-1200_675-120x68.png 120w\" sizes=\"(max-width: 1200px) 100vw, 1200px\" \/><br \/>\n&nbsp;<\/p>\n<p><a href=\"https:\/\/www.youtube.com\/watch?v=MVaWpGgGCXo\">Promo C\u00fala4<\/a><br \/>\n&nbsp;<\/p>\n<p><strong>C\u00fala4<\/strong> celebrated its <strong>second anniversary on air in September 2025<\/strong>, marking two successful years of entertaining, educating, and inspiring young audiences through the Irish language. <\/p>\n<p><img loading=\"lazy\" decoding=\"async\" width=\"1200\" height=\"675\" src=\"https:\/\/tg4-docs.s3.amazonaws.com\/wp-content\/uploads\/2025\/10\/29154057\/Laithreoiri-C4_1200_675.jpg\" alt=\"L\u00e1itheoir\u00ed C\u00fala4\" class=\"alignnone size-full wp-image-247880\" srcset=\"https:\/\/tg4-docs.s3.amazonaws.com\/wp-content\/uploads\/2025\/10\/29154057\/Laithreoiri-C4_1200_675.jpg 1200w, https:\/\/tg4-docs.s3.amazonaws.com\/wp-content\/uploads\/2025\/10\/29154057\/Laithreoiri-C4_1200_675-250x141.jpg 250w, https:\/\/tg4-docs.s3.amazonaws.com\/wp-content\/uploads\/2025\/10\/29154057\/Laithreoiri-C4_1200_675-700x394.jpg 700w, https:\/\/tg4-docs.s3.amazonaws.com\/wp-content\/uploads\/2025\/10\/29154057\/Laithreoiri-C4_1200_675-252x141.jpg 252w, https:\/\/tg4-docs.s3.amazonaws.com\/wp-content\/uploads\/2025\/10\/29154057\/Laithreoiri-C4_1200_675-120x68.jpg 120w\" sizes=\"(max-width: 1200px) 100vw, 1200px\" \/><\/p>\n<h4><center>C\u00fala4 Presenters: (L-R) <strong>S\u00edle N\u00ed Chonghaile, Seosamh Mac Seoin &#038; Nimah N\u00ed Chr\u00f3in\u00edn<\/strong><\/center><\/h4>\n<p>&nbsp;<\/p>\n<p>Since its launch in September 2023, C\u00fala4 (TG4&#8217;s dedicated children\u2019s channel) has become a vibrant and trusted space for children and families across Ireland, broadcasting daily from <strong>6am to 8pm<\/strong>. The channel continues to deliver a fun and diverse mix of animation, drama, entertainment, and educational content, all designed to nurture a love of the Irish language among younger audiences.<br \/>\n&nbsp;<\/p>\n<p>As part of ongoing updates, TG4 is reminding viewers of new <strong>Sky channel numbers for C\u00fala4<\/strong>, ensuring families can continue to access the channel easily right across Ireland.<br \/>\n&nbsp;<\/p>\n<p><center><img loading=\"lazy\" decoding=\"async\" width=\"1080\" height=\"1080\" src=\"https:\/\/tg4-docs.s3.amazonaws.com\/wp-content\/uploads\/2025\/11\/14095920\/Mapa-C4-ceart.png\" alt=\"Eolas C\u00fala4\" class=\"aligncenter size-full wp-image-248029\" srcset=\"https:\/\/tg4-docs.s3.amazonaws.com\/wp-content\/uploads\/2025\/11\/14095920\/Mapa-C4-ceart.png 1080w, https:\/\/tg4-docs.s3.amazonaws.com\/wp-content\/uploads\/2025\/11\/14095920\/Mapa-C4-ceart-250x250.png 250w, https:\/\/tg4-docs.s3.amazonaws.com\/wp-content\/uploads\/2025\/11\/14095920\/Mapa-C4-ceart-700x700.png 700w, https:\/\/tg4-docs.s3.amazonaws.com\/wp-content\/uploads\/2025\/11\/14095920\/Mapa-C4-ceart-141x141.png 141w, https:\/\/tg4-docs.s3.amazonaws.com\/wp-content\/uploads\/2025\/11\/14095920\/Mapa-C4-ceart-120x120.png 120w\" sizes=\"(max-width: 1080px) 100vw, 1080px\" \/><\/center><br \/>\n&nbsp;<\/p>\n<h2><strong><center>Where to Watch C\u00fala4 &#8211; Updated Channel Information:<\/center><\/strong><\/h2>\n<ul>\n<li><strong>Sky<\/strong>: Now on Channel <strong>621 RoI<\/strong> &#038; Channel <strong>624 NI<\/strong><\/li>\n<li><strong>Sky Glass<\/strong>: Channel <strong>202 RoI<\/strong> &#038; Channel <strong>214 NI<\/strong><\/li>\n<li><strong>Saorview<\/strong>: Channel <strong>18<\/strong><\/li>\n<li><strong>Virgin Media<\/strong>: Channel <strong>602<\/strong><\/li>\n<li><strong>Eir TV<\/strong>: Available on the Eir TV platform<\/li>\n<li><strong>Android TV<\/strong><\/li>\n<li><strong>Fire TV<\/strong><\/li>\n<li><strong>Sony<\/strong><\/li>\n<li><strong>Vodafone 616<\/strong><\/li>\n<li><strong>Online<\/strong>: Cula4.com<\/li>\n<li><strong>C\u00fala4 App<\/strong><\/li>\n<\/ul>\n<p>&nbsp;<\/p>\n<p>C\u00fala4 continues to go from strength to strength, providing high-quality programming that supports language learning, creativity, and cultural pride.\u00a0\u00a0\u00a0\u00a0\u00a0<br \/>\n&nbsp;<\/p>\n<h2><strong>Follow C\u00fala4 online<\/strong><\/h2>\n<p>&nbsp;<br \/>\nKeep up to date with the latest programmes, clips, and activities on:\u00a0<\/p>\n<ul>\n<li><strong>YouTube<\/strong>:  @C\u00fala4<\/li>\n<li><strong>Instagram<\/strong>:  @cula4_tg4<\/li>\n<li><strong>Facebook<\/strong>:  C\u00fala4<\/li>\n<li><strong>TikTok<\/strong>:  @cula4tg4<br \/>\n&nbsp;<\/p>\n","protected":false},"excerpt":{"rendered":"<p>&nbsp; Promo C\u00fala4 &nbsp; C\u00fala4 celebrated its second anniversary on air in September 2025, marking two successful years of entertaining, educating, and inspiring young audiences through the Irish language. C\u00fala4 Presenters: (L-R) S\u00edle N\u00ed Chonghaile, Seosamh Mac Seoin &#038; Nimah N\u00ed Chr\u00f3in\u00edn &nbsp; Since its launch in September 2023, C\u00fala4 (TG4&#8217;s dedicated children\u2019s channel) has [&hellip;]<\/p>\n","protected":false},"author":876,"featured_media":0,"parent":236809,"menu_order":65,"comment_status":"closed","ping_status":"closed","template":"page-templates\/template-pr.php","meta":{"_acf_changed":false,"footnotes":""},"acf":[],"yoast_head":"<!-- This site is optimized with the Yoast SEO plugin v22.6 - https:\/\/yoast.com\/wordpress\/plugins\/seo\/ -->\n<title>Where to Watch C\u00fala4 - Updated Channel Information | Press Release| TG4<\/title>\n<meta name=\"description\" content=\"Where to Watch C\u00fala4 - Updated Channel Information\" \/>\n<meta name=\"robots\" content=\"index, follow, max-snippet:-1, max-image-preview:large, max-video-preview:-1\" \/>\n<meta property=\"og:locale\" content=\"en_US\" \/>\n<meta property=\"og:type\" content=\"article\" \/>\n<meta property=\"og:title\" content=\"Where to Watch C\u00fala4 - Updated Channel Information | Press Release| TG4\" \/>\n<meta property=\"og:description\" content=\"Where to Watch C\u00fala4 - Updated Channel Information\" \/>\n<meta property=\"og:url\" content=\"https:\/\/dev.tg4.ie\/en\/information\/press\/press-releases\/2025-2\/update-on-where-to-watch-cula4\/\" \/>\n<meta property=\"og:site_name\" content=\"TG4\" \/>\n<meta property=\"article:publisher\" content=\"https:\/\/www.facebook.com\/TG4TV\" \/>\n<meta property=\"article:modified_time\" content=\"2025-11-14T10:00:26+00:00\" \/>\n<meta property=\"og:image\" content=\"https:\/\/dev.tg4.ie\/wp-content\/uploads\/2025\/10\/Niamh-Ni-Chroinin-1200_675.png\" \/>\n<meta name=\"twitter:card\" content=\"summary_large_image\" \/>\n<meta name=\"twitter:site\" content=\"@TG4TV\" \/>\n<meta name=\"twitter:label1\" content=\"Est. reading time\" \/>\n\t<meta name=\"twitter:data1\" content=\"2 minutes\" \/>\n<script type=\"application\/ld+json\" class=\"yoast-schema-graph\">{\"@context\":\"https:\/\/schema.org\",\"@graph\":[{\"@type\":\"WebPage\",\"@id\":\"https:\/\/dev.tg4.ie\/en\/information\/press\/press-releases\/2025-2\/update-on-where-to-watch-cula4\/\",\"url\":\"https:\/\/dev.tg4.ie\/en\/information\/press\/press-releases\/2025-2\/update-on-where-to-watch-cula4\/\",\"name\":\"Where to Watch C\u00fala4 - Updated Channel Information | Press Release| TG4\",\"isPartOf\":{\"@id\":\"https:\/\/dev.tg4.ie\/en\/#website\"},\"primaryImageOfPage\":{\"@id\":\"https:\/\/dev.tg4.ie\/en\/information\/press\/press-releases\/2025-2\/update-on-where-to-watch-cula4\/#primaryimage\"},\"image\":{\"@id\":\"https:\/\/dev.tg4.ie\/en\/information\/press\/press-releases\/2025-2\/update-on-where-to-watch-cula4\/#primaryimage\"},\"thumbnailUrl\":\"https:\/\/dev.tg4.ie\/wp-content\/uploads\/2025\/10\/Niamh-Ni-Chroinin-1200_675.png\",\"datePublished\":\"2025-10-29T16:23:17+00:00\",\"dateModified\":\"2025-11-14T10:00:26+00:00\",\"description\":\"Where to Watch C\u00fala4 - Updated Channel Information\",\"breadcrumb\":{\"@id\":\"https:\/\/dev.tg4.ie\/en\/information\/press\/press-releases\/2025-2\/update-on-where-to-watch-cula4\/#breadcrumb\"},\"inLanguage\":\"en-ie\",\"potentialAction\":[{\"@type\":\"ReadAction\",\"target\":[\"https:\/\/dev.tg4.ie\/en\/information\/press\/press-releases\/2025-2\/update-on-where-to-watch-cula4\/\"]}]},{\"@type\":\"ImageObject\",\"inLanguage\":\"en-ie\",\"@id\":\"https:\/\/dev.tg4.ie\/en\/information\/press\/press-releases\/2025-2\/update-on-where-to-watch-cula4\/#primaryimage\",\"url\":\"https:\/\/dev.tg4.ie\/wp-content\/uploads\/2025\/10\/Niamh-Ni-Chroinin-1200_675.png\",\"contentUrl\":\"https:\/\/dev.tg4.ie\/wp-content\/uploads\/2025\/10\/Niamh-Ni-Chroinin-1200_675.png\"},{\"@type\":\"BreadcrumbList\",\"@id\":\"https:\/\/dev.tg4.ie\/en\/information\/press\/press-releases\/2025-2\/update-on-where-to-watch-cula4\/#breadcrumb\",\"itemListElement\":[{\"@type\":\"ListItem\",\"position\":1,\"name\":\"Home\",\"item\":\"https:\/\/dev.tg4.ie\/en\/\"},{\"@type\":\"ListItem\",\"position\":2,\"name\":\"Information\",\"item\":\"https:\/\/dev.tg4.ie\/en\/information\/\"},{\"@type\":\"ListItem\",\"position\":3,\"name\":\"Press\",\"item\":\"https:\/\/dev.tg4.ie\/en\/information\/press\/\"},{\"@type\":\"ListItem\",\"position\":4,\"name\":\"Press Releases\",\"item\":\"https:\/\/dev.tg4.ie\/en\/information\/press\/press-releases\/\"},{\"@type\":\"ListItem\",\"position\":5,\"name\":\"2025\",\"item\":\"https:\/\/dev.tg4.ie\/en\/information\/press\/press-releases\/2025-2\/\"},{\"@type\":\"ListItem\",\"position\":6,\"name\":\"Update on Where to Watch C\u00fala4\"}]},{\"@type\":\"WebSite\",\"@id\":\"https:\/\/dev.tg4.ie\/en\/#website\",\"url\":\"https:\/\/dev.tg4.ie\/en\/\",\"name\":\"TG4\",\"description\":\"S\u00fail Eile\",\"potentialAction\":[{\"@type\":\"SearchAction\",\"target\":{\"@type\":\"EntryPoint\",\"urlTemplate\":\"https:\/\/dev.tg4.ie\/en\/?s={search_term_string}\"},\"query-input\":\"required name=search_term_string\"}],\"inLanguage\":\"en-ie\"}]}<\/script>\n<!-- \/ Yoast SEO plugin. -->","yoast_head_json":{"title":"Where to Watch C\u00fala4 - Updated Channel Information | Press Release| TG4","description":"Where to Watch C\u00fala4 - Updated Channel Information","robots":{"index":"index","follow":"follow","max-snippet":"max-snippet:-1","max-image-preview":"max-image-preview:large","max-video-preview":"max-video-preview:-1"},"og_locale":"en_US","og_type":"article","og_title":"Where to Watch C\u00fala4 - Updated Channel Information | Press Release| TG4","og_description":"Where to Watch C\u00fala4 - Updated Channel Information","og_url":"https:\/\/dev.tg4.ie\/en\/information\/press\/press-releases\/2025-2\/update-on-where-to-watch-cula4\/","og_site_name":"TG4","article_publisher":"https:\/\/www.facebook.com\/TG4TV","article_modified_time":"2025-11-14T10:00:26+00:00","og_image":[{"url":"https:\/\/dev.tg4.ie\/wp-content\/uploads\/2025\/10\/Niamh-Ni-Chroinin-1200_675.png"}],"twitter_card":"summary_large_image","twitter_site":"@TG4TV","twitter_misc":{"Est. reading time":"2 minutes"},"schema":{"@context":"https:\/\/schema.org","@graph":[{"@type":"WebPage","@id":"https:\/\/dev.tg4.ie\/en\/information\/press\/press-releases\/2025-2\/update-on-where-to-watch-cula4\/","url":"https:\/\/dev.tg4.ie\/en\/information\/press\/press-releases\/2025-2\/update-on-where-to-watch-cula4\/","name":"Where to Watch C\u00fala4 - Updated Channel Information | Press Release| TG4","isPartOf":{"@id":"https:\/\/dev.tg4.ie\/en\/#website"},"primaryImageOfPage":{"@id":"https:\/\/dev.tg4.ie\/en\/information\/press\/press-releases\/2025-2\/update-on-where-to-watch-cula4\/#primaryimage"},"image":{"@id":"https:\/\/dev.tg4.ie\/en\/information\/press\/press-releases\/2025-2\/update-on-where-to-watch-cula4\/#primaryimage"},"thumbnailUrl":"https:\/\/dev.tg4.ie\/wp-content\/uploads\/2025\/10\/Niamh-Ni-Chroinin-1200_675.png","datePublished":"2025-10-29T16:23:17+00:00","dateModified":"2025-11-14T10:00:26+00:00","description":"Where to Watch C\u00fala4 - Updated Channel Information","breadcrumb":{"@id":"https:\/\/dev.tg4.ie\/en\/information\/press\/press-releases\/2025-2\/update-on-where-to-watch-cula4\/#breadcrumb"},"inLanguage":"en-ie","potentialAction":[{"@type":"ReadAction","target":["https:\/\/dev.tg4.ie\/en\/information\/press\/press-releases\/2025-2\/update-on-where-to-watch-cula4\/"]}]},{"@type":"ImageObject","inLanguage":"en-ie","@id":"https:\/\/dev.tg4.ie\/en\/information\/press\/press-releases\/2025-2\/update-on-where-to-watch-cula4\/#primaryimage","url":"https:\/\/dev.tg4.ie\/wp-content\/uploads\/2025\/10\/Niamh-Ni-Chroinin-1200_675.png","contentUrl":"https:\/\/dev.tg4.ie\/wp-content\/uploads\/2025\/10\/Niamh-Ni-Chroinin-1200_675.png"},{"@type":"BreadcrumbList","@id":"https:\/\/dev.tg4.ie\/en\/information\/press\/press-releases\/2025-2\/update-on-where-to-watch-cula4\/#breadcrumb","itemListElement":[{"@type":"ListItem","position":1,"name":"Home","item":"https:\/\/dev.tg4.ie\/en\/"},{"@type":"ListItem","position":2,"name":"Information","item":"https:\/\/dev.tg4.ie\/en\/information\/"},{"@type":"ListItem","position":3,"name":"Press","item":"https:\/\/dev.tg4.ie\/en\/information\/press\/"},{"@type":"ListItem","position":4,"name":"Press Releases","item":"https:\/\/dev.tg4.ie\/en\/information\/press\/press-releases\/"},{"@type":"ListItem","position":5,"name":"2025","item":"https:\/\/dev.tg4.ie\/en\/information\/press\/press-releases\/2025-2\/"},{"@type":"ListItem","position":6,"name":"Update on Where to Watch C\u00fala4"}]},{"@type":"WebSite","@id":"https:\/\/dev.tg4.ie\/en\/#website","url":"https:\/\/dev.tg4.ie\/en\/","name":"TG4","description":"S\u00fail Eile","potentialAction":[{"@type":"SearchAction","target":{"@type":"EntryPoint","urlTemplate":"https:\/\/dev.tg4.ie\/en\/?s={search_term_string}"},"query-input":"required name=search_term_string"}],"inLanguage":"en-ie"}]}},"_links":{"self":[{"href":"https:\/\/dev.tg4.ie\/en\/wp-json\/wp\/v2\/pages\/247883"}],"collection":[{"href":"https:\/\/dev.tg4.ie\/en\/wp-json\/wp\/v2\/pages"}],"about":[{"href":"https:\/\/dev.tg4.ie\/en\/wp-json\/wp\/v2\/types\/page"}],"author":[{"embeddable":true,"href":"https:\/\/dev.tg4.ie\/en\/wp-json\/wp\/v2\/users\/876"}],"replies":[{"embeddable":true,"href":"https:\/\/dev.tg4.ie\/en\/wp-json\/wp\/v2\/comments?post=247883"}],"version-history":[{"count":0,"href":"https:\/\/dev.tg4.ie\/en\/wp-json\/wp\/v2\/pages\/247883\/revisions"}],"up":[{"embeddable":true,"href":"https:\/\/dev.tg4.ie\/en\/wp-json\/wp\/v2\/pages\/236809"}],"wp:attachment":[{"href":"https:\/\/dev.tg4.ie\/en\/wp-json\/wp\/v2\/media?parent=247883"}],"curies":[{"name":"wp","href":"https:\/\/api.w.org\/{rel}","templated":true}]}}