{"id":247968,"date":"2025-10-10T10:16:00","date_gmt":"2025-10-10T09:16:33","guid":{"rendered":"https:\/\/dev.tg4.ie\/corporate\/margaiocht-tg4\/"},"modified":"2025-11-17T11:46:37","modified_gmt":"2025-11-17T11:46:37","slug":"margaiocht-tg4","status":"publish","type":"page","link":"https:\/\/dev.tg4.ie\/en\/corporate\/margaiocht-tg4\/","title":{"rendered":"Marga\u00edocht TG4"},"content":{"rendered":"<div style=\"position: relative; display: block; max-width: 100%;\">\n<div style=\"padding-top: 56.25%;\"><iframe src=\"https:\/\/players.brightcove.net\/1555966122001\/HJlOg6KUz_default\/index.html?videoId=6382547708112&#038;autoplay=true\" allow=\"encrypted-media; autoplay; fullscreen\" style=\"position: absolute; top: 0px; right: 0px; bottom: 0px; left: 0px; width: 100%; height: 100%;\"><\/iframe><\/div>\n<\/div>\n<p>&nbsp;<\/p>\n<hr>\n<p>&nbsp;<\/p>\n<h2>Foirmeacha Iarratais<\/h2>\n<table>\n<tr>\n<td><a href=\"https:\/\/dev.tg4.ie\/en\/corporate\/margaiocht-tg4\/iarratais-urraiochta\/\" style=\"position: relative; display: inline-block; text-decoration: none;\"><br \/>\n  <img decoding=\"async\" src=\"https:\/\/tg4-docs.s3.amazonaws.com\/wp-content\/uploads\/2025\/11\/12153659\/Margaiocht__Urraiocht.png\" alt=\"Image\" style=\"display: block; border-radius: 10px;\"><br \/>\n  <span style=\"position: absolute; bottom: 0; left: 0; width: 100%; background: rgba(0, 0, 0, 0.5); color: white; text-align: center; padding: 0px; font-weight: bold; border-radius: 10px;\"><br \/>\n    Foirm Urra\u00edochta<br \/>\n  <\/span><br \/>\n<\/a><\/td>\n<td><a href=\"https:\/\/dev.tg4.ie\/en\/corporate\/margaiocht-tg4\/iarratais-earrai-tg4\/\" style=\"position: relative; display: inline-block; text-decoration: none;\"><br \/>\n  <img decoding=\"async\" src=\"https:\/\/tg4-docs.s3.amazonaws.com\/wp-content\/uploads\/2025\/11\/12153656\/Margaiocht__Earrai.png\" alt=\"Image\" style=\"display: block; border-radius: 10px;\"><br \/>\n  <span style=\"position: absolute; bottom: 0; left: 0; width: 100%; background: rgba(0, 0, 0, 0.5); color: white; text-align: center; padding: 0px; font-weight: bold; border-radius: 10px;\"><br \/>\n    Foirm Earra\u00ed TG4<br \/>\n  <\/span><br \/>\n<\/a><\/td>\n<\/tr>\n<tr>\n<td><a href=\"https:\/\/dev.tg4.ie\/en\/corporate\/margaiocht-tg4\/iarratais-cuairteanna-chuig-tg4\/\" style=\"position: relative; display: inline-block; text-decoration: none;\"><br \/>\n  <img decoding=\"async\" src=\"https:\/\/tg4-docs.s3.amazonaws.com\/wp-content\/uploads\/2025\/11\/12153702\/Margaiocht__Turais.png\" alt=\"Image\" style=\"display: block; border-radius: 10px;\"><br \/>\n  <span style=\"position: absolute; bottom: 0; left: 0; width: 100%; background: rgba(0, 0, 0, 0.5); color: white; text-align: center; padding: 0px; font-weight: bold; border-radius: 10px;\"><br \/>\n    Foirm Turais<br \/>\n  <\/span><br \/>\n<\/a><\/td>\n<td><a href=\"https:\/\/dev.tg4.ie\/en\/corporate\/margaiocht-tg4\/iarratais-ocaidi-tg4\/\" style=\"position: relative; display: inline-block; text-decoration: none;\"><br \/>\n  <img decoding=\"async\" src=\"https:\/\/tg4-docs.s3.amazonaws.com\/wp-content\/uploads\/2025\/11\/12153654\/Margaiocht__Ocaidi.png\" alt=\"Image\" style=\"display: block; border-radius: 10px;\"><br \/>\n  <span style=\"position: absolute; bottom: 0; left: 0; width: 100%; background: rgba(0, 0, 0, 0.5); color: white; text-align: center; padding: 0px; font-weight: bold; border-radius: 10px;\"><br \/>\n    Foirm \u00d3c\u00e1id\u00ed<br \/>\n  <\/span><br \/>\n<\/a><\/td>\n<\/tr>\n<\/table>\n<p>&nbsp;<\/p>\n","protected":false},"excerpt":{"rendered":"<p>&nbsp; &nbsp; Foirmeacha Iarratais Foirm Urra\u00edochta Foirm Earra\u00ed TG4 Foirm Turais Foirm \u00d3c\u00e1id\u00ed &nbsp;<\/p>\n","protected":false},"author":876,"featured_media":0,"parent":657,"menu_order":10,"comment_status":"closed","ping_status":"closed","template":"page-templates\/template-corporate.php","meta":{"_acf_changed":false,"footnotes":""},"acf":[],"yoast_head":"<!-- This site is optimized with the Yoast SEO plugin v22.6 - https:\/\/yoast.com\/wordpress\/plugins\/seo\/ -->\n<title>Marga\u00edocht TG4 - TG4<\/title>\n<meta name=\"robots\" content=\"index, follow, max-snippet:-1, max-image-preview:large, max-video-preview:-1\" \/>\n<meta property=\"og:locale\" content=\"en_US\" \/>\n<meta property=\"og:type\" content=\"article\" \/>\n<meta property=\"og:title\" content=\"Marga\u00edocht TG4 - TG4\" \/>\n<meta property=\"og:description\" content=\"&nbsp; &nbsp; Foirmeacha Iarratais Foirm Urra\u00edochta Foirm Earra\u00ed TG4 Foirm Turais Foirm \u00d3c\u00e1id\u00ed &nbsp;\" \/>\n<meta property=\"og:url\" content=\"https:\/\/dev.tg4.ie\/en\/corporate\/margaiocht-tg4\/\" \/>\n<meta property=\"og:site_name\" content=\"TG4\" \/>\n<meta property=\"article:publisher\" content=\"https:\/\/www.facebook.com\/TG4TV\" \/>\n<meta property=\"article:modified_time\" content=\"2025-11-17T11:46:37+00:00\" \/>\n<meta property=\"og:image\" content=\"https:\/\/dev.tg4.ie\/wp-content\/uploads\/2025\/11\/Margaiocht__Urraiocht.png\" \/>\n<meta name=\"twitter:card\" content=\"summary_large_image\" \/>\n<meta name=\"twitter:site\" content=\"@TG4TV\" \/>\n<meta name=\"twitter:label1\" content=\"Est. reading time\" \/>\n\t<meta name=\"twitter:data1\" content=\"1 minute\" \/>\n<script type=\"application\/ld+json\" class=\"yoast-schema-graph\">{\"@context\":\"https:\/\/schema.org\",\"@graph\":[{\"@type\":\"WebPage\",\"@id\":\"https:\/\/dev.tg4.ie\/en\/corporate\/margaiocht-tg4\/\",\"url\":\"https:\/\/dev.tg4.ie\/en\/corporate\/margaiocht-tg4\/\",\"name\":\"Marga\u00edocht TG4 - TG4\",\"isPartOf\":{\"@id\":\"https:\/\/dev.tg4.ie\/en\/#website\"},\"primaryImageOfPage\":{\"@id\":\"https:\/\/dev.tg4.ie\/en\/corporate\/margaiocht-tg4\/#primaryimage\"},\"image\":{\"@id\":\"https:\/\/dev.tg4.ie\/en\/corporate\/margaiocht-tg4\/#primaryimage\"},\"thumbnailUrl\":\"https:\/\/dev.tg4.ie\/wp-content\/uploads\/2025\/11\/Margaiocht__Urraiocht.png\",\"datePublished\":\"2025-10-10T09:16:33+00:00\",\"dateModified\":\"2025-11-17T11:46:37+00:00\",\"breadcrumb\":{\"@id\":\"https:\/\/dev.tg4.ie\/en\/corporate\/margaiocht-tg4\/#breadcrumb\"},\"inLanguage\":\"en-ie\",\"potentialAction\":[{\"@type\":\"ReadAction\",\"target\":[\"https:\/\/dev.tg4.ie\/en\/corporate\/margaiocht-tg4\/\"]}]},{\"@type\":\"ImageObject\",\"inLanguage\":\"en-ie\",\"@id\":\"https:\/\/dev.tg4.ie\/en\/corporate\/margaiocht-tg4\/#primaryimage\",\"url\":\"https:\/\/dev.tg4.ie\/wp-content\/uploads\/2025\/11\/Margaiocht__Urraiocht.png\",\"contentUrl\":\"https:\/\/dev.tg4.ie\/wp-content\/uploads\/2025\/11\/Margaiocht__Urraiocht.png\"},{\"@type\":\"BreadcrumbList\",\"@id\":\"https:\/\/dev.tg4.ie\/en\/corporate\/margaiocht-tg4\/#breadcrumb\",\"itemListElement\":[{\"@type\":\"ListItem\",\"position\":1,\"name\":\"Home\",\"item\":\"https:\/\/dev.tg4.ie\/en\/\"},{\"@type\":\"ListItem\",\"position\":2,\"name\":\"Corporate\",\"item\":\"https:\/\/dev.tg4.ie\/en\/corporate\/\"},{\"@type\":\"ListItem\",\"position\":3,\"name\":\"Marga\u00edocht TG4\"}]},{\"@type\":\"WebSite\",\"@id\":\"https:\/\/dev.tg4.ie\/en\/#website\",\"url\":\"https:\/\/dev.tg4.ie\/en\/\",\"name\":\"TG4\",\"description\":\"S\u00fail Eile\",\"potentialAction\":[{\"@type\":\"SearchAction\",\"target\":{\"@type\":\"EntryPoint\",\"urlTemplate\":\"https:\/\/dev.tg4.ie\/en\/?s={search_term_string}\"},\"query-input\":\"required name=search_term_string\"}],\"inLanguage\":\"en-ie\"}]}<\/script>\n<!-- \/ Yoast SEO plugin. -->","yoast_head_json":{"title":"Marga\u00edocht TG4 - TG4","robots":{"index":"index","follow":"follow","max-snippet":"max-snippet:-1","max-image-preview":"max-image-preview:large","max-video-preview":"max-video-preview:-1"},"og_locale":"en_US","og_type":"article","og_title":"Marga\u00edocht TG4 - TG4","og_description":"&nbsp; &nbsp; Foirmeacha Iarratais Foirm Urra\u00edochta Foirm Earra\u00ed TG4 Foirm Turais Foirm \u00d3c\u00e1id\u00ed &nbsp;","og_url":"https:\/\/dev.tg4.ie\/en\/corporate\/margaiocht-tg4\/","og_site_name":"TG4","article_publisher":"https:\/\/www.facebook.com\/TG4TV","article_modified_time":"2025-11-17T11:46:37+00:00","og_image":[{"url":"https:\/\/dev.tg4.ie\/wp-content\/uploads\/2025\/11\/Margaiocht__Urraiocht.png"}],"twitter_card":"summary_large_image","twitter_site":"@TG4TV","twitter_misc":{"Est. reading time":"1 minute"},"schema":{"@context":"https:\/\/schema.org","@graph":[{"@type":"WebPage","@id":"https:\/\/dev.tg4.ie\/en\/corporate\/margaiocht-tg4\/","url":"https:\/\/dev.tg4.ie\/en\/corporate\/margaiocht-tg4\/","name":"Marga\u00edocht TG4 - TG4","isPartOf":{"@id":"https:\/\/dev.tg4.ie\/en\/#website"},"primaryImageOfPage":{"@id":"https:\/\/dev.tg4.ie\/en\/corporate\/margaiocht-tg4\/#primaryimage"},"image":{"@id":"https:\/\/dev.tg4.ie\/en\/corporate\/margaiocht-tg4\/#primaryimage"},"thumbnailUrl":"https:\/\/dev.tg4.ie\/wp-content\/uploads\/2025\/11\/Margaiocht__Urraiocht.png","datePublished":"2025-10-10T09:16:33+00:00","dateModified":"2025-11-17T11:46:37+00:00","breadcrumb":{"@id":"https:\/\/dev.tg4.ie\/en\/corporate\/margaiocht-tg4\/#breadcrumb"},"inLanguage":"en-ie","potentialAction":[{"@type":"ReadAction","target":["https:\/\/dev.tg4.ie\/en\/corporate\/margaiocht-tg4\/"]}]},{"@type":"ImageObject","inLanguage":"en-ie","@id":"https:\/\/dev.tg4.ie\/en\/corporate\/margaiocht-tg4\/#primaryimage","url":"https:\/\/dev.tg4.ie\/wp-content\/uploads\/2025\/11\/Margaiocht__Urraiocht.png","contentUrl":"https:\/\/dev.tg4.ie\/wp-content\/uploads\/2025\/11\/Margaiocht__Urraiocht.png"},{"@type":"BreadcrumbList","@id":"https:\/\/dev.tg4.ie\/en\/corporate\/margaiocht-tg4\/#breadcrumb","itemListElement":[{"@type":"ListItem","position":1,"name":"Home","item":"https:\/\/dev.tg4.ie\/en\/"},{"@type":"ListItem","position":2,"name":"Corporate","item":"https:\/\/dev.tg4.ie\/en\/corporate\/"},{"@type":"ListItem","position":3,"name":"Marga\u00edocht TG4"}]},{"@type":"WebSite","@id":"https:\/\/dev.tg4.ie\/en\/#website","url":"https:\/\/dev.tg4.ie\/en\/","name":"TG4","description":"S\u00fail Eile","potentialAction":[{"@type":"SearchAction","target":{"@type":"EntryPoint","urlTemplate":"https:\/\/dev.tg4.ie\/en\/?s={search_term_string}"},"query-input":"required name=search_term_string"}],"inLanguage":"en-ie"}]}},"_links":{"self":[{"href":"https:\/\/dev.tg4.ie\/en\/wp-json\/wp\/v2\/pages\/247968"}],"collection":[{"href":"https:\/\/dev.tg4.ie\/en\/wp-json\/wp\/v2\/pages"}],"about":[{"href":"https:\/\/dev.tg4.ie\/en\/wp-json\/wp\/v2\/types\/page"}],"author":[{"embeddable":true,"href":"https:\/\/dev.tg4.ie\/en\/wp-json\/wp\/v2\/users\/876"}],"replies":[{"embeddable":true,"href":"https:\/\/dev.tg4.ie\/en\/wp-json\/wp\/v2\/comments?post=247968"}],"version-history":[{"count":0,"href":"https:\/\/dev.tg4.ie\/en\/wp-json\/wp\/v2\/pages\/247968\/revisions"}],"up":[{"embeddable":true,"href":"https:\/\/dev.tg4.ie\/en\/wp-json\/wp\/v2\/pages\/657"}],"wp:attachment":[{"href":"https:\/\/dev.tg4.ie\/en\/wp-json\/wp\/v2\/media?parent=247968"}],"curies":[{"name":"wp","href":"https:\/\/api.w.org\/{rel}","templated":true}]}}