{"id":248012,"date":"2025-11-12T16:33:53","date_gmt":"2025-11-12T16:33:53","guid":{"rendered":"https:\/\/dev.tg4.ie\/?page_id=248012"},"modified":"2025-11-13T15:30:00","modified_gmt":"2025-11-13T15:30:00","slug":"tg4-and-bbc-northern-ireland-commission-second-series-of-irish-language-crime-drama-cra","status":"publish","type":"page","link":"https:\/\/dev.tg4.ie\/en\/information\/press\/press-releases\/2025-2\/tg4-and-bbc-northern-ireland-commission-second-series-of-irish-language-crime-drama-cra\/","title":{"rendered":"TG4 and BBC Northern Ireland commission second series of Irish language crime drama Cr\u00e1"},"content":{"rendered":"<p><img loading=\"lazy\" decoding=\"async\" width=\"1920\" height=\"1080\" src=\"https:\/\/tg4-docs.s3.amazonaws.com\/wp-content\/uploads\/2025\/11\/12162705\/CRA2-1-1920x1080-1.jpg\" alt=\"\" class=\"aligncenter size-full wp-image-248013\" srcset=\"https:\/\/tg4-docs.s3.amazonaws.com\/wp-content\/uploads\/2025\/11\/12162705\/CRA2-1-1920x1080-1.jpg 1920w, https:\/\/tg4-docs.s3.amazonaws.com\/wp-content\/uploads\/2025\/11\/12162705\/CRA2-1-1920x1080-1-250x141.jpg 250w, https:\/\/tg4-docs.s3.amazonaws.com\/wp-content\/uploads\/2025\/11\/12162705\/CRA2-1-1920x1080-1-700x394.jpg 700w, https:\/\/tg4-docs.s3.amazonaws.com\/wp-content\/uploads\/2025\/11\/12162705\/CRA2-1-1920x1080-1-252x141.jpg 252w, https:\/\/tg4-docs.s3.amazonaws.com\/wp-content\/uploads\/2025\/11\/12162705\/CRA2-1-1920x1080-1-1536x864.jpg 1536w, https:\/\/tg4-docs.s3.amazonaws.com\/wp-content\/uploads\/2025\/11\/12162705\/CRA2-1-1920x1080-1-120x68.jpg 120w\" sizes=\"(max-width: 1920px) 100vw, 1920px\" \/><br \/>\n<sup>Pic: C\u00edaran Charles, Karen Kirby, Se\u00e1n \u00d3 Baoill, M\u00e1ire N\u00ed Chonl\u00e1in and \u00c1ine Walsh at the Belfast Media Festival. (Credit: Phil Smyth Photography)<\/sup><br \/>\n&nbsp;<\/p>\n<p>TG4 and BBC have confirmed they have commissioned a second series of the crime drama Cr\u00e1. The announcement was made at the Belfast Media Festival today [Wednesday 12 November, 2025.] <\/p>\n<p>Filming will start on the six-part series in early 2026, on location in County Donegal. Returning and new cast members will be announced soon.  <\/p>\n<p>Cr\u00e1 is produced by F\u00edb\u00edn Media and F\u00edb\u00edn Films NI Ltd for BBC Gaeilge and TG4 with support from Screen Ireland, Northern Ireland Screen\u2019s Irish Language Broadcast Fund, Coimisi\u00fan na Me\u00e1n and distributors About Premium Content (APC).<br \/>\n&nbsp;<br \/>\n<strong>Karen Kirby, BBC Gaeilge Commissioning Executive<\/strong> says: <em>&#8220;Cr\u00e1 was the first Irish Language\u202fcrime\u202fdrama series to air on BBC One Northern Ireland, BBC iPlayer and BBC Four and after such positive reactions from audiences, a second series is great news.<br \/>\n&#8220;I&#8217;m looking forward to seeing where the story takes audiences in series two.&#8221;<\/em>\u202f<br \/>\n&nbsp;<\/p>\n<p><strong>M\u00e1ire N\u00ed Chonl\u00e1in, TG4 Commissioning Editor<\/strong> says: <em>\u201cWe\u2019re delighted to see\u202fCr\u00e1\u202freturn for a second series. The first season captivated audiences with its unique voice, creativity and dark humour, and with Richie Conroy and Philip Doherty leading an exciting creative team, we\u2019re confident series two will deliver another compelling and distinctly Irish-language drama for viewers.\u201d <\/em><br \/>\n&nbsp;<\/p>\n<p>Cr\u00e1 series two will be produced by Ciar\u00e1n Charles and Darach \u00d3 Tuairisg for F\u00edb\u00edn Media and M\u00e9abh Nic Alastair for F\u00edb\u00edn Films NI.   <\/p>\n<p>Writers on the new series are Richie Conroy (Cr\u00e1 series one, Leonard and Hungry Paul), Sarah Gordon and Damian McCann (Aontas) and Noel McCann (Blue Lights) and Philip Doherty (Cr\u00e1 series one Director), with actress and filmmaker Aoife Nic Ardghail also joining the team.<br \/>\n&nbsp;<\/p>\n<p><strong>Executive producer Darach \u00d3 Tuairisg<\/strong> says: <em>&#8220;F\u00edb\u00edn Media is delighted to be bringing Cr\u00e1 back for a second series, building on the incredible response to our first season. We&#8217;re thrilled to reunite with the exceptional cast and crew from series one, while also welcoming exciting new talent to the team.&#8221;<br \/>\n\u201cThe dark, distinctive world we created resonated deeply with audiences, and we&#8217;re grateful for the continued support from all our partners to make this unique Irish-language drama possible. Series two promises to push boundaries even further.&#8221;<\/em><br \/>\n&nbsp;<\/p>\n<p><strong>Kate McColgan, Head of Television, Screen Ireland<\/strong> says: <em>\u201cIt is wonderful to see Cr\u00e1 return to our screens with a second series. This award-winning series represents the best of Irish language television with great scripts, fantastic talent in front and behind the camera and all shot in stunning Donegal. \u202fWe are delighted that it can now be seen in 68 countries around the world.<br \/>\nScreen Ireland is so proud to support the work of F\u00edb\u00edn Media and F\u00edb\u00edn Films NI.\u201d<\/em><br \/>\n&nbsp;<\/p>\n<p><strong>\u00c1ine Walsh, Head of Irish Language Broadcast Fund at Northern Ireland Screen<\/strong> says: <em>\u201cThe Irish Language Broadcast Fund is delighted to support a second series of the award-winning\u202fCr\u00e1. Series one captivated audiences on TG4 and BBC, as well as viewers across more than 60 territories worldwide, with its gripping storylines and breathtaking Donegal landscapes.&#8221;<br \/>\n\u201cIt\u2019s inspiring to see the continued growth of the Irish language drama sector in the North, and we look forward to the creativity of the writers, cast, and production team shining through once again in series two.\u201d<\/em><br \/>\n&nbsp;<\/p>\n<p><strong>R\u00f3n\u00e1n \u00d3 Domhnaill, Media Development Commissioner at Coimisi\u00fan na Me\u00e1n<\/strong> said <em>&#8220;We are delighted to offer continued support through the Sound &#038; Vision Funding Scheme to this second series of &#8216;Cr\u00e1&#8217; enabling the production of powerful, culturally rich, homegrown Irish language drama that will be enjoyed by audiences&#8221;<\/em><br \/>\n&nbsp;<\/p>\n<p>The Executive Producers are Darach \u00d3 Tuairisg for F\u00edb\u00edn Media, Karen Kirby for BBC Northern Ireland and M\u00e1ire N\u00ed Chonl\u00e1in for TG4. <\/p>\n<p>&nbsp;<\/p>\n","protected":false},"excerpt":{"rendered":"<p>Pic: C\u00edaran Charles, Karen Kirby, Se\u00e1n \u00d3 Baoill, M\u00e1ire N\u00ed Chonl\u00e1in and \u00c1ine Walsh at the Belfast Media Festival. (Credit: Phil Smyth Photography) &nbsp; TG4 and BBC have confirmed they have commissioned a second series of the crime drama Cr\u00e1. The announcement was made at the Belfast Media Festival today [Wednesday 12 November, 2025.] Filming [&hellip;]<\/p>\n","protected":false},"author":876,"featured_media":0,"parent":236809,"menu_order":68,"comment_status":"closed","ping_status":"closed","template":"page-templates\/template-pr.php","meta":{"_acf_changed":false,"footnotes":""},"acf":[],"yoast_head":"<!-- This site is optimized with the Yoast SEO plugin v22.6 - https:\/\/yoast.com\/wordpress\/plugins\/seo\/ -->\n<title>TG4 and BBC Northern Ireland commission second series of Irish language crime drama Cr\u00e1 | Press Release | TG4<\/title>\n<meta name=\"description\" content=\"TG4 and BBC have confirmed they have commissioned a second series of the crime drama Cr\u00e1. The announcement was made at the Belfast Media Festival today [Wednesday 12 November, 2025.]\" \/>\n<meta name=\"robots\" content=\"index, follow, max-snippet:-1, max-image-preview:large, max-video-preview:-1\" \/>\n<meta property=\"og:locale\" content=\"en_US\" \/>\n<meta property=\"og:type\" content=\"article\" \/>\n<meta property=\"og:title\" content=\"TG4 and BBC Northern Ireland commission second series of Irish language crime drama Cr\u00e1 | Press Release | TG4\" \/>\n<meta property=\"og:description\" content=\"TG4 and BBC have confirmed they have commissioned a second series of the crime drama Cr\u00e1. The announcement was made at the Belfast Media Festival today [Wednesday 12 November, 2025.]\" \/>\n<meta property=\"og:url\" content=\"https:\/\/dev.tg4.ie\/en\/information\/press\/press-releases\/2025-2\/tg4-and-bbc-northern-ireland-commission-second-series-of-irish-language-crime-drama-cra\/\" \/>\n<meta property=\"og:site_name\" content=\"TG4\" \/>\n<meta property=\"article:publisher\" content=\"https:\/\/www.facebook.com\/TG4TV\" \/>\n<meta property=\"article:modified_time\" content=\"2025-11-13T15:30:00+00:00\" \/>\n<meta property=\"og:image\" content=\"https:\/\/dev.tg4.ie\/wp-content\/uploads\/2025\/11\/CRA2-1-1920x1080-1.jpg\" \/>\n<meta name=\"twitter:card\" content=\"summary_large_image\" \/>\n<meta name=\"twitter:site\" content=\"@TG4TV\" \/>\n<meta name=\"twitter:label1\" content=\"Est. reading time\" \/>\n\t<meta name=\"twitter:data1\" content=\"3 minutes\" \/>\n<script type=\"application\/ld+json\" class=\"yoast-schema-graph\">{\"@context\":\"https:\/\/schema.org\",\"@graph\":[{\"@type\":\"WebPage\",\"@id\":\"https:\/\/dev.tg4.ie\/en\/information\/press\/press-releases\/2025-2\/tg4-and-bbc-northern-ireland-commission-second-series-of-irish-language-crime-drama-cra\/\",\"url\":\"https:\/\/dev.tg4.ie\/en\/information\/press\/press-releases\/2025-2\/tg4-and-bbc-northern-ireland-commission-second-series-of-irish-language-crime-drama-cra\/\",\"name\":\"TG4 and BBC Northern Ireland commission second series of Irish language crime drama Cr\u00e1 | Press Release | TG4\",\"isPartOf\":{\"@id\":\"https:\/\/dev.tg4.ie\/en\/#website\"},\"primaryImageOfPage\":{\"@id\":\"https:\/\/dev.tg4.ie\/en\/information\/press\/press-releases\/2025-2\/tg4-and-bbc-northern-ireland-commission-second-series-of-irish-language-crime-drama-cra\/#primaryimage\"},\"image\":{\"@id\":\"https:\/\/dev.tg4.ie\/en\/information\/press\/press-releases\/2025-2\/tg4-and-bbc-northern-ireland-commission-second-series-of-irish-language-crime-drama-cra\/#primaryimage\"},\"thumbnailUrl\":\"https:\/\/dev.tg4.ie\/wp-content\/uploads\/2025\/11\/CRA2-1-1920x1080-1.jpg\",\"datePublished\":\"2025-11-12T16:33:53+00:00\",\"dateModified\":\"2025-11-13T15:30:00+00:00\",\"description\":\"TG4 and BBC have confirmed they have commissioned a second series of the crime drama Cr\u00e1. The announcement was made at the Belfast Media Festival today [Wednesday 12 November, 2025.]\",\"breadcrumb\":{\"@id\":\"https:\/\/dev.tg4.ie\/en\/information\/press\/press-releases\/2025-2\/tg4-and-bbc-northern-ireland-commission-second-series-of-irish-language-crime-drama-cra\/#breadcrumb\"},\"inLanguage\":\"en-ie\",\"potentialAction\":[{\"@type\":\"ReadAction\",\"target\":[\"https:\/\/dev.tg4.ie\/en\/information\/press\/press-releases\/2025-2\/tg4-and-bbc-northern-ireland-commission-second-series-of-irish-language-crime-drama-cra\/\"]}]},{\"@type\":\"ImageObject\",\"inLanguage\":\"en-ie\",\"@id\":\"https:\/\/dev.tg4.ie\/en\/information\/press\/press-releases\/2025-2\/tg4-and-bbc-northern-ireland-commission-second-series-of-irish-language-crime-drama-cra\/#primaryimage\",\"url\":\"https:\/\/dev.tg4.ie\/wp-content\/uploads\/2025\/11\/CRA2-1-1920x1080-1.jpg\",\"contentUrl\":\"https:\/\/dev.tg4.ie\/wp-content\/uploads\/2025\/11\/CRA2-1-1920x1080-1.jpg\"},{\"@type\":\"BreadcrumbList\",\"@id\":\"https:\/\/dev.tg4.ie\/en\/information\/press\/press-releases\/2025-2\/tg4-and-bbc-northern-ireland-commission-second-series-of-irish-language-crime-drama-cra\/#breadcrumb\",\"itemListElement\":[{\"@type\":\"ListItem\",\"position\":1,\"name\":\"Home\",\"item\":\"https:\/\/dev.tg4.ie\/en\/\"},{\"@type\":\"ListItem\",\"position\":2,\"name\":\"Information\",\"item\":\"https:\/\/dev.tg4.ie\/en\/information\/\"},{\"@type\":\"ListItem\",\"position\":3,\"name\":\"Press\",\"item\":\"https:\/\/dev.tg4.ie\/en\/information\/press\/\"},{\"@type\":\"ListItem\",\"position\":4,\"name\":\"Press Releases\",\"item\":\"https:\/\/dev.tg4.ie\/en\/information\/press\/press-releases\/\"},{\"@type\":\"ListItem\",\"position\":5,\"name\":\"2025\",\"item\":\"https:\/\/dev.tg4.ie\/en\/information\/press\/press-releases\/2025-2\/\"},{\"@type\":\"ListItem\",\"position\":6,\"name\":\"TG4 and BBC Northern Ireland commission second series of Irish language crime drama Cr\u00e1\"}]},{\"@type\":\"WebSite\",\"@id\":\"https:\/\/dev.tg4.ie\/en\/#website\",\"url\":\"https:\/\/dev.tg4.ie\/en\/\",\"name\":\"TG4\",\"description\":\"S\u00fail Eile\",\"potentialAction\":[{\"@type\":\"SearchAction\",\"target\":{\"@type\":\"EntryPoint\",\"urlTemplate\":\"https:\/\/dev.tg4.ie\/en\/?s={search_term_string}\"},\"query-input\":\"required name=search_term_string\"}],\"inLanguage\":\"en-ie\"}]}<\/script>\n<!-- \/ Yoast SEO plugin. -->","yoast_head_json":{"title":"TG4 and BBC Northern Ireland commission second series of Irish language crime drama Cr\u00e1 | Press Release | TG4","description":"TG4 and BBC have confirmed they have commissioned a second series of the crime drama Cr\u00e1. The announcement was made at the Belfast Media Festival today [Wednesday 12 November, 2025.]","robots":{"index":"index","follow":"follow","max-snippet":"max-snippet:-1","max-image-preview":"max-image-preview:large","max-video-preview":"max-video-preview:-1"},"og_locale":"en_US","og_type":"article","og_title":"TG4 and BBC Northern Ireland commission second series of Irish language crime drama Cr\u00e1 | Press Release | TG4","og_description":"TG4 and BBC have confirmed they have commissioned a second series of the crime drama Cr\u00e1. The announcement was made at the Belfast Media Festival today [Wednesday 12 November, 2025.]","og_url":"https:\/\/dev.tg4.ie\/en\/information\/press\/press-releases\/2025-2\/tg4-and-bbc-northern-ireland-commission-second-series-of-irish-language-crime-drama-cra\/","og_site_name":"TG4","article_publisher":"https:\/\/www.facebook.com\/TG4TV","article_modified_time":"2025-11-13T15:30:00+00:00","og_image":[{"url":"https:\/\/dev.tg4.ie\/wp-content\/uploads\/2025\/11\/CRA2-1-1920x1080-1.jpg"}],"twitter_card":"summary_large_image","twitter_site":"@TG4TV","twitter_misc":{"Est. reading time":"3 minutes"},"schema":{"@context":"https:\/\/schema.org","@graph":[{"@type":"WebPage","@id":"https:\/\/dev.tg4.ie\/en\/information\/press\/press-releases\/2025-2\/tg4-and-bbc-northern-ireland-commission-second-series-of-irish-language-crime-drama-cra\/","url":"https:\/\/dev.tg4.ie\/en\/information\/press\/press-releases\/2025-2\/tg4-and-bbc-northern-ireland-commission-second-series-of-irish-language-crime-drama-cra\/","name":"TG4 and BBC Northern Ireland commission second series of Irish language crime drama Cr\u00e1 | Press Release | TG4","isPartOf":{"@id":"https:\/\/dev.tg4.ie\/en\/#website"},"primaryImageOfPage":{"@id":"https:\/\/dev.tg4.ie\/en\/information\/press\/press-releases\/2025-2\/tg4-and-bbc-northern-ireland-commission-second-series-of-irish-language-crime-drama-cra\/#primaryimage"},"image":{"@id":"https:\/\/dev.tg4.ie\/en\/information\/press\/press-releases\/2025-2\/tg4-and-bbc-northern-ireland-commission-second-series-of-irish-language-crime-drama-cra\/#primaryimage"},"thumbnailUrl":"https:\/\/dev.tg4.ie\/wp-content\/uploads\/2025\/11\/CRA2-1-1920x1080-1.jpg","datePublished":"2025-11-12T16:33:53+00:00","dateModified":"2025-11-13T15:30:00+00:00","description":"TG4 and BBC have confirmed they have commissioned a second series of the crime drama Cr\u00e1. The announcement was made at the Belfast Media Festival today [Wednesday 12 November, 2025.]","breadcrumb":{"@id":"https:\/\/dev.tg4.ie\/en\/information\/press\/press-releases\/2025-2\/tg4-and-bbc-northern-ireland-commission-second-series-of-irish-language-crime-drama-cra\/#breadcrumb"},"inLanguage":"en-ie","potentialAction":[{"@type":"ReadAction","target":["https:\/\/dev.tg4.ie\/en\/information\/press\/press-releases\/2025-2\/tg4-and-bbc-northern-ireland-commission-second-series-of-irish-language-crime-drama-cra\/"]}]},{"@type":"ImageObject","inLanguage":"en-ie","@id":"https:\/\/dev.tg4.ie\/en\/information\/press\/press-releases\/2025-2\/tg4-and-bbc-northern-ireland-commission-second-series-of-irish-language-crime-drama-cra\/#primaryimage","url":"https:\/\/dev.tg4.ie\/wp-content\/uploads\/2025\/11\/CRA2-1-1920x1080-1.jpg","contentUrl":"https:\/\/dev.tg4.ie\/wp-content\/uploads\/2025\/11\/CRA2-1-1920x1080-1.jpg"},{"@type":"BreadcrumbList","@id":"https:\/\/dev.tg4.ie\/en\/information\/press\/press-releases\/2025-2\/tg4-and-bbc-northern-ireland-commission-second-series-of-irish-language-crime-drama-cra\/#breadcrumb","itemListElement":[{"@type":"ListItem","position":1,"name":"Home","item":"https:\/\/dev.tg4.ie\/en\/"},{"@type":"ListItem","position":2,"name":"Information","item":"https:\/\/dev.tg4.ie\/en\/information\/"},{"@type":"ListItem","position":3,"name":"Press","item":"https:\/\/dev.tg4.ie\/en\/information\/press\/"},{"@type":"ListItem","position":4,"name":"Press Releases","item":"https:\/\/dev.tg4.ie\/en\/information\/press\/press-releases\/"},{"@type":"ListItem","position":5,"name":"2025","item":"https:\/\/dev.tg4.ie\/en\/information\/press\/press-releases\/2025-2\/"},{"@type":"ListItem","position":6,"name":"TG4 and BBC Northern Ireland commission second series of Irish language crime drama Cr\u00e1"}]},{"@type":"WebSite","@id":"https:\/\/dev.tg4.ie\/en\/#website","url":"https:\/\/dev.tg4.ie\/en\/","name":"TG4","description":"S\u00fail Eile","potentialAction":[{"@type":"SearchAction","target":{"@type":"EntryPoint","urlTemplate":"https:\/\/dev.tg4.ie\/en\/?s={search_term_string}"},"query-input":"required name=search_term_string"}],"inLanguage":"en-ie"}]}},"_links":{"self":[{"href":"https:\/\/dev.tg4.ie\/en\/wp-json\/wp\/v2\/pages\/248012"}],"collection":[{"href":"https:\/\/dev.tg4.ie\/en\/wp-json\/wp\/v2\/pages"}],"about":[{"href":"https:\/\/dev.tg4.ie\/en\/wp-json\/wp\/v2\/types\/page"}],"author":[{"embeddable":true,"href":"https:\/\/dev.tg4.ie\/en\/wp-json\/wp\/v2\/users\/876"}],"replies":[{"embeddable":true,"href":"https:\/\/dev.tg4.ie\/en\/wp-json\/wp\/v2\/comments?post=248012"}],"version-history":[{"count":0,"href":"https:\/\/dev.tg4.ie\/en\/wp-json\/wp\/v2\/pages\/248012\/revisions"}],"up":[{"embeddable":true,"href":"https:\/\/dev.tg4.ie\/en\/wp-json\/wp\/v2\/pages\/236809"}],"wp:attachment":[{"href":"https:\/\/dev.tg4.ie\/en\/wp-json\/wp\/v2\/media?parent=248012"}],"curies":[{"name":"wp","href":"https:\/\/api.w.org\/{rel}","templated":true}]}}