{"id":248056,"date":"2025-11-17T17:14:13","date_gmt":"2025-11-17T17:14:13","guid":{"rendered":"https:\/\/dev.tg4.ie\/?page_id=248056"},"modified":"2025-11-17T17:16:13","modified_gmt":"2025-11-17T17:16:13","slug":"tg4-salutes-long-serving-lgfa-ceo-helen-orourke-at-all-star-awards-ahead-of-her-retirement","status":"publish","type":"page","link":"https:\/\/dev.tg4.ie\/en\/information\/press\/press-releases\/2025-2\/tg4-salutes-long-serving-lgfa-ceo-helen-orourke-at-all-star-awards-ahead-of-her-retirement\/","title":{"rendered":"TG4 salutes long-serving LGFA CEO Helen O\u2019Rourke at All-Star Awards ahead of her retirement"},"content":{"rendered":"<p><img loading=\"lazy\" decoding=\"async\" width=\"1920\" height=\"1080\" src=\"https:\/\/tg4-docs.s3.amazonaws.com\/wp-content\/uploads\/2025\/11\/17170631\/Bronnadh_-ar_Helen_ORourke_2025_1-1920x1080-1.jpg\" alt=\"\" class=\"aligncenter size-full wp-image-248054\" srcset=\"https:\/\/tg4-docs.s3.amazonaws.com\/wp-content\/uploads\/2025\/11\/17170631\/Bronnadh_-ar_Helen_ORourke_2025_1-1920x1080-1.jpg 1920w, https:\/\/tg4-docs.s3.amazonaws.com\/wp-content\/uploads\/2025\/11\/17170631\/Bronnadh_-ar_Helen_ORourke_2025_1-1920x1080-1-250x141.jpg 250w, https:\/\/tg4-docs.s3.amazonaws.com\/wp-content\/uploads\/2025\/11\/17170631\/Bronnadh_-ar_Helen_ORourke_2025_1-1920x1080-1-700x394.jpg 700w, https:\/\/tg4-docs.s3.amazonaws.com\/wp-content\/uploads\/2025\/11\/17170631\/Bronnadh_-ar_Helen_ORourke_2025_1-1920x1080-1-252x141.jpg 252w, https:\/\/tg4-docs.s3.amazonaws.com\/wp-content\/uploads\/2025\/11\/17170631\/Bronnadh_-ar_Helen_ORourke_2025_1-1920x1080-1-1536x864.jpg 1536w, https:\/\/tg4-docs.s3.amazonaws.com\/wp-content\/uploads\/2025\/11\/17170631\/Bronnadh_-ar_Helen_ORourke_2025_1-1920x1080-1-120x68.jpg 120w\" sizes=\"(max-width: 1920px) 100vw, 1920px\" \/><\/p>\n<p><sup>Pic: Helen O\u2019Rourke &#8211; Chief Executive Officer of the Ladies Gaelic Football Association, Deirdre N\u00ed Choist\u00edn &#8211; TG4 Director General and R\u00f3n\u00e1n \u00d3 Coisdealbha &#8211; TG4 Head of Sport at R\u00e9alta\u00ed Pheil na mBan TG4<\/sup><br \/>\n&nbsp;<\/p>\n<p>On Saturday night TG4 paid tribute to Helen O\u2019Rourke, Chief Executive Officer of the Ladies Gaelic Football Association (LGFA), who has confirmed that she will retire at the end of 2025. The announcement came on a landmark evening for Peil na mBan as the 2025 TG4 All-Star Awards were celebrated at a gala banquet in The Bonnington Dublin Hotel.<br \/>\n&nbsp;<br \/>\nO\u2019Rourke, who first became LGFA President in 1994 and has served as CEO since 1997, is the longest-serving CEO in Irish sport. Over nearly three decades, she has overseen a remarkable era of growth for Peil na mBan, securing landmark sponsorships with TG4 (2001) and Lidl Ireland (2016), expanding membership, and guiding the Association through milestone moments such as its 50th anniversary in 2024 and the challenges of the Covid-19 pandemic.<br \/>\n&nbsp;<br \/>\nHer leadership has coincided with record-breaking attendances, including the historic 56,114 crowd at the 2019 TG4 All-Ireland Finals in Croke Park. The 2025 TG4 Finals continued this momentum, drawing over 48,000 fans to Croke Park, the highest since 2019, and attracting nearly 490,000 viewers across TG4\u2019s coverage. The Senior Final between Dublin and Meath delivered a 16% year-on-year audience increase, while TG4 Player live streams rose by 37% and Sp\u00f3rt TG4\u2019s social platforms generated more than 3.4 million views during Finals week.<br \/>\n&nbsp;<br \/>\nAs official broadcaster and title sponsor, TG4 continues to champion the growth of Ladies Football, with live, free-to-air coverage of the Junior, Intermediate and Senior Finals to audiences in Ireland and worldwide. This coverage not only elevates the game but also brings the Irish language into the heart of Gaelic sport.<br \/>\n&nbsp;<br \/>\nSaturday&#8217;s gala banquet also marked one of the most celebrated nights in the Peil na mBan calendar &#8211; the 2025 TG4 All-Star Awards. The winners of the TG4 All-Star Awards, along with the 2025 TG4 Players\u2019 Player of the Year award winners, were revealed on the night. All-Ireland Senior Champions Dublin, winners of their seventh title with victory over Meath, led the way with seven players named on the prestigious 15-player list. Cork legend Juliet Murphy was also officially inducted into the LGFA Hall of Fame. TG4 congratulates all of the nominees and award recipients for their outstanding achievements this season.<br \/>\n&nbsp;<br \/>\n<strong>Deirdre N\u00ed Choist\u00edn, TG4 Director General<\/strong>, said:<br \/>\n<em>&#8220;Helen O\u2019Rourke\u2019s leadership has been visionary. She has transformed the impact of Ladies Football to have national and international resonance. TG4 is immensely proud of our longstanding partnership with the LGFA, built on a shared commitment to elevate women in sport and to showcase the Irish language on the national and global stage. On this special night, we also congratulate all of the 2025 TG4 All-Star award recipients, whose excellence and dedication continue to inspire the next generation of players and fans.&#8221;<\/em><br \/>\n&nbsp;<br \/>\n<strong>R\u00f3n\u00e1n \u00d3 Coisdealbha, TG4 Head of Sport<\/strong>, said:<br \/>\n<em>&#8220;Helen O\u2019Rourke\u2019s contribution to the growth of Peil na mBan has been immense. Her vision and determination ensured that the game has reached new heights, both on the field and in the eyes of the public. It has been a privilege for TG4 Sport to work alongside Helen and the LGFA for over two decades in bringing the stories, skills, and spirit of Ladies Gaelic Football to audiences in Ireland and worldwide. On behalf of all of us in TG4 Sport, I want to sincerely thank Helen for her leadership and collaboration, and we look forward to building on her legacy in the years ahead.&#8221;<\/em><br \/>\n&nbsp;<br \/>\nTG4 extends its gratitude to LGFA President Trina Murray for her stewardship, to Helen O\u2019Rourke for her outstanding legacy, along with the Nemeton team for their world-class coverage. Together, TG4 and the LGFA will continue to grow Peil na mBan and celebrate its future.<\/p>\n<p>&nbsp;<\/p>\n","protected":false},"excerpt":{"rendered":"<p>Pic: Helen O\u2019Rourke &#8211; Chief Executive Officer of the Ladies Gaelic Football Association, Deirdre N\u00ed Choist\u00edn &#8211; TG4 Director General and R\u00f3n\u00e1n \u00d3 Coisdealbha &#8211; TG4 Head of Sport at R\u00e9alta\u00ed Pheil na mBan TG4 &nbsp; On Saturday night TG4 paid tribute to Helen O\u2019Rourke, Chief Executive Officer of the Ladies Gaelic Football Association (LGFA), [&hellip;]<\/p>\n","protected":false},"author":876,"featured_media":0,"parent":236809,"menu_order":69,"comment_status":"closed","ping_status":"closed","template":"page-templates\/template-pr.php","meta":{"_acf_changed":false,"footnotes":""},"acf":[],"yoast_head":"<!-- This site is optimized with the Yoast SEO plugin v22.6 - https:\/\/yoast.com\/wordpress\/plugins\/seo\/ -->\n<title>TG4 salutes long-serving LGFA CEO Helen O\u2019Rourke at All-Star Awards ahead of her retirement | Press Release | TG4<\/title>\n<meta name=\"description\" content=\"On Saturday night TG4 paid tribute to Helen O\u2019Rourke, Chief Executive Officer of the Ladies Gaelic Football Association (LGFA), who has confirmed that she will retire at the end of 2025.\" \/>\n<meta name=\"robots\" content=\"index, follow, max-snippet:-1, max-image-preview:large, max-video-preview:-1\" \/>\n<meta property=\"og:locale\" content=\"en_US\" \/>\n<meta property=\"og:type\" content=\"article\" \/>\n<meta property=\"og:title\" content=\"TG4 salutes long-serving LGFA CEO Helen O\u2019Rourke at All-Star Awards ahead of her retirement | Press Release | TG4\" \/>\n<meta property=\"og:description\" content=\"On Saturday night TG4 paid tribute to Helen O\u2019Rourke, Chief Executive Officer of the Ladies Gaelic Football Association (LGFA), who has confirmed that she will retire at the end of 2025.\" \/>\n<meta property=\"og:url\" content=\"https:\/\/dev.tg4.ie\/en\/information\/press\/press-releases\/2025-2\/tg4-salutes-long-serving-lgfa-ceo-helen-orourke-at-all-star-awards-ahead-of-her-retirement\/\" \/>\n<meta property=\"og:site_name\" content=\"TG4\" \/>\n<meta property=\"article:publisher\" content=\"https:\/\/www.facebook.com\/TG4TV\" \/>\n<meta property=\"article:modified_time\" content=\"2025-11-17T17:16:13+00:00\" \/>\n<meta property=\"og:image\" content=\"https:\/\/dev.tg4.ie\/wp-content\/uploads\/2025\/11\/Bronnadh_-ar_Helen_ORourke_2025_1-1920x1080-1.jpg\" \/>\n<meta name=\"twitter:card\" content=\"summary_large_image\" \/>\n<meta name=\"twitter:site\" content=\"@TG4TV\" \/>\n<meta name=\"twitter:label1\" content=\"Est. reading time\" \/>\n\t<meta name=\"twitter:data1\" content=\"4 minutes\" \/>\n<script type=\"application\/ld+json\" class=\"yoast-schema-graph\">{\"@context\":\"https:\/\/schema.org\",\"@graph\":[{\"@type\":\"WebPage\",\"@id\":\"https:\/\/dev.tg4.ie\/en\/information\/press\/press-releases\/2025-2\/tg4-salutes-long-serving-lgfa-ceo-helen-orourke-at-all-star-awards-ahead-of-her-retirement\/\",\"url\":\"https:\/\/dev.tg4.ie\/en\/information\/press\/press-releases\/2025-2\/tg4-salutes-long-serving-lgfa-ceo-helen-orourke-at-all-star-awards-ahead-of-her-retirement\/\",\"name\":\"TG4 salutes long-serving LGFA CEO Helen O\u2019Rourke at All-Star Awards ahead of her retirement | Press Release | TG4\",\"isPartOf\":{\"@id\":\"https:\/\/dev.tg4.ie\/en\/#website\"},\"primaryImageOfPage\":{\"@id\":\"https:\/\/dev.tg4.ie\/en\/information\/press\/press-releases\/2025-2\/tg4-salutes-long-serving-lgfa-ceo-helen-orourke-at-all-star-awards-ahead-of-her-retirement\/#primaryimage\"},\"image\":{\"@id\":\"https:\/\/dev.tg4.ie\/en\/information\/press\/press-releases\/2025-2\/tg4-salutes-long-serving-lgfa-ceo-helen-orourke-at-all-star-awards-ahead-of-her-retirement\/#primaryimage\"},\"thumbnailUrl\":\"https:\/\/dev.tg4.ie\/wp-content\/uploads\/2025\/11\/Bronnadh_-ar_Helen_ORourke_2025_1-1920x1080-1.jpg\",\"datePublished\":\"2025-11-17T17:14:13+00:00\",\"dateModified\":\"2025-11-17T17:16:13+00:00\",\"description\":\"On Saturday night TG4 paid tribute to Helen O\u2019Rourke, Chief Executive Officer of the Ladies Gaelic Football Association (LGFA), who has confirmed that she will retire at the end of 2025.\",\"breadcrumb\":{\"@id\":\"https:\/\/dev.tg4.ie\/en\/information\/press\/press-releases\/2025-2\/tg4-salutes-long-serving-lgfa-ceo-helen-orourke-at-all-star-awards-ahead-of-her-retirement\/#breadcrumb\"},\"inLanguage\":\"en-ie\",\"potentialAction\":[{\"@type\":\"ReadAction\",\"target\":[\"https:\/\/dev.tg4.ie\/en\/information\/press\/press-releases\/2025-2\/tg4-salutes-long-serving-lgfa-ceo-helen-orourke-at-all-star-awards-ahead-of-her-retirement\/\"]}]},{\"@type\":\"ImageObject\",\"inLanguage\":\"en-ie\",\"@id\":\"https:\/\/dev.tg4.ie\/en\/information\/press\/press-releases\/2025-2\/tg4-salutes-long-serving-lgfa-ceo-helen-orourke-at-all-star-awards-ahead-of-her-retirement\/#primaryimage\",\"url\":\"https:\/\/dev.tg4.ie\/wp-content\/uploads\/2025\/11\/Bronnadh_-ar_Helen_ORourke_2025_1-1920x1080-1.jpg\",\"contentUrl\":\"https:\/\/dev.tg4.ie\/wp-content\/uploads\/2025\/11\/Bronnadh_-ar_Helen_ORourke_2025_1-1920x1080-1.jpg\"},{\"@type\":\"BreadcrumbList\",\"@id\":\"https:\/\/dev.tg4.ie\/en\/information\/press\/press-releases\/2025-2\/tg4-salutes-long-serving-lgfa-ceo-helen-orourke-at-all-star-awards-ahead-of-her-retirement\/#breadcrumb\",\"itemListElement\":[{\"@type\":\"ListItem\",\"position\":1,\"name\":\"Home\",\"item\":\"https:\/\/dev.tg4.ie\/en\/\"},{\"@type\":\"ListItem\",\"position\":2,\"name\":\"Information\",\"item\":\"https:\/\/dev.tg4.ie\/en\/information\/\"},{\"@type\":\"ListItem\",\"position\":3,\"name\":\"Press\",\"item\":\"https:\/\/dev.tg4.ie\/en\/information\/press\/\"},{\"@type\":\"ListItem\",\"position\":4,\"name\":\"Press Releases\",\"item\":\"https:\/\/dev.tg4.ie\/en\/information\/press\/press-releases\/\"},{\"@type\":\"ListItem\",\"position\":5,\"name\":\"2025\",\"item\":\"https:\/\/dev.tg4.ie\/en\/information\/press\/press-releases\/2025-2\/\"},{\"@type\":\"ListItem\",\"position\":6,\"name\":\"TG4 salutes long-serving LGFA CEO Helen O\u2019Rourke at All-Star Awards ahead of her retirement\"}]},{\"@type\":\"WebSite\",\"@id\":\"https:\/\/dev.tg4.ie\/en\/#website\",\"url\":\"https:\/\/dev.tg4.ie\/en\/\",\"name\":\"TG4\",\"description\":\"S\u00fail Eile\",\"potentialAction\":[{\"@type\":\"SearchAction\",\"target\":{\"@type\":\"EntryPoint\",\"urlTemplate\":\"https:\/\/dev.tg4.ie\/en\/?s={search_term_string}\"},\"query-input\":\"required name=search_term_string\"}],\"inLanguage\":\"en-ie\"}]}<\/script>\n<!-- \/ Yoast SEO plugin. -->","yoast_head_json":{"title":"TG4 salutes long-serving LGFA CEO Helen O\u2019Rourke at All-Star Awards ahead of her retirement | Press Release | TG4","description":"On Saturday night TG4 paid tribute to Helen O\u2019Rourke, Chief Executive Officer of the Ladies Gaelic Football Association (LGFA), who has confirmed that she will retire at the end of 2025.","robots":{"index":"index","follow":"follow","max-snippet":"max-snippet:-1","max-image-preview":"max-image-preview:large","max-video-preview":"max-video-preview:-1"},"og_locale":"en_US","og_type":"article","og_title":"TG4 salutes long-serving LGFA CEO Helen O\u2019Rourke at All-Star Awards ahead of her retirement | Press Release | TG4","og_description":"On Saturday night TG4 paid tribute to Helen O\u2019Rourke, Chief Executive Officer of the Ladies Gaelic Football Association (LGFA), who has confirmed that she will retire at the end of 2025.","og_url":"https:\/\/dev.tg4.ie\/en\/information\/press\/press-releases\/2025-2\/tg4-salutes-long-serving-lgfa-ceo-helen-orourke-at-all-star-awards-ahead-of-her-retirement\/","og_site_name":"TG4","article_publisher":"https:\/\/www.facebook.com\/TG4TV","article_modified_time":"2025-11-17T17:16:13+00:00","og_image":[{"url":"https:\/\/dev.tg4.ie\/wp-content\/uploads\/2025\/11\/Bronnadh_-ar_Helen_ORourke_2025_1-1920x1080-1.jpg"}],"twitter_card":"summary_large_image","twitter_site":"@TG4TV","twitter_misc":{"Est. reading time":"4 minutes"},"schema":{"@context":"https:\/\/schema.org","@graph":[{"@type":"WebPage","@id":"https:\/\/dev.tg4.ie\/en\/information\/press\/press-releases\/2025-2\/tg4-salutes-long-serving-lgfa-ceo-helen-orourke-at-all-star-awards-ahead-of-her-retirement\/","url":"https:\/\/dev.tg4.ie\/en\/information\/press\/press-releases\/2025-2\/tg4-salutes-long-serving-lgfa-ceo-helen-orourke-at-all-star-awards-ahead-of-her-retirement\/","name":"TG4 salutes long-serving LGFA CEO Helen O\u2019Rourke at All-Star Awards ahead of her retirement | Press Release | TG4","isPartOf":{"@id":"https:\/\/dev.tg4.ie\/en\/#website"},"primaryImageOfPage":{"@id":"https:\/\/dev.tg4.ie\/en\/information\/press\/press-releases\/2025-2\/tg4-salutes-long-serving-lgfa-ceo-helen-orourke-at-all-star-awards-ahead-of-her-retirement\/#primaryimage"},"image":{"@id":"https:\/\/dev.tg4.ie\/en\/information\/press\/press-releases\/2025-2\/tg4-salutes-long-serving-lgfa-ceo-helen-orourke-at-all-star-awards-ahead-of-her-retirement\/#primaryimage"},"thumbnailUrl":"https:\/\/dev.tg4.ie\/wp-content\/uploads\/2025\/11\/Bronnadh_-ar_Helen_ORourke_2025_1-1920x1080-1.jpg","datePublished":"2025-11-17T17:14:13+00:00","dateModified":"2025-11-17T17:16:13+00:00","description":"On Saturday night TG4 paid tribute to Helen O\u2019Rourke, Chief Executive Officer of the Ladies Gaelic Football Association (LGFA), who has confirmed that she will retire at the end of 2025.","breadcrumb":{"@id":"https:\/\/dev.tg4.ie\/en\/information\/press\/press-releases\/2025-2\/tg4-salutes-long-serving-lgfa-ceo-helen-orourke-at-all-star-awards-ahead-of-her-retirement\/#breadcrumb"},"inLanguage":"en-ie","potentialAction":[{"@type":"ReadAction","target":["https:\/\/dev.tg4.ie\/en\/information\/press\/press-releases\/2025-2\/tg4-salutes-long-serving-lgfa-ceo-helen-orourke-at-all-star-awards-ahead-of-her-retirement\/"]}]},{"@type":"ImageObject","inLanguage":"en-ie","@id":"https:\/\/dev.tg4.ie\/en\/information\/press\/press-releases\/2025-2\/tg4-salutes-long-serving-lgfa-ceo-helen-orourke-at-all-star-awards-ahead-of-her-retirement\/#primaryimage","url":"https:\/\/dev.tg4.ie\/wp-content\/uploads\/2025\/11\/Bronnadh_-ar_Helen_ORourke_2025_1-1920x1080-1.jpg","contentUrl":"https:\/\/dev.tg4.ie\/wp-content\/uploads\/2025\/11\/Bronnadh_-ar_Helen_ORourke_2025_1-1920x1080-1.jpg"},{"@type":"BreadcrumbList","@id":"https:\/\/dev.tg4.ie\/en\/information\/press\/press-releases\/2025-2\/tg4-salutes-long-serving-lgfa-ceo-helen-orourke-at-all-star-awards-ahead-of-her-retirement\/#breadcrumb","itemListElement":[{"@type":"ListItem","position":1,"name":"Home","item":"https:\/\/dev.tg4.ie\/en\/"},{"@type":"ListItem","position":2,"name":"Information","item":"https:\/\/dev.tg4.ie\/en\/information\/"},{"@type":"ListItem","position":3,"name":"Press","item":"https:\/\/dev.tg4.ie\/en\/information\/press\/"},{"@type":"ListItem","position":4,"name":"Press Releases","item":"https:\/\/dev.tg4.ie\/en\/information\/press\/press-releases\/"},{"@type":"ListItem","position":5,"name":"2025","item":"https:\/\/dev.tg4.ie\/en\/information\/press\/press-releases\/2025-2\/"},{"@type":"ListItem","position":6,"name":"TG4 salutes long-serving LGFA CEO Helen O\u2019Rourke at All-Star Awards ahead of her retirement"}]},{"@type":"WebSite","@id":"https:\/\/dev.tg4.ie\/en\/#website","url":"https:\/\/dev.tg4.ie\/en\/","name":"TG4","description":"S\u00fail Eile","potentialAction":[{"@type":"SearchAction","target":{"@type":"EntryPoint","urlTemplate":"https:\/\/dev.tg4.ie\/en\/?s={search_term_string}"},"query-input":"required name=search_term_string"}],"inLanguage":"en-ie"}]}},"_links":{"self":[{"href":"https:\/\/dev.tg4.ie\/en\/wp-json\/wp\/v2\/pages\/248056"}],"collection":[{"href":"https:\/\/dev.tg4.ie\/en\/wp-json\/wp\/v2\/pages"}],"about":[{"href":"https:\/\/dev.tg4.ie\/en\/wp-json\/wp\/v2\/types\/page"}],"author":[{"embeddable":true,"href":"https:\/\/dev.tg4.ie\/en\/wp-json\/wp\/v2\/users\/876"}],"replies":[{"embeddable":true,"href":"https:\/\/dev.tg4.ie\/en\/wp-json\/wp\/v2\/comments?post=248056"}],"version-history":[{"count":0,"href":"https:\/\/dev.tg4.ie\/en\/wp-json\/wp\/v2\/pages\/248056\/revisions"}],"up":[{"embeddable":true,"href":"https:\/\/dev.tg4.ie\/en\/wp-json\/wp\/v2\/pages\/236809"}],"wp:attachment":[{"href":"https:\/\/dev.tg4.ie\/en\/wp-json\/wp\/v2\/media?parent=248056"}],"curies":[{"name":"wp","href":"https:\/\/api.w.org\/{rel}","templated":true}]}}