{"id":248116,"date":"2025-11-25T17:06:23","date_gmt":"2025-11-25T17:06:23","guid":{"rendered":"https:\/\/dev.tg4.ie\/?page_id=248116"},"modified":"2025-12-03T10:04:55","modified_gmt":"2025-12-03T10:04:55","slug":"tg4-bbc-ni-and-s4c-unveil-first-ever-co-commissioned-animated-christmas-movie","status":"publish","type":"page","link":"https:\/\/dev.tg4.ie\/en\/information\/press\/press-releases\/2025-2\/tg4-bbc-ni-and-s4c-unveil-first-ever-co-commissioned-animated-christmas-movie\/","title":{"rendered":"TG4, BBC NI and S4C Unveil First Ever Co-Commissioned Animated Christmas Movie"},"content":{"rendered":"<p><img loading=\"lazy\" decoding=\"async\" width=\"1920\" height=\"1080\" src=\"https:\/\/tg4-docs.s3.amazonaws.com\/wp-content\/uploads\/2025\/11\/25170249\/Nollai_1-1920x1080-1.jpg\" alt=\"\" class=\"aligncenter size-full wp-image-248113\" srcset=\"https:\/\/tg4-docs.s3.amazonaws.com\/wp-content\/uploads\/2025\/11\/25170249\/Nollai_1-1920x1080-1.jpg 1920w, https:\/\/tg4-docs.s3.amazonaws.com\/wp-content\/uploads\/2025\/11\/25170249\/Nollai_1-1920x1080-1-250x141.jpg 250w, https:\/\/tg4-docs.s3.amazonaws.com\/wp-content\/uploads\/2025\/11\/25170249\/Nollai_1-1920x1080-1-700x394.jpg 700w, https:\/\/tg4-docs.s3.amazonaws.com\/wp-content\/uploads\/2025\/11\/25170249\/Nollai_1-1920x1080-1-252x141.jpg 252w, https:\/\/tg4-docs.s3.amazonaws.com\/wp-content\/uploads\/2025\/11\/25170249\/Nollai_1-1920x1080-1-1536x864.jpg 1536w, https:\/\/tg4-docs.s3.amazonaws.com\/wp-content\/uploads\/2025\/11\/25170249\/Nollai_1-1920x1080-1-120x68.jpg 120w\" sizes=\"(max-width: 1920px) 100vw, 1920px\" \/><\/p>\n<p>&nbsp;<br \/>\n<a data-flickr-embed=\"true\" data-header=\"true\" data-footer=\"true\" href=\"https:\/\/www.flickr.com\/photos\/tg4\/albums\/72177720330532336\" title=\"Nolla\u00ed\"><img loading=\"lazy\" decoding=\"async\" src=\"https:\/\/live.staticflickr.com\/65535\/54945629538_0496878f6f_c.jpg\" width=\"800\" height=\"600\" alt=\"Nolla\u00ed\"\/><\/a><script async src=\"\/\/embedr.flickr.com\/assets\/client-code.js\" charset=\"utf-8\"><\/script><br \/>\n&nbsp;<br \/>\nTG4, BBC Northern Ireland and S4C are proud to announce a milestone co-commission of the first ever animated Christmas movie, created through a vibrant tri-nation co-production supported by <strong>Northern Ireland Screen\u2019s Irish Language Broadcast Fund<\/strong> (ILBF), Screen Fund and Coimisi\u00fan na Me\u00e1n.<br \/>\n&nbsp;<\/p>\n<p>This landmark festive special will premiere on <strong>14 December<\/strong>, broadcasting <strong>in Irish on TG4<\/strong> and C\u00fala4, on BBC Two Northern Ireland and on BBC iPlayer, and in Welsh on S4C.<br \/>\n&nbsp;<br \/>\nProduced by Taunt Studios, the film invites viewers into a magical, heart-warming adventure led by Nollaig \u2013 or Nolla\u00ed as he\u2019s lovingly known, an ordinary deer with an extraordinary secret.<br \/>\n&nbsp;<\/p>\n<p><strong>About the Animation: <\/strong><\/p>\n<p>Nollaig (or Nolla\u00ed for short) is just a regular, run-of-the-mill deer. A little tall for a deer, right enough, but he\u2019s always been told he\u2019s big boned. He\u2019s been living the life since he was on the farm with his human family; best friend and sister, Sadhbh, and Daid. We first meet Nolla\u00ed on his birthday &#8211; or rather, the day that the family celebrates finding him. He came into Daid and Sadhbh\u2019s lives one wintry night ten years ago, when they found him in the stone circle on the mountain. With none of his kin in sight, they take him in and he becomes part of the family. Years pass; Nolla\u00ed contends with his giant size in a human world but otherwise loves the community he lives in. Then, one day, everything is flipped on its head as he accidentally stumbles across a surprise that reveals he is quite possibly the last living Megaloceros giganteus (aka the extinct giant deer) in existence!  <\/p>\n<p>This discovery triggers adventure, with Nolla\u00ed and Sadhbh embarking on a quest back to the stone cairn in search of his origins. Along the way they bump into Stoca, a slightly chaotic Christmas-loving bat who is more than happy to join them on their journey. Together they arrive at the stone circle and discover a portal to another world &#8211; the realm of the giant deer! Nolla\u00ed passes through and meets a friendly giant deer who welcomes him home. But before he can find out more, the portal starts to close. Nolla\u00ed can stay in the land of the giant deer &#8211; the place he has been longing to find &#8211; but that means waiting a year before he can see his human family again. Sadhbh and Stoca, who are waiting on the other side, lose hope for his return but at the last minute Nolla\u00ed tears through the portal and reunites with them. He might not be able to explore the new found realm today, but he knows he can come back, when he\u2019s ready.<br \/>\n&nbsp;<\/p>\n<p><strong>M\u00e1ire U\u00ed Choisdealbha, Commissioning Editor, TG4<\/strong>:<br \/>\n<em>\u201cWe are absolutely delighted to commission TG4\u2019s first-ever animated Christmas special, a truly exciting international co-production with our wonderful partners. This collaboration brings together an extraordinary blend of creative talent and cultural storytelling from Ireland and Wales, resulting in a festive film we believe will enchant families for years to come. It\u2019s a milestone for TG4 and a celebration of the shared cultural imagination that unites our broadcasters. We can\u2019t wait for audiences to experience the magic.\u201d <\/em><br \/>\n&nbsp;<\/p>\n<p><strong>Karen Kirby, Commissioning Executive for BBC Northern Ireland<\/strong>:<br \/>\n<em>&#8220;This is the first collaboration of its kind for BBC Northern Ireland and BBC Gaeilge and we\u2019re delighted to join with our broadcast and funding partners to bring this beautifully animated Christmas story to our audiences on BBC iPlayer and on BBC NI television. Nolla\u00ed is a delightful tale of love and belonging, a universal story which can be told in multiple languages and is brilliantly brought to life through the incredible acting talents of the cast, the animation team and musicians. I hope it will be a film that all generations can enjoy together over the Christmas period.&#8221;<\/em><br \/>\n&nbsp;<\/p>\n<p><strong>Sioned Geraint, S4C\u2019s Content Commissioner \u2013 Children and Learners<\/strong>:<br \/>\n<em>\u201cI\u2019m delighted that S4C has been a part of Nollai or Nolig in Welsh. This is a beautiful and endearing animated film which will resonate with so many of our viewers and be a highlight of our festive schedule for Children and families for years to come.  It\u2019s been great working with our Celtic friends again and build on the ever growing relationship between TG4 and S4C, and being able to launch this film in Irish and Welsh on the same day on both channels is perfect.\u201d<\/em><br \/>\n&nbsp;<\/p>\n<p><strong>R\u00f3n\u00e1n \u00d3 Domhnaill, Media Development Commissioner at Coimisi\u00fan na Me\u00e1n<\/strong>:<br \/>\n<em>&#8220;We are delighted to support the production of Nolla\u00ed through our Sound &#038; Vision Funding Scheme which is all about supporting the creation of new, innovative Irish language content that will be enjoyed by audiences young and old.&#8221;<\/em><br \/>\n&nbsp;<\/p>\n<p><strong>\u00c1ine Walsh, Chief Language &#038; Cultural Officer and Head of Irish Language Broadcast Fund at Northern Ireland Screen<\/strong>:<br \/>\n<em>\u201cIn our twentieth anniversary year, the Irish Language Broadcast Fund is proud to support Nolla\u00ed, the first ever Irish language animated Christmas special made in the North. It showcases the ambition and talent of our local creative teams, who brought skill and collaboration to every stage of the project. This festive story, steeped in Irish folklore, will delight young audiences and offer the whole family a shared Christmas experience in Irish. We\u2019re thrilled it will be seen on BBC NI, TG4, C\u00fala4 and S4C, highlighting the strength of high-quality content being created locally for families across Ireland and beyond.\u201d<\/em><br \/>\n&nbsp;<\/p>\n<p><strong>Tom Getty, Taunt Studios \/ Aisling McElroy, Taunt Studios<\/strong>:<br \/>\n<em>\u201cAll of us at TAUNT have had such a wonderful time creating our little film Nolla\u00ed. As a bunch of Christmas lovers, it was a dream come true to be able to spend the last year bringing this to life. None of this would have been possible without the support of BBC NI, TG4 and S4C, as well as our funders ILBF, Northern Ireland Screen and Coimisi\u00fan na Me\u00e1n. We hope you all like it as much as we do.\u201d<\/em><br \/>\n&nbsp;<\/p>\n<p><strong>Broadcast Information<\/strong> <\/p>\n<ul>\n<li>TG4 &#038; C\u00fala4 (Irish Language): on both channels &#8211; 14 December @ 17:05<\/li>\n<li>BBC Two Northern Ireland and BBC NI iPlayer (Irish Language): Available from 14 December @ 18:40<\/li>\n<li>S4C (Welsh Language): 14 December @ 17:05<\/li>\n<\/ul>\n<p>&nbsp;<br \/>\n&nbsp;<\/p>\n","protected":false},"excerpt":{"rendered":"<p>&nbsp; &nbsp; TG4, BBC Northern Ireland and S4C are proud to announce a milestone co-commission of the first ever animated Christmas movie, created through a vibrant tri-nation co-production supported by Northern Ireland Screen\u2019s Irish Language Broadcast Fund (ILBF), Screen Fund and Coimisi\u00fan na Me\u00e1n. &nbsp; This landmark festive special will premiere on 14 December, broadcasting [&hellip;]<\/p>\n","protected":false},"author":876,"featured_media":0,"parent":236809,"menu_order":71,"comment_status":"closed","ping_status":"closed","template":"page-templates\/template-pr.php","meta":{"_acf_changed":false,"footnotes":""},"acf":[],"yoast_head":"<!-- This site is optimized with the Yoast SEO plugin v22.6 - https:\/\/yoast.com\/wordpress\/plugins\/seo\/ -->\n<title>TG4, BBC NI and S4C Unveil First Ever Co-Commissioned Animated Christmas Movie | Press Release | TG4<\/title>\n<meta name=\"description\" content=\"A Landmark International Co-Production to air on December 14th in Irish on TG4 &amp; C\u00fala4, on BBC Two Northern Ireland and BBC iPlayer, and in Welsh on S4C.\u00a0\" \/>\n<meta name=\"robots\" content=\"index, follow, max-snippet:-1, max-image-preview:large, max-video-preview:-1\" \/>\n<meta property=\"og:locale\" content=\"en_US\" \/>\n<meta property=\"og:type\" content=\"article\" \/>\n<meta property=\"og:title\" content=\"TG4, BBC NI and S4C Unveil First Ever Co-Commissioned Animated Christmas Movie | Press Release | TG4\" \/>\n<meta property=\"og:description\" content=\"A Landmark International Co-Production to air on December 14th in Irish on TG4 &amp; C\u00fala4, on BBC Two Northern Ireland and BBC iPlayer, and in Welsh on S4C.\u00a0\" \/>\n<meta property=\"og:url\" content=\"https:\/\/dev.tg4.ie\/en\/information\/press\/press-releases\/2025-2\/tg4-bbc-ni-and-s4c-unveil-first-ever-co-commissioned-animated-christmas-movie\/\" \/>\n<meta property=\"og:site_name\" content=\"TG4\" \/>\n<meta property=\"article:publisher\" content=\"https:\/\/www.facebook.com\/TG4TV\" \/>\n<meta property=\"article:modified_time\" content=\"2025-12-03T10:04:55+00:00\" \/>\n<meta property=\"og:image\" content=\"https:\/\/dev.tg4.ie\/wp-content\/uploads\/2025\/11\/Nollai_1-1920x1080-1.jpg\" \/>\n<meta name=\"twitter:card\" content=\"summary_large_image\" \/>\n<meta name=\"twitter:site\" content=\"@TG4TV\" \/>\n<meta name=\"twitter:label1\" content=\"Est. reading time\" \/>\n\t<meta name=\"twitter:data1\" content=\"5 minutes\" \/>\n<script type=\"application\/ld+json\" class=\"yoast-schema-graph\">{\"@context\":\"https:\/\/schema.org\",\"@graph\":[{\"@type\":\"WebPage\",\"@id\":\"https:\/\/dev.tg4.ie\/en\/information\/press\/press-releases\/2025-2\/tg4-bbc-ni-and-s4c-unveil-first-ever-co-commissioned-animated-christmas-movie\/\",\"url\":\"https:\/\/dev.tg4.ie\/en\/information\/press\/press-releases\/2025-2\/tg4-bbc-ni-and-s4c-unveil-first-ever-co-commissioned-animated-christmas-movie\/\",\"name\":\"TG4, BBC NI and S4C Unveil First Ever Co-Commissioned Animated Christmas Movie | Press Release | TG4\",\"isPartOf\":{\"@id\":\"https:\/\/dev.tg4.ie\/en\/#website\"},\"primaryImageOfPage\":{\"@id\":\"https:\/\/dev.tg4.ie\/en\/information\/press\/press-releases\/2025-2\/tg4-bbc-ni-and-s4c-unveil-first-ever-co-commissioned-animated-christmas-movie\/#primaryimage\"},\"image\":{\"@id\":\"https:\/\/dev.tg4.ie\/en\/information\/press\/press-releases\/2025-2\/tg4-bbc-ni-and-s4c-unveil-first-ever-co-commissioned-animated-christmas-movie\/#primaryimage\"},\"thumbnailUrl\":\"https:\/\/dev.tg4.ie\/wp-content\/uploads\/2025\/11\/Nollai_1-1920x1080-1.jpg\",\"datePublished\":\"2025-11-25T17:06:23+00:00\",\"dateModified\":\"2025-12-03T10:04:55+00:00\",\"description\":\"A Landmark International Co-Production to air on December 14th in Irish on TG4 & C\u00fala4, on BBC Two Northern Ireland and BBC iPlayer, and in Welsh on S4C.\u00a0\",\"breadcrumb\":{\"@id\":\"https:\/\/dev.tg4.ie\/en\/information\/press\/press-releases\/2025-2\/tg4-bbc-ni-and-s4c-unveil-first-ever-co-commissioned-animated-christmas-movie\/#breadcrumb\"},\"inLanguage\":\"en-ie\",\"potentialAction\":[{\"@type\":\"ReadAction\",\"target\":[\"https:\/\/dev.tg4.ie\/en\/information\/press\/press-releases\/2025-2\/tg4-bbc-ni-and-s4c-unveil-first-ever-co-commissioned-animated-christmas-movie\/\"]}]},{\"@type\":\"ImageObject\",\"inLanguage\":\"en-ie\",\"@id\":\"https:\/\/dev.tg4.ie\/en\/information\/press\/press-releases\/2025-2\/tg4-bbc-ni-and-s4c-unveil-first-ever-co-commissioned-animated-christmas-movie\/#primaryimage\",\"url\":\"https:\/\/dev.tg4.ie\/wp-content\/uploads\/2025\/11\/Nollai_1-1920x1080-1.jpg\",\"contentUrl\":\"https:\/\/dev.tg4.ie\/wp-content\/uploads\/2025\/11\/Nollai_1-1920x1080-1.jpg\"},{\"@type\":\"BreadcrumbList\",\"@id\":\"https:\/\/dev.tg4.ie\/en\/information\/press\/press-releases\/2025-2\/tg4-bbc-ni-and-s4c-unveil-first-ever-co-commissioned-animated-christmas-movie\/#breadcrumb\",\"itemListElement\":[{\"@type\":\"ListItem\",\"position\":1,\"name\":\"Home\",\"item\":\"https:\/\/dev.tg4.ie\/en\/\"},{\"@type\":\"ListItem\",\"position\":2,\"name\":\"Information\",\"item\":\"https:\/\/dev.tg4.ie\/en\/information\/\"},{\"@type\":\"ListItem\",\"position\":3,\"name\":\"Press\",\"item\":\"https:\/\/dev.tg4.ie\/en\/information\/press\/\"},{\"@type\":\"ListItem\",\"position\":4,\"name\":\"Press Releases\",\"item\":\"https:\/\/dev.tg4.ie\/en\/information\/press\/press-releases\/\"},{\"@type\":\"ListItem\",\"position\":5,\"name\":\"2025\",\"item\":\"https:\/\/dev.tg4.ie\/en\/information\/press\/press-releases\/2025-2\/\"},{\"@type\":\"ListItem\",\"position\":6,\"name\":\"TG4, BBC NI and S4C Unveil First Ever Co-Commissioned Animated Christmas Movie\"}]},{\"@type\":\"WebSite\",\"@id\":\"https:\/\/dev.tg4.ie\/en\/#website\",\"url\":\"https:\/\/dev.tg4.ie\/en\/\",\"name\":\"TG4\",\"description\":\"S\u00fail Eile\",\"potentialAction\":[{\"@type\":\"SearchAction\",\"target\":{\"@type\":\"EntryPoint\",\"urlTemplate\":\"https:\/\/dev.tg4.ie\/en\/?s={search_term_string}\"},\"query-input\":\"required name=search_term_string\"}],\"inLanguage\":\"en-ie\"}]}<\/script>\n<!-- \/ Yoast SEO plugin. -->","yoast_head_json":{"title":"TG4, BBC NI and S4C Unveil First Ever Co-Commissioned Animated Christmas Movie | Press Release | TG4","description":"A Landmark International Co-Production to air on December 14th in Irish on TG4 & C\u00fala4, on BBC Two Northern Ireland and BBC iPlayer, and in Welsh on S4C.\u00a0","robots":{"index":"index","follow":"follow","max-snippet":"max-snippet:-1","max-image-preview":"max-image-preview:large","max-video-preview":"max-video-preview:-1"},"og_locale":"en_US","og_type":"article","og_title":"TG4, BBC NI and S4C Unveil First Ever Co-Commissioned Animated Christmas Movie | Press Release | TG4","og_description":"A Landmark International Co-Production to air on December 14th in Irish on TG4 & C\u00fala4, on BBC Two Northern Ireland and BBC iPlayer, and in Welsh on S4C.\u00a0","og_url":"https:\/\/dev.tg4.ie\/en\/information\/press\/press-releases\/2025-2\/tg4-bbc-ni-and-s4c-unveil-first-ever-co-commissioned-animated-christmas-movie\/","og_site_name":"TG4","article_publisher":"https:\/\/www.facebook.com\/TG4TV","article_modified_time":"2025-12-03T10:04:55+00:00","og_image":[{"url":"https:\/\/dev.tg4.ie\/wp-content\/uploads\/2025\/11\/Nollai_1-1920x1080-1.jpg"}],"twitter_card":"summary_large_image","twitter_site":"@TG4TV","twitter_misc":{"Est. reading time":"5 minutes"},"schema":{"@context":"https:\/\/schema.org","@graph":[{"@type":"WebPage","@id":"https:\/\/dev.tg4.ie\/en\/information\/press\/press-releases\/2025-2\/tg4-bbc-ni-and-s4c-unveil-first-ever-co-commissioned-animated-christmas-movie\/","url":"https:\/\/dev.tg4.ie\/en\/information\/press\/press-releases\/2025-2\/tg4-bbc-ni-and-s4c-unveil-first-ever-co-commissioned-animated-christmas-movie\/","name":"TG4, BBC NI and S4C Unveil First Ever Co-Commissioned Animated Christmas Movie | Press Release | TG4","isPartOf":{"@id":"https:\/\/dev.tg4.ie\/en\/#website"},"primaryImageOfPage":{"@id":"https:\/\/dev.tg4.ie\/en\/information\/press\/press-releases\/2025-2\/tg4-bbc-ni-and-s4c-unveil-first-ever-co-commissioned-animated-christmas-movie\/#primaryimage"},"image":{"@id":"https:\/\/dev.tg4.ie\/en\/information\/press\/press-releases\/2025-2\/tg4-bbc-ni-and-s4c-unveil-first-ever-co-commissioned-animated-christmas-movie\/#primaryimage"},"thumbnailUrl":"https:\/\/dev.tg4.ie\/wp-content\/uploads\/2025\/11\/Nollai_1-1920x1080-1.jpg","datePublished":"2025-11-25T17:06:23+00:00","dateModified":"2025-12-03T10:04:55+00:00","description":"A Landmark International Co-Production to air on December 14th in Irish on TG4 & C\u00fala4, on BBC Two Northern Ireland and BBC iPlayer, and in Welsh on S4C.\u00a0","breadcrumb":{"@id":"https:\/\/dev.tg4.ie\/en\/information\/press\/press-releases\/2025-2\/tg4-bbc-ni-and-s4c-unveil-first-ever-co-commissioned-animated-christmas-movie\/#breadcrumb"},"inLanguage":"en-ie","potentialAction":[{"@type":"ReadAction","target":["https:\/\/dev.tg4.ie\/en\/information\/press\/press-releases\/2025-2\/tg4-bbc-ni-and-s4c-unveil-first-ever-co-commissioned-animated-christmas-movie\/"]}]},{"@type":"ImageObject","inLanguage":"en-ie","@id":"https:\/\/dev.tg4.ie\/en\/information\/press\/press-releases\/2025-2\/tg4-bbc-ni-and-s4c-unveil-first-ever-co-commissioned-animated-christmas-movie\/#primaryimage","url":"https:\/\/dev.tg4.ie\/wp-content\/uploads\/2025\/11\/Nollai_1-1920x1080-1.jpg","contentUrl":"https:\/\/dev.tg4.ie\/wp-content\/uploads\/2025\/11\/Nollai_1-1920x1080-1.jpg"},{"@type":"BreadcrumbList","@id":"https:\/\/dev.tg4.ie\/en\/information\/press\/press-releases\/2025-2\/tg4-bbc-ni-and-s4c-unveil-first-ever-co-commissioned-animated-christmas-movie\/#breadcrumb","itemListElement":[{"@type":"ListItem","position":1,"name":"Home","item":"https:\/\/dev.tg4.ie\/en\/"},{"@type":"ListItem","position":2,"name":"Information","item":"https:\/\/dev.tg4.ie\/en\/information\/"},{"@type":"ListItem","position":3,"name":"Press","item":"https:\/\/dev.tg4.ie\/en\/information\/press\/"},{"@type":"ListItem","position":4,"name":"Press Releases","item":"https:\/\/dev.tg4.ie\/en\/information\/press\/press-releases\/"},{"@type":"ListItem","position":5,"name":"2025","item":"https:\/\/dev.tg4.ie\/en\/information\/press\/press-releases\/2025-2\/"},{"@type":"ListItem","position":6,"name":"TG4, BBC NI and S4C Unveil First Ever Co-Commissioned Animated Christmas Movie"}]},{"@type":"WebSite","@id":"https:\/\/dev.tg4.ie\/en\/#website","url":"https:\/\/dev.tg4.ie\/en\/","name":"TG4","description":"S\u00fail Eile","potentialAction":[{"@type":"SearchAction","target":{"@type":"EntryPoint","urlTemplate":"https:\/\/dev.tg4.ie\/en\/?s={search_term_string}"},"query-input":"required name=search_term_string"}],"inLanguage":"en-ie"}]}},"_links":{"self":[{"href":"https:\/\/dev.tg4.ie\/en\/wp-json\/wp\/v2\/pages\/248116"}],"collection":[{"href":"https:\/\/dev.tg4.ie\/en\/wp-json\/wp\/v2\/pages"}],"about":[{"href":"https:\/\/dev.tg4.ie\/en\/wp-json\/wp\/v2\/types\/page"}],"author":[{"embeddable":true,"href":"https:\/\/dev.tg4.ie\/en\/wp-json\/wp\/v2\/users\/876"}],"replies":[{"embeddable":true,"href":"https:\/\/dev.tg4.ie\/en\/wp-json\/wp\/v2\/comments?post=248116"}],"version-history":[{"count":0,"href":"https:\/\/dev.tg4.ie\/en\/wp-json\/wp\/v2\/pages\/248116\/revisions"}],"up":[{"embeddable":true,"href":"https:\/\/dev.tg4.ie\/en\/wp-json\/wp\/v2\/pages\/236809"}],"wp:attachment":[{"href":"https:\/\/dev.tg4.ie\/en\/wp-json\/wp\/v2\/media?parent=248116"}],"curies":[{"name":"wp","href":"https:\/\/api.w.org\/{rel}","templated":true}]}}