{"id":248201,"date":"2025-12-03T10:00:32","date_gmt":"2025-12-03T10:00:32","guid":{"rendered":"https:\/\/dev.tg4.ie\/?page_id=248201"},"modified":"2025-12-03T10:02:43","modified_gmt":"2025-12-03T10:02:43","slug":"a-e1-2m-initiative-from-tg4-and-udaras-na-gaeltachta-to-strengthen-irish-language-media-development","status":"publish","type":"page","link":"https:\/\/dev.tg4.ie\/en\/information\/press\/press-releases\/2025-2\/a-e1-2m-initiative-from-tg4-and-udaras-na-gaeltachta-to-strengthen-irish-language-media-development\/","title":{"rendered":"A \u20ac1.2m initiative from TG4 and \u00dadar\u00e1s na Gaeltachta to Strengthen Irish-Language Media Development"},"content":{"rendered":"<p><img loading=\"lazy\" decoding=\"async\" width=\"1920\" height=\"1080\" src=\"https:\/\/tg4-docs.s3.amazonaws.com\/wp-content\/uploads\/2025\/12\/03094517\/TG4_UnaG_Pairtneireacht_2025_1-1920x1080-1.jpg\" alt=\"\" class=\"aligncenter size-full wp-image-248198\" srcset=\"https:\/\/tg4-docs.s3.amazonaws.com\/wp-content\/uploads\/2025\/12\/03094517\/TG4_UnaG_Pairtneireacht_2025_1-1920x1080-1.jpg 1920w, https:\/\/tg4-docs.s3.amazonaws.com\/wp-content\/uploads\/2025\/12\/03094517\/TG4_UnaG_Pairtneireacht_2025_1-1920x1080-1-250x141.jpg 250w, https:\/\/tg4-docs.s3.amazonaws.com\/wp-content\/uploads\/2025\/12\/03094517\/TG4_UnaG_Pairtneireacht_2025_1-1920x1080-1-700x394.jpg 700w, https:\/\/tg4-docs.s3.amazonaws.com\/wp-content\/uploads\/2025\/12\/03094517\/TG4_UnaG_Pairtneireacht_2025_1-1920x1080-1-252x141.jpg 252w, https:\/\/tg4-docs.s3.amazonaws.com\/wp-content\/uploads\/2025\/12\/03094517\/TG4_UnaG_Pairtneireacht_2025_1-1920x1080-1-1536x864.jpg 1536w, https:\/\/tg4-docs.s3.amazonaws.com\/wp-content\/uploads\/2025\/12\/03094517\/TG4_UnaG_Pairtneireacht_2025_1-1920x1080-1-120x68.jpg 120w\" sizes=\"(max-width: 1920px) 100vw, 1920px\" \/><br \/>\n<center><sup>Cathaoirleach TG4, Anna N\u00ed Ghallachair, Ard-Sti\u00farth\u00f3ir TG4, Deirdre N\u00ed Choist\u00edn, Pr\u00edomhfheidhmeannach an \u00dadar\u00e1is, Tom\u00e1s \u00d3 S\u00edoch\u00e1in and Cathaoirleach \u00dadar\u00e1s na Gaeltachta, Siobh\u00e1n N\u00ed Ghadhra. Credit: Se\u00e1n \u00d3 Mainn\u00edn<\/sup><\/center><br \/>\n&nbsp;<\/p>\n<p>A new strategic partnership between TG4 and \u00dadar\u00e1s na Gaeltachta (\u00danaG) was launched today at TG4, where the two organisations will jointly invest over \u20ac1.2m per year between now and the end of 2028, to support the development and training of the independent production sector.<br \/>\n&nbsp;<br \/>\nAs part of this investment, strategic development and training programmes will be made available to those developing their careers in the media and to Irish Language production companies providing creative content in the media sector. The initiative will enhance skills, qualifications and competitiveness of production companies. A Programme Manager will be appointed to oversee the training and development programmes, in collaboration with the \u00dadar\u00e1s na Gaeltachta and TG4.<br \/>\n&nbsp;<br \/>\nSpeaking at the event, <strong>Deirdre N\u00ed Choist\u00edn, Director General of TG4<\/strong>, said: <em>\u201cEmpowering and cultivating creativity is at the heart of TG4\u2019s strategy, and the independent production sector is central to delivering that vision. This new partnership with \u00dadar\u00e1s na Gaeltachta will allow us to focus on the growth and development of the Irish-language sector, career training, and future-focused skills development on a strategic, long-term basis. This additional funding will support policies that empower Irish-language creative talent, upcoming talent, and development opportunities for companies operating through Irish.\u201d<\/em><br \/>\n&nbsp;<br \/>\nAlso speaking at the event, <strong>Tom\u00e1s \u00d3 S\u00edoch\u00e1in, Chief Executive of \u00dadar\u00e1s na Gaeltachta<\/strong>, said: <em>\u201cThe Gaeltacht\u2019s audiovisual sector has both linguistic and economic importance. This partnership will accelerate and deepen the development of a talent pipeline and the strengthening of capacity among content creators and programme producers working through the Irish language. It will consolidate the potential of Irish as a core development resource for the sector, material that will be reflected through programmes and other digital content supplied to the visual media sector and markets, whether on television, as films, on the internet or via digital media.\u201d<\/em><br \/>\n&nbsp;<br \/>\nTG4 and \u00dadar\u00e1s na Gaeltachta launched a pilot \u2018Work Experience and Training Scheme\u2019 in 2019, which was in place until 2025. The new joint venture builds on the experience gained from that scheme.<br \/>\n&nbsp;<br \/>\nThat scheme focused on supporting Gaeltacht \/ Irish-language companies, with the aim of cultivating new talent, developing skills and providing practical work experience for people starting out in the Irish-language audiovisual and digital-media sector. As part of this, participants achieved an academic qualification (Level 8 accredited) under the guidance of the Atlantic Technological University (ATU).<br \/>\n&nbsp;<br \/>\nThis new partnership arises from comprehensive research carried out by TG4 and \u00danaG. As part of this research, consultations were held with companies and with the audiovisual sector. The findings of the research indicated a need for further investment to stimulate training and development in the Irish-language media sector, to support the development and of companies, and to ensure better coordination among all stakeholders.<br \/>\n&nbsp;<br \/>\nThis initiative will also develop a schools programmes with the aim of informing students about the employment opportunities available within the Irish language sector and to help them understand the career paths open to them in the creative industries.<br \/>\n&nbsp;<br \/>\n&nbsp;<\/p>\n","protected":false},"excerpt":{"rendered":"<p>Cathaoirleach TG4, Anna N\u00ed Ghallachair, Ard-Sti\u00farth\u00f3ir TG4, Deirdre N\u00ed Choist\u00edn, Pr\u00edomhfheidhmeannach an \u00dadar\u00e1is, Tom\u00e1s \u00d3 S\u00edoch\u00e1in and Cathaoirleach \u00dadar\u00e1s na Gaeltachta, Siobh\u00e1n N\u00ed Ghadhra. Credit: Se\u00e1n \u00d3 Mainn\u00edn &nbsp; A new strategic partnership between TG4 and \u00dadar\u00e1s na Gaeltachta (\u00danaG) was launched today at TG4, where the two organisations will jointly invest over \u20ac1.2m per [&hellip;]<\/p>\n","protected":false},"author":876,"featured_media":0,"parent":236809,"menu_order":73,"comment_status":"closed","ping_status":"closed","template":"page-templates\/template-pr.php","meta":{"_acf_changed":false,"footnotes":""},"acf":[],"yoast_head":"<!-- This site is optimized with the Yoast SEO plugin v22.6 - https:\/\/yoast.com\/wordpress\/plugins\/seo\/ -->\n<title>A \u20ac1.2m initiative from TG4 and \u00dadar\u00e1s na Gaeltachta to Strengthen Irish-Language Media Development | Press Release | TG4<\/title>\n<meta name=\"description\" content=\"A new strategic partnership between TG4 and \u00dadar\u00e1s na Gaeltachta (\u00danaG) was launched today at TG4, where the two organisations will jointly invest over \u20ac1.2m per year between now and the end of 2028, to support the development and training of the independent production sector.\" \/>\n<meta name=\"robots\" content=\"index, follow, max-snippet:-1, max-image-preview:large, max-video-preview:-1\" \/>\n<meta property=\"og:locale\" content=\"en_US\" \/>\n<meta property=\"og:type\" content=\"article\" \/>\n<meta property=\"og:title\" content=\"A \u20ac1.2m initiative from TG4 and \u00dadar\u00e1s na Gaeltachta to Strengthen Irish-Language Media Development | Press Release | TG4\" \/>\n<meta property=\"og:description\" content=\"A new strategic partnership between TG4 and \u00dadar\u00e1s na Gaeltachta (\u00danaG) was launched today at TG4, where the two organisations will jointly invest over \u20ac1.2m per year between now and the end of 2028, to support the development and training of the independent production sector.\" \/>\n<meta property=\"og:url\" content=\"https:\/\/dev.tg4.ie\/en\/information\/press\/press-releases\/2025-2\/a-e1-2m-initiative-from-tg4-and-udaras-na-gaeltachta-to-strengthen-irish-language-media-development\/\" \/>\n<meta property=\"og:site_name\" content=\"TG4\" \/>\n<meta property=\"article:publisher\" content=\"https:\/\/www.facebook.com\/TG4TV\" \/>\n<meta property=\"article:modified_time\" content=\"2025-12-03T10:02:43+00:00\" \/>\n<meta property=\"og:image\" content=\"https:\/\/dev.tg4.ie\/wp-content\/uploads\/2025\/12\/TG4_UnaG_Pairtneireacht_2025_1-1920x1080-1.jpg\" \/>\n<meta name=\"twitter:card\" content=\"summary_large_image\" \/>\n<meta name=\"twitter:site\" content=\"@TG4TV\" \/>\n<meta name=\"twitter:label1\" content=\"Est. reading time\" \/>\n\t<meta name=\"twitter:data1\" content=\"3 minutes\" \/>\n<script type=\"application\/ld+json\" class=\"yoast-schema-graph\">{\"@context\":\"https:\/\/schema.org\",\"@graph\":[{\"@type\":\"WebPage\",\"@id\":\"https:\/\/dev.tg4.ie\/en\/information\/press\/press-releases\/2025-2\/a-e1-2m-initiative-from-tg4-and-udaras-na-gaeltachta-to-strengthen-irish-language-media-development\/\",\"url\":\"https:\/\/dev.tg4.ie\/en\/information\/press\/press-releases\/2025-2\/a-e1-2m-initiative-from-tg4-and-udaras-na-gaeltachta-to-strengthen-irish-language-media-development\/\",\"name\":\"A \u20ac1.2m initiative from TG4 and \u00dadar\u00e1s na Gaeltachta to Strengthen Irish-Language Media Development | Press Release | TG4\",\"isPartOf\":{\"@id\":\"https:\/\/dev.tg4.ie\/en\/#website\"},\"primaryImageOfPage\":{\"@id\":\"https:\/\/dev.tg4.ie\/en\/information\/press\/press-releases\/2025-2\/a-e1-2m-initiative-from-tg4-and-udaras-na-gaeltachta-to-strengthen-irish-language-media-development\/#primaryimage\"},\"image\":{\"@id\":\"https:\/\/dev.tg4.ie\/en\/information\/press\/press-releases\/2025-2\/a-e1-2m-initiative-from-tg4-and-udaras-na-gaeltachta-to-strengthen-irish-language-media-development\/#primaryimage\"},\"thumbnailUrl\":\"https:\/\/dev.tg4.ie\/wp-content\/uploads\/2025\/12\/TG4_UnaG_Pairtneireacht_2025_1-1920x1080-1.jpg\",\"datePublished\":\"2025-12-03T10:00:32+00:00\",\"dateModified\":\"2025-12-03T10:02:43+00:00\",\"description\":\"A new strategic partnership between TG4 and \u00dadar\u00e1s na Gaeltachta (\u00danaG) was launched today at TG4, where the two organisations will jointly invest over \u20ac1.2m per year between now and the end of 2028, to support the development and training of the independent production sector.\",\"breadcrumb\":{\"@id\":\"https:\/\/dev.tg4.ie\/en\/information\/press\/press-releases\/2025-2\/a-e1-2m-initiative-from-tg4-and-udaras-na-gaeltachta-to-strengthen-irish-language-media-development\/#breadcrumb\"},\"inLanguage\":\"en-ie\",\"potentialAction\":[{\"@type\":\"ReadAction\",\"target\":[\"https:\/\/dev.tg4.ie\/en\/information\/press\/press-releases\/2025-2\/a-e1-2m-initiative-from-tg4-and-udaras-na-gaeltachta-to-strengthen-irish-language-media-development\/\"]}]},{\"@type\":\"ImageObject\",\"inLanguage\":\"en-ie\",\"@id\":\"https:\/\/dev.tg4.ie\/en\/information\/press\/press-releases\/2025-2\/a-e1-2m-initiative-from-tg4-and-udaras-na-gaeltachta-to-strengthen-irish-language-media-development\/#primaryimage\",\"url\":\"https:\/\/dev.tg4.ie\/wp-content\/uploads\/2025\/12\/TG4_UnaG_Pairtneireacht_2025_1-1920x1080-1.jpg\",\"contentUrl\":\"https:\/\/dev.tg4.ie\/wp-content\/uploads\/2025\/12\/TG4_UnaG_Pairtneireacht_2025_1-1920x1080-1.jpg\"},{\"@type\":\"BreadcrumbList\",\"@id\":\"https:\/\/dev.tg4.ie\/en\/information\/press\/press-releases\/2025-2\/a-e1-2m-initiative-from-tg4-and-udaras-na-gaeltachta-to-strengthen-irish-language-media-development\/#breadcrumb\",\"itemListElement\":[{\"@type\":\"ListItem\",\"position\":1,\"name\":\"Home\",\"item\":\"https:\/\/dev.tg4.ie\/en\/\"},{\"@type\":\"ListItem\",\"position\":2,\"name\":\"Information\",\"item\":\"https:\/\/dev.tg4.ie\/en\/information\/\"},{\"@type\":\"ListItem\",\"position\":3,\"name\":\"Press\",\"item\":\"https:\/\/dev.tg4.ie\/en\/information\/press\/\"},{\"@type\":\"ListItem\",\"position\":4,\"name\":\"Press Releases\",\"item\":\"https:\/\/dev.tg4.ie\/en\/information\/press\/press-releases\/\"},{\"@type\":\"ListItem\",\"position\":5,\"name\":\"2025\",\"item\":\"https:\/\/dev.tg4.ie\/en\/information\/press\/press-releases\/2025-2\/\"},{\"@type\":\"ListItem\",\"position\":6,\"name\":\"A \u20ac1.2m initiative from TG4 and \u00dadar\u00e1s na Gaeltachta to Strengthen Irish-Language Media Development\"}]},{\"@type\":\"WebSite\",\"@id\":\"https:\/\/dev.tg4.ie\/en\/#website\",\"url\":\"https:\/\/dev.tg4.ie\/en\/\",\"name\":\"TG4\",\"description\":\"S\u00fail Eile\",\"potentialAction\":[{\"@type\":\"SearchAction\",\"target\":{\"@type\":\"EntryPoint\",\"urlTemplate\":\"https:\/\/dev.tg4.ie\/en\/?s={search_term_string}\"},\"query-input\":\"required name=search_term_string\"}],\"inLanguage\":\"en-ie\"}]}<\/script>\n<!-- \/ Yoast SEO plugin. -->","yoast_head_json":{"title":"A \u20ac1.2m initiative from TG4 and \u00dadar\u00e1s na Gaeltachta to Strengthen Irish-Language Media Development | Press Release | TG4","description":"A new strategic partnership between TG4 and \u00dadar\u00e1s na Gaeltachta (\u00danaG) was launched today at TG4, where the two organisations will jointly invest over \u20ac1.2m per year between now and the end of 2028, to support the development and training of the independent production sector.","robots":{"index":"index","follow":"follow","max-snippet":"max-snippet:-1","max-image-preview":"max-image-preview:large","max-video-preview":"max-video-preview:-1"},"og_locale":"en_US","og_type":"article","og_title":"A \u20ac1.2m initiative from TG4 and \u00dadar\u00e1s na Gaeltachta to Strengthen Irish-Language Media Development | Press Release | TG4","og_description":"A new strategic partnership between TG4 and \u00dadar\u00e1s na Gaeltachta (\u00danaG) was launched today at TG4, where the two organisations will jointly invest over \u20ac1.2m per year between now and the end of 2028, to support the development and training of the independent production sector.","og_url":"https:\/\/dev.tg4.ie\/en\/information\/press\/press-releases\/2025-2\/a-e1-2m-initiative-from-tg4-and-udaras-na-gaeltachta-to-strengthen-irish-language-media-development\/","og_site_name":"TG4","article_publisher":"https:\/\/www.facebook.com\/TG4TV","article_modified_time":"2025-12-03T10:02:43+00:00","og_image":[{"url":"https:\/\/dev.tg4.ie\/wp-content\/uploads\/2025\/12\/TG4_UnaG_Pairtneireacht_2025_1-1920x1080-1.jpg"}],"twitter_card":"summary_large_image","twitter_site":"@TG4TV","twitter_misc":{"Est. reading time":"3 minutes"},"schema":{"@context":"https:\/\/schema.org","@graph":[{"@type":"WebPage","@id":"https:\/\/dev.tg4.ie\/en\/information\/press\/press-releases\/2025-2\/a-e1-2m-initiative-from-tg4-and-udaras-na-gaeltachta-to-strengthen-irish-language-media-development\/","url":"https:\/\/dev.tg4.ie\/en\/information\/press\/press-releases\/2025-2\/a-e1-2m-initiative-from-tg4-and-udaras-na-gaeltachta-to-strengthen-irish-language-media-development\/","name":"A \u20ac1.2m initiative from TG4 and \u00dadar\u00e1s na Gaeltachta to Strengthen Irish-Language Media Development | Press Release | TG4","isPartOf":{"@id":"https:\/\/dev.tg4.ie\/en\/#website"},"primaryImageOfPage":{"@id":"https:\/\/dev.tg4.ie\/en\/information\/press\/press-releases\/2025-2\/a-e1-2m-initiative-from-tg4-and-udaras-na-gaeltachta-to-strengthen-irish-language-media-development\/#primaryimage"},"image":{"@id":"https:\/\/dev.tg4.ie\/en\/information\/press\/press-releases\/2025-2\/a-e1-2m-initiative-from-tg4-and-udaras-na-gaeltachta-to-strengthen-irish-language-media-development\/#primaryimage"},"thumbnailUrl":"https:\/\/dev.tg4.ie\/wp-content\/uploads\/2025\/12\/TG4_UnaG_Pairtneireacht_2025_1-1920x1080-1.jpg","datePublished":"2025-12-03T10:00:32+00:00","dateModified":"2025-12-03T10:02:43+00:00","description":"A new strategic partnership between TG4 and \u00dadar\u00e1s na Gaeltachta (\u00danaG) was launched today at TG4, where the two organisations will jointly invest over \u20ac1.2m per year between now and the end of 2028, to support the development and training of the independent production sector.","breadcrumb":{"@id":"https:\/\/dev.tg4.ie\/en\/information\/press\/press-releases\/2025-2\/a-e1-2m-initiative-from-tg4-and-udaras-na-gaeltachta-to-strengthen-irish-language-media-development\/#breadcrumb"},"inLanguage":"en-ie","potentialAction":[{"@type":"ReadAction","target":["https:\/\/dev.tg4.ie\/en\/information\/press\/press-releases\/2025-2\/a-e1-2m-initiative-from-tg4-and-udaras-na-gaeltachta-to-strengthen-irish-language-media-development\/"]}]},{"@type":"ImageObject","inLanguage":"en-ie","@id":"https:\/\/dev.tg4.ie\/en\/information\/press\/press-releases\/2025-2\/a-e1-2m-initiative-from-tg4-and-udaras-na-gaeltachta-to-strengthen-irish-language-media-development\/#primaryimage","url":"https:\/\/dev.tg4.ie\/wp-content\/uploads\/2025\/12\/TG4_UnaG_Pairtneireacht_2025_1-1920x1080-1.jpg","contentUrl":"https:\/\/dev.tg4.ie\/wp-content\/uploads\/2025\/12\/TG4_UnaG_Pairtneireacht_2025_1-1920x1080-1.jpg"},{"@type":"BreadcrumbList","@id":"https:\/\/dev.tg4.ie\/en\/information\/press\/press-releases\/2025-2\/a-e1-2m-initiative-from-tg4-and-udaras-na-gaeltachta-to-strengthen-irish-language-media-development\/#breadcrumb","itemListElement":[{"@type":"ListItem","position":1,"name":"Home","item":"https:\/\/dev.tg4.ie\/en\/"},{"@type":"ListItem","position":2,"name":"Information","item":"https:\/\/dev.tg4.ie\/en\/information\/"},{"@type":"ListItem","position":3,"name":"Press","item":"https:\/\/dev.tg4.ie\/en\/information\/press\/"},{"@type":"ListItem","position":4,"name":"Press Releases","item":"https:\/\/dev.tg4.ie\/en\/information\/press\/press-releases\/"},{"@type":"ListItem","position":5,"name":"2025","item":"https:\/\/dev.tg4.ie\/en\/information\/press\/press-releases\/2025-2\/"},{"@type":"ListItem","position":6,"name":"A \u20ac1.2m initiative from TG4 and \u00dadar\u00e1s na Gaeltachta to Strengthen Irish-Language Media Development"}]},{"@type":"WebSite","@id":"https:\/\/dev.tg4.ie\/en\/#website","url":"https:\/\/dev.tg4.ie\/en\/","name":"TG4","description":"S\u00fail Eile","potentialAction":[{"@type":"SearchAction","target":{"@type":"EntryPoint","urlTemplate":"https:\/\/dev.tg4.ie\/en\/?s={search_term_string}"},"query-input":"required name=search_term_string"}],"inLanguage":"en-ie"}]}},"_links":{"self":[{"href":"https:\/\/dev.tg4.ie\/en\/wp-json\/wp\/v2\/pages\/248201"}],"collection":[{"href":"https:\/\/dev.tg4.ie\/en\/wp-json\/wp\/v2\/pages"}],"about":[{"href":"https:\/\/dev.tg4.ie\/en\/wp-json\/wp\/v2\/types\/page"}],"author":[{"embeddable":true,"href":"https:\/\/dev.tg4.ie\/en\/wp-json\/wp\/v2\/users\/876"}],"replies":[{"embeddable":true,"href":"https:\/\/dev.tg4.ie\/en\/wp-json\/wp\/v2\/comments?post=248201"}],"version-history":[{"count":0,"href":"https:\/\/dev.tg4.ie\/en\/wp-json\/wp\/v2\/pages\/248201\/revisions"}],"up":[{"embeddable":true,"href":"https:\/\/dev.tg4.ie\/en\/wp-json\/wp\/v2\/pages\/236809"}],"wp:attachment":[{"href":"https:\/\/dev.tg4.ie\/en\/wp-json\/wp\/v2\/media?parent=248201"}],"curies":[{"name":"wp","href":"https:\/\/api.w.org\/{rel}","templated":true}]}}