{"id":248272,"date":"2025-12-05T13:11:56","date_gmt":"2025-12-05T13:11:56","guid":{"rendered":"https:\/\/dev.tg4.ie\/information\/press\/press-releases\/2025-2\/deich-mbliana-dathru-o-bhonn-agus-dathru-soisialta-faoi-chaibidil-i-gclar-faisneise-nua-ar-tg4\/"},"modified":"2025-12-05T13:19:52","modified_gmt":"2025-12-05T13:19:52","slug":"new-documentary-on-tg4-covers-a-decade-of-transformation-and-social-change","status":"publish","type":"page","link":"https:\/\/dev.tg4.ie\/en\/information\/press\/press-releases\/2025-2\/new-documentary-on-tg4-covers-a-decade-of-transformation-and-social-change\/","title":{"rendered":"New Documentary on TG4 covers a Decade of Transformation and Social Change"},"content":{"rendered":"<p><center>There are two versions of the programme:<br \/>\nMonday 22nd December at 19:45, with Irish Sign Language (ISL) and Audio Description on TG4 and worldwide on TG4.ie<\/p>\n<p>Tuesday 30th December at 21:00, with English Subtitles and Audio Description on TG4 and worldwide on TG4.ie<\/center><br \/>\n&nbsp;<br \/>\n<img loading=\"lazy\" decoding=\"async\" width=\"1920\" height=\"1080\" class=\"aligncenter size-full wp-image-248269\" src=\"https:\/\/tg4-docs.s3.amazonaws.com\/wp-content\/uploads\/2025\/12\/05131129\/GAA_70s-Reabhloid_Shoisialta_1-1920x1080-1.jpg\" alt=\"\" srcset=\"https:\/\/tg4-docs.s3.amazonaws.com\/wp-content\/uploads\/2025\/12\/05131129\/GAA_70s-Reabhloid_Shoisialta_1-1920x1080-1.jpg 1920w, https:\/\/tg4-docs.s3.amazonaws.com\/wp-content\/uploads\/2025\/12\/05131129\/GAA_70s-Reabhloid_Shoisialta_1-1920x1080-1-250x141.jpg 250w, https:\/\/tg4-docs.s3.amazonaws.com\/wp-content\/uploads\/2025\/12\/05131129\/GAA_70s-Reabhloid_Shoisialta_1-1920x1080-1-700x394.jpg 700w, https:\/\/tg4-docs.s3.amazonaws.com\/wp-content\/uploads\/2025\/12\/05131129\/GAA_70s-Reabhloid_Shoisialta_1-1920x1080-1-252x141.jpg 252w, https:\/\/tg4-docs.s3.amazonaws.com\/wp-content\/uploads\/2025\/12\/05131129\/GAA_70s-Reabhloid_Shoisialta_1-1920x1080-1-1536x864.jpg 1536w, https:\/\/tg4-docs.s3.amazonaws.com\/wp-content\/uploads\/2025\/12\/05131129\/GAA_70s-Reabhloid_Shoisialta_1-1920x1080-1-120x68.jpg 120w\" sizes=\"(max-width: 1920px) 100vw, 1920px\" \/><br \/>\n&nbsp;<br \/>\n<iframe loading=\"lazy\" title=\"YouTube video player\" src=\"https:\/\/www.youtube.com\/embed\/6lAqfKZ3vSo?si=dIiciN1mJrQMc-YC\" width=\"560\" height=\"315\" frameborder=\"0\" allowfullscreen=\"allowfullscreen\"><\/iframe><br \/>\n&nbsp;<br \/>\nTG4 is proud to present<span>\u00a0<\/span><strong><span>GAA 70\u2019s \u2013 R\u00e9abhl\u00f3id Sh\u00f3isialta<\/span><\/strong><span>\u00a0<\/span>(<em><span>GAA 70\u2019s \u2013 A Social Revolution<\/span><\/em>), a brand-new, celebratory bilingual, feature-length documentary, that captures one of the most defining eras in Gaelic Games and Irish society. Produced by<span>\u00a0<\/span><strong><span>Bankos Tales<\/span><\/strong><span>\u00a0<\/span>for TG4 with the support of<span>\u00a0<\/span><strong><span>Coimisi\u00fan na Me\u00e1n<\/span><\/strong>, the film is shot in stunning 4K and offers unprecedented access to the legendary figures who shaped a golden decade of Gaelic Football.<\/p>\n<p>In this cinematic and emotionally rich documentary, some of the greatest players from<span>\u00a0<\/span><strong><span>Dublin, Galway and Kerry<\/span><\/strong><span>\u00a0<\/span>reunite in their county colours to reflect on their friendships, rivalries, and the journey to Croke Park. The programme weaves a continuous narrative shaped by intimate interviews, rare archive footage, re-enactments, and unforgettable match moments.<\/p>\n<p>It also unearths hidden stories in locations including Galway Golf Course with the Dubs and the Tribesmen close to the banks of the picturesque Galway Bay; and the breathtaking Ring of Kerry, where iconic figures from the Kingdom and the Capital reflect on an era that shaped the modern GAA<\/p>\n<p><em><b><span>\u00a0 \u00a0 \u00a0 \u00a0 \u00a0 \u00a0 \u00a0 \u00a0 \u00a0 \u00a0 \u00a0 \u00a0 \u00a0 \u00a0 \u00a0 \u00a0 \u00a0 \u00a0 \u00a0 \u00a0 \u00a0 \u00a0 Tommy Joe Gilmore (Galway):<\/span><\/b><\/em><em><span>\u00a0\u201cThe appointment of Kevin Heffernan was a major, major coup.\u201d<\/span><\/em><i><br \/>\n<strong><span>\u00a0 \u00a0 \u00a0 \u00a0 \u00a0 \u00a0 \u00a0 \u00a0 \u00a0 \u00a0 \u00a0 \u00a0 \u00a0 \u00a0 \u00a0 \u00a0 \u00a0 \u00a0 \u00a0 \u00a0 \u00a0 \u00a0 Johnny Hughes (Galway):<\/span><\/strong><em><span>\u00a0\u201cWe foolishly fell into the trap, it was naivety on our part.\u201d<\/span><\/em><br \/>\n<strong><span>\u00a0 \u00a0 \u00a0 \u00a0 \u00a0 \u00a0 \u00a0 \u00a0 \u00a0 \u00a0 \u00a0 \u00a0 \u00a0 \u00a0 \u00a0 \u00a0 \u00a0 \u00a0 \u00a0 \u00a0 \u00a0 \u00a0Pat Spillane (Kerry):<\/span><\/strong><em><span>\u00a0\u201cMicko came on board, we hopped on this magic carpet and he took us on the most magical ride.\u201d<\/span><\/em><\/i><\/p>\n<p>The documentary contextualises the evolution of Gaelic Football within the broader social changes of 1970s Ireland. With unique insight, contributors recall how the sport, and the country, entered a period of profound cultural and social transformation.<\/p>\n<p><em><b><span>\u00a0 \u00a0 \u00a0 \u00a0 \u00a0 \u00a0 \u00a0 \u00a0 \u00a0 \u00a0 \u00a0 \u00a0 \u00a0 \u00a0 \u00a0 \u00a0 \u00a0 \u00a0 \u00a0 \u00a0 \u00a0 \u00a0Mickey Ned O\u2019Sullivan (Kerry captain, 1975):<\/span><\/b><\/em><em><span>\u00a0\u201c1974 changed everything.\u201d<\/span><\/em><i><br \/>\n<strong><span>\u00a0 \u00a0 \u00a0 \u00a0 \u00a0 \u00a0 \u00a0 \u00a0 \u00a0 \u00a0 \u00a0 \u00a0 \u00a0 \u00a0 \u00a0 \u00a0 \u00a0 \u00a0 \u00a0 \u00a0 \u00a0 \u00a0Martin \u2018Major\u2019 Joyce (St Christopher Gaels GFC):<\/span><\/strong><em><span>\u00a0\u201cIt was all down to Kevin Heffernan, he gave an awful lot of inspiration not just to traveller people but settled people.\u201d<\/span><\/em><br \/>\n<strong><span>\u00a0 \u00a0 \u00a0 \u00a0 \u00a0 \u00a0 \u00a0 \u00a0 \u00a0 \u00a0 \u00a0 \u00a0 \u00a0 \u00a0 \u00a0 \u00a0 \u00a0 \u00a0 \u00a0 \u00a0 \u00a0 \u00a0Roy Curtis (journalist):<\/span><\/strong><em><span>\u00a0\u201cIt wasn\u2019t just a cultural revolution; it was a sociological revolution.\u201d<\/span><\/em><\/i><\/p>\n<p>The film revisits historic locations including<span>\u00a0<\/span><strong><span>Croke Park<\/span><\/strong>,<span>\u00a0<\/span><strong><span>Parnell Park<\/span><\/strong>,<span>\u00a0<\/span><strong><span>Scoil Mhuire Marino<\/span><\/strong>, and<span>\u00a0<\/span><strong><span>Ballinteer St John\u2019s GFC<\/span><\/strong>, one of many clubs born from the sporting renaissance of the 70s.<\/p>\n<p>During the 1974 anniversary celebrations, an extraordinary coincidence unfolded: Dublin were drawn to play Galway in the 2024 Championship quarter-final. As both teams watched the game together, the Tribesmen celebrated a breakthrough moment 90 years in the making.<\/p>\n<p><em><b><span>\u00a0 \u00a0 \u00a0 \u00a0 \u00a0 \u00a0 \u00a0 \u00a0 \u00a0 \u00a0 \u00a0 \u00a0 \u00a0 \u00a0 \u00a0 \u00a0 \u00a0 \u00a0 \u00a0 \u00a0 \u00a0 \u00a0David Hickey (Dublin):<\/span><\/b><\/em><em><span>\u00a0\u201cThat Galway team of the 70\u2019s was probably the greatest team never to win an All-Ireland.\u201d<\/span><\/em><i><br \/>\n<strong><span>\u00a0 \u00a0 \u00a0 \u00a0 \u00a0 \u00a0 \u00a0 \u00a0 \u00a0 \u00a0 \u00a0 \u00a0 \u00a0 \u00a0 \u00a0 \u00a0 \u00a0 \u00a0 \u00a0 \u00a0 \u00a0 Jimmy Deenihan (Kerry):<\/span><\/strong><em><span>\u00a0\u201cThere was \u2018Heffo\u2019 raising the bar and Kerry responding.\u201d<\/span><\/em><br \/>\n<strong><span>\u00a0 \u00a0 \u00a0 \u00a0 \u00a0 \u00a0 \u00a0 \u00a0 \u00a0 \u00a0 \u00a0 \u00a0 \u00a0 \u00a0 \u00a0 \u00a0 \u00a0 \u00a0 \u00a0 \u00a0 \u00a0 Jimmy Barry Murphy (Cork):<\/span><\/strong><em><span>\u00a0\u201cIt developed into one of the greatest Irish sporting rivalries of all time.\u201d<\/span><\/em><\/i><\/p>\n<p>The documentary culminates with the electrifying Dublin\u2013Kerry rivalry that became \u201cbox office,\u201d celebrating its golden jubilee while honouring the memory of fallen comrades.<\/p>\n<p><em><b><span>\u00a0 \u00a0 \u00a0 \u00a0 \u00a0 \u00a0 \u00a0 \u00a0 \u00a0 \u00a0 \u00a0 \u00a0 \u00a0 \u00a0 \u00a0 \u00a0 \u00a0 \u00a0 \u00a0 \u00a0 \u00a0 Kevin Moran (Dublin &amp; Irish soccer international):<\/span><\/b><\/em><em><span>\u00a0\u201cBelieve me there was no love lost on the pitch\u2026 we\u2019d go through each other.\u201d<\/span><\/em><i><br \/>\n<strong><span>\u00a0 \u00a0 \u00a0 \u00a0 \u00a0 \u00a0 \u00a0 \u00a0 \u00a0 \u00a0 \u00a0 \u00a0 \u00a0 \u00a0 \u00a0 \u00a0 \u00a0 \u00a0 \u00a0 \u00a0 \u00a0 Jarlath Burns (President of the GAA):<\/span><\/strong><em><span>\u00a0\u201cAs a wee boy in South Armagh, it was your rivalry that defined my childhood.\u201d<\/span><\/em><\/i><\/p>\n<p>GAA 70\u2019s \u2013 R\u00e9abhl\u00f3id Sh\u00f3isialta is a documentary for everyone, those who lived through the decade and those discovering its history for the first time. It reflects on the origins of modern Gaelic Games, establishing new approaches, the social bonds formed through football, and the legacies that continue to inspire new generations.<\/p>\n<p><em><b><span>\u00a0 \u00a0 \u00a0 \u00a0 \u00a0 \u00a0 \u00a0 \u00a0 \u00a0 \u00a0 \u00a0 \u00a0 \u00a0 \u00a0 \u00a0 \u00a0 \u00a0 \u00a0 \u00a0 \u00a0 \u00a0 Alan Milton (GAA):<\/span><\/b><\/em><em><span>\u00a0\u201cI think that era gave the association the confidence and self-assurance to try new things and to progress in ways that might never have happened without that era.\u201d<\/span><\/em><\/p>\n<p><em><span>\u00a0 \u00a0 \u00a0 \u00a0 \u00a0 \u00a0 \u00a0 \u00a0 \u00a0 \u00a0 \u00a0 \u00a0 \u00a0 \u00a0 \u00a0 \u00a0 \u00a0 \u00a0 \u00a0 \u00a0 \u00a0The film also shines a light on the landmark\u00a0<\/span><\/em><strong><i><span>inaugural Ladies All-Ireland Final in 1974<\/span><\/i><\/strong><em><span>, offering essential context to the evolution of women\u2019s sport in Ireland.<\/span><\/em><\/p>\n<p><em><b><span>\u00a0 \u00a0 \u00a0 \u00a0 \u00a0 \u00a0 \u00a0 \u00a0 \u00a0 \u00a0 \u00a0 \u00a0 \u00a0 \u00a0 \u00a0 \u00a0 \u00a0 \u00a0 \u00a0 \u00a0 \u00a0 Paul Rouse (historian):<\/span><\/b><\/em><em><span>\u00a0\u201cMan walked on the moon before women could play football in Croke Park.\u201d<\/span><\/em><\/p>\n<p>The documentary features an extensive cast of legendary players and influential figures including:<\/p>\n<p><strong><span>Dublin:<\/span><\/strong><span>\u00a0<\/span>Tony Hanahoe, Robbie Kelleher, Bobby Doyle, Gay O\u2019Driscoll, Alan Larkin<br \/>\n<strong><span>Galway:<\/span><\/strong><span>\u00a0<\/span>Colie McDonagh, Brendan Colleran, Liam Sammon, Jimmie Duggan<br \/>\n<strong><span>Kerry:<\/span><\/strong><span>\u00a0<\/span>Ogie Moran, Mickey Sheehy, Ger Power, Se\u00e1nie O\u2019Shea (modern-day Kerry player)<br \/>\n<strong><span>Cork:<\/span><\/strong><span>\u00a0<\/span>Jimmy Barry Murphy<\/p>\n<p>The film also includes<span>\u00a0<\/span><strong><span>the last recorded interview with Se\u00e1n Doherty<\/span><\/strong><span>\u00a0<\/span>and previously<span>\u00a0<\/span><strong><span>unseen footage featuring Brian Mullins<\/span><\/strong>.<\/p>\n<p>&nbsp;<\/p>\n","protected":false},"excerpt":{"rendered":"<p>There are two versions of the programme: Monday 22nd December at 19:45, with Irish Sign Language (ISL) and Audio Description on TG4 and worldwide on TG4.ie Tuesday 30th December at 21:00, with English Subtitles and Audio Description on TG4 and worldwide on TG4.ie &nbsp; &nbsp; &nbsp; TG4 is proud to present\u00a0GAA 70\u2019s \u2013 R\u00e9abhl\u00f3id Sh\u00f3isialta\u00a0(GAA [&hellip;]<\/p>\n","protected":false},"author":876,"featured_media":0,"parent":236809,"menu_order":74,"comment_status":"closed","ping_status":"closed","template":"page-templates\/template-pr.php","meta":{"_acf_changed":false,"footnotes":""},"acf":[],"yoast_head":"<!-- This site is optimized with the Yoast SEO plugin v22.6 - https:\/\/yoast.com\/wordpress\/plugins\/seo\/ -->\n<title>New Documentary on TG4 covers a Decade of Transformation and Social Change - GAA 70\u2019s \u2013 R\u00e9abhl\u00f3id Sh\u00f3isialt | Press Release | TG4<\/title>\n<meta name=\"description\" content=\"TG4 is proud to present GAA 70\u2019s \u2013 R\u00e9abhl\u00f3id Sh\u00f3isialta (GAA 70\u2019s \u2013 A Social Revolution), a brand-new, celebratory bilingual, feature-length documentary, that captures one of the most defining eras in Gaelic Games and Irish society.\" \/>\n<meta name=\"robots\" content=\"index, follow, max-snippet:-1, max-image-preview:large, max-video-preview:-1\" \/>\n<meta property=\"og:locale\" content=\"en_US\" \/>\n<meta property=\"og:type\" content=\"article\" \/>\n<meta property=\"og:title\" content=\"New Documentary on TG4 covers a Decade of Transformation and Social Change - GAA 70\u2019s \u2013 R\u00e9abhl\u00f3id Sh\u00f3isialt | Press Release | TG4\" \/>\n<meta property=\"og:description\" content=\"TG4 is proud to present GAA 70\u2019s \u2013 R\u00e9abhl\u00f3id Sh\u00f3isialta (GAA 70\u2019s \u2013 A Social Revolution), a brand-new, celebratory bilingual, feature-length documentary, that captures one of the most defining eras in Gaelic Games and Irish society.\" \/>\n<meta property=\"og:url\" content=\"https:\/\/dev.tg4.ie\/en\/information\/press\/press-releases\/2025-2\/new-documentary-on-tg4-covers-a-decade-of-transformation-and-social-change\/\" \/>\n<meta property=\"og:site_name\" content=\"TG4\" \/>\n<meta property=\"article:publisher\" content=\"https:\/\/www.facebook.com\/TG4TV\" \/>\n<meta property=\"article:modified_time\" content=\"2025-12-05T13:19:52+00:00\" \/>\n<meta property=\"og:image\" content=\"https:\/\/dev.tg4.ie\/wp-content\/uploads\/2025\/12\/GAA_70s-Reabhloid_Shoisialta_1-1920x1080-1.jpg\" \/>\n<meta name=\"twitter:card\" content=\"summary_large_image\" \/>\n<meta name=\"twitter:site\" content=\"@TG4TV\" \/>\n<meta name=\"twitter:label1\" content=\"Est. reading time\" \/>\n\t<meta name=\"twitter:data1\" content=\"4 minutes\" \/>\n<script type=\"application\/ld+json\" class=\"yoast-schema-graph\">{\"@context\":\"https:\/\/schema.org\",\"@graph\":[{\"@type\":\"WebPage\",\"@id\":\"https:\/\/dev.tg4.ie\/en\/information\/press\/press-releases\/2025-2\/new-documentary-on-tg4-covers-a-decade-of-transformation-and-social-change\/\",\"url\":\"https:\/\/dev.tg4.ie\/en\/information\/press\/press-releases\/2025-2\/new-documentary-on-tg4-covers-a-decade-of-transformation-and-social-change\/\",\"name\":\"New Documentary on TG4 covers a Decade of Transformation and Social Change - GAA 70\u2019s \u2013 R\u00e9abhl\u00f3id Sh\u00f3isialt | Press Release | TG4\",\"isPartOf\":{\"@id\":\"https:\/\/dev.tg4.ie\/en\/#website\"},\"primaryImageOfPage\":{\"@id\":\"https:\/\/dev.tg4.ie\/en\/information\/press\/press-releases\/2025-2\/new-documentary-on-tg4-covers-a-decade-of-transformation-and-social-change\/#primaryimage\"},\"image\":{\"@id\":\"https:\/\/dev.tg4.ie\/en\/information\/press\/press-releases\/2025-2\/new-documentary-on-tg4-covers-a-decade-of-transformation-and-social-change\/#primaryimage\"},\"thumbnailUrl\":\"https:\/\/dev.tg4.ie\/wp-content\/uploads\/2025\/12\/GAA_70s-Reabhloid_Shoisialta_1-1920x1080-1.jpg\",\"datePublished\":\"2025-12-05T13:11:56+00:00\",\"dateModified\":\"2025-12-05T13:19:52+00:00\",\"description\":\"TG4 is proud to present GAA 70\u2019s \u2013 R\u00e9abhl\u00f3id Sh\u00f3isialta (GAA 70\u2019s \u2013 A Social Revolution), a brand-new, celebratory bilingual, feature-length documentary, that captures one of the most defining eras in Gaelic Games and Irish society.\",\"breadcrumb\":{\"@id\":\"https:\/\/dev.tg4.ie\/en\/information\/press\/press-releases\/2025-2\/new-documentary-on-tg4-covers-a-decade-of-transformation-and-social-change\/#breadcrumb\"},\"inLanguage\":\"en-ie\",\"potentialAction\":[{\"@type\":\"ReadAction\",\"target\":[\"https:\/\/dev.tg4.ie\/en\/information\/press\/press-releases\/2025-2\/new-documentary-on-tg4-covers-a-decade-of-transformation-and-social-change\/\"]}]},{\"@type\":\"ImageObject\",\"inLanguage\":\"en-ie\",\"@id\":\"https:\/\/dev.tg4.ie\/en\/information\/press\/press-releases\/2025-2\/new-documentary-on-tg4-covers-a-decade-of-transformation-and-social-change\/#primaryimage\",\"url\":\"https:\/\/dev.tg4.ie\/wp-content\/uploads\/2025\/12\/GAA_70s-Reabhloid_Shoisialta_1-1920x1080-1.jpg\",\"contentUrl\":\"https:\/\/dev.tg4.ie\/wp-content\/uploads\/2025\/12\/GAA_70s-Reabhloid_Shoisialta_1-1920x1080-1.jpg\"},{\"@type\":\"BreadcrumbList\",\"@id\":\"https:\/\/dev.tg4.ie\/en\/information\/press\/press-releases\/2025-2\/new-documentary-on-tg4-covers-a-decade-of-transformation-and-social-change\/#breadcrumb\",\"itemListElement\":[{\"@type\":\"ListItem\",\"position\":1,\"name\":\"Home\",\"item\":\"https:\/\/dev.tg4.ie\/en\/\"},{\"@type\":\"ListItem\",\"position\":2,\"name\":\"Information\",\"item\":\"https:\/\/dev.tg4.ie\/en\/information\/\"},{\"@type\":\"ListItem\",\"position\":3,\"name\":\"Press\",\"item\":\"https:\/\/dev.tg4.ie\/en\/information\/press\/\"},{\"@type\":\"ListItem\",\"position\":4,\"name\":\"Press Releases\",\"item\":\"https:\/\/dev.tg4.ie\/en\/information\/press\/press-releases\/\"},{\"@type\":\"ListItem\",\"position\":5,\"name\":\"2025\",\"item\":\"https:\/\/dev.tg4.ie\/en\/information\/press\/press-releases\/2025-2\/\"},{\"@type\":\"ListItem\",\"position\":6,\"name\":\"New Documentary on TG4 covers a Decade of Transformation and Social Change\"}]},{\"@type\":\"WebSite\",\"@id\":\"https:\/\/dev.tg4.ie\/en\/#website\",\"url\":\"https:\/\/dev.tg4.ie\/en\/\",\"name\":\"TG4\",\"description\":\"S\u00fail Eile\",\"potentialAction\":[{\"@type\":\"SearchAction\",\"target\":{\"@type\":\"EntryPoint\",\"urlTemplate\":\"https:\/\/dev.tg4.ie\/en\/?s={search_term_string}\"},\"query-input\":\"required name=search_term_string\"}],\"inLanguage\":\"en-ie\"}]}<\/script>\n<!-- \/ Yoast SEO plugin. -->","yoast_head_json":{"title":"New Documentary on TG4 covers a Decade of Transformation and Social Change - GAA 70\u2019s \u2013 R\u00e9abhl\u00f3id Sh\u00f3isialt | Press Release | TG4","description":"TG4 is proud to present GAA 70\u2019s \u2013 R\u00e9abhl\u00f3id Sh\u00f3isialta (GAA 70\u2019s \u2013 A Social Revolution), a brand-new, celebratory bilingual, feature-length documentary, that captures one of the most defining eras in Gaelic Games and Irish society.","robots":{"index":"index","follow":"follow","max-snippet":"max-snippet:-1","max-image-preview":"max-image-preview:large","max-video-preview":"max-video-preview:-1"},"og_locale":"en_US","og_type":"article","og_title":"New Documentary on TG4 covers a Decade of Transformation and Social Change - GAA 70\u2019s \u2013 R\u00e9abhl\u00f3id Sh\u00f3isialt | Press Release | TG4","og_description":"TG4 is proud to present GAA 70\u2019s \u2013 R\u00e9abhl\u00f3id Sh\u00f3isialta (GAA 70\u2019s \u2013 A Social Revolution), a brand-new, celebratory bilingual, feature-length documentary, that captures one of the most defining eras in Gaelic Games and Irish society.","og_url":"https:\/\/dev.tg4.ie\/en\/information\/press\/press-releases\/2025-2\/new-documentary-on-tg4-covers-a-decade-of-transformation-and-social-change\/","og_site_name":"TG4","article_publisher":"https:\/\/www.facebook.com\/TG4TV","article_modified_time":"2025-12-05T13:19:52+00:00","og_image":[{"url":"https:\/\/dev.tg4.ie\/wp-content\/uploads\/2025\/12\/GAA_70s-Reabhloid_Shoisialta_1-1920x1080-1.jpg"}],"twitter_card":"summary_large_image","twitter_site":"@TG4TV","twitter_misc":{"Est. reading time":"4 minutes"},"schema":{"@context":"https:\/\/schema.org","@graph":[{"@type":"WebPage","@id":"https:\/\/dev.tg4.ie\/en\/information\/press\/press-releases\/2025-2\/new-documentary-on-tg4-covers-a-decade-of-transformation-and-social-change\/","url":"https:\/\/dev.tg4.ie\/en\/information\/press\/press-releases\/2025-2\/new-documentary-on-tg4-covers-a-decade-of-transformation-and-social-change\/","name":"New Documentary on TG4 covers a Decade of Transformation and Social Change - GAA 70\u2019s \u2013 R\u00e9abhl\u00f3id Sh\u00f3isialt | Press Release | TG4","isPartOf":{"@id":"https:\/\/dev.tg4.ie\/en\/#website"},"primaryImageOfPage":{"@id":"https:\/\/dev.tg4.ie\/en\/information\/press\/press-releases\/2025-2\/new-documentary-on-tg4-covers-a-decade-of-transformation-and-social-change\/#primaryimage"},"image":{"@id":"https:\/\/dev.tg4.ie\/en\/information\/press\/press-releases\/2025-2\/new-documentary-on-tg4-covers-a-decade-of-transformation-and-social-change\/#primaryimage"},"thumbnailUrl":"https:\/\/dev.tg4.ie\/wp-content\/uploads\/2025\/12\/GAA_70s-Reabhloid_Shoisialta_1-1920x1080-1.jpg","datePublished":"2025-12-05T13:11:56+00:00","dateModified":"2025-12-05T13:19:52+00:00","description":"TG4 is proud to present GAA 70\u2019s \u2013 R\u00e9abhl\u00f3id Sh\u00f3isialta (GAA 70\u2019s \u2013 A Social Revolution), a brand-new, celebratory bilingual, feature-length documentary, that captures one of the most defining eras in Gaelic Games and Irish society.","breadcrumb":{"@id":"https:\/\/dev.tg4.ie\/en\/information\/press\/press-releases\/2025-2\/new-documentary-on-tg4-covers-a-decade-of-transformation-and-social-change\/#breadcrumb"},"inLanguage":"en-ie","potentialAction":[{"@type":"ReadAction","target":["https:\/\/dev.tg4.ie\/en\/information\/press\/press-releases\/2025-2\/new-documentary-on-tg4-covers-a-decade-of-transformation-and-social-change\/"]}]},{"@type":"ImageObject","inLanguage":"en-ie","@id":"https:\/\/dev.tg4.ie\/en\/information\/press\/press-releases\/2025-2\/new-documentary-on-tg4-covers-a-decade-of-transformation-and-social-change\/#primaryimage","url":"https:\/\/dev.tg4.ie\/wp-content\/uploads\/2025\/12\/GAA_70s-Reabhloid_Shoisialta_1-1920x1080-1.jpg","contentUrl":"https:\/\/dev.tg4.ie\/wp-content\/uploads\/2025\/12\/GAA_70s-Reabhloid_Shoisialta_1-1920x1080-1.jpg"},{"@type":"BreadcrumbList","@id":"https:\/\/dev.tg4.ie\/en\/information\/press\/press-releases\/2025-2\/new-documentary-on-tg4-covers-a-decade-of-transformation-and-social-change\/#breadcrumb","itemListElement":[{"@type":"ListItem","position":1,"name":"Home","item":"https:\/\/dev.tg4.ie\/en\/"},{"@type":"ListItem","position":2,"name":"Information","item":"https:\/\/dev.tg4.ie\/en\/information\/"},{"@type":"ListItem","position":3,"name":"Press","item":"https:\/\/dev.tg4.ie\/en\/information\/press\/"},{"@type":"ListItem","position":4,"name":"Press Releases","item":"https:\/\/dev.tg4.ie\/en\/information\/press\/press-releases\/"},{"@type":"ListItem","position":5,"name":"2025","item":"https:\/\/dev.tg4.ie\/en\/information\/press\/press-releases\/2025-2\/"},{"@type":"ListItem","position":6,"name":"New Documentary on TG4 covers a Decade of Transformation and Social Change"}]},{"@type":"WebSite","@id":"https:\/\/dev.tg4.ie\/en\/#website","url":"https:\/\/dev.tg4.ie\/en\/","name":"TG4","description":"S\u00fail Eile","potentialAction":[{"@type":"SearchAction","target":{"@type":"EntryPoint","urlTemplate":"https:\/\/dev.tg4.ie\/en\/?s={search_term_string}"},"query-input":"required name=search_term_string"}],"inLanguage":"en-ie"}]}},"_links":{"self":[{"href":"https:\/\/dev.tg4.ie\/en\/wp-json\/wp\/v2\/pages\/248272"}],"collection":[{"href":"https:\/\/dev.tg4.ie\/en\/wp-json\/wp\/v2\/pages"}],"about":[{"href":"https:\/\/dev.tg4.ie\/en\/wp-json\/wp\/v2\/types\/page"}],"author":[{"embeddable":true,"href":"https:\/\/dev.tg4.ie\/en\/wp-json\/wp\/v2\/users\/876"}],"replies":[{"embeddable":true,"href":"https:\/\/dev.tg4.ie\/en\/wp-json\/wp\/v2\/comments?post=248272"}],"version-history":[{"count":0,"href":"https:\/\/dev.tg4.ie\/en\/wp-json\/wp\/v2\/pages\/248272\/revisions"}],"up":[{"embeddable":true,"href":"https:\/\/dev.tg4.ie\/en\/wp-json\/wp\/v2\/pages\/236809"}],"wp:attachment":[{"href":"https:\/\/dev.tg4.ie\/en\/wp-json\/wp\/v2\/media?parent=248272"}],"curies":[{"name":"wp","href":"https:\/\/api.w.org\/{rel}","templated":true}]}}