{"id":248412,"date":"2025-12-09T16:25:11","date_gmt":"2025-12-09T16:25:11","guid":{"rendered":"https:\/\/dev.tg4.ie\/information\/press\/press-releases\/2025-2\/cultur-na-heireann-agus-cultur-na-seapaine-le-cheile-mar-gheall-ar-chomhar-pairtneireachta-idir-an-roinn-gnothai-eachtracha-agus-tg4-maidir-le-seo-speisialta-na-ngradam-ceoil\/"},"modified":"2025-12-10T12:45:15","modified_gmt":"2025-12-10T12:45:15","slug":"irish-and-japanese-cultures-meet-as-dfa-partners-with-tg4-for-a-special-gradam-ceoil-showcase","status":"publish","type":"page","link":"https:\/\/dev.tg4.ie\/en\/information\/press\/press-releases\/2025-2\/irish-and-japanese-cultures-meet-as-dfa-partners-with-tg4-for-a-special-gradam-ceoil-showcase\/","title":{"rendered":"Irish and Japanese cultures meet as DFA Partners with TG4 for a Special Gradam Ceoil Showcase"},"content":{"rendered":"<p><strong><center><\/p>\n<h2>Gradam Ceoil TG4 @ Expo 25: Dh\u00e1 Oile\u00e1n Ceolmhara<\/h2>\n<p><\/center><\/strong><\/p>\n<p><em><center>Sunday 21st December, 9.30pm on TG4 and<\/em> <a href=\"https:\/\/dev.tg4.ie\/en\/\">TG4 Player<\/a><\/center><\/p>\n<p><center>A musical collaboration celebrating the cultural links between Ireland and Japan featuring the recipients of the TG4 Gradam Ceoil Awards 2025 and traditional Japanese musicians and dancers.<\/center><\/p>\n<p><center>The film was launched in the Irish Film Institute in Dublin earlier today with the Japanese Ambassador-designate to Ireland Manabu MIYAGAWA and his wife, Noriko along with Feargal \u00d3 Coigligh, Secretary General, Department of Culture, Communications and Sport in attendance.<\/center><\/p>\n<p><center>YouTube Clip: <a href=\"https:\/\/www.youtube.com\/watch?v=Ukj_kzvavI0\">Gradam Ceoil TG4 @ Expo 25<\/a><\/center><br \/>\n<center>Flickr link to images: <a href=\"https:\/\/www.flickr.com\/photos\/tg4\/albums\/72177720330712312\">Gradam Ceoil TG4 @ Expo 25<\/a><\/center><br \/>\n&nbsp;<\/p>\n<p><center><img loading=\"lazy\" decoding=\"async\" width=\"640\" height=\"360\" src=\"https:\/\/tg4-docs.s3.amazonaws.com\/wp-content\/uploads\/2025\/12\/09151342\/Ambasadoir_ainmnigh_na_Seapain_go_hEireann_Manabu_MIYAGAWA_le_Deirdre_Ni_Choistin-_Ard-Stiurthoir_TG4_-_Crediuint_Bryan_Brophy.jpg\" alt=\"Ambasad\u00f3ir ainmnigh na Seap\u00e1ine Manabu MIYAGAWA le Deirdre Ni Choistin-Ard-Stiurthoir TG4\" class=\"alignnone size-full wp-image-248394\" srcset=\"https:\/\/tg4-docs.s3.amazonaws.com\/wp-content\/uploads\/2025\/12\/09151342\/Ambasadoir_ainmnigh_na_Seapain_go_hEireann_Manabu_MIYAGAWA_le_Deirdre_Ni_Choistin-_Ard-Stiurthoir_TG4_-_Crediuint_Bryan_Brophy.jpg 640w, https:\/\/tg4-docs.s3.amazonaws.com\/wp-content\/uploads\/2025\/12\/09151342\/Ambasadoir_ainmnigh_na_Seapain_go_hEireann_Manabu_MIYAGAWA_le_Deirdre_Ni_Choistin-_Ard-Stiurthoir_TG4_-_Crediuint_Bryan_Brophy-250x141.jpg 250w, https:\/\/tg4-docs.s3.amazonaws.com\/wp-content\/uploads\/2025\/12\/09151342\/Ambasadoir_ainmnigh_na_Seapain_go_hEireann_Manabu_MIYAGAWA_le_Deirdre_Ni_Choistin-_Ard-Stiurthoir_TG4_-_Crediuint_Bryan_Brophy-252x141.jpg 252w, https:\/\/tg4-docs.s3.amazonaws.com\/wp-content\/uploads\/2025\/12\/09151342\/Ambasadoir_ainmnigh_na_Seapain_go_hEireann_Manabu_MIYAGAWA_le_Deirdre_Ni_Choistin-_Ard-Stiurthoir_TG4_-_Crediuint_Bryan_Brophy-120x68.jpg 120w\" sizes=\"(max-width: 640px) 100vw, 640px\" \/><\/center><br \/>\n&nbsp;<br \/>\nTG4 was delighted to be invited by the Department of Foreign Affairs and Trade as the broadcast partner to record this special programme at Expo 2025 in Osaka, Japan, where the richness of Irish and Japanese cultures was showcased on a global stage.<\/p>\n<p>This collaboration underscores the importance of sharing Ireland\u2019s creative energy, language and heritage with international audiences while also highlighting the cultural connections that continue to grow between both nations. Through this partnership, TG4 is proud to capture and amplify Ireland\u2019s presence at Expo 2025 Osaka, bringing home the stories, experiences and artistic expressions that define this unique cultural moment.<\/p>\n<p>The programme presented by \u00c1ine Hensey brings viewers together for a night of exhilarating music and dance displaying the very best musicians, dancers, and singers from two island nations, on opposite sides of the world, in a unique fusion of Irish and Japanese Folk traditions.<br \/>\n&nbsp;<\/p>\n<table>\n<tr>\n<td><img loading=\"lazy\" decoding=\"async\" width=\"640\" height=\"360\" src=\"https:\/\/tg4-docs.s3.amazonaws.com\/wp-content\/uploads\/2025\/12\/09152037\/Eamonn_O_hAragain-_member_Stephaine_Caden_Gearoid_O_hArgadain-_Crediuint_Bryan_Brophy_-_Copy_csvqkh_c_fillw_640h_360.jpg\" alt=\"\u00c9amonn \u00d3 hArag\u00e1in- member Stephaine Caden Gear\u00f3id \u00d3 hArgad\u00e1in - Credi\u00faint Bryan Brophy \" class=\"alignnone size-full wp-image-248395\" srcset=\"https:\/\/tg4-docs.s3.amazonaws.com\/wp-content\/uploads\/2025\/12\/09152037\/Eamonn_O_hAragain-_member_Stephaine_Caden_Gearoid_O_hArgadain-_Crediuint_Bryan_Brophy_-_Copy_csvqkh_c_fillw_640h_360.jpg 640w, https:\/\/tg4-docs.s3.amazonaws.com\/wp-content\/uploads\/2025\/12\/09152037\/Eamonn_O_hAragain-_member_Stephaine_Caden_Gearoid_O_hArgadain-_Crediuint_Bryan_Brophy_-_Copy_csvqkh_c_fillw_640h_360-250x141.jpg 250w, https:\/\/tg4-docs.s3.amazonaws.com\/wp-content\/uploads\/2025\/12\/09152037\/Eamonn_O_hAragain-_member_Stephaine_Caden_Gearoid_O_hArgadain-_Crediuint_Bryan_Brophy_-_Copy_csvqkh_c_fillw_640h_360-252x141.jpg 252w, https:\/\/tg4-docs.s3.amazonaws.com\/wp-content\/uploads\/2025\/12\/09152037\/Eamonn_O_hAragain-_member_Stephaine_Caden_Gearoid_O_hArgadain-_Crediuint_Bryan_Brophy_-_Copy_csvqkh_c_fillw_640h_360-120x68.jpg 120w\" sizes=\"(max-width: 640px) 100vw, 640px\" \/><\/td>\n<td><img loading=\"lazy\" decoding=\"async\" width=\"640\" height=\"360\" src=\"https:\/\/tg4-docs.s3.amazonaws.com\/wp-content\/uploads\/2025\/12\/09152344\/Niamh_Dolphin_Colm_Broderick_TG4_Ceoltor_Og_na_Blian._Crediuint_Bryan_Brophy_yprxdr_c_fillw_640h_360.jpg\" alt=\"Niamh Dolphin Colm Broderick TG4 Ceolt\u00f3r \u00d3g na Blian. Credi\u00faint Bryan Brophy\" class=\"alignnone size-full wp-image-248396\" srcset=\"https:\/\/tg4-docs.s3.amazonaws.com\/wp-content\/uploads\/2025\/12\/09152344\/Niamh_Dolphin_Colm_Broderick_TG4_Ceoltor_Og_na_Blian._Crediuint_Bryan_Brophy_yprxdr_c_fillw_640h_360.jpg 640w, https:\/\/tg4-docs.s3.amazonaws.com\/wp-content\/uploads\/2025\/12\/09152344\/Niamh_Dolphin_Colm_Broderick_TG4_Ceoltor_Og_na_Blian._Crediuint_Bryan_Brophy_yprxdr_c_fillw_640h_360-250x141.jpg 250w, https:\/\/tg4-docs.s3.amazonaws.com\/wp-content\/uploads\/2025\/12\/09152344\/Niamh_Dolphin_Colm_Broderick_TG4_Ceoltor_Og_na_Blian._Crediuint_Bryan_Brophy_yprxdr_c_fillw_640h_360-252x141.jpg 252w, https:\/\/tg4-docs.s3.amazonaws.com\/wp-content\/uploads\/2025\/12\/09152344\/Niamh_Dolphin_Colm_Broderick_TG4_Ceoltor_Og_na_Blian._Crediuint_Bryan_Brophy_yprxdr_c_fillw_640h_360-120x68.jpg 120w\" sizes=\"(max-width: 640px) 100vw, 640px\" \/><\/td>\n<\/tr>\n<\/table>\n<p>&nbsp;<br \/>\nProduced by Big Mountain Productions, one of Ireland\u2019s leading independent television production companies, specialising in music and event programming, <strong>Gradam Ceoil TG4 @ Expo 25: Dh\u00e1 Oile\u00e1n Ceolmhara<\/strong> is a major Irish-led feature-length documentary uncovering for the first time, the deep cultural relationship between Ireland and Japan through the prism of a shared passion and reverence for Irish traditional music and arts.<br \/>\n&nbsp;<br \/>\n<strong>Jane Kelly, Executive Producer with Big Mountain<\/strong> says, <em>&#8220;We are thrilled to have produced this premium feature-length documentary film with the Department of Foreign Affairs and Trade, and TG4 with support from ILBF. This project has been almost 2 years in the making. We are indebted to our brilliant, compact, live music specialist production and delivery team alongside our wonderful Japanese colleagues as we put on a spellbinding concert featuring the best of Irish and Japanese artists in front of 2000 people, all on the other side of the world. We hope audiences enjoy the spectacle as much as we had fun making it.&#8221;<\/em><br \/>\n&nbsp;<br \/>\nThe current recipients of the Gradam Ceoil TG4 awards, the foremost Irish Language event celebrating Irish Traditional music, who represent the \u2018best of the best\u2019 of traditional Irish musicians in the country travelled to Japan to take part in a major gala concert, curated and led by Ulster composer, Neil Martin, held in a 2,000 seater performance space in the Irish Pavilion at Osaka Expo 25. Musicians and singers, such as fiddler Siobh\u00e1n Peoples, singer Cathy Jordan, group Flook, composer Johnny \u00d3g Connolly, young musician and piper Colm Broderick, lifetime achievement and fiddler, Matt Cranitch, and community awardee and former broadcaster \u00c1ine Hensey, joined pianist Rod McVey, and sean-n\u00f3s dancer Becky N\u00ed \u00c9allaithe.<\/p>\n<p>This incomparable assembly of Irish artists were joined by the finest of Japanese folk artists; Singer Misako Koja, accompanist Kazuya Sahara, dancer Taka Hayashi, flautist Kozo Toyota, Taiko drummers Hiro &#038; Luke Hayashida, piper Atsushi Yamane and snare drummer Kyoko Yamane.<\/p>\n<p>TG4 has been honouring exceptional talent within the Irish traditional Irish music sphere for the past 27 years, and this documentary, supported by the Department of Foreign Affairs and Trade, along with the Irish Language Broadcast Fund (ILBF), has presented some of these deserving recipients to an international audience in Japan, bringing Irish traditional music to a country which has an historic and growing interest in it, in turn helping elevate Ireland&#8217;s musical standing among the indigenous music of the world.<br \/>\n&nbsp;<br \/>\n<strong>Commissioning Editor for TG4, Proinsias N\u00ed Ghr\u00e1inne<\/strong> said that Gradam Ceoil TG4 was \u201c<em>delighted to bring Ireland\u2019s most prestigious live traditional music event to Osaka as part of Ireland\u2019s Expo 2025 presence and that through this film, we share the event with Irish and global audiences. This body of new compositions and arrangements between both traditions encapsulates Expo&#8217;s theme for 2025 &#8216;Creativity Connecting People&#8217;. We hope this is the start of a new wave of Irish and Japanese artistic co-operations.\u201d<\/em><br \/>\n&nbsp;<br \/>\nFrom April to March 2025, Ireland joined nearly 160 countries in welcoming over 28 million visitors to Expo 2025 Osaka. Ireland\u2019s Pavilion, designed by the OPW, staged over 1650 performances of Irish music, exhibited Irish artists and hosted high-level political and trade delegations. Ireland\u2019s participation at Expo 2025 Osaka provided a unique opportunity to promote Ireland to a global audience, in a region where Ireland has significant trade and investment priorities and ambitions.<\/p>\n<p>The Ireland Pavilion at Expo 2025 Osaka was an integral part of the Ireland Japan 2025 programme which also saw the opening of Ireland House Tokyo, the new home for our Embassy and Irish State Agencies. These developments in 2025 provide an unprecedented opportunity to further develop the cultural, economic and people-to-people connections between Ireland and Japan.<br \/>\n&nbsp;<br \/>\n<strong>\u00c1ine Walsh, Chief Language &#038; Cultural Officer &#038; Head of Irish Language Broadcast Fund, Northern Ireland Screen<\/strong>, <em>\u201cWe were delighted to support this project which beautifully celebrates the shared cultural connections between the two island nations of Ireland and Japan. The production was a mammoth task and is a fantastic achievement by Newry based company Big Mountain, and a wonderful showcase of their creative skills. I\u2019m looking forward to watching the fruits of their labour when the cream of Irish traditional performers and their Japanese counterparts take to the stage.\u201d<\/em><br \/>\n&nbsp;<br \/>\n<strong>Gradam Ceoil TG4 @ Expo 25: Dh\u00e1 Oile\u00e1n Ceolmhara<\/strong> is on TG4 on Sunday 21st of December at 9.30pm and will also be available globally on the TG4 Player <a href=\"https:\/\/dev.tg4.ie\" rel=\"noopener\" target=\"_blank\">www.TG4.ie<\/a><br \/>\n&nbsp;<\/p>\n","protected":false},"excerpt":{"rendered":"<p>Gradam Ceoil TG4 @ Expo 25: Dh\u00e1 Oile\u00e1n Ceolmhara Sunday 21st December, 9.30pm on TG4 and TG4 Player A musical collaboration celebrating the cultural links between Ireland and Japan featuring the recipients of the TG4 Gradam Ceoil Awards 2025 and traditional Japanese musicians and dancers. The film was launched in the Irish Film Institute in [&hellip;]<\/p>\n","protected":false},"author":876,"featured_media":0,"parent":236809,"menu_order":76,"comment_status":"closed","ping_status":"closed","template":"page-templates\/template-pr.php","meta":{"_acf_changed":false,"footnotes":""},"acf":[],"yoast_head":"<!-- This site is optimized with the Yoast SEO plugin v22.6 - https:\/\/yoast.com\/wordpress\/plugins\/seo\/ -->\n<title>Irish and Japanese cultures meet as DFA Partners with TG4 for a Special Gradam Ceoil Showcase | Press Release | TG4<\/title>\n<meta name=\"robots\" content=\"index, follow, max-snippet:-1, max-image-preview:large, max-video-preview:-1\" \/>\n<meta property=\"og:locale\" content=\"en_US\" \/>\n<meta property=\"og:type\" content=\"article\" \/>\n<meta property=\"og:title\" content=\"Irish and Japanese cultures meet as DFA Partners with TG4 for a Special Gradam Ceoil Showcase | Press Release | TG4\" \/>\n<meta property=\"og:description\" content=\"Gradam Ceoil TG4 @ Expo 25: Dh\u00e1 Oile\u00e1n Ceolmhara Sunday 21st December, 9.30pm on TG4 and TG4 Player A musical collaboration celebrating the cultural links between Ireland and Japan featuring the recipients of the TG4 Gradam Ceoil Awards 2025 and traditional Japanese musicians and dancers. The film was launched in the Irish Film Institute in [&hellip;]\" \/>\n<meta property=\"og:url\" content=\"https:\/\/dev.tg4.ie\/en\/information\/press\/press-releases\/2025-2\/irish-and-japanese-cultures-meet-as-dfa-partners-with-tg4-for-a-special-gradam-ceoil-showcase\/\" \/>\n<meta property=\"og:site_name\" content=\"TG4\" \/>\n<meta property=\"article:publisher\" content=\"https:\/\/www.facebook.com\/TG4TV\" \/>\n<meta property=\"article:modified_time\" content=\"2025-12-10T12:45:15+00:00\" \/>\n<meta property=\"og:image\" content=\"https:\/\/dev.tg4.ie\/wp-content\/uploads\/2025\/12\/Ambasadoir_ainmnigh_na_Seapain_go_hEireann_Manabu_MIYAGAWA_le_Deirdre_Ni_Choistin-_Ard-Stiurthoir_TG4_-_Crediuint_Bryan_Brophy.jpg\" \/>\n<meta name=\"twitter:card\" content=\"summary_large_image\" \/>\n<meta name=\"twitter:site\" content=\"@TG4TV\" \/>\n<meta name=\"twitter:label1\" content=\"Est. reading time\" \/>\n\t<meta name=\"twitter:data1\" content=\"5 minutes\" \/>\n<script type=\"application\/ld+json\" class=\"yoast-schema-graph\">{\"@context\":\"https:\/\/schema.org\",\"@graph\":[{\"@type\":\"WebPage\",\"@id\":\"https:\/\/dev.tg4.ie\/en\/information\/press\/press-releases\/2025-2\/irish-and-japanese-cultures-meet-as-dfa-partners-with-tg4-for-a-special-gradam-ceoil-showcase\/\",\"url\":\"https:\/\/dev.tg4.ie\/en\/information\/press\/press-releases\/2025-2\/irish-and-japanese-cultures-meet-as-dfa-partners-with-tg4-for-a-special-gradam-ceoil-showcase\/\",\"name\":\"Irish and Japanese cultures meet as DFA Partners with TG4 for a Special Gradam Ceoil Showcase | Press Release | TG4\",\"isPartOf\":{\"@id\":\"https:\/\/dev.tg4.ie\/en\/#website\"},\"primaryImageOfPage\":{\"@id\":\"https:\/\/dev.tg4.ie\/en\/information\/press\/press-releases\/2025-2\/irish-and-japanese-cultures-meet-as-dfa-partners-with-tg4-for-a-special-gradam-ceoil-showcase\/#primaryimage\"},\"image\":{\"@id\":\"https:\/\/dev.tg4.ie\/en\/information\/press\/press-releases\/2025-2\/irish-and-japanese-cultures-meet-as-dfa-partners-with-tg4-for-a-special-gradam-ceoil-showcase\/#primaryimage\"},\"thumbnailUrl\":\"https:\/\/dev.tg4.ie\/wp-content\/uploads\/2025\/12\/Ambasadoir_ainmnigh_na_Seapain_go_hEireann_Manabu_MIYAGAWA_le_Deirdre_Ni_Choistin-_Ard-Stiurthoir_TG4_-_Crediuint_Bryan_Brophy.jpg\",\"datePublished\":\"2025-12-09T16:25:11+00:00\",\"dateModified\":\"2025-12-10T12:45:15+00:00\",\"breadcrumb\":{\"@id\":\"https:\/\/dev.tg4.ie\/en\/information\/press\/press-releases\/2025-2\/irish-and-japanese-cultures-meet-as-dfa-partners-with-tg4-for-a-special-gradam-ceoil-showcase\/#breadcrumb\"},\"inLanguage\":\"en-ie\",\"potentialAction\":[{\"@type\":\"ReadAction\",\"target\":[\"https:\/\/dev.tg4.ie\/en\/information\/press\/press-releases\/2025-2\/irish-and-japanese-cultures-meet-as-dfa-partners-with-tg4-for-a-special-gradam-ceoil-showcase\/\"]}]},{\"@type\":\"ImageObject\",\"inLanguage\":\"en-ie\",\"@id\":\"https:\/\/dev.tg4.ie\/en\/information\/press\/press-releases\/2025-2\/irish-and-japanese-cultures-meet-as-dfa-partners-with-tg4-for-a-special-gradam-ceoil-showcase\/#primaryimage\",\"url\":\"https:\/\/dev.tg4.ie\/wp-content\/uploads\/2025\/12\/Ambasadoir_ainmnigh_na_Seapain_go_hEireann_Manabu_MIYAGAWA_le_Deirdre_Ni_Choistin-_Ard-Stiurthoir_TG4_-_Crediuint_Bryan_Brophy.jpg\",\"contentUrl\":\"https:\/\/dev.tg4.ie\/wp-content\/uploads\/2025\/12\/Ambasadoir_ainmnigh_na_Seapain_go_hEireann_Manabu_MIYAGAWA_le_Deirdre_Ni_Choistin-_Ard-Stiurthoir_TG4_-_Crediuint_Bryan_Brophy.jpg\"},{\"@type\":\"BreadcrumbList\",\"@id\":\"https:\/\/dev.tg4.ie\/en\/information\/press\/press-releases\/2025-2\/irish-and-japanese-cultures-meet-as-dfa-partners-with-tg4-for-a-special-gradam-ceoil-showcase\/#breadcrumb\",\"itemListElement\":[{\"@type\":\"ListItem\",\"position\":1,\"name\":\"Home\",\"item\":\"https:\/\/dev.tg4.ie\/en\/\"},{\"@type\":\"ListItem\",\"position\":2,\"name\":\"Information\",\"item\":\"https:\/\/dev.tg4.ie\/en\/information\/\"},{\"@type\":\"ListItem\",\"position\":3,\"name\":\"Press\",\"item\":\"https:\/\/dev.tg4.ie\/en\/information\/press\/\"},{\"@type\":\"ListItem\",\"position\":4,\"name\":\"Press Releases\",\"item\":\"https:\/\/dev.tg4.ie\/en\/information\/press\/press-releases\/\"},{\"@type\":\"ListItem\",\"position\":5,\"name\":\"2025\",\"item\":\"https:\/\/dev.tg4.ie\/en\/information\/press\/press-releases\/2025-2\/\"},{\"@type\":\"ListItem\",\"position\":6,\"name\":\"Irish and Japanese cultures meet as DFA Partners with TG4 for a Special Gradam Ceoil Showcase\"}]},{\"@type\":\"WebSite\",\"@id\":\"https:\/\/dev.tg4.ie\/en\/#website\",\"url\":\"https:\/\/dev.tg4.ie\/en\/\",\"name\":\"TG4\",\"description\":\"S\u00fail Eile\",\"potentialAction\":[{\"@type\":\"SearchAction\",\"target\":{\"@type\":\"EntryPoint\",\"urlTemplate\":\"https:\/\/dev.tg4.ie\/en\/?s={search_term_string}\"},\"query-input\":\"required name=search_term_string\"}],\"inLanguage\":\"en-ie\"}]}<\/script>\n<!-- \/ Yoast SEO plugin. -->","yoast_head_json":{"title":"Irish and Japanese cultures meet as DFA Partners with TG4 for a Special Gradam Ceoil Showcase | Press Release | TG4","robots":{"index":"index","follow":"follow","max-snippet":"max-snippet:-1","max-image-preview":"max-image-preview:large","max-video-preview":"max-video-preview:-1"},"og_locale":"en_US","og_type":"article","og_title":"Irish and Japanese cultures meet as DFA Partners with TG4 for a Special Gradam Ceoil Showcase | Press Release | TG4","og_description":"Gradam Ceoil TG4 @ Expo 25: Dh\u00e1 Oile\u00e1n Ceolmhara Sunday 21st December, 9.30pm on TG4 and TG4 Player A musical collaboration celebrating the cultural links between Ireland and Japan featuring the recipients of the TG4 Gradam Ceoil Awards 2025 and traditional Japanese musicians and dancers. The film was launched in the Irish Film Institute in [&hellip;]","og_url":"https:\/\/dev.tg4.ie\/en\/information\/press\/press-releases\/2025-2\/irish-and-japanese-cultures-meet-as-dfa-partners-with-tg4-for-a-special-gradam-ceoil-showcase\/","og_site_name":"TG4","article_publisher":"https:\/\/www.facebook.com\/TG4TV","article_modified_time":"2025-12-10T12:45:15+00:00","og_image":[{"url":"https:\/\/dev.tg4.ie\/wp-content\/uploads\/2025\/12\/Ambasadoir_ainmnigh_na_Seapain_go_hEireann_Manabu_MIYAGAWA_le_Deirdre_Ni_Choistin-_Ard-Stiurthoir_TG4_-_Crediuint_Bryan_Brophy.jpg"}],"twitter_card":"summary_large_image","twitter_site":"@TG4TV","twitter_misc":{"Est. reading time":"5 minutes"},"schema":{"@context":"https:\/\/schema.org","@graph":[{"@type":"WebPage","@id":"https:\/\/dev.tg4.ie\/en\/information\/press\/press-releases\/2025-2\/irish-and-japanese-cultures-meet-as-dfa-partners-with-tg4-for-a-special-gradam-ceoil-showcase\/","url":"https:\/\/dev.tg4.ie\/en\/information\/press\/press-releases\/2025-2\/irish-and-japanese-cultures-meet-as-dfa-partners-with-tg4-for-a-special-gradam-ceoil-showcase\/","name":"Irish and Japanese cultures meet as DFA Partners with TG4 for a Special Gradam Ceoil Showcase | Press Release | TG4","isPartOf":{"@id":"https:\/\/dev.tg4.ie\/en\/#website"},"primaryImageOfPage":{"@id":"https:\/\/dev.tg4.ie\/en\/information\/press\/press-releases\/2025-2\/irish-and-japanese-cultures-meet-as-dfa-partners-with-tg4-for-a-special-gradam-ceoil-showcase\/#primaryimage"},"image":{"@id":"https:\/\/dev.tg4.ie\/en\/information\/press\/press-releases\/2025-2\/irish-and-japanese-cultures-meet-as-dfa-partners-with-tg4-for-a-special-gradam-ceoil-showcase\/#primaryimage"},"thumbnailUrl":"https:\/\/dev.tg4.ie\/wp-content\/uploads\/2025\/12\/Ambasadoir_ainmnigh_na_Seapain_go_hEireann_Manabu_MIYAGAWA_le_Deirdre_Ni_Choistin-_Ard-Stiurthoir_TG4_-_Crediuint_Bryan_Brophy.jpg","datePublished":"2025-12-09T16:25:11+00:00","dateModified":"2025-12-10T12:45:15+00:00","breadcrumb":{"@id":"https:\/\/dev.tg4.ie\/en\/information\/press\/press-releases\/2025-2\/irish-and-japanese-cultures-meet-as-dfa-partners-with-tg4-for-a-special-gradam-ceoil-showcase\/#breadcrumb"},"inLanguage":"en-ie","potentialAction":[{"@type":"ReadAction","target":["https:\/\/dev.tg4.ie\/en\/information\/press\/press-releases\/2025-2\/irish-and-japanese-cultures-meet-as-dfa-partners-with-tg4-for-a-special-gradam-ceoil-showcase\/"]}]},{"@type":"ImageObject","inLanguage":"en-ie","@id":"https:\/\/dev.tg4.ie\/en\/information\/press\/press-releases\/2025-2\/irish-and-japanese-cultures-meet-as-dfa-partners-with-tg4-for-a-special-gradam-ceoil-showcase\/#primaryimage","url":"https:\/\/dev.tg4.ie\/wp-content\/uploads\/2025\/12\/Ambasadoir_ainmnigh_na_Seapain_go_hEireann_Manabu_MIYAGAWA_le_Deirdre_Ni_Choistin-_Ard-Stiurthoir_TG4_-_Crediuint_Bryan_Brophy.jpg","contentUrl":"https:\/\/dev.tg4.ie\/wp-content\/uploads\/2025\/12\/Ambasadoir_ainmnigh_na_Seapain_go_hEireann_Manabu_MIYAGAWA_le_Deirdre_Ni_Choistin-_Ard-Stiurthoir_TG4_-_Crediuint_Bryan_Brophy.jpg"},{"@type":"BreadcrumbList","@id":"https:\/\/dev.tg4.ie\/en\/information\/press\/press-releases\/2025-2\/irish-and-japanese-cultures-meet-as-dfa-partners-with-tg4-for-a-special-gradam-ceoil-showcase\/#breadcrumb","itemListElement":[{"@type":"ListItem","position":1,"name":"Home","item":"https:\/\/dev.tg4.ie\/en\/"},{"@type":"ListItem","position":2,"name":"Information","item":"https:\/\/dev.tg4.ie\/en\/information\/"},{"@type":"ListItem","position":3,"name":"Press","item":"https:\/\/dev.tg4.ie\/en\/information\/press\/"},{"@type":"ListItem","position":4,"name":"Press Releases","item":"https:\/\/dev.tg4.ie\/en\/information\/press\/press-releases\/"},{"@type":"ListItem","position":5,"name":"2025","item":"https:\/\/dev.tg4.ie\/en\/information\/press\/press-releases\/2025-2\/"},{"@type":"ListItem","position":6,"name":"Irish and Japanese cultures meet as DFA Partners with TG4 for a Special Gradam Ceoil Showcase"}]},{"@type":"WebSite","@id":"https:\/\/dev.tg4.ie\/en\/#website","url":"https:\/\/dev.tg4.ie\/en\/","name":"TG4","description":"S\u00fail Eile","potentialAction":[{"@type":"SearchAction","target":{"@type":"EntryPoint","urlTemplate":"https:\/\/dev.tg4.ie\/en\/?s={search_term_string}"},"query-input":"required name=search_term_string"}],"inLanguage":"en-ie"}]}},"_links":{"self":[{"href":"https:\/\/dev.tg4.ie\/en\/wp-json\/wp\/v2\/pages\/248412"}],"collection":[{"href":"https:\/\/dev.tg4.ie\/en\/wp-json\/wp\/v2\/pages"}],"about":[{"href":"https:\/\/dev.tg4.ie\/en\/wp-json\/wp\/v2\/types\/page"}],"author":[{"embeddable":true,"href":"https:\/\/dev.tg4.ie\/en\/wp-json\/wp\/v2\/users\/876"}],"replies":[{"embeddable":true,"href":"https:\/\/dev.tg4.ie\/en\/wp-json\/wp\/v2\/comments?post=248412"}],"version-history":[{"count":0,"href":"https:\/\/dev.tg4.ie\/en\/wp-json\/wp\/v2\/pages\/248412\/revisions"}],"up":[{"embeddable":true,"href":"https:\/\/dev.tg4.ie\/en\/wp-json\/wp\/v2\/pages\/236809"}],"wp:attachment":[{"href":"https:\/\/dev.tg4.ie\/en\/wp-json\/wp\/v2\/media?parent=248412"}],"curies":[{"name":"wp","href":"https:\/\/api.w.org\/{rel}","templated":true}]}}