{"id":248518,"date":"2025-12-11T13:21:36","date_gmt":"2025-12-11T13:21:36","guid":{"rendered":"https:\/\/dev.tg4.ie\/information\/press\/press-releases\/2025-2\/clar-faisneise-faoi-chlann-na-ngael-agus-comortas-peile-na-gaeltachta-2025-ar-tg4-la-fheile-stiofain\/"},"modified":"2025-12-11T14:28:45","modified_gmt":"2025-12-11T14:28:45","slug":"clann-na-ngael-comortas-peile-na-gaeltachta-2025","status":"publish","type":"page","link":"https:\/\/dev.tg4.ie\/en\/information\/press\/press-releases\/2025-2\/clann-na-ngael-comortas-peile-na-gaeltachta-2025\/","title":{"rendered":"Clann na nGael \u2013 Com\u00f3rtas Peile na Gaeltachta 2025"},"content":{"rendered":"<p><center><\/p>\n<h2>Clann na nGael<\/h2>\n<p><\/center><\/p>\n<p><center>Com\u00f3rtas Peile na Gaeltachta 2025<\/center><\/p>\n<p><center>TG4 &#038; <a href=\"https:\/\/dev.tg4.ie\" rel=\"noopener\" target=\"_blank\">TG4.ie<\/a><\/center> <\/p>\n<p><center>Airs on TG4, 26 December at 19:15<\/center><br \/>\n&nbsp;<\/p>\n<table>\n<tr>\n<td><img loading=\"lazy\" decoding=\"async\" width=\"1920\" height=\"1080\" src=\"https:\/\/tg4-docs.s3.amazonaws.com\/wp-content\/uploads\/2025\/12\/11132603\/Clann_na_nGael_2-1920x1080-1.jpg\" alt=\"\" class=\"aligncenter size-full wp-image-248512\" srcset=\"https:\/\/tg4-docs.s3.amazonaws.com\/wp-content\/uploads\/2025\/12\/11132603\/Clann_na_nGael_2-1920x1080-1.jpg 1920w, https:\/\/tg4-docs.s3.amazonaws.com\/wp-content\/uploads\/2025\/12\/11132603\/Clann_na_nGael_2-1920x1080-1-250x141.jpg 250w, https:\/\/tg4-docs.s3.amazonaws.com\/wp-content\/uploads\/2025\/12\/11132603\/Clann_na_nGael_2-1920x1080-1-700x394.jpg 700w, https:\/\/tg4-docs.s3.amazonaws.com\/wp-content\/uploads\/2025\/12\/11132603\/Clann_na_nGael_2-1920x1080-1-252x141.jpg 252w, https:\/\/tg4-docs.s3.amazonaws.com\/wp-content\/uploads\/2025\/12\/11132603\/Clann_na_nGael_2-1920x1080-1-1536x864.jpg 1536w, https:\/\/tg4-docs.s3.amazonaws.com\/wp-content\/uploads\/2025\/12\/11132603\/Clann_na_nGael_2-1920x1080-1-120x68.jpg 120w\" sizes=\"(max-width: 1920px) 100vw, 1920px\" \/><\/td>\n<td><img loading=\"lazy\" decoding=\"async\" width=\"1920\" height=\"1080\" src=\"https:\/\/tg4-docs.s3.amazonaws.com\/wp-content\/uploads\/2025\/12\/11132118\/Clann_na_nGael_1-1920x1080-1.jpg\" alt=\"\" class=\"aligncenter size-full wp-image-248509\" srcset=\"https:\/\/tg4-docs.s3.amazonaws.com\/wp-content\/uploads\/2025\/12\/11132118\/Clann_na_nGael_1-1920x1080-1.jpg 1920w, https:\/\/tg4-docs.s3.amazonaws.com\/wp-content\/uploads\/2025\/12\/11132118\/Clann_na_nGael_1-1920x1080-1-250x141.jpg 250w, https:\/\/tg4-docs.s3.amazonaws.com\/wp-content\/uploads\/2025\/12\/11132118\/Clann_na_nGael_1-1920x1080-1-700x394.jpg 700w, https:\/\/tg4-docs.s3.amazonaws.com\/wp-content\/uploads\/2025\/12\/11132118\/Clann_na_nGael_1-1920x1080-1-252x141.jpg 252w, https:\/\/tg4-docs.s3.amazonaws.com\/wp-content\/uploads\/2025\/12\/11132118\/Clann_na_nGael_1-1920x1080-1-1536x864.jpg 1536w, https:\/\/tg4-docs.s3.amazonaws.com\/wp-content\/uploads\/2025\/12\/11132118\/Clann_na_nGael_1-1920x1080-1-120x68.jpg 120w\" sizes=\"(max-width: 1920px) 100vw, 1920px\" \/><\/td>\n<td><img loading=\"lazy\" decoding=\"async\" width=\"1920\" height=\"1080\" src=\"https:\/\/tg4-docs.s3.amazonaws.com\/wp-content\/uploads\/2025\/12\/11132636\/Clann_na_nGael_3-1920x1080-1.jpg\" alt=\"\" class=\"aligncenter size-full wp-image-248513\" srcset=\"https:\/\/tg4-docs.s3.amazonaws.com\/wp-content\/uploads\/2025\/12\/11132636\/Clann_na_nGael_3-1920x1080-1.jpg 1920w, https:\/\/tg4-docs.s3.amazonaws.com\/wp-content\/uploads\/2025\/12\/11132636\/Clann_na_nGael_3-1920x1080-1-250x141.jpg 250w, https:\/\/tg4-docs.s3.amazonaws.com\/wp-content\/uploads\/2025\/12\/11132636\/Clann_na_nGael_3-1920x1080-1-700x394.jpg 700w, https:\/\/tg4-docs.s3.amazonaws.com\/wp-content\/uploads\/2025\/12\/11132636\/Clann_na_nGael_3-1920x1080-1-252x141.jpg 252w, https:\/\/tg4-docs.s3.amazonaws.com\/wp-content\/uploads\/2025\/12\/11132636\/Clann_na_nGael_3-1920x1080-1-1536x864.jpg 1536w, https:\/\/tg4-docs.s3.amazonaws.com\/wp-content\/uploads\/2025\/12\/11132636\/Clann_na_nGael_3-1920x1080-1-120x68.jpg 120w\" sizes=\"(max-width: 1920px) 100vw, 1920px\" \/><\/td>\n<\/tr>\n<\/table>\n<p>&nbsp;<br \/>\nTG4 is proud to present <strong>Clann na nGael<\/strong>, a new documentary celebrating one of the most important sporting and social gatherings in the Gaeltacht calendar, Com\u00f3rtas Peile na Gaeltachta. The programme will be broadcast on St Stephen\u2019s Day, 26 December, at 19:15 on TG4.<br \/>\n&nbsp;<br \/>\nCom\u00f3rtas Peile na Gaeltachta, first held in 1969, has grown from a small community tournament into one of the largest annual GAA club events. Each year it brings together Gaeltacht clubs and Irish-language communities from across the country for a festival of football, culture and shared heritage.<br \/>\n&nbsp;<br \/>\nIn 2025, the June Bank Holiday weekend saw the honour of hosting the Com\u00f3rtas return to Cumann Peile Chlann na nGael of R\u00e1th Chairn and \u00c1th Bu\u00ed in the Meath Gaeltacht, marking their first time hosting the event since 1993. Much has changed over the past three decades, with the competition expanding significantly in scale and becoming a key fixture of the GAA year. This year\u2019s Com\u00f3rtas also held special significance for the local community as they celebrated the 90th anniversary of the founding of the Meath Gaeltacht, a unique Irish-speaking community at the heart of Leinster.<br \/>\n&nbsp;<br \/>\nThe documentary follows players, managers and supporters as they pursue glory and their place in Gaeltacht sporting folklore. Featured teams include the men\u2019s and ladies\u2019 sides of Clann na nGael, An Cheathr\u00fa Rua and Gr\u00e1inne Mhaoil from Galway, as well as the Laochra Loch Lao ladies team from Belfast. Viewers will also meet the dedicated festival organisers from the Clann na nGael club, whose tireless work ensures that this major cultural and sporting occasion is delivered with pride, passion and authenticity.<br \/>\n&nbsp;<br \/>\nContributors: Aenghus \u00d3 Flatharta, S\u00edofra N\u00ed Loinsigh, Eamonn \u00d3g Mac Donnchadha, Cathal Seoighe, Shane \u00d3 Suilleabh\u00e1in and James \u00d3 Flatharta<br \/>\n&nbsp;<br \/>\n<strong>Clann na nGael<\/strong> is produced by Aniar TV for TG4.<\/p>\n<p>&nbsp;<\/p>\n","protected":false},"excerpt":{"rendered":"<p>Clann na nGael Com\u00f3rtas Peile na Gaeltachta 2025 TG4 &#038; TG4.ie Airs on TG4, 26 December at 19:15 &nbsp; &nbsp; TG4 is proud to present Clann na nGael, a new documentary celebrating one of the most important sporting and social gatherings in the Gaeltacht calendar, Com\u00f3rtas Peile na Gaeltachta. The programme will be broadcast on [&hellip;]<\/p>\n","protected":false},"author":876,"featured_media":0,"parent":236809,"menu_order":78,"comment_status":"closed","ping_status":"closed","template":"page-templates\/template-pr.php","meta":{"_acf_changed":false,"footnotes":""},"acf":[],"yoast_head":"<!-- This site is optimized with the Yoast SEO plugin v22.6 - https:\/\/yoast.com\/wordpress\/plugins\/seo\/ -->\n<title>Clann na nGael \u2013 Com\u00f3rtas Peile na Gaeltachta 2025 | Press Release | TG4<\/title>\n<meta name=\"description\" content=\"TG4 is proud to present Clann na nGael, a new documentary celebrating one of the most important sporting and social gatherings in the Gaeltacht calendar, Com\u00f3rtas Peile na Gaeltachta. The programme will be broadcast on St Stephen\u2019s Day, 26 December, at 19:15 on TG4.\" \/>\n<meta name=\"robots\" content=\"index, follow, max-snippet:-1, max-image-preview:large, max-video-preview:-1\" \/>\n<meta property=\"og:locale\" content=\"en_US\" \/>\n<meta property=\"og:type\" content=\"article\" \/>\n<meta property=\"og:title\" content=\"Clann na nGael \u2013 Com\u00f3rtas Peile na Gaeltachta 2025 | Press Release | TG4\" \/>\n<meta property=\"og:description\" content=\"TG4 is proud to present Clann na nGael, a new documentary celebrating one of the most important sporting and social gatherings in the Gaeltacht calendar, Com\u00f3rtas Peile na Gaeltachta. The programme will be broadcast on St Stephen\u2019s Day, 26 December, at 19:15 on TG4.\" \/>\n<meta property=\"og:url\" content=\"https:\/\/dev.tg4.ie\/en\/information\/press\/press-releases\/2025-2\/clann-na-ngael-comortas-peile-na-gaeltachta-2025\/\" \/>\n<meta property=\"og:site_name\" content=\"TG4\" \/>\n<meta property=\"article:publisher\" content=\"https:\/\/www.facebook.com\/TG4TV\" \/>\n<meta property=\"article:modified_time\" content=\"2025-12-11T14:28:45+00:00\" \/>\n<meta property=\"og:image\" content=\"https:\/\/dev.tg4.ie\/wp-content\/uploads\/2025\/12\/Clann_na_nGael_2-1920x1080-1.jpg\" \/>\n<meta name=\"twitter:card\" content=\"summary_large_image\" \/>\n<meta name=\"twitter:site\" content=\"@TG4TV\" \/>\n<meta name=\"twitter:label1\" content=\"Est. reading time\" \/>\n\t<meta name=\"twitter:data1\" content=\"2 minutes\" \/>\n<script type=\"application\/ld+json\" class=\"yoast-schema-graph\">{\"@context\":\"https:\/\/schema.org\",\"@graph\":[{\"@type\":\"WebPage\",\"@id\":\"https:\/\/dev.tg4.ie\/en\/information\/press\/press-releases\/2025-2\/clann-na-ngael-comortas-peile-na-gaeltachta-2025\/\",\"url\":\"https:\/\/dev.tg4.ie\/en\/information\/press\/press-releases\/2025-2\/clann-na-ngael-comortas-peile-na-gaeltachta-2025\/\",\"name\":\"Clann na nGael \u2013 Com\u00f3rtas Peile na Gaeltachta 2025 | Press Release | TG4\",\"isPartOf\":{\"@id\":\"https:\/\/dev.tg4.ie\/en\/#website\"},\"primaryImageOfPage\":{\"@id\":\"https:\/\/dev.tg4.ie\/en\/information\/press\/press-releases\/2025-2\/clann-na-ngael-comortas-peile-na-gaeltachta-2025\/#primaryimage\"},\"image\":{\"@id\":\"https:\/\/dev.tg4.ie\/en\/information\/press\/press-releases\/2025-2\/clann-na-ngael-comortas-peile-na-gaeltachta-2025\/#primaryimage\"},\"thumbnailUrl\":\"https:\/\/dev.tg4.ie\/wp-content\/uploads\/2025\/12\/Clann_na_nGael_2-1920x1080-1.jpg\",\"datePublished\":\"2025-12-11T13:21:36+00:00\",\"dateModified\":\"2025-12-11T14:28:45+00:00\",\"description\":\"TG4 is proud to present Clann na nGael, a new documentary celebrating one of the most important sporting and social gatherings in the Gaeltacht calendar, Com\u00f3rtas Peile na Gaeltachta. The programme will be broadcast on St Stephen\u2019s Day, 26 December, at 19:15 on TG4.\",\"breadcrumb\":{\"@id\":\"https:\/\/dev.tg4.ie\/en\/information\/press\/press-releases\/2025-2\/clann-na-ngael-comortas-peile-na-gaeltachta-2025\/#breadcrumb\"},\"inLanguage\":\"en-ie\",\"potentialAction\":[{\"@type\":\"ReadAction\",\"target\":[\"https:\/\/dev.tg4.ie\/en\/information\/press\/press-releases\/2025-2\/clann-na-ngael-comortas-peile-na-gaeltachta-2025\/\"]}]},{\"@type\":\"ImageObject\",\"inLanguage\":\"en-ie\",\"@id\":\"https:\/\/dev.tg4.ie\/en\/information\/press\/press-releases\/2025-2\/clann-na-ngael-comortas-peile-na-gaeltachta-2025\/#primaryimage\",\"url\":\"https:\/\/dev.tg4.ie\/wp-content\/uploads\/2025\/12\/Clann_na_nGael_2-1920x1080-1.jpg\",\"contentUrl\":\"https:\/\/dev.tg4.ie\/wp-content\/uploads\/2025\/12\/Clann_na_nGael_2-1920x1080-1.jpg\"},{\"@type\":\"BreadcrumbList\",\"@id\":\"https:\/\/dev.tg4.ie\/en\/information\/press\/press-releases\/2025-2\/clann-na-ngael-comortas-peile-na-gaeltachta-2025\/#breadcrumb\",\"itemListElement\":[{\"@type\":\"ListItem\",\"position\":1,\"name\":\"Home\",\"item\":\"https:\/\/dev.tg4.ie\/en\/\"},{\"@type\":\"ListItem\",\"position\":2,\"name\":\"Information\",\"item\":\"https:\/\/dev.tg4.ie\/en\/information\/\"},{\"@type\":\"ListItem\",\"position\":3,\"name\":\"Press\",\"item\":\"https:\/\/dev.tg4.ie\/en\/information\/press\/\"},{\"@type\":\"ListItem\",\"position\":4,\"name\":\"Press Releases\",\"item\":\"https:\/\/dev.tg4.ie\/en\/information\/press\/press-releases\/\"},{\"@type\":\"ListItem\",\"position\":5,\"name\":\"2025\",\"item\":\"https:\/\/dev.tg4.ie\/en\/information\/press\/press-releases\/2025-2\/\"},{\"@type\":\"ListItem\",\"position\":6,\"name\":\"Clann na nGael \u2013 Com\u00f3rtas Peile na Gaeltachta 2025\"}]},{\"@type\":\"WebSite\",\"@id\":\"https:\/\/dev.tg4.ie\/en\/#website\",\"url\":\"https:\/\/dev.tg4.ie\/en\/\",\"name\":\"TG4\",\"description\":\"S\u00fail Eile\",\"potentialAction\":[{\"@type\":\"SearchAction\",\"target\":{\"@type\":\"EntryPoint\",\"urlTemplate\":\"https:\/\/dev.tg4.ie\/en\/?s={search_term_string}\"},\"query-input\":\"required name=search_term_string\"}],\"inLanguage\":\"en-ie\"}]}<\/script>\n<!-- \/ Yoast SEO plugin. -->","yoast_head_json":{"title":"Clann na nGael \u2013 Com\u00f3rtas Peile na Gaeltachta 2025 | Press Release | TG4","description":"TG4 is proud to present Clann na nGael, a new documentary celebrating one of the most important sporting and social gatherings in the Gaeltacht calendar, Com\u00f3rtas Peile na Gaeltachta. The programme will be broadcast on St Stephen\u2019s Day, 26 December, at 19:15 on TG4.","robots":{"index":"index","follow":"follow","max-snippet":"max-snippet:-1","max-image-preview":"max-image-preview:large","max-video-preview":"max-video-preview:-1"},"og_locale":"en_US","og_type":"article","og_title":"Clann na nGael \u2013 Com\u00f3rtas Peile na Gaeltachta 2025 | Press Release | TG4","og_description":"TG4 is proud to present Clann na nGael, a new documentary celebrating one of the most important sporting and social gatherings in the Gaeltacht calendar, Com\u00f3rtas Peile na Gaeltachta. The programme will be broadcast on St Stephen\u2019s Day, 26 December, at 19:15 on TG4.","og_url":"https:\/\/dev.tg4.ie\/en\/information\/press\/press-releases\/2025-2\/clann-na-ngael-comortas-peile-na-gaeltachta-2025\/","og_site_name":"TG4","article_publisher":"https:\/\/www.facebook.com\/TG4TV","article_modified_time":"2025-12-11T14:28:45+00:00","og_image":[{"url":"https:\/\/dev.tg4.ie\/wp-content\/uploads\/2025\/12\/Clann_na_nGael_2-1920x1080-1.jpg"}],"twitter_card":"summary_large_image","twitter_site":"@TG4TV","twitter_misc":{"Est. reading time":"2 minutes"},"schema":{"@context":"https:\/\/schema.org","@graph":[{"@type":"WebPage","@id":"https:\/\/dev.tg4.ie\/en\/information\/press\/press-releases\/2025-2\/clann-na-ngael-comortas-peile-na-gaeltachta-2025\/","url":"https:\/\/dev.tg4.ie\/en\/information\/press\/press-releases\/2025-2\/clann-na-ngael-comortas-peile-na-gaeltachta-2025\/","name":"Clann na nGael \u2013 Com\u00f3rtas Peile na Gaeltachta 2025 | Press Release | TG4","isPartOf":{"@id":"https:\/\/dev.tg4.ie\/en\/#website"},"primaryImageOfPage":{"@id":"https:\/\/dev.tg4.ie\/en\/information\/press\/press-releases\/2025-2\/clann-na-ngael-comortas-peile-na-gaeltachta-2025\/#primaryimage"},"image":{"@id":"https:\/\/dev.tg4.ie\/en\/information\/press\/press-releases\/2025-2\/clann-na-ngael-comortas-peile-na-gaeltachta-2025\/#primaryimage"},"thumbnailUrl":"https:\/\/dev.tg4.ie\/wp-content\/uploads\/2025\/12\/Clann_na_nGael_2-1920x1080-1.jpg","datePublished":"2025-12-11T13:21:36+00:00","dateModified":"2025-12-11T14:28:45+00:00","description":"TG4 is proud to present Clann na nGael, a new documentary celebrating one of the most important sporting and social gatherings in the Gaeltacht calendar, Com\u00f3rtas Peile na Gaeltachta. The programme will be broadcast on St Stephen\u2019s Day, 26 December, at 19:15 on TG4.","breadcrumb":{"@id":"https:\/\/dev.tg4.ie\/en\/information\/press\/press-releases\/2025-2\/clann-na-ngael-comortas-peile-na-gaeltachta-2025\/#breadcrumb"},"inLanguage":"en-ie","potentialAction":[{"@type":"ReadAction","target":["https:\/\/dev.tg4.ie\/en\/information\/press\/press-releases\/2025-2\/clann-na-ngael-comortas-peile-na-gaeltachta-2025\/"]}]},{"@type":"ImageObject","inLanguage":"en-ie","@id":"https:\/\/dev.tg4.ie\/en\/information\/press\/press-releases\/2025-2\/clann-na-ngael-comortas-peile-na-gaeltachta-2025\/#primaryimage","url":"https:\/\/dev.tg4.ie\/wp-content\/uploads\/2025\/12\/Clann_na_nGael_2-1920x1080-1.jpg","contentUrl":"https:\/\/dev.tg4.ie\/wp-content\/uploads\/2025\/12\/Clann_na_nGael_2-1920x1080-1.jpg"},{"@type":"BreadcrumbList","@id":"https:\/\/dev.tg4.ie\/en\/information\/press\/press-releases\/2025-2\/clann-na-ngael-comortas-peile-na-gaeltachta-2025\/#breadcrumb","itemListElement":[{"@type":"ListItem","position":1,"name":"Home","item":"https:\/\/dev.tg4.ie\/en\/"},{"@type":"ListItem","position":2,"name":"Information","item":"https:\/\/dev.tg4.ie\/en\/information\/"},{"@type":"ListItem","position":3,"name":"Press","item":"https:\/\/dev.tg4.ie\/en\/information\/press\/"},{"@type":"ListItem","position":4,"name":"Press Releases","item":"https:\/\/dev.tg4.ie\/en\/information\/press\/press-releases\/"},{"@type":"ListItem","position":5,"name":"2025","item":"https:\/\/dev.tg4.ie\/en\/information\/press\/press-releases\/2025-2\/"},{"@type":"ListItem","position":6,"name":"Clann na nGael \u2013 Com\u00f3rtas Peile na Gaeltachta 2025"}]},{"@type":"WebSite","@id":"https:\/\/dev.tg4.ie\/en\/#website","url":"https:\/\/dev.tg4.ie\/en\/","name":"TG4","description":"S\u00fail Eile","potentialAction":[{"@type":"SearchAction","target":{"@type":"EntryPoint","urlTemplate":"https:\/\/dev.tg4.ie\/en\/?s={search_term_string}"},"query-input":"required name=search_term_string"}],"inLanguage":"en-ie"}]}},"_links":{"self":[{"href":"https:\/\/dev.tg4.ie\/en\/wp-json\/wp\/v2\/pages\/248518"}],"collection":[{"href":"https:\/\/dev.tg4.ie\/en\/wp-json\/wp\/v2\/pages"}],"about":[{"href":"https:\/\/dev.tg4.ie\/en\/wp-json\/wp\/v2\/types\/page"}],"author":[{"embeddable":true,"href":"https:\/\/dev.tg4.ie\/en\/wp-json\/wp\/v2\/users\/876"}],"replies":[{"embeddable":true,"href":"https:\/\/dev.tg4.ie\/en\/wp-json\/wp\/v2\/comments?post=248518"}],"version-history":[{"count":0,"href":"https:\/\/dev.tg4.ie\/en\/wp-json\/wp\/v2\/pages\/248518\/revisions"}],"up":[{"embeddable":true,"href":"https:\/\/dev.tg4.ie\/en\/wp-json\/wp\/v2\/pages\/236809"}],"wp:attachment":[{"href":"https:\/\/dev.tg4.ie\/en\/wp-json\/wp\/v2\/media?parent=248518"}],"curies":[{"name":"wp","href":"https:\/\/api.w.org\/{rel}","templated":true}]}}