{"id":248609,"date":"2025-12-17T10:48:24","date_gmt":"2025-12-17T10:48:24","guid":{"rendered":"https:\/\/dev.tg4.ie\/?page_id=248609"},"modified":"2025-12-17T10:54:42","modified_gmt":"2025-12-17T10:54:42","slug":"trump-agus-na-gaeil-iniuchadh-tg4-wednesday-17th-december-2025-9-30pm-tg4-tg4-ie","status":"publish","type":"page","link":"https:\/\/dev.tg4.ie\/en\/information\/press\/press-releases\/2025-2\/trump-agus-na-gaeil-iniuchadh-tg4-wednesday-17th-december-2025-9-30pm-tg4-tg4-ie\/","title":{"rendered":"Trump agus na Gaeil &#8211; Ini\u00fachadh TG4 Wednesday 17th December 2025 \u2013 9.30pm TG4 &#038; TG4.ie"},"content":{"rendered":"<p><center><\/p>\n<h2><strong>Trump agus na Gaeil &#8211; Ini\u00fachadh TG4<\/strong><\/h2>\n<p><\/center><\/p>\n<p><center>Wednesday 17th December 2025 \u2013 9.30pm<\/center><\/p>\n<p><center>TG4 &#038; <a href=\"https:\/\/dev.tg4.ie\" rel=\"noopener\" target=\"_blank\">TG4.ie<\/a><\/center><br \/>\n&nbsp;<br \/>\n&nbsp;<\/p>\n<table>\n<tr>\n<td><img loading=\"lazy\" decoding=\"async\" width=\"800\" height=\"450\" src=\"https:\/\/tg4-docs.s3.amazonaws.com\/wp-content\/uploads\/2025\/12\/17095827\/Iniuchadh-Trump-1.jpg\" alt=\"Kevin McGee\" class=\"alignnone size-full wp-image-248605\" srcset=\"https:\/\/tg4-docs.s3.amazonaws.com\/wp-content\/uploads\/2025\/12\/17095827\/Iniuchadh-Trump-1.jpg 800w, https:\/\/tg4-docs.s3.amazonaws.com\/wp-content\/uploads\/2025\/12\/17095827\/Iniuchadh-Trump-1-250x141.jpg 250w, https:\/\/tg4-docs.s3.amazonaws.com\/wp-content\/uploads\/2025\/12\/17095827\/Iniuchadh-Trump-1-700x394.jpg 700w, https:\/\/tg4-docs.s3.amazonaws.com\/wp-content\/uploads\/2025\/12\/17095827\/Iniuchadh-Trump-1-252x141.jpg 252w, https:\/\/tg4-docs.s3.amazonaws.com\/wp-content\/uploads\/2025\/12\/17095827\/Iniuchadh-Trump-1-120x68.jpg 120w\" sizes=\"(max-width: 800px) 100vw, 800px\" \/><\/td>\n<td><img loading=\"lazy\" decoding=\"async\" width=\"800\" height=\"450\" src=\"https:\/\/tg4-docs.s3.amazonaws.com\/wp-content\/uploads\/2025\/12\/17095914\/Iniuchadh-Trump-2.jpg\" alt=\"Kevin McGee\" class=\"alignnone size-full wp-image-248606\" srcset=\"https:\/\/tg4-docs.s3.amazonaws.com\/wp-content\/uploads\/2025\/12\/17095914\/Iniuchadh-Trump-2.jpg 800w, https:\/\/tg4-docs.s3.amazonaws.com\/wp-content\/uploads\/2025\/12\/17095914\/Iniuchadh-Trump-2-250x141.jpg 250w, https:\/\/tg4-docs.s3.amazonaws.com\/wp-content\/uploads\/2025\/12\/17095914\/Iniuchadh-Trump-2-700x394.jpg 700w, https:\/\/tg4-docs.s3.amazonaws.com\/wp-content\/uploads\/2025\/12\/17095914\/Iniuchadh-Trump-2-252x141.jpg 252w, https:\/\/tg4-docs.s3.amazonaws.com\/wp-content\/uploads\/2025\/12\/17095914\/Iniuchadh-Trump-2-120x68.jpg 120w\" sizes=\"(max-width: 800px) 100vw, 800px\" \/><\/td>\n<\/tr>\n<\/table>\n<p>&nbsp;<\/p>\n<p><a href=\"https:\/\/www.youtube.com\/watch?v=H7lpmiAe3t8\">Promo &#8211; Trump agus na Gaeil &#8211; Ini\u00fachadh TG4<\/a><br \/>\n<a href=\"https:\/\/www.flickr.com\/photos\/tg4\/sets\/72177720330954574\/\">Images &#8211; Trump agus na Gaeil &#8211; Ini\u00fachadh TG4<\/a><br \/>\n&nbsp;<\/p>\n<p>Undocumented Irish citizens living in the United States are being\u00a0advised not to return\u00a0to Ireland for Christmas because of fears over President Donald Trump\u2019s crackdown on illegal immigration.\u00a0<\/p>\n<p>Warnings that Irish citizens could be detained or prevented from returning to the US are made in TG4\u2019s current affairs\u2019 programme Ini\u00fachadh TG4 called \u201c<strong>Trump agus na Gaeil<\/strong>\u201d that will be broadcast on Wednesday 17th of December at 9.30 pm. <\/p>\n<p>The programme\u00a0also reveals that new figures from the Department of Foreign Affairs and Trade in Dublin show that there has been a significant increase this year in the number of Irish citizens who have requested assistance in relation to deportation from the United States.\u00a0<\/p>\n<p>Speaking on the programme, prominent Irish American lawyer and founding member of the Irish American Democrats, Brian O\u2019 Dwyer, says any undocumented Irish should remain in the US and not contemplate travelling home over the festive period.\u00a0<\/p>\n<p><em>\u201cIn the current climate, if they are undocumented, they can\u2019t go home because they are not going to get back in. At the moment, they just have to\u00a0stay low and hope this boils over. I can\u2019t give them much better advice that\u00a0that. It\u2019s that dark, and it\u2019s cruel. What they are doing is they are picking up people and then detaining them unnecessarily.\u201d\u00a0<\/em><br \/>\n&nbsp;<\/p>\n<p>It is not known how many undocumented Irish there are in the United States but estimates vary anywhere between ten and fifty thousand. Most are what are termed \u201c<em>overstayers<\/em>\u201d &#8211; people who have remained in the country after their permission to be there legally has expired. <\/p>\n<p>In the documentary, investigative journalist Kevin Magee travels to the US to investigate the plight of the undocumented Irish caught up in President Trump\u2019s concerted campaign to deport illegal immigrants carried out by officers from US Immigration and Customs Enforcement, also known as ICE.\u00a0<\/p>\n<p>Up-to-date figures from ICE on the number of deportations of Irish citizens are difficult to obtain, but figures attributed to ICE show that this year between January and Sept, 99 Irish people were deported from the United States. According to ICE, this compares\u00a0to\u00a060 deportations for the previous year\u00a02024. This is an increase of 65 per cent in a single year. Their figures show in 2023, 37 Irish were deported, 17 in 2022 and ten in 2021.<\/p>\n<p>According to the most recent figures from the Department of Foreign Affairs and Trade in Dublin\u00a0the number of citizens who have requested consular assistance in relation to deportation from the USA so far this year is 63. This is a significant increase on last year before Donald Trump began his second term in the White House. The total number of people asking for Departmental assistance in 2024 was 15, in 2023 it was 18, eleven people sought help in 2022 and five in 2021.<\/p>\n<p>The 63 people who sought help includes\u00a0those who have already been deported and those who are going through the deportation process, which often includes being held in detention at immigration holding centres\u00a0across the USA. According to the Department, the actual number of Irish citizens being deported or held by ICE could be higher than 63.\u00a0<\/p>\n<p><em>\u201cIt is important to note that this figure only relates to cases where a citizen or their family has requested consular assistance and does not necessarily reflect all deportations to Ireland or where a citizen is currently being detained by ICE,\u201d<\/em> a spokesperson for the department said.<br \/>\n&nbsp;<\/p>\n<p>County Limerick native Monsignor James Kelly, 88, has been helping undocumented immigrants get permission to remain in the US since he moved to Brooklyn more than 60 years ago. Under President Trump\u2019s current crackdown on illegal immigration, he says Irish people without the necessary documents to remain in the US are just as likely as any other illegal immigrant to be deported.\u00a0<\/p>\n<p><em>\u201cThe Irish don\u2019t have any privileged status anymore. They were treated very well in the past, but now they\u2019re not treated any differently. They are just one of another\u00a0group now. There are many Irish here that at the moment\u00a0who are not in good standing who don\u2019t have status.\u201d\u00a0<\/em><br \/>\n&nbsp;<\/p>\n<p>Monsignor Kelly also\u00a0advised\u00a0any undocumented Irish living in the States not to travel over Christmas for fear of being apprehended, deported on denied re-entry.<\/p>\n<p><em>\u201cYou have to\u00a0be very careful that you don\u2019t make trips to Ireland. They (the undocumented) can\u2019t afford to go home for Christmas and not be able to come back. It is a real problem because they have jobs here, and families here so they might not be able to come back here that easily.\u201d\u00a0<\/em><br \/>\n<em>\u201cMy advice would be not to do anything. Just stay quiet. Keep quiet for the moment. Marry an American if you can. Adjust yourself that way. Get a green card. You need to get status, and the only way you can get status is by getting a green card. That will give you the first steps towards citizenship.\u201d<\/em><br \/>\n&nbsp;<\/p>\n<p>Accurate up-to-date figures from ICE on the total number of deportations from the US are difficult to obtain, but at the end of October, the Department of Homeland Security in the US announced what it called \u201c<em>record-breaking statistics<\/em>\u201d. It said more than 527,000 \u201c<em>illegal aliens were removed under the leadership of President Donald Trump<\/em>\u201d with 600,000 deportations expected by the end of the year. <\/p>\n<p>While the second Trump administration is promising a record number of deportations of illegal immigrants from the US, new figures from the Department of Foreign Affairs and Trade show that the number of applicants from the US for Irish passports this year has increased significantly.\u00a0<\/p>\n<p>There were 38,376 applications made by people based in the United States for Irish passports so far this year. That compared to 31,825 last year, an increase of 21 per cent.\u00a0<br \/>\n&nbsp;<\/p>\n<p>Please find below a list of participants appearing in tomorrow night\u2019s  <strong>Trump agus na Gaeil &#8211; Ini\u00fachadh TG4<\/strong><\/p>\n<ul>\n<li><strong>Brian O\u2019Dwyer<\/strong> &#8211;  American Irish Democrats, New York City lawyer and founder of the American Irish Democrats. <\/li>\n<li><strong>An tAthair James Kelly<\/strong> &#8211; A Monsignor from Adare, Limerick, who has been based in New York for 60 years. He has an immigration centre in Brooklyn.<\/li>\n<li><strong>An tOllamh Brian \u00d3 Broin<\/strong> &#8211; William Patterson University. A native of Galway, who has taught literature and linguistics at William Patterson University, New Jersey for over 20 years.<\/li>\n<li><strong>Siobhan Dennehy<\/strong> &#8211; Emerald Isle Immigration Center. A native of Dublin, she is the Director of the Emerald Isle Immigration Centre and has worked with them for over 20 years. She was awarded the Irish Echo\u2019s Irish American of the Year for 2025.<\/li>\n<li><strong>Mike Lawler<\/strong> &#8211; Congress Republican. A native of Pearl River, New York, he is a member of the United States Congress.<\/li>\n<li><strong>Frances Mulraney<\/strong> &#8211; Journalist. A native of Kildare, she is Head of News for the US Sun.\u00a0<\/li>\n<li><strong>Richard Reep<\/strong> &#8211; A former architect from Orlando Florida, he moved to Dundrum, Dublin, this summer with his wife, Kim, and daughter who is transgender.\u00a0<\/li>\n<li><strong>Kim Mathis<\/strong> &#8211; A former teacher from Orlando Florida, she moved to Dundrum, Dublin, this summer with her husband and daughter who is transgender.\u00a0<\/li>\n<li><strong>Domhnall \u00d3 Cath\u00e1in<\/strong> &#8211; Lawyer. A native of Cork, he has lived and worked in New Jersey for over 20 years. He is married with three children.\u00a0<\/li>\n<li><strong>Seoirs\u00edn N\u00ed Mheachair<\/strong> &#8211;  Translator from New York.<\/li>\n<li><strong>M\u00e1irt\u00edn \u00d3 Muilleoir<\/strong> &#8211; Publisher, The Irish Echo. From Belfast, former Mayor of Belfast and Minister with Sinn F\u00e9in. He is the editor of The Irish Echo which is based in New York.<\/li>\n<li><strong>Kevin Rawdon<\/strong> &#8211;  Musician from Brooklyn.<\/li>\n<li><strong>Chris Byrne<\/strong> &#8211; Musician from New York, co-founder of the band Black 47.<\/li>\n<li><strong>Matthew Bray<\/strong> &#8211; Immigration lawyer based in New York.<\/li>\n<li><strong>Marie Kiernan<\/strong> &#8211; Originally from Longford, now living in the States. She supports Trump.<\/li>\n<li><strong>S\u00e9amus \u00d3 Neachtain<\/strong> &#8211; Trump supporter from Long Island, NY.<\/li>\n<li><strong>\u00c9amonn Mac Giolla Bhr\u00edde<\/strong> &#8211;  Auctioneer from Gaoth Dobhair, Co. Donegal.<\/li>\n<\/ul>\n<p>&nbsp;<\/p>\n<p><center>Trump agus na Gaeil &#8211; Ini\u00fachadh TG4 <\/center><\/p>\n<p><center>D\u00e9 C\u00e9adaoin 17 Nollaig 2025 \u2013 9.30pm<\/center><\/p>\n<p><center>TG4 &#038; <a href=\"https:\/\/dev.tg4.ie\" rel=\"noopener\" target=\"_blank\">TG4.ie<\/a><\/center><br \/>\n&nbsp;<\/p>\n","protected":false},"excerpt":{"rendered":"<p>Trump agus na Gaeil &#8211; Ini\u00fachadh TG4 Wednesday 17th December 2025 \u2013 9.30pm TG4 &#038; TG4.ie &nbsp; &nbsp; &nbsp; Promo &#8211; Trump agus na Gaeil &#8211; Ini\u00fachadh TG4 Images &#8211; Trump agus na Gaeil &#8211; Ini\u00fachadh TG4 &nbsp; Undocumented Irish citizens living in the United States are being\u00a0advised not to return\u00a0to Ireland for Christmas because [&hellip;]<\/p>\n","protected":false},"author":876,"featured_media":0,"parent":236809,"menu_order":79,"comment_status":"closed","ping_status":"closed","template":"page-templates\/template-pr.php","meta":{"_acf_changed":false,"footnotes":""},"acf":[],"yoast_head":"<!-- This site is optimized with the Yoast SEO plugin v22.6 - https:\/\/yoast.com\/wordpress\/plugins\/seo\/ -->\n<title>Trump agus na Gaeil - Ini\u00fachadh TG4 Wednesday 17th December 2025 \u2013 9.30pm | Press Release | TG4<\/title>\n<meta name=\"robots\" content=\"index, follow, max-snippet:-1, max-image-preview:large, max-video-preview:-1\" \/>\n<meta property=\"og:locale\" content=\"en_US\" \/>\n<meta property=\"og:type\" content=\"article\" \/>\n<meta property=\"og:title\" content=\"Trump agus na Gaeil - Ini\u00fachadh TG4 Wednesday 17th December 2025 \u2013 9.30pm | Press Release | TG4\" \/>\n<meta property=\"og:description\" content=\"Trump agus na Gaeil &#8211; Ini\u00fachadh TG4 Wednesday 17th December 2025 \u2013 9.30pm TG4 &#038; TG4.ie &nbsp; &nbsp; &nbsp; Promo &#8211; Trump agus na Gaeil &#8211; Ini\u00fachadh TG4 Images &#8211; Trump agus na Gaeil &#8211; Ini\u00fachadh TG4 &nbsp; Undocumented Irish citizens living in the United States are being\u00a0advised not to return\u00a0to Ireland for Christmas because [&hellip;]\" \/>\n<meta property=\"og:url\" content=\"https:\/\/dev.tg4.ie\/en\/information\/press\/press-releases\/2025-2\/trump-agus-na-gaeil-iniuchadh-tg4-wednesday-17th-december-2025-9-30pm-tg4-tg4-ie\/\" \/>\n<meta property=\"og:site_name\" content=\"TG4\" \/>\n<meta property=\"article:publisher\" content=\"https:\/\/www.facebook.com\/TG4TV\" \/>\n<meta property=\"article:modified_time\" content=\"2025-12-17T10:54:42+00:00\" \/>\n<meta property=\"og:image\" content=\"https:\/\/dev.tg4.ie\/wp-content\/uploads\/2025\/12\/Iniuchadh-Trump-1.jpg\" \/>\n<meta name=\"twitter:card\" content=\"summary_large_image\" \/>\n<meta name=\"twitter:site\" content=\"@TG4TV\" \/>\n<meta name=\"twitter:label1\" content=\"Est. reading time\" \/>\n\t<meta name=\"twitter:data1\" content=\"8 minutes\" \/>\n<script type=\"application\/ld+json\" class=\"yoast-schema-graph\">{\"@context\":\"https:\/\/schema.org\",\"@graph\":[{\"@type\":\"WebPage\",\"@id\":\"https:\/\/dev.tg4.ie\/en\/information\/press\/press-releases\/2025-2\/trump-agus-na-gaeil-iniuchadh-tg4-wednesday-17th-december-2025-9-30pm-tg4-tg4-ie\/\",\"url\":\"https:\/\/dev.tg4.ie\/en\/information\/press\/press-releases\/2025-2\/trump-agus-na-gaeil-iniuchadh-tg4-wednesday-17th-december-2025-9-30pm-tg4-tg4-ie\/\",\"name\":\"Trump agus na Gaeil - Ini\u00fachadh TG4 Wednesday 17th December 2025 \u2013 9.30pm | Press Release | TG4\",\"isPartOf\":{\"@id\":\"https:\/\/dev.tg4.ie\/en\/#website\"},\"primaryImageOfPage\":{\"@id\":\"https:\/\/dev.tg4.ie\/en\/information\/press\/press-releases\/2025-2\/trump-agus-na-gaeil-iniuchadh-tg4-wednesday-17th-december-2025-9-30pm-tg4-tg4-ie\/#primaryimage\"},\"image\":{\"@id\":\"https:\/\/dev.tg4.ie\/en\/information\/press\/press-releases\/2025-2\/trump-agus-na-gaeil-iniuchadh-tg4-wednesday-17th-december-2025-9-30pm-tg4-tg4-ie\/#primaryimage\"},\"thumbnailUrl\":\"https:\/\/dev.tg4.ie\/wp-content\/uploads\/2025\/12\/Iniuchadh-Trump-1.jpg\",\"datePublished\":\"2025-12-17T10:48:24+00:00\",\"dateModified\":\"2025-12-17T10:54:42+00:00\",\"breadcrumb\":{\"@id\":\"https:\/\/dev.tg4.ie\/en\/information\/press\/press-releases\/2025-2\/trump-agus-na-gaeil-iniuchadh-tg4-wednesday-17th-december-2025-9-30pm-tg4-tg4-ie\/#breadcrumb\"},\"inLanguage\":\"en-ie\",\"potentialAction\":[{\"@type\":\"ReadAction\",\"target\":[\"https:\/\/dev.tg4.ie\/en\/information\/press\/press-releases\/2025-2\/trump-agus-na-gaeil-iniuchadh-tg4-wednesday-17th-december-2025-9-30pm-tg4-tg4-ie\/\"]}]},{\"@type\":\"ImageObject\",\"inLanguage\":\"en-ie\",\"@id\":\"https:\/\/dev.tg4.ie\/en\/information\/press\/press-releases\/2025-2\/trump-agus-na-gaeil-iniuchadh-tg4-wednesday-17th-december-2025-9-30pm-tg4-tg4-ie\/#primaryimage\",\"url\":\"https:\/\/dev.tg4.ie\/wp-content\/uploads\/2025\/12\/Iniuchadh-Trump-1.jpg\",\"contentUrl\":\"https:\/\/dev.tg4.ie\/wp-content\/uploads\/2025\/12\/Iniuchadh-Trump-1.jpg\"},{\"@type\":\"BreadcrumbList\",\"@id\":\"https:\/\/dev.tg4.ie\/en\/information\/press\/press-releases\/2025-2\/trump-agus-na-gaeil-iniuchadh-tg4-wednesday-17th-december-2025-9-30pm-tg4-tg4-ie\/#breadcrumb\",\"itemListElement\":[{\"@type\":\"ListItem\",\"position\":1,\"name\":\"Home\",\"item\":\"https:\/\/dev.tg4.ie\/en\/\"},{\"@type\":\"ListItem\",\"position\":2,\"name\":\"Information\",\"item\":\"https:\/\/dev.tg4.ie\/en\/information\/\"},{\"@type\":\"ListItem\",\"position\":3,\"name\":\"Press\",\"item\":\"https:\/\/dev.tg4.ie\/en\/information\/press\/\"},{\"@type\":\"ListItem\",\"position\":4,\"name\":\"Press Releases\",\"item\":\"https:\/\/dev.tg4.ie\/en\/information\/press\/press-releases\/\"},{\"@type\":\"ListItem\",\"position\":5,\"name\":\"2025\",\"item\":\"https:\/\/dev.tg4.ie\/en\/information\/press\/press-releases\/2025-2\/\"},{\"@type\":\"ListItem\",\"position\":6,\"name\":\"Trump agus na Gaeil &#8211; Ini\u00fachadh TG4 Wednesday 17th December 2025 \u2013 9.30pm TG4 &#038; TG4.ie\"}]},{\"@type\":\"WebSite\",\"@id\":\"https:\/\/dev.tg4.ie\/en\/#website\",\"url\":\"https:\/\/dev.tg4.ie\/en\/\",\"name\":\"TG4\",\"description\":\"S\u00fail Eile\",\"potentialAction\":[{\"@type\":\"SearchAction\",\"target\":{\"@type\":\"EntryPoint\",\"urlTemplate\":\"https:\/\/dev.tg4.ie\/en\/?s={search_term_string}\"},\"query-input\":\"required name=search_term_string\"}],\"inLanguage\":\"en-ie\"}]}<\/script>\n<!-- \/ Yoast SEO plugin. -->","yoast_head_json":{"title":"Trump agus na Gaeil - Ini\u00fachadh TG4 Wednesday 17th December 2025 \u2013 9.30pm | Press Release | TG4","robots":{"index":"index","follow":"follow","max-snippet":"max-snippet:-1","max-image-preview":"max-image-preview:large","max-video-preview":"max-video-preview:-1"},"og_locale":"en_US","og_type":"article","og_title":"Trump agus na Gaeil - Ini\u00fachadh TG4 Wednesday 17th December 2025 \u2013 9.30pm | Press Release | TG4","og_description":"Trump agus na Gaeil &#8211; Ini\u00fachadh TG4 Wednesday 17th December 2025 \u2013 9.30pm TG4 &#038; TG4.ie &nbsp; &nbsp; &nbsp; Promo &#8211; Trump agus na Gaeil &#8211; Ini\u00fachadh TG4 Images &#8211; Trump agus na Gaeil &#8211; Ini\u00fachadh TG4 &nbsp; Undocumented Irish citizens living in the United States are being\u00a0advised not to return\u00a0to Ireland for Christmas because [&hellip;]","og_url":"https:\/\/dev.tg4.ie\/en\/information\/press\/press-releases\/2025-2\/trump-agus-na-gaeil-iniuchadh-tg4-wednesday-17th-december-2025-9-30pm-tg4-tg4-ie\/","og_site_name":"TG4","article_publisher":"https:\/\/www.facebook.com\/TG4TV","article_modified_time":"2025-12-17T10:54:42+00:00","og_image":[{"url":"https:\/\/dev.tg4.ie\/wp-content\/uploads\/2025\/12\/Iniuchadh-Trump-1.jpg"}],"twitter_card":"summary_large_image","twitter_site":"@TG4TV","twitter_misc":{"Est. reading time":"8 minutes"},"schema":{"@context":"https:\/\/schema.org","@graph":[{"@type":"WebPage","@id":"https:\/\/dev.tg4.ie\/en\/information\/press\/press-releases\/2025-2\/trump-agus-na-gaeil-iniuchadh-tg4-wednesday-17th-december-2025-9-30pm-tg4-tg4-ie\/","url":"https:\/\/dev.tg4.ie\/en\/information\/press\/press-releases\/2025-2\/trump-agus-na-gaeil-iniuchadh-tg4-wednesday-17th-december-2025-9-30pm-tg4-tg4-ie\/","name":"Trump agus na Gaeil - Ini\u00fachadh TG4 Wednesday 17th December 2025 \u2013 9.30pm | Press Release | TG4","isPartOf":{"@id":"https:\/\/dev.tg4.ie\/en\/#website"},"primaryImageOfPage":{"@id":"https:\/\/dev.tg4.ie\/en\/information\/press\/press-releases\/2025-2\/trump-agus-na-gaeil-iniuchadh-tg4-wednesday-17th-december-2025-9-30pm-tg4-tg4-ie\/#primaryimage"},"image":{"@id":"https:\/\/dev.tg4.ie\/en\/information\/press\/press-releases\/2025-2\/trump-agus-na-gaeil-iniuchadh-tg4-wednesday-17th-december-2025-9-30pm-tg4-tg4-ie\/#primaryimage"},"thumbnailUrl":"https:\/\/dev.tg4.ie\/wp-content\/uploads\/2025\/12\/Iniuchadh-Trump-1.jpg","datePublished":"2025-12-17T10:48:24+00:00","dateModified":"2025-12-17T10:54:42+00:00","breadcrumb":{"@id":"https:\/\/dev.tg4.ie\/en\/information\/press\/press-releases\/2025-2\/trump-agus-na-gaeil-iniuchadh-tg4-wednesday-17th-december-2025-9-30pm-tg4-tg4-ie\/#breadcrumb"},"inLanguage":"en-ie","potentialAction":[{"@type":"ReadAction","target":["https:\/\/dev.tg4.ie\/en\/information\/press\/press-releases\/2025-2\/trump-agus-na-gaeil-iniuchadh-tg4-wednesday-17th-december-2025-9-30pm-tg4-tg4-ie\/"]}]},{"@type":"ImageObject","inLanguage":"en-ie","@id":"https:\/\/dev.tg4.ie\/en\/information\/press\/press-releases\/2025-2\/trump-agus-na-gaeil-iniuchadh-tg4-wednesday-17th-december-2025-9-30pm-tg4-tg4-ie\/#primaryimage","url":"https:\/\/dev.tg4.ie\/wp-content\/uploads\/2025\/12\/Iniuchadh-Trump-1.jpg","contentUrl":"https:\/\/dev.tg4.ie\/wp-content\/uploads\/2025\/12\/Iniuchadh-Trump-1.jpg"},{"@type":"BreadcrumbList","@id":"https:\/\/dev.tg4.ie\/en\/information\/press\/press-releases\/2025-2\/trump-agus-na-gaeil-iniuchadh-tg4-wednesday-17th-december-2025-9-30pm-tg4-tg4-ie\/#breadcrumb","itemListElement":[{"@type":"ListItem","position":1,"name":"Home","item":"https:\/\/dev.tg4.ie\/en\/"},{"@type":"ListItem","position":2,"name":"Information","item":"https:\/\/dev.tg4.ie\/en\/information\/"},{"@type":"ListItem","position":3,"name":"Press","item":"https:\/\/dev.tg4.ie\/en\/information\/press\/"},{"@type":"ListItem","position":4,"name":"Press Releases","item":"https:\/\/dev.tg4.ie\/en\/information\/press\/press-releases\/"},{"@type":"ListItem","position":5,"name":"2025","item":"https:\/\/dev.tg4.ie\/en\/information\/press\/press-releases\/2025-2\/"},{"@type":"ListItem","position":6,"name":"Trump agus na Gaeil &#8211; Ini\u00fachadh TG4 Wednesday 17th December 2025 \u2013 9.30pm TG4 &#038; TG4.ie"}]},{"@type":"WebSite","@id":"https:\/\/dev.tg4.ie\/en\/#website","url":"https:\/\/dev.tg4.ie\/en\/","name":"TG4","description":"S\u00fail Eile","potentialAction":[{"@type":"SearchAction","target":{"@type":"EntryPoint","urlTemplate":"https:\/\/dev.tg4.ie\/en\/?s={search_term_string}"},"query-input":"required name=search_term_string"}],"inLanguage":"en-ie"}]}},"_links":{"self":[{"href":"https:\/\/dev.tg4.ie\/en\/wp-json\/wp\/v2\/pages\/248609"}],"collection":[{"href":"https:\/\/dev.tg4.ie\/en\/wp-json\/wp\/v2\/pages"}],"about":[{"href":"https:\/\/dev.tg4.ie\/en\/wp-json\/wp\/v2\/types\/page"}],"author":[{"embeddable":true,"href":"https:\/\/dev.tg4.ie\/en\/wp-json\/wp\/v2\/users\/876"}],"replies":[{"embeddable":true,"href":"https:\/\/dev.tg4.ie\/en\/wp-json\/wp\/v2\/comments?post=248609"}],"version-history":[{"count":0,"href":"https:\/\/dev.tg4.ie\/en\/wp-json\/wp\/v2\/pages\/248609\/revisions"}],"up":[{"embeddable":true,"href":"https:\/\/dev.tg4.ie\/en\/wp-json\/wp\/v2\/pages\/236809"}],"wp:attachment":[{"href":"https:\/\/dev.tg4.ie\/en\/wp-json\/wp\/v2\/media?parent=248609"}],"curies":[{"name":"wp","href":"https:\/\/api.w.org\/{rel}","templated":true}]}}