{"id":248647,"date":"2025-12-03T15:35:51","date_gmt":"2025-12-03T15:35:51","guid":{"rendered":"https:\/\/dev.tg4.ie\/information\/newsletter\/nollaig-shona-2025\/"},"modified":"2025-12-18T13:45:26","modified_gmt":"2025-12-18T13:45:26","slug":"happy-christmas-2025","status":"publish","type":"page","link":"https:\/\/dev.tg4.ie\/en\/information\/newsletter\/happy-christmas-2025\/","title":{"rendered":"Happy Christmas 2025"},"content":{"rendered":"","protected":false},"excerpt":{"rendered":"","protected":false},"author":876,"featured_media":248589,"parent":1096,"menu_order":92,"comment_status":"closed","ping_status":"closed","template":"page-templates\/template-newsletter-web.php","meta":{"_acf_changed":false,"footnotes":""},"acf":[],"yoast_head":"<!-- This site is optimized with the Yoast SEO plugin v22.6 - https:\/\/yoast.com\/wordpress\/plugins\/seo\/ -->\n<title>TG4 Newsletter Happy Christmas 2025 | New Shows | Irish TV | Schedule<\/title>\n<meta name=\"description\" content=\"Nuachtlitir TG4 Nollaig Shona 2025 - Cl\u00e1racha nua den scoth chomh maith le cl\u00e1racha reatha le feice\u00e1il ar TG4 agus ar Seinnteoir TG4.TG4 Newsletter Happy Christmas 2025\" \/>\n<meta name=\"robots\" content=\"index, follow, max-snippet:-1, max-image-preview:large, max-video-preview:-1\" \/>\n<meta property=\"og:locale\" content=\"en_US\" \/>\n<meta property=\"og:type\" content=\"article\" \/>\n<meta property=\"og:title\" content=\"TG4 Newsletter Happy Christmas 2025 | New Shows | Irish TV | Schedule\" \/>\n<meta property=\"og:description\" content=\"Nuachtlitir TG4 Nollaig Shona 2025 - Cl\u00e1racha nua den scoth chomh maith le cl\u00e1racha reatha le feice\u00e1il ar TG4 agus ar Seinnteoir TG4.TG4 Newsletter Happy Christmas 2025\" \/>\n<meta property=\"og:url\" content=\"https:\/\/dev.tg4.ie\/en\/information\/newsletter\/happy-christmas-2025\/\" \/>\n<meta property=\"og:site_name\" content=\"TG4\" \/>\n<meta property=\"article:publisher\" content=\"https:\/\/www.facebook.com\/TG4TV\" \/>\n<meta property=\"article:modified_time\" content=\"2025-12-18T13:45:26+00:00\" \/>\n<meta property=\"og:image\" content=\"https:\/\/tg4-docs.s3.amazonaws.com\/wp-content\/uploads\/2025\/12\/16110618\/Gene_Kelly_1-1920x1080-1.jpg\" \/>\n\t<meta property=\"og:image:width\" content=\"1920\" \/>\n\t<meta property=\"og:image:height\" content=\"1080\" \/>\n\t<meta property=\"og:image:type\" content=\"image\/jpeg\" \/>\n<meta name=\"twitter:card\" content=\"summary_large_image\" \/>\n<meta name=\"twitter:site\" content=\"@TG4TV\" \/>\n<meta name=\"twitter:label1\" content=\"Est. reading time\" \/>\n\t<meta name=\"twitter:data1\" content=\"1 minute\" \/>\n<script type=\"application\/ld+json\" class=\"yoast-schema-graph\">{\"@context\":\"https:\/\/schema.org\",\"@graph\":[{\"@type\":\"WebPage\",\"@id\":\"https:\/\/dev.tg4.ie\/en\/information\/newsletter\/happy-christmas-2025\/\",\"url\":\"https:\/\/dev.tg4.ie\/en\/information\/newsletter\/happy-christmas-2025\/\",\"name\":\"TG4 Newsletter Happy Christmas 2025 | New Shows | Irish TV | Schedule\",\"isPartOf\":{\"@id\":\"https:\/\/dev.tg4.ie\/en\/#website\"},\"primaryImageOfPage\":{\"@id\":\"https:\/\/dev.tg4.ie\/en\/information\/newsletter\/happy-christmas-2025\/#primaryimage\"},\"image\":{\"@id\":\"https:\/\/dev.tg4.ie\/en\/information\/newsletter\/happy-christmas-2025\/#primaryimage\"},\"thumbnailUrl\":\"https:\/\/tg4-docs.s3.amazonaws.com\/wp-content\/uploads\/2025\/12\/16110618\/Gene_Kelly_1-1920x1080-1.jpg\",\"datePublished\":\"2025-12-03T15:35:51+00:00\",\"dateModified\":\"2025-12-18T13:45:26+00:00\",\"description\":\"Nuachtlitir TG4 Nollaig Shona 2025 - Cl\u00e1racha nua den scoth chomh maith le cl\u00e1racha reatha le feice\u00e1il ar TG4 agus ar Seinnteoir TG4.TG4 Newsletter Happy Christmas 2025\",\"breadcrumb\":{\"@id\":\"https:\/\/dev.tg4.ie\/en\/information\/newsletter\/happy-christmas-2025\/#breadcrumb\"},\"inLanguage\":\"en-ie\",\"potentialAction\":[{\"@type\":\"ReadAction\",\"target\":[\"https:\/\/dev.tg4.ie\/en\/information\/newsletter\/happy-christmas-2025\/\"]}]},{\"@type\":\"ImageObject\",\"inLanguage\":\"en-ie\",\"@id\":\"https:\/\/dev.tg4.ie\/en\/information\/newsletter\/happy-christmas-2025\/#primaryimage\",\"url\":\"https:\/\/tg4-docs.s3.amazonaws.com\/wp-content\/uploads\/2025\/12\/16110618\/Gene_Kelly_1-1920x1080-1.jpg\",\"contentUrl\":\"https:\/\/tg4-docs.s3.amazonaws.com\/wp-content\/uploads\/2025\/12\/16110618\/Gene_Kelly_1-1920x1080-1.jpg\",\"width\":1920,\"height\":1080},{\"@type\":\"BreadcrumbList\",\"@id\":\"https:\/\/dev.tg4.ie\/en\/information\/newsletter\/happy-christmas-2025\/#breadcrumb\",\"itemListElement\":[{\"@type\":\"ListItem\",\"position\":1,\"name\":\"Home\",\"item\":\"https:\/\/dev.tg4.ie\/en\/\"},{\"@type\":\"ListItem\",\"position\":2,\"name\":\"Information\",\"item\":\"https:\/\/dev.tg4.ie\/en\/information\/\"},{\"@type\":\"ListItem\",\"position\":3,\"name\":\"Newsletter\",\"item\":\"https:\/\/dev.tg4.ie\/en\/information\/newsletter\/\"},{\"@type\":\"ListItem\",\"position\":4,\"name\":\"Happy Christmas 2025\"}]},{\"@type\":\"WebSite\",\"@id\":\"https:\/\/dev.tg4.ie\/en\/#website\",\"url\":\"https:\/\/dev.tg4.ie\/en\/\",\"name\":\"TG4\",\"description\":\"S\u00fail Eile\",\"potentialAction\":[{\"@type\":\"SearchAction\",\"target\":{\"@type\":\"EntryPoint\",\"urlTemplate\":\"https:\/\/dev.tg4.ie\/en\/?s={search_term_string}\"},\"query-input\":\"required name=search_term_string\"}],\"inLanguage\":\"en-ie\"}]}<\/script>\n<!-- \/ Yoast SEO plugin. -->","yoast_head_json":{"title":"TG4 Newsletter Happy Christmas 2025 | New Shows | Irish TV | Schedule","description":"Nuachtlitir TG4 Nollaig Shona 2025 - Cl\u00e1racha nua den scoth chomh maith le cl\u00e1racha reatha le feice\u00e1il ar TG4 agus ar Seinnteoir TG4.TG4 Newsletter Happy Christmas 2025","robots":{"index":"index","follow":"follow","max-snippet":"max-snippet:-1","max-image-preview":"max-image-preview:large","max-video-preview":"max-video-preview:-1"},"og_locale":"en_US","og_type":"article","og_title":"TG4 Newsletter Happy Christmas 2025 | New Shows | Irish TV | Schedule","og_description":"Nuachtlitir TG4 Nollaig Shona 2025 - Cl\u00e1racha nua den scoth chomh maith le cl\u00e1racha reatha le feice\u00e1il ar TG4 agus ar Seinnteoir TG4.TG4 Newsletter Happy Christmas 2025","og_url":"https:\/\/dev.tg4.ie\/en\/information\/newsletter\/happy-christmas-2025\/","og_site_name":"TG4","article_publisher":"https:\/\/www.facebook.com\/TG4TV","article_modified_time":"2025-12-18T13:45:26+00:00","og_image":[{"width":1920,"height":1080,"url":"https:\/\/tg4-docs.s3.amazonaws.com\/wp-content\/uploads\/2025\/12\/16110618\/Gene_Kelly_1-1920x1080-1.jpg","type":"image\/jpeg"}],"twitter_card":"summary_large_image","twitter_site":"@TG4TV","twitter_misc":{"Est. reading time":"1 minute"},"schema":{"@context":"https:\/\/schema.org","@graph":[{"@type":"WebPage","@id":"https:\/\/dev.tg4.ie\/en\/information\/newsletter\/happy-christmas-2025\/","url":"https:\/\/dev.tg4.ie\/en\/information\/newsletter\/happy-christmas-2025\/","name":"TG4 Newsletter Happy Christmas 2025 | New Shows | Irish TV | Schedule","isPartOf":{"@id":"https:\/\/dev.tg4.ie\/en\/#website"},"primaryImageOfPage":{"@id":"https:\/\/dev.tg4.ie\/en\/information\/newsletter\/happy-christmas-2025\/#primaryimage"},"image":{"@id":"https:\/\/dev.tg4.ie\/en\/information\/newsletter\/happy-christmas-2025\/#primaryimage"},"thumbnailUrl":"https:\/\/tg4-docs.s3.amazonaws.com\/wp-content\/uploads\/2025\/12\/16110618\/Gene_Kelly_1-1920x1080-1.jpg","datePublished":"2025-12-03T15:35:51+00:00","dateModified":"2025-12-18T13:45:26+00:00","description":"Nuachtlitir TG4 Nollaig Shona 2025 - Cl\u00e1racha nua den scoth chomh maith le cl\u00e1racha reatha le feice\u00e1il ar TG4 agus ar Seinnteoir TG4.TG4 Newsletter Happy Christmas 2025","breadcrumb":{"@id":"https:\/\/dev.tg4.ie\/en\/information\/newsletter\/happy-christmas-2025\/#breadcrumb"},"inLanguage":"en-ie","potentialAction":[{"@type":"ReadAction","target":["https:\/\/dev.tg4.ie\/en\/information\/newsletter\/happy-christmas-2025\/"]}]},{"@type":"ImageObject","inLanguage":"en-ie","@id":"https:\/\/dev.tg4.ie\/en\/information\/newsletter\/happy-christmas-2025\/#primaryimage","url":"https:\/\/tg4-docs.s3.amazonaws.com\/wp-content\/uploads\/2025\/12\/16110618\/Gene_Kelly_1-1920x1080-1.jpg","contentUrl":"https:\/\/tg4-docs.s3.amazonaws.com\/wp-content\/uploads\/2025\/12\/16110618\/Gene_Kelly_1-1920x1080-1.jpg","width":1920,"height":1080},{"@type":"BreadcrumbList","@id":"https:\/\/dev.tg4.ie\/en\/information\/newsletter\/happy-christmas-2025\/#breadcrumb","itemListElement":[{"@type":"ListItem","position":1,"name":"Home","item":"https:\/\/dev.tg4.ie\/en\/"},{"@type":"ListItem","position":2,"name":"Information","item":"https:\/\/dev.tg4.ie\/en\/information\/"},{"@type":"ListItem","position":3,"name":"Newsletter","item":"https:\/\/dev.tg4.ie\/en\/information\/newsletter\/"},{"@type":"ListItem","position":4,"name":"Happy Christmas 2025"}]},{"@type":"WebSite","@id":"https:\/\/dev.tg4.ie\/en\/#website","url":"https:\/\/dev.tg4.ie\/en\/","name":"TG4","description":"S\u00fail Eile","potentialAction":[{"@type":"SearchAction","target":{"@type":"EntryPoint","urlTemplate":"https:\/\/dev.tg4.ie\/en\/?s={search_term_string}"},"query-input":"required name=search_term_string"}],"inLanguage":"en-ie"}]}},"_links":{"self":[{"href":"https:\/\/dev.tg4.ie\/en\/wp-json\/wp\/v2\/pages\/248647"}],"collection":[{"href":"https:\/\/dev.tg4.ie\/en\/wp-json\/wp\/v2\/pages"}],"about":[{"href":"https:\/\/dev.tg4.ie\/en\/wp-json\/wp\/v2\/types\/page"}],"author":[{"embeddable":true,"href":"https:\/\/dev.tg4.ie\/en\/wp-json\/wp\/v2\/users\/876"}],"replies":[{"embeddable":true,"href":"https:\/\/dev.tg4.ie\/en\/wp-json\/wp\/v2\/comments?post=248647"}],"version-history":[{"count":0,"href":"https:\/\/dev.tg4.ie\/en\/wp-json\/wp\/v2\/pages\/248647\/revisions"}],"up":[{"embeddable":true,"href":"https:\/\/dev.tg4.ie\/en\/wp-json\/wp\/v2\/pages\/1096"}],"wp:featuredmedia":[{"embeddable":true,"href":"https:\/\/dev.tg4.ie\/en\/wp-json\/wp\/v2\/media\/248589"}],"wp:attachment":[{"href":"https:\/\/dev.tg4.ie\/en\/wp-json\/wp\/v2\/media?parent=248647"}],"curies":[{"name":"wp","href":"https:\/\/api.w.org\/{rel}","templated":true}]}}