{"id":3208,"date":"2015-09-16T13:37:56","date_gmt":"2015-09-16T12:37:56","guid":{"rendered":"https:\/\/dev.tg4.ie\/en\/?page_id=3208"},"modified":"2019-06-25T11:29:19","modified_gmt":"2019-06-25T10:29:19","slug":"comhairle-lucht-feachana","status":"publish","type":"page","link":"https:\/\/dev.tg4.ie\/en\/information\/press\/press-releases\/2015-2\/comhairle-lucht-feachana\/","title":{"rendered":"Comhairle Lucht F\u00e9achana"},"content":{"rendered":"<h2>Comhairle Lucht F\u00e9achana\u00a0 TG4\u00a0 2015-2020<\/h2>\n<p>Cuirfidh TG4 f\u00e1ilte roimh l\u00e9irithe sp\u00e9ise \u00f3 dhaoine le Gaeilge l\u00edofa ar mian leo a bheith ina gcomhalta\u00ed d\u00e1 Chomhairle Lucht F\u00e9achana.<\/p>\n<p>Is deis \u00ed seo do dhaoine tac\u00fa le TG4 ar bhealach praitici\u00fail agus ais-eolas luachmhar a shol\u00e1thar d\u00e1 lucht ceannais \u00a0maidir le\u00a0 raon agus\u00a0 caighde\u00e1n an \u00e1bhair a chraoltar ar an gcain\u00e9al.<\/p>\n<p>B\u00edonn dh\u00e1 chruinni\u00fa sa mbliain ag an gComhairle.<\/p>\n<p>Tuairim\u00ed agus leasanna an phobail i gcoitinne a chur in i\u00fal don Bhord is pr\u00edomh-fheidhm don Chomhairle.\u00a0 Is \u00e9 Bord TG4 a cheapann comhalta\u00ed na Comhairle.<\/p>\n<p>B\u00edonn \u00a0comhalta \u00a0ar Bhord TG4 mar Chathaoirleach ar an gComhairle agus ceathrar d\u00e9ag comhalta\u00ed eile Comhairle\u00a0 ina chuideachta, \u00f3 mheasc\u00e1n c\u00falra\u00ed agus aoisghr\u00fapa\u00ed.<\/p>\n<p>T\u00e1 r\u00f3l agus ar dualgais na Comhairle leagtha amach in Alt 96 den Acht Craolach\u00e1in 2009.\u00a0 Treora\u00edtear ansin don Bhord daoine a cheapadh ar an gComhairle Lucht F\u00e9achana at\u00e1 \u00a0\u00a0\u201c<em>ionadaitheach ar an phobal f\u00e9achana agus \u00e9isteachta agus, go h\u00e1irithe, ar phobail Ghaeltachta,\u00a0 ar dhaoine faoi mh\u00edchumas radhairc n\u00f3 \u00e9isteachta agus go mbeidh na comhalta\u00ed ..in ann cumars\u00e1id inni\u00fail a dh\u00e9anamh as Gaeilge.\u201d<\/em><\/p>\n<p>Iarrtar ar dhaoine ar suim leo a bheith ina gcomhalta\u00ed Comhairle \u00a0agus a bhfuil a gc\u00e1il\u00edocht ag teacht leis na riachtanais at\u00e1 luaite thuas san Acht,\u00a0 a suim a l\u00e9iri\u00fa tr\u00ed CV gearr (1 lch) a shol\u00e1thar ina dtugtar na gn\u00e1th-shonra\u00ed pearsanta mar aon le seoladh reatha r phoist agus gn\u00e1th-phoist agus deimhni\u00fa ar a gcumas cumars\u00e1ide i nGaeilge.<\/p>\n<p>Seol d\u2019iarratas ar r phost chuig <a href=\"mailto:comhairle@dev.tg4.ie\">comhairle@dev.tg4.ie<\/a>\u00a0 roimh an <strong>5 Deireadh F\u00f3mhair 2015<\/strong> n\u00f3 sa bpost chuig:<\/p>\n<p><strong>Oifig an Ardsti\u00farth\u00f3ra, TG4, Baile na hAbhann, Co na Gaillimhe.<\/strong><\/p>\n","protected":false},"excerpt":{"rendered":"<p>Comhairle Lucht F\u00e9achana\u00a0 TG4\u00a0 2015-2020 Cuirfidh TG4 f\u00e1ilte roimh l\u00e9irithe sp\u00e9ise \u00f3 dhaoine le Gaeilge l\u00edofa ar mian leo a bheith ina gcomhalta\u00ed d\u00e1 Chomhairle Lucht F\u00e9achana. Is deis \u00ed seo do dhaoine tac\u00fa le TG4 ar bhealach praitici\u00fail agus ais-eolas luachmhar a shol\u00e1thar d\u00e1 lucht ceannais \u00a0maidir le\u00a0 raon agus\u00a0 caighde\u00e1n an \u00e1bhair a [&hellip;]<\/p>\n","protected":false},"author":6,"featured_media":5139,"parent":984,"menu_order":16,"comment_status":"closed","ping_status":"closed","template":"page-templates\/template-pr.php","meta":{"_acf_changed":false,"footnotes":""},"acf":[],"yoast_head":"<!-- This site is optimized with the Yoast SEO plugin v22.6 - https:\/\/yoast.com\/wordpress\/plugins\/seo\/ -->\n<title>Comhairle Lucht F\u00e9achana - TG4<\/title>\n<meta name=\"robots\" content=\"index, follow, max-snippet:-1, max-image-preview:large, max-video-preview:-1\" \/>\n<meta property=\"og:locale\" content=\"en_US\" \/>\n<meta property=\"og:type\" content=\"article\" \/>\n<meta property=\"og:title\" content=\"Comhairle Lucht F\u00e9achana - TG4\" \/>\n<meta property=\"og:description\" content=\"Comhairle Lucht F\u00e9achana\u00a0 TG4\u00a0 2015-2020 Cuirfidh TG4 f\u00e1ilte roimh l\u00e9irithe sp\u00e9ise \u00f3 dhaoine le Gaeilge l\u00edofa ar mian leo a bheith ina gcomhalta\u00ed d\u00e1 Chomhairle Lucht F\u00e9achana. Is deis \u00ed seo do dhaoine tac\u00fa le TG4 ar bhealach praitici\u00fail agus ais-eolas luachmhar a shol\u00e1thar d\u00e1 lucht ceannais \u00a0maidir le\u00a0 raon agus\u00a0 caighde\u00e1n an \u00e1bhair a [&hellip;]\" \/>\n<meta property=\"og:url\" content=\"https:\/\/dev.tg4.ie\/en\/information\/press\/press-releases\/2015-2\/comhairle-lucht-feachana\/\" \/>\n<meta property=\"og:site_name\" content=\"TG4\" \/>\n<meta property=\"article:publisher\" content=\"https:\/\/www.facebook.com\/TG4TV\" \/>\n<meta property=\"article:modified_time\" content=\"2019-06-25T10:29:19+00:00\" \/>\n<meta property=\"og:image\" content=\"https:\/\/tg4-docs.s3.amazonaws.com\/tg4-redesign-2015\/wp-content\/uploads\/2015\/11\/TG4_building-1.jpg\" \/>\n\t<meta property=\"og:image:width\" content=\"1920\" \/>\n\t<meta property=\"og:image:height\" content=\"1080\" \/>\n\t<meta property=\"og:image:type\" content=\"image\/jpeg\" \/>\n<meta name=\"twitter:card\" content=\"summary_large_image\" \/>\n<meta name=\"twitter:site\" content=\"@TG4TV\" \/>\n<meta name=\"twitter:label1\" content=\"Est. reading time\" \/>\n\t<meta name=\"twitter:data1\" content=\"1 minute\" \/>\n<script type=\"application\/ld+json\" class=\"yoast-schema-graph\">{\"@context\":\"https:\/\/schema.org\",\"@graph\":[{\"@type\":\"WebPage\",\"@id\":\"https:\/\/dev.tg4.ie\/en\/information\/press\/press-releases\/2015-2\/comhairle-lucht-feachana\/\",\"url\":\"https:\/\/dev.tg4.ie\/en\/information\/press\/press-releases\/2015-2\/comhairle-lucht-feachana\/\",\"name\":\"Comhairle Lucht F\u00e9achana - TG4\",\"isPartOf\":{\"@id\":\"https:\/\/dev.tg4.ie\/en\/#website\"},\"primaryImageOfPage\":{\"@id\":\"https:\/\/dev.tg4.ie\/en\/information\/press\/press-releases\/2015-2\/comhairle-lucht-feachana\/#primaryimage\"},\"image\":{\"@id\":\"https:\/\/dev.tg4.ie\/en\/information\/press\/press-releases\/2015-2\/comhairle-lucht-feachana\/#primaryimage\"},\"thumbnailUrl\":\"https:\/\/tg4-docs.s3.amazonaws.com\/tg4-redesign-2015\/wp-content\/uploads\/2015\/11\/TG4_building-1.jpg\",\"datePublished\":\"2015-09-16T12:37:56+00:00\",\"dateModified\":\"2019-06-25T10:29:19+00:00\",\"breadcrumb\":{\"@id\":\"https:\/\/dev.tg4.ie\/en\/information\/press\/press-releases\/2015-2\/comhairle-lucht-feachana\/#breadcrumb\"},\"inLanguage\":\"en-ie\",\"potentialAction\":[{\"@type\":\"ReadAction\",\"target\":[\"https:\/\/dev.tg4.ie\/en\/information\/press\/press-releases\/2015-2\/comhairle-lucht-feachana\/\"]}]},{\"@type\":\"ImageObject\",\"inLanguage\":\"en-ie\",\"@id\":\"https:\/\/dev.tg4.ie\/en\/information\/press\/press-releases\/2015-2\/comhairle-lucht-feachana\/#primaryimage\",\"url\":\"https:\/\/tg4-docs.s3.amazonaws.com\/tg4-redesign-2015\/wp-content\/uploads\/2015\/11\/TG4_building-1.jpg\",\"contentUrl\":\"https:\/\/tg4-docs.s3.amazonaws.com\/tg4-redesign-2015\/wp-content\/uploads\/2015\/11\/TG4_building-1.jpg\",\"width\":1920,\"height\":1080,\"caption\":\"Ceann\u00e1ras TG4\"},{\"@type\":\"BreadcrumbList\",\"@id\":\"https:\/\/dev.tg4.ie\/en\/information\/press\/press-releases\/2015-2\/comhairle-lucht-feachana\/#breadcrumb\",\"itemListElement\":[{\"@type\":\"ListItem\",\"position\":1,\"name\":\"Home\",\"item\":\"https:\/\/dev.tg4.ie\/en\/\"},{\"@type\":\"ListItem\",\"position\":2,\"name\":\"Information\",\"item\":\"https:\/\/dev.tg4.ie\/en\/information\/\"},{\"@type\":\"ListItem\",\"position\":3,\"name\":\"Press\",\"item\":\"https:\/\/dev.tg4.ie\/en\/information\/press\/\"},{\"@type\":\"ListItem\",\"position\":4,\"name\":\"Press Releases\",\"item\":\"https:\/\/dev.tg4.ie\/en\/information\/press\/press-releases\/\"},{\"@type\":\"ListItem\",\"position\":5,\"name\":\"2015\",\"item\":\"https:\/\/dev.tg4.ie\/en\/information\/press\/press-releases\/2015-2\/\"},{\"@type\":\"ListItem\",\"position\":6,\"name\":\"Comhairle Lucht F\u00e9achana\"}]},{\"@type\":\"WebSite\",\"@id\":\"https:\/\/dev.tg4.ie\/en\/#website\",\"url\":\"https:\/\/dev.tg4.ie\/en\/\",\"name\":\"TG4\",\"description\":\"S\u00fail Eile\",\"potentialAction\":[{\"@type\":\"SearchAction\",\"target\":{\"@type\":\"EntryPoint\",\"urlTemplate\":\"https:\/\/dev.tg4.ie\/en\/?s={search_term_string}\"},\"query-input\":\"required name=search_term_string\"}],\"inLanguage\":\"en-ie\"}]}<\/script>\n<!-- \/ Yoast SEO plugin. -->","yoast_head_json":{"title":"Comhairle Lucht F\u00e9achana - TG4","robots":{"index":"index","follow":"follow","max-snippet":"max-snippet:-1","max-image-preview":"max-image-preview:large","max-video-preview":"max-video-preview:-1"},"og_locale":"en_US","og_type":"article","og_title":"Comhairle Lucht F\u00e9achana - TG4","og_description":"Comhairle Lucht F\u00e9achana\u00a0 TG4\u00a0 2015-2020 Cuirfidh TG4 f\u00e1ilte roimh l\u00e9irithe sp\u00e9ise \u00f3 dhaoine le Gaeilge l\u00edofa ar mian leo a bheith ina gcomhalta\u00ed d\u00e1 Chomhairle Lucht F\u00e9achana. Is deis \u00ed seo do dhaoine tac\u00fa le TG4 ar bhealach praitici\u00fail agus ais-eolas luachmhar a shol\u00e1thar d\u00e1 lucht ceannais \u00a0maidir le\u00a0 raon agus\u00a0 caighde\u00e1n an \u00e1bhair a [&hellip;]","og_url":"https:\/\/dev.tg4.ie\/en\/information\/press\/press-releases\/2015-2\/comhairle-lucht-feachana\/","og_site_name":"TG4","article_publisher":"https:\/\/www.facebook.com\/TG4TV","article_modified_time":"2019-06-25T10:29:19+00:00","og_image":[{"width":1920,"height":1080,"url":"https:\/\/tg4-docs.s3.amazonaws.com\/tg4-redesign-2015\/wp-content\/uploads\/2015\/11\/TG4_building-1.jpg","type":"image\/jpeg"}],"twitter_card":"summary_large_image","twitter_site":"@TG4TV","twitter_misc":{"Est. reading time":"1 minute"},"schema":{"@context":"https:\/\/schema.org","@graph":[{"@type":"WebPage","@id":"https:\/\/dev.tg4.ie\/en\/information\/press\/press-releases\/2015-2\/comhairle-lucht-feachana\/","url":"https:\/\/dev.tg4.ie\/en\/information\/press\/press-releases\/2015-2\/comhairle-lucht-feachana\/","name":"Comhairle Lucht F\u00e9achana - TG4","isPartOf":{"@id":"https:\/\/dev.tg4.ie\/en\/#website"},"primaryImageOfPage":{"@id":"https:\/\/dev.tg4.ie\/en\/information\/press\/press-releases\/2015-2\/comhairle-lucht-feachana\/#primaryimage"},"image":{"@id":"https:\/\/dev.tg4.ie\/en\/information\/press\/press-releases\/2015-2\/comhairle-lucht-feachana\/#primaryimage"},"thumbnailUrl":"https:\/\/tg4-docs.s3.amazonaws.com\/tg4-redesign-2015\/wp-content\/uploads\/2015\/11\/TG4_building-1.jpg","datePublished":"2015-09-16T12:37:56+00:00","dateModified":"2019-06-25T10:29:19+00:00","breadcrumb":{"@id":"https:\/\/dev.tg4.ie\/en\/information\/press\/press-releases\/2015-2\/comhairle-lucht-feachana\/#breadcrumb"},"inLanguage":"en-ie","potentialAction":[{"@type":"ReadAction","target":["https:\/\/dev.tg4.ie\/en\/information\/press\/press-releases\/2015-2\/comhairle-lucht-feachana\/"]}]},{"@type":"ImageObject","inLanguage":"en-ie","@id":"https:\/\/dev.tg4.ie\/en\/information\/press\/press-releases\/2015-2\/comhairle-lucht-feachana\/#primaryimage","url":"https:\/\/tg4-docs.s3.amazonaws.com\/tg4-redesign-2015\/wp-content\/uploads\/2015\/11\/TG4_building-1.jpg","contentUrl":"https:\/\/tg4-docs.s3.amazonaws.com\/tg4-redesign-2015\/wp-content\/uploads\/2015\/11\/TG4_building-1.jpg","width":1920,"height":1080,"caption":"Ceann\u00e1ras TG4"},{"@type":"BreadcrumbList","@id":"https:\/\/dev.tg4.ie\/en\/information\/press\/press-releases\/2015-2\/comhairle-lucht-feachana\/#breadcrumb","itemListElement":[{"@type":"ListItem","position":1,"name":"Home","item":"https:\/\/dev.tg4.ie\/en\/"},{"@type":"ListItem","position":2,"name":"Information","item":"https:\/\/dev.tg4.ie\/en\/information\/"},{"@type":"ListItem","position":3,"name":"Press","item":"https:\/\/dev.tg4.ie\/en\/information\/press\/"},{"@type":"ListItem","position":4,"name":"Press Releases","item":"https:\/\/dev.tg4.ie\/en\/information\/press\/press-releases\/"},{"@type":"ListItem","position":5,"name":"2015","item":"https:\/\/dev.tg4.ie\/en\/information\/press\/press-releases\/2015-2\/"},{"@type":"ListItem","position":6,"name":"Comhairle Lucht F\u00e9achana"}]},{"@type":"WebSite","@id":"https:\/\/dev.tg4.ie\/en\/#website","url":"https:\/\/dev.tg4.ie\/en\/","name":"TG4","description":"S\u00fail Eile","potentialAction":[{"@type":"SearchAction","target":{"@type":"EntryPoint","urlTemplate":"https:\/\/dev.tg4.ie\/en\/?s={search_term_string}"},"query-input":"required name=search_term_string"}],"inLanguage":"en-ie"}]}},"_links":{"self":[{"href":"https:\/\/dev.tg4.ie\/en\/wp-json\/wp\/v2\/pages\/3208"}],"collection":[{"href":"https:\/\/dev.tg4.ie\/en\/wp-json\/wp\/v2\/pages"}],"about":[{"href":"https:\/\/dev.tg4.ie\/en\/wp-json\/wp\/v2\/types\/page"}],"author":[{"embeddable":true,"href":"https:\/\/dev.tg4.ie\/en\/wp-json\/wp\/v2\/users\/6"}],"replies":[{"embeddable":true,"href":"https:\/\/dev.tg4.ie\/en\/wp-json\/wp\/v2\/comments?post=3208"}],"version-history":[{"count":0,"href":"https:\/\/dev.tg4.ie\/en\/wp-json\/wp\/v2\/pages\/3208\/revisions"}],"up":[{"embeddable":true,"href":"https:\/\/dev.tg4.ie\/en\/wp-json\/wp\/v2\/pages\/984"}],"wp:featuredmedia":[{"embeddable":true,"href":"https:\/\/dev.tg4.ie\/en\/wp-json\/wp\/v2\/media\/5139"}],"wp:attachment":[{"href":"https:\/\/dev.tg4.ie\/en\/wp-json\/wp\/v2\/media?parent=3208"}],"curies":[{"name":"wp","href":"https:\/\/api.w.org\/{rel}","templated":true}]}}