{"id":32788,"date":"2016-10-21T10:58:19","date_gmt":"2016-10-21T09:58:19","guid":{"rendered":"https:\/\/dev.tg4.ie\/en\/corporate\/press\/press-releases\/2016-2\/15-09-16-3\/"},"modified":"2019-06-24T16:45:36","modified_gmt":"2019-06-24T15:45:36","slug":"21-10-16","status":"publish","type":"page","link":"https:\/\/dev.tg4.ie\/en\/information\/press\/press-releases\/2016-2\/21-10-16\/","title":{"rendered":"21.10.16 &#8211; TG4 XX"},"content":{"rendered":"<p>TG4XX Beo is a 360\u00ba visual feast celebrating Ireland\u2019s rich culture, language, music and dance. All elements in the show will tie in to the main theme &#8211; the Passing of the Torch. TG4XX Beo is about old traditions and new directions fusing together &#8211; music, dance, songs, guests and conversation representing our culture at it\u2019s very best. TG4XX Beo is a celebration of twenty years of TG4 on air and all it has achieved keeping the flame of Irish culture alight and allowing it to shine brighter and further afield.<\/p>\n<p>O\u00edche Shamhna provides the backdrop for this magical night with thirty specially created characters, created by Billy Mag Fhloinn, taking centre stage for an evening of extraordinary festivities. TG4XX Beo will take place in venues all over the country, from the main central purpose built pavilion at the NUIG Quad in the heart of Galway city, from the home of TG4 in Baile na hAbhann in the Connemara Gaeltacht as well as two satellite units, one at the western tip of the Dingle Peninsula in west Kerry Gaeltacht at the legendary P\u00e1id\u00ed \u00d3 S\u00e9 pub and the second in Donegal at Ionad Cois Locha, Gweedore.<\/p>\n<p>The very special guest at the Quad in NUIG will be Uachtar\u00e1n na h\u00c9ireann, Michael D Higgins who will give a live address during the programme.  His presence is of particular significance, given that one of his most praised achievements as Arts Minister in the 1990s was the establishment of Teilif\u00eds na Gaeilge, now TG4.  He is held in particular affection for that. A very special welcome will surely be extended to him.<\/p>\n<p>TG4XX Beo will feature many bespoke performances and arrangements over this extraordinary two hours show including: HotHouse Flowers, M\u00e1irt\u00edn O\u2019Connor and the Big Band, Prodijig, Duke Special &#038; Ulaid, Iml\u00e9 with Maiti\u00fa \u00d3 Casaide, Nell N\u00ed Chr\u00f3in\u00edn &#038; S\u00e9amus \u00d3 Beaglao\u00edch, Aeons agus Muireann Nic Amhlaobh &#038; Seamus Barra \u00d3 S\u00failleabh\u00e1in, P\u00f3lca 4, Kormac &#038; Daithi, Liam \u00d3 Maonla\u00ed and a specially curated performance with choirs from various Gaeltacht communities plus many more.<\/p>\n<p>Speaking about this unique event, Executive Director\/Producer, Paul McKay Gifted Empire Productions said \u201cTG4XX Beo will bring together some of the very best talent this country has to offer and we hope to light a flame that lasts for the next twenty years.\u201d<\/p>\n<p>Newly appointed TG4 Director General, Alan Esslemont is very much looking forward to the event.  \u201cO\u00edche Shamhna has always been a special date in the  Celtic imagination,\u201d he said \u201c and this spectacular event will mark the beginning of an exciting new chapter for the TG4 story\u201d.<\/p>\n","protected":false},"excerpt":{"rendered":"<p>TG4XX Beo is a 360\u00ba visual feast celebrating Ireland\u2019s rich culture, language, music and dance. All elements in the show will tie in to the main theme &#8211; the Passing of the Torch. TG4XX Beo is about old traditions and new directions fusing together &#8211; music, dance, songs, guests and conversation representing our culture at [&hellip;]<\/p>\n","protected":false},"author":4,"featured_media":32413,"parent":6901,"menu_order":28,"comment_status":"closed","ping_status":"closed","template":"page-templates\/template-pr.php","meta":{"_acf_changed":false,"footnotes":""},"acf":[],"yoast_head":"<!-- This site is optimized with the Yoast SEO plugin v22.6 - https:\/\/yoast.com\/wordpress\/plugins\/seo\/ -->\n<title>21.10.16 - TG4 XX - TG4<\/title>\n<meta name=\"robots\" content=\"index, follow, max-snippet:-1, max-image-preview:large, max-video-preview:-1\" \/>\n<meta property=\"og:locale\" content=\"en_US\" \/>\n<meta property=\"og:type\" content=\"article\" \/>\n<meta property=\"og:title\" content=\"21.10.16 - TG4 XX - TG4\" \/>\n<meta property=\"og:description\" content=\"TG4XX Beo is a 360\u00ba visual feast celebrating Ireland\u2019s rich culture, language, music and dance. All elements in the show will tie in to the main theme &#8211; the Passing of the Torch. TG4XX Beo is about old traditions and new directions fusing together &#8211; music, dance, songs, guests and conversation representing our culture at [&hellip;]\" \/>\n<meta property=\"og:url\" content=\"https:\/\/dev.tg4.ie\/en\/information\/press\/press-releases\/2016-2\/21-10-16\/\" \/>\n<meta property=\"og:site_name\" content=\"TG4\" \/>\n<meta property=\"article:publisher\" content=\"https:\/\/www.facebook.com\/TG4TV\" \/>\n<meta property=\"article:modified_time\" content=\"2019-06-24T15:45:36+00:00\" \/>\n<meta property=\"og:image\" content=\"https:\/\/tg4-docs.s3.amazonaws.com\/tg4-redesign-2015\/wp-content\/uploads\/2016\/10\/TG4XX_La_Breithre.jpg\" \/>\n\t<meta property=\"og:image:width\" content=\"1920\" \/>\n\t<meta property=\"og:image:height\" content=\"1080\" \/>\n\t<meta property=\"og:image:type\" content=\"image\/jpeg\" \/>\n<meta name=\"twitter:card\" content=\"summary_large_image\" \/>\n<meta name=\"twitter:site\" content=\"@TG4TV\" \/>\n<meta name=\"twitter:label1\" content=\"Est. reading time\" \/>\n\t<meta name=\"twitter:data1\" content=\"2 minutes\" \/>\n<script type=\"application\/ld+json\" class=\"yoast-schema-graph\">{\"@context\":\"https:\/\/schema.org\",\"@graph\":[{\"@type\":\"WebPage\",\"@id\":\"https:\/\/dev.tg4.ie\/en\/information\/press\/press-releases\/2016-2\/21-10-16\/\",\"url\":\"https:\/\/dev.tg4.ie\/en\/information\/press\/press-releases\/2016-2\/21-10-16\/\",\"name\":\"21.10.16 - TG4 XX - TG4\",\"isPartOf\":{\"@id\":\"https:\/\/dev.tg4.ie\/en\/#website\"},\"primaryImageOfPage\":{\"@id\":\"https:\/\/dev.tg4.ie\/en\/information\/press\/press-releases\/2016-2\/21-10-16\/#primaryimage\"},\"image\":{\"@id\":\"https:\/\/dev.tg4.ie\/en\/information\/press\/press-releases\/2016-2\/21-10-16\/#primaryimage\"},\"thumbnailUrl\":\"https:\/\/tg4-docs.s3.amazonaws.com\/tg4-redesign-2015\/wp-content\/uploads\/2016\/10\/TG4XX_La_Breithre.jpg\",\"datePublished\":\"2016-10-21T09:58:19+00:00\",\"dateModified\":\"2019-06-24T15:45:36+00:00\",\"breadcrumb\":{\"@id\":\"https:\/\/dev.tg4.ie\/en\/information\/press\/press-releases\/2016-2\/21-10-16\/#breadcrumb\"},\"inLanguage\":\"en-ie\",\"potentialAction\":[{\"@type\":\"ReadAction\",\"target\":[\"https:\/\/dev.tg4.ie\/en\/information\/press\/press-releases\/2016-2\/21-10-16\/\"]}]},{\"@type\":\"ImageObject\",\"inLanguage\":\"en-ie\",\"@id\":\"https:\/\/dev.tg4.ie\/en\/information\/press\/press-releases\/2016-2\/21-10-16\/#primaryimage\",\"url\":\"https:\/\/tg4-docs.s3.amazonaws.com\/tg4-redesign-2015\/wp-content\/uploads\/2016\/10\/TG4XX_La_Breithre.jpg\",\"contentUrl\":\"https:\/\/tg4-docs.s3.amazonaws.com\/tg4-redesign-2015\/wp-content\/uploads\/2016\/10\/TG4XX_La_Breithre.jpg\",\"width\":1920,\"height\":1080},{\"@type\":\"BreadcrumbList\",\"@id\":\"https:\/\/dev.tg4.ie\/en\/information\/press\/press-releases\/2016-2\/21-10-16\/#breadcrumb\",\"itemListElement\":[{\"@type\":\"ListItem\",\"position\":1,\"name\":\"Home\",\"item\":\"https:\/\/dev.tg4.ie\/en\/\"},{\"@type\":\"ListItem\",\"position\":2,\"name\":\"Information\",\"item\":\"https:\/\/dev.tg4.ie\/en\/information\/\"},{\"@type\":\"ListItem\",\"position\":3,\"name\":\"Press\",\"item\":\"https:\/\/dev.tg4.ie\/en\/information\/press\/\"},{\"@type\":\"ListItem\",\"position\":4,\"name\":\"Press Releases\",\"item\":\"https:\/\/dev.tg4.ie\/en\/information\/press\/press-releases\/\"},{\"@type\":\"ListItem\",\"position\":5,\"name\":\"2016\",\"item\":\"https:\/\/dev.tg4.ie\/en\/information\/press\/press-releases\/2016-2\/\"},{\"@type\":\"ListItem\",\"position\":6,\"name\":\"21.10.16 &#8211; TG4 XX\"}]},{\"@type\":\"WebSite\",\"@id\":\"https:\/\/dev.tg4.ie\/en\/#website\",\"url\":\"https:\/\/dev.tg4.ie\/en\/\",\"name\":\"TG4\",\"description\":\"S\u00fail Eile\",\"potentialAction\":[{\"@type\":\"SearchAction\",\"target\":{\"@type\":\"EntryPoint\",\"urlTemplate\":\"https:\/\/dev.tg4.ie\/en\/?s={search_term_string}\"},\"query-input\":\"required name=search_term_string\"}],\"inLanguage\":\"en-ie\"}]}<\/script>\n<!-- \/ Yoast SEO plugin. -->","yoast_head_json":{"title":"21.10.16 - TG4 XX - TG4","robots":{"index":"index","follow":"follow","max-snippet":"max-snippet:-1","max-image-preview":"max-image-preview:large","max-video-preview":"max-video-preview:-1"},"og_locale":"en_US","og_type":"article","og_title":"21.10.16 - TG4 XX - TG4","og_description":"TG4XX Beo is a 360\u00ba visual feast celebrating Ireland\u2019s rich culture, language, music and dance. All elements in the show will tie in to the main theme &#8211; the Passing of the Torch. TG4XX Beo is about old traditions and new directions fusing together &#8211; music, dance, songs, guests and conversation representing our culture at [&hellip;]","og_url":"https:\/\/dev.tg4.ie\/en\/information\/press\/press-releases\/2016-2\/21-10-16\/","og_site_name":"TG4","article_publisher":"https:\/\/www.facebook.com\/TG4TV","article_modified_time":"2019-06-24T15:45:36+00:00","og_image":[{"width":1920,"height":1080,"url":"https:\/\/tg4-docs.s3.amazonaws.com\/tg4-redesign-2015\/wp-content\/uploads\/2016\/10\/TG4XX_La_Breithre.jpg","type":"image\/jpeg"}],"twitter_card":"summary_large_image","twitter_site":"@TG4TV","twitter_misc":{"Est. reading time":"2 minutes"},"schema":{"@context":"https:\/\/schema.org","@graph":[{"@type":"WebPage","@id":"https:\/\/dev.tg4.ie\/en\/information\/press\/press-releases\/2016-2\/21-10-16\/","url":"https:\/\/dev.tg4.ie\/en\/information\/press\/press-releases\/2016-2\/21-10-16\/","name":"21.10.16 - TG4 XX - TG4","isPartOf":{"@id":"https:\/\/dev.tg4.ie\/en\/#website"},"primaryImageOfPage":{"@id":"https:\/\/dev.tg4.ie\/en\/information\/press\/press-releases\/2016-2\/21-10-16\/#primaryimage"},"image":{"@id":"https:\/\/dev.tg4.ie\/en\/information\/press\/press-releases\/2016-2\/21-10-16\/#primaryimage"},"thumbnailUrl":"https:\/\/tg4-docs.s3.amazonaws.com\/tg4-redesign-2015\/wp-content\/uploads\/2016\/10\/TG4XX_La_Breithre.jpg","datePublished":"2016-10-21T09:58:19+00:00","dateModified":"2019-06-24T15:45:36+00:00","breadcrumb":{"@id":"https:\/\/dev.tg4.ie\/en\/information\/press\/press-releases\/2016-2\/21-10-16\/#breadcrumb"},"inLanguage":"en-ie","potentialAction":[{"@type":"ReadAction","target":["https:\/\/dev.tg4.ie\/en\/information\/press\/press-releases\/2016-2\/21-10-16\/"]}]},{"@type":"ImageObject","inLanguage":"en-ie","@id":"https:\/\/dev.tg4.ie\/en\/information\/press\/press-releases\/2016-2\/21-10-16\/#primaryimage","url":"https:\/\/tg4-docs.s3.amazonaws.com\/tg4-redesign-2015\/wp-content\/uploads\/2016\/10\/TG4XX_La_Breithre.jpg","contentUrl":"https:\/\/tg4-docs.s3.amazonaws.com\/tg4-redesign-2015\/wp-content\/uploads\/2016\/10\/TG4XX_La_Breithre.jpg","width":1920,"height":1080},{"@type":"BreadcrumbList","@id":"https:\/\/dev.tg4.ie\/en\/information\/press\/press-releases\/2016-2\/21-10-16\/#breadcrumb","itemListElement":[{"@type":"ListItem","position":1,"name":"Home","item":"https:\/\/dev.tg4.ie\/en\/"},{"@type":"ListItem","position":2,"name":"Information","item":"https:\/\/dev.tg4.ie\/en\/information\/"},{"@type":"ListItem","position":3,"name":"Press","item":"https:\/\/dev.tg4.ie\/en\/information\/press\/"},{"@type":"ListItem","position":4,"name":"Press Releases","item":"https:\/\/dev.tg4.ie\/en\/information\/press\/press-releases\/"},{"@type":"ListItem","position":5,"name":"2016","item":"https:\/\/dev.tg4.ie\/en\/information\/press\/press-releases\/2016-2\/"},{"@type":"ListItem","position":6,"name":"21.10.16 &#8211; TG4 XX"}]},{"@type":"WebSite","@id":"https:\/\/dev.tg4.ie\/en\/#website","url":"https:\/\/dev.tg4.ie\/en\/","name":"TG4","description":"S\u00fail Eile","potentialAction":[{"@type":"SearchAction","target":{"@type":"EntryPoint","urlTemplate":"https:\/\/dev.tg4.ie\/en\/?s={search_term_string}"},"query-input":"required name=search_term_string"}],"inLanguage":"en-ie"}]}},"_links":{"self":[{"href":"https:\/\/dev.tg4.ie\/en\/wp-json\/wp\/v2\/pages\/32788"}],"collection":[{"href":"https:\/\/dev.tg4.ie\/en\/wp-json\/wp\/v2\/pages"}],"about":[{"href":"https:\/\/dev.tg4.ie\/en\/wp-json\/wp\/v2\/types\/page"}],"author":[{"embeddable":true,"href":"https:\/\/dev.tg4.ie\/en\/wp-json\/wp\/v2\/users\/4"}],"replies":[{"embeddable":true,"href":"https:\/\/dev.tg4.ie\/en\/wp-json\/wp\/v2\/comments?post=32788"}],"version-history":[{"count":0,"href":"https:\/\/dev.tg4.ie\/en\/wp-json\/wp\/v2\/pages\/32788\/revisions"}],"up":[{"embeddable":true,"href":"https:\/\/dev.tg4.ie\/en\/wp-json\/wp\/v2\/pages\/6901"}],"wp:featuredmedia":[{"embeddable":true,"href":"https:\/\/dev.tg4.ie\/en\/wp-json\/wp\/v2\/media\/32413"}],"wp:attachment":[{"href":"https:\/\/dev.tg4.ie\/en\/wp-json\/wp\/v2\/media?parent=32788"}],"curies":[{"name":"wp","href":"https:\/\/api.w.org\/{rel}","templated":true}]}}