{"id":34355,"date":"2016-11-11T12:09:52","date_gmt":"2016-11-11T12:09:52","guid":{"rendered":"https:\/\/dev.tg4.ie\/en\/corporate\/press\/press-releases\/2016-2\/24-10-16-2-2\/"},"modified":"2019-06-24T16:51:28","modified_gmt":"2019-06-24T15:51:28","slug":"05-11-16","status":"publish","type":"page","link":"https:\/\/dev.tg4.ie\/en\/information\/press\/press-releases\/2016-2\/05-11-16\/","title":{"rendered":"05.11.16 &#8211; New iOS\u00a0 App for C\u00fala4\u00a0"},"content":{"rendered":"<p>As part of its 20th Birthday celebrations this week, TG4 has issued a new App offering a wide range of Irish language content \u00a0for young people in the pre-school and primary school age groups.\u00a0 This significant development was launched at the channel\u2019s C\u00fala4 birthday party for hundreds of its younger viewers at the annual Oireachtas na Gaeilge language and culture festival in Killarney.<\/p>\n<p>The new\u00a0App is available on iOS from the App\u00a0Store\u00a0(search for cula4). \u00a0\u00a0 It\u00a0enables younger viewers to access\u00a0C\u00fala4\u00a0at any time of the day that suits them (or their parents). \u00a0Up to 200\u00a0hours of top-quality Irish language content can be viewed, featuring series such as\u00a0Dennis &amp; Gnasher, Peg &amp; Cat,\u00a0and\u00a0Masha agus an B\u00e9ar.\u00a0In addition to these\u00a0versioned\u00a0series, the new App also\u00a0offers\u00a0original Irish language content\u00a0including science and nature programmes like\u00a0Is Eola\u00ed M\u00e9\u00a0and\u00a0Na D\u00falrad\u00f3ir\u00ed. \u00a0Additional shorter segments\u00a0can also \u00a0be found under other headings for \u00a0games, sport and crafts (Cluich\u00ed, Sp\u00f3rt, Cearda\u00edocht.)<\/p>\n<p>The App offers two zones, one for children aged under 6 and the other for those above that age.\u00a0\u00a0 It is available worldwide. \u00a0Users in Ireland have access to the full range of content. Overseas users will\u00a0 have some\u00a0 content restrictions when global content rights have not been made available to TG4.\u00a0\u00a0Users with Android devices can access the same content on \u00a0C\u00fala4\u2019s Website <a href=\"https:\/\/www.cula4.com\/ga\/shows\/\">https:\/\/www.cula4.com\/ga\/<\/a><\/p>\n<p>L\u00eds N\u00ed Dh\u00e1laigh, Output Director at TG4,\u00a0says the new app is a significant development for the service:\u00a0\u00a0\u201cIt extends access of our Irish language content for young audiences both in Ireland and worldwide.&#8221;\u00a0\u00a0she said. \u00a0\u201cIt ensures that our content is available cross-platform and serves the non linear viewing preferences of \u00a0younger audience members. \u00a0It is apt\u00a0that the new App was launched at the\u00a0C\u00fala4 \u00a0 birthday party at Oireachtas na Gaeilge, as\u00a0 we mark 20 years of growth in TG4\u2019s provision\u00a0 of a daily extensive service of quality and attractive Irish language content for young people.&#8221;<\/p>\n","protected":false},"excerpt":{"rendered":"<p>As part of its 20th Birthday celebrations this week, TG4 has issued a new App offering a wide range of Irish language content \u00a0for young people in the pre-school and primary school age groups.\u00a0 This significant development was launched at the channel\u2019s C\u00fala4 birthday party for hundreds of its younger viewers at the annual Oireachtas [&hellip;]<\/p>\n","protected":false},"author":999,"featured_media":33163,"parent":6901,"menu_order":31,"comment_status":"closed","ping_status":"closed","template":"page-templates\/template-pr.php","meta":{"_acf_changed":false,"footnotes":""},"acf":[],"yoast_head":"<!-- This site is optimized with the Yoast SEO plugin v22.6 - https:\/\/yoast.com\/wordpress\/plugins\/seo\/ -->\n<title>05.11.16 - New iOS\u00a0 App for C\u00fala4\u00a0 - TG4<\/title>\n<meta name=\"robots\" content=\"index, follow, max-snippet:-1, max-image-preview:large, max-video-preview:-1\" \/>\n<meta property=\"og:locale\" content=\"en_US\" \/>\n<meta property=\"og:type\" content=\"article\" \/>\n<meta property=\"og:title\" content=\"05.11.16 - New iOS\u00a0 App for C\u00fala4\u00a0 - TG4\" \/>\n<meta property=\"og:description\" content=\"As part of its 20th Birthday celebrations this week, TG4 has issued a new App offering a wide range of Irish language content \u00a0for young people in the pre-school and primary school age groups.\u00a0 This significant development was launched at the channel\u2019s C\u00fala4 birthday party for hundreds of its younger viewers at the annual Oireachtas [&hellip;]\" \/>\n<meta property=\"og:url\" content=\"https:\/\/dev.tg4.ie\/en\/information\/press\/press-releases\/2016-2\/05-11-16\/\" \/>\n<meta property=\"og:site_name\" content=\"TG4\" \/>\n<meta property=\"article:publisher\" content=\"https:\/\/www.facebook.com\/TG4TV\" \/>\n<meta property=\"article:modified_time\" content=\"2019-06-24T15:51:28+00:00\" \/>\n<meta property=\"og:image\" content=\"https:\/\/tg4-docs.s3.amazonaws.com\/tg4-redesign-2015\/wp-content\/uploads\/2016\/10\/Cula4_App.jpg\" \/>\n\t<meta property=\"og:image:width\" content=\"1920\" \/>\n\t<meta property=\"og:image:height\" content=\"1080\" \/>\n\t<meta property=\"og:image:type\" content=\"image\/jpeg\" \/>\n<meta name=\"twitter:card\" content=\"summary_large_image\" \/>\n<meta name=\"twitter:site\" content=\"@TG4TV\" \/>\n<meta name=\"twitter:label1\" content=\"Est. reading time\" \/>\n\t<meta name=\"twitter:data1\" content=\"2 minutes\" \/>\n<script type=\"application\/ld+json\" class=\"yoast-schema-graph\">{\"@context\":\"https:\/\/schema.org\",\"@graph\":[{\"@type\":\"WebPage\",\"@id\":\"https:\/\/dev.tg4.ie\/en\/information\/press\/press-releases\/2016-2\/05-11-16\/\",\"url\":\"https:\/\/dev.tg4.ie\/en\/information\/press\/press-releases\/2016-2\/05-11-16\/\",\"name\":\"05.11.16 - New iOS\u00a0 App for C\u00fala4\u00a0 - TG4\",\"isPartOf\":{\"@id\":\"https:\/\/dev.tg4.ie\/en\/#website\"},\"primaryImageOfPage\":{\"@id\":\"https:\/\/dev.tg4.ie\/en\/information\/press\/press-releases\/2016-2\/05-11-16\/#primaryimage\"},\"image\":{\"@id\":\"https:\/\/dev.tg4.ie\/en\/information\/press\/press-releases\/2016-2\/05-11-16\/#primaryimage\"},\"thumbnailUrl\":\"https:\/\/tg4-docs.s3.amazonaws.com\/tg4-redesign-2015\/wp-content\/uploads\/2016\/10\/Cula4_App.jpg\",\"datePublished\":\"2016-11-11T12:09:52+00:00\",\"dateModified\":\"2019-06-24T15:51:28+00:00\",\"breadcrumb\":{\"@id\":\"https:\/\/dev.tg4.ie\/en\/information\/press\/press-releases\/2016-2\/05-11-16\/#breadcrumb\"},\"inLanguage\":\"en-ie\",\"potentialAction\":[{\"@type\":\"ReadAction\",\"target\":[\"https:\/\/dev.tg4.ie\/en\/information\/press\/press-releases\/2016-2\/05-11-16\/\"]}]},{\"@type\":\"ImageObject\",\"inLanguage\":\"en-ie\",\"@id\":\"https:\/\/dev.tg4.ie\/en\/information\/press\/press-releases\/2016-2\/05-11-16\/#primaryimage\",\"url\":\"https:\/\/tg4-docs.s3.amazonaws.com\/tg4-redesign-2015\/wp-content\/uploads\/2016\/10\/Cula4_App.jpg\",\"contentUrl\":\"https:\/\/tg4-docs.s3.amazonaws.com\/tg4-redesign-2015\/wp-content\/uploads\/2016\/10\/Cula4_App.jpg\",\"width\":1920,\"height\":1080},{\"@type\":\"BreadcrumbList\",\"@id\":\"https:\/\/dev.tg4.ie\/en\/information\/press\/press-releases\/2016-2\/05-11-16\/#breadcrumb\",\"itemListElement\":[{\"@type\":\"ListItem\",\"position\":1,\"name\":\"Home\",\"item\":\"https:\/\/dev.tg4.ie\/en\/\"},{\"@type\":\"ListItem\",\"position\":2,\"name\":\"Information\",\"item\":\"https:\/\/dev.tg4.ie\/en\/information\/\"},{\"@type\":\"ListItem\",\"position\":3,\"name\":\"Press\",\"item\":\"https:\/\/dev.tg4.ie\/en\/information\/press\/\"},{\"@type\":\"ListItem\",\"position\":4,\"name\":\"Press Releases\",\"item\":\"https:\/\/dev.tg4.ie\/en\/information\/press\/press-releases\/\"},{\"@type\":\"ListItem\",\"position\":5,\"name\":\"2016\",\"item\":\"https:\/\/dev.tg4.ie\/en\/information\/press\/press-releases\/2016-2\/\"},{\"@type\":\"ListItem\",\"position\":6,\"name\":\"05.11.16 &#8211; New iOS\u00a0 App for C\u00fala4\u00a0\"}]},{\"@type\":\"WebSite\",\"@id\":\"https:\/\/dev.tg4.ie\/en\/#website\",\"url\":\"https:\/\/dev.tg4.ie\/en\/\",\"name\":\"TG4\",\"description\":\"S\u00fail Eile\",\"potentialAction\":[{\"@type\":\"SearchAction\",\"target\":{\"@type\":\"EntryPoint\",\"urlTemplate\":\"https:\/\/dev.tg4.ie\/en\/?s={search_term_string}\"},\"query-input\":\"required name=search_term_string\"}],\"inLanguage\":\"en-ie\"}]}<\/script>\n<!-- \/ Yoast SEO plugin. -->","yoast_head_json":{"title":"05.11.16 - New iOS\u00a0 App for C\u00fala4\u00a0 - TG4","robots":{"index":"index","follow":"follow","max-snippet":"max-snippet:-1","max-image-preview":"max-image-preview:large","max-video-preview":"max-video-preview:-1"},"og_locale":"en_US","og_type":"article","og_title":"05.11.16 - New iOS\u00a0 App for C\u00fala4\u00a0 - TG4","og_description":"As part of its 20th Birthday celebrations this week, TG4 has issued a new App offering a wide range of Irish language content \u00a0for young people in the pre-school and primary school age groups.\u00a0 This significant development was launched at the channel\u2019s C\u00fala4 birthday party for hundreds of its younger viewers at the annual Oireachtas [&hellip;]","og_url":"https:\/\/dev.tg4.ie\/en\/information\/press\/press-releases\/2016-2\/05-11-16\/","og_site_name":"TG4","article_publisher":"https:\/\/www.facebook.com\/TG4TV","article_modified_time":"2019-06-24T15:51:28+00:00","og_image":[{"width":1920,"height":1080,"url":"https:\/\/tg4-docs.s3.amazonaws.com\/tg4-redesign-2015\/wp-content\/uploads\/2016\/10\/Cula4_App.jpg","type":"image\/jpeg"}],"twitter_card":"summary_large_image","twitter_site":"@TG4TV","twitter_misc":{"Est. reading time":"2 minutes"},"schema":{"@context":"https:\/\/schema.org","@graph":[{"@type":"WebPage","@id":"https:\/\/dev.tg4.ie\/en\/information\/press\/press-releases\/2016-2\/05-11-16\/","url":"https:\/\/dev.tg4.ie\/en\/information\/press\/press-releases\/2016-2\/05-11-16\/","name":"05.11.16 - New iOS\u00a0 App for C\u00fala4\u00a0 - TG4","isPartOf":{"@id":"https:\/\/dev.tg4.ie\/en\/#website"},"primaryImageOfPage":{"@id":"https:\/\/dev.tg4.ie\/en\/information\/press\/press-releases\/2016-2\/05-11-16\/#primaryimage"},"image":{"@id":"https:\/\/dev.tg4.ie\/en\/information\/press\/press-releases\/2016-2\/05-11-16\/#primaryimage"},"thumbnailUrl":"https:\/\/tg4-docs.s3.amazonaws.com\/tg4-redesign-2015\/wp-content\/uploads\/2016\/10\/Cula4_App.jpg","datePublished":"2016-11-11T12:09:52+00:00","dateModified":"2019-06-24T15:51:28+00:00","breadcrumb":{"@id":"https:\/\/dev.tg4.ie\/en\/information\/press\/press-releases\/2016-2\/05-11-16\/#breadcrumb"},"inLanguage":"en-ie","potentialAction":[{"@type":"ReadAction","target":["https:\/\/dev.tg4.ie\/en\/information\/press\/press-releases\/2016-2\/05-11-16\/"]}]},{"@type":"ImageObject","inLanguage":"en-ie","@id":"https:\/\/dev.tg4.ie\/en\/information\/press\/press-releases\/2016-2\/05-11-16\/#primaryimage","url":"https:\/\/tg4-docs.s3.amazonaws.com\/tg4-redesign-2015\/wp-content\/uploads\/2016\/10\/Cula4_App.jpg","contentUrl":"https:\/\/tg4-docs.s3.amazonaws.com\/tg4-redesign-2015\/wp-content\/uploads\/2016\/10\/Cula4_App.jpg","width":1920,"height":1080},{"@type":"BreadcrumbList","@id":"https:\/\/dev.tg4.ie\/en\/information\/press\/press-releases\/2016-2\/05-11-16\/#breadcrumb","itemListElement":[{"@type":"ListItem","position":1,"name":"Home","item":"https:\/\/dev.tg4.ie\/en\/"},{"@type":"ListItem","position":2,"name":"Information","item":"https:\/\/dev.tg4.ie\/en\/information\/"},{"@type":"ListItem","position":3,"name":"Press","item":"https:\/\/dev.tg4.ie\/en\/information\/press\/"},{"@type":"ListItem","position":4,"name":"Press Releases","item":"https:\/\/dev.tg4.ie\/en\/information\/press\/press-releases\/"},{"@type":"ListItem","position":5,"name":"2016","item":"https:\/\/dev.tg4.ie\/en\/information\/press\/press-releases\/2016-2\/"},{"@type":"ListItem","position":6,"name":"05.11.16 &#8211; New iOS\u00a0 App for C\u00fala4\u00a0"}]},{"@type":"WebSite","@id":"https:\/\/dev.tg4.ie\/en\/#website","url":"https:\/\/dev.tg4.ie\/en\/","name":"TG4","description":"S\u00fail Eile","potentialAction":[{"@type":"SearchAction","target":{"@type":"EntryPoint","urlTemplate":"https:\/\/dev.tg4.ie\/en\/?s={search_term_string}"},"query-input":"required name=search_term_string"}],"inLanguage":"en-ie"}]}},"_links":{"self":[{"href":"https:\/\/dev.tg4.ie\/en\/wp-json\/wp\/v2\/pages\/34355"}],"collection":[{"href":"https:\/\/dev.tg4.ie\/en\/wp-json\/wp\/v2\/pages"}],"about":[{"href":"https:\/\/dev.tg4.ie\/en\/wp-json\/wp\/v2\/types\/page"}],"author":[{"embeddable":true,"href":"https:\/\/dev.tg4.ie\/en\/wp-json\/wp\/v2\/users\/999"}],"replies":[{"embeddable":true,"href":"https:\/\/dev.tg4.ie\/en\/wp-json\/wp\/v2\/comments?post=34355"}],"version-history":[{"count":0,"href":"https:\/\/dev.tg4.ie\/en\/wp-json\/wp\/v2\/pages\/34355\/revisions"}],"up":[{"embeddable":true,"href":"https:\/\/dev.tg4.ie\/en\/wp-json\/wp\/v2\/pages\/6901"}],"wp:featuredmedia":[{"embeddable":true,"href":"https:\/\/dev.tg4.ie\/en\/wp-json\/wp\/v2\/media\/33163"}],"wp:attachment":[{"href":"https:\/\/dev.tg4.ie\/en\/wp-json\/wp\/v2\/media?parent=34355"}],"curies":[{"name":"wp","href":"https:\/\/api.w.org\/{rel}","templated":true}]}}