{"id":36633,"date":"2016-12-14T08:44:00","date_gmt":"2016-12-14T08:44:43","guid":{"rendered":"https:\/\/dev.tg4.ie\/en\/?page_id=36633"},"modified":"2025-04-08T14:05:39","modified_gmt":"2025-04-08T13:05:39","slug":"young-musician-of-the-year","status":"publish","type":"page","link":"https:\/\/dev.tg4.ie\/en\/other-brands\/gradam-ceoil\/current-awards\/young-musician-of-the-year\/","title":{"rendered":"Young Musician of the Year"},"content":{"rendered":"<h3>Bio<\/h3>\n<p>Colm Broderick, a uilleann piper from County Carlow, has made a strong mark in traditional Irish music. His dedication and skill have earned him multiple All-Ireland titles and the prestigious Se\u00e1n \u00d3 Riada Bonn \u00d3ir Medal.<\/p>\n<p>He has performed at festivals and events across Ireland and internationally, playing with respected musicians and groups. His precise technique and deep understanding of the tradition have made him a sought-after performer in the Irish music scene.<\/p>\n<p>Beyond performing, Colm is passionate about passing on the tradition. He teaches both in person and online, working with students of all levels. He is a regular tutor at Scoil Samhraidh Willie Clancy and frequently attends uilleann piping gatherings worldwide, helping to promote and preserve the instrument.<\/p>\n<p>In 2019, Na P\u00edobair\u00ed Uilleann entrusted Colm with the pipes of the late Liam O\u2019Flynn, a significant honor that recognizes his dedication to the craft. These historic pipes have a rich legacy, and Colm is committed to maintaining and playing them with the respect they deserve.<\/p>\n<p>Now based in County Kerry, Colm continues to perform, teach, and contribute to the tradition of uilleann piping, ensuring its future for the next generation of musicians.<\/p>\n<p>&nbsp;<\/p>\n","protected":false},"excerpt":{"rendered":"<p>Bio Colm Broderick, a uilleann piper from County Carlow, has made a strong mark in traditional Irish music. His dedication and skill have earned him multiple All-Ireland titles and the prestigious Se\u00e1n \u00d3 Riada Bonn \u00d3ir Medal. He has performed at festivals and events across Ireland and internationally, playing with respected musicians and groups. His [&hellip;]<\/p>\n","protected":false},"author":4,"featured_media":244284,"parent":36627,"menu_order":1,"comment_status":"closed","ping_status":"closed","template":"page-templates\/template-corporate.php","meta":{"_acf_changed":false,"footnotes":""},"acf":[],"yoast_head":"<!-- This site is optimized with the Yoast SEO plugin v22.6 - https:\/\/yoast.com\/wordpress\/plugins\/seo\/ -->\n<title>Young Musician of the Year - Colm Broderick | Gradam Ceoil TG4 2025 | TG4<\/title>\n<meta name=\"robots\" content=\"index, follow, max-snippet:-1, max-image-preview:large, max-video-preview:-1\" \/>\n<meta property=\"og:locale\" content=\"en_US\" \/>\n<meta property=\"og:type\" content=\"article\" \/>\n<meta property=\"og:title\" content=\"Young Musician of the Year - Colm Broderick | Gradam Ceoil TG4 2025 | TG4\" \/>\n<meta property=\"og:description\" content=\"Bio Colm Broderick, a uilleann piper from County Carlow, has made a strong mark in traditional Irish music. His dedication and skill have earned him multiple All-Ireland titles and the prestigious Se\u00e1n \u00d3 Riada Bonn \u00d3ir Medal. He has performed at festivals and events across Ireland and internationally, playing with respected musicians and groups. His [&hellip;]\" \/>\n<meta property=\"og:url\" content=\"https:\/\/dev.tg4.ie\/en\/other-brands\/gradam-ceoil\/current-awards\/young-musician-of-the-year\/\" \/>\n<meta property=\"og:site_name\" content=\"TG4\" \/>\n<meta property=\"article:publisher\" content=\"https:\/\/www.facebook.com\/TG4TV\" \/>\n<meta property=\"article:modified_time\" content=\"2025-04-08T13:05:39+00:00\" \/>\n<meta property=\"og:image\" content=\"https:\/\/tg4-docs.s3.amazonaws.com\/wp-content\/uploads\/2025\/04\/08140407\/Colm_Broderick_1-1920x1080-1.jpg\" \/>\n\t<meta property=\"og:image:width\" content=\"1920\" \/>\n\t<meta property=\"og:image:height\" content=\"1080\" \/>\n\t<meta property=\"og:image:type\" content=\"image\/jpeg\" \/>\n<meta name=\"twitter:card\" content=\"summary_large_image\" \/>\n<meta name=\"twitter:site\" content=\"@TG4TV\" \/>\n<meta name=\"twitter:label1\" content=\"Est. reading time\" \/>\n\t<meta name=\"twitter:data1\" content=\"2 minutes\" \/>\n<script type=\"application\/ld+json\" class=\"yoast-schema-graph\">{\"@context\":\"https:\/\/schema.org\",\"@graph\":[{\"@type\":\"WebPage\",\"@id\":\"https:\/\/dev.tg4.ie\/en\/other-brands\/gradam-ceoil\/current-awards\/young-musician-of-the-year\/\",\"url\":\"https:\/\/dev.tg4.ie\/en\/other-brands\/gradam-ceoil\/current-awards\/young-musician-of-the-year\/\",\"name\":\"Young Musician of the Year - Colm Broderick | Gradam Ceoil TG4 2025 | TG4\",\"isPartOf\":{\"@id\":\"https:\/\/dev.tg4.ie\/en\/#website\"},\"primaryImageOfPage\":{\"@id\":\"https:\/\/dev.tg4.ie\/en\/other-brands\/gradam-ceoil\/current-awards\/young-musician-of-the-year\/#primaryimage\"},\"image\":{\"@id\":\"https:\/\/dev.tg4.ie\/en\/other-brands\/gradam-ceoil\/current-awards\/young-musician-of-the-year\/#primaryimage\"},\"thumbnailUrl\":\"https:\/\/tg4-docs.s3.amazonaws.com\/wp-content\/uploads\/2025\/04\/08140407\/Colm_Broderick_1-1920x1080-1.jpg\",\"datePublished\":\"2016-12-14T08:44:43+00:00\",\"dateModified\":\"2025-04-08T13:05:39+00:00\",\"breadcrumb\":{\"@id\":\"https:\/\/dev.tg4.ie\/en\/other-brands\/gradam-ceoil\/current-awards\/young-musician-of-the-year\/#breadcrumb\"},\"inLanguage\":\"en-ie\",\"potentialAction\":[{\"@type\":\"ReadAction\",\"target\":[\"https:\/\/dev.tg4.ie\/en\/other-brands\/gradam-ceoil\/current-awards\/young-musician-of-the-year\/\"]}]},{\"@type\":\"ImageObject\",\"inLanguage\":\"en-ie\",\"@id\":\"https:\/\/dev.tg4.ie\/en\/other-brands\/gradam-ceoil\/current-awards\/young-musician-of-the-year\/#primaryimage\",\"url\":\"https:\/\/tg4-docs.s3.amazonaws.com\/wp-content\/uploads\/2025\/04\/08140407\/Colm_Broderick_1-1920x1080-1.jpg\",\"contentUrl\":\"https:\/\/tg4-docs.s3.amazonaws.com\/wp-content\/uploads\/2025\/04\/08140407\/Colm_Broderick_1-1920x1080-1.jpg\",\"width\":1920,\"height\":1080},{\"@type\":\"BreadcrumbList\",\"@id\":\"https:\/\/dev.tg4.ie\/en\/other-brands\/gradam-ceoil\/current-awards\/young-musician-of-the-year\/#breadcrumb\",\"itemListElement\":[{\"@type\":\"ListItem\",\"position\":1,\"name\":\"Home\",\"item\":\"https:\/\/dev.tg4.ie\/en\/\"},{\"@type\":\"ListItem\",\"position\":2,\"name\":\"Other Brands\",\"item\":\"https:\/\/dev.tg4.ie\/en\/other-brands\/\"},{\"@type\":\"ListItem\",\"position\":3,\"name\":\"Gradam Ceoil TG4\",\"item\":\"https:\/\/dev.tg4.ie\/en\/other-brands\/gradam-ceoil\/\"},{\"@type\":\"ListItem\",\"position\":4,\"name\":\"Gradam Ceoil TG4 2025\",\"item\":\"https:\/\/dev.tg4.ie\/en\/other-brands\/gradam-ceoil\/current-awards\/\"},{\"@type\":\"ListItem\",\"position\":5,\"name\":\"Young Musician of the Year\"}]},{\"@type\":\"WebSite\",\"@id\":\"https:\/\/dev.tg4.ie\/en\/#website\",\"url\":\"https:\/\/dev.tg4.ie\/en\/\",\"name\":\"TG4\",\"description\":\"S\u00fail Eile\",\"potentialAction\":[{\"@type\":\"SearchAction\",\"target\":{\"@type\":\"EntryPoint\",\"urlTemplate\":\"https:\/\/dev.tg4.ie\/en\/?s={search_term_string}\"},\"query-input\":\"required name=search_term_string\"}],\"inLanguage\":\"en-ie\"}]}<\/script>\n<!-- \/ Yoast SEO plugin. -->","yoast_head_json":{"title":"Young Musician of the Year - Colm Broderick | Gradam Ceoil TG4 2025 | TG4","robots":{"index":"index","follow":"follow","max-snippet":"max-snippet:-1","max-image-preview":"max-image-preview:large","max-video-preview":"max-video-preview:-1"},"og_locale":"en_US","og_type":"article","og_title":"Young Musician of the Year - Colm Broderick | Gradam Ceoil TG4 2025 | TG4","og_description":"Bio Colm Broderick, a uilleann piper from County Carlow, has made a strong mark in traditional Irish music. His dedication and skill have earned him multiple All-Ireland titles and the prestigious Se\u00e1n \u00d3 Riada Bonn \u00d3ir Medal. He has performed at festivals and events across Ireland and internationally, playing with respected musicians and groups. His [&hellip;]","og_url":"https:\/\/dev.tg4.ie\/en\/other-brands\/gradam-ceoil\/current-awards\/young-musician-of-the-year\/","og_site_name":"TG4","article_publisher":"https:\/\/www.facebook.com\/TG4TV","article_modified_time":"2025-04-08T13:05:39+00:00","og_image":[{"width":1920,"height":1080,"url":"https:\/\/tg4-docs.s3.amazonaws.com\/wp-content\/uploads\/2025\/04\/08140407\/Colm_Broderick_1-1920x1080-1.jpg","type":"image\/jpeg"}],"twitter_card":"summary_large_image","twitter_site":"@TG4TV","twitter_misc":{"Est. reading time":"2 minutes"},"schema":{"@context":"https:\/\/schema.org","@graph":[{"@type":"WebPage","@id":"https:\/\/dev.tg4.ie\/en\/other-brands\/gradam-ceoil\/current-awards\/young-musician-of-the-year\/","url":"https:\/\/dev.tg4.ie\/en\/other-brands\/gradam-ceoil\/current-awards\/young-musician-of-the-year\/","name":"Young Musician of the Year - Colm Broderick | Gradam Ceoil TG4 2025 | TG4","isPartOf":{"@id":"https:\/\/dev.tg4.ie\/en\/#website"},"primaryImageOfPage":{"@id":"https:\/\/dev.tg4.ie\/en\/other-brands\/gradam-ceoil\/current-awards\/young-musician-of-the-year\/#primaryimage"},"image":{"@id":"https:\/\/dev.tg4.ie\/en\/other-brands\/gradam-ceoil\/current-awards\/young-musician-of-the-year\/#primaryimage"},"thumbnailUrl":"https:\/\/tg4-docs.s3.amazonaws.com\/wp-content\/uploads\/2025\/04\/08140407\/Colm_Broderick_1-1920x1080-1.jpg","datePublished":"2016-12-14T08:44:43+00:00","dateModified":"2025-04-08T13:05:39+00:00","breadcrumb":{"@id":"https:\/\/dev.tg4.ie\/en\/other-brands\/gradam-ceoil\/current-awards\/young-musician-of-the-year\/#breadcrumb"},"inLanguage":"en-ie","potentialAction":[{"@type":"ReadAction","target":["https:\/\/dev.tg4.ie\/en\/other-brands\/gradam-ceoil\/current-awards\/young-musician-of-the-year\/"]}]},{"@type":"ImageObject","inLanguage":"en-ie","@id":"https:\/\/dev.tg4.ie\/en\/other-brands\/gradam-ceoil\/current-awards\/young-musician-of-the-year\/#primaryimage","url":"https:\/\/tg4-docs.s3.amazonaws.com\/wp-content\/uploads\/2025\/04\/08140407\/Colm_Broderick_1-1920x1080-1.jpg","contentUrl":"https:\/\/tg4-docs.s3.amazonaws.com\/wp-content\/uploads\/2025\/04\/08140407\/Colm_Broderick_1-1920x1080-1.jpg","width":1920,"height":1080},{"@type":"BreadcrumbList","@id":"https:\/\/dev.tg4.ie\/en\/other-brands\/gradam-ceoil\/current-awards\/young-musician-of-the-year\/#breadcrumb","itemListElement":[{"@type":"ListItem","position":1,"name":"Home","item":"https:\/\/dev.tg4.ie\/en\/"},{"@type":"ListItem","position":2,"name":"Other Brands","item":"https:\/\/dev.tg4.ie\/en\/other-brands\/"},{"@type":"ListItem","position":3,"name":"Gradam Ceoil TG4","item":"https:\/\/dev.tg4.ie\/en\/other-brands\/gradam-ceoil\/"},{"@type":"ListItem","position":4,"name":"Gradam Ceoil TG4 2025","item":"https:\/\/dev.tg4.ie\/en\/other-brands\/gradam-ceoil\/current-awards\/"},{"@type":"ListItem","position":5,"name":"Young Musician of the Year"}]},{"@type":"WebSite","@id":"https:\/\/dev.tg4.ie\/en\/#website","url":"https:\/\/dev.tg4.ie\/en\/","name":"TG4","description":"S\u00fail Eile","potentialAction":[{"@type":"SearchAction","target":{"@type":"EntryPoint","urlTemplate":"https:\/\/dev.tg4.ie\/en\/?s={search_term_string}"},"query-input":"required name=search_term_string"}],"inLanguage":"en-ie"}]}},"_links":{"self":[{"href":"https:\/\/dev.tg4.ie\/en\/wp-json\/wp\/v2\/pages\/36633"}],"collection":[{"href":"https:\/\/dev.tg4.ie\/en\/wp-json\/wp\/v2\/pages"}],"about":[{"href":"https:\/\/dev.tg4.ie\/en\/wp-json\/wp\/v2\/types\/page"}],"author":[{"embeddable":true,"href":"https:\/\/dev.tg4.ie\/en\/wp-json\/wp\/v2\/users\/4"}],"replies":[{"embeddable":true,"href":"https:\/\/dev.tg4.ie\/en\/wp-json\/wp\/v2\/comments?post=36633"}],"version-history":[{"count":0,"href":"https:\/\/dev.tg4.ie\/en\/wp-json\/wp\/v2\/pages\/36633\/revisions"}],"up":[{"embeddable":true,"href":"https:\/\/dev.tg4.ie\/en\/wp-json\/wp\/v2\/pages\/36627"}],"wp:featuredmedia":[{"embeddable":true,"href":"https:\/\/dev.tg4.ie\/en\/wp-json\/wp\/v2\/media\/244284"}],"wp:attachment":[{"href":"https:\/\/dev.tg4.ie\/en\/wp-json\/wp\/v2\/media?parent=36633"}],"curies":[{"name":"wp","href":"https:\/\/api.w.org\/{rel}","templated":true}]}}