{"id":36637,"date":"2016-12-14T08:45:00","date_gmt":"2016-12-14T08:45:23","guid":{"rendered":"https:\/\/dev.tg4.ie\/en\/?page_id=36637"},"modified":"2025-04-08T14:31:13","modified_gmt":"2025-04-08T13:31:13","slug":"outstanding-contribution-award","status":"publish","type":"page","link":"https:\/\/dev.tg4.ie\/en\/other-brands\/gradam-ceoil\/current-awards\/outstanding-contribution-award\/","title":{"rendered":"Outstanding Contribution Award"},"content":{"rendered":"<h3>Bio<\/h3>\n<p>\u00c1ine Hensey is a native of Dublin, though she has been based in west Clare since the 1980s. She developed a deep appreciation for Irish music from an early age, leading to a distinguished career in broadcasting and arts administration.<\/p>\n<p>\u00c1ine&#8217;s broadcasting journey began in 1979 with RT\u00c9 Radio 2, followed by periods working with Radio 1 and Clare FM. She joined Raidi\u00f3 na Gaeltachta in 1995, where she produced and presented numerous music programmes, most recently Binneas B\u00e9il and An Ghealach Ghorm. For many years she was a popular figure as producer and presenter of live broadcasts from events such as Scoil Samhraidh Willie Clancy and Oireachtas na Samhna.<\/p>\n<p>Beyond broadcasting, \u00c1ine has been deeply involved in arts administration, playing significant roles in festivals such as Sl\u00f3gadh and \u00c9igse Mrs Crotty. She is currently co-director of Consairt\u00edn, the national concertina convention. She has been a tireless advocate for the Irish language and the promotion of traditional music on radio and at public events. She has served as cathaoirleach of Gael-Linn, and is currently chairperson of the Irish Traditional Music Archive.<\/p>\n<p>In addition to her broadcasting and administrative work, \u00c1ine earned a PhD in early modern history from Maynooth University in 2012.<\/p>\n<p>In recognition of her outstanding contributions to Irish music and culture, \u00c1ine is awarded Gradam Comaoine TG4 in 2025. Her impact on traditional music, both on the airwaves and within cultural organisations, has been profound, ensuring the vibrancy and continuity of Ireland\u2019s musical heritage for future generations.<\/p>\n<p>&nbsp;<\/p>\n","protected":false},"excerpt":{"rendered":"<p>Bio \u00c1ine Hensey is a native of Dublin, though she has been based in west Clare since the 1980s. She developed a deep appreciation for Irish music from an early age, leading to a distinguished career in broadcasting and arts administration. \u00c1ine&#8217;s broadcasting journey began in 1979 with RT\u00c9 Radio 2, followed by periods working [&hellip;]<\/p>\n","protected":false},"author":4,"featured_media":244303,"parent":36627,"menu_order":5,"comment_status":"closed","ping_status":"closed","template":"page-templates\/template-corporate.php","meta":{"_acf_changed":false,"footnotes":""},"acf":[],"yoast_head":"<!-- This site is optimized with the Yoast SEO plugin v22.6 - https:\/\/yoast.com\/wordpress\/plugins\/seo\/ -->\n<title>Outstanding Contribution Award - \u00c1ine Hensey | Gradam Ceoil TG4 2025 | TG4<\/title>\n<meta name=\"robots\" content=\"index, follow, max-snippet:-1, max-image-preview:large, max-video-preview:-1\" \/>\n<meta property=\"og:locale\" content=\"en_US\" \/>\n<meta property=\"og:type\" content=\"article\" \/>\n<meta property=\"og:title\" content=\"Outstanding Contribution Award - \u00c1ine Hensey | Gradam Ceoil TG4 2025 | TG4\" \/>\n<meta property=\"og:description\" content=\"Bio \u00c1ine Hensey is a native of Dublin, though she has been based in west Clare since the 1980s. She developed a deep appreciation for Irish music from an early age, leading to a distinguished career in broadcasting and arts administration. \u00c1ine&#8217;s broadcasting journey began in 1979 with RT\u00c9 Radio 2, followed by periods working [&hellip;]\" \/>\n<meta property=\"og:url\" content=\"https:\/\/dev.tg4.ie\/en\/other-brands\/gradam-ceoil\/current-awards\/outstanding-contribution-award\/\" \/>\n<meta property=\"og:site_name\" content=\"TG4\" \/>\n<meta property=\"article:publisher\" content=\"https:\/\/www.facebook.com\/TG4TV\" \/>\n<meta property=\"article:modified_time\" content=\"2025-04-08T13:31:13+00:00\" \/>\n<meta property=\"og:image\" content=\"https:\/\/tg4-docs.s3.amazonaws.com\/wp-content\/uploads\/2025\/04\/08142935\/Aine_Hensey_1-1920x1080-1.jpg\" \/>\n\t<meta property=\"og:image:width\" content=\"1920\" \/>\n\t<meta property=\"og:image:height\" content=\"1080\" \/>\n\t<meta property=\"og:image:type\" content=\"image\/jpeg\" \/>\n<meta name=\"twitter:card\" content=\"summary_large_image\" \/>\n<meta name=\"twitter:site\" content=\"@TG4TV\" \/>\n<meta name=\"twitter:label1\" content=\"Est. reading time\" \/>\n\t<meta name=\"twitter:data1\" content=\"2 minutes\" \/>\n<script type=\"application\/ld+json\" class=\"yoast-schema-graph\">{\"@context\":\"https:\/\/schema.org\",\"@graph\":[{\"@type\":\"WebPage\",\"@id\":\"https:\/\/dev.tg4.ie\/en\/other-brands\/gradam-ceoil\/current-awards\/outstanding-contribution-award\/\",\"url\":\"https:\/\/dev.tg4.ie\/en\/other-brands\/gradam-ceoil\/current-awards\/outstanding-contribution-award\/\",\"name\":\"Outstanding Contribution Award - \u00c1ine Hensey | Gradam Ceoil TG4 2025 | TG4\",\"isPartOf\":{\"@id\":\"https:\/\/dev.tg4.ie\/en\/#website\"},\"primaryImageOfPage\":{\"@id\":\"https:\/\/dev.tg4.ie\/en\/other-brands\/gradam-ceoil\/current-awards\/outstanding-contribution-award\/#primaryimage\"},\"image\":{\"@id\":\"https:\/\/dev.tg4.ie\/en\/other-brands\/gradam-ceoil\/current-awards\/outstanding-contribution-award\/#primaryimage\"},\"thumbnailUrl\":\"https:\/\/tg4-docs.s3.amazonaws.com\/wp-content\/uploads\/2025\/04\/08142935\/Aine_Hensey_1-1920x1080-1.jpg\",\"datePublished\":\"2016-12-14T08:45:23+00:00\",\"dateModified\":\"2025-04-08T13:31:13+00:00\",\"breadcrumb\":{\"@id\":\"https:\/\/dev.tg4.ie\/en\/other-brands\/gradam-ceoil\/current-awards\/outstanding-contribution-award\/#breadcrumb\"},\"inLanguage\":\"en-ie\",\"potentialAction\":[{\"@type\":\"ReadAction\",\"target\":[\"https:\/\/dev.tg4.ie\/en\/other-brands\/gradam-ceoil\/current-awards\/outstanding-contribution-award\/\"]}]},{\"@type\":\"ImageObject\",\"inLanguage\":\"en-ie\",\"@id\":\"https:\/\/dev.tg4.ie\/en\/other-brands\/gradam-ceoil\/current-awards\/outstanding-contribution-award\/#primaryimage\",\"url\":\"https:\/\/tg4-docs.s3.amazonaws.com\/wp-content\/uploads\/2025\/04\/08142935\/Aine_Hensey_1-1920x1080-1.jpg\",\"contentUrl\":\"https:\/\/tg4-docs.s3.amazonaws.com\/wp-content\/uploads\/2025\/04\/08142935\/Aine_Hensey_1-1920x1080-1.jpg\",\"width\":1920,\"height\":1080},{\"@type\":\"BreadcrumbList\",\"@id\":\"https:\/\/dev.tg4.ie\/en\/other-brands\/gradam-ceoil\/current-awards\/outstanding-contribution-award\/#breadcrumb\",\"itemListElement\":[{\"@type\":\"ListItem\",\"position\":1,\"name\":\"Home\",\"item\":\"https:\/\/dev.tg4.ie\/en\/\"},{\"@type\":\"ListItem\",\"position\":2,\"name\":\"Other Brands\",\"item\":\"https:\/\/dev.tg4.ie\/en\/other-brands\/\"},{\"@type\":\"ListItem\",\"position\":3,\"name\":\"Gradam Ceoil TG4\",\"item\":\"https:\/\/dev.tg4.ie\/en\/other-brands\/gradam-ceoil\/\"},{\"@type\":\"ListItem\",\"position\":4,\"name\":\"Gradam Ceoil TG4 2025\",\"item\":\"https:\/\/dev.tg4.ie\/en\/other-brands\/gradam-ceoil\/current-awards\/\"},{\"@type\":\"ListItem\",\"position\":5,\"name\":\"Outstanding Contribution Award\"}]},{\"@type\":\"WebSite\",\"@id\":\"https:\/\/dev.tg4.ie\/en\/#website\",\"url\":\"https:\/\/dev.tg4.ie\/en\/\",\"name\":\"TG4\",\"description\":\"S\u00fail Eile\",\"potentialAction\":[{\"@type\":\"SearchAction\",\"target\":{\"@type\":\"EntryPoint\",\"urlTemplate\":\"https:\/\/dev.tg4.ie\/en\/?s={search_term_string}\"},\"query-input\":\"required name=search_term_string\"}],\"inLanguage\":\"en-ie\"}]}<\/script>\n<!-- \/ Yoast SEO plugin. -->","yoast_head_json":{"title":"Outstanding Contribution Award - \u00c1ine Hensey | Gradam Ceoil TG4 2025 | TG4","robots":{"index":"index","follow":"follow","max-snippet":"max-snippet:-1","max-image-preview":"max-image-preview:large","max-video-preview":"max-video-preview:-1"},"og_locale":"en_US","og_type":"article","og_title":"Outstanding Contribution Award - \u00c1ine Hensey | Gradam Ceoil TG4 2025 | TG4","og_description":"Bio \u00c1ine Hensey is a native of Dublin, though she has been based in west Clare since the 1980s. She developed a deep appreciation for Irish music from an early age, leading to a distinguished career in broadcasting and arts administration. \u00c1ine&#8217;s broadcasting journey began in 1979 with RT\u00c9 Radio 2, followed by periods working [&hellip;]","og_url":"https:\/\/dev.tg4.ie\/en\/other-brands\/gradam-ceoil\/current-awards\/outstanding-contribution-award\/","og_site_name":"TG4","article_publisher":"https:\/\/www.facebook.com\/TG4TV","article_modified_time":"2025-04-08T13:31:13+00:00","og_image":[{"width":1920,"height":1080,"url":"https:\/\/tg4-docs.s3.amazonaws.com\/wp-content\/uploads\/2025\/04\/08142935\/Aine_Hensey_1-1920x1080-1.jpg","type":"image\/jpeg"}],"twitter_card":"summary_large_image","twitter_site":"@TG4TV","twitter_misc":{"Est. reading time":"2 minutes"},"schema":{"@context":"https:\/\/schema.org","@graph":[{"@type":"WebPage","@id":"https:\/\/dev.tg4.ie\/en\/other-brands\/gradam-ceoil\/current-awards\/outstanding-contribution-award\/","url":"https:\/\/dev.tg4.ie\/en\/other-brands\/gradam-ceoil\/current-awards\/outstanding-contribution-award\/","name":"Outstanding Contribution Award - \u00c1ine Hensey | Gradam Ceoil TG4 2025 | TG4","isPartOf":{"@id":"https:\/\/dev.tg4.ie\/en\/#website"},"primaryImageOfPage":{"@id":"https:\/\/dev.tg4.ie\/en\/other-brands\/gradam-ceoil\/current-awards\/outstanding-contribution-award\/#primaryimage"},"image":{"@id":"https:\/\/dev.tg4.ie\/en\/other-brands\/gradam-ceoil\/current-awards\/outstanding-contribution-award\/#primaryimage"},"thumbnailUrl":"https:\/\/tg4-docs.s3.amazonaws.com\/wp-content\/uploads\/2025\/04\/08142935\/Aine_Hensey_1-1920x1080-1.jpg","datePublished":"2016-12-14T08:45:23+00:00","dateModified":"2025-04-08T13:31:13+00:00","breadcrumb":{"@id":"https:\/\/dev.tg4.ie\/en\/other-brands\/gradam-ceoil\/current-awards\/outstanding-contribution-award\/#breadcrumb"},"inLanguage":"en-ie","potentialAction":[{"@type":"ReadAction","target":["https:\/\/dev.tg4.ie\/en\/other-brands\/gradam-ceoil\/current-awards\/outstanding-contribution-award\/"]}]},{"@type":"ImageObject","inLanguage":"en-ie","@id":"https:\/\/dev.tg4.ie\/en\/other-brands\/gradam-ceoil\/current-awards\/outstanding-contribution-award\/#primaryimage","url":"https:\/\/tg4-docs.s3.amazonaws.com\/wp-content\/uploads\/2025\/04\/08142935\/Aine_Hensey_1-1920x1080-1.jpg","contentUrl":"https:\/\/tg4-docs.s3.amazonaws.com\/wp-content\/uploads\/2025\/04\/08142935\/Aine_Hensey_1-1920x1080-1.jpg","width":1920,"height":1080},{"@type":"BreadcrumbList","@id":"https:\/\/dev.tg4.ie\/en\/other-brands\/gradam-ceoil\/current-awards\/outstanding-contribution-award\/#breadcrumb","itemListElement":[{"@type":"ListItem","position":1,"name":"Home","item":"https:\/\/dev.tg4.ie\/en\/"},{"@type":"ListItem","position":2,"name":"Other Brands","item":"https:\/\/dev.tg4.ie\/en\/other-brands\/"},{"@type":"ListItem","position":3,"name":"Gradam Ceoil TG4","item":"https:\/\/dev.tg4.ie\/en\/other-brands\/gradam-ceoil\/"},{"@type":"ListItem","position":4,"name":"Gradam Ceoil TG4 2025","item":"https:\/\/dev.tg4.ie\/en\/other-brands\/gradam-ceoil\/current-awards\/"},{"@type":"ListItem","position":5,"name":"Outstanding Contribution Award"}]},{"@type":"WebSite","@id":"https:\/\/dev.tg4.ie\/en\/#website","url":"https:\/\/dev.tg4.ie\/en\/","name":"TG4","description":"S\u00fail Eile","potentialAction":[{"@type":"SearchAction","target":{"@type":"EntryPoint","urlTemplate":"https:\/\/dev.tg4.ie\/en\/?s={search_term_string}"},"query-input":"required name=search_term_string"}],"inLanguage":"en-ie"}]}},"_links":{"self":[{"href":"https:\/\/dev.tg4.ie\/en\/wp-json\/wp\/v2\/pages\/36637"}],"collection":[{"href":"https:\/\/dev.tg4.ie\/en\/wp-json\/wp\/v2\/pages"}],"about":[{"href":"https:\/\/dev.tg4.ie\/en\/wp-json\/wp\/v2\/types\/page"}],"author":[{"embeddable":true,"href":"https:\/\/dev.tg4.ie\/en\/wp-json\/wp\/v2\/users\/4"}],"replies":[{"embeddable":true,"href":"https:\/\/dev.tg4.ie\/en\/wp-json\/wp\/v2\/comments?post=36637"}],"version-history":[{"count":0,"href":"https:\/\/dev.tg4.ie\/en\/wp-json\/wp\/v2\/pages\/36637\/revisions"}],"up":[{"embeddable":true,"href":"https:\/\/dev.tg4.ie\/en\/wp-json\/wp\/v2\/pages\/36627"}],"wp:featuredmedia":[{"embeddable":true,"href":"https:\/\/dev.tg4.ie\/en\/wp-json\/wp\/v2\/media\/244303"}],"wp:attachment":[{"href":"https:\/\/dev.tg4.ie\/en\/wp-json\/wp\/v2\/media?parent=36637"}],"curies":[{"name":"wp","href":"https:\/\/api.w.org\/{rel}","templated":true}]}}