{"id":36638,"date":"2016-12-14T08:45:00","date_gmt":"2016-12-14T08:45:03","guid":{"rendered":"https:\/\/dev.tg4.ie\/en\/?page_id=36638"},"modified":"2025-04-08T14:18:58","modified_gmt":"2025-04-08T13:18:58","slug":"composer-of-the-year","status":"publish","type":"page","link":"https:\/\/dev.tg4.ie\/en\/other-brands\/gradam-ceoil\/current-awards\/composer-of-the-year\/","title":{"rendered":"Composer of the Year"},"content":{"rendered":"<h3>Bio<\/h3>\n<p>From Conamara, Johnny \u00d3g Connolly is a distinguished accordion player and composer, celebrated for his contributions to Irish Traditional Music. Following in the footsteps of his father, the renowned melodeon player Johnny Connolly, Johnny \u00d3g has carved out his own legacy within the tradition.<\/p>\n<p>Johnny \u00d3g is known for his expressive playing style, which blends traditional Conamara elements with a modern sensibility. His compositions have been widely performed and recorded by other musicians, further enriching the repertoire. Many of his tunes have been composed in honour of family, friends, and fellow musicians.<\/p>\n<p>Among his solo recordings, which include many of his compositions, are Aisling Yoshua (2011, Best Trad Album, Irish Times), Siar (2016), and Fear Inis Bearachain (2018). He has also recorded duet albums with Brian McGrath (Dreaming Up the Tunes, 1998) and the late Charlie Lennon (Dusk Till Dawn, 2005).<\/p>\n<p>He has also composed two song cycles based on the poetry of M\u00e1irt\u00edn \u00d3 Dire\u00e1in\u2014An tEarrach Thiar, featuring Liam \u00d3 Maonla\u00ed, and Fad Saoil (Joe Steve \u00d3 Neachtain), which has also been recorded with Aisling N\u00ed Neachtain and C\u00f3r \u00d3ige Chois Fharraige.<\/p>\n<p>In 2022, he received a commission from Sti\u00faideo Cuan (An Spid\u00e9al) to compose a suite of music. An Cos\u00e1n Dra\u00edochta was the result, a work of music and song in memory of his father, the late Johnny Connolly.<\/p>\n<p>His most recent work was a short suite entitled \u00d3m\u00f3s for Scoil Gheimhridh Joe Steve 2025. Johnny \u00d3g would like to acknowledge the support of Eala\u00edn na Gaeltachta and The Arts Council in helping to bring some of these projects to fruition.<\/p>\n<p>&nbsp;<\/p>\n","protected":false},"excerpt":{"rendered":"<p>Bio From Conamara, Johnny \u00d3g Connolly is a distinguished accordion player and composer, celebrated for his contributions to Irish Traditional Music. Following in the footsteps of his father, the renowned melodeon player Johnny Connolly, Johnny \u00d3g has carved out his own legacy within the tradition. Johnny \u00d3g is known for his expressive playing style, which [&hellip;]<\/p>\n","protected":false},"author":4,"featured_media":244293,"parent":36627,"menu_order":3,"comment_status":"closed","ping_status":"closed","template":"page-templates\/template-corporate.php","meta":{"_acf_changed":false,"footnotes":""},"acf":[],"yoast_head":"<!-- This site is optimized with the Yoast SEO plugin v22.6 - https:\/\/yoast.com\/wordpress\/plugins\/seo\/ -->\n<title>Composer of the Year - Johnny \u00d3g Connolly | Gradam Ceoil TG4 2025 | TG4<\/title>\n<meta name=\"robots\" content=\"index, follow, max-snippet:-1, max-image-preview:large, max-video-preview:-1\" \/>\n<meta property=\"og:locale\" content=\"en_US\" \/>\n<meta property=\"og:type\" content=\"article\" \/>\n<meta property=\"og:title\" content=\"Composer of the Year - Johnny \u00d3g Connolly | Gradam Ceoil TG4 2025 | TG4\" \/>\n<meta property=\"og:description\" content=\"Bio From Conamara, Johnny \u00d3g Connolly is a distinguished accordion player and composer, celebrated for his contributions to Irish Traditional Music. Following in the footsteps of his father, the renowned melodeon player Johnny Connolly, Johnny \u00d3g has carved out his own legacy within the tradition. Johnny \u00d3g is known for his expressive playing style, which [&hellip;]\" \/>\n<meta property=\"og:url\" content=\"https:\/\/dev.tg4.ie\/en\/other-brands\/gradam-ceoil\/current-awards\/composer-of-the-year\/\" \/>\n<meta property=\"og:site_name\" content=\"TG4\" \/>\n<meta property=\"article:publisher\" content=\"https:\/\/www.facebook.com\/TG4TV\" \/>\n<meta property=\"article:modified_time\" content=\"2025-04-08T13:18:58+00:00\" \/>\n<meta property=\"og:image\" content=\"https:\/\/tg4-docs.s3.amazonaws.com\/wp-content\/uploads\/2025\/04\/08141703\/Johnny_Og_Connolly_1-1920x1080-1.jpg\" \/>\n\t<meta property=\"og:image:width\" content=\"1920\" \/>\n\t<meta property=\"og:image:height\" content=\"1080\" \/>\n\t<meta property=\"og:image:type\" content=\"image\/jpeg\" \/>\n<meta name=\"twitter:card\" content=\"summary_large_image\" \/>\n<meta name=\"twitter:site\" content=\"@TG4TV\" \/>\n<meta name=\"twitter:label1\" content=\"Est. reading time\" \/>\n\t<meta name=\"twitter:data1\" content=\"2 minutes\" \/>\n<script type=\"application\/ld+json\" class=\"yoast-schema-graph\">{\"@context\":\"https:\/\/schema.org\",\"@graph\":[{\"@type\":\"WebPage\",\"@id\":\"https:\/\/dev.tg4.ie\/en\/other-brands\/gradam-ceoil\/current-awards\/composer-of-the-year\/\",\"url\":\"https:\/\/dev.tg4.ie\/en\/other-brands\/gradam-ceoil\/current-awards\/composer-of-the-year\/\",\"name\":\"Composer of the Year - Johnny \u00d3g Connolly | Gradam Ceoil TG4 2025 | TG4\",\"isPartOf\":{\"@id\":\"https:\/\/dev.tg4.ie\/en\/#website\"},\"primaryImageOfPage\":{\"@id\":\"https:\/\/dev.tg4.ie\/en\/other-brands\/gradam-ceoil\/current-awards\/composer-of-the-year\/#primaryimage\"},\"image\":{\"@id\":\"https:\/\/dev.tg4.ie\/en\/other-brands\/gradam-ceoil\/current-awards\/composer-of-the-year\/#primaryimage\"},\"thumbnailUrl\":\"https:\/\/tg4-docs.s3.amazonaws.com\/wp-content\/uploads\/2025\/04\/08141703\/Johnny_Og_Connolly_1-1920x1080-1.jpg\",\"datePublished\":\"2016-12-14T08:45:03+00:00\",\"dateModified\":\"2025-04-08T13:18:58+00:00\",\"breadcrumb\":{\"@id\":\"https:\/\/dev.tg4.ie\/en\/other-brands\/gradam-ceoil\/current-awards\/composer-of-the-year\/#breadcrumb\"},\"inLanguage\":\"en-ie\",\"potentialAction\":[{\"@type\":\"ReadAction\",\"target\":[\"https:\/\/dev.tg4.ie\/en\/other-brands\/gradam-ceoil\/current-awards\/composer-of-the-year\/\"]}]},{\"@type\":\"ImageObject\",\"inLanguage\":\"en-ie\",\"@id\":\"https:\/\/dev.tg4.ie\/en\/other-brands\/gradam-ceoil\/current-awards\/composer-of-the-year\/#primaryimage\",\"url\":\"https:\/\/tg4-docs.s3.amazonaws.com\/wp-content\/uploads\/2025\/04\/08141703\/Johnny_Og_Connolly_1-1920x1080-1.jpg\",\"contentUrl\":\"https:\/\/tg4-docs.s3.amazonaws.com\/wp-content\/uploads\/2025\/04\/08141703\/Johnny_Og_Connolly_1-1920x1080-1.jpg\",\"width\":1920,\"height\":1080},{\"@type\":\"BreadcrumbList\",\"@id\":\"https:\/\/dev.tg4.ie\/en\/other-brands\/gradam-ceoil\/current-awards\/composer-of-the-year\/#breadcrumb\",\"itemListElement\":[{\"@type\":\"ListItem\",\"position\":1,\"name\":\"Home\",\"item\":\"https:\/\/dev.tg4.ie\/en\/\"},{\"@type\":\"ListItem\",\"position\":2,\"name\":\"Other Brands\",\"item\":\"https:\/\/dev.tg4.ie\/en\/other-brands\/\"},{\"@type\":\"ListItem\",\"position\":3,\"name\":\"Gradam Ceoil TG4\",\"item\":\"https:\/\/dev.tg4.ie\/en\/other-brands\/gradam-ceoil\/\"},{\"@type\":\"ListItem\",\"position\":4,\"name\":\"Gradam Ceoil TG4 2025\",\"item\":\"https:\/\/dev.tg4.ie\/en\/other-brands\/gradam-ceoil\/current-awards\/\"},{\"@type\":\"ListItem\",\"position\":5,\"name\":\"Composer of the Year\"}]},{\"@type\":\"WebSite\",\"@id\":\"https:\/\/dev.tg4.ie\/en\/#website\",\"url\":\"https:\/\/dev.tg4.ie\/en\/\",\"name\":\"TG4\",\"description\":\"S\u00fail Eile\",\"potentialAction\":[{\"@type\":\"SearchAction\",\"target\":{\"@type\":\"EntryPoint\",\"urlTemplate\":\"https:\/\/dev.tg4.ie\/en\/?s={search_term_string}\"},\"query-input\":\"required name=search_term_string\"}],\"inLanguage\":\"en-ie\"}]}<\/script>\n<!-- \/ Yoast SEO plugin. -->","yoast_head_json":{"title":"Composer of the Year - Johnny \u00d3g Connolly | Gradam Ceoil TG4 2025 | TG4","robots":{"index":"index","follow":"follow","max-snippet":"max-snippet:-1","max-image-preview":"max-image-preview:large","max-video-preview":"max-video-preview:-1"},"og_locale":"en_US","og_type":"article","og_title":"Composer of the Year - Johnny \u00d3g Connolly | Gradam Ceoil TG4 2025 | TG4","og_description":"Bio From Conamara, Johnny \u00d3g Connolly is a distinguished accordion player and composer, celebrated for his contributions to Irish Traditional Music. Following in the footsteps of his father, the renowned melodeon player Johnny Connolly, Johnny \u00d3g has carved out his own legacy within the tradition. Johnny \u00d3g is known for his expressive playing style, which [&hellip;]","og_url":"https:\/\/dev.tg4.ie\/en\/other-brands\/gradam-ceoil\/current-awards\/composer-of-the-year\/","og_site_name":"TG4","article_publisher":"https:\/\/www.facebook.com\/TG4TV","article_modified_time":"2025-04-08T13:18:58+00:00","og_image":[{"width":1920,"height":1080,"url":"https:\/\/tg4-docs.s3.amazonaws.com\/wp-content\/uploads\/2025\/04\/08141703\/Johnny_Og_Connolly_1-1920x1080-1.jpg","type":"image\/jpeg"}],"twitter_card":"summary_large_image","twitter_site":"@TG4TV","twitter_misc":{"Est. reading time":"2 minutes"},"schema":{"@context":"https:\/\/schema.org","@graph":[{"@type":"WebPage","@id":"https:\/\/dev.tg4.ie\/en\/other-brands\/gradam-ceoil\/current-awards\/composer-of-the-year\/","url":"https:\/\/dev.tg4.ie\/en\/other-brands\/gradam-ceoil\/current-awards\/composer-of-the-year\/","name":"Composer of the Year - Johnny \u00d3g Connolly | Gradam Ceoil TG4 2025 | TG4","isPartOf":{"@id":"https:\/\/dev.tg4.ie\/en\/#website"},"primaryImageOfPage":{"@id":"https:\/\/dev.tg4.ie\/en\/other-brands\/gradam-ceoil\/current-awards\/composer-of-the-year\/#primaryimage"},"image":{"@id":"https:\/\/dev.tg4.ie\/en\/other-brands\/gradam-ceoil\/current-awards\/composer-of-the-year\/#primaryimage"},"thumbnailUrl":"https:\/\/tg4-docs.s3.amazonaws.com\/wp-content\/uploads\/2025\/04\/08141703\/Johnny_Og_Connolly_1-1920x1080-1.jpg","datePublished":"2016-12-14T08:45:03+00:00","dateModified":"2025-04-08T13:18:58+00:00","breadcrumb":{"@id":"https:\/\/dev.tg4.ie\/en\/other-brands\/gradam-ceoil\/current-awards\/composer-of-the-year\/#breadcrumb"},"inLanguage":"en-ie","potentialAction":[{"@type":"ReadAction","target":["https:\/\/dev.tg4.ie\/en\/other-brands\/gradam-ceoil\/current-awards\/composer-of-the-year\/"]}]},{"@type":"ImageObject","inLanguage":"en-ie","@id":"https:\/\/dev.tg4.ie\/en\/other-brands\/gradam-ceoil\/current-awards\/composer-of-the-year\/#primaryimage","url":"https:\/\/tg4-docs.s3.amazonaws.com\/wp-content\/uploads\/2025\/04\/08141703\/Johnny_Og_Connolly_1-1920x1080-1.jpg","contentUrl":"https:\/\/tg4-docs.s3.amazonaws.com\/wp-content\/uploads\/2025\/04\/08141703\/Johnny_Og_Connolly_1-1920x1080-1.jpg","width":1920,"height":1080},{"@type":"BreadcrumbList","@id":"https:\/\/dev.tg4.ie\/en\/other-brands\/gradam-ceoil\/current-awards\/composer-of-the-year\/#breadcrumb","itemListElement":[{"@type":"ListItem","position":1,"name":"Home","item":"https:\/\/dev.tg4.ie\/en\/"},{"@type":"ListItem","position":2,"name":"Other Brands","item":"https:\/\/dev.tg4.ie\/en\/other-brands\/"},{"@type":"ListItem","position":3,"name":"Gradam Ceoil TG4","item":"https:\/\/dev.tg4.ie\/en\/other-brands\/gradam-ceoil\/"},{"@type":"ListItem","position":4,"name":"Gradam Ceoil TG4 2025","item":"https:\/\/dev.tg4.ie\/en\/other-brands\/gradam-ceoil\/current-awards\/"},{"@type":"ListItem","position":5,"name":"Composer of the Year"}]},{"@type":"WebSite","@id":"https:\/\/dev.tg4.ie\/en\/#website","url":"https:\/\/dev.tg4.ie\/en\/","name":"TG4","description":"S\u00fail Eile","potentialAction":[{"@type":"SearchAction","target":{"@type":"EntryPoint","urlTemplate":"https:\/\/dev.tg4.ie\/en\/?s={search_term_string}"},"query-input":"required name=search_term_string"}],"inLanguage":"en-ie"}]}},"_links":{"self":[{"href":"https:\/\/dev.tg4.ie\/en\/wp-json\/wp\/v2\/pages\/36638"}],"collection":[{"href":"https:\/\/dev.tg4.ie\/en\/wp-json\/wp\/v2\/pages"}],"about":[{"href":"https:\/\/dev.tg4.ie\/en\/wp-json\/wp\/v2\/types\/page"}],"author":[{"embeddable":true,"href":"https:\/\/dev.tg4.ie\/en\/wp-json\/wp\/v2\/users\/4"}],"replies":[{"embeddable":true,"href":"https:\/\/dev.tg4.ie\/en\/wp-json\/wp\/v2\/comments?post=36638"}],"version-history":[{"count":0,"href":"https:\/\/dev.tg4.ie\/en\/wp-json\/wp\/v2\/pages\/36638\/revisions"}],"up":[{"embeddable":true,"href":"https:\/\/dev.tg4.ie\/en\/wp-json\/wp\/v2\/pages\/36627"}],"wp:featuredmedia":[{"embeddable":true,"href":"https:\/\/dev.tg4.ie\/en\/wp-json\/wp\/v2\/media\/244293"}],"wp:attachment":[{"href":"https:\/\/dev.tg4.ie\/en\/wp-json\/wp\/v2\/media?parent=36638"}],"curies":[{"name":"wp","href":"https:\/\/api.w.org\/{rel}","templated":true}]}}