{"id":36652,"date":"2016-12-14T08:45:52","date_gmt":"2016-12-14T08:45:52","guid":{"rendered":"https:\/\/dev.tg4.ie\/en\/?page_id=36652"},"modified":"2024-12-10T11:31:28","modified_gmt":"2024-12-10T11:31:28","slug":"musician-of-the-year","status":"publish","type":"page","link":"https:\/\/dev.tg4.ie\/en\/other-brands\/gradam-ceoil\/previous-winners\/musician-of-the-year\/","title":{"rendered":"Musician of the Year"},"content":{"rendered":"<h2>Musician of the Year<\/h2>\n<p>Gradam Ceoil TG4 honours the musical heroes of the modern age\u2026 In the years since Tommy Peoples was presented with the first award, Gradam Ceoil has grown to be recognised as the premier awards scheme for musicians, singers, composers and bearers of the tradition.<\/p>\n<p><em>&#8220;Is cinnte go bhfuil an sc\u00e9im aitheantais seo ar cheann de na beartais is m\u00f3 agus is t\u00e1bhachta\u00ed a raibh baint againn leis \u00f3 buna\u00edodh an tseirbh\u00eds i 1996. T\u00e1 an Ghaeilge, an ceol agus na cluich\u00ed d\u00fachasacha fite fuaite le ch\u00e9ile. Is iad cuisle an n\u00e1isi\u00fain iad agus is \u00e1bhar br\u00f3id d\u00fainn an Gradam Ceoil. Gura fada buan \u00e9 agus lucht an cheoil.&#8221;<\/em> <strong>Alan Esslemont, Ardsti\u00farth\u00f3ir TG4<\/strong><\/p>\n<ul>\n<li>1998 &#8211; <strong>Tommy Peoples<\/strong>, Co. Dh\u00fan na nGall<\/li>\n<li>1999 &#8211; <strong>Matt Molloy<\/strong>, Co. Ros Com\u00e1in<\/li>\n<li>2000 &#8211; <strong>Mary Bergin<\/strong>, \u00c1th Cliath<\/li>\n<li>2001 &#8211; <strong>M\u00e1ire N\u00ed Chasthasaigh<\/strong>, Co. Chorca\u00ed<\/li>\n<li>2002 &#8211; <strong>Paddy Keenan<\/strong>, Co. na M\u00ed<\/li>\n<li>2003 &#8211; <strong>John Carty<\/strong>, Co. Ros Com\u00e1in &amp; Londain<\/li>\n<li>2004 &#8211; <strong>Se\u00e1n Keane<\/strong>, \u00c1th Cliath<\/li>\n<li>2005 &#8211; <strong>Jackie Daly<\/strong>, Co. Chorca\u00ed<\/li>\n<li>2006 &#8211; <strong>James Kelly<\/strong>, \u00c1th Cliath<\/li>\n<li>2007 &#8211; <strong>Liam O&#8217;Flynn<\/strong>, Co. Chill Dara<\/li>\n<li>2008 &#8211; <strong>Martin Hayes<\/strong>, Co. an Chl\u00e1ir<\/li>\n<li>2009 &#8211; <strong>Charlie Harris<\/strong>, Co. Luimnigh<\/li>\n<li>2010 &#8211; <strong>Se\u00e1n McKiernan<\/strong>, Co. na Gaillimhe &amp; Boston<\/li>\n<li>2011 &#8211; <strong>Noel Hill<\/strong>, Co. an Chl\u00e1ir<\/li>\n<li>2012 &#8211; <strong>Bryan Rooney<\/strong>, Co. Liatroma<\/li>\n<li>2013 &#8211; <strong>Dermot Byrne<\/strong>, Co. Dh\u00fan na nGall<\/li>\n<li>2014 &#8211; <strong>Harry Bradley<\/strong>, Co. Aontrim<\/li>\n<li>2015 &#8211; <strong>M\u00e1irt\u00edn O&#8217;Connor<\/strong>, Co. na Gaillimhe<\/li>\n<li>2016 &#8211; <strong>Kevin Burke<\/strong>, Co. Shligigh<\/li>\n<li>2017 &#8211; <strong>Mair\u00e9ad N\u00ed Mhaonaigh<\/strong>,Co. Donegal<\/li>\n<li>2018 &#8211; <strong>Frankie Gavin<\/strong>, Co. Galway<\/li>\n<li>2019 &#8211; <strong>Catherine McEvoy<\/strong>, Co. Meath<\/li>\n<li>2020 &#8211; <strong>Laoise Kelly<\/strong>, Co. Mayo<\/li>\n<li>2021 &#8211; <strong>Angelina Carberry<\/strong>, Co. Longford<\/li>\n<li>2022 &#8211; <strong>Paddy Glackin<\/strong>, Dublin<\/li>\n<li>2023 &#8211; <strong>Mick O&#8217;Brien<\/strong>, Dublin<\/li>\n<li>2024 &#8211; <strong>Derek Hickey<\/strong>, Co. Limerick<\/li>\n<\/ul>\n","protected":false},"excerpt":{"rendered":"<p>Musician of the Year Gradam Ceoil TG4 honours the musical heroes of the modern age\u2026 In the years since Tommy Peoples was presented with the first award, Gradam Ceoil has grown to be recognised as the premier awards scheme for musicians, singers, composers and bearers of the tradition. &#8220;Is cinnte go bhfuil an sc\u00e9im aitheantais [&hellip;]<\/p>\n","protected":false},"author":4,"featured_media":37609,"parent":36631,"menu_order":0,"comment_status":"closed","ping_status":"closed","template":"page-templates\/template-corporate.php","meta":{"_acf_changed":false,"footnotes":""},"acf":[],"yoast_head":"<!-- This site is optimized with the Yoast SEO plugin v22.6 - https:\/\/yoast.com\/wordpress\/plugins\/seo\/ -->\n<title>Musician of the Year - TG4<\/title>\n<meta name=\"robots\" content=\"index, follow, max-snippet:-1, max-image-preview:large, max-video-preview:-1\" \/>\n<meta property=\"og:locale\" content=\"en_US\" \/>\n<meta property=\"og:type\" content=\"article\" \/>\n<meta property=\"og:title\" content=\"Musician of the Year - TG4\" \/>\n<meta property=\"og:description\" content=\"Musician of the Year Gradam Ceoil TG4 honours the musical heroes of the modern age\u2026 In the years since Tommy Peoples was presented with the first award, Gradam Ceoil has grown to be recognised as the premier awards scheme for musicians, singers, composers and bearers of the tradition. &#8220;Is cinnte go bhfuil an sc\u00e9im aitheantais [&hellip;]\" \/>\n<meta property=\"og:url\" content=\"https:\/\/dev.tg4.ie\/en\/other-brands\/gradam-ceoil\/previous-winners\/musician-of-the-year\/\" \/>\n<meta property=\"og:site_name\" content=\"TG4\" \/>\n<meta property=\"article:publisher\" content=\"https:\/\/www.facebook.com\/TG4TV\" \/>\n<meta property=\"article:modified_time\" content=\"2024-12-10T11:31:28+00:00\" \/>\n<meta property=\"og:image\" content=\"https:\/\/tg4-docs.s3.amazonaws.com\/tg4-redesign-2015\/wp-content\/uploads\/2016\/01\/Gradam-Ceoil-TG4-2017.jpg\" \/>\n\t<meta property=\"og:image:width\" content=\"1920\" \/>\n\t<meta property=\"og:image:height\" content=\"1080\" \/>\n\t<meta property=\"og:image:type\" content=\"image\/jpeg\" \/>\n<meta name=\"twitter:card\" content=\"summary_large_image\" \/>\n<meta name=\"twitter:site\" content=\"@TG4TV\" \/>\n<meta name=\"twitter:label1\" content=\"Est. reading time\" \/>\n\t<meta name=\"twitter:data1\" content=\"2 minutes\" \/>\n<script type=\"application\/ld+json\" class=\"yoast-schema-graph\">{\"@context\":\"https:\/\/schema.org\",\"@graph\":[{\"@type\":\"WebPage\",\"@id\":\"https:\/\/dev.tg4.ie\/en\/other-brands\/gradam-ceoil\/previous-winners\/musician-of-the-year\/\",\"url\":\"https:\/\/dev.tg4.ie\/en\/other-brands\/gradam-ceoil\/previous-winners\/musician-of-the-year\/\",\"name\":\"Musician of the Year - TG4\",\"isPartOf\":{\"@id\":\"https:\/\/dev.tg4.ie\/en\/#website\"},\"primaryImageOfPage\":{\"@id\":\"https:\/\/dev.tg4.ie\/en\/other-brands\/gradam-ceoil\/previous-winners\/musician-of-the-year\/#primaryimage\"},\"image\":{\"@id\":\"https:\/\/dev.tg4.ie\/en\/other-brands\/gradam-ceoil\/previous-winners\/musician-of-the-year\/#primaryimage\"},\"thumbnailUrl\":\"https:\/\/tg4-docs.s3.amazonaws.com\/tg4-redesign-2015\/wp-content\/uploads\/2016\/01\/Gradam-Ceoil-TG4-2017.jpg\",\"datePublished\":\"2016-12-14T08:45:52+00:00\",\"dateModified\":\"2024-12-10T11:31:28+00:00\",\"breadcrumb\":{\"@id\":\"https:\/\/dev.tg4.ie\/en\/other-brands\/gradam-ceoil\/previous-winners\/musician-of-the-year\/#breadcrumb\"},\"inLanguage\":\"en-ie\",\"potentialAction\":[{\"@type\":\"ReadAction\",\"target\":[\"https:\/\/dev.tg4.ie\/en\/other-brands\/gradam-ceoil\/previous-winners\/musician-of-the-year\/\"]}]},{\"@type\":\"ImageObject\",\"inLanguage\":\"en-ie\",\"@id\":\"https:\/\/dev.tg4.ie\/en\/other-brands\/gradam-ceoil\/previous-winners\/musician-of-the-year\/#primaryimage\",\"url\":\"https:\/\/tg4-docs.s3.amazonaws.com\/tg4-redesign-2015\/wp-content\/uploads\/2016\/01\/Gradam-Ceoil-TG4-2017.jpg\",\"contentUrl\":\"https:\/\/tg4-docs.s3.amazonaws.com\/tg4-redesign-2015\/wp-content\/uploads\/2016\/01\/Gradam-Ceoil-TG4-2017.jpg\",\"width\":1920,\"height\":1080,\"caption\":\"Gradam Ceoil TG4 2017\"},{\"@type\":\"BreadcrumbList\",\"@id\":\"https:\/\/dev.tg4.ie\/en\/other-brands\/gradam-ceoil\/previous-winners\/musician-of-the-year\/#breadcrumb\",\"itemListElement\":[{\"@type\":\"ListItem\",\"position\":1,\"name\":\"Home\",\"item\":\"https:\/\/dev.tg4.ie\/en\/\"},{\"@type\":\"ListItem\",\"position\":2,\"name\":\"Other Brands\",\"item\":\"https:\/\/dev.tg4.ie\/en\/other-brands\/\"},{\"@type\":\"ListItem\",\"position\":3,\"name\":\"Gradam Ceoil TG4\",\"item\":\"https:\/\/dev.tg4.ie\/en\/other-brands\/gradam-ceoil\/\"},{\"@type\":\"ListItem\",\"position\":4,\"name\":\"Previous Winners\",\"item\":\"https:\/\/dev.tg4.ie\/en\/other-brands\/gradam-ceoil\/previous-winners\/\"},{\"@type\":\"ListItem\",\"position\":5,\"name\":\"Musician of the Year\"}]},{\"@type\":\"WebSite\",\"@id\":\"https:\/\/dev.tg4.ie\/en\/#website\",\"url\":\"https:\/\/dev.tg4.ie\/en\/\",\"name\":\"TG4\",\"description\":\"S\u00fail Eile\",\"potentialAction\":[{\"@type\":\"SearchAction\",\"target\":{\"@type\":\"EntryPoint\",\"urlTemplate\":\"https:\/\/dev.tg4.ie\/en\/?s={search_term_string}\"},\"query-input\":\"required name=search_term_string\"}],\"inLanguage\":\"en-ie\"}]}<\/script>\n<!-- \/ Yoast SEO plugin. -->","yoast_head_json":{"title":"Musician of the Year - TG4","robots":{"index":"index","follow":"follow","max-snippet":"max-snippet:-1","max-image-preview":"max-image-preview:large","max-video-preview":"max-video-preview:-1"},"og_locale":"en_US","og_type":"article","og_title":"Musician of the Year - TG4","og_description":"Musician of the Year Gradam Ceoil TG4 honours the musical heroes of the modern age\u2026 In the years since Tommy Peoples was presented with the first award, Gradam Ceoil has grown to be recognised as the premier awards scheme for musicians, singers, composers and bearers of the tradition. &#8220;Is cinnte go bhfuil an sc\u00e9im aitheantais [&hellip;]","og_url":"https:\/\/dev.tg4.ie\/en\/other-brands\/gradam-ceoil\/previous-winners\/musician-of-the-year\/","og_site_name":"TG4","article_publisher":"https:\/\/www.facebook.com\/TG4TV","article_modified_time":"2024-12-10T11:31:28+00:00","og_image":[{"width":1920,"height":1080,"url":"https:\/\/tg4-docs.s3.amazonaws.com\/tg4-redesign-2015\/wp-content\/uploads\/2016\/01\/Gradam-Ceoil-TG4-2017.jpg","type":"image\/jpeg"}],"twitter_card":"summary_large_image","twitter_site":"@TG4TV","twitter_misc":{"Est. reading time":"2 minutes"},"schema":{"@context":"https:\/\/schema.org","@graph":[{"@type":"WebPage","@id":"https:\/\/dev.tg4.ie\/en\/other-brands\/gradam-ceoil\/previous-winners\/musician-of-the-year\/","url":"https:\/\/dev.tg4.ie\/en\/other-brands\/gradam-ceoil\/previous-winners\/musician-of-the-year\/","name":"Musician of the Year - TG4","isPartOf":{"@id":"https:\/\/dev.tg4.ie\/en\/#website"},"primaryImageOfPage":{"@id":"https:\/\/dev.tg4.ie\/en\/other-brands\/gradam-ceoil\/previous-winners\/musician-of-the-year\/#primaryimage"},"image":{"@id":"https:\/\/dev.tg4.ie\/en\/other-brands\/gradam-ceoil\/previous-winners\/musician-of-the-year\/#primaryimage"},"thumbnailUrl":"https:\/\/tg4-docs.s3.amazonaws.com\/tg4-redesign-2015\/wp-content\/uploads\/2016\/01\/Gradam-Ceoil-TG4-2017.jpg","datePublished":"2016-12-14T08:45:52+00:00","dateModified":"2024-12-10T11:31:28+00:00","breadcrumb":{"@id":"https:\/\/dev.tg4.ie\/en\/other-brands\/gradam-ceoil\/previous-winners\/musician-of-the-year\/#breadcrumb"},"inLanguage":"en-ie","potentialAction":[{"@type":"ReadAction","target":["https:\/\/dev.tg4.ie\/en\/other-brands\/gradam-ceoil\/previous-winners\/musician-of-the-year\/"]}]},{"@type":"ImageObject","inLanguage":"en-ie","@id":"https:\/\/dev.tg4.ie\/en\/other-brands\/gradam-ceoil\/previous-winners\/musician-of-the-year\/#primaryimage","url":"https:\/\/tg4-docs.s3.amazonaws.com\/tg4-redesign-2015\/wp-content\/uploads\/2016\/01\/Gradam-Ceoil-TG4-2017.jpg","contentUrl":"https:\/\/tg4-docs.s3.amazonaws.com\/tg4-redesign-2015\/wp-content\/uploads\/2016\/01\/Gradam-Ceoil-TG4-2017.jpg","width":1920,"height":1080,"caption":"Gradam Ceoil TG4 2017"},{"@type":"BreadcrumbList","@id":"https:\/\/dev.tg4.ie\/en\/other-brands\/gradam-ceoil\/previous-winners\/musician-of-the-year\/#breadcrumb","itemListElement":[{"@type":"ListItem","position":1,"name":"Home","item":"https:\/\/dev.tg4.ie\/en\/"},{"@type":"ListItem","position":2,"name":"Other Brands","item":"https:\/\/dev.tg4.ie\/en\/other-brands\/"},{"@type":"ListItem","position":3,"name":"Gradam Ceoil TG4","item":"https:\/\/dev.tg4.ie\/en\/other-brands\/gradam-ceoil\/"},{"@type":"ListItem","position":4,"name":"Previous Winners","item":"https:\/\/dev.tg4.ie\/en\/other-brands\/gradam-ceoil\/previous-winners\/"},{"@type":"ListItem","position":5,"name":"Musician of the Year"}]},{"@type":"WebSite","@id":"https:\/\/dev.tg4.ie\/en\/#website","url":"https:\/\/dev.tg4.ie\/en\/","name":"TG4","description":"S\u00fail Eile","potentialAction":[{"@type":"SearchAction","target":{"@type":"EntryPoint","urlTemplate":"https:\/\/dev.tg4.ie\/en\/?s={search_term_string}"},"query-input":"required name=search_term_string"}],"inLanguage":"en-ie"}]}},"_links":{"self":[{"href":"https:\/\/dev.tg4.ie\/en\/wp-json\/wp\/v2\/pages\/36652"}],"collection":[{"href":"https:\/\/dev.tg4.ie\/en\/wp-json\/wp\/v2\/pages"}],"about":[{"href":"https:\/\/dev.tg4.ie\/en\/wp-json\/wp\/v2\/types\/page"}],"author":[{"embeddable":true,"href":"https:\/\/dev.tg4.ie\/en\/wp-json\/wp\/v2\/users\/4"}],"replies":[{"embeddable":true,"href":"https:\/\/dev.tg4.ie\/en\/wp-json\/wp\/v2\/comments?post=36652"}],"version-history":[{"count":0,"href":"https:\/\/dev.tg4.ie\/en\/wp-json\/wp\/v2\/pages\/36652\/revisions"}],"up":[{"embeddable":true,"href":"https:\/\/dev.tg4.ie\/en\/wp-json\/wp\/v2\/pages\/36631"}],"wp:featuredmedia":[{"embeddable":true,"href":"https:\/\/dev.tg4.ie\/en\/wp-json\/wp\/v2\/media\/37609"}],"wp:attachment":[{"href":"https:\/\/dev.tg4.ie\/en\/wp-json\/wp\/v2\/media?parent=36652"}],"curies":[{"name":"wp","href":"https:\/\/api.w.org\/{rel}","templated":true}]}}