{"id":36655,"date":"2016-12-14T08:46:18","date_gmt":"2016-12-14T08:46:18","guid":{"rendered":"https:\/\/dev.tg4.ie\/en\/?page_id=36655"},"modified":"2024-12-10T11:35:39","modified_gmt":"2024-12-10T11:35:39","slug":"lifetime-achievement","status":"publish","type":"page","link":"https:\/\/dev.tg4.ie\/en\/other-brands\/gradam-ceoil\/previous-winners\/lifetime-achievement\/","title":{"rendered":"Lifetime Achievement"},"content":{"rendered":"<h2>TG4 Lifetime Achievement Award<\/h2>\n<p>The Gradam Saoil is presented annually to a musician whose influence on the world of traditional music has been profound and who has encouraged, influenced and promoted traditional music in a positive and unselfish way for many years.<\/p>\n<ul>\n<li>2001 &#8211; <strong>Paddy Canny<\/strong>, Co. Clare<\/li>\n<li>2002 &#8211; <strong>Peter Horan<\/strong>, Co. Sligo<\/li>\n<li>2003 &#8211; <strong>Johnny O&#8217;Leary<\/strong>, Co. Kerry<\/li>\n<li>2004 &#8211; <strong>Tony MacMahon<\/strong>, Co. Clare<\/li>\n<li>2005 &#8211; <strong>Peadar \u00d3 Lochlainn<\/strong>, Co. Clare<\/li>\n<li>2006 &#8211; <strong>Sarah &amp; Rita Keane<\/strong>, Co. Galway<\/li>\n<li>2007 &#8211; <strong>Paddy Cronin<\/strong>, Co. Kerry<\/li>\n<li>2008 &#8211; <strong>Joe &amp; Siobh\u00e1n O&#8217;Donovan<\/strong>, Co. Cork<\/li>\n<li>2009 &#8211; <strong>Roger Sherlock<\/strong>, Co. Mayo<\/li>\n<li>2010 &#8211; <strong>Se\u00e1n Potts<\/strong>, Dublin<\/li>\n<li>2011 &#8211; <strong>Ben Lennon<\/strong>, Co. Leitrim<\/li>\n<li>2012 &#8211; <strong>Danny Meehan<\/strong>, Co. Donegal<\/li>\n<li>2013 &#8211; <strong>Michael Tubridy<\/strong>, Co. Clare<\/li>\n<li>2014 &#8211; <strong>Chris Droney<\/strong>, Co. Clare<\/li>\n<li>2015 &#8211; <strong>Bobby Gardiner<\/strong>, Co. an Chl\u00e1ir<\/li>\n<li>2016 &#8211; <strong>Arty McGlynn<\/strong>, Co. Tyrone<\/li>\n<li>2017 &#8211; <strong>D\u00f3nal Lunny<\/strong>, Co. Offaly<\/li>\n<li>2018 &#8211; <strong>Patsy Hanly<\/strong>, Co. Roscommon<\/li>\n<li>2019 &#8211; <strong>Nicky &#038; Anne McAuliffe<\/strong>, Co. Kerry<\/li>\n<li>2020 &#8211; <strong>S\u00e9amus Connolly<\/strong>, Massachusetts<\/li>\n<li>2021 &#8211; <strong>Se\u00e1n \u00d3 S\u00e9<\/strong>, Co. Cork<\/li>\n<li>2022 &#8211; <strong>Dolores Keane<\/strong>, Co. Galway<\/li>\n<li>2023 &#8211; <strong>Fintan Vallely<\/strong>, Co. Armagh<\/li>\n<li>2024 &#8211; <strong>Jean Butler<\/strong>, New York<\/li>\n<\/ul>\n<p>&nbsp;<\/p>\n","protected":false},"excerpt":{"rendered":"<p>TG4 Lifetime Achievement Award The Gradam Saoil is presented annually to a musician whose influence on the world of traditional music has been profound and who has encouraged, influenced and promoted traditional music in a positive and unselfish way for many years. 2001 &#8211; Paddy Canny, Co. Clare 2002 &#8211; Peter Horan, Co. Sligo 2003 [&hellip;]<\/p>\n","protected":false},"author":4,"featured_media":37609,"parent":36631,"menu_order":2,"comment_status":"closed","ping_status":"closed","template":"page-templates\/template-corporate.php","meta":{"_acf_changed":false,"footnotes":""},"acf":[],"yoast_head":"<!-- This site is optimized with the Yoast SEO plugin v22.6 - https:\/\/yoast.com\/wordpress\/plugins\/seo\/ -->\n<title>TG4 | Lifetime Achievement | Previous Winners | Gradam Ceoil TG4 | Other Brands | Irish Television Channel, S\u00fail Eile<\/title>\n<meta name=\"description\" content=\"The prestigious Gradam Saoil, is a lifetime award presented annually. View the full list of winners\" \/>\n<meta name=\"robots\" content=\"index, follow, max-snippet:-1, max-image-preview:large, max-video-preview:-1\" \/>\n<meta property=\"og:locale\" content=\"en_US\" \/>\n<meta property=\"og:type\" content=\"article\" \/>\n<meta property=\"og:title\" content=\"TG4 | Lifetime Achievement | Previous Winners | Gradam Ceoil TG4 | Other Brands | Irish Television Channel, S\u00fail Eile\" \/>\n<meta property=\"og:description\" content=\"The prestigious Gradam Saoil, is a lifetime award presented annually. View the full list of winners\" \/>\n<meta property=\"og:url\" content=\"https:\/\/dev.tg4.ie\/en\/other-brands\/gradam-ceoil\/previous-winners\/lifetime-achievement\/\" \/>\n<meta property=\"og:site_name\" content=\"TG4\" \/>\n<meta property=\"article:publisher\" content=\"https:\/\/www.facebook.com\/TG4TV\" \/>\n<meta property=\"article:modified_time\" content=\"2024-12-10T11:35:39+00:00\" \/>\n<meta property=\"og:image\" content=\"https:\/\/tg4-docs.s3.amazonaws.com\/tg4-redesign-2015\/wp-content\/uploads\/2016\/01\/Gradam-Ceoil-TG4-2017.jpg\" \/>\n\t<meta property=\"og:image:width\" content=\"1920\" \/>\n\t<meta property=\"og:image:height\" content=\"1080\" \/>\n\t<meta property=\"og:image:type\" content=\"image\/jpeg\" \/>\n<meta name=\"twitter:card\" content=\"summary_large_image\" \/>\n<meta name=\"twitter:site\" content=\"@TG4TV\" \/>\n<meta name=\"twitter:label1\" content=\"Est. reading time\" \/>\n\t<meta name=\"twitter:data1\" content=\"1 minute\" \/>\n<script type=\"application\/ld+json\" class=\"yoast-schema-graph\">{\"@context\":\"https:\/\/schema.org\",\"@graph\":[{\"@type\":\"WebPage\",\"@id\":\"https:\/\/dev.tg4.ie\/en\/other-brands\/gradam-ceoil\/previous-winners\/lifetime-achievement\/\",\"url\":\"https:\/\/dev.tg4.ie\/en\/other-brands\/gradam-ceoil\/previous-winners\/lifetime-achievement\/\",\"name\":\"TG4 | Lifetime Achievement | Previous Winners | Gradam Ceoil TG4 | Other Brands | Irish Television Channel, S\u00fail Eile\",\"isPartOf\":{\"@id\":\"https:\/\/dev.tg4.ie\/en\/#website\"},\"primaryImageOfPage\":{\"@id\":\"https:\/\/dev.tg4.ie\/en\/other-brands\/gradam-ceoil\/previous-winners\/lifetime-achievement\/#primaryimage\"},\"image\":{\"@id\":\"https:\/\/dev.tg4.ie\/en\/other-brands\/gradam-ceoil\/previous-winners\/lifetime-achievement\/#primaryimage\"},\"thumbnailUrl\":\"https:\/\/tg4-docs.s3.amazonaws.com\/tg4-redesign-2015\/wp-content\/uploads\/2016\/01\/Gradam-Ceoil-TG4-2017.jpg\",\"datePublished\":\"2016-12-14T08:46:18+00:00\",\"dateModified\":\"2024-12-10T11:35:39+00:00\",\"description\":\"The prestigious Gradam Saoil, is a lifetime award presented annually. View the full list of winners\",\"breadcrumb\":{\"@id\":\"https:\/\/dev.tg4.ie\/en\/other-brands\/gradam-ceoil\/previous-winners\/lifetime-achievement\/#breadcrumb\"},\"inLanguage\":\"en-ie\",\"potentialAction\":[{\"@type\":\"ReadAction\",\"target\":[\"https:\/\/dev.tg4.ie\/en\/other-brands\/gradam-ceoil\/previous-winners\/lifetime-achievement\/\"]}]},{\"@type\":\"ImageObject\",\"inLanguage\":\"en-ie\",\"@id\":\"https:\/\/dev.tg4.ie\/en\/other-brands\/gradam-ceoil\/previous-winners\/lifetime-achievement\/#primaryimage\",\"url\":\"https:\/\/tg4-docs.s3.amazonaws.com\/tg4-redesign-2015\/wp-content\/uploads\/2016\/01\/Gradam-Ceoil-TG4-2017.jpg\",\"contentUrl\":\"https:\/\/tg4-docs.s3.amazonaws.com\/tg4-redesign-2015\/wp-content\/uploads\/2016\/01\/Gradam-Ceoil-TG4-2017.jpg\",\"width\":1920,\"height\":1080,\"caption\":\"Gradam Ceoil TG4 2017\"},{\"@type\":\"BreadcrumbList\",\"@id\":\"https:\/\/dev.tg4.ie\/en\/other-brands\/gradam-ceoil\/previous-winners\/lifetime-achievement\/#breadcrumb\",\"itemListElement\":[{\"@type\":\"ListItem\",\"position\":1,\"name\":\"Home\",\"item\":\"https:\/\/dev.tg4.ie\/en\/\"},{\"@type\":\"ListItem\",\"position\":2,\"name\":\"Other Brands\",\"item\":\"https:\/\/dev.tg4.ie\/en\/other-brands\/\"},{\"@type\":\"ListItem\",\"position\":3,\"name\":\"Gradam Ceoil TG4\",\"item\":\"https:\/\/dev.tg4.ie\/en\/other-brands\/gradam-ceoil\/\"},{\"@type\":\"ListItem\",\"position\":4,\"name\":\"Previous Winners\",\"item\":\"https:\/\/dev.tg4.ie\/en\/other-brands\/gradam-ceoil\/previous-winners\/\"},{\"@type\":\"ListItem\",\"position\":5,\"name\":\"Lifetime Achievement\"}]},{\"@type\":\"WebSite\",\"@id\":\"https:\/\/dev.tg4.ie\/en\/#website\",\"url\":\"https:\/\/dev.tg4.ie\/en\/\",\"name\":\"TG4\",\"description\":\"S\u00fail Eile\",\"potentialAction\":[{\"@type\":\"SearchAction\",\"target\":{\"@type\":\"EntryPoint\",\"urlTemplate\":\"https:\/\/dev.tg4.ie\/en\/?s={search_term_string}\"},\"query-input\":\"required name=search_term_string\"}],\"inLanguage\":\"en-ie\"}]}<\/script>\n<!-- \/ Yoast SEO plugin. -->","yoast_head_json":{"title":"TG4 | Lifetime Achievement | Previous Winners | Gradam Ceoil TG4 | Other Brands | Irish Television Channel, S\u00fail Eile","description":"The prestigious Gradam Saoil, is a lifetime award presented annually. View the full list of winners","robots":{"index":"index","follow":"follow","max-snippet":"max-snippet:-1","max-image-preview":"max-image-preview:large","max-video-preview":"max-video-preview:-1"},"og_locale":"en_US","og_type":"article","og_title":"TG4 | Lifetime Achievement | Previous Winners | Gradam Ceoil TG4 | Other Brands | Irish Television Channel, S\u00fail Eile","og_description":"The prestigious Gradam Saoil, is a lifetime award presented annually. View the full list of winners","og_url":"https:\/\/dev.tg4.ie\/en\/other-brands\/gradam-ceoil\/previous-winners\/lifetime-achievement\/","og_site_name":"TG4","article_publisher":"https:\/\/www.facebook.com\/TG4TV","article_modified_time":"2024-12-10T11:35:39+00:00","og_image":[{"width":1920,"height":1080,"url":"https:\/\/tg4-docs.s3.amazonaws.com\/tg4-redesign-2015\/wp-content\/uploads\/2016\/01\/Gradam-Ceoil-TG4-2017.jpg","type":"image\/jpeg"}],"twitter_card":"summary_large_image","twitter_site":"@TG4TV","twitter_misc":{"Est. reading time":"1 minute"},"schema":{"@context":"https:\/\/schema.org","@graph":[{"@type":"WebPage","@id":"https:\/\/dev.tg4.ie\/en\/other-brands\/gradam-ceoil\/previous-winners\/lifetime-achievement\/","url":"https:\/\/dev.tg4.ie\/en\/other-brands\/gradam-ceoil\/previous-winners\/lifetime-achievement\/","name":"TG4 | Lifetime Achievement | Previous Winners | Gradam Ceoil TG4 | Other Brands | Irish Television Channel, S\u00fail Eile","isPartOf":{"@id":"https:\/\/dev.tg4.ie\/en\/#website"},"primaryImageOfPage":{"@id":"https:\/\/dev.tg4.ie\/en\/other-brands\/gradam-ceoil\/previous-winners\/lifetime-achievement\/#primaryimage"},"image":{"@id":"https:\/\/dev.tg4.ie\/en\/other-brands\/gradam-ceoil\/previous-winners\/lifetime-achievement\/#primaryimage"},"thumbnailUrl":"https:\/\/tg4-docs.s3.amazonaws.com\/tg4-redesign-2015\/wp-content\/uploads\/2016\/01\/Gradam-Ceoil-TG4-2017.jpg","datePublished":"2016-12-14T08:46:18+00:00","dateModified":"2024-12-10T11:35:39+00:00","description":"The prestigious Gradam Saoil, is a lifetime award presented annually. View the full list of winners","breadcrumb":{"@id":"https:\/\/dev.tg4.ie\/en\/other-brands\/gradam-ceoil\/previous-winners\/lifetime-achievement\/#breadcrumb"},"inLanguage":"en-ie","potentialAction":[{"@type":"ReadAction","target":["https:\/\/dev.tg4.ie\/en\/other-brands\/gradam-ceoil\/previous-winners\/lifetime-achievement\/"]}]},{"@type":"ImageObject","inLanguage":"en-ie","@id":"https:\/\/dev.tg4.ie\/en\/other-brands\/gradam-ceoil\/previous-winners\/lifetime-achievement\/#primaryimage","url":"https:\/\/tg4-docs.s3.amazonaws.com\/tg4-redesign-2015\/wp-content\/uploads\/2016\/01\/Gradam-Ceoil-TG4-2017.jpg","contentUrl":"https:\/\/tg4-docs.s3.amazonaws.com\/tg4-redesign-2015\/wp-content\/uploads\/2016\/01\/Gradam-Ceoil-TG4-2017.jpg","width":1920,"height":1080,"caption":"Gradam Ceoil TG4 2017"},{"@type":"BreadcrumbList","@id":"https:\/\/dev.tg4.ie\/en\/other-brands\/gradam-ceoil\/previous-winners\/lifetime-achievement\/#breadcrumb","itemListElement":[{"@type":"ListItem","position":1,"name":"Home","item":"https:\/\/dev.tg4.ie\/en\/"},{"@type":"ListItem","position":2,"name":"Other Brands","item":"https:\/\/dev.tg4.ie\/en\/other-brands\/"},{"@type":"ListItem","position":3,"name":"Gradam Ceoil TG4","item":"https:\/\/dev.tg4.ie\/en\/other-brands\/gradam-ceoil\/"},{"@type":"ListItem","position":4,"name":"Previous Winners","item":"https:\/\/dev.tg4.ie\/en\/other-brands\/gradam-ceoil\/previous-winners\/"},{"@type":"ListItem","position":5,"name":"Lifetime Achievement"}]},{"@type":"WebSite","@id":"https:\/\/dev.tg4.ie\/en\/#website","url":"https:\/\/dev.tg4.ie\/en\/","name":"TG4","description":"S\u00fail Eile","potentialAction":[{"@type":"SearchAction","target":{"@type":"EntryPoint","urlTemplate":"https:\/\/dev.tg4.ie\/en\/?s={search_term_string}"},"query-input":"required name=search_term_string"}],"inLanguage":"en-ie"}]}},"_links":{"self":[{"href":"https:\/\/dev.tg4.ie\/en\/wp-json\/wp\/v2\/pages\/36655"}],"collection":[{"href":"https:\/\/dev.tg4.ie\/en\/wp-json\/wp\/v2\/pages"}],"about":[{"href":"https:\/\/dev.tg4.ie\/en\/wp-json\/wp\/v2\/types\/page"}],"author":[{"embeddable":true,"href":"https:\/\/dev.tg4.ie\/en\/wp-json\/wp\/v2\/users\/4"}],"replies":[{"embeddable":true,"href":"https:\/\/dev.tg4.ie\/en\/wp-json\/wp\/v2\/comments?post=36655"}],"version-history":[{"count":0,"href":"https:\/\/dev.tg4.ie\/en\/wp-json\/wp\/v2\/pages\/36655\/revisions"}],"up":[{"embeddable":true,"href":"https:\/\/dev.tg4.ie\/en\/wp-json\/wp\/v2\/pages\/36631"}],"wp:featuredmedia":[{"embeddable":true,"href":"https:\/\/dev.tg4.ie\/en\/wp-json\/wp\/v2\/media\/37609"}],"wp:attachment":[{"href":"https:\/\/dev.tg4.ie\/en\/wp-json\/wp\/v2\/media?parent=36655"}],"curies":[{"name":"wp","href":"https:\/\/api.w.org\/{rel}","templated":true}]}}