{"id":36657,"date":"2016-12-14T08:46:42","date_gmt":"2016-12-14T08:46:42","guid":{"rendered":"https:\/\/dev.tg4.ie\/en\/?page_id=36657"},"modified":"2024-12-10T11:41:12","modified_gmt":"2024-12-10T11:41:12","slug":"singer-of-the-year","status":"publish","type":"page","link":"https:\/\/dev.tg4.ie\/en\/other-brands\/gradam-ceoil\/previous-winners\/singer-of-the-year\/","title":{"rendered":"Singer of the Year"},"content":{"rendered":"<h2>TG4 Singer of the Year Award<\/h2>\n<p>The importance of traditional singing as an integral part of the  traditional Irish music world is recognised by the annual presentation  of the singer&#8217;s award. Whether singing in Irish or English, from rural  or urban environments, all these wonderful singers have a true  understanding of how crucial it is to carry our oral tradition into the  next generations.<\/p>\n<ul>\n<li>2001 &#8211; <strong>Ciar\u00e1n \u00d3 Gealbh\u00e1in<\/strong>, Co. Waterford<\/li>\n<li>2002 &#8211; <strong>Len Graham<\/strong>, Co. Antrim<\/li>\n<li>2003 &#8211; <strong>Frank Harte<\/strong>, Dublin<\/li>\n<li>2004 &#8211; <strong>Rosie Stewart<\/strong>, Co. Fermanagh<\/li>\n<li>2005 &#8211; <strong>Maighread N\u00ed Dhomhnaill<\/strong>, Co. Donegal<\/li>\n<li>2006 &#8211; <strong>Se\u00e1n Garvey<\/strong>, Co. Kerry<\/li>\n<li>2007 &#8211; <strong>Dara B\u00e1n Mac Donnchadha<\/strong>, Galway<\/li>\n<li>2008 &#8211; <strong>Iarla \u00d3 Lion\u00e1ird<\/strong>, Co. Cork<\/li>\n<li>2009 &#8211; <strong>Sarah Ann O&#8217;Neill<\/strong>, Co. Tyrone<\/li>\n<li>2010 &#8211; <strong>Cathal McConnell<\/strong>, Co. Fermanagh<\/li>\n<li>2011 &#8211; <strong>Muireann Nic Amhlaoibh<\/strong>, Co. Kerry<\/li>\n<li>2012 &#8211; <strong>Nell N\u00ed Chr\u00f3in\u00edn<\/strong>, Co. Cork<\/li>\n<li>2013 &#8211; <strong>S\u00e9amus \u00d3 Beaglaoich<\/strong>, Co. Kerry<\/li>\n<li>2014 &#8211; <strong>Nan Tom Taim\u00edn de B\u00farca<\/strong>, Co. Galway<\/li>\n<li>2015 &#8211; <strong>Rois\u00edn White<\/strong>, Co. Down<\/li>\n<li>2016 &#8211; <strong>P\u00f3l \u00d3 Ceannabh\u00e1in<\/strong>, Co. Galway<\/li>\n<li>2017 &#8211; <strong>Rita Gallagher<\/strong>, Co. Donegal<\/li>\n<li>2018 &#8211; <strong>M\u00e1ire N\u00ed Ch\u00e9ileachair<\/strong>, Co. Cork<\/li>\n<li>2019 &#8211; <strong>Thomas McCarthy<\/strong>, London<\/li>\n<li>2020 &#8211; <strong>Lillis \u00d3 Laoire<\/strong>, Donegal<\/li>\n<li>2021 &#8211; <strong>Niall Hanna<\/strong>, Tyrone<\/li>\n<li>2022 &#8211; <strong>Sarah Ghriallais<\/strong>, Co. Galway<\/li>\n<li>2023 &#8211; <strong>S\u00edle Denvir<\/strong>, Co. Galway<\/li>\n<li>2024 &#8211; <strong>Eoghan \u00d3 Ceannabh\u00e1in<\/strong>, Co. Dublin<\/li>\n<\/ul>\n<p>&nbsp;<\/p>\n","protected":false},"excerpt":{"rendered":"<p>TG4 Singer of the Year Award The importance of traditional singing as an integral part of the traditional Irish music world is recognised by the annual presentation of the singer&#8217;s award. Whether singing in Irish or English, from rural or urban environments, all these wonderful singers have a true understanding of how crucial it is [&hellip;]<\/p>\n","protected":false},"author":4,"featured_media":37609,"parent":36631,"menu_order":4,"comment_status":"closed","ping_status":"closed","template":"page-templates\/template-corporate.php","meta":{"_acf_changed":false,"footnotes":""},"acf":[],"yoast_head":"<!-- This site is optimized with the Yoast SEO plugin v22.6 - https:\/\/yoast.com\/wordpress\/plugins\/seo\/ -->\n<title>TG4 | Singer of the Year | Previous Winners | Gradam Ceoil TG4 | Other Brands | Irish Television Channel, S\u00fail Eile<\/title>\n<meta name=\"description\" content=\"A key part of Irish music, is the singer. View the full list of Gradam Ceoil &#039;Singer of the Year&#039; award here\" \/>\n<meta name=\"robots\" content=\"index, follow, max-snippet:-1, max-image-preview:large, max-video-preview:-1\" \/>\n<meta property=\"og:locale\" content=\"en_US\" \/>\n<meta property=\"og:type\" content=\"article\" \/>\n<meta property=\"og:title\" content=\"TG4 | Singer of the Year | Previous Winners | Gradam Ceoil TG4 | Other Brands | Irish Television Channel, S\u00fail Eile\" \/>\n<meta property=\"og:description\" content=\"A key part of Irish music, is the singer. View the full list of Gradam Ceoil &#039;Singer of the Year&#039; award here\" \/>\n<meta property=\"og:url\" content=\"https:\/\/dev.tg4.ie\/en\/other-brands\/gradam-ceoil\/previous-winners\/singer-of-the-year\/\" \/>\n<meta property=\"og:site_name\" content=\"TG4\" \/>\n<meta property=\"article:publisher\" content=\"https:\/\/www.facebook.com\/TG4TV\" \/>\n<meta property=\"article:modified_time\" content=\"2024-12-10T11:41:12+00:00\" \/>\n<meta property=\"og:image\" content=\"https:\/\/tg4-docs.s3.amazonaws.com\/tg4-redesign-2015\/wp-content\/uploads\/2016\/01\/Gradam-Ceoil-TG4-2017.jpg\" \/>\n\t<meta property=\"og:image:width\" content=\"1920\" \/>\n\t<meta property=\"og:image:height\" content=\"1080\" \/>\n\t<meta property=\"og:image:type\" content=\"image\/jpeg\" \/>\n<meta name=\"twitter:card\" content=\"summary_large_image\" \/>\n<meta name=\"twitter:site\" content=\"@TG4TV\" \/>\n<meta name=\"twitter:label1\" content=\"Est. reading time\" \/>\n\t<meta name=\"twitter:data1\" content=\"2 minutes\" \/>\n<script type=\"application\/ld+json\" class=\"yoast-schema-graph\">{\"@context\":\"https:\/\/schema.org\",\"@graph\":[{\"@type\":\"WebPage\",\"@id\":\"https:\/\/dev.tg4.ie\/en\/other-brands\/gradam-ceoil\/previous-winners\/singer-of-the-year\/\",\"url\":\"https:\/\/dev.tg4.ie\/en\/other-brands\/gradam-ceoil\/previous-winners\/singer-of-the-year\/\",\"name\":\"TG4 | Singer of the Year | Previous Winners | Gradam Ceoil TG4 | Other Brands | Irish Television Channel, S\u00fail Eile\",\"isPartOf\":{\"@id\":\"https:\/\/dev.tg4.ie\/en\/#website\"},\"primaryImageOfPage\":{\"@id\":\"https:\/\/dev.tg4.ie\/en\/other-brands\/gradam-ceoil\/previous-winners\/singer-of-the-year\/#primaryimage\"},\"image\":{\"@id\":\"https:\/\/dev.tg4.ie\/en\/other-brands\/gradam-ceoil\/previous-winners\/singer-of-the-year\/#primaryimage\"},\"thumbnailUrl\":\"https:\/\/tg4-docs.s3.amazonaws.com\/tg4-redesign-2015\/wp-content\/uploads\/2016\/01\/Gradam-Ceoil-TG4-2017.jpg\",\"datePublished\":\"2016-12-14T08:46:42+00:00\",\"dateModified\":\"2024-12-10T11:41:12+00:00\",\"description\":\"A key part of Irish music, is the singer. View the full list of Gradam Ceoil 'Singer of the Year' award here\",\"breadcrumb\":{\"@id\":\"https:\/\/dev.tg4.ie\/en\/other-brands\/gradam-ceoil\/previous-winners\/singer-of-the-year\/#breadcrumb\"},\"inLanguage\":\"en-ie\",\"potentialAction\":[{\"@type\":\"ReadAction\",\"target\":[\"https:\/\/dev.tg4.ie\/en\/other-brands\/gradam-ceoil\/previous-winners\/singer-of-the-year\/\"]}]},{\"@type\":\"ImageObject\",\"inLanguage\":\"en-ie\",\"@id\":\"https:\/\/dev.tg4.ie\/en\/other-brands\/gradam-ceoil\/previous-winners\/singer-of-the-year\/#primaryimage\",\"url\":\"https:\/\/tg4-docs.s3.amazonaws.com\/tg4-redesign-2015\/wp-content\/uploads\/2016\/01\/Gradam-Ceoil-TG4-2017.jpg\",\"contentUrl\":\"https:\/\/tg4-docs.s3.amazonaws.com\/tg4-redesign-2015\/wp-content\/uploads\/2016\/01\/Gradam-Ceoil-TG4-2017.jpg\",\"width\":1920,\"height\":1080,\"caption\":\"Gradam Ceoil TG4 2017\"},{\"@type\":\"BreadcrumbList\",\"@id\":\"https:\/\/dev.tg4.ie\/en\/other-brands\/gradam-ceoil\/previous-winners\/singer-of-the-year\/#breadcrumb\",\"itemListElement\":[{\"@type\":\"ListItem\",\"position\":1,\"name\":\"Home\",\"item\":\"https:\/\/dev.tg4.ie\/en\/\"},{\"@type\":\"ListItem\",\"position\":2,\"name\":\"Other Brands\",\"item\":\"https:\/\/dev.tg4.ie\/en\/other-brands\/\"},{\"@type\":\"ListItem\",\"position\":3,\"name\":\"Gradam Ceoil TG4\",\"item\":\"https:\/\/dev.tg4.ie\/en\/other-brands\/gradam-ceoil\/\"},{\"@type\":\"ListItem\",\"position\":4,\"name\":\"Previous Winners\",\"item\":\"https:\/\/dev.tg4.ie\/en\/other-brands\/gradam-ceoil\/previous-winners\/\"},{\"@type\":\"ListItem\",\"position\":5,\"name\":\"Singer of the Year\"}]},{\"@type\":\"WebSite\",\"@id\":\"https:\/\/dev.tg4.ie\/en\/#website\",\"url\":\"https:\/\/dev.tg4.ie\/en\/\",\"name\":\"TG4\",\"description\":\"S\u00fail Eile\",\"potentialAction\":[{\"@type\":\"SearchAction\",\"target\":{\"@type\":\"EntryPoint\",\"urlTemplate\":\"https:\/\/dev.tg4.ie\/en\/?s={search_term_string}\"},\"query-input\":\"required name=search_term_string\"}],\"inLanguage\":\"en-ie\"}]}<\/script>\n<!-- \/ Yoast SEO plugin. -->","yoast_head_json":{"title":"TG4 | Singer of the Year | Previous Winners | Gradam Ceoil TG4 | Other Brands | Irish Television Channel, S\u00fail Eile","description":"A key part of Irish music, is the singer. View the full list of Gradam Ceoil 'Singer of the Year' award here","robots":{"index":"index","follow":"follow","max-snippet":"max-snippet:-1","max-image-preview":"max-image-preview:large","max-video-preview":"max-video-preview:-1"},"og_locale":"en_US","og_type":"article","og_title":"TG4 | Singer of the Year | Previous Winners | Gradam Ceoil TG4 | Other Brands | Irish Television Channel, S\u00fail Eile","og_description":"A key part of Irish music, is the singer. View the full list of Gradam Ceoil 'Singer of the Year' award here","og_url":"https:\/\/dev.tg4.ie\/en\/other-brands\/gradam-ceoil\/previous-winners\/singer-of-the-year\/","og_site_name":"TG4","article_publisher":"https:\/\/www.facebook.com\/TG4TV","article_modified_time":"2024-12-10T11:41:12+00:00","og_image":[{"width":1920,"height":1080,"url":"https:\/\/tg4-docs.s3.amazonaws.com\/tg4-redesign-2015\/wp-content\/uploads\/2016\/01\/Gradam-Ceoil-TG4-2017.jpg","type":"image\/jpeg"}],"twitter_card":"summary_large_image","twitter_site":"@TG4TV","twitter_misc":{"Est. reading time":"2 minutes"},"schema":{"@context":"https:\/\/schema.org","@graph":[{"@type":"WebPage","@id":"https:\/\/dev.tg4.ie\/en\/other-brands\/gradam-ceoil\/previous-winners\/singer-of-the-year\/","url":"https:\/\/dev.tg4.ie\/en\/other-brands\/gradam-ceoil\/previous-winners\/singer-of-the-year\/","name":"TG4 | Singer of the Year | Previous Winners | Gradam Ceoil TG4 | Other Brands | Irish Television Channel, S\u00fail Eile","isPartOf":{"@id":"https:\/\/dev.tg4.ie\/en\/#website"},"primaryImageOfPage":{"@id":"https:\/\/dev.tg4.ie\/en\/other-brands\/gradam-ceoil\/previous-winners\/singer-of-the-year\/#primaryimage"},"image":{"@id":"https:\/\/dev.tg4.ie\/en\/other-brands\/gradam-ceoil\/previous-winners\/singer-of-the-year\/#primaryimage"},"thumbnailUrl":"https:\/\/tg4-docs.s3.amazonaws.com\/tg4-redesign-2015\/wp-content\/uploads\/2016\/01\/Gradam-Ceoil-TG4-2017.jpg","datePublished":"2016-12-14T08:46:42+00:00","dateModified":"2024-12-10T11:41:12+00:00","description":"A key part of Irish music, is the singer. View the full list of Gradam Ceoil 'Singer of the Year' award here","breadcrumb":{"@id":"https:\/\/dev.tg4.ie\/en\/other-brands\/gradam-ceoil\/previous-winners\/singer-of-the-year\/#breadcrumb"},"inLanguage":"en-ie","potentialAction":[{"@type":"ReadAction","target":["https:\/\/dev.tg4.ie\/en\/other-brands\/gradam-ceoil\/previous-winners\/singer-of-the-year\/"]}]},{"@type":"ImageObject","inLanguage":"en-ie","@id":"https:\/\/dev.tg4.ie\/en\/other-brands\/gradam-ceoil\/previous-winners\/singer-of-the-year\/#primaryimage","url":"https:\/\/tg4-docs.s3.amazonaws.com\/tg4-redesign-2015\/wp-content\/uploads\/2016\/01\/Gradam-Ceoil-TG4-2017.jpg","contentUrl":"https:\/\/tg4-docs.s3.amazonaws.com\/tg4-redesign-2015\/wp-content\/uploads\/2016\/01\/Gradam-Ceoil-TG4-2017.jpg","width":1920,"height":1080,"caption":"Gradam Ceoil TG4 2017"},{"@type":"BreadcrumbList","@id":"https:\/\/dev.tg4.ie\/en\/other-brands\/gradam-ceoil\/previous-winners\/singer-of-the-year\/#breadcrumb","itemListElement":[{"@type":"ListItem","position":1,"name":"Home","item":"https:\/\/dev.tg4.ie\/en\/"},{"@type":"ListItem","position":2,"name":"Other Brands","item":"https:\/\/dev.tg4.ie\/en\/other-brands\/"},{"@type":"ListItem","position":3,"name":"Gradam Ceoil TG4","item":"https:\/\/dev.tg4.ie\/en\/other-brands\/gradam-ceoil\/"},{"@type":"ListItem","position":4,"name":"Previous Winners","item":"https:\/\/dev.tg4.ie\/en\/other-brands\/gradam-ceoil\/previous-winners\/"},{"@type":"ListItem","position":5,"name":"Singer of the Year"}]},{"@type":"WebSite","@id":"https:\/\/dev.tg4.ie\/en\/#website","url":"https:\/\/dev.tg4.ie\/en\/","name":"TG4","description":"S\u00fail Eile","potentialAction":[{"@type":"SearchAction","target":{"@type":"EntryPoint","urlTemplate":"https:\/\/dev.tg4.ie\/en\/?s={search_term_string}"},"query-input":"required name=search_term_string"}],"inLanguage":"en-ie"}]}},"_links":{"self":[{"href":"https:\/\/dev.tg4.ie\/en\/wp-json\/wp\/v2\/pages\/36657"}],"collection":[{"href":"https:\/\/dev.tg4.ie\/en\/wp-json\/wp\/v2\/pages"}],"about":[{"href":"https:\/\/dev.tg4.ie\/en\/wp-json\/wp\/v2\/types\/page"}],"author":[{"embeddable":true,"href":"https:\/\/dev.tg4.ie\/en\/wp-json\/wp\/v2\/users\/4"}],"replies":[{"embeddable":true,"href":"https:\/\/dev.tg4.ie\/en\/wp-json\/wp\/v2\/comments?post=36657"}],"version-history":[{"count":0,"href":"https:\/\/dev.tg4.ie\/en\/wp-json\/wp\/v2\/pages\/36657\/revisions"}],"up":[{"embeddable":true,"href":"https:\/\/dev.tg4.ie\/en\/wp-json\/wp\/v2\/pages\/36631"}],"wp:featuredmedia":[{"embeddable":true,"href":"https:\/\/dev.tg4.ie\/en\/wp-json\/wp\/v2\/media\/37609"}],"wp:attachment":[{"href":"https:\/\/dev.tg4.ie\/en\/wp-json\/wp\/v2\/media?parent=36657"}],"curies":[{"name":"wp","href":"https:\/\/api.w.org\/{rel}","templated":true}]}}