{"id":36658,"date":"2016-12-14T08:46:55","date_gmt":"2016-12-14T08:46:55","guid":{"rendered":"https:\/\/dev.tg4.ie\/en\/?page_id=36658"},"modified":"2024-12-10T11:29:08","modified_gmt":"2024-12-10T11:29:08","slug":"special-contribution","status":"publish","type":"page","link":"https:\/\/dev.tg4.ie\/en\/other-brands\/gradam-ceoil\/previous-winners\/special-contribution\/","title":{"rendered":"Special Contribution"},"content":{"rendered":"<h2>Special Contribution Award<\/h2>\n<p>Gradam na gCeolt\u00f3ir\u00ed was first presented in 2006 to pay tribute to the dedication of those people who have worked tirelessly to ensure the preservation and dissemination of our traditional music, making certain that the next generation will always have access to the music of yesterday and today.<\/p>\n<ul>\n<li>2006 &#8211; <strong>Proinsias \u00d3 Conluain<\/strong>, Co. Tyrone<\/li>\n<li>2007 &#8211; <strong>Ciar\u00e1n Mac Math\u00fana<\/strong>, Limerick<\/li>\n<li>2008 &#8211; <strong>Harry Bradshaw<\/strong>, Co. Wicklow<\/li>\n<li>2009 &#8211; <strong>Reg Hall<\/strong>, Kent, England<\/li>\n<li>2010 &#8211; <strong>Muiris \u00d3 R\u00f3ch\u00e1in<\/strong>, Co. Kerry<\/li>\n<li>2011 &#8211; <strong>Miche\u00e1l \u00d3 S\u00failleabh\u00e1in<\/strong>, Co. Tipperary<\/li>\n<li>2012 &#8211; <strong>Eithne agus Brian Vallely<\/strong>, Co. Armagh<\/li>\n<li>2013 &#8211; <strong>Na P\u00edobair\u00ed Uilleann<\/strong><\/li>\n<li>2014 &#8211; <strong>Mick Moloney<\/strong>, Co. Limerick<\/li>\n<li>2015 &#8211; <strong>Taisce Cheol D\u00fachais \u00c9ireann<\/strong><\/li>\n<li>2016 &#8211; <strong>Cairde na Cruite<\/strong><\/li>\n<li>2017 &#8211; <strong>Mick O&#8217;Connor<\/strong>, Co. Dublin<\/li>\n<li>2018 &#8211; <strong>P\u00e1draig\u00edn N\u00ed Uallach\u00e1in<\/strong>, Co. Armagh<\/li>\n<li>2019 &#8211; <strong>Brendan Mulkere<\/strong>, Co. Clare<\/li>\n<li>2020 &#8211; <strong>Ned Kelly<\/strong>, Co. Tipperary<\/li>\n<li>2021 &#8211; <strong>The Glengormley School of Traditional Music<\/strong>, Co. Antrim<\/li>\n<li>2022 &#8211; <strong>Edwina Guckian<\/strong>, Co. Leitrim<\/li>\n<li>2023 &#8211; <strong>Frank McArdle<\/strong>, Glasgow<\/li>\n<li>2024 &#8211; <strong>Cairdeas na bhFidil\u00e9ir\u00ed<\/strong>, Donegal<\/li>\n<\/ul>\n<p>&nbsp;<\/p>\n","protected":false},"excerpt":{"rendered":"<p>Special Contribution Award Gradam na gCeolt\u00f3ir\u00ed was first presented in 2006 to pay tribute to the dedication of those people who have worked tirelessly to ensure the preservation and dissemination of our traditional music, making certain that the next generation will always have access to the music of yesterday and today. 2006 &#8211; Proinsias \u00d3 [&hellip;]<\/p>\n","protected":false},"author":4,"featured_media":37609,"parent":36631,"menu_order":5,"comment_status":"closed","ping_status":"closed","template":"page-templates\/template-corporate.php","meta":{"_acf_changed":false,"footnotes":""},"acf":[],"yoast_head":"<!-- This site is optimized with the Yoast SEO plugin v22.6 - https:\/\/yoast.com\/wordpress\/plugins\/seo\/ -->\n<title>TG4 | Special Contribution | Previous Winners | Gradam Ceoil TG4 | Other Brands | Irish Television Channel, S\u00fail Eile<\/title>\n<meta name=\"description\" content=\"The Special Contribution Award is designed for those who work tirelessly to keep Irish music alive, view the list of winners\" \/>\n<meta name=\"robots\" content=\"index, follow, max-snippet:-1, max-image-preview:large, max-video-preview:-1\" \/>\n<meta property=\"og:locale\" content=\"en_US\" \/>\n<meta property=\"og:type\" content=\"article\" \/>\n<meta property=\"og:title\" content=\"TG4 | Special Contribution | Previous Winners | Gradam Ceoil TG4 | Other Brands | Irish Television Channel, S\u00fail Eile\" \/>\n<meta property=\"og:description\" content=\"The Special Contribution Award is designed for those who work tirelessly to keep Irish music alive, view the list of winners\" \/>\n<meta property=\"og:url\" content=\"https:\/\/dev.tg4.ie\/en\/other-brands\/gradam-ceoil\/previous-winners\/special-contribution\/\" \/>\n<meta property=\"og:site_name\" content=\"TG4\" \/>\n<meta property=\"article:publisher\" content=\"https:\/\/www.facebook.com\/TG4TV\" \/>\n<meta property=\"article:modified_time\" content=\"2024-12-10T11:29:08+00:00\" \/>\n<meta property=\"og:image\" content=\"https:\/\/tg4-docs.s3.amazonaws.com\/tg4-redesign-2015\/wp-content\/uploads\/2016\/01\/Gradam-Ceoil-TG4-2017.jpg\" \/>\n\t<meta property=\"og:image:width\" content=\"1920\" \/>\n\t<meta property=\"og:image:height\" content=\"1080\" \/>\n\t<meta property=\"og:image:type\" content=\"image\/jpeg\" \/>\n<meta name=\"twitter:card\" content=\"summary_large_image\" \/>\n<meta name=\"twitter:site\" content=\"@TG4TV\" \/>\n<meta name=\"twitter:label1\" content=\"Est. reading time\" \/>\n\t<meta name=\"twitter:data1\" content=\"1 minute\" \/>\n<script type=\"application\/ld+json\" class=\"yoast-schema-graph\">{\"@context\":\"https:\/\/schema.org\",\"@graph\":[{\"@type\":\"WebPage\",\"@id\":\"https:\/\/dev.tg4.ie\/en\/other-brands\/gradam-ceoil\/previous-winners\/special-contribution\/\",\"url\":\"https:\/\/dev.tg4.ie\/en\/other-brands\/gradam-ceoil\/previous-winners\/special-contribution\/\",\"name\":\"TG4 | Special Contribution | Previous Winners | Gradam Ceoil TG4 | Other Brands | Irish Television Channel, S\u00fail Eile\",\"isPartOf\":{\"@id\":\"https:\/\/dev.tg4.ie\/en\/#website\"},\"primaryImageOfPage\":{\"@id\":\"https:\/\/dev.tg4.ie\/en\/other-brands\/gradam-ceoil\/previous-winners\/special-contribution\/#primaryimage\"},\"image\":{\"@id\":\"https:\/\/dev.tg4.ie\/en\/other-brands\/gradam-ceoil\/previous-winners\/special-contribution\/#primaryimage\"},\"thumbnailUrl\":\"https:\/\/tg4-docs.s3.amazonaws.com\/tg4-redesign-2015\/wp-content\/uploads\/2016\/01\/Gradam-Ceoil-TG4-2017.jpg\",\"datePublished\":\"2016-12-14T08:46:55+00:00\",\"dateModified\":\"2024-12-10T11:29:08+00:00\",\"description\":\"The Special Contribution Award is designed for those who work tirelessly to keep Irish music alive, view the list of winners\",\"breadcrumb\":{\"@id\":\"https:\/\/dev.tg4.ie\/en\/other-brands\/gradam-ceoil\/previous-winners\/special-contribution\/#breadcrumb\"},\"inLanguage\":\"en-ie\",\"potentialAction\":[{\"@type\":\"ReadAction\",\"target\":[\"https:\/\/dev.tg4.ie\/en\/other-brands\/gradam-ceoil\/previous-winners\/special-contribution\/\"]}]},{\"@type\":\"ImageObject\",\"inLanguage\":\"en-ie\",\"@id\":\"https:\/\/dev.tg4.ie\/en\/other-brands\/gradam-ceoil\/previous-winners\/special-contribution\/#primaryimage\",\"url\":\"https:\/\/tg4-docs.s3.amazonaws.com\/tg4-redesign-2015\/wp-content\/uploads\/2016\/01\/Gradam-Ceoil-TG4-2017.jpg\",\"contentUrl\":\"https:\/\/tg4-docs.s3.amazonaws.com\/tg4-redesign-2015\/wp-content\/uploads\/2016\/01\/Gradam-Ceoil-TG4-2017.jpg\",\"width\":1920,\"height\":1080,\"caption\":\"Gradam Ceoil TG4 2017\"},{\"@type\":\"BreadcrumbList\",\"@id\":\"https:\/\/dev.tg4.ie\/en\/other-brands\/gradam-ceoil\/previous-winners\/special-contribution\/#breadcrumb\",\"itemListElement\":[{\"@type\":\"ListItem\",\"position\":1,\"name\":\"Home\",\"item\":\"https:\/\/dev.tg4.ie\/en\/\"},{\"@type\":\"ListItem\",\"position\":2,\"name\":\"Other Brands\",\"item\":\"https:\/\/dev.tg4.ie\/en\/other-brands\/\"},{\"@type\":\"ListItem\",\"position\":3,\"name\":\"Gradam Ceoil TG4\",\"item\":\"https:\/\/dev.tg4.ie\/en\/other-brands\/gradam-ceoil\/\"},{\"@type\":\"ListItem\",\"position\":4,\"name\":\"Previous Winners\",\"item\":\"https:\/\/dev.tg4.ie\/en\/other-brands\/gradam-ceoil\/previous-winners\/\"},{\"@type\":\"ListItem\",\"position\":5,\"name\":\"Special Contribution\"}]},{\"@type\":\"WebSite\",\"@id\":\"https:\/\/dev.tg4.ie\/en\/#website\",\"url\":\"https:\/\/dev.tg4.ie\/en\/\",\"name\":\"TG4\",\"description\":\"S\u00fail Eile\",\"potentialAction\":[{\"@type\":\"SearchAction\",\"target\":{\"@type\":\"EntryPoint\",\"urlTemplate\":\"https:\/\/dev.tg4.ie\/en\/?s={search_term_string}\"},\"query-input\":\"required name=search_term_string\"}],\"inLanguage\":\"en-ie\"}]}<\/script>\n<!-- \/ Yoast SEO plugin. -->","yoast_head_json":{"title":"TG4 | Special Contribution | Previous Winners | Gradam Ceoil TG4 | Other Brands | Irish Television Channel, S\u00fail Eile","description":"The Special Contribution Award is designed for those who work tirelessly to keep Irish music alive, view the list of winners","robots":{"index":"index","follow":"follow","max-snippet":"max-snippet:-1","max-image-preview":"max-image-preview:large","max-video-preview":"max-video-preview:-1"},"og_locale":"en_US","og_type":"article","og_title":"TG4 | Special Contribution | Previous Winners | Gradam Ceoil TG4 | Other Brands | Irish Television Channel, S\u00fail Eile","og_description":"The Special Contribution Award is designed for those who work tirelessly to keep Irish music alive, view the list of winners","og_url":"https:\/\/dev.tg4.ie\/en\/other-brands\/gradam-ceoil\/previous-winners\/special-contribution\/","og_site_name":"TG4","article_publisher":"https:\/\/www.facebook.com\/TG4TV","article_modified_time":"2024-12-10T11:29:08+00:00","og_image":[{"width":1920,"height":1080,"url":"https:\/\/tg4-docs.s3.amazonaws.com\/tg4-redesign-2015\/wp-content\/uploads\/2016\/01\/Gradam-Ceoil-TG4-2017.jpg","type":"image\/jpeg"}],"twitter_card":"summary_large_image","twitter_site":"@TG4TV","twitter_misc":{"Est. reading time":"1 minute"},"schema":{"@context":"https:\/\/schema.org","@graph":[{"@type":"WebPage","@id":"https:\/\/dev.tg4.ie\/en\/other-brands\/gradam-ceoil\/previous-winners\/special-contribution\/","url":"https:\/\/dev.tg4.ie\/en\/other-brands\/gradam-ceoil\/previous-winners\/special-contribution\/","name":"TG4 | Special Contribution | Previous Winners | Gradam Ceoil TG4 | Other Brands | Irish Television Channel, S\u00fail Eile","isPartOf":{"@id":"https:\/\/dev.tg4.ie\/en\/#website"},"primaryImageOfPage":{"@id":"https:\/\/dev.tg4.ie\/en\/other-brands\/gradam-ceoil\/previous-winners\/special-contribution\/#primaryimage"},"image":{"@id":"https:\/\/dev.tg4.ie\/en\/other-brands\/gradam-ceoil\/previous-winners\/special-contribution\/#primaryimage"},"thumbnailUrl":"https:\/\/tg4-docs.s3.amazonaws.com\/tg4-redesign-2015\/wp-content\/uploads\/2016\/01\/Gradam-Ceoil-TG4-2017.jpg","datePublished":"2016-12-14T08:46:55+00:00","dateModified":"2024-12-10T11:29:08+00:00","description":"The Special Contribution Award is designed for those who work tirelessly to keep Irish music alive, view the list of winners","breadcrumb":{"@id":"https:\/\/dev.tg4.ie\/en\/other-brands\/gradam-ceoil\/previous-winners\/special-contribution\/#breadcrumb"},"inLanguage":"en-ie","potentialAction":[{"@type":"ReadAction","target":["https:\/\/dev.tg4.ie\/en\/other-brands\/gradam-ceoil\/previous-winners\/special-contribution\/"]}]},{"@type":"ImageObject","inLanguage":"en-ie","@id":"https:\/\/dev.tg4.ie\/en\/other-brands\/gradam-ceoil\/previous-winners\/special-contribution\/#primaryimage","url":"https:\/\/tg4-docs.s3.amazonaws.com\/tg4-redesign-2015\/wp-content\/uploads\/2016\/01\/Gradam-Ceoil-TG4-2017.jpg","contentUrl":"https:\/\/tg4-docs.s3.amazonaws.com\/tg4-redesign-2015\/wp-content\/uploads\/2016\/01\/Gradam-Ceoil-TG4-2017.jpg","width":1920,"height":1080,"caption":"Gradam Ceoil TG4 2017"},{"@type":"BreadcrumbList","@id":"https:\/\/dev.tg4.ie\/en\/other-brands\/gradam-ceoil\/previous-winners\/special-contribution\/#breadcrumb","itemListElement":[{"@type":"ListItem","position":1,"name":"Home","item":"https:\/\/dev.tg4.ie\/en\/"},{"@type":"ListItem","position":2,"name":"Other Brands","item":"https:\/\/dev.tg4.ie\/en\/other-brands\/"},{"@type":"ListItem","position":3,"name":"Gradam Ceoil TG4","item":"https:\/\/dev.tg4.ie\/en\/other-brands\/gradam-ceoil\/"},{"@type":"ListItem","position":4,"name":"Previous Winners","item":"https:\/\/dev.tg4.ie\/en\/other-brands\/gradam-ceoil\/previous-winners\/"},{"@type":"ListItem","position":5,"name":"Special Contribution"}]},{"@type":"WebSite","@id":"https:\/\/dev.tg4.ie\/en\/#website","url":"https:\/\/dev.tg4.ie\/en\/","name":"TG4","description":"S\u00fail Eile","potentialAction":[{"@type":"SearchAction","target":{"@type":"EntryPoint","urlTemplate":"https:\/\/dev.tg4.ie\/en\/?s={search_term_string}"},"query-input":"required name=search_term_string"}],"inLanguage":"en-ie"}]}},"_links":{"self":[{"href":"https:\/\/dev.tg4.ie\/en\/wp-json\/wp\/v2\/pages\/36658"}],"collection":[{"href":"https:\/\/dev.tg4.ie\/en\/wp-json\/wp\/v2\/pages"}],"about":[{"href":"https:\/\/dev.tg4.ie\/en\/wp-json\/wp\/v2\/types\/page"}],"author":[{"embeddable":true,"href":"https:\/\/dev.tg4.ie\/en\/wp-json\/wp\/v2\/users\/4"}],"replies":[{"embeddable":true,"href":"https:\/\/dev.tg4.ie\/en\/wp-json\/wp\/v2\/comments?post=36658"}],"version-history":[{"count":0,"href":"https:\/\/dev.tg4.ie\/en\/wp-json\/wp\/v2\/pages\/36658\/revisions"}],"up":[{"embeddable":true,"href":"https:\/\/dev.tg4.ie\/en\/wp-json\/wp\/v2\/pages\/36631"}],"wp:featuredmedia":[{"embeddable":true,"href":"https:\/\/dev.tg4.ie\/en\/wp-json\/wp\/v2\/media\/37609"}],"wp:attachment":[{"href":"https:\/\/dev.tg4.ie\/en\/wp-json\/wp\/v2\/media?parent=36658"}],"curies":[{"name":"wp","href":"https:\/\/api.w.org\/{rel}","templated":true}]}}