{"id":37568,"date":"2016-12-14T08:47:03","date_gmt":"2016-12-14T08:47:03","guid":{"rendered":"https:\/\/dev.tg4.ie\/en\/?page_id=37568"},"modified":"2024-03-05T12:03:35","modified_gmt":"2024-03-05T12:03:35","slug":"about-gradam-ceoil","status":"publish","type":"page","link":"https:\/\/dev.tg4.ie\/en\/other-brands\/gradam-ceoil\/about-gradam-ceoil\/","title":{"rendered":"About Gradam Ceoil"},"content":{"rendered":"<h2>Gradam Ceoil TG4<\/h2>\n<p>TG4 Gradam Ceoil was established in 1998 to recognise, honour and thank all those who have played a prominent part in supporting, nurturing and strengthening Irish traditional music. Our living tradition is renowned across the world as a core element of Ireland\u2019s identity and image as a creative and cultural nation. TG4 Gradam Ceoil shines a light on the beautiful richness, depth and dynamism of our traditional music, and gives a public platform to those performers of all ages, from Ireland and across the world, who are making their mark on this ancient artform which thrives as a contemporary music.<\/p>\n<p>The Gradam Ceoil is awarded annually at a major concert which features the recipients playing with friends and family. This is a live brioadcast, which adds considerably to the buzz and the atmosphere of the event, and Gradam Ceoil has pride of place as one of TG4\u2019s broadcast highlights of the year.<\/p>\n<p>A voluntary selection panel, appointed by TG4, selects the recipients of Gradam Ceoil and members are appointed to the panel based on their expertise in traditional music as a living tradition.<br \/>\nSince the inception of the award in 1998, TG4 has appointed the following experts to participate in the selection of Gradam Ceoil recipients: Meait\u00ed Joe Sh\u00e9amuis \u00d3 F\u00e1tharta, Fintan Vallely, Pat Ahern, Kevin Crawford, Ann Mulqueen, \u00c1ine Hensey, Cathal Goan, Breannd\u00e1n \u00d3 Beaglaoich, Mary McPartlan, Robbie Hannan, Proinsias N\u00ed Ghr\u00e1inne, Muiris \u00d3 R\u00f3ch\u00e1in, Claire Keville, Liz Doherty, Mary Bergin, Caoimh\u00edn \u00d3 Raghallaigh, Niamh de B\u00farca, Ciar\u00e1n \u00d3 Gealbh\u00e1in, \u00dana Monaghan, Muireann Nic Amhlaoibh, Conor Byrne, Caoimh\u00edn O Fearghail, John Blake, Dermot McLaughlin and Neansa\u00ed N\u00ed Choisdealbha.<\/p>\n","protected":false},"excerpt":{"rendered":"<p>Gradam Ceoil TG4 TG4 Gradam Ceoil was established in 1998 to recognise, honour and thank all those who have played a prominent part in supporting, nurturing and strengthening Irish traditional music. Our living tradition is renowned across the world as a core element of Ireland\u2019s identity and image as a creative and cultural nation. TG4 [&hellip;]<\/p>\n","protected":false},"author":4,"featured_media":37609,"parent":12968,"menu_order":1,"comment_status":"closed","ping_status":"closed","template":"page-templates\/template-corporate.php","meta":{"_acf_changed":false,"footnotes":""},"acf":[],"yoast_head":"<!-- This site is optimized with the Yoast SEO plugin v22.6 - https:\/\/yoast.com\/wordpress\/plugins\/seo\/ -->\n<title>Gradam Ceoil TG4 - Irish Traditional Music Awards | TG4<\/title>\n<meta name=\"description\" content=\"Gradam Ceoil TG4 - Irish Traditional Music Awards. The &quot;Oscars&quot; of traditional music in Ireland and worldwide.\" \/>\n<meta name=\"robots\" content=\"index, follow, max-snippet:-1, max-image-preview:large, max-video-preview:-1\" \/>\n<meta property=\"og:locale\" content=\"en_US\" \/>\n<meta property=\"og:type\" content=\"article\" \/>\n<meta property=\"og:title\" content=\"Gradam Ceoil TG4 - Irish Traditional Music Awards | TG4\" \/>\n<meta property=\"og:description\" content=\"Gradam Ceoil TG4 - Irish Traditional Music Awards. The &quot;Oscars&quot; of traditional music in Ireland and worldwide.\" \/>\n<meta property=\"og:url\" content=\"https:\/\/dev.tg4.ie\/en\/other-brands\/gradam-ceoil\/about-gradam-ceoil\/\" \/>\n<meta property=\"og:site_name\" content=\"TG4\" \/>\n<meta property=\"article:publisher\" content=\"https:\/\/www.facebook.com\/TG4TV\" \/>\n<meta property=\"article:modified_time\" content=\"2024-03-05T12:03:35+00:00\" \/>\n<meta property=\"og:image\" content=\"https:\/\/tg4-docs.s3.amazonaws.com\/tg4-redesign-2015\/wp-content\/uploads\/2016\/01\/Gradam-Ceoil-TG4-2017.jpg\" \/>\n\t<meta property=\"og:image:width\" content=\"1920\" \/>\n\t<meta property=\"og:image:height\" content=\"1080\" \/>\n\t<meta property=\"og:image:type\" content=\"image\/jpeg\" \/>\n<meta name=\"twitter:card\" content=\"summary_large_image\" \/>\n<meta name=\"twitter:site\" content=\"@TG4TV\" \/>\n<meta name=\"twitter:label1\" content=\"Est. reading time\" \/>\n\t<meta name=\"twitter:data1\" content=\"2 minutes\" \/>\n<script type=\"application\/ld+json\" class=\"yoast-schema-graph\">{\"@context\":\"https:\/\/schema.org\",\"@graph\":[{\"@type\":\"WebPage\",\"@id\":\"https:\/\/dev.tg4.ie\/en\/other-brands\/gradam-ceoil\/about-gradam-ceoil\/\",\"url\":\"https:\/\/dev.tg4.ie\/en\/other-brands\/gradam-ceoil\/about-gradam-ceoil\/\",\"name\":\"Gradam Ceoil TG4 - Irish Traditional Music Awards | TG4\",\"isPartOf\":{\"@id\":\"https:\/\/dev.tg4.ie\/en\/#website\"},\"primaryImageOfPage\":{\"@id\":\"https:\/\/dev.tg4.ie\/en\/other-brands\/gradam-ceoil\/about-gradam-ceoil\/#primaryimage\"},\"image\":{\"@id\":\"https:\/\/dev.tg4.ie\/en\/other-brands\/gradam-ceoil\/about-gradam-ceoil\/#primaryimage\"},\"thumbnailUrl\":\"https:\/\/tg4-docs.s3.amazonaws.com\/tg4-redesign-2015\/wp-content\/uploads\/2016\/01\/Gradam-Ceoil-TG4-2017.jpg\",\"datePublished\":\"2016-12-14T08:47:03+00:00\",\"dateModified\":\"2024-03-05T12:03:35+00:00\",\"description\":\"Gradam Ceoil TG4 - Irish Traditional Music Awards. The \\\"Oscars\\\" of traditional music in Ireland and worldwide.\",\"breadcrumb\":{\"@id\":\"https:\/\/dev.tg4.ie\/en\/other-brands\/gradam-ceoil\/about-gradam-ceoil\/#breadcrumb\"},\"inLanguage\":\"en-ie\",\"potentialAction\":[{\"@type\":\"ReadAction\",\"target\":[\"https:\/\/dev.tg4.ie\/en\/other-brands\/gradam-ceoil\/about-gradam-ceoil\/\"]}]},{\"@type\":\"ImageObject\",\"inLanguage\":\"en-ie\",\"@id\":\"https:\/\/dev.tg4.ie\/en\/other-brands\/gradam-ceoil\/about-gradam-ceoil\/#primaryimage\",\"url\":\"https:\/\/tg4-docs.s3.amazonaws.com\/tg4-redesign-2015\/wp-content\/uploads\/2016\/01\/Gradam-Ceoil-TG4-2017.jpg\",\"contentUrl\":\"https:\/\/tg4-docs.s3.amazonaws.com\/tg4-redesign-2015\/wp-content\/uploads\/2016\/01\/Gradam-Ceoil-TG4-2017.jpg\",\"width\":1920,\"height\":1080,\"caption\":\"Gradam Ceoil TG4 2017\"},{\"@type\":\"BreadcrumbList\",\"@id\":\"https:\/\/dev.tg4.ie\/en\/other-brands\/gradam-ceoil\/about-gradam-ceoil\/#breadcrumb\",\"itemListElement\":[{\"@type\":\"ListItem\",\"position\":1,\"name\":\"Home\",\"item\":\"https:\/\/dev.tg4.ie\/en\/\"},{\"@type\":\"ListItem\",\"position\":2,\"name\":\"Other Brands\",\"item\":\"https:\/\/dev.tg4.ie\/en\/other-brands\/\"},{\"@type\":\"ListItem\",\"position\":3,\"name\":\"Gradam Ceoil TG4\",\"item\":\"https:\/\/dev.tg4.ie\/en\/other-brands\/gradam-ceoil\/\"},{\"@type\":\"ListItem\",\"position\":4,\"name\":\"About Gradam Ceoil\"}]},{\"@type\":\"WebSite\",\"@id\":\"https:\/\/dev.tg4.ie\/en\/#website\",\"url\":\"https:\/\/dev.tg4.ie\/en\/\",\"name\":\"TG4\",\"description\":\"S\u00fail Eile\",\"potentialAction\":[{\"@type\":\"SearchAction\",\"target\":{\"@type\":\"EntryPoint\",\"urlTemplate\":\"https:\/\/dev.tg4.ie\/en\/?s={search_term_string}\"},\"query-input\":\"required name=search_term_string\"}],\"inLanguage\":\"en-ie\"}]}<\/script>\n<!-- \/ Yoast SEO plugin. -->","yoast_head_json":{"title":"Gradam Ceoil TG4 - Irish Traditional Music Awards | TG4","description":"Gradam Ceoil TG4 - Irish Traditional Music Awards. The \"Oscars\" of traditional music in Ireland and worldwide.","robots":{"index":"index","follow":"follow","max-snippet":"max-snippet:-1","max-image-preview":"max-image-preview:large","max-video-preview":"max-video-preview:-1"},"og_locale":"en_US","og_type":"article","og_title":"Gradam Ceoil TG4 - Irish Traditional Music Awards | TG4","og_description":"Gradam Ceoil TG4 - Irish Traditional Music Awards. The \"Oscars\" of traditional music in Ireland and worldwide.","og_url":"https:\/\/dev.tg4.ie\/en\/other-brands\/gradam-ceoil\/about-gradam-ceoil\/","og_site_name":"TG4","article_publisher":"https:\/\/www.facebook.com\/TG4TV","article_modified_time":"2024-03-05T12:03:35+00:00","og_image":[{"width":1920,"height":1080,"url":"https:\/\/tg4-docs.s3.amazonaws.com\/tg4-redesign-2015\/wp-content\/uploads\/2016\/01\/Gradam-Ceoil-TG4-2017.jpg","type":"image\/jpeg"}],"twitter_card":"summary_large_image","twitter_site":"@TG4TV","twitter_misc":{"Est. reading time":"2 minutes"},"schema":{"@context":"https:\/\/schema.org","@graph":[{"@type":"WebPage","@id":"https:\/\/dev.tg4.ie\/en\/other-brands\/gradam-ceoil\/about-gradam-ceoil\/","url":"https:\/\/dev.tg4.ie\/en\/other-brands\/gradam-ceoil\/about-gradam-ceoil\/","name":"Gradam Ceoil TG4 - Irish Traditional Music Awards | TG4","isPartOf":{"@id":"https:\/\/dev.tg4.ie\/en\/#website"},"primaryImageOfPage":{"@id":"https:\/\/dev.tg4.ie\/en\/other-brands\/gradam-ceoil\/about-gradam-ceoil\/#primaryimage"},"image":{"@id":"https:\/\/dev.tg4.ie\/en\/other-brands\/gradam-ceoil\/about-gradam-ceoil\/#primaryimage"},"thumbnailUrl":"https:\/\/tg4-docs.s3.amazonaws.com\/tg4-redesign-2015\/wp-content\/uploads\/2016\/01\/Gradam-Ceoil-TG4-2017.jpg","datePublished":"2016-12-14T08:47:03+00:00","dateModified":"2024-03-05T12:03:35+00:00","description":"Gradam Ceoil TG4 - Irish Traditional Music Awards. The \"Oscars\" of traditional music in Ireland and worldwide.","breadcrumb":{"@id":"https:\/\/dev.tg4.ie\/en\/other-brands\/gradam-ceoil\/about-gradam-ceoil\/#breadcrumb"},"inLanguage":"en-ie","potentialAction":[{"@type":"ReadAction","target":["https:\/\/dev.tg4.ie\/en\/other-brands\/gradam-ceoil\/about-gradam-ceoil\/"]}]},{"@type":"ImageObject","inLanguage":"en-ie","@id":"https:\/\/dev.tg4.ie\/en\/other-brands\/gradam-ceoil\/about-gradam-ceoil\/#primaryimage","url":"https:\/\/tg4-docs.s3.amazonaws.com\/tg4-redesign-2015\/wp-content\/uploads\/2016\/01\/Gradam-Ceoil-TG4-2017.jpg","contentUrl":"https:\/\/tg4-docs.s3.amazonaws.com\/tg4-redesign-2015\/wp-content\/uploads\/2016\/01\/Gradam-Ceoil-TG4-2017.jpg","width":1920,"height":1080,"caption":"Gradam Ceoil TG4 2017"},{"@type":"BreadcrumbList","@id":"https:\/\/dev.tg4.ie\/en\/other-brands\/gradam-ceoil\/about-gradam-ceoil\/#breadcrumb","itemListElement":[{"@type":"ListItem","position":1,"name":"Home","item":"https:\/\/dev.tg4.ie\/en\/"},{"@type":"ListItem","position":2,"name":"Other Brands","item":"https:\/\/dev.tg4.ie\/en\/other-brands\/"},{"@type":"ListItem","position":3,"name":"Gradam Ceoil TG4","item":"https:\/\/dev.tg4.ie\/en\/other-brands\/gradam-ceoil\/"},{"@type":"ListItem","position":4,"name":"About Gradam Ceoil"}]},{"@type":"WebSite","@id":"https:\/\/dev.tg4.ie\/en\/#website","url":"https:\/\/dev.tg4.ie\/en\/","name":"TG4","description":"S\u00fail Eile","potentialAction":[{"@type":"SearchAction","target":{"@type":"EntryPoint","urlTemplate":"https:\/\/dev.tg4.ie\/en\/?s={search_term_string}"},"query-input":"required name=search_term_string"}],"inLanguage":"en-ie"}]}},"_links":{"self":[{"href":"https:\/\/dev.tg4.ie\/en\/wp-json\/wp\/v2\/pages\/37568"}],"collection":[{"href":"https:\/\/dev.tg4.ie\/en\/wp-json\/wp\/v2\/pages"}],"about":[{"href":"https:\/\/dev.tg4.ie\/en\/wp-json\/wp\/v2\/types\/page"}],"author":[{"embeddable":true,"href":"https:\/\/dev.tg4.ie\/en\/wp-json\/wp\/v2\/users\/4"}],"replies":[{"embeddable":true,"href":"https:\/\/dev.tg4.ie\/en\/wp-json\/wp\/v2\/comments?post=37568"}],"version-history":[{"count":0,"href":"https:\/\/dev.tg4.ie\/en\/wp-json\/wp\/v2\/pages\/37568\/revisions"}],"up":[{"embeddable":true,"href":"https:\/\/dev.tg4.ie\/en\/wp-json\/wp\/v2\/pages\/12968"}],"wp:featuredmedia":[{"embeddable":true,"href":"https:\/\/dev.tg4.ie\/en\/wp-json\/wp\/v2\/media\/37609"}],"wp:attachment":[{"href":"https:\/\/dev.tg4.ie\/en\/wp-json\/wp\/v2\/media?parent=37568"}],"curies":[{"name":"wp","href":"https:\/\/api.w.org\/{rel}","templated":true}]}}