{"id":40350,"date":"2017-01-17T15:16:00","date_gmt":"2017-01-17T15:16:18","guid":{"rendered":"https:\/\/dev.tg4.ie\/en\/?page_id=40350"},"modified":"2019-06-25T09:27:41","modified_gmt":"2019-06-25T08:27:41","slug":"18-01-17","status":"publish","type":"page","link":"https:\/\/dev.tg4.ie\/en\/information\/press\/press-releases\/2017-2\/18-01-17\/","title":{"rendered":"18.01.17 &#8211; L\u00e1 na L\u00e9iritheoir\u00ed"},"content":{"rendered":"<p>As Ireland\u2019s only publisher\/broadcaster, TG4 works in a unique partnership with the independent production sector, from which it sources all of the channel\u2019s TV content.\u00a0 The new initiative sees TG4 offering producers the opportunity of bidding for multi-annual output deals across a range of programme genres with the successful applicants obtaining multi-annual contracts worth over a million euros each. This scale of production in output deals will allow companies to scale their operations and plan their finances in a way that is not the norm in the Irish TV production sector.<\/p>\n<p>The four programme genres on offer span a wide range of content (Programmes, <em>Gradam Ceoil TG4,<\/em> Drama and Arts). At today\u2019s briefing, producers were told that they have three months to research and draft their applications and scope out the productions before submitting their offer in late April <span><a href=\"https:\/\/dev.tg4.ie\/en\/production\/commissioning\/\" target=\"_blank\" rel=\"noopener noreferrer\">https:\/\/dev.tg4.ie\/en\/production\/commissioning\/<\/a><\/span><\/p>\n<p>Mr Esslemont took up his new post as head of TG4 in mid-October 2016.\u00a0 He had worked with Teilif\u00eds na Gaeilge for the first twelve years of its operation and oversaw the rebranding to TG4 before returning to his native Scotland in 2008 to work on the establishment of the Gaelic language channel<em> BBC ALBA<\/em>. At today\u2019s session in Galway he outlined the many benefits that this model has brought in other Celtic countries. He also emphasised that it offers Gaeltacht-based production companies the opportunity to develop and plan their future with some financial certainty:<\/p>\n<p>\u201c<em>These are uncertain times for the TV industry in Ireland and TG4 is very conscious of the need to offer our partners in the independent sector and in the Gaeltacht the opportunity to realise their undoubted potential.\u00a0 The model we are adopting provides the basis for planning and for partnership and to work together on maximising the public investment in this key component of the creative industries,\u201d <\/em>he said<em>.<\/em><\/p>\n<p>Mr Esslemont also confirmed that the channel will be seeking additional public funding from the Minister for Communications to allow it to restore the investment it makes in the independent sector to at least pre-recession levels.<\/p>\n","protected":false},"excerpt":{"rendered":"<p>As Ireland\u2019s only publisher\/broadcaster, TG4 works in a unique partnership with the independent production sector, from which it sources all of the channel\u2019s TV content.\u00a0 The new initiative sees TG4 offering producers the opportunity of bidding for multi-annual output deals across a range of programme genres with the successful applicants obtaining multi-annual contracts worth over [&hellip;]<\/p>\n","protected":false},"author":4,"featured_media":5139,"parent":40344,"menu_order":0,"comment_status":"closed","ping_status":"closed","template":"page-templates\/template-pr.php","meta":{"_acf_changed":false,"footnotes":""},"acf":[],"yoast_head":"<!-- This site is optimized with the Yoast SEO plugin v22.6 - https:\/\/yoast.com\/wordpress\/plugins\/seo\/ -->\n<title>18.01.17 - L\u00e1 na L\u00e9iritheoir\u00ed - TG4<\/title>\n<meta name=\"robots\" content=\"index, follow, max-snippet:-1, max-image-preview:large, max-video-preview:-1\" \/>\n<meta property=\"og:locale\" content=\"en_US\" \/>\n<meta property=\"og:type\" content=\"article\" \/>\n<meta property=\"og:title\" content=\"18.01.17 - L\u00e1 na L\u00e9iritheoir\u00ed - TG4\" \/>\n<meta property=\"og:description\" content=\"As Ireland\u2019s only publisher\/broadcaster, TG4 works in a unique partnership with the independent production sector, from which it sources all of the channel\u2019s TV content.\u00a0 The new initiative sees TG4 offering producers the opportunity of bidding for multi-annual output deals across a range of programme genres with the successful applicants obtaining multi-annual contracts worth over [&hellip;]\" \/>\n<meta property=\"og:url\" content=\"https:\/\/dev.tg4.ie\/en\/information\/press\/press-releases\/2017-2\/18-01-17\/\" \/>\n<meta property=\"og:site_name\" content=\"TG4\" \/>\n<meta property=\"article:publisher\" content=\"https:\/\/www.facebook.com\/TG4TV\" \/>\n<meta property=\"article:modified_time\" content=\"2019-06-25T08:27:41+00:00\" \/>\n<meta property=\"og:image\" content=\"https:\/\/tg4-docs.s3.amazonaws.com\/tg4-redesign-2015\/wp-content\/uploads\/2015\/11\/TG4_building-1.jpg\" \/>\n\t<meta property=\"og:image:width\" content=\"1920\" \/>\n\t<meta property=\"og:image:height\" content=\"1080\" \/>\n\t<meta property=\"og:image:type\" content=\"image\/jpeg\" \/>\n<meta name=\"twitter:card\" content=\"summary_large_image\" \/>\n<meta name=\"twitter:site\" content=\"@TG4TV\" \/>\n<meta name=\"twitter:label1\" content=\"Est. reading time\" \/>\n\t<meta name=\"twitter:data1\" content=\"2 minutes\" \/>\n<script type=\"application\/ld+json\" class=\"yoast-schema-graph\">{\"@context\":\"https:\/\/schema.org\",\"@graph\":[{\"@type\":\"WebPage\",\"@id\":\"https:\/\/dev.tg4.ie\/en\/information\/press\/press-releases\/2017-2\/18-01-17\/\",\"url\":\"https:\/\/dev.tg4.ie\/en\/information\/press\/press-releases\/2017-2\/18-01-17\/\",\"name\":\"18.01.17 - L\u00e1 na L\u00e9iritheoir\u00ed - TG4\",\"isPartOf\":{\"@id\":\"https:\/\/dev.tg4.ie\/en\/#website\"},\"primaryImageOfPage\":{\"@id\":\"https:\/\/dev.tg4.ie\/en\/information\/press\/press-releases\/2017-2\/18-01-17\/#primaryimage\"},\"image\":{\"@id\":\"https:\/\/dev.tg4.ie\/en\/information\/press\/press-releases\/2017-2\/18-01-17\/#primaryimage\"},\"thumbnailUrl\":\"https:\/\/tg4-docs.s3.amazonaws.com\/tg4-redesign-2015\/wp-content\/uploads\/2015\/11\/TG4_building-1.jpg\",\"datePublished\":\"2017-01-17T15:16:18+00:00\",\"dateModified\":\"2019-06-25T08:27:41+00:00\",\"breadcrumb\":{\"@id\":\"https:\/\/dev.tg4.ie\/en\/information\/press\/press-releases\/2017-2\/18-01-17\/#breadcrumb\"},\"inLanguage\":\"en-ie\",\"potentialAction\":[{\"@type\":\"ReadAction\",\"target\":[\"https:\/\/dev.tg4.ie\/en\/information\/press\/press-releases\/2017-2\/18-01-17\/\"]}]},{\"@type\":\"ImageObject\",\"inLanguage\":\"en-ie\",\"@id\":\"https:\/\/dev.tg4.ie\/en\/information\/press\/press-releases\/2017-2\/18-01-17\/#primaryimage\",\"url\":\"https:\/\/tg4-docs.s3.amazonaws.com\/tg4-redesign-2015\/wp-content\/uploads\/2015\/11\/TG4_building-1.jpg\",\"contentUrl\":\"https:\/\/tg4-docs.s3.amazonaws.com\/tg4-redesign-2015\/wp-content\/uploads\/2015\/11\/TG4_building-1.jpg\",\"width\":1920,\"height\":1080,\"caption\":\"Ceann\u00e1ras TG4\"},{\"@type\":\"BreadcrumbList\",\"@id\":\"https:\/\/dev.tg4.ie\/en\/information\/press\/press-releases\/2017-2\/18-01-17\/#breadcrumb\",\"itemListElement\":[{\"@type\":\"ListItem\",\"position\":1,\"name\":\"Home\",\"item\":\"https:\/\/dev.tg4.ie\/en\/\"},{\"@type\":\"ListItem\",\"position\":2,\"name\":\"Information\",\"item\":\"https:\/\/dev.tg4.ie\/en\/information\/\"},{\"@type\":\"ListItem\",\"position\":3,\"name\":\"Press\",\"item\":\"https:\/\/dev.tg4.ie\/en\/information\/press\/\"},{\"@type\":\"ListItem\",\"position\":4,\"name\":\"Press Releases\",\"item\":\"https:\/\/dev.tg4.ie\/en\/information\/press\/press-releases\/\"},{\"@type\":\"ListItem\",\"position\":5,\"name\":\"2017\",\"item\":\"https:\/\/dev.tg4.ie\/en\/information\/press\/press-releases\/2017-2\/\"},{\"@type\":\"ListItem\",\"position\":6,\"name\":\"18.01.17 &#8211; L\u00e1 na L\u00e9iritheoir\u00ed\"}]},{\"@type\":\"WebSite\",\"@id\":\"https:\/\/dev.tg4.ie\/en\/#website\",\"url\":\"https:\/\/dev.tg4.ie\/en\/\",\"name\":\"TG4\",\"description\":\"S\u00fail Eile\",\"potentialAction\":[{\"@type\":\"SearchAction\",\"target\":{\"@type\":\"EntryPoint\",\"urlTemplate\":\"https:\/\/dev.tg4.ie\/en\/?s={search_term_string}\"},\"query-input\":\"required name=search_term_string\"}],\"inLanguage\":\"en-ie\"}]}<\/script>\n<!-- \/ Yoast SEO plugin. -->","yoast_head_json":{"title":"18.01.17 - L\u00e1 na L\u00e9iritheoir\u00ed - TG4","robots":{"index":"index","follow":"follow","max-snippet":"max-snippet:-1","max-image-preview":"max-image-preview:large","max-video-preview":"max-video-preview:-1"},"og_locale":"en_US","og_type":"article","og_title":"18.01.17 - L\u00e1 na L\u00e9iritheoir\u00ed - TG4","og_description":"As Ireland\u2019s only publisher\/broadcaster, TG4 works in a unique partnership with the independent production sector, from which it sources all of the channel\u2019s TV content.\u00a0 The new initiative sees TG4 offering producers the opportunity of bidding for multi-annual output deals across a range of programme genres with the successful applicants obtaining multi-annual contracts worth over [&hellip;]","og_url":"https:\/\/dev.tg4.ie\/en\/information\/press\/press-releases\/2017-2\/18-01-17\/","og_site_name":"TG4","article_publisher":"https:\/\/www.facebook.com\/TG4TV","article_modified_time":"2019-06-25T08:27:41+00:00","og_image":[{"width":1920,"height":1080,"url":"https:\/\/tg4-docs.s3.amazonaws.com\/tg4-redesign-2015\/wp-content\/uploads\/2015\/11\/TG4_building-1.jpg","type":"image\/jpeg"}],"twitter_card":"summary_large_image","twitter_site":"@TG4TV","twitter_misc":{"Est. reading time":"2 minutes"},"schema":{"@context":"https:\/\/schema.org","@graph":[{"@type":"WebPage","@id":"https:\/\/dev.tg4.ie\/en\/information\/press\/press-releases\/2017-2\/18-01-17\/","url":"https:\/\/dev.tg4.ie\/en\/information\/press\/press-releases\/2017-2\/18-01-17\/","name":"18.01.17 - L\u00e1 na L\u00e9iritheoir\u00ed - TG4","isPartOf":{"@id":"https:\/\/dev.tg4.ie\/en\/#website"},"primaryImageOfPage":{"@id":"https:\/\/dev.tg4.ie\/en\/information\/press\/press-releases\/2017-2\/18-01-17\/#primaryimage"},"image":{"@id":"https:\/\/dev.tg4.ie\/en\/information\/press\/press-releases\/2017-2\/18-01-17\/#primaryimage"},"thumbnailUrl":"https:\/\/tg4-docs.s3.amazonaws.com\/tg4-redesign-2015\/wp-content\/uploads\/2015\/11\/TG4_building-1.jpg","datePublished":"2017-01-17T15:16:18+00:00","dateModified":"2019-06-25T08:27:41+00:00","breadcrumb":{"@id":"https:\/\/dev.tg4.ie\/en\/information\/press\/press-releases\/2017-2\/18-01-17\/#breadcrumb"},"inLanguage":"en-ie","potentialAction":[{"@type":"ReadAction","target":["https:\/\/dev.tg4.ie\/en\/information\/press\/press-releases\/2017-2\/18-01-17\/"]}]},{"@type":"ImageObject","inLanguage":"en-ie","@id":"https:\/\/dev.tg4.ie\/en\/information\/press\/press-releases\/2017-2\/18-01-17\/#primaryimage","url":"https:\/\/tg4-docs.s3.amazonaws.com\/tg4-redesign-2015\/wp-content\/uploads\/2015\/11\/TG4_building-1.jpg","contentUrl":"https:\/\/tg4-docs.s3.amazonaws.com\/tg4-redesign-2015\/wp-content\/uploads\/2015\/11\/TG4_building-1.jpg","width":1920,"height":1080,"caption":"Ceann\u00e1ras TG4"},{"@type":"BreadcrumbList","@id":"https:\/\/dev.tg4.ie\/en\/information\/press\/press-releases\/2017-2\/18-01-17\/#breadcrumb","itemListElement":[{"@type":"ListItem","position":1,"name":"Home","item":"https:\/\/dev.tg4.ie\/en\/"},{"@type":"ListItem","position":2,"name":"Information","item":"https:\/\/dev.tg4.ie\/en\/information\/"},{"@type":"ListItem","position":3,"name":"Press","item":"https:\/\/dev.tg4.ie\/en\/information\/press\/"},{"@type":"ListItem","position":4,"name":"Press Releases","item":"https:\/\/dev.tg4.ie\/en\/information\/press\/press-releases\/"},{"@type":"ListItem","position":5,"name":"2017","item":"https:\/\/dev.tg4.ie\/en\/information\/press\/press-releases\/2017-2\/"},{"@type":"ListItem","position":6,"name":"18.01.17 &#8211; L\u00e1 na L\u00e9iritheoir\u00ed"}]},{"@type":"WebSite","@id":"https:\/\/dev.tg4.ie\/en\/#website","url":"https:\/\/dev.tg4.ie\/en\/","name":"TG4","description":"S\u00fail Eile","potentialAction":[{"@type":"SearchAction","target":{"@type":"EntryPoint","urlTemplate":"https:\/\/dev.tg4.ie\/en\/?s={search_term_string}"},"query-input":"required name=search_term_string"}],"inLanguage":"en-ie"}]}},"_links":{"self":[{"href":"https:\/\/dev.tg4.ie\/en\/wp-json\/wp\/v2\/pages\/40350"}],"collection":[{"href":"https:\/\/dev.tg4.ie\/en\/wp-json\/wp\/v2\/pages"}],"about":[{"href":"https:\/\/dev.tg4.ie\/en\/wp-json\/wp\/v2\/types\/page"}],"author":[{"embeddable":true,"href":"https:\/\/dev.tg4.ie\/en\/wp-json\/wp\/v2\/users\/4"}],"replies":[{"embeddable":true,"href":"https:\/\/dev.tg4.ie\/en\/wp-json\/wp\/v2\/comments?post=40350"}],"version-history":[{"count":0,"href":"https:\/\/dev.tg4.ie\/en\/wp-json\/wp\/v2\/pages\/40350\/revisions"}],"up":[{"embeddable":true,"href":"https:\/\/dev.tg4.ie\/en\/wp-json\/wp\/v2\/pages\/40344"}],"wp:featuredmedia":[{"embeddable":true,"href":"https:\/\/dev.tg4.ie\/en\/wp-json\/wp\/v2\/media\/5139"}],"wp:attachment":[{"href":"https:\/\/dev.tg4.ie\/en\/wp-json\/wp\/v2\/media?parent=40350"}],"curies":[{"name":"wp","href":"https:\/\/api.w.org\/{rel}","templated":true}]}}