{"id":4552,"date":"2015-10-23T11:32:08","date_gmt":"2015-10-23T10:32:08","guid":{"rendered":"https:\/\/dev.tg4.ie\/en\/?page_id=4552"},"modified":"2019-06-25T11:30:00","modified_gmt":"2019-06-25T10:30:00","slug":"23-10-15","status":"publish","type":"page","link":"https:\/\/dev.tg4.ie\/en\/information\/press\/press-releases\/2015-2\/23-10-15\/","title":{"rendered":"TG4\u2019s nifty IFTA haul"},"content":{"rendered":"<p>TG4\u2019s reputation for quality and diversity in content and craft has been further enhanced at last night\u2019s IFTA awards.\u00a0 The Irish language channel\u2019s output won 6 of the prestigious prizes, including live coverage of Fleadh Cheoil na h\u00c9ireann, a gritty TV crime drama series, a timely profile of the role of women in the 1916 Rising, a profile of Ireland\u2019s best loved steeple-chaser and craft awards for two of the channel\u2019s acclaimed factual output.<\/p>\n<p>The full list of TG4 IFTA 2015 winners reads as follows;<\/p>\n<ul>\n<li>SPORTS:\u00a0\u00a0 <em>Arkle \u2013 The Legend Lives On\u00a0\u00a0 <\/em>\u00a0\u00a0(Touchline Media)<\/li>\n<li>LIVE EVENT: <em>Fleadh TV\u00a0\u00a0 <\/em>(Paul McKay)<\/li>\n<li>SPECIALIST FACTUAL<strong>: <\/strong><em>Cumann na mBan \u2013 Mn\u00e1 na R\u00e9abhl\u00f3ide\u00a0\u00a0 (<\/em>Genefile Ltd)<\/li>\n<li>IRISH LANGUAGE:\u00a0 <em>Corp +Anam<\/em>\u00a0 (Magamedia)<\/li>\n<li>SOUND TELEVSION:\u00a0 John Brennan and Mark Henry, <em>Ceolchuairt <\/em>\u00a0(Magamedia)<\/li>\n<li>CAMERA TELEVISION: Colm Whelan, <em>\u00c1ille an Uaf\u00e1is\u00a0 <\/em>(Tile Films)<\/li>\n<\/ul>\n<p>The IFTA Awards are the most prestigious awards in Irish film and television.\u00a0 Selection juries comprising leading practitioners in the industry select the short-listed entries and the ultimate prize winners were announced at the gala occasion last night.<\/p>\n<p>Director General P\u00f3l \u00d3 Gallch\u00f3ir, congratulated the winners.\u201dTG4 has received nominations and prizes at each IFTA since we came on air,\u201d he said \u201cand this impressive haul of winners for 2015 represents another marker of the excellence of our output and the regard in which it is held by our industry peers and the audience. Competing in the same categories that include some of the best quality English language TV content available anywhere, bears out the regular feedback we receive from viewers and critics who associate TG4 with distinctive quality and innovation\u201d, he said.<\/p>\n","protected":false},"excerpt":{"rendered":"<p>TG4\u2019s reputation for quality and diversity in content and craft has been further enhanced at last night\u2019s IFTA awards.\u00a0 The Irish language channel\u2019s output won 6 of the prestigious prizes, including live coverage of Fleadh Cheoil na h\u00c9ireann, a gritty TV crime drama series, a timely profile of the role of women in the 1916 [&hellip;]<\/p>\n","protected":false},"author":6,"featured_media":4564,"parent":984,"menu_order":18,"comment_status":"closed","ping_status":"closed","template":"page-templates\/template-pr.php","meta":{"_acf_changed":false,"footnotes":""},"acf":[],"yoast_head":"<!-- This site is optimized with the Yoast SEO plugin v22.6 - https:\/\/yoast.com\/wordpress\/plugins\/seo\/ -->\n<title>TG4\u2019s nifty IFTA haul - TG4<\/title>\n<meta name=\"robots\" content=\"index, follow, max-snippet:-1, max-image-preview:large, max-video-preview:-1\" \/>\n<meta property=\"og:locale\" content=\"en_US\" \/>\n<meta property=\"og:type\" content=\"article\" \/>\n<meta property=\"og:title\" content=\"TG4\u2019s nifty IFTA haul - TG4\" \/>\n<meta property=\"og:description\" content=\"TG4\u2019s reputation for quality and diversity in content and craft has been further enhanced at last night\u2019s IFTA awards.\u00a0 The Irish language channel\u2019s output won 6 of the prestigious prizes, including live coverage of Fleadh Cheoil na h\u00c9ireann, a gritty TV crime drama series, a timely profile of the role of women in the 1916 [&hellip;]\" \/>\n<meta property=\"og:url\" content=\"https:\/\/dev.tg4.ie\/en\/information\/press\/press-releases\/2015-2\/23-10-15\/\" \/>\n<meta property=\"og:site_name\" content=\"TG4\" \/>\n<meta property=\"article:publisher\" content=\"https:\/\/www.facebook.com\/TG4TV\" \/>\n<meta property=\"article:modified_time\" content=\"2019-06-25T10:30:00+00:00\" \/>\n<meta property=\"og:image\" content=\"https:\/\/tg4-docs.s3.amazonaws.com\/tg4-redesign-2015\/wp-content\/uploads\/2015\/10\/IFTA.jpg\" \/>\n\t<meta property=\"og:image:width\" content=\"1920\" \/>\n\t<meta property=\"og:image:height\" content=\"1080\" \/>\n\t<meta property=\"og:image:type\" content=\"image\/jpeg\" \/>\n<meta name=\"twitter:card\" content=\"summary_large_image\" \/>\n<meta name=\"twitter:site\" content=\"@TG4TV\" \/>\n<meta name=\"twitter:label1\" content=\"Est. reading time\" \/>\n\t<meta name=\"twitter:data1\" content=\"1 minute\" \/>\n<script type=\"application\/ld+json\" class=\"yoast-schema-graph\">{\"@context\":\"https:\/\/schema.org\",\"@graph\":[{\"@type\":\"WebPage\",\"@id\":\"https:\/\/dev.tg4.ie\/en\/information\/press\/press-releases\/2015-2\/23-10-15\/\",\"url\":\"https:\/\/dev.tg4.ie\/en\/information\/press\/press-releases\/2015-2\/23-10-15\/\",\"name\":\"TG4\u2019s nifty IFTA haul - TG4\",\"isPartOf\":{\"@id\":\"https:\/\/dev.tg4.ie\/en\/#website\"},\"primaryImageOfPage\":{\"@id\":\"https:\/\/dev.tg4.ie\/en\/information\/press\/press-releases\/2015-2\/23-10-15\/#primaryimage\"},\"image\":{\"@id\":\"https:\/\/dev.tg4.ie\/en\/information\/press\/press-releases\/2015-2\/23-10-15\/#primaryimage\"},\"thumbnailUrl\":\"https:\/\/tg4-docs.s3.amazonaws.com\/tg4-redesign-2015\/wp-content\/uploads\/2015\/10\/IFTA.jpg\",\"datePublished\":\"2015-10-23T10:32:08+00:00\",\"dateModified\":\"2019-06-25T10:30:00+00:00\",\"breadcrumb\":{\"@id\":\"https:\/\/dev.tg4.ie\/en\/information\/press\/press-releases\/2015-2\/23-10-15\/#breadcrumb\"},\"inLanguage\":\"en-ie\",\"potentialAction\":[{\"@type\":\"ReadAction\",\"target\":[\"https:\/\/dev.tg4.ie\/en\/information\/press\/press-releases\/2015-2\/23-10-15\/\"]}]},{\"@type\":\"ImageObject\",\"inLanguage\":\"en-ie\",\"@id\":\"https:\/\/dev.tg4.ie\/en\/information\/press\/press-releases\/2015-2\/23-10-15\/#primaryimage\",\"url\":\"https:\/\/tg4-docs.s3.amazonaws.com\/tg4-redesign-2015\/wp-content\/uploads\/2015\/10\/IFTA.jpg\",\"contentUrl\":\"https:\/\/tg4-docs.s3.amazonaws.com\/tg4-redesign-2015\/wp-content\/uploads\/2015\/10\/IFTA.jpg\",\"width\":1920,\"height\":1080},{\"@type\":\"BreadcrumbList\",\"@id\":\"https:\/\/dev.tg4.ie\/en\/information\/press\/press-releases\/2015-2\/23-10-15\/#breadcrumb\",\"itemListElement\":[{\"@type\":\"ListItem\",\"position\":1,\"name\":\"Home\",\"item\":\"https:\/\/dev.tg4.ie\/en\/\"},{\"@type\":\"ListItem\",\"position\":2,\"name\":\"Information\",\"item\":\"https:\/\/dev.tg4.ie\/en\/information\/\"},{\"@type\":\"ListItem\",\"position\":3,\"name\":\"Press\",\"item\":\"https:\/\/dev.tg4.ie\/en\/information\/press\/\"},{\"@type\":\"ListItem\",\"position\":4,\"name\":\"Press Releases\",\"item\":\"https:\/\/dev.tg4.ie\/en\/information\/press\/press-releases\/\"},{\"@type\":\"ListItem\",\"position\":5,\"name\":\"2015\",\"item\":\"https:\/\/dev.tg4.ie\/en\/information\/press\/press-releases\/2015-2\/\"},{\"@type\":\"ListItem\",\"position\":6,\"name\":\"TG4\u2019s nifty IFTA haul\"}]},{\"@type\":\"WebSite\",\"@id\":\"https:\/\/dev.tg4.ie\/en\/#website\",\"url\":\"https:\/\/dev.tg4.ie\/en\/\",\"name\":\"TG4\",\"description\":\"S\u00fail Eile\",\"potentialAction\":[{\"@type\":\"SearchAction\",\"target\":{\"@type\":\"EntryPoint\",\"urlTemplate\":\"https:\/\/dev.tg4.ie\/en\/?s={search_term_string}\"},\"query-input\":\"required name=search_term_string\"}],\"inLanguage\":\"en-ie\"}]}<\/script>\n<!-- \/ Yoast SEO plugin. -->","yoast_head_json":{"title":"TG4\u2019s nifty IFTA haul - TG4","robots":{"index":"index","follow":"follow","max-snippet":"max-snippet:-1","max-image-preview":"max-image-preview:large","max-video-preview":"max-video-preview:-1"},"og_locale":"en_US","og_type":"article","og_title":"TG4\u2019s nifty IFTA haul - TG4","og_description":"TG4\u2019s reputation for quality and diversity in content and craft has been further enhanced at last night\u2019s IFTA awards.\u00a0 The Irish language channel\u2019s output won 6 of the prestigious prizes, including live coverage of Fleadh Cheoil na h\u00c9ireann, a gritty TV crime drama series, a timely profile of the role of women in the 1916 [&hellip;]","og_url":"https:\/\/dev.tg4.ie\/en\/information\/press\/press-releases\/2015-2\/23-10-15\/","og_site_name":"TG4","article_publisher":"https:\/\/www.facebook.com\/TG4TV","article_modified_time":"2019-06-25T10:30:00+00:00","og_image":[{"width":1920,"height":1080,"url":"https:\/\/tg4-docs.s3.amazonaws.com\/tg4-redesign-2015\/wp-content\/uploads\/2015\/10\/IFTA.jpg","type":"image\/jpeg"}],"twitter_card":"summary_large_image","twitter_site":"@TG4TV","twitter_misc":{"Est. reading time":"1 minute"},"schema":{"@context":"https:\/\/schema.org","@graph":[{"@type":"WebPage","@id":"https:\/\/dev.tg4.ie\/en\/information\/press\/press-releases\/2015-2\/23-10-15\/","url":"https:\/\/dev.tg4.ie\/en\/information\/press\/press-releases\/2015-2\/23-10-15\/","name":"TG4\u2019s nifty IFTA haul - TG4","isPartOf":{"@id":"https:\/\/dev.tg4.ie\/en\/#website"},"primaryImageOfPage":{"@id":"https:\/\/dev.tg4.ie\/en\/information\/press\/press-releases\/2015-2\/23-10-15\/#primaryimage"},"image":{"@id":"https:\/\/dev.tg4.ie\/en\/information\/press\/press-releases\/2015-2\/23-10-15\/#primaryimage"},"thumbnailUrl":"https:\/\/tg4-docs.s3.amazonaws.com\/tg4-redesign-2015\/wp-content\/uploads\/2015\/10\/IFTA.jpg","datePublished":"2015-10-23T10:32:08+00:00","dateModified":"2019-06-25T10:30:00+00:00","breadcrumb":{"@id":"https:\/\/dev.tg4.ie\/en\/information\/press\/press-releases\/2015-2\/23-10-15\/#breadcrumb"},"inLanguage":"en-ie","potentialAction":[{"@type":"ReadAction","target":["https:\/\/dev.tg4.ie\/en\/information\/press\/press-releases\/2015-2\/23-10-15\/"]}]},{"@type":"ImageObject","inLanguage":"en-ie","@id":"https:\/\/dev.tg4.ie\/en\/information\/press\/press-releases\/2015-2\/23-10-15\/#primaryimage","url":"https:\/\/tg4-docs.s3.amazonaws.com\/tg4-redesign-2015\/wp-content\/uploads\/2015\/10\/IFTA.jpg","contentUrl":"https:\/\/tg4-docs.s3.amazonaws.com\/tg4-redesign-2015\/wp-content\/uploads\/2015\/10\/IFTA.jpg","width":1920,"height":1080},{"@type":"BreadcrumbList","@id":"https:\/\/dev.tg4.ie\/en\/information\/press\/press-releases\/2015-2\/23-10-15\/#breadcrumb","itemListElement":[{"@type":"ListItem","position":1,"name":"Home","item":"https:\/\/dev.tg4.ie\/en\/"},{"@type":"ListItem","position":2,"name":"Information","item":"https:\/\/dev.tg4.ie\/en\/information\/"},{"@type":"ListItem","position":3,"name":"Press","item":"https:\/\/dev.tg4.ie\/en\/information\/press\/"},{"@type":"ListItem","position":4,"name":"Press Releases","item":"https:\/\/dev.tg4.ie\/en\/information\/press\/press-releases\/"},{"@type":"ListItem","position":5,"name":"2015","item":"https:\/\/dev.tg4.ie\/en\/information\/press\/press-releases\/2015-2\/"},{"@type":"ListItem","position":6,"name":"TG4\u2019s nifty IFTA haul"}]},{"@type":"WebSite","@id":"https:\/\/dev.tg4.ie\/en\/#website","url":"https:\/\/dev.tg4.ie\/en\/","name":"TG4","description":"S\u00fail Eile","potentialAction":[{"@type":"SearchAction","target":{"@type":"EntryPoint","urlTemplate":"https:\/\/dev.tg4.ie\/en\/?s={search_term_string}"},"query-input":"required name=search_term_string"}],"inLanguage":"en-ie"}]}},"_links":{"self":[{"href":"https:\/\/dev.tg4.ie\/en\/wp-json\/wp\/v2\/pages\/4552"}],"collection":[{"href":"https:\/\/dev.tg4.ie\/en\/wp-json\/wp\/v2\/pages"}],"about":[{"href":"https:\/\/dev.tg4.ie\/en\/wp-json\/wp\/v2\/types\/page"}],"author":[{"embeddable":true,"href":"https:\/\/dev.tg4.ie\/en\/wp-json\/wp\/v2\/users\/6"}],"replies":[{"embeddable":true,"href":"https:\/\/dev.tg4.ie\/en\/wp-json\/wp\/v2\/comments?post=4552"}],"version-history":[{"count":0,"href":"https:\/\/dev.tg4.ie\/en\/wp-json\/wp\/v2\/pages\/4552\/revisions"}],"up":[{"embeddable":true,"href":"https:\/\/dev.tg4.ie\/en\/wp-json\/wp\/v2\/pages\/984"}],"wp:featuredmedia":[{"embeddable":true,"href":"https:\/\/dev.tg4.ie\/en\/wp-json\/wp\/v2\/media\/4564"}],"wp:attachment":[{"href":"https:\/\/dev.tg4.ie\/en\/wp-json\/wp\/v2\/media?parent=4552"}],"curies":[{"name":"wp","href":"https:\/\/api.w.org\/{rel}","templated":true}]}}