{"id":47520,"date":"2017-03-21T14:54:37","date_gmt":"2017-03-21T14:54:37","guid":{"rendered":"https:\/\/dev.tg4.ie\/en\/?page_id=47520"},"modified":"2019-06-25T09:30:34","modified_gmt":"2019-06-25T08:30:34","slug":"21-03-17","status":"publish","type":"page","link":"https:\/\/dev.tg4.ie\/en\/information\/press\/press-releases\/2017-2\/21-03-17\/","title":{"rendered":"21.03.17 &#8211; GAA Online Only"},"content":{"rendered":"<p>The new initiative will see this list of major GAA matches being offered exclusively on line and available all over the world, a welcome addition to the channel\u2019s acclaimed list of televised Gaelic games matches at all levels from club to inter-county.<\/p>\n<p>First up in this new offering to be streamed live online are the Post Primary Senior Hurling Finals from Semple Stadium on Saturday 25<sup>th<\/sup> March. In subsequent weeks and months, users of <a href=\"https:\/\/dev.tg4.ie\">www.tg4.ie<\/a> will have live, exclusive and free to view access to a mouth-watering list of fixtures, including for the first time,\u00a0 all four Under 21 Provincial Football Finals.<\/p>\n<p>The full list is as follows&#8230;<\/p>\n<p><strong>Saturday 25<sup>th<\/sup> March<\/strong>\u00a0\u00a0 \u00a0\u00a0\u00a0\u00a0 Masita Post Primary Senior Hurling Finals, Two matches live from Semple Stadium<\/p>\n<p><strong>Wednesday 29<sup>th <\/sup>March<\/strong>\u00a0\u00a0 EirGrid GAA Leinster U21 Football Championship Final<br \/>\n<strong>Wednesday 29<sup>th<\/sup> March<\/strong>\u00a0 EirGrid GAA Munster U21 Football Championship Final<\/p>\n<p><strong>Saturday 1<sup>st<\/sup> April\u00a0\u00a0\u00a0\u00a0\u00a0\u00a0\u00a0\u00a0\u00a0\u00a0\u00a0\u00a0\u00a0 <\/strong>Masita Post Primary Senior Football Finals, two matches live from Croke Park<\/p>\n<p><strong>Saturday 1<sup>st<\/sup> April<\/strong>\u00a0\u00a0\u00a0\u00a0\u00a0\u00a0\u00a0\u00a0\u00a0\u00a0\u00a0\u00a0\u00a0 EirGrid GAA Connacht U21 Football Championship Final<\/p>\n<p><strong>Wednesday 5<sup>th<\/sup> April<\/strong> \u00a0\u00a0\u00a0\u00a0\u00a0\u00a0 EirGrid GAA Ulster U21 Football Championship Final<\/p>\n<p>In addition to the live Webcast of these matches, TG4 will also TV broadcast deferred extended highlights of the matches on the same night.<\/p>\n<p>TG4 Sports Editor R\u00f3n\u00e1n \u00d3 Coisdealbha welcomed the new development:\u00a0 \u201cWe know from long experience that there is a huge appetite worldwide from followers of Gaelic Games for high-quality coverage of the widest possible selection of the Association\u2019s premier competitions in hurling and football.\u00a0 This initiative is our latest response to that demand we are confident that it will prove very popular and generate favourable comment.\u00a0\u00a0 Showcasing emerging talent is a core part of TG4\u2019s mission, in sport as in other areas of cultural activity and this Spring will see us prove the truth of the Irish proverb \u201c<em>Mol an \u00f3ige agus tiocfaidh s\u00ed.\u201d<\/em><\/p>\n","protected":false},"excerpt":{"rendered":"<p>The new initiative will see this list of major GAA matches being offered exclusively on line and available all over the world, a welcome addition to the channel\u2019s acclaimed list of televised Gaelic games matches at all levels from club to inter-county. First up in this new offering to be streamed live online are the [&hellip;]<\/p>\n","protected":false},"author":4,"featured_media":26607,"parent":40344,"menu_order":2,"comment_status":"closed","ping_status":"closed","template":"page-templates\/template-pr.php","meta":{"_acf_changed":false,"footnotes":""},"acf":[],"yoast_head":"<!-- This site is optimized with the Yoast SEO plugin v22.6 - https:\/\/yoast.com\/wordpress\/plugins\/seo\/ -->\n<title>21.03.17 - GAA Online Only - TG4<\/title>\n<meta name=\"robots\" content=\"index, follow, max-snippet:-1, max-image-preview:large, max-video-preview:-1\" \/>\n<meta property=\"og:locale\" content=\"en_US\" \/>\n<meta property=\"og:type\" content=\"article\" \/>\n<meta property=\"og:title\" content=\"21.03.17 - GAA Online Only - TG4\" \/>\n<meta property=\"og:description\" content=\"The new initiative will see this list of major GAA matches being offered exclusively on line and available all over the world, a welcome addition to the channel\u2019s acclaimed list of televised Gaelic games matches at all levels from club to inter-county. First up in this new offering to be streamed live online are the [&hellip;]\" \/>\n<meta property=\"og:url\" content=\"https:\/\/dev.tg4.ie\/en\/information\/press\/press-releases\/2017-2\/21-03-17\/\" \/>\n<meta property=\"og:site_name\" content=\"TG4\" \/>\n<meta property=\"article:publisher\" content=\"https:\/\/www.facebook.com\/TG4TV\" \/>\n<meta property=\"article:modified_time\" content=\"2019-06-25T08:30:34+00:00\" \/>\n<meta property=\"og:image\" content=\"https:\/\/tg4-docs.s3.amazonaws.com\/tg4-redesign-2015\/wp-content\/uploads\/2015\/07\/GAA_Iomaint.jpg\" \/>\n\t<meta property=\"og:image:width\" content=\"1920\" \/>\n\t<meta property=\"og:image:height\" content=\"1080\" \/>\n\t<meta property=\"og:image:type\" content=\"image\/jpeg\" \/>\n<meta name=\"twitter:card\" content=\"summary_large_image\" \/>\n<meta name=\"twitter:site\" content=\"@TG4TV\" \/>\n<meta name=\"twitter:label1\" content=\"Est. reading time\" \/>\n\t<meta name=\"twitter:data1\" content=\"2 minutes\" \/>\n<script type=\"application\/ld+json\" class=\"yoast-schema-graph\">{\"@context\":\"https:\/\/schema.org\",\"@graph\":[{\"@type\":\"WebPage\",\"@id\":\"https:\/\/dev.tg4.ie\/en\/information\/press\/press-releases\/2017-2\/21-03-17\/\",\"url\":\"https:\/\/dev.tg4.ie\/en\/information\/press\/press-releases\/2017-2\/21-03-17\/\",\"name\":\"21.03.17 - GAA Online Only - TG4\",\"isPartOf\":{\"@id\":\"https:\/\/dev.tg4.ie\/en\/#website\"},\"primaryImageOfPage\":{\"@id\":\"https:\/\/dev.tg4.ie\/en\/information\/press\/press-releases\/2017-2\/21-03-17\/#primaryimage\"},\"image\":{\"@id\":\"https:\/\/dev.tg4.ie\/en\/information\/press\/press-releases\/2017-2\/21-03-17\/#primaryimage\"},\"thumbnailUrl\":\"https:\/\/tg4-docs.s3.amazonaws.com\/tg4-redesign-2015\/wp-content\/uploads\/2015\/07\/GAA_Iomaint.jpg\",\"datePublished\":\"2017-03-21T14:54:37+00:00\",\"dateModified\":\"2019-06-25T08:30:34+00:00\",\"breadcrumb\":{\"@id\":\"https:\/\/dev.tg4.ie\/en\/information\/press\/press-releases\/2017-2\/21-03-17\/#breadcrumb\"},\"inLanguage\":\"en-ie\",\"potentialAction\":[{\"@type\":\"ReadAction\",\"target\":[\"https:\/\/dev.tg4.ie\/en\/information\/press\/press-releases\/2017-2\/21-03-17\/\"]}]},{\"@type\":\"ImageObject\",\"inLanguage\":\"en-ie\",\"@id\":\"https:\/\/dev.tg4.ie\/en\/information\/press\/press-releases\/2017-2\/21-03-17\/#primaryimage\",\"url\":\"https:\/\/tg4-docs.s3.amazonaws.com\/tg4-redesign-2015\/wp-content\/uploads\/2015\/07\/GAA_Iomaint.jpg\",\"contentUrl\":\"https:\/\/tg4-docs.s3.amazonaws.com\/tg4-redesign-2015\/wp-content\/uploads\/2015\/07\/GAA_Iomaint.jpg\",\"width\":1920,\"height\":1080,\"caption\":\"GAA Iom\u00e1int\"},{\"@type\":\"BreadcrumbList\",\"@id\":\"https:\/\/dev.tg4.ie\/en\/information\/press\/press-releases\/2017-2\/21-03-17\/#breadcrumb\",\"itemListElement\":[{\"@type\":\"ListItem\",\"position\":1,\"name\":\"Home\",\"item\":\"https:\/\/dev.tg4.ie\/en\/\"},{\"@type\":\"ListItem\",\"position\":2,\"name\":\"Information\",\"item\":\"https:\/\/dev.tg4.ie\/en\/information\/\"},{\"@type\":\"ListItem\",\"position\":3,\"name\":\"Press\",\"item\":\"https:\/\/dev.tg4.ie\/en\/information\/press\/\"},{\"@type\":\"ListItem\",\"position\":4,\"name\":\"Press Releases\",\"item\":\"https:\/\/dev.tg4.ie\/en\/information\/press\/press-releases\/\"},{\"@type\":\"ListItem\",\"position\":5,\"name\":\"2017\",\"item\":\"https:\/\/dev.tg4.ie\/en\/information\/press\/press-releases\/2017-2\/\"},{\"@type\":\"ListItem\",\"position\":6,\"name\":\"21.03.17 &#8211; GAA Online Only\"}]},{\"@type\":\"WebSite\",\"@id\":\"https:\/\/dev.tg4.ie\/en\/#website\",\"url\":\"https:\/\/dev.tg4.ie\/en\/\",\"name\":\"TG4\",\"description\":\"S\u00fail Eile\",\"potentialAction\":[{\"@type\":\"SearchAction\",\"target\":{\"@type\":\"EntryPoint\",\"urlTemplate\":\"https:\/\/dev.tg4.ie\/en\/?s={search_term_string}\"},\"query-input\":\"required name=search_term_string\"}],\"inLanguage\":\"en-ie\"}]}<\/script>\n<!-- \/ Yoast SEO plugin. -->","yoast_head_json":{"title":"21.03.17 - GAA Online Only - TG4","robots":{"index":"index","follow":"follow","max-snippet":"max-snippet:-1","max-image-preview":"max-image-preview:large","max-video-preview":"max-video-preview:-1"},"og_locale":"en_US","og_type":"article","og_title":"21.03.17 - GAA Online Only - TG4","og_description":"The new initiative will see this list of major GAA matches being offered exclusively on line and available all over the world, a welcome addition to the channel\u2019s acclaimed list of televised Gaelic games matches at all levels from club to inter-county. First up in this new offering to be streamed live online are the [&hellip;]","og_url":"https:\/\/dev.tg4.ie\/en\/information\/press\/press-releases\/2017-2\/21-03-17\/","og_site_name":"TG4","article_publisher":"https:\/\/www.facebook.com\/TG4TV","article_modified_time":"2019-06-25T08:30:34+00:00","og_image":[{"width":1920,"height":1080,"url":"https:\/\/tg4-docs.s3.amazonaws.com\/tg4-redesign-2015\/wp-content\/uploads\/2015\/07\/GAA_Iomaint.jpg","type":"image\/jpeg"}],"twitter_card":"summary_large_image","twitter_site":"@TG4TV","twitter_misc":{"Est. reading time":"2 minutes"},"schema":{"@context":"https:\/\/schema.org","@graph":[{"@type":"WebPage","@id":"https:\/\/dev.tg4.ie\/en\/information\/press\/press-releases\/2017-2\/21-03-17\/","url":"https:\/\/dev.tg4.ie\/en\/information\/press\/press-releases\/2017-2\/21-03-17\/","name":"21.03.17 - GAA Online Only - TG4","isPartOf":{"@id":"https:\/\/dev.tg4.ie\/en\/#website"},"primaryImageOfPage":{"@id":"https:\/\/dev.tg4.ie\/en\/information\/press\/press-releases\/2017-2\/21-03-17\/#primaryimage"},"image":{"@id":"https:\/\/dev.tg4.ie\/en\/information\/press\/press-releases\/2017-2\/21-03-17\/#primaryimage"},"thumbnailUrl":"https:\/\/tg4-docs.s3.amazonaws.com\/tg4-redesign-2015\/wp-content\/uploads\/2015\/07\/GAA_Iomaint.jpg","datePublished":"2017-03-21T14:54:37+00:00","dateModified":"2019-06-25T08:30:34+00:00","breadcrumb":{"@id":"https:\/\/dev.tg4.ie\/en\/information\/press\/press-releases\/2017-2\/21-03-17\/#breadcrumb"},"inLanguage":"en-ie","potentialAction":[{"@type":"ReadAction","target":["https:\/\/dev.tg4.ie\/en\/information\/press\/press-releases\/2017-2\/21-03-17\/"]}]},{"@type":"ImageObject","inLanguage":"en-ie","@id":"https:\/\/dev.tg4.ie\/en\/information\/press\/press-releases\/2017-2\/21-03-17\/#primaryimage","url":"https:\/\/tg4-docs.s3.amazonaws.com\/tg4-redesign-2015\/wp-content\/uploads\/2015\/07\/GAA_Iomaint.jpg","contentUrl":"https:\/\/tg4-docs.s3.amazonaws.com\/tg4-redesign-2015\/wp-content\/uploads\/2015\/07\/GAA_Iomaint.jpg","width":1920,"height":1080,"caption":"GAA Iom\u00e1int"},{"@type":"BreadcrumbList","@id":"https:\/\/dev.tg4.ie\/en\/information\/press\/press-releases\/2017-2\/21-03-17\/#breadcrumb","itemListElement":[{"@type":"ListItem","position":1,"name":"Home","item":"https:\/\/dev.tg4.ie\/en\/"},{"@type":"ListItem","position":2,"name":"Information","item":"https:\/\/dev.tg4.ie\/en\/information\/"},{"@type":"ListItem","position":3,"name":"Press","item":"https:\/\/dev.tg4.ie\/en\/information\/press\/"},{"@type":"ListItem","position":4,"name":"Press Releases","item":"https:\/\/dev.tg4.ie\/en\/information\/press\/press-releases\/"},{"@type":"ListItem","position":5,"name":"2017","item":"https:\/\/dev.tg4.ie\/en\/information\/press\/press-releases\/2017-2\/"},{"@type":"ListItem","position":6,"name":"21.03.17 &#8211; GAA Online Only"}]},{"@type":"WebSite","@id":"https:\/\/dev.tg4.ie\/en\/#website","url":"https:\/\/dev.tg4.ie\/en\/","name":"TG4","description":"S\u00fail Eile","potentialAction":[{"@type":"SearchAction","target":{"@type":"EntryPoint","urlTemplate":"https:\/\/dev.tg4.ie\/en\/?s={search_term_string}"},"query-input":"required name=search_term_string"}],"inLanguage":"en-ie"}]}},"_links":{"self":[{"href":"https:\/\/dev.tg4.ie\/en\/wp-json\/wp\/v2\/pages\/47520"}],"collection":[{"href":"https:\/\/dev.tg4.ie\/en\/wp-json\/wp\/v2\/pages"}],"about":[{"href":"https:\/\/dev.tg4.ie\/en\/wp-json\/wp\/v2\/types\/page"}],"author":[{"embeddable":true,"href":"https:\/\/dev.tg4.ie\/en\/wp-json\/wp\/v2\/users\/4"}],"replies":[{"embeddable":true,"href":"https:\/\/dev.tg4.ie\/en\/wp-json\/wp\/v2\/comments?post=47520"}],"version-history":[{"count":0,"href":"https:\/\/dev.tg4.ie\/en\/wp-json\/wp\/v2\/pages\/47520\/revisions"}],"up":[{"embeddable":true,"href":"https:\/\/dev.tg4.ie\/en\/wp-json\/wp\/v2\/pages\/40344"}],"wp:featuredmedia":[{"embeddable":true,"href":"https:\/\/dev.tg4.ie\/en\/wp-json\/wp\/v2\/media\/26607"}],"wp:attachment":[{"href":"https:\/\/dev.tg4.ie\/en\/wp-json\/wp\/v2\/media?parent=47520"}],"curies":[{"name":"wp","href":"https:\/\/api.w.org\/{rel}","templated":true}]}}