{"id":4979,"date":"2015-11-10T10:04:00","date_gmt":"2015-11-10T10:04:48","guid":{"rendered":"https:\/\/dev.tg4.ie\/en\/corporate\/foluntais\/"},"modified":"2025-12-11T08:51:53","modified_gmt":"2025-12-11T08:51:53","slug":"vacancies","status":"publish","type":"page","link":"https:\/\/dev.tg4.ie\/en\/corporate\/vacancies\/","title":{"rendered":"Vacancies"},"content":{"rendered":"<hr>\n<p><a name=\"top\"><\/a><\/p>\n<ul class=\"comm-eqlink\">\n          <a style=\"color:white\" href=\"#Laithreoiri\"><\/p>\n<li class=\"page_item\">L\u00e1ithreoir Aimsire \/ Lean\u00fanachais &#038; Me\u00e1n S\u00f3isialta le TG4<\/li>\n<p><\/a>\n<\/ul>\n<p>&nbsp;<\/p>\n<hr>\n<p><a name=\"Laithreoiri\"><\/a><\/p>\n<h2>L\u00e1ithreoir Aimsire \/ Lean\u00fanachais &#038; Me\u00e1n S\u00f3isialta le TG4 <\/h2>\n<p><strong>Conradh Pain\u00e9il<\/strong><br \/>\n&nbsp;<br \/>\nIs mian le TG4 L\u00e1ithreoir Aimsire\/Lean\u00fanachais agus Me\u00e1n S\u00f3isialta a earc\u00fa.  Is obair ph\u00e1irtaimseartha ar chonradh phain\u00e9il a bheidh i gceist agus beidh an t\u00e9 seo lonnaithe sa Cheann\u00e1ras i mBaile na hAbhann i nGaeltacht na Gaillimhe. Freagr\u00f3idh an L\u00e1ithreoir Aimsire\/Lean\u00fanachais don Sti\u00farth\u00f3ir Lucht F\u00e9achana, Marga\u00edochta agus Comhph\u00e1irt\u00edochta. Beidh r\u00f3l l\u00e1rnach ag an t\u00e9 a cheapfar ag cur sceideal TG4 i l\u00e1thair an phobail f\u00e9achana, ar an teilif\u00eds agus ar na me\u00e1in sh\u00f3isialta.<br \/>\n&nbsp;<br \/>\nFost\u00f3ir comhionannais deiseanna \u00e9 TG4 agus d\u00e9antar iarratais ch\u00e1ilithe a mheas beag beann ar inscne, gn\u00e9aschlaonadh, aois, taith\u00ed sh\u00f3isialta, cine agus eitneacht, \u00e9agumas, st\u00e1das sibhialta an teaghlaigh, creideamh n\u00e1 ballra\u00edocht den Lucht Si\u00fail. T\u00e1 meon dearfach ag TG4 i nd\u00e1il le h\u00c9ags\u00falacht. F\u00e1ilteoidh muid roimh iarratais \u00f3 dhaoine a bhfuil c\u00falra\u00ed \u00e9ags\u00fala acu.<br \/>\n&nbsp;<br \/>\n<strong>An R\u00f3l<\/strong><br \/>\nBeidh an t\u00e9 a cheapfar ag feidhmi\u00fa mar L\u00e1ithreoir Lean\u00fanachais &#038; Aimsire le TG4 agus ar na Me\u00e1in Sh\u00f3isialta.  Beidh an t\u00e9 seo freagrach as na nithe seo a leanas:<\/p>\n<ul>\n<li>Faisn\u00e9is aimsire, \u00e1bhar cl\u00e1r agus lean\u00fanachas a chur i l\u00e1thair ar TG4<\/li>\n<li>Cumars\u00e1id a dh\u00e9anamh leis an Lucht F\u00e9achana tr\u00ed Ghuth\u00fa, ar na Me\u00e1in Sh\u00f3isialta &#038; srl.<\/li>\n<li>Cur le branda TG4 tr\u00ed Ghl\u00f3r agus Aitheantas a thabhairt don chain\u00e9al, ar an aer, ar l\u00edne agus i measc an phobail.<\/li>\n<li>An lucht f\u00e9achana a threor\u00fa chuig \u00e1bhar TG4.<\/li>\n<li>Ionada\u00edocht a dh\u00e9anamh do TG4 ag \u00f3c\u00e1id\u00ed pobail agus poibl\u00ed.<\/li>\n<\/ul>\n<p>&nbsp;<br \/>\n<strong>Nithe at\u00e1 riachtanach don phost seo:<\/strong><br \/>\nN\u00ed m\u00f3r cumas l\u00e1ithreoireachta, teacht i l\u00e1thair taitneamhach, urlabhra shoil\u00e9ir agus ardchumas sa scr\u00edobh agus sa chumars\u00e1id a bheith ag an t\u00e9 a cheapfar don phost seo.<\/p>\n<ul>\n<li>Is \u00ed an Ghaeilge teanga oibre TG4 agus mar sin t\u00e1 s\u00e9 riachtanach go mbeadh Gaeilge den scoth ag an t\u00e9 a cheapfar, idir labhairt agus scr\u00edobh na teanga.<\/li>\n<li>F\u00f3cas dearfach agus cumas maith foirne<\/li>\n<li>S\u00e1r-thuiscint ar chumas na me\u00e1n s\u00f3isialta agus na n-ard\u00e1n digiteach lucht f\u00e9achana a aimsi\u00fa.<\/li>\n<li>Taith\u00ed ar \u00e1bhar f\u00edse \/ fuaime a chruth\u00fa do na hard\u00e1in sh\u00f3isialta.<\/li>\n<li>Tuiscint ar an bpobal f\u00e9achana at\u00e1 ag TG4<\/li>\n<li>Taith\u00ed mhaith ar ch\u00farsa\u00ed riarach\u00e1in agus r\u00edomhaireachta (ard-tuiscint ar Excel, MS Office agus \u00e1balta c\u00f3rais nua a fhoghlaim go tapa).<\/li>\n<li>Taith\u00ed mhaith ar thaighde a dh\u00e9anamh<\/li>\n<li>A bheith \u00e1balta feidhmi\u00fa go muin\u00edneach agus go h\u00e9ifeachtach as do stuaim f\u00e9in i dtimpeallacht spreag\u00fail.<\/li>\n<\/ul>\n<p>&nbsp;<br \/>\nIs i gCeann\u00e1ras TG4 a bheidh an post seo.<br \/>\n&nbsp;<br \/>\n<strong>4pm D\u00e9 Sathairn an 17 Ean\u00e1ir 2026 an d\u00e1ta deiridh a nglacfar le hiarratais.  Seol m\u00edr f\u00edse 1\u201900\u201d ar fhad ag cur s\u00edos ort fh\u00e9in, mar aon le do CV chuig <a href=\"mailto:cv@dev.tg4.ie\" rel=\"noopener\" target=\"_blank\">cv@dev.tg4.ie<\/a>.<\/strong><br \/>\n&nbsp;<\/p>\n<ul class=\"comm-link\">\n<li class=\"page_item\"><a href=\"#top\">Barr ^<\/a><\/li>\n<\/ul>\n<p>&nbsp;<br \/>\n&nbsp;<\/p>\n<p><!--hr>\n\n\n\n\n<h2><a name=\"comhairle\"><\/a>Comhairle Lucht F\u00e9achana TG4<\/h2>\n\n\n\nCuirfidh TG4 f\u00e1ilte roimh l\u00e9irithe sp\u00e9ise \u00f3 dhaoine le Gaeilge l\u00edofa ar mian leo a bheith ina gcomhalta\u00ed ar Chomhairle Lucht F\u00e9achana TG4.   \n\nF\u00e1ilteofar roimh iarratais o dhaoine at\u00e1 ionada\u00edoch <em>ar an phobal f\u00e9achana i gcoitine<\/em>, ar phobal Gaeltachta <em>agus go m\u00f3rmh\u00f3r iad si\u00fad<\/em> at\u00e1 ionada\u00edoch ar an lucht f\u00e9achana C\u00fala4 n\u00f3 ar an \u00f3ige.\n\nIs \u00ed feidhm na Comhairle n\u00e1 tuairim\u00ed agus aiseolas a chur in i\u00fal don Bhord agus do fhoireann bhainist\u00edochta TG4.   Is deis \u00ed seo do dhaoine tac\u00fa le TG4 ar bhealach praitici\u00fail tr\u00edd aiseolas luachmhar a roinnt maidir le raon agus caighde\u00e1n an \u00e1bhair ag TG4.  \n\nIs \u00e9 Bord TG4 a cheapann comhalta\u00ed na Comhairle.  Beidh comhalta ar Bhord TG4 mar Chathaoirleach ar an gComhairle agus ceapfar ceathrar d\u00e9ag comhalta\u00ed eile \u00f3 r\u00e9imse c\u00falra\u00ed agus aoisghr\u00fapa\u00ed.\n\nB\u00edonn dh\u00e1 chruinni\u00fa sa mbliain ag an gComhairle Lucht F\u00e9achana.\n\nT\u00e1 r\u00f3l agus dualgais na Comhairle leagtha amach in Alt 96 den Acht Craolach\u00e1in 2009.  Treora\u00edtear ansin don Bhord daoine a cheapadh ar an gComhairle Lucht F\u00e9achana at\u00e1 <em>\u201cionadaitheach ar an phobal f\u00e9achana agus \u00e9isteachta agus, go h\u00e1irithe, ar phobail Ghaeltachta, ar dhaoine faoi mh\u00edchumas radhairc n\u00f3 \u00e9isteachta agus go mbeidh na comhalta\u00ed ..in ann cumars\u00e1id inni\u00fail a dh\u00e9anamh as Gaeilge.\u201d<\/em>\n\nIarrtar ar dhaoine ar suim leo a bheith ina gcomhalta\u00ed Comhairle agus a bhfuil a gc\u00e1il\u00edocht ag teacht leis na riachtanais at\u00e1 luaite thuas san Acht, a suim a l\u00e9iri\u00fa tr\u00ed litir iarratais agus CV gearr (1 lch) a shol\u00e1thar ina dtugtar na gn\u00e1th-shonra\u00ed pearsanta mar aon le seoladh reatha r phoist agus gn\u00e1th-phoist agus deimhni\u00fa ar a gcumas cumars\u00e1ide i nGaeilge.\n\nSeol d\u2019iarratas ar r phost chuig <a href=\"mailto:comhairle@dev.tg4.ie\" rel=\"noopener\" target=\"_blank\">comhairle@dev.tg4.ie<\/a>  <strong>roimh an 20 M\u00e1rta 2025<\/strong> \nn\u00f3 sa bpost chuig:\nComhairle Lucht F\u00e9achana, Oifig an Ardsti\u00farth\u00f3ra, TG4, Baile na hAbhann, Co na Gaillimhe.\n\nLeanfaidh tr\u00e9imhse an Chomhairle Lucht F\u00e9achana suas go 5 bliana ag braith ar athruithe sa reachta\u00edocht craolach\u00e1in.\n\n<em>N\u00edl t\u00e1ille i gceist. Cl\u00fad\u00f3far costais le freastal ar chruinnithe.<\/em>\n\n\n&nbsp;\n\n\n\n&nbsp;--><\/p>\n<p><!--No vacancies at this time--><\/p>\n<hr \/>\n<p><!--em>Is fost\u00f3ir comhionannas deiseanna \u00e9 TG4. Is \u00ed an Ghaeilge teanga oibre TG4. Taca\u00edonn TG4 le daoine faoi mh\u00edchumas a fhost\u00fa.<\/em--><\/p>\n<p><!--<em>Is fost\u00f3ir comhionannas deiseanna \u00e9 TG4. Is \u00ed an Ghaeilge teanga oibre TG4. Taca\u00edonn TG4 le daoine faoi mh\u00edchumas a fhost\u00fa.<\/em>--><\/p>\n","protected":false},"excerpt":{"rendered":"<p>L\u00e1ithreoir Aimsire \/ Lean\u00fanachais &#038; Me\u00e1n S\u00f3isialta le TG4 &nbsp; L\u00e1ithreoir Aimsire \/ Lean\u00fanachais &#038; Me\u00e1n S\u00f3isialta le TG4 Conradh Pain\u00e9il &nbsp; Is mian le TG4 L\u00e1ithreoir Aimsire\/Lean\u00fanachais agus Me\u00e1n S\u00f3isialta a earc\u00fa. Is obair ph\u00e1irtaimseartha ar chonradh phain\u00e9il a bheidh i gceist agus beidh an t\u00e9 seo lonnaithe sa Cheann\u00e1ras i mBaile na hAbhann [&hellip;]<\/p>\n","protected":false},"author":876,"featured_media":235183,"parent":657,"menu_order":4,"comment_status":"closed","ping_status":"closed","template":"page-templates\/template-corporate.php","meta":{"_acf_changed":false,"footnotes":""},"acf":[],"yoast_head":"<!-- This site is optimized with the Yoast SEO plugin v22.6 - https:\/\/yoast.com\/wordpress\/plugins\/seo\/ -->\n<title>Vacancies | TG4 | Corporate | Irish Television Channel, S\u00fail Eile<\/title>\n<meta name=\"description\" content=\"Looking to work with us in TG4? View our vacancies\" \/>\n<meta name=\"robots\" content=\"index, follow, max-snippet:-1, max-image-preview:large, max-video-preview:-1\" \/>\n<meta property=\"og:locale\" content=\"en_US\" \/>\n<meta property=\"og:type\" content=\"article\" \/>\n<meta property=\"og:title\" content=\"Vacancies | TG4 | Corporate | Irish Television Channel, S\u00fail Eile\" \/>\n<meta property=\"og:description\" content=\"Looking to work with us in TG4? View our vacancies\" \/>\n<meta property=\"og:url\" content=\"https:\/\/dev.tg4.ie\/en\/corporate\/vacancies\/\" \/>\n<meta property=\"og:site_name\" content=\"TG4\" \/>\n<meta property=\"article:publisher\" content=\"https:\/\/www.facebook.com\/TG4TV\" \/>\n<meta property=\"article:modified_time\" content=\"2025-12-11T08:51:53+00:00\" \/>\n<meta property=\"og:image\" content=\"https:\/\/tg4-docs.s3.amazonaws.com\/wp-content\/uploads\/2024\/10\/11100650\/Foluntas_2024_1-1920x1080-1.jpg\" \/>\n\t<meta property=\"og:image:width\" content=\"1920\" \/>\n\t<meta property=\"og:image:height\" content=\"1080\" \/>\n\t<meta property=\"og:image:type\" content=\"image\/jpeg\" \/>\n<meta name=\"twitter:card\" content=\"summary_large_image\" \/>\n<meta name=\"twitter:image\" content=\"https:\/\/tg4-docs.s3.amazonaws.com\/wp-content\/uploads\/2024\/10\/11100650\/Foluntas_2024_1-1920x1080-1.jpg\" \/>\n<meta name=\"twitter:site\" content=\"@TG4TV\" \/>\n<meta name=\"twitter:label1\" content=\"Est. reading time\" \/>\n\t<meta name=\"twitter:data1\" content=\"3 minutes\" \/>\n<script type=\"application\/ld+json\" class=\"yoast-schema-graph\">{\"@context\":\"https:\/\/schema.org\",\"@graph\":[{\"@type\":\"WebPage\",\"@id\":\"https:\/\/dev.tg4.ie\/en\/corporate\/vacancies\/\",\"url\":\"https:\/\/dev.tg4.ie\/en\/corporate\/vacancies\/\",\"name\":\"Vacancies | TG4 | Corporate | Irish Television Channel, S\u00fail Eile\",\"isPartOf\":{\"@id\":\"https:\/\/dev.tg4.ie\/en\/#website\"},\"primaryImageOfPage\":{\"@id\":\"https:\/\/dev.tg4.ie\/en\/corporate\/vacancies\/#primaryimage\"},\"image\":{\"@id\":\"https:\/\/dev.tg4.ie\/en\/corporate\/vacancies\/#primaryimage\"},\"thumbnailUrl\":\"https:\/\/tg4-docs.s3.amazonaws.com\/wp-content\/uploads\/2024\/11\/18150913\/TG4_Foirgneamh_2024_1-1920x1080-1.jpg\",\"datePublished\":\"2015-11-10T10:04:48+00:00\",\"dateModified\":\"2025-12-11T08:51:53+00:00\",\"description\":\"Looking to work with us in TG4? View our vacancies\",\"breadcrumb\":{\"@id\":\"https:\/\/dev.tg4.ie\/en\/corporate\/vacancies\/#breadcrumb\"},\"inLanguage\":\"en-ie\",\"potentialAction\":[{\"@type\":\"ReadAction\",\"target\":[\"https:\/\/dev.tg4.ie\/en\/corporate\/vacancies\/\"]}]},{\"@type\":\"ImageObject\",\"inLanguage\":\"en-ie\",\"@id\":\"https:\/\/dev.tg4.ie\/en\/corporate\/vacancies\/#primaryimage\",\"url\":\"https:\/\/tg4-docs.s3.amazonaws.com\/wp-content\/uploads\/2024\/11\/18150913\/TG4_Foirgneamh_2024_1-1920x1080-1.jpg\",\"contentUrl\":\"https:\/\/tg4-docs.s3.amazonaws.com\/wp-content\/uploads\/2024\/11\/18150913\/TG4_Foirgneamh_2024_1-1920x1080-1.jpg\",\"width\":1920,\"height\":1080},{\"@type\":\"BreadcrumbList\",\"@id\":\"https:\/\/dev.tg4.ie\/en\/corporate\/vacancies\/#breadcrumb\",\"itemListElement\":[{\"@type\":\"ListItem\",\"position\":1,\"name\":\"Home\",\"item\":\"https:\/\/dev.tg4.ie\/en\/\"},{\"@type\":\"ListItem\",\"position\":2,\"name\":\"Corporate\",\"item\":\"https:\/\/dev.tg4.ie\/en\/corporate\/\"},{\"@type\":\"ListItem\",\"position\":3,\"name\":\"Vacancies\"}]},{\"@type\":\"WebSite\",\"@id\":\"https:\/\/dev.tg4.ie\/en\/#website\",\"url\":\"https:\/\/dev.tg4.ie\/en\/\",\"name\":\"TG4\",\"description\":\"S\u00fail Eile\",\"potentialAction\":[{\"@type\":\"SearchAction\",\"target\":{\"@type\":\"EntryPoint\",\"urlTemplate\":\"https:\/\/dev.tg4.ie\/en\/?s={search_term_string}\"},\"query-input\":\"required name=search_term_string\"}],\"inLanguage\":\"en-ie\"}]}<\/script>\n<!-- \/ Yoast SEO plugin. -->","yoast_head_json":{"title":"Vacancies | TG4 | Corporate | Irish Television Channel, S\u00fail Eile","description":"Looking to work with us in TG4? View our vacancies","robots":{"index":"index","follow":"follow","max-snippet":"max-snippet:-1","max-image-preview":"max-image-preview:large","max-video-preview":"max-video-preview:-1"},"og_locale":"en_US","og_type":"article","og_title":"Vacancies | TG4 | Corporate | Irish Television Channel, S\u00fail Eile","og_description":"Looking to work with us in TG4? View our vacancies","og_url":"https:\/\/dev.tg4.ie\/en\/corporate\/vacancies\/","og_site_name":"TG4","article_publisher":"https:\/\/www.facebook.com\/TG4TV","article_modified_time":"2025-12-11T08:51:53+00:00","og_image":[{"width":1920,"height":1080,"url":"https:\/\/tg4-docs.s3.amazonaws.com\/wp-content\/uploads\/2024\/10\/11100650\/Foluntas_2024_1-1920x1080-1.jpg","type":"image\/jpeg"}],"twitter_card":"summary_large_image","twitter_image":"https:\/\/tg4-docs.s3.amazonaws.com\/wp-content\/uploads\/2024\/10\/11100650\/Foluntas_2024_1-1920x1080-1.jpg","twitter_site":"@TG4TV","twitter_misc":{"Est. reading time":"3 minutes"},"schema":{"@context":"https:\/\/schema.org","@graph":[{"@type":"WebPage","@id":"https:\/\/dev.tg4.ie\/en\/corporate\/vacancies\/","url":"https:\/\/dev.tg4.ie\/en\/corporate\/vacancies\/","name":"Vacancies | TG4 | Corporate | Irish Television Channel, S\u00fail Eile","isPartOf":{"@id":"https:\/\/dev.tg4.ie\/en\/#website"},"primaryImageOfPage":{"@id":"https:\/\/dev.tg4.ie\/en\/corporate\/vacancies\/#primaryimage"},"image":{"@id":"https:\/\/dev.tg4.ie\/en\/corporate\/vacancies\/#primaryimage"},"thumbnailUrl":"https:\/\/tg4-docs.s3.amazonaws.com\/wp-content\/uploads\/2024\/11\/18150913\/TG4_Foirgneamh_2024_1-1920x1080-1.jpg","datePublished":"2015-11-10T10:04:48+00:00","dateModified":"2025-12-11T08:51:53+00:00","description":"Looking to work with us in TG4? View our vacancies","breadcrumb":{"@id":"https:\/\/dev.tg4.ie\/en\/corporate\/vacancies\/#breadcrumb"},"inLanguage":"en-ie","potentialAction":[{"@type":"ReadAction","target":["https:\/\/dev.tg4.ie\/en\/corporate\/vacancies\/"]}]},{"@type":"ImageObject","inLanguage":"en-ie","@id":"https:\/\/dev.tg4.ie\/en\/corporate\/vacancies\/#primaryimage","url":"https:\/\/tg4-docs.s3.amazonaws.com\/wp-content\/uploads\/2024\/11\/18150913\/TG4_Foirgneamh_2024_1-1920x1080-1.jpg","contentUrl":"https:\/\/tg4-docs.s3.amazonaws.com\/wp-content\/uploads\/2024\/11\/18150913\/TG4_Foirgneamh_2024_1-1920x1080-1.jpg","width":1920,"height":1080},{"@type":"BreadcrumbList","@id":"https:\/\/dev.tg4.ie\/en\/corporate\/vacancies\/#breadcrumb","itemListElement":[{"@type":"ListItem","position":1,"name":"Home","item":"https:\/\/dev.tg4.ie\/en\/"},{"@type":"ListItem","position":2,"name":"Corporate","item":"https:\/\/dev.tg4.ie\/en\/corporate\/"},{"@type":"ListItem","position":3,"name":"Vacancies"}]},{"@type":"WebSite","@id":"https:\/\/dev.tg4.ie\/en\/#website","url":"https:\/\/dev.tg4.ie\/en\/","name":"TG4","description":"S\u00fail Eile","potentialAction":[{"@type":"SearchAction","target":{"@type":"EntryPoint","urlTemplate":"https:\/\/dev.tg4.ie\/en\/?s={search_term_string}"},"query-input":"required name=search_term_string"}],"inLanguage":"en-ie"}]}},"_links":{"self":[{"href":"https:\/\/dev.tg4.ie\/en\/wp-json\/wp\/v2\/pages\/4979"}],"collection":[{"href":"https:\/\/dev.tg4.ie\/en\/wp-json\/wp\/v2\/pages"}],"about":[{"href":"https:\/\/dev.tg4.ie\/en\/wp-json\/wp\/v2\/types\/page"}],"author":[{"embeddable":true,"href":"https:\/\/dev.tg4.ie\/en\/wp-json\/wp\/v2\/users\/876"}],"replies":[{"embeddable":true,"href":"https:\/\/dev.tg4.ie\/en\/wp-json\/wp\/v2\/comments?post=4979"}],"version-history":[{"count":0,"href":"https:\/\/dev.tg4.ie\/en\/wp-json\/wp\/v2\/pages\/4979\/revisions"}],"up":[{"embeddable":true,"href":"https:\/\/dev.tg4.ie\/en\/wp-json\/wp\/v2\/pages\/657"}],"wp:featuredmedia":[{"embeddable":true,"href":"https:\/\/dev.tg4.ie\/en\/wp-json\/wp\/v2\/media\/235183"}],"wp:attachment":[{"href":"https:\/\/dev.tg4.ie\/en\/wp-json\/wp\/v2\/media?parent=4979"}],"curies":[{"name":"wp","href":"https:\/\/api.w.org\/{rel}","templated":true}]}}