{"id":4994,"date":"2015-11-10T16:07:59","date_gmt":"2015-11-10T16:07:59","guid":{"rendered":"https:\/\/dev.tg4.ie\/en\/corporate\/press\/press-releases\/2015-2\/09-11-15\/"},"modified":"2019-06-25T11:31:16","modified_gmt":"2019-06-25T10:31:16","slug":"09-11-15","status":"publish","type":"page","link":"https:\/\/dev.tg4.ie\/en\/information\/press\/press-releases\/2015-2\/09-11-15\/","title":{"rendered":"09.11.15"},"content":{"rendered":"<p><strong>Junior Eurovision Song Contest 2015 winner announced<\/strong><\/p>\n<p>Niamh Kavanagh, Brian Kennedy &amp; Stiof\u00e1n \u00d3 Fearail searched for the voice &amp; song to represent Ireland at this year\u2019s Junior Eurovision Song Contest.<\/p>\n<p>This year, for the first time ever, Ireland will be competing in the Junior Eurovision Song Contest. The show will be a live broadcast from the Armeec Arena in Sofia Bulgaria, in a 2 hour spectacular show on TG4 on Saturday 21<sup>st<\/sup> November, 2015 at 6.30PM. This is the thirteenth year of the song contest and 17 countries will be taking part.<\/p>\n<p>After extensive auditions nationwide, the top 32 singers were chosen to go forward to the televised heats. Each performer sang their own original Irish language song in the televised national selection on TG4.<\/p>\n<p><strong>AND THE WINNER IS<\/strong>:\u00a0 AIMEE BANKS.<\/p>\n<p>Galway&#8217;s rising star is bound for Junior Eurovision Glory. A 13 year old singer from Moycullen, Co Galway has been chosen to represent her country in Ireland&#8217;s first tilt at the Junior version of the Eurovision Song Contest.<\/p>\n<p>Aimee is bound for Sofia in Bulgaria on November 21<sup>st<\/sup> where she will try to fare better than our adults have been doing recently in the other Eurovision. She will be singing \u2018R\u00e9alta na Mara\u2019, translation \u2018Star of the Sea\u2019, a song which she co-wrote and composed with Niall Mooney, Jonas Gladnikoff &amp; Brendan McCarthy.<\/p>\n<p>Aimee was recently awarded first place for the International Vocal Competition \u201cAmerican Prot\u00e9g\u00e9\u201d and will have the honour of performing in Carnegie Hall on December 19<sup>th<\/sup>. This year alone she has secured eight National Titles at Ireland\u2019s prestigious Classical Festival Feis Ceoil 2015 and was also awarded Overall Vocalist Award and Bursary 2015 for Midlands Feis Ceoil in June. She has also recorded her first cd \u201cMy Classical Spirit\u201d and donated the proceeds to \u201cLauraLynn Children\u2019s Hospice\u201d.<\/p>\n<p>Aimee is in second year in Col\u00e1iste na Coiribe, she is a twin and one of three children.<\/p>\n<p>Her dream is to be the next Maria Callas and perform on the world stage. She loves Maria\u2019s story and what she gave to classical music.<\/p>\n<p>This entry is particularly special to Aimee, as her Nana who passed away last April, had helped her with it at the beginning stages, she was also her biggest fan!<\/p>\n<p>Aimee is so happy to have gotten this far and to be representing Ireland is such an honour.<\/p>\n<p>Aimee can sing in six different languages and her favourite band is Hometown. Eurovision has always been a family fun night in her house, she never dreamed she\u2019d be a part of it and be representing Ireland. She is hoping to do everyone proud in Sofia.<\/p>\n<p>Presenter Eoghan McDermott kept the proceedings flowing, while judging the competition was Ireland\u2019s national treasure and Eurovision winner in 1993 Niamh Kavanagh.\u00a0 Alongside Niamh was rocker Brian Kennedy, who also flew the flag for Ireland at the 2006 Eurovision. Joining the Eurovision legends was rising star Stiof\u00e1n \u00d3 Fearail, the voice behind the youtube sensation Col\u00e1iste Lurgan and lead singer of hit Irish band \u2018Seo Linn\u2019.<\/p>\n<p><strong>THE SONG:<\/strong><\/p>\n<p>\u2018R\u00e9alta na Mara\u2019 \u2013 Star Of The Sea.<\/p>\n<p>This is an epic song about travelling home from sea, in the midst of the gales of the ocean not knowing if you will make it, hoping you have luck on your side and being guided by the &#8216;Star of the Sea&#8217;. It is a metaphor for life, there are rough patches but things work out.<\/p>\n<p>Aimee\u2019s dress for the Eurovision is being designed by Niall Tyrell of Bespoke Couture. Aimee departs for Bulgaria on 14<sup>th<\/sup> November from Dublin.<\/p>\n","protected":false},"excerpt":{"rendered":"<p>Junior Eurovision Song Contest 2015 winner announced Niamh Kavanagh, Brian Kennedy &amp; Stiof\u00e1n \u00d3 Fearail searched for the voice &amp; song to represent Ireland at this year\u2019s Junior Eurovision Song Contest. This year, for the first time ever, Ireland will be competing in the Junior Eurovision Song Contest. The show will be a live broadcast [&hellip;]<\/p>\n","protected":false},"author":4,"featured_media":4999,"parent":984,"menu_order":19,"comment_status":"closed","ping_status":"closed","template":"page-templates\/template-pr.php","meta":{"_acf_changed":false,"footnotes":""},"acf":[],"yoast_head":"<!-- This site is optimized with the Yoast SEO plugin v22.6 - https:\/\/yoast.com\/wordpress\/plugins\/seo\/ -->\n<title>09.11.15 - TG4<\/title>\n<meta name=\"robots\" content=\"index, follow, max-snippet:-1, max-image-preview:large, max-video-preview:-1\" \/>\n<meta property=\"og:locale\" content=\"en_US\" \/>\n<meta property=\"og:type\" content=\"article\" \/>\n<meta property=\"og:title\" content=\"09.11.15 - TG4\" \/>\n<meta property=\"og:description\" content=\"Junior Eurovision Song Contest 2015 winner announced Niamh Kavanagh, Brian Kennedy &amp; Stiof\u00e1n \u00d3 Fearail searched for the voice &amp; song to represent Ireland at this year\u2019s Junior Eurovision Song Contest. This year, for the first time ever, Ireland will be competing in the Junior Eurovision Song Contest. The show will be a live broadcast [&hellip;]\" \/>\n<meta property=\"og:url\" content=\"https:\/\/dev.tg4.ie\/en\/information\/press\/press-releases\/2015-2\/09-11-15\/\" \/>\n<meta property=\"og:site_name\" content=\"TG4\" \/>\n<meta property=\"article:publisher\" content=\"https:\/\/www.facebook.com\/TG4TV\" \/>\n<meta property=\"article:modified_time\" content=\"2019-06-25T10:31:16+00:00\" \/>\n<meta property=\"og:image\" content=\"https:\/\/tg4-docs.s3.amazonaws.com\/tg4-redesign-2015\/wp-content\/uploads\/2015\/11\/JEuroV.jpg\" \/>\n\t<meta property=\"og:image:width\" content=\"1920\" \/>\n\t<meta property=\"og:image:height\" content=\"1080\" \/>\n\t<meta property=\"og:image:type\" content=\"image\/jpeg\" \/>\n<meta name=\"twitter:card\" content=\"summary_large_image\" \/>\n<meta name=\"twitter:site\" content=\"@TG4TV\" \/>\n<meta name=\"twitter:label1\" content=\"Est. reading time\" \/>\n\t<meta name=\"twitter:data1\" content=\"3 minutes\" \/>\n<script type=\"application\/ld+json\" class=\"yoast-schema-graph\">{\"@context\":\"https:\/\/schema.org\",\"@graph\":[{\"@type\":\"WebPage\",\"@id\":\"https:\/\/dev.tg4.ie\/en\/information\/press\/press-releases\/2015-2\/09-11-15\/\",\"url\":\"https:\/\/dev.tg4.ie\/en\/information\/press\/press-releases\/2015-2\/09-11-15\/\",\"name\":\"09.11.15 - TG4\",\"isPartOf\":{\"@id\":\"https:\/\/dev.tg4.ie\/en\/#website\"},\"primaryImageOfPage\":{\"@id\":\"https:\/\/dev.tg4.ie\/en\/information\/press\/press-releases\/2015-2\/09-11-15\/#primaryimage\"},\"image\":{\"@id\":\"https:\/\/dev.tg4.ie\/en\/information\/press\/press-releases\/2015-2\/09-11-15\/#primaryimage\"},\"thumbnailUrl\":\"https:\/\/tg4-docs.s3.amazonaws.com\/tg4-redesign-2015\/wp-content\/uploads\/2015\/11\/JEuroV.jpg\",\"datePublished\":\"2015-11-10T16:07:59+00:00\",\"dateModified\":\"2019-06-25T10:31:16+00:00\",\"breadcrumb\":{\"@id\":\"https:\/\/dev.tg4.ie\/en\/information\/press\/press-releases\/2015-2\/09-11-15\/#breadcrumb\"},\"inLanguage\":\"en-ie\",\"potentialAction\":[{\"@type\":\"ReadAction\",\"target\":[\"https:\/\/dev.tg4.ie\/en\/information\/press\/press-releases\/2015-2\/09-11-15\/\"]}]},{\"@type\":\"ImageObject\",\"inLanguage\":\"en-ie\",\"@id\":\"https:\/\/dev.tg4.ie\/en\/information\/press\/press-releases\/2015-2\/09-11-15\/#primaryimage\",\"url\":\"https:\/\/tg4-docs.s3.amazonaws.com\/tg4-redesign-2015\/wp-content\/uploads\/2015\/11\/JEuroV.jpg\",\"contentUrl\":\"https:\/\/tg4-docs.s3.amazonaws.com\/tg4-redesign-2015\/wp-content\/uploads\/2015\/11\/JEuroV.jpg\",\"width\":1920,\"height\":1080,\"caption\":\"Aimee Banks - Junior Eurovision Song Contest\"},{\"@type\":\"BreadcrumbList\",\"@id\":\"https:\/\/dev.tg4.ie\/en\/information\/press\/press-releases\/2015-2\/09-11-15\/#breadcrumb\",\"itemListElement\":[{\"@type\":\"ListItem\",\"position\":1,\"name\":\"Home\",\"item\":\"https:\/\/dev.tg4.ie\/en\/\"},{\"@type\":\"ListItem\",\"position\":2,\"name\":\"Information\",\"item\":\"https:\/\/dev.tg4.ie\/en\/information\/\"},{\"@type\":\"ListItem\",\"position\":3,\"name\":\"Press\",\"item\":\"https:\/\/dev.tg4.ie\/en\/information\/press\/\"},{\"@type\":\"ListItem\",\"position\":4,\"name\":\"Press Releases\",\"item\":\"https:\/\/dev.tg4.ie\/en\/information\/press\/press-releases\/\"},{\"@type\":\"ListItem\",\"position\":5,\"name\":\"2015\",\"item\":\"https:\/\/dev.tg4.ie\/en\/information\/press\/press-releases\/2015-2\/\"},{\"@type\":\"ListItem\",\"position\":6,\"name\":\"09.11.15\"}]},{\"@type\":\"WebSite\",\"@id\":\"https:\/\/dev.tg4.ie\/en\/#website\",\"url\":\"https:\/\/dev.tg4.ie\/en\/\",\"name\":\"TG4\",\"description\":\"S\u00fail Eile\",\"potentialAction\":[{\"@type\":\"SearchAction\",\"target\":{\"@type\":\"EntryPoint\",\"urlTemplate\":\"https:\/\/dev.tg4.ie\/en\/?s={search_term_string}\"},\"query-input\":\"required name=search_term_string\"}],\"inLanguage\":\"en-ie\"}]}<\/script>\n<!-- \/ Yoast SEO plugin. -->","yoast_head_json":{"title":"09.11.15 - TG4","robots":{"index":"index","follow":"follow","max-snippet":"max-snippet:-1","max-image-preview":"max-image-preview:large","max-video-preview":"max-video-preview:-1"},"og_locale":"en_US","og_type":"article","og_title":"09.11.15 - TG4","og_description":"Junior Eurovision Song Contest 2015 winner announced Niamh Kavanagh, Brian Kennedy &amp; Stiof\u00e1n \u00d3 Fearail searched for the voice &amp; song to represent Ireland at this year\u2019s Junior Eurovision Song Contest. This year, for the first time ever, Ireland will be competing in the Junior Eurovision Song Contest. The show will be a live broadcast [&hellip;]","og_url":"https:\/\/dev.tg4.ie\/en\/information\/press\/press-releases\/2015-2\/09-11-15\/","og_site_name":"TG4","article_publisher":"https:\/\/www.facebook.com\/TG4TV","article_modified_time":"2019-06-25T10:31:16+00:00","og_image":[{"width":1920,"height":1080,"url":"https:\/\/tg4-docs.s3.amazonaws.com\/tg4-redesign-2015\/wp-content\/uploads\/2015\/11\/JEuroV.jpg","type":"image\/jpeg"}],"twitter_card":"summary_large_image","twitter_site":"@TG4TV","twitter_misc":{"Est. reading time":"3 minutes"},"schema":{"@context":"https:\/\/schema.org","@graph":[{"@type":"WebPage","@id":"https:\/\/dev.tg4.ie\/en\/information\/press\/press-releases\/2015-2\/09-11-15\/","url":"https:\/\/dev.tg4.ie\/en\/information\/press\/press-releases\/2015-2\/09-11-15\/","name":"09.11.15 - TG4","isPartOf":{"@id":"https:\/\/dev.tg4.ie\/en\/#website"},"primaryImageOfPage":{"@id":"https:\/\/dev.tg4.ie\/en\/information\/press\/press-releases\/2015-2\/09-11-15\/#primaryimage"},"image":{"@id":"https:\/\/dev.tg4.ie\/en\/information\/press\/press-releases\/2015-2\/09-11-15\/#primaryimage"},"thumbnailUrl":"https:\/\/tg4-docs.s3.amazonaws.com\/tg4-redesign-2015\/wp-content\/uploads\/2015\/11\/JEuroV.jpg","datePublished":"2015-11-10T16:07:59+00:00","dateModified":"2019-06-25T10:31:16+00:00","breadcrumb":{"@id":"https:\/\/dev.tg4.ie\/en\/information\/press\/press-releases\/2015-2\/09-11-15\/#breadcrumb"},"inLanguage":"en-ie","potentialAction":[{"@type":"ReadAction","target":["https:\/\/dev.tg4.ie\/en\/information\/press\/press-releases\/2015-2\/09-11-15\/"]}]},{"@type":"ImageObject","inLanguage":"en-ie","@id":"https:\/\/dev.tg4.ie\/en\/information\/press\/press-releases\/2015-2\/09-11-15\/#primaryimage","url":"https:\/\/tg4-docs.s3.amazonaws.com\/tg4-redesign-2015\/wp-content\/uploads\/2015\/11\/JEuroV.jpg","contentUrl":"https:\/\/tg4-docs.s3.amazonaws.com\/tg4-redesign-2015\/wp-content\/uploads\/2015\/11\/JEuroV.jpg","width":1920,"height":1080,"caption":"Aimee Banks - Junior Eurovision Song Contest"},{"@type":"BreadcrumbList","@id":"https:\/\/dev.tg4.ie\/en\/information\/press\/press-releases\/2015-2\/09-11-15\/#breadcrumb","itemListElement":[{"@type":"ListItem","position":1,"name":"Home","item":"https:\/\/dev.tg4.ie\/en\/"},{"@type":"ListItem","position":2,"name":"Information","item":"https:\/\/dev.tg4.ie\/en\/information\/"},{"@type":"ListItem","position":3,"name":"Press","item":"https:\/\/dev.tg4.ie\/en\/information\/press\/"},{"@type":"ListItem","position":4,"name":"Press Releases","item":"https:\/\/dev.tg4.ie\/en\/information\/press\/press-releases\/"},{"@type":"ListItem","position":5,"name":"2015","item":"https:\/\/dev.tg4.ie\/en\/information\/press\/press-releases\/2015-2\/"},{"@type":"ListItem","position":6,"name":"09.11.15"}]},{"@type":"WebSite","@id":"https:\/\/dev.tg4.ie\/en\/#website","url":"https:\/\/dev.tg4.ie\/en\/","name":"TG4","description":"S\u00fail Eile","potentialAction":[{"@type":"SearchAction","target":{"@type":"EntryPoint","urlTemplate":"https:\/\/dev.tg4.ie\/en\/?s={search_term_string}"},"query-input":"required name=search_term_string"}],"inLanguage":"en-ie"}]}},"_links":{"self":[{"href":"https:\/\/dev.tg4.ie\/en\/wp-json\/wp\/v2\/pages\/4994"}],"collection":[{"href":"https:\/\/dev.tg4.ie\/en\/wp-json\/wp\/v2\/pages"}],"about":[{"href":"https:\/\/dev.tg4.ie\/en\/wp-json\/wp\/v2\/types\/page"}],"author":[{"embeddable":true,"href":"https:\/\/dev.tg4.ie\/en\/wp-json\/wp\/v2\/users\/4"}],"replies":[{"embeddable":true,"href":"https:\/\/dev.tg4.ie\/en\/wp-json\/wp\/v2\/comments?post=4994"}],"version-history":[{"count":0,"href":"https:\/\/dev.tg4.ie\/en\/wp-json\/wp\/v2\/pages\/4994\/revisions"}],"up":[{"embeddable":true,"href":"https:\/\/dev.tg4.ie\/en\/wp-json\/wp\/v2\/pages\/984"}],"wp:featuredmedia":[{"embeddable":true,"href":"https:\/\/dev.tg4.ie\/en\/wp-json\/wp\/v2\/media\/4999"}],"wp:attachment":[{"href":"https:\/\/dev.tg4.ie\/en\/wp-json\/wp\/v2\/media?parent=4994"}],"curies":[{"name":"wp","href":"https:\/\/api.w.org\/{rel}","templated":true}]}}