{"id":51805,"date":"2017-05-05T12:28:30","date_gmt":"2017-05-05T11:28:30","guid":{"rendered":"https:\/\/dev.tg4.ie\/?page_id=51805\/"},"modified":"2019-06-25T09:32:59","modified_gmt":"2019-06-25T08:32:59","slug":"03-05-17-2","status":"publish","type":"page","link":"https:\/\/dev.tg4.ie\/en\/information\/press\/press-releases\/2017-2\/03-05-17-2\/","title":{"rendered":"03.05.17 &#8211; Is Eola\u00ed M\u00e9"},"content":{"rendered":"<p>The winning entry is a popular science series aimed at 8-12 year olds, a TV audience that is very discerning and has lots of TV channels competing for their attention.\u00a0 The series encourages kids to get back to basics and learn how to investigate and explore the environment in which they live.\u00a0 Based on the primary school science curriculum, the topics under discussion are presented in a fun and entertaining way. The series is action-packed and features studio, on-the-road reports, animated segments along with a short comic drama skit in each episode that highlights the theme or topic of the day.\u00a0 It was produced for TG4 by independent company Meangadh F\u00edb\u00edn with financial support from\u00a0 Broadcast Authority of Ireland\u2019s <em>Sound and Vision <\/em>scheme.<\/p>\n<p>The Celtic Media Festival (CMF) is one of the most prestigious and long-established TV, radio and media festivals in these islands. It combines a three-day media conference that attracts broadcasters, producers, media and students with a content competition across the full range of TV content genres.\u00a0Entries go through a national pre-selection phase in each country announced in February with the winners advancing to the international Festival. (<a href=\"http:\/\/www.celticmediafestival.co.uk\" target=\"_New\" rel=\"noopener noreferrer\">www.celticmediafestival.co.uk<\/a>).\u00a0\u00a0\u00a0 This year\u2019s Festival is taking place in the Isle of Man for the first time in its 38 year history.<\/p>\n<p>TG4 Head of Marketing and Development, L\u00eds N\u00ed Dh\u00e1laigh, congratulated the winning entry, saying that it was wonderful to have such international recognition for an often under-acknowledged part of the channel\u2019s content offering. \u201c<em>All of us involved in children\u2019s television realise the huge challenges of competing for audience with specialist and high-budget channels aimed solely at the younger audience,\u201d she said \u201cand an award like this for a series produced on a very modest budget, is fully deserved and really heartening.<\/em>\u201d<\/p>\n<p>The series can be viewed at:\u00a0 <a href=\"https:\/\/dev.tg4.ie\/cula4\">www.tg4.ie\/cula4<\/a><\/p>\n","protected":false},"excerpt":{"rendered":"<p>The winning entry is a popular science series aimed at 8-12 year olds, a TV audience that is very discerning and has lots of TV channels competing for their attention.\u00a0 The series encourages kids to get back to basics and learn how to investigate and explore the environment in which they live.\u00a0 Based on the [&hellip;]<\/p>\n","protected":false},"author":4,"featured_media":30305,"parent":40344,"menu_order":5,"comment_status":"closed","ping_status":"closed","template":"page-templates\/template-pr.php","meta":{"_acf_changed":false,"footnotes":""},"acf":[],"yoast_head":"<!-- This site is optimized with the Yoast SEO plugin v22.6 - https:\/\/yoast.com\/wordpress\/plugins\/seo\/ -->\n<title>03.05.17 - Is Eola\u00ed M\u00e9 - TG4<\/title>\n<meta name=\"robots\" content=\"index, follow, max-snippet:-1, max-image-preview:large, max-video-preview:-1\" \/>\n<meta property=\"og:locale\" content=\"en_US\" \/>\n<meta property=\"og:type\" content=\"article\" \/>\n<meta property=\"og:title\" content=\"03.05.17 - Is Eola\u00ed M\u00e9 - TG4\" \/>\n<meta property=\"og:description\" content=\"The winning entry is a popular science series aimed at 8-12 year olds, a TV audience that is very discerning and has lots of TV channels competing for their attention.\u00a0 The series encourages kids to get back to basics and learn how to investigate and explore the environment in which they live.\u00a0 Based on the [&hellip;]\" \/>\n<meta property=\"og:url\" content=\"https:\/\/dev.tg4.ie\/en\/information\/press\/press-releases\/2017-2\/03-05-17-2\/\" \/>\n<meta property=\"og:site_name\" content=\"TG4\" \/>\n<meta property=\"article:publisher\" content=\"https:\/\/www.facebook.com\/TG4TV\" \/>\n<meta property=\"article:modified_time\" content=\"2019-06-25T08:32:59+00:00\" \/>\n<meta property=\"og:image\" content=\"https:\/\/tg4-docs.s3.amazonaws.com\/tg4-redesign-2015\/wp-content\/uploads\/2016\/09\/Peadar-%C3%93-Goill.jpg\" \/>\n\t<meta property=\"og:image:width\" content=\"1920\" \/>\n\t<meta property=\"og:image:height\" content=\"1080\" \/>\n\t<meta property=\"og:image:type\" content=\"image\/jpeg\" \/>\n<meta name=\"twitter:card\" content=\"summary_large_image\" \/>\n<meta name=\"twitter:site\" content=\"@TG4TV\" \/>\n<meta name=\"twitter:label1\" content=\"Est. reading time\" \/>\n\t<meta name=\"twitter:data1\" content=\"2 minutes\" \/>\n<script type=\"application\/ld+json\" class=\"yoast-schema-graph\">{\"@context\":\"https:\/\/schema.org\",\"@graph\":[{\"@type\":\"WebPage\",\"@id\":\"https:\/\/dev.tg4.ie\/en\/information\/press\/press-releases\/2017-2\/03-05-17-2\/\",\"url\":\"https:\/\/dev.tg4.ie\/en\/information\/press\/press-releases\/2017-2\/03-05-17-2\/\",\"name\":\"03.05.17 - Is Eola\u00ed M\u00e9 - TG4\",\"isPartOf\":{\"@id\":\"https:\/\/dev.tg4.ie\/en\/#website\"},\"primaryImageOfPage\":{\"@id\":\"https:\/\/dev.tg4.ie\/en\/information\/press\/press-releases\/2017-2\/03-05-17-2\/#primaryimage\"},\"image\":{\"@id\":\"https:\/\/dev.tg4.ie\/en\/information\/press\/press-releases\/2017-2\/03-05-17-2\/#primaryimage\"},\"thumbnailUrl\":\"https:\/\/tg4-docs.s3.amazonaws.com\/tg4-redesign-2015\/wp-content\/uploads\/2016\/09\/Peadar-%C3%93-Goill.jpg\",\"datePublished\":\"2017-05-05T11:28:30+00:00\",\"dateModified\":\"2019-06-25T08:32:59+00:00\",\"breadcrumb\":{\"@id\":\"https:\/\/dev.tg4.ie\/en\/information\/press\/press-releases\/2017-2\/03-05-17-2\/#breadcrumb\"},\"inLanguage\":\"en-ie\",\"potentialAction\":[{\"@type\":\"ReadAction\",\"target\":[\"https:\/\/dev.tg4.ie\/en\/information\/press\/press-releases\/2017-2\/03-05-17-2\/\"]}]},{\"@type\":\"ImageObject\",\"inLanguage\":\"en-ie\",\"@id\":\"https:\/\/dev.tg4.ie\/en\/information\/press\/press-releases\/2017-2\/03-05-17-2\/#primaryimage\",\"url\":\"https:\/\/tg4-docs.s3.amazonaws.com\/tg4-redesign-2015\/wp-content\/uploads\/2016\/09\/Peadar-%C3%93-Goill.jpg\",\"contentUrl\":\"https:\/\/tg4-docs.s3.amazonaws.com\/tg4-redesign-2015\/wp-content\/uploads\/2016\/09\/Peadar-%C3%93-Goill.jpg\",\"width\":1920,\"height\":1080,\"caption\":\"Peadar \u00d3 Goill\"},{\"@type\":\"BreadcrumbList\",\"@id\":\"https:\/\/dev.tg4.ie\/en\/information\/press\/press-releases\/2017-2\/03-05-17-2\/#breadcrumb\",\"itemListElement\":[{\"@type\":\"ListItem\",\"position\":1,\"name\":\"Home\",\"item\":\"https:\/\/dev.tg4.ie\/en\/\"},{\"@type\":\"ListItem\",\"position\":2,\"name\":\"Information\",\"item\":\"https:\/\/dev.tg4.ie\/en\/information\/\"},{\"@type\":\"ListItem\",\"position\":3,\"name\":\"Press\",\"item\":\"https:\/\/dev.tg4.ie\/en\/information\/press\/\"},{\"@type\":\"ListItem\",\"position\":4,\"name\":\"Press Releases\",\"item\":\"https:\/\/dev.tg4.ie\/en\/information\/press\/press-releases\/\"},{\"@type\":\"ListItem\",\"position\":5,\"name\":\"2017\",\"item\":\"https:\/\/dev.tg4.ie\/en\/information\/press\/press-releases\/2017-2\/\"},{\"@type\":\"ListItem\",\"position\":6,\"name\":\"03.05.17 &#8211; Is Eola\u00ed M\u00e9\"}]},{\"@type\":\"WebSite\",\"@id\":\"https:\/\/dev.tg4.ie\/en\/#website\",\"url\":\"https:\/\/dev.tg4.ie\/en\/\",\"name\":\"TG4\",\"description\":\"S\u00fail Eile\",\"potentialAction\":[{\"@type\":\"SearchAction\",\"target\":{\"@type\":\"EntryPoint\",\"urlTemplate\":\"https:\/\/dev.tg4.ie\/en\/?s={search_term_string}\"},\"query-input\":\"required name=search_term_string\"}],\"inLanguage\":\"en-ie\"}]}<\/script>\n<!-- \/ Yoast SEO plugin. -->","yoast_head_json":{"title":"03.05.17 - Is Eola\u00ed M\u00e9 - TG4","robots":{"index":"index","follow":"follow","max-snippet":"max-snippet:-1","max-image-preview":"max-image-preview:large","max-video-preview":"max-video-preview:-1"},"og_locale":"en_US","og_type":"article","og_title":"03.05.17 - Is Eola\u00ed M\u00e9 - TG4","og_description":"The winning entry is a popular science series aimed at 8-12 year olds, a TV audience that is very discerning and has lots of TV channels competing for their attention.\u00a0 The series encourages kids to get back to basics and learn how to investigate and explore the environment in which they live.\u00a0 Based on the [&hellip;]","og_url":"https:\/\/dev.tg4.ie\/en\/information\/press\/press-releases\/2017-2\/03-05-17-2\/","og_site_name":"TG4","article_publisher":"https:\/\/www.facebook.com\/TG4TV","article_modified_time":"2019-06-25T08:32:59+00:00","og_image":[{"width":1920,"height":1080,"url":"https:\/\/tg4-docs.s3.amazonaws.com\/tg4-redesign-2015\/wp-content\/uploads\/2016\/09\/Peadar-%C3%93-Goill.jpg","type":"image\/jpeg"}],"twitter_card":"summary_large_image","twitter_site":"@TG4TV","twitter_misc":{"Est. reading time":"2 minutes"},"schema":{"@context":"https:\/\/schema.org","@graph":[{"@type":"WebPage","@id":"https:\/\/dev.tg4.ie\/en\/information\/press\/press-releases\/2017-2\/03-05-17-2\/","url":"https:\/\/dev.tg4.ie\/en\/information\/press\/press-releases\/2017-2\/03-05-17-2\/","name":"03.05.17 - Is Eola\u00ed M\u00e9 - TG4","isPartOf":{"@id":"https:\/\/dev.tg4.ie\/en\/#website"},"primaryImageOfPage":{"@id":"https:\/\/dev.tg4.ie\/en\/information\/press\/press-releases\/2017-2\/03-05-17-2\/#primaryimage"},"image":{"@id":"https:\/\/dev.tg4.ie\/en\/information\/press\/press-releases\/2017-2\/03-05-17-2\/#primaryimage"},"thumbnailUrl":"https:\/\/tg4-docs.s3.amazonaws.com\/tg4-redesign-2015\/wp-content\/uploads\/2016\/09\/Peadar-%C3%93-Goill.jpg","datePublished":"2017-05-05T11:28:30+00:00","dateModified":"2019-06-25T08:32:59+00:00","breadcrumb":{"@id":"https:\/\/dev.tg4.ie\/en\/information\/press\/press-releases\/2017-2\/03-05-17-2\/#breadcrumb"},"inLanguage":"en-ie","potentialAction":[{"@type":"ReadAction","target":["https:\/\/dev.tg4.ie\/en\/information\/press\/press-releases\/2017-2\/03-05-17-2\/"]}]},{"@type":"ImageObject","inLanguage":"en-ie","@id":"https:\/\/dev.tg4.ie\/en\/information\/press\/press-releases\/2017-2\/03-05-17-2\/#primaryimage","url":"https:\/\/tg4-docs.s3.amazonaws.com\/tg4-redesign-2015\/wp-content\/uploads\/2016\/09\/Peadar-%C3%93-Goill.jpg","contentUrl":"https:\/\/tg4-docs.s3.amazonaws.com\/tg4-redesign-2015\/wp-content\/uploads\/2016\/09\/Peadar-%C3%93-Goill.jpg","width":1920,"height":1080,"caption":"Peadar \u00d3 Goill"},{"@type":"BreadcrumbList","@id":"https:\/\/dev.tg4.ie\/en\/information\/press\/press-releases\/2017-2\/03-05-17-2\/#breadcrumb","itemListElement":[{"@type":"ListItem","position":1,"name":"Home","item":"https:\/\/dev.tg4.ie\/en\/"},{"@type":"ListItem","position":2,"name":"Information","item":"https:\/\/dev.tg4.ie\/en\/information\/"},{"@type":"ListItem","position":3,"name":"Press","item":"https:\/\/dev.tg4.ie\/en\/information\/press\/"},{"@type":"ListItem","position":4,"name":"Press Releases","item":"https:\/\/dev.tg4.ie\/en\/information\/press\/press-releases\/"},{"@type":"ListItem","position":5,"name":"2017","item":"https:\/\/dev.tg4.ie\/en\/information\/press\/press-releases\/2017-2\/"},{"@type":"ListItem","position":6,"name":"03.05.17 &#8211; Is Eola\u00ed M\u00e9"}]},{"@type":"WebSite","@id":"https:\/\/dev.tg4.ie\/en\/#website","url":"https:\/\/dev.tg4.ie\/en\/","name":"TG4","description":"S\u00fail Eile","potentialAction":[{"@type":"SearchAction","target":{"@type":"EntryPoint","urlTemplate":"https:\/\/dev.tg4.ie\/en\/?s={search_term_string}"},"query-input":"required name=search_term_string"}],"inLanguage":"en-ie"}]}},"_links":{"self":[{"href":"https:\/\/dev.tg4.ie\/en\/wp-json\/wp\/v2\/pages\/51805"}],"collection":[{"href":"https:\/\/dev.tg4.ie\/en\/wp-json\/wp\/v2\/pages"}],"about":[{"href":"https:\/\/dev.tg4.ie\/en\/wp-json\/wp\/v2\/types\/page"}],"author":[{"embeddable":true,"href":"https:\/\/dev.tg4.ie\/en\/wp-json\/wp\/v2\/users\/4"}],"replies":[{"embeddable":true,"href":"https:\/\/dev.tg4.ie\/en\/wp-json\/wp\/v2\/comments?post=51805"}],"version-history":[{"count":0,"href":"https:\/\/dev.tg4.ie\/en\/wp-json\/wp\/v2\/pages\/51805\/revisions"}],"up":[{"embeddable":true,"href":"https:\/\/dev.tg4.ie\/en\/wp-json\/wp\/v2\/pages\/40344"}],"wp:featuredmedia":[{"embeddable":true,"href":"https:\/\/dev.tg4.ie\/en\/wp-json\/wp\/v2\/media\/30305"}],"wp:attachment":[{"href":"https:\/\/dev.tg4.ie\/en\/wp-json\/wp\/v2\/media?parent=51805"}],"curies":[{"name":"wp","href":"https:\/\/api.w.org\/{rel}","templated":true}]}}