{"id":56251,"date":"2017-07-07T11:22:08","date_gmt":"2017-07-07T10:22:08","guid":{"rendered":"https:\/\/dev.tg4.ie\/?page_id=56251\/"},"modified":"2019-06-25T09:40:30","modified_gmt":"2019-06-25T08:40:30","slug":"song-granite","status":"publish","type":"page","link":"https:\/\/dev.tg4.ie\/en\/information\/press\/press-releases\/2017-2\/song-granite\/","title":{"rendered":"Song of Granite &#8211; Galway Film Fleadh 2017"},"content":{"rendered":"<p>TG4 films include <strong><em>Song of Granite<\/em><\/strong> which is the opening film at this year\u2019s festival on the 11th of July. It portrays the life of the great traditional Irish singer, Joe Heaney. The beautiful yet harsh landscape combined with the myths, fables and songs of his Connemara childhood helped shape this complex and gifted character. Directed by Pat Collins, the film is produced by Alan Maher and Jessie Fisk of Marcie Films.<\/p>\n<p>The following night features <em><strong>Rocky Ros Muc<\/strong><\/em> which examines the spirit inside the ring and the troubles outside, as well as the reality of emigration and its impact on identity. In the mid-1970s Se\u00e1n \u00d3 Mainn\u00edn left Galway for Boston. From humble beginnings, to competing for a world title boxing crown; from the quiet Gaeltacht village of Ros Muc in Connemara to the criminal underworld of James \u2018Whitey\u2019 Bulger and the mean streets of Boston. <em><strong>Rocky Ros Muc<\/strong><\/em> is Se\u00e1n \u00d3 Mainn\u00edn\u2019s story; his life, boxing career, and the ups and downs of both. This is a story of survival, determination, honour and strength. A Below the Radar production in association with ILBF, MG Alba and BAI. Directed by Michael Fanning. Produced by M\u00e1ire Bhreathnach. Writer and associate producer R\u00f3n\u00e1n Mac Con Iomaire.<\/p>\n<p>Director Tom Colliin\u2019s historical drama <em><strong>Athr\u00ed\/Penance<\/strong><\/em> debuts on Saturday the 15th, a story with a background of the Easter Rising 1916, but set primarily in more recent times. Firebrand priest Father Eoin O\u2019Donnell is convinced that only violence will force Britain out of Ireland. He influences young, impressionable Antaine to fight. When events spiral out of control, Antaine accidently kills his mother while trying to escape the local police. Fr. Eoin realises that he had too much influence on the boy. He runs away to Derry, many miles away, to seek penance. Starring Peter Coonan, Terry Byrne, Barry Barnes &amp; Diona Doherty. The film was written by Greg \u00d3 Braon\u00e1in and Tom Collins, with Collins producing alongside Edwina Forkin ( Zanzibar Films). Funded by Northern Ireland Screen, The Irish Film Board, TG4 and BAI.<\/p>\n<p>Hurling legend <em><strong>Ger Loughnane<\/strong><\/em> reveals the fascinating Irish links to the Canadian obsession with ice hockey in <em><strong>Poc na nGael<\/strong><\/em> on Sunday. Early Irish immigrants created the sport, a game born from hurling, a sport dear to Ger\u2019s heart. He discovers how hurling evolved into hockey. The sport the Irish created also helped to establish them in Canadian society. The Irish were essential to developing the game that quickly swept the new nation of Canada. Directed by \u00c9amonn \u00d3 Cual\u00e1in with contributions from Ger Loughnane, Brendan Shanahon &amp; Geraldine Heaney. Script by Sam Kingston, Niall Murphy &amp; Tadhg Mac Dhonnag\u00e1in. Producers \u00c9amonn \u00d3 Cual\u00e1in &amp; Sam Kingston.<\/p>\n<p><em><strong>It Tolls for Thee<\/strong><\/em> is screening on Thursday. Through an intriguing conspiracy of circumstance and courage, Irishwoman Mary Elmes found herself centre stage for two of the major theatres of war in the 20th century. During the civil war in Spain, Mary rescued children from the bombs raining down from German and Italian planes. Within a few years the world was plunged into an even greater conflict and once more, \u2018doing nothing\u2019 was not an option for Mary. Narrated by Winona Ryder and featuring a wealth of personal archives as well as contributions from those who were spared the death camps because of Mary Elmes, this is a story of unadulterated goodness set in a world of seemingly all-consuming darkness. Director &amp; script Andrew Gallimore, narrated by Winona Ryder, producer Lucia Gavin.<\/p>\n<p><em><strong>Ag Trasn\u00fa an Atlantaigh Dhuibh\/ Crossing the Black Atlantic<\/strong><\/em> showcases on Friday. Scarcely can there be a body buried in Irish soil that hides a more intriguing tale and presents a more challenging legacy than that of Tom Molineaux (1784-1818). Having saved his owner\u2019s plantation by winning a fist-fight, Molineaux sailed to England where he challenged the heavyweight champion in a contest that is still considered one of the most shameful episodes in British sports history. Molineaux was cheated of the title and of all his money, so the first American sporting hero fled to Ireland. Co-directed by Des Kilbane &amp; Andrew Gallimore. Produced by Orla Higgins &amp; Des Kilbane- Desk Productions.<\/p>\n<p>Also showing on Friday is <em><strong>Turas na hAilse.<\/strong><\/em> Twice a week, cancer patients from Donegal board a bus and travel five hours and 200 kilometres to receive radiotherapy in University Hospital Galway \u2013 their nearest treatment centre. In Galway, they take residence in Inis Aoibhinn, a haven away from the hospital. Turas na hAilse \/ The Cancer Journey follows them as they journey together, exhibiting resilience, generosity and spirit under difficult, but unifying, circumstances. Produced by Hawkeye Films and Phantom Limb Productions.<\/p>\n<p>TG4 Director General,<em><strong> Alan Esslemont<\/strong><\/em> said <em>\u201cIt is very gratifying to see so many TG4 films being showcased at this year\u2019s Galway Film Fleadh. Since TG4 launched, drama in Irish has been at the heart of our vision for audiences and our drama producers have consistently won international and national awards.\u2019<\/em><\/p>\n<p><iframe loading=\"lazy\" width=\"560\" height=\"315\" src=\"https:\/\/www.youtube.com\/embed\/videoseries?list=PLZCDKZI5tB4qjKwJgX-EE74QPaeDZmeXH\" frameborder=\"0\" allowfullscreen><\/iframe><\/p>\n","protected":false},"excerpt":{"rendered":"<p>TG4 films include Song of Granite which is the opening film at this year\u2019s festival on the 11th of July. It portrays the life of the great traditional Irish singer, Joe Heaney. The beautiful yet harsh landscape combined with the myths, fables and songs of his Connemara childhood helped shape this complex and gifted character. [&hellip;]<\/p>\n","protected":false},"author":999,"featured_media":56253,"parent":40344,"menu_order":10,"comment_status":"closed","ping_status":"closed","template":"page-templates\/template-pr.php","meta":{"_acf_changed":false,"footnotes":""},"acf":[],"yoast_head":"<!-- This site is optimized with the Yoast SEO plugin v22.6 - https:\/\/yoast.com\/wordpress\/plugins\/seo\/ -->\n<title>Song of Granite - Galway Film Fleadh 2017 - TG4<\/title>\n<meta name=\"robots\" content=\"index, follow, max-snippet:-1, max-image-preview:large, max-video-preview:-1\" \/>\n<meta property=\"og:locale\" content=\"en_US\" \/>\n<meta property=\"og:type\" content=\"article\" \/>\n<meta property=\"og:title\" content=\"Song of Granite - Galway Film Fleadh 2017 - TG4\" \/>\n<meta property=\"og:description\" content=\"TG4 films include Song of Granite which is the opening film at this year\u2019s festival on the 11th of July. It portrays the life of the great traditional Irish singer, Joe Heaney. The beautiful yet harsh landscape combined with the myths, fables and songs of his Connemara childhood helped shape this complex and gifted character. [&hellip;]\" \/>\n<meta property=\"og:url\" content=\"https:\/\/dev.tg4.ie\/en\/information\/press\/press-releases\/2017-2\/song-granite\/\" \/>\n<meta property=\"og:site_name\" content=\"TG4\" \/>\n<meta property=\"article:publisher\" content=\"https:\/\/www.facebook.com\/TG4TV\" \/>\n<meta property=\"article:modified_time\" content=\"2019-06-25T08:40:30+00:00\" \/>\n<meta property=\"og:image\" content=\"https:\/\/tg4-docs.s3.amazonaws.com\/tg4-redesign-2015\/wp-content\/uploads\/2017\/07\/Rocky-Se%C3%A1n-%C3%93-Mainn%C3%ADn-sized.jpg\" \/>\n\t<meta property=\"og:image:width\" content=\"1280\" \/>\n\t<meta property=\"og:image:height\" content=\"855\" \/>\n\t<meta property=\"og:image:type\" content=\"image\/jpeg\" \/>\n<meta name=\"twitter:card\" content=\"summary_large_image\" \/>\n<meta name=\"twitter:site\" content=\"@TG4TV\" \/>\n<meta name=\"twitter:label1\" content=\"Est. reading time\" \/>\n\t<meta name=\"twitter:data1\" content=\"4 minutes\" \/>\n<script type=\"application\/ld+json\" class=\"yoast-schema-graph\">{\"@context\":\"https:\/\/schema.org\",\"@graph\":[{\"@type\":\"WebPage\",\"@id\":\"https:\/\/dev.tg4.ie\/en\/information\/press\/press-releases\/2017-2\/song-granite\/\",\"url\":\"https:\/\/dev.tg4.ie\/en\/information\/press\/press-releases\/2017-2\/song-granite\/\",\"name\":\"Song of Granite - Galway Film Fleadh 2017 - TG4\",\"isPartOf\":{\"@id\":\"https:\/\/dev.tg4.ie\/en\/#website\"},\"primaryImageOfPage\":{\"@id\":\"https:\/\/dev.tg4.ie\/en\/information\/press\/press-releases\/2017-2\/song-granite\/#primaryimage\"},\"image\":{\"@id\":\"https:\/\/dev.tg4.ie\/en\/information\/press\/press-releases\/2017-2\/song-granite\/#primaryimage\"},\"thumbnailUrl\":\"https:\/\/tg4-docs.s3.amazonaws.com\/tg4-redesign-2015\/wp-content\/uploads\/2017\/07\/Rocky-Se%C3%A1n-%C3%93-Mainn%C3%ADn-sized.jpg\",\"datePublished\":\"2017-07-07T10:22:08+00:00\",\"dateModified\":\"2019-06-25T08:40:30+00:00\",\"breadcrumb\":{\"@id\":\"https:\/\/dev.tg4.ie\/en\/information\/press\/press-releases\/2017-2\/song-granite\/#breadcrumb\"},\"inLanguage\":\"en-ie\",\"potentialAction\":[{\"@type\":\"ReadAction\",\"target\":[\"https:\/\/dev.tg4.ie\/en\/information\/press\/press-releases\/2017-2\/song-granite\/\"]}]},{\"@type\":\"ImageObject\",\"inLanguage\":\"en-ie\",\"@id\":\"https:\/\/dev.tg4.ie\/en\/information\/press\/press-releases\/2017-2\/song-granite\/#primaryimage\",\"url\":\"https:\/\/tg4-docs.s3.amazonaws.com\/tg4-redesign-2015\/wp-content\/uploads\/2017\/07\/Rocky-Se%C3%A1n-%C3%93-Mainn%C3%ADn-sized.jpg\",\"contentUrl\":\"https:\/\/tg4-docs.s3.amazonaws.com\/tg4-redesign-2015\/wp-content\/uploads\/2017\/07\/Rocky-Se%C3%A1n-%C3%93-Mainn%C3%ADn-sized.jpg\",\"width\":1280,\"height\":855,\"caption\":\"Rocky Ros Muc Se\u00e1n \u00d3 Mainn\u00edn\"},{\"@type\":\"BreadcrumbList\",\"@id\":\"https:\/\/dev.tg4.ie\/en\/information\/press\/press-releases\/2017-2\/song-granite\/#breadcrumb\",\"itemListElement\":[{\"@type\":\"ListItem\",\"position\":1,\"name\":\"Home\",\"item\":\"https:\/\/dev.tg4.ie\/en\/\"},{\"@type\":\"ListItem\",\"position\":2,\"name\":\"Information\",\"item\":\"https:\/\/dev.tg4.ie\/en\/information\/\"},{\"@type\":\"ListItem\",\"position\":3,\"name\":\"Press\",\"item\":\"https:\/\/dev.tg4.ie\/en\/information\/press\/\"},{\"@type\":\"ListItem\",\"position\":4,\"name\":\"Press Releases\",\"item\":\"https:\/\/dev.tg4.ie\/en\/information\/press\/press-releases\/\"},{\"@type\":\"ListItem\",\"position\":5,\"name\":\"2017\",\"item\":\"https:\/\/dev.tg4.ie\/en\/information\/press\/press-releases\/2017-2\/\"},{\"@type\":\"ListItem\",\"position\":6,\"name\":\"Song of Granite &#8211; Galway Film Fleadh 2017\"}]},{\"@type\":\"WebSite\",\"@id\":\"https:\/\/dev.tg4.ie\/en\/#website\",\"url\":\"https:\/\/dev.tg4.ie\/en\/\",\"name\":\"TG4\",\"description\":\"S\u00fail Eile\",\"potentialAction\":[{\"@type\":\"SearchAction\",\"target\":{\"@type\":\"EntryPoint\",\"urlTemplate\":\"https:\/\/dev.tg4.ie\/en\/?s={search_term_string}\"},\"query-input\":\"required name=search_term_string\"}],\"inLanguage\":\"en-ie\"}]}<\/script>\n<!-- \/ Yoast SEO plugin. -->","yoast_head_json":{"title":"Song of Granite - Galway Film Fleadh 2017 - TG4","robots":{"index":"index","follow":"follow","max-snippet":"max-snippet:-1","max-image-preview":"max-image-preview:large","max-video-preview":"max-video-preview:-1"},"og_locale":"en_US","og_type":"article","og_title":"Song of Granite - Galway Film Fleadh 2017 - TG4","og_description":"TG4 films include Song of Granite which is the opening film at this year\u2019s festival on the 11th of July. It portrays the life of the great traditional Irish singer, Joe Heaney. The beautiful yet harsh landscape combined with the myths, fables and songs of his Connemara childhood helped shape this complex and gifted character. [&hellip;]","og_url":"https:\/\/dev.tg4.ie\/en\/information\/press\/press-releases\/2017-2\/song-granite\/","og_site_name":"TG4","article_publisher":"https:\/\/www.facebook.com\/TG4TV","article_modified_time":"2019-06-25T08:40:30+00:00","og_image":[{"width":1280,"height":855,"url":"https:\/\/tg4-docs.s3.amazonaws.com\/tg4-redesign-2015\/wp-content\/uploads\/2017\/07\/Rocky-Se%C3%A1n-%C3%93-Mainn%C3%ADn-sized.jpg","type":"image\/jpeg"}],"twitter_card":"summary_large_image","twitter_site":"@TG4TV","twitter_misc":{"Est. reading time":"4 minutes"},"schema":{"@context":"https:\/\/schema.org","@graph":[{"@type":"WebPage","@id":"https:\/\/dev.tg4.ie\/en\/information\/press\/press-releases\/2017-2\/song-granite\/","url":"https:\/\/dev.tg4.ie\/en\/information\/press\/press-releases\/2017-2\/song-granite\/","name":"Song of Granite - Galway Film Fleadh 2017 - TG4","isPartOf":{"@id":"https:\/\/dev.tg4.ie\/en\/#website"},"primaryImageOfPage":{"@id":"https:\/\/dev.tg4.ie\/en\/information\/press\/press-releases\/2017-2\/song-granite\/#primaryimage"},"image":{"@id":"https:\/\/dev.tg4.ie\/en\/information\/press\/press-releases\/2017-2\/song-granite\/#primaryimage"},"thumbnailUrl":"https:\/\/tg4-docs.s3.amazonaws.com\/tg4-redesign-2015\/wp-content\/uploads\/2017\/07\/Rocky-Se%C3%A1n-%C3%93-Mainn%C3%ADn-sized.jpg","datePublished":"2017-07-07T10:22:08+00:00","dateModified":"2019-06-25T08:40:30+00:00","breadcrumb":{"@id":"https:\/\/dev.tg4.ie\/en\/information\/press\/press-releases\/2017-2\/song-granite\/#breadcrumb"},"inLanguage":"en-ie","potentialAction":[{"@type":"ReadAction","target":["https:\/\/dev.tg4.ie\/en\/information\/press\/press-releases\/2017-2\/song-granite\/"]}]},{"@type":"ImageObject","inLanguage":"en-ie","@id":"https:\/\/dev.tg4.ie\/en\/information\/press\/press-releases\/2017-2\/song-granite\/#primaryimage","url":"https:\/\/tg4-docs.s3.amazonaws.com\/tg4-redesign-2015\/wp-content\/uploads\/2017\/07\/Rocky-Se%C3%A1n-%C3%93-Mainn%C3%ADn-sized.jpg","contentUrl":"https:\/\/tg4-docs.s3.amazonaws.com\/tg4-redesign-2015\/wp-content\/uploads\/2017\/07\/Rocky-Se%C3%A1n-%C3%93-Mainn%C3%ADn-sized.jpg","width":1280,"height":855,"caption":"Rocky Ros Muc Se\u00e1n \u00d3 Mainn\u00edn"},{"@type":"BreadcrumbList","@id":"https:\/\/dev.tg4.ie\/en\/information\/press\/press-releases\/2017-2\/song-granite\/#breadcrumb","itemListElement":[{"@type":"ListItem","position":1,"name":"Home","item":"https:\/\/dev.tg4.ie\/en\/"},{"@type":"ListItem","position":2,"name":"Information","item":"https:\/\/dev.tg4.ie\/en\/information\/"},{"@type":"ListItem","position":3,"name":"Press","item":"https:\/\/dev.tg4.ie\/en\/information\/press\/"},{"@type":"ListItem","position":4,"name":"Press Releases","item":"https:\/\/dev.tg4.ie\/en\/information\/press\/press-releases\/"},{"@type":"ListItem","position":5,"name":"2017","item":"https:\/\/dev.tg4.ie\/en\/information\/press\/press-releases\/2017-2\/"},{"@type":"ListItem","position":6,"name":"Song of Granite &#8211; Galway Film Fleadh 2017"}]},{"@type":"WebSite","@id":"https:\/\/dev.tg4.ie\/en\/#website","url":"https:\/\/dev.tg4.ie\/en\/","name":"TG4","description":"S\u00fail Eile","potentialAction":[{"@type":"SearchAction","target":{"@type":"EntryPoint","urlTemplate":"https:\/\/dev.tg4.ie\/en\/?s={search_term_string}"},"query-input":"required name=search_term_string"}],"inLanguage":"en-ie"}]}},"_links":{"self":[{"href":"https:\/\/dev.tg4.ie\/en\/wp-json\/wp\/v2\/pages\/56251"}],"collection":[{"href":"https:\/\/dev.tg4.ie\/en\/wp-json\/wp\/v2\/pages"}],"about":[{"href":"https:\/\/dev.tg4.ie\/en\/wp-json\/wp\/v2\/types\/page"}],"author":[{"embeddable":true,"href":"https:\/\/dev.tg4.ie\/en\/wp-json\/wp\/v2\/users\/999"}],"replies":[{"embeddable":true,"href":"https:\/\/dev.tg4.ie\/en\/wp-json\/wp\/v2\/comments?post=56251"}],"version-history":[{"count":0,"href":"https:\/\/dev.tg4.ie\/en\/wp-json\/wp\/v2\/pages\/56251\/revisions"}],"up":[{"embeddable":true,"href":"https:\/\/dev.tg4.ie\/en\/wp-json\/wp\/v2\/pages\/40344"}],"wp:featuredmedia":[{"embeddable":true,"href":"https:\/\/dev.tg4.ie\/en\/wp-json\/wp\/v2\/media\/56253"}],"wp:attachment":[{"href":"https:\/\/dev.tg4.ie\/en\/wp-json\/wp\/v2\/media?parent=56251"}],"curies":[{"name":"wp","href":"https:\/\/api.w.org\/{rel}","templated":true}]}}