{"id":65454,"date":"2017-08-28T12:37:41","date_gmt":"2017-08-28T11:37:41","guid":{"rendered":"https:\/\/dev.tg4.ie\/?page_id=65454\/"},"modified":"2019-06-25T09:57:55","modified_gmt":"2019-06-25T08:57:55","slug":"28-08-17-autumn-launch-2017","status":"publish","type":"page","link":"https:\/\/dev.tg4.ie\/en\/information\/press\/press-releases\/2017-2\/28-08-17-autumn-launch-2017\/","title":{"rendered":"28.08.17 &#8211; Autumn Launch 2017"},"content":{"rendered":"<h2>TG4\u2019s Autumn Collection Connects and Shares with style<\/h2>\n<p>Energy, imagination and sharing stories lie at the heart of the programming and on-line content on offer in TG4\u2019s Autumn line-up, revealed at a launch in the very appropriate setting of the brand-new O\u2019Donoghue Centre for Theatre, Drama and Performance in NUI Galway this afternoon.<\/p>\n<p>The energy ranges across the channel\u2019s entire output, especially in the music, sports and kids\u2019 output over the coming months, offering traditional country and western music, the Junior Eurovision song contest and extensive coverage of the annual Oireachtas na Gaeilge cultural festival at mid-term.<\/p>\n<p>The imagination permeates the extensive drama series from home and abroad, none more so than in the exciting new Cine4 initiative for new film projects in Irish which will produce feature-length works for premiere release in Irish cinemas and for later broadcast on TG4. The enduring flagship Ros na R\u00fan series also continues to break new ground and a discerning choice of acquired series from North America and Scandinavia adds further quality to the schedule.<\/p>\n<p>Shared stories have been a hallmark of TG4 from the outset and it is now transitioning seamlessly to add it to new platforms. New factual TV series this Autumn tell the history of the GAA in Ulster, profile the lives of our young London-based high achievers, reveal how hurling influenced ice-hockey in Canada and highlight how an almost unknown Cork-born woman won international acclaim for her humanitarian work in two major European wars in the middle of the last century. We\u2019ll also see how a Spanish Armada survivor chronicled life in 16th century Ireland and witness the efforts of a contemporary remote community to battle against State neglect and the ravages of emigration.<\/p>\n<p>There is also a mouth-watering line-up of free to view movies and a great selection of exclusive live Gaelic games, rugby and horse-racing as well as further exciting developments for TG4\u2019s on-line offering for young people and Irish learners on the Player, the Web and social media.<br \/>\nFull details and accompanying images at www.tg4.ie\/press<\/p>\n<p>Highlights include:<\/p>\n<ul>\n<li><strong>Grace Harte<\/strong>: A new three-part drama series set in the west of Ireland coastal hotel where a fading business reflect the owners\u2019 tired marriage \u2026 but the Wild Atlantic way brings a handsome stranger to town&#8230;<\/li>\n<li><strong>N\u00edos m\u00f3 na Cluiche<\/strong>: The inside story of the GAA in Ulster and how the world\u2019s leading amateur sports organisation grew and has prospered in that province in the most trying of circumstances.<\/li>\n<li><strong>Gl\u00e9asta chun F\u00e9asta<\/strong>: A series with a different take on fashion. Each week a team of designers, steered by hostess <strong>Bl\u00e1thnaid Treacy<\/strong>, creates three bespoke outfits for an upcoming special event in the guest\u2019s life. Now the guest must pick one of them!<\/li>\n<li><strong>\u00c9ire sna Nuachtscann\u00e1in<\/strong>: How Ireland and its people were portrayed in the cinema newsreels, mostly made by visiting UK crews, before the advent of TV here. What a nation of pixies we seemed to them.<\/li>\n<li><strong>An R\u00edl Deal<\/strong>: The search resumes for Ireland\u2019s top dance act.<\/li>\n<li><strong>Tocht na M\u00e1thar<\/strong>: Mothers speak frankly about the about the death or life-changing injury of their child following an act of violence.<\/li>\n<li><strong>Celtic Connections<\/strong>: The top traditional musicians from Ireland, Scotland and further afield, in full flight and unplugged at the annual winter festival in Glasgow.<\/li>\n<li><strong>GAA Beo<\/strong>: Exclusive live and free to view coverage of the All-Ireland Minor and Under-21 Finals, the TG4 All-Ireland Ladies Gaelic Football Finals from Croke Park on Sept 24th, county finals, the AIB Club Provincial Championships and the Allianz National Leagues.<\/li>\n<li><strong>Rugba\u00ed Beo<\/strong>: Live free-to-view weekly coverage of the newly extended Guinness Pro 14 League competition as well as same-day highlights from Irish provinces\u2019 matches in the European Champions Cup and Challenge Cup.<\/li>\n<li><strong>Young people<\/strong>: The <strong>C\u00fala4 na n\u00d3g<\/strong> zone provides a daily early-morning entertainment package for the pre-school age group. It offers brand-new Irish versions of famous animated series, introducing Masha and the Bear, Wussywat , Astroblast plus regular established favourites Dora the Explorer, Pocoyo, Dinosaur Train, Bia Linn, Saol Faoi Shr\u00e1id, Igam Ogam, and Sc\u00e9al an Lae. For school-going kids C\u00fala4 in the afternoon also has an impressive line-up, including the newly commissioned Irish language originals Whiz sa Chistin, Lurgan2K17 and Is Eola\u00ed M\u00e9, a fun science series.<\/li>\n<li><strong>Nuacht TG4<\/strong>: Anchor <strong>Eimear N\u00ed Chonaola<\/strong> and the country-wide team continue to throw a different light on news stories, local, national and global. People make news. See and hear from the people at the heart of things.<\/li>\n<li><strong>F\u00edorsc\u00e9al<\/strong>: A new season of top-class international documentaries that continue to cast a thought-provoking and fearless eye on issues which affect us &#8211; environmentally, socially, politically and globally.<\/li>\n<li><strong>Opry Dhoire<\/strong>: A new season of the popular country music performance series recorded in front of a live audience, presented by Daniel O\u2019Donnell and co-host Lynette Fay. In an exciting cross-over element, Ireland\u2019s top country stars duet with some well-known traditional singers.<\/li>\n<li><strong>Junior Eurovision<\/strong>: As Ireland\u2019s efforts in the adult section continue to falter, can our young people redeem Ireland\u2019s reputation in this year\u2019s Eurovision Junior Song Contest in Tbilisi, Georgia. We\u2019ll seek and find the best young singers. Now we must find one winner to represent the country. Ireland\u2019s former Eurovision representatives will guest-judge each programme.<\/li>\n<\/ul>\n<p>TG4 content is available to view anywhere any time with Apps on most of the Smart TV sets now on the market from the major manufacturers, a browser-based Player on <a href=\"https:\/\/dev.tg4.ie\/en\/player\/home\/\" target=\"_blank\" rel=\"noopener noreferrer\">www.tg4.tv<\/a>, a TG4 Player App for iPad and the launch of an updated Website <a href=\"https:\/\/dev.tg4.ie\/en\/\" target=\"_blank\" rel=\"noopener noreferrer\">www.tg4.ie<\/a>\u00a0and a TG4 Player App for iPad and the Cula4: Seinnteoir App for iPad.<\/p>\n","protected":false},"excerpt":{"rendered":"<p>TG4\u2019s Autumn Collection Connects and Shares with style Energy, imagination and sharing stories lie at the heart of the programming and on-line content on offer in TG4\u2019s Autumn line-up, revealed at a launch in the very appropriate setting of the brand-new O\u2019Donoghue Centre for Theatre, Drama and Performance in NUI Galway this afternoon. The energy [&hellip;]<\/p>\n","protected":false},"author":999,"featured_media":65528,"parent":40344,"menu_order":14,"comment_status":"closed","ping_status":"closed","template":"page-templates\/template-pr.php","meta":{"_acf_changed":false,"footnotes":""},"acf":[],"yoast_head":"<!-- This site is optimized with the Yoast SEO plugin v22.6 - https:\/\/yoast.com\/wordpress\/plugins\/seo\/ -->\n<title>28.08.17 - Autumn Launch 2017 - TG4<\/title>\n<meta name=\"robots\" content=\"index, follow, max-snippet:-1, max-image-preview:large, max-video-preview:-1\" \/>\n<meta property=\"og:locale\" content=\"en_US\" \/>\n<meta property=\"og:type\" content=\"article\" \/>\n<meta property=\"og:title\" content=\"28.08.17 - Autumn Launch 2017 - TG4\" \/>\n<meta property=\"og:description\" content=\"TG4\u2019s Autumn Collection Connects and Shares with style Energy, imagination and sharing stories lie at the heart of the programming and on-line content on offer in TG4\u2019s Autumn line-up, revealed at a launch in the very appropriate setting of the brand-new O\u2019Donoghue Centre for Theatre, Drama and Performance in NUI Galway this afternoon. The energy [&hellip;]\" \/>\n<meta property=\"og:url\" content=\"https:\/\/dev.tg4.ie\/en\/information\/press\/press-releases\/2017-2\/28-08-17-autumn-launch-2017\/\" \/>\n<meta property=\"og:site_name\" content=\"TG4\" \/>\n<meta property=\"article:publisher\" content=\"https:\/\/www.facebook.com\/TG4TV\" \/>\n<meta property=\"article:modified_time\" content=\"2019-06-25T08:57:55+00:00\" \/>\n<meta property=\"og:image\" content=\"https:\/\/tg4-docs.s3.amazonaws.com\/tg4-redesign-2015\/wp-content\/uploads\/2017\/08\/Laith3.jpg\" \/>\n\t<meta property=\"og:image:width\" content=\"1920\" \/>\n\t<meta property=\"og:image:height\" content=\"1080\" \/>\n\t<meta property=\"og:image:type\" content=\"image\/jpeg\" \/>\n<meta name=\"twitter:card\" content=\"summary_large_image\" \/>\n<meta name=\"twitter:site\" content=\"@TG4TV\" \/>\n<meta name=\"twitter:label1\" content=\"Est. reading time\" \/>\n\t<meta name=\"twitter:data1\" content=\"5 minutes\" \/>\n<script type=\"application\/ld+json\" class=\"yoast-schema-graph\">{\"@context\":\"https:\/\/schema.org\",\"@graph\":[{\"@type\":\"WebPage\",\"@id\":\"https:\/\/dev.tg4.ie\/en\/information\/press\/press-releases\/2017-2\/28-08-17-autumn-launch-2017\/\",\"url\":\"https:\/\/dev.tg4.ie\/en\/information\/press\/press-releases\/2017-2\/28-08-17-autumn-launch-2017\/\",\"name\":\"28.08.17 - Autumn Launch 2017 - TG4\",\"isPartOf\":{\"@id\":\"https:\/\/dev.tg4.ie\/en\/#website\"},\"primaryImageOfPage\":{\"@id\":\"https:\/\/dev.tg4.ie\/en\/information\/press\/press-releases\/2017-2\/28-08-17-autumn-launch-2017\/#primaryimage\"},\"image\":{\"@id\":\"https:\/\/dev.tg4.ie\/en\/information\/press\/press-releases\/2017-2\/28-08-17-autumn-launch-2017\/#primaryimage\"},\"thumbnailUrl\":\"https:\/\/tg4-docs.s3.amazonaws.com\/tg4-redesign-2015\/wp-content\/uploads\/2017\/08\/Laith3.jpg\",\"datePublished\":\"2017-08-28T11:37:41+00:00\",\"dateModified\":\"2019-06-25T08:57:55+00:00\",\"breadcrumb\":{\"@id\":\"https:\/\/dev.tg4.ie\/en\/information\/press\/press-releases\/2017-2\/28-08-17-autumn-launch-2017\/#breadcrumb\"},\"inLanguage\":\"en-ie\",\"potentialAction\":[{\"@type\":\"ReadAction\",\"target\":[\"https:\/\/dev.tg4.ie\/en\/information\/press\/press-releases\/2017-2\/28-08-17-autumn-launch-2017\/\"]}]},{\"@type\":\"ImageObject\",\"inLanguage\":\"en-ie\",\"@id\":\"https:\/\/dev.tg4.ie\/en\/information\/press\/press-releases\/2017-2\/28-08-17-autumn-launch-2017\/#primaryimage\",\"url\":\"https:\/\/tg4-docs.s3.amazonaws.com\/tg4-redesign-2015\/wp-content\/uploads\/2017\/08\/Laith3.jpg\",\"contentUrl\":\"https:\/\/tg4-docs.s3.amazonaws.com\/tg4-redesign-2015\/wp-content\/uploads\/2017\/08\/Laith3.jpg\",\"width\":1920,\"height\":1080,\"caption\":\"Seoladh an Fh\u00f3mhair 2017\"},{\"@type\":\"BreadcrumbList\",\"@id\":\"https:\/\/dev.tg4.ie\/en\/information\/press\/press-releases\/2017-2\/28-08-17-autumn-launch-2017\/#breadcrumb\",\"itemListElement\":[{\"@type\":\"ListItem\",\"position\":1,\"name\":\"Home\",\"item\":\"https:\/\/dev.tg4.ie\/en\/\"},{\"@type\":\"ListItem\",\"position\":2,\"name\":\"Information\",\"item\":\"https:\/\/dev.tg4.ie\/en\/information\/\"},{\"@type\":\"ListItem\",\"position\":3,\"name\":\"Press\",\"item\":\"https:\/\/dev.tg4.ie\/en\/information\/press\/\"},{\"@type\":\"ListItem\",\"position\":4,\"name\":\"Press Releases\",\"item\":\"https:\/\/dev.tg4.ie\/en\/information\/press\/press-releases\/\"},{\"@type\":\"ListItem\",\"position\":5,\"name\":\"2017\",\"item\":\"https:\/\/dev.tg4.ie\/en\/information\/press\/press-releases\/2017-2\/\"},{\"@type\":\"ListItem\",\"position\":6,\"name\":\"28.08.17 &#8211; Autumn Launch 2017\"}]},{\"@type\":\"WebSite\",\"@id\":\"https:\/\/dev.tg4.ie\/en\/#website\",\"url\":\"https:\/\/dev.tg4.ie\/en\/\",\"name\":\"TG4\",\"description\":\"S\u00fail Eile\",\"potentialAction\":[{\"@type\":\"SearchAction\",\"target\":{\"@type\":\"EntryPoint\",\"urlTemplate\":\"https:\/\/dev.tg4.ie\/en\/?s={search_term_string}\"},\"query-input\":\"required name=search_term_string\"}],\"inLanguage\":\"en-ie\"}]}<\/script>\n<!-- \/ Yoast SEO plugin. -->","yoast_head_json":{"title":"28.08.17 - Autumn Launch 2017 - TG4","robots":{"index":"index","follow":"follow","max-snippet":"max-snippet:-1","max-image-preview":"max-image-preview:large","max-video-preview":"max-video-preview:-1"},"og_locale":"en_US","og_type":"article","og_title":"28.08.17 - Autumn Launch 2017 - TG4","og_description":"TG4\u2019s Autumn Collection Connects and Shares with style Energy, imagination and sharing stories lie at the heart of the programming and on-line content on offer in TG4\u2019s Autumn line-up, revealed at a launch in the very appropriate setting of the brand-new O\u2019Donoghue Centre for Theatre, Drama and Performance in NUI Galway this afternoon. The energy [&hellip;]","og_url":"https:\/\/dev.tg4.ie\/en\/information\/press\/press-releases\/2017-2\/28-08-17-autumn-launch-2017\/","og_site_name":"TG4","article_publisher":"https:\/\/www.facebook.com\/TG4TV","article_modified_time":"2019-06-25T08:57:55+00:00","og_image":[{"width":1920,"height":1080,"url":"https:\/\/tg4-docs.s3.amazonaws.com\/tg4-redesign-2015\/wp-content\/uploads\/2017\/08\/Laith3.jpg","type":"image\/jpeg"}],"twitter_card":"summary_large_image","twitter_site":"@TG4TV","twitter_misc":{"Est. reading time":"5 minutes"},"schema":{"@context":"https:\/\/schema.org","@graph":[{"@type":"WebPage","@id":"https:\/\/dev.tg4.ie\/en\/information\/press\/press-releases\/2017-2\/28-08-17-autumn-launch-2017\/","url":"https:\/\/dev.tg4.ie\/en\/information\/press\/press-releases\/2017-2\/28-08-17-autumn-launch-2017\/","name":"28.08.17 - Autumn Launch 2017 - TG4","isPartOf":{"@id":"https:\/\/dev.tg4.ie\/en\/#website"},"primaryImageOfPage":{"@id":"https:\/\/dev.tg4.ie\/en\/information\/press\/press-releases\/2017-2\/28-08-17-autumn-launch-2017\/#primaryimage"},"image":{"@id":"https:\/\/dev.tg4.ie\/en\/information\/press\/press-releases\/2017-2\/28-08-17-autumn-launch-2017\/#primaryimage"},"thumbnailUrl":"https:\/\/tg4-docs.s3.amazonaws.com\/tg4-redesign-2015\/wp-content\/uploads\/2017\/08\/Laith3.jpg","datePublished":"2017-08-28T11:37:41+00:00","dateModified":"2019-06-25T08:57:55+00:00","breadcrumb":{"@id":"https:\/\/dev.tg4.ie\/en\/information\/press\/press-releases\/2017-2\/28-08-17-autumn-launch-2017\/#breadcrumb"},"inLanguage":"en-ie","potentialAction":[{"@type":"ReadAction","target":["https:\/\/dev.tg4.ie\/en\/information\/press\/press-releases\/2017-2\/28-08-17-autumn-launch-2017\/"]}]},{"@type":"ImageObject","inLanguage":"en-ie","@id":"https:\/\/dev.tg4.ie\/en\/information\/press\/press-releases\/2017-2\/28-08-17-autumn-launch-2017\/#primaryimage","url":"https:\/\/tg4-docs.s3.amazonaws.com\/tg4-redesign-2015\/wp-content\/uploads\/2017\/08\/Laith3.jpg","contentUrl":"https:\/\/tg4-docs.s3.amazonaws.com\/tg4-redesign-2015\/wp-content\/uploads\/2017\/08\/Laith3.jpg","width":1920,"height":1080,"caption":"Seoladh an Fh\u00f3mhair 2017"},{"@type":"BreadcrumbList","@id":"https:\/\/dev.tg4.ie\/en\/information\/press\/press-releases\/2017-2\/28-08-17-autumn-launch-2017\/#breadcrumb","itemListElement":[{"@type":"ListItem","position":1,"name":"Home","item":"https:\/\/dev.tg4.ie\/en\/"},{"@type":"ListItem","position":2,"name":"Information","item":"https:\/\/dev.tg4.ie\/en\/information\/"},{"@type":"ListItem","position":3,"name":"Press","item":"https:\/\/dev.tg4.ie\/en\/information\/press\/"},{"@type":"ListItem","position":4,"name":"Press Releases","item":"https:\/\/dev.tg4.ie\/en\/information\/press\/press-releases\/"},{"@type":"ListItem","position":5,"name":"2017","item":"https:\/\/dev.tg4.ie\/en\/information\/press\/press-releases\/2017-2\/"},{"@type":"ListItem","position":6,"name":"28.08.17 &#8211; Autumn Launch 2017"}]},{"@type":"WebSite","@id":"https:\/\/dev.tg4.ie\/en\/#website","url":"https:\/\/dev.tg4.ie\/en\/","name":"TG4","description":"S\u00fail Eile","potentialAction":[{"@type":"SearchAction","target":{"@type":"EntryPoint","urlTemplate":"https:\/\/dev.tg4.ie\/en\/?s={search_term_string}"},"query-input":"required name=search_term_string"}],"inLanguage":"en-ie"}]}},"_links":{"self":[{"href":"https:\/\/dev.tg4.ie\/en\/wp-json\/wp\/v2\/pages\/65454"}],"collection":[{"href":"https:\/\/dev.tg4.ie\/en\/wp-json\/wp\/v2\/pages"}],"about":[{"href":"https:\/\/dev.tg4.ie\/en\/wp-json\/wp\/v2\/types\/page"}],"author":[{"embeddable":true,"href":"https:\/\/dev.tg4.ie\/en\/wp-json\/wp\/v2\/users\/999"}],"replies":[{"embeddable":true,"href":"https:\/\/dev.tg4.ie\/en\/wp-json\/wp\/v2\/comments?post=65454"}],"version-history":[{"count":0,"href":"https:\/\/dev.tg4.ie\/en\/wp-json\/wp\/v2\/pages\/65454\/revisions"}],"up":[{"embeddable":true,"href":"https:\/\/dev.tg4.ie\/en\/wp-json\/wp\/v2\/pages\/40344"}],"wp:featuredmedia":[{"embeddable":true,"href":"https:\/\/dev.tg4.ie\/en\/wp-json\/wp\/v2\/media\/65528"}],"wp:attachment":[{"href":"https:\/\/dev.tg4.ie\/en\/wp-json\/wp\/v2\/media?parent=65454"}],"curies":[{"name":"wp","href":"https:\/\/api.w.org\/{rel}","templated":true}]}}