{"id":6627,"date":"2015-12-15T15:53:23","date_gmt":"2015-12-15T15:53:23","guid":{"rendered":"https:\/\/dev.tg4.ie\/en\/?page_id=6627"},"modified":"2019-06-25T11:31:57","modified_gmt":"2019-06-25T10:31:57","slug":"christmas-2015-on-tg4","status":"publish","type":"page","link":"https:\/\/dev.tg4.ie\/en\/information\/press\/press-releases\/2015-2\/christmas-2015-on-tg4\/","title":{"rendered":"Christmas 2015 on TG4"},"content":{"rendered":"<h2>TG4\u2019s Christmas treats 2015<\/h2>\n<p><strong>Music, live sport along with nostalgic &amp; intriguing documentaries are among the festive treats on TG4 this Christmas<\/strong><\/p>\n<p><strong>19<sup>th<\/sup> December \u2013 1<sup>st<\/sup> January<\/strong><\/p>\n<p>TG4\u2019s Christmas schedule has plenty of treats this season offering a wide variety of goodies from brand new documentaries such as <strong><em>Robert Shaw<\/em><\/strong>&#8211; <span><strong>Jaws <\/strong><\/span>a revealing documentary about the celebrated actor who made Tourmakeady in Mayo his home and <strong><em>Deoch an Dorais<\/em><\/strong> which tells the story of Mike Malloy. During the prohibition era in New York this Donegal man became known as the Rasputin of the Bronx because he survived over 20 attempts on his life in 1933.<\/p>\n<p>Filmed over the course of eight years, <strong><em>I mB\u00e9al na Stoirme, <\/em><\/strong>tells the story of a small fisherman who puts himself, as &#8216;David against Goliath&#8217;, in the heart of the new reform of the Common Fisheries in Brussels, to try to understand and change the system that took everything from him..<strong><em> Bocs\u00e1il i mBoston <\/em><\/strong>follows the boxers from the Connemara Boxing club as they take part in a boxing tournament in Boston hosted by Marty Walsh. <strong><em>T\u00edr Tairngire<\/em><\/strong> tells the story of how Cromwell banished many of the Gaels living in the eastern part of Ireland to Connacht.<\/p>\n<p>We look at the influence of musician Matt Cunningham on Irish c\u00e9il\u00ed music in <strong><em>Matt Cunningham &#8211; R\u00ed na Seite.<\/em><\/strong> Matt is joined by Kieran Hanrahan who has worked with Matt on numerous occasions over the years and Philomena Begley who shares a song and recounts with great fondness the times she played with Matt in the UK.<\/p>\n<p>TG4\u2019s <strong><em>Ros na R\u00fan\u2019s<\/em><\/strong> touching tribute episode to S\u00e9amus Mhicil Tom, the Irish language soap\u2019s loveable rogue, played by the late actor Diarmuid Mac an Adhastair airs on Wednesday the 23<sup>rd. <\/sup><\/p>\n<p>Many Irish country music stars feature on TG4 this Christmas including <strong><em>Daniel O\u2019Donnell, Nathan Carter <\/em><\/strong>and <em><strong>Robert Mizzell<\/strong><\/em><strong>.<\/strong> Brendan Shine celebrates 50 years in the business, in <strong><em>Brendan Shine@50 <\/em><\/strong>on New Year\u2019s Eve.<\/p>\n<p><strong><em>An Klondike an Scann\u00e1n<\/em><\/strong> is a feature length version of the popular drama series that tells the story of the Connolly Brothers; three Irish emigrants who travel from Montana to the Yukon.<\/p>\n<p>Top class traditional music comes to us on Christmas Day from Kinvarra and features many of Ireland&#8217;s finest musicians such as M\u00e1irt\u00edn O\u2019Connor, Cathal Hayden, Gary \u00d3 Brian, Chris and Cathal Droney, singer Br\u00edd N\u00ed Mhaoilchiar\u00e1in, Pat Shortt and Declan O\u2019Rourke in <strong><em>Hup. <\/em>\u00a0<\/strong><\/p>\n<p><strong><em>Moya Brennan ag Ceol<\/em><\/strong> features the internationally renowned singer and musician as she joins family and friends to play for an invited audience in an Cult\u00farlann in Dublin. We also have <strong><em>Se\u00e1n Keane ag Ceol<\/em><\/strong> where the renowned singer Se\u00e1n Keane is joined by friends in a special concert for an invited audience in Paddy Coyne&#8217;s Pub, in Connemara&#8217;s Tullycross. <strong><em>Sailing to an Island<\/em> <\/strong>sees Dolores Keane and John Faulkner head to Inisbofin for a fund-raising concert.<\/p>\n<p>Sporting events have kept us enthralled for the past twelve months and over Christmas you have another chance to see some of these major events like both hurling and football All-Ireland finals. There\u2019s live coverage of Connacht v Ulster from the Sportsground in the 10<sup>th<\/sup> round of the PRO12 on St. Stephens Day and Munster v Leinster from Thomond Park on the 27<sup>th<\/sup> and Leinster v Connacht from the RDS on New Year\u2019s Day.<\/p>\n<p>A range of films from classics to Westerns to contemporary international cinema. Among these are<em> <strong>Father of the Bride, Guilty by Suspicion, Rock of Ages, Meet the Parents, Fantastic Mr. Fox, A Cinderella Story, The Big Tease, The Yearling, Cloud Atlas <\/strong>and<strong> Space Cowboys. <\/strong><\/em>Movies for younger viewers as Gaeilge include <strong><em>Niko The Flight Before Christmas, Secret of Kells <\/em><\/strong>and<strong><em> Happy Feet<\/em><\/strong>. We also have some Christmas specials that children will find entertaining. These include <strong><em>An Gruffalo, Room on the Broom, Q Pootle na Nollag, Saol faoi Shr\u00e1id na Nollag, Abominable Christmas, The Naughty List <\/em><\/strong>and<strong><em> Laura\u2019s Star.<\/em><\/strong><\/p>\n","protected":false},"excerpt":{"rendered":"<p>TG4\u2019s Christmas treats 2015 Music, live sport along with nostalgic &amp; intriguing documentaries are among the festive treats on TG4 this Christmas 19th December \u2013 1st January TG4\u2019s Christmas schedule has plenty of treats this season offering a wide variety of goodies from brand new documentaries such as Robert Shaw&#8211; Jaws a revealing documentary about [&hellip;]<\/p>\n","protected":false},"author":9,"featured_media":0,"parent":984,"menu_order":20,"comment_status":"closed","ping_status":"closed","template":"page-templates\/template-pr.php","meta":{"_acf_changed":false,"footnotes":""},"acf":[],"yoast_head":"<!-- This site is optimized with the Yoast SEO plugin v22.6 - https:\/\/yoast.com\/wordpress\/plugins\/seo\/ -->\n<title>Christmas 2015 on TG4 - TG4<\/title>\n<meta name=\"robots\" content=\"index, follow, max-snippet:-1, max-image-preview:large, max-video-preview:-1\" \/>\n<meta property=\"og:locale\" content=\"en_US\" \/>\n<meta property=\"og:type\" content=\"article\" \/>\n<meta property=\"og:title\" content=\"Christmas 2015 on TG4 - TG4\" \/>\n<meta property=\"og:description\" content=\"TG4\u2019s Christmas treats 2015 Music, live sport along with nostalgic &amp; intriguing documentaries are among the festive treats on TG4 this Christmas 19th December \u2013 1st January TG4\u2019s Christmas schedule has plenty of treats this season offering a wide variety of goodies from brand new documentaries such as Robert Shaw&#8211; Jaws a revealing documentary about [&hellip;]\" \/>\n<meta property=\"og:url\" content=\"https:\/\/dev.tg4.ie\/en\/information\/press\/press-releases\/2015-2\/christmas-2015-on-tg4\/\" \/>\n<meta property=\"og:site_name\" content=\"TG4\" \/>\n<meta property=\"article:publisher\" content=\"https:\/\/www.facebook.com\/TG4TV\" \/>\n<meta property=\"article:modified_time\" content=\"2019-06-25T10:31:57+00:00\" \/>\n<meta property=\"og:image\" content=\"https:\/\/tg4-docs.s3.amazonaws.com\/wp-content\/uploads\/2024\/11\/18151812\/TG4_2024_corcra_teal_1-1920x1080-1.jpg\" \/>\n\t<meta property=\"og:image:width\" content=\"1920\" \/>\n\t<meta property=\"og:image:height\" content=\"1080\" \/>\n\t<meta property=\"og:image:type\" content=\"image\/jpeg\" \/>\n<meta name=\"twitter:card\" content=\"summary_large_image\" \/>\n<meta name=\"twitter:site\" content=\"@TG4TV\" \/>\n<meta name=\"twitter:label1\" content=\"Est. reading time\" \/>\n\t<meta name=\"twitter:data1\" content=\"3 minutes\" \/>\n<script type=\"application\/ld+json\" class=\"yoast-schema-graph\">{\"@context\":\"https:\/\/schema.org\",\"@graph\":[{\"@type\":\"WebPage\",\"@id\":\"https:\/\/dev.tg4.ie\/en\/information\/press\/press-releases\/2015-2\/christmas-2015-on-tg4\/\",\"url\":\"https:\/\/dev.tg4.ie\/en\/information\/press\/press-releases\/2015-2\/christmas-2015-on-tg4\/\",\"name\":\"Christmas 2015 on TG4 - TG4\",\"isPartOf\":{\"@id\":\"https:\/\/dev.tg4.ie\/en\/#website\"},\"datePublished\":\"2015-12-15T15:53:23+00:00\",\"dateModified\":\"2019-06-25T10:31:57+00:00\",\"breadcrumb\":{\"@id\":\"https:\/\/dev.tg4.ie\/en\/information\/press\/press-releases\/2015-2\/christmas-2015-on-tg4\/#breadcrumb\"},\"inLanguage\":\"en-ie\",\"potentialAction\":[{\"@type\":\"ReadAction\",\"target\":[\"https:\/\/dev.tg4.ie\/en\/information\/press\/press-releases\/2015-2\/christmas-2015-on-tg4\/\"]}]},{\"@type\":\"BreadcrumbList\",\"@id\":\"https:\/\/dev.tg4.ie\/en\/information\/press\/press-releases\/2015-2\/christmas-2015-on-tg4\/#breadcrumb\",\"itemListElement\":[{\"@type\":\"ListItem\",\"position\":1,\"name\":\"Home\",\"item\":\"https:\/\/dev.tg4.ie\/en\/\"},{\"@type\":\"ListItem\",\"position\":2,\"name\":\"Information\",\"item\":\"https:\/\/dev.tg4.ie\/en\/information\/\"},{\"@type\":\"ListItem\",\"position\":3,\"name\":\"Press\",\"item\":\"https:\/\/dev.tg4.ie\/en\/information\/press\/\"},{\"@type\":\"ListItem\",\"position\":4,\"name\":\"Press Releases\",\"item\":\"https:\/\/dev.tg4.ie\/en\/information\/press\/press-releases\/\"},{\"@type\":\"ListItem\",\"position\":5,\"name\":\"2015\",\"item\":\"https:\/\/dev.tg4.ie\/en\/information\/press\/press-releases\/2015-2\/\"},{\"@type\":\"ListItem\",\"position\":6,\"name\":\"Christmas 2015 on TG4\"}]},{\"@type\":\"WebSite\",\"@id\":\"https:\/\/dev.tg4.ie\/en\/#website\",\"url\":\"https:\/\/dev.tg4.ie\/en\/\",\"name\":\"TG4\",\"description\":\"S\u00fail Eile\",\"potentialAction\":[{\"@type\":\"SearchAction\",\"target\":{\"@type\":\"EntryPoint\",\"urlTemplate\":\"https:\/\/dev.tg4.ie\/en\/?s={search_term_string}\"},\"query-input\":\"required name=search_term_string\"}],\"inLanguage\":\"en-ie\"}]}<\/script>\n<!-- \/ Yoast SEO plugin. -->","yoast_head_json":{"title":"Christmas 2015 on TG4 - TG4","robots":{"index":"index","follow":"follow","max-snippet":"max-snippet:-1","max-image-preview":"max-image-preview:large","max-video-preview":"max-video-preview:-1"},"og_locale":"en_US","og_type":"article","og_title":"Christmas 2015 on TG4 - TG4","og_description":"TG4\u2019s Christmas treats 2015 Music, live sport along with nostalgic &amp; intriguing documentaries are among the festive treats on TG4 this Christmas 19th December \u2013 1st January TG4\u2019s Christmas schedule has plenty of treats this season offering a wide variety of goodies from brand new documentaries such as Robert Shaw&#8211; Jaws a revealing documentary about [&hellip;]","og_url":"https:\/\/dev.tg4.ie\/en\/information\/press\/press-releases\/2015-2\/christmas-2015-on-tg4\/","og_site_name":"TG4","article_publisher":"https:\/\/www.facebook.com\/TG4TV","article_modified_time":"2019-06-25T10:31:57+00:00","og_image":[{"width":1920,"height":1080,"url":"https:\/\/tg4-docs.s3.amazonaws.com\/wp-content\/uploads\/2024\/11\/18151812\/TG4_2024_corcra_teal_1-1920x1080-1.jpg","type":"image\/jpeg"}],"twitter_card":"summary_large_image","twitter_site":"@TG4TV","twitter_misc":{"Est. reading time":"3 minutes"},"schema":{"@context":"https:\/\/schema.org","@graph":[{"@type":"WebPage","@id":"https:\/\/dev.tg4.ie\/en\/information\/press\/press-releases\/2015-2\/christmas-2015-on-tg4\/","url":"https:\/\/dev.tg4.ie\/en\/information\/press\/press-releases\/2015-2\/christmas-2015-on-tg4\/","name":"Christmas 2015 on TG4 - TG4","isPartOf":{"@id":"https:\/\/dev.tg4.ie\/en\/#website"},"datePublished":"2015-12-15T15:53:23+00:00","dateModified":"2019-06-25T10:31:57+00:00","breadcrumb":{"@id":"https:\/\/dev.tg4.ie\/en\/information\/press\/press-releases\/2015-2\/christmas-2015-on-tg4\/#breadcrumb"},"inLanguage":"en-ie","potentialAction":[{"@type":"ReadAction","target":["https:\/\/dev.tg4.ie\/en\/information\/press\/press-releases\/2015-2\/christmas-2015-on-tg4\/"]}]},{"@type":"BreadcrumbList","@id":"https:\/\/dev.tg4.ie\/en\/information\/press\/press-releases\/2015-2\/christmas-2015-on-tg4\/#breadcrumb","itemListElement":[{"@type":"ListItem","position":1,"name":"Home","item":"https:\/\/dev.tg4.ie\/en\/"},{"@type":"ListItem","position":2,"name":"Information","item":"https:\/\/dev.tg4.ie\/en\/information\/"},{"@type":"ListItem","position":3,"name":"Press","item":"https:\/\/dev.tg4.ie\/en\/information\/press\/"},{"@type":"ListItem","position":4,"name":"Press Releases","item":"https:\/\/dev.tg4.ie\/en\/information\/press\/press-releases\/"},{"@type":"ListItem","position":5,"name":"2015","item":"https:\/\/dev.tg4.ie\/en\/information\/press\/press-releases\/2015-2\/"},{"@type":"ListItem","position":6,"name":"Christmas 2015 on TG4"}]},{"@type":"WebSite","@id":"https:\/\/dev.tg4.ie\/en\/#website","url":"https:\/\/dev.tg4.ie\/en\/","name":"TG4","description":"S\u00fail Eile","potentialAction":[{"@type":"SearchAction","target":{"@type":"EntryPoint","urlTemplate":"https:\/\/dev.tg4.ie\/en\/?s={search_term_string}"},"query-input":"required name=search_term_string"}],"inLanguage":"en-ie"}]}},"_links":{"self":[{"href":"https:\/\/dev.tg4.ie\/en\/wp-json\/wp\/v2\/pages\/6627"}],"collection":[{"href":"https:\/\/dev.tg4.ie\/en\/wp-json\/wp\/v2\/pages"}],"about":[{"href":"https:\/\/dev.tg4.ie\/en\/wp-json\/wp\/v2\/types\/page"}],"author":[{"embeddable":true,"href":"https:\/\/dev.tg4.ie\/en\/wp-json\/wp\/v2\/users\/9"}],"replies":[{"embeddable":true,"href":"https:\/\/dev.tg4.ie\/en\/wp-json\/wp\/v2\/comments?post=6627"}],"version-history":[{"count":0,"href":"https:\/\/dev.tg4.ie\/en\/wp-json\/wp\/v2\/pages\/6627\/revisions"}],"up":[{"embeddable":true,"href":"https:\/\/dev.tg4.ie\/en\/wp-json\/wp\/v2\/pages\/984"}],"wp:attachment":[{"href":"https:\/\/dev.tg4.ie\/en\/wp-json\/wp\/v2\/media?parent=6627"}],"curies":[{"name":"wp","href":"https:\/\/api.w.org\/{rel}","templated":true}]}}