{"id":67584,"date":"2017-09-21T16:53:21","date_gmt":"2017-09-21T15:53:21","guid":{"rendered":"https:\/\/dev.tg4.ie\/?page_id=67584\/"},"modified":"2019-06-25T10:01:13","modified_gmt":"2019-06-25T09:01:13","slug":"21-10-17","status":"publish","type":"page","link":"https:\/\/dev.tg4.ie\/en\/information\/press\/press-releases\/2017-2\/21-10-17\/","title":{"rendered":"21.10.17 &#8211; An Ph\u00e1irc &#8211; Playground by the Lee documentary is launched in Cork"},"content":{"rendered":"<p>TG4\u2019s documentary <strong>An Ph\u00e1irc<\/strong> was launched in P\u00e1irc U\u00ed Chaoimh this evening. The documentary gives an inside view into the rebuilding of P\u00e1irc U\u00ed Chaoimh. It will air on TG4 at 9:30pm, Wednesday 27 September.<\/p>\n<p>In the suburbs of Cork, not far from the city centre and on the banks of its own lovely Lee, lies Cork\u2019s favourite playground; P\u00e1irc U\u00ed Chaoimh. For well over a hundred years, this spot has been the mecca for the people of the city and beyond to come and see epic sporting battles and headline music acts.<\/p>\n<p>Now as the famous old stadium has completed its refurbishment, TG4\u2019s <strong>An Ph\u00e1irc<\/strong> will look back on some of the biggest stories to emerge from the \u201cthe park\u201d and will tell some new ones never heard before.<\/p>\n<p>Alongside the documenting of a cultural icon, the documentary follows the story of the demolition and reconstruction of a brand new stadium, with behind-the-scenes footage filmed over two years all the way to opening day.<\/p>\n<p>Telling the tale will be GAA heroes such as <strong>Billy Morgan, Jack O\u2019Shea, Paul Flynn, Se\u00e1n \u00d3g \u00d3 hAilp\u00edn<\/strong> and <strong>Barney Rock<\/strong>, as well as legendary broadcaster <strong>Miche\u00e1l \u00d3 Muircheartaigh<\/strong> and <strong>Oliver Barry<\/strong> the promoter who brought the likes of Michael Jackson and Prince to Cork.<\/p>\n<p>TG4 Sports Editor, R\u00f3n\u00e1n \u00d3 Coisdealbha says, \u201cFor scores of thousands of Irish people, this stadium holds many special memories of hurling and football matches and entertainment events held there over the years. This programme will evoke those heady days for many TG4 viewers and is bound to be popular with our audience, at home and abroad.\u201d<\/p>\n<p>Produced by Nemeton TV, and directed by award-winning director Ronan O\u2019Donoghue, An Ph\u00e1irc is a must see for sports and music fans from all over Ireland.<\/p>\n<p><em>An Ph\u00e1irc; 9:30pm, Wednesday 27 September on TG4<\/em><br \/>\n<em> Repeated at 7:15pm on Saturday 30 September<\/em><\/p>\n","protected":false},"excerpt":{"rendered":"<p>TG4\u2019s documentary An Ph\u00e1irc was launched in P\u00e1irc U\u00ed Chaoimh this evening. The documentary gives an inside view into the rebuilding of P\u00e1irc U\u00ed Chaoimh. It will air on TG4 at 9:30pm, Wednesday 27 September. In the suburbs of Cork, not far from the city centre and on the banks of its own lovely Lee, [&hellip;]<\/p>\n","protected":false},"author":999,"featured_media":67522,"parent":40344,"menu_order":15,"comment_status":"closed","ping_status":"closed","template":"page-templates\/template-pr.php","meta":{"_acf_changed":false,"footnotes":""},"acf":[],"yoast_head":"<!-- This site is optimized with the Yoast SEO plugin v22.6 - https:\/\/yoast.com\/wordpress\/plugins\/seo\/ -->\n<title>21.10.17 - An Ph\u00e1irc - Playground by the Lee documentary is launched in Cork - TG4<\/title>\n<meta name=\"robots\" content=\"index, follow, max-snippet:-1, max-image-preview:large, max-video-preview:-1\" \/>\n<meta property=\"og:locale\" content=\"en_US\" \/>\n<meta property=\"og:type\" content=\"article\" \/>\n<meta property=\"og:title\" content=\"21.10.17 - An Ph\u00e1irc - Playground by the Lee documentary is launched in Cork - TG4\" \/>\n<meta property=\"og:description\" content=\"TG4\u2019s documentary An Ph\u00e1irc was launched in P\u00e1irc U\u00ed Chaoimh this evening. The documentary gives an inside view into the rebuilding of P\u00e1irc U\u00ed Chaoimh. It will air on TG4 at 9:30pm, Wednesday 27 September. In the suburbs of Cork, not far from the city centre and on the banks of its own lovely Lee, [&hellip;]\" \/>\n<meta property=\"og:url\" content=\"https:\/\/dev.tg4.ie\/en\/information\/press\/press-releases\/2017-2\/21-10-17\/\" \/>\n<meta property=\"og:site_name\" content=\"TG4\" \/>\n<meta property=\"article:publisher\" content=\"https:\/\/www.facebook.com\/TG4TV\" \/>\n<meta property=\"article:modified_time\" content=\"2019-06-25T09:01:13+00:00\" \/>\n<meta property=\"og:image\" content=\"https:\/\/tg4-docs.s3.amazonaws.com\/tg4-redesign-2015\/wp-content\/uploads\/2017\/09\/An-Phairc.jpg\" \/>\n\t<meta property=\"og:image:width\" content=\"1920\" \/>\n\t<meta property=\"og:image:height\" content=\"1080\" \/>\n\t<meta property=\"og:image:type\" content=\"image\/jpeg\" \/>\n<meta name=\"twitter:card\" content=\"summary_large_image\" \/>\n<meta name=\"twitter:site\" content=\"@TG4TV\" \/>\n<meta name=\"twitter:label1\" content=\"Est. reading time\" \/>\n\t<meta name=\"twitter:data1\" content=\"2 minutes\" \/>\n<script type=\"application\/ld+json\" class=\"yoast-schema-graph\">{\"@context\":\"https:\/\/schema.org\",\"@graph\":[{\"@type\":\"WebPage\",\"@id\":\"https:\/\/dev.tg4.ie\/en\/information\/press\/press-releases\/2017-2\/21-10-17\/\",\"url\":\"https:\/\/dev.tg4.ie\/en\/information\/press\/press-releases\/2017-2\/21-10-17\/\",\"name\":\"21.10.17 - An Ph\u00e1irc - Playground by the Lee documentary is launched in Cork - TG4\",\"isPartOf\":{\"@id\":\"https:\/\/dev.tg4.ie\/en\/#website\"},\"primaryImageOfPage\":{\"@id\":\"https:\/\/dev.tg4.ie\/en\/information\/press\/press-releases\/2017-2\/21-10-17\/#primaryimage\"},\"image\":{\"@id\":\"https:\/\/dev.tg4.ie\/en\/information\/press\/press-releases\/2017-2\/21-10-17\/#primaryimage\"},\"thumbnailUrl\":\"https:\/\/tg4-docs.s3.amazonaws.com\/tg4-redesign-2015\/wp-content\/uploads\/2017\/09\/An-Phairc.jpg\",\"datePublished\":\"2017-09-21T15:53:21+00:00\",\"dateModified\":\"2019-06-25T09:01:13+00:00\",\"breadcrumb\":{\"@id\":\"https:\/\/dev.tg4.ie\/en\/information\/press\/press-releases\/2017-2\/21-10-17\/#breadcrumb\"},\"inLanguage\":\"en-ie\",\"potentialAction\":[{\"@type\":\"ReadAction\",\"target\":[\"https:\/\/dev.tg4.ie\/en\/information\/press\/press-releases\/2017-2\/21-10-17\/\"]}]},{\"@type\":\"ImageObject\",\"inLanguage\":\"en-ie\",\"@id\":\"https:\/\/dev.tg4.ie\/en\/information\/press\/press-releases\/2017-2\/21-10-17\/#primaryimage\",\"url\":\"https:\/\/tg4-docs.s3.amazonaws.com\/tg4-redesign-2015\/wp-content\/uploads\/2017\/09\/An-Phairc.jpg\",\"contentUrl\":\"https:\/\/tg4-docs.s3.amazonaws.com\/tg4-redesign-2015\/wp-content\/uploads\/2017\/09\/An-Phairc.jpg\",\"width\":1920,\"height\":1080,\"caption\":\"An Ph\u00e1irc\"},{\"@type\":\"BreadcrumbList\",\"@id\":\"https:\/\/dev.tg4.ie\/en\/information\/press\/press-releases\/2017-2\/21-10-17\/#breadcrumb\",\"itemListElement\":[{\"@type\":\"ListItem\",\"position\":1,\"name\":\"Home\",\"item\":\"https:\/\/dev.tg4.ie\/en\/\"},{\"@type\":\"ListItem\",\"position\":2,\"name\":\"Information\",\"item\":\"https:\/\/dev.tg4.ie\/en\/information\/\"},{\"@type\":\"ListItem\",\"position\":3,\"name\":\"Press\",\"item\":\"https:\/\/dev.tg4.ie\/en\/information\/press\/\"},{\"@type\":\"ListItem\",\"position\":4,\"name\":\"Press Releases\",\"item\":\"https:\/\/dev.tg4.ie\/en\/information\/press\/press-releases\/\"},{\"@type\":\"ListItem\",\"position\":5,\"name\":\"2017\",\"item\":\"https:\/\/dev.tg4.ie\/en\/information\/press\/press-releases\/2017-2\/\"},{\"@type\":\"ListItem\",\"position\":6,\"name\":\"21.10.17 &#8211; An Ph\u00e1irc &#8211; Playground by the Lee documentary is launched in Cork\"}]},{\"@type\":\"WebSite\",\"@id\":\"https:\/\/dev.tg4.ie\/en\/#website\",\"url\":\"https:\/\/dev.tg4.ie\/en\/\",\"name\":\"TG4\",\"description\":\"S\u00fail Eile\",\"potentialAction\":[{\"@type\":\"SearchAction\",\"target\":{\"@type\":\"EntryPoint\",\"urlTemplate\":\"https:\/\/dev.tg4.ie\/en\/?s={search_term_string}\"},\"query-input\":\"required name=search_term_string\"}],\"inLanguage\":\"en-ie\"}]}<\/script>\n<!-- \/ Yoast SEO plugin. -->","yoast_head_json":{"title":"21.10.17 - An Ph\u00e1irc - Playground by the Lee documentary is launched in Cork - TG4","robots":{"index":"index","follow":"follow","max-snippet":"max-snippet:-1","max-image-preview":"max-image-preview:large","max-video-preview":"max-video-preview:-1"},"og_locale":"en_US","og_type":"article","og_title":"21.10.17 - An Ph\u00e1irc - Playground by the Lee documentary is launched in Cork - TG4","og_description":"TG4\u2019s documentary An Ph\u00e1irc was launched in P\u00e1irc U\u00ed Chaoimh this evening. The documentary gives an inside view into the rebuilding of P\u00e1irc U\u00ed Chaoimh. It will air on TG4 at 9:30pm, Wednesday 27 September. In the suburbs of Cork, not far from the city centre and on the banks of its own lovely Lee, [&hellip;]","og_url":"https:\/\/dev.tg4.ie\/en\/information\/press\/press-releases\/2017-2\/21-10-17\/","og_site_name":"TG4","article_publisher":"https:\/\/www.facebook.com\/TG4TV","article_modified_time":"2019-06-25T09:01:13+00:00","og_image":[{"width":1920,"height":1080,"url":"https:\/\/tg4-docs.s3.amazonaws.com\/tg4-redesign-2015\/wp-content\/uploads\/2017\/09\/An-Phairc.jpg","type":"image\/jpeg"}],"twitter_card":"summary_large_image","twitter_site":"@TG4TV","twitter_misc":{"Est. reading time":"2 minutes"},"schema":{"@context":"https:\/\/schema.org","@graph":[{"@type":"WebPage","@id":"https:\/\/dev.tg4.ie\/en\/information\/press\/press-releases\/2017-2\/21-10-17\/","url":"https:\/\/dev.tg4.ie\/en\/information\/press\/press-releases\/2017-2\/21-10-17\/","name":"21.10.17 - An Ph\u00e1irc - Playground by the Lee documentary is launched in Cork - TG4","isPartOf":{"@id":"https:\/\/dev.tg4.ie\/en\/#website"},"primaryImageOfPage":{"@id":"https:\/\/dev.tg4.ie\/en\/information\/press\/press-releases\/2017-2\/21-10-17\/#primaryimage"},"image":{"@id":"https:\/\/dev.tg4.ie\/en\/information\/press\/press-releases\/2017-2\/21-10-17\/#primaryimage"},"thumbnailUrl":"https:\/\/tg4-docs.s3.amazonaws.com\/tg4-redesign-2015\/wp-content\/uploads\/2017\/09\/An-Phairc.jpg","datePublished":"2017-09-21T15:53:21+00:00","dateModified":"2019-06-25T09:01:13+00:00","breadcrumb":{"@id":"https:\/\/dev.tg4.ie\/en\/information\/press\/press-releases\/2017-2\/21-10-17\/#breadcrumb"},"inLanguage":"en-ie","potentialAction":[{"@type":"ReadAction","target":["https:\/\/dev.tg4.ie\/en\/information\/press\/press-releases\/2017-2\/21-10-17\/"]}]},{"@type":"ImageObject","inLanguage":"en-ie","@id":"https:\/\/dev.tg4.ie\/en\/information\/press\/press-releases\/2017-2\/21-10-17\/#primaryimage","url":"https:\/\/tg4-docs.s3.amazonaws.com\/tg4-redesign-2015\/wp-content\/uploads\/2017\/09\/An-Phairc.jpg","contentUrl":"https:\/\/tg4-docs.s3.amazonaws.com\/tg4-redesign-2015\/wp-content\/uploads\/2017\/09\/An-Phairc.jpg","width":1920,"height":1080,"caption":"An Ph\u00e1irc"},{"@type":"BreadcrumbList","@id":"https:\/\/dev.tg4.ie\/en\/information\/press\/press-releases\/2017-2\/21-10-17\/#breadcrumb","itemListElement":[{"@type":"ListItem","position":1,"name":"Home","item":"https:\/\/dev.tg4.ie\/en\/"},{"@type":"ListItem","position":2,"name":"Information","item":"https:\/\/dev.tg4.ie\/en\/information\/"},{"@type":"ListItem","position":3,"name":"Press","item":"https:\/\/dev.tg4.ie\/en\/information\/press\/"},{"@type":"ListItem","position":4,"name":"Press Releases","item":"https:\/\/dev.tg4.ie\/en\/information\/press\/press-releases\/"},{"@type":"ListItem","position":5,"name":"2017","item":"https:\/\/dev.tg4.ie\/en\/information\/press\/press-releases\/2017-2\/"},{"@type":"ListItem","position":6,"name":"21.10.17 &#8211; An Ph\u00e1irc &#8211; Playground by the Lee documentary is launched in Cork"}]},{"@type":"WebSite","@id":"https:\/\/dev.tg4.ie\/en\/#website","url":"https:\/\/dev.tg4.ie\/en\/","name":"TG4","description":"S\u00fail Eile","potentialAction":[{"@type":"SearchAction","target":{"@type":"EntryPoint","urlTemplate":"https:\/\/dev.tg4.ie\/en\/?s={search_term_string}"},"query-input":"required name=search_term_string"}],"inLanguage":"en-ie"}]}},"_links":{"self":[{"href":"https:\/\/dev.tg4.ie\/en\/wp-json\/wp\/v2\/pages\/67584"}],"collection":[{"href":"https:\/\/dev.tg4.ie\/en\/wp-json\/wp\/v2\/pages"}],"about":[{"href":"https:\/\/dev.tg4.ie\/en\/wp-json\/wp\/v2\/types\/page"}],"author":[{"embeddable":true,"href":"https:\/\/dev.tg4.ie\/en\/wp-json\/wp\/v2\/users\/999"}],"replies":[{"embeddable":true,"href":"https:\/\/dev.tg4.ie\/en\/wp-json\/wp\/v2\/comments?post=67584"}],"version-history":[{"count":0,"href":"https:\/\/dev.tg4.ie\/en\/wp-json\/wp\/v2\/pages\/67584\/revisions"}],"up":[{"embeddable":true,"href":"https:\/\/dev.tg4.ie\/en\/wp-json\/wp\/v2\/pages\/40344"}],"wp:featuredmedia":[{"embeddable":true,"href":"https:\/\/dev.tg4.ie\/en\/wp-json\/wp\/v2\/media\/67522"}],"wp:attachment":[{"href":"https:\/\/dev.tg4.ie\/en\/wp-json\/wp\/v2\/media?parent=67584"}],"curies":[{"name":"wp","href":"https:\/\/api.w.org\/{rel}","templated":true}]}}