{"id":69371,"date":"2017-10-31T10:05:11","date_gmt":"2017-10-31T10:05:11","guid":{"rendered":"https:\/\/dev.tg4.ie\/corporate\/press\/press-releases\/2017-2\/cludach-cuimsitheach-il-ardain-ag-tg4-ar-oireachtas-na-samhna-2017\/"},"modified":"2019-06-25T10:12:59","modified_gmt":"2019-06-25T09:12:59","slug":"31-10-17","status":"publish","type":"page","link":"https:\/\/dev.tg4.ie\/en\/information\/press\/press-releases\/2017-2\/31-10-17\/","title":{"rendered":"31.10.17 &#8211; TG4 offers extensive coverage across all platforms from Oireachtas na Samhna"},"content":{"rendered":"<p>A new live programme <em><strong>L\u00e1r St\u00e1itse<\/strong><\/em> <em>presented by M\u00e1ire Treasa N\u00ed Dhubhghaill<\/em> will feature the traditional oral arts <em>as Gaeilge<\/em>, spotlighting the <em>agallamh beirte <\/em>(dialogue in verse)\u00a0from the oral tradition.\u00a0 The <em>Agallamh Beirte<\/em> final in the 12-15 competition age-group will be broadcast live and the programme will also include winning performances from other junior competitions (storytelling, recitations &amp; <em>l\u00faib\u00edn\u00ed<\/em> (traditional rhyming dialogue).<\/p>\n<p>Other live broadcasts by TG4 from the festival include <strong><em>Nuacht TG4<\/em><\/strong> \u00a0on three consecutive evenings \u00a0(Wednesday, Thursday and Friday) and\u00a0 <em><strong>Steip Beo<\/strong><\/em><em>, <\/em>\u00a0the sean-n\u00f3s dancing finals, \u00a0on the Saturday. Events\u00a0to be live-streamed by TG4 include the Official Opening of the festival (Wednesday); the Oireachtas Media Awards Gala Evening (Wednesday) and a number of the adult\u00a0sean-n\u00f3s, performing and arts competitions (Thursday, Friday &amp; Saturday).<\/p>\n<p>The social media team will have exclusive footage from various competitions and events for the entire five days including greenroom access and interviews with participants of <strong><em>Steip &amp; L\u00e1r St\u00e1itse<\/em><\/strong>. This live coverage will bringing all the entertainment, action and craic from the festival through TG4\u2019s Facebook, twitter, snapchat and Instagram accounts.<\/p>\n<p>The full schedule of events covered by TG4 is as follows;<\/p>\n<p><strong>Wednesday 1st November<\/strong><\/p>\n<ul>\n<li>Official opening at 3.30pm on Facebook<\/li>\n<li>Nuacht TG4\u00a0\u00a0Live on TG4 at 7pm<\/li>\n<li>Na Gradaim Chumars\u00e1ide \/ Media Awards:<\/li>\n<\/ul>\n<p>Live from the red carpet with Fiona N\u00ed Fhlaithearta at 7pm followed by the awards live on YouTube TG4 at 7.30pm<\/p>\n<p><strong>Thursday 2<sup>nd<\/sup> November<\/strong><\/p>\n<ul>\n<li>Sceitse \/ Agallamh Beirte 2pm live on YouTube TG4<\/li>\n<li>Nuacht TG4 live on TG4 at 7pm<\/li>\n<li>Sean-N\u00f3s na bhFear\u00a0 live on YouTube TG4 at 7pm<\/li>\n<\/ul>\n<p><strong>Friday 3<sup>rd<\/sup> of November<\/strong><\/p>\n<ul>\n<li>L\u00faib\u00edn\u00ed \/ Amhr\u00e1in Saothair (2pm) live on YouTube TG4<\/li>\n<li>Nuacht TG4 live on TG4 at 7pm<\/li>\n<li>Sean-N\u00f3s na mBan\u00a0\u00a0at 7pm \u00a0 live on YouTube TG4<\/li>\n<li>L\u00e1r St\u00e1itse 8pm -9.30pm live on TG4<\/li>\n<\/ul>\n<p><strong>Saturday 4<sup>th<\/sup> November<\/strong><\/p>\n<ul>\n<li>Steip 1.15pm\u00a0 live on TG4<\/li>\n<li>Corn U\u00ed Riada live on TG4 player <a href=\"https:\/\/dev.tg4.ie\">tg4.ie<\/a><\/li>\n<\/ul>\n<p><strong>\u00a0<\/strong><\/p>\n<p><strong>Other events taking place include:<\/strong><\/p>\n<p>Launching of the book Donal D\u00e1na in conjunction with Cl\u00f3 Iar-Chonnacht at 4pm on Thursday.<br \/>\nPremier of <strong><em>Murdair Mh\u00e1m Trasna<\/em><\/strong> at 9.30pm<em>. <\/em>A ground breaking feature length docu-drama recounting the brutal slaying in 1882 of a family in M\u00e1m Trasna, a remote townland set in the mountains of Galway-Mayo border.<br \/>\nTG4\u2019s younger viewers will have a chance to meet some of the C\u00fala4 stars, Mail\u00ed deCl\u00e9ir, M\u00e1ir\u00edn de Buitl\u00e9ir and Caitr\u00edona Nic Cormaic at a special C\u00fala4 party at 11am.<\/p>\n","protected":false},"excerpt":{"rendered":"<p>A new live programme L\u00e1r St\u00e1itse presented by M\u00e1ire Treasa N\u00ed Dhubhghaill will feature the traditional oral arts as Gaeilge, spotlighting the agallamh beirte (dialogue in verse)\u00a0from the oral tradition.\u00a0 The Agallamh Beirte final in the 12-15 competition age-group will be broadcast live and the programme will also include winning performances from other junior competitions [&hellip;]<\/p>\n","protected":false},"author":999,"featured_media":69062,"parent":40344,"menu_order":17,"comment_status":"closed","ping_status":"closed","template":"page-templates\/template-pr.php","meta":{"_acf_changed":false,"footnotes":""},"acf":[],"yoast_head":"<!-- This site is optimized with the Yoast SEO plugin v22.6 - https:\/\/yoast.com\/wordpress\/plugins\/seo\/ -->\n<title>31.10.17 - TG4 offers extensive coverage across all platforms from Oireachtas na Samhna - TG4<\/title>\n<meta name=\"robots\" content=\"index, follow, max-snippet:-1, max-image-preview:large, max-video-preview:-1\" \/>\n<meta property=\"og:locale\" content=\"en_US\" \/>\n<meta property=\"og:type\" content=\"article\" \/>\n<meta property=\"og:title\" content=\"31.10.17 - TG4 offers extensive coverage across all platforms from Oireachtas na Samhna - TG4\" \/>\n<meta property=\"og:description\" content=\"A new live programme L\u00e1r St\u00e1itse presented by M\u00e1ire Treasa N\u00ed Dhubhghaill will feature the traditional oral arts as Gaeilge, spotlighting the agallamh beirte (dialogue in verse)\u00a0from the oral tradition.\u00a0 The Agallamh Beirte final in the 12-15 competition age-group will be broadcast live and the programme will also include winning performances from other junior competitions [&hellip;]\" \/>\n<meta property=\"og:url\" content=\"https:\/\/dev.tg4.ie\/en\/information\/press\/press-releases\/2017-2\/31-10-17\/\" \/>\n<meta property=\"og:site_name\" content=\"TG4\" \/>\n<meta property=\"article:publisher\" content=\"https:\/\/www.facebook.com\/TG4TV\" \/>\n<meta property=\"article:modified_time\" content=\"2019-06-25T09:12:59+00:00\" \/>\n<meta property=\"og:image\" content=\"https:\/\/tg4-docs.s3.amazonaws.com\/tg4-redesign-2015\/wp-content\/uploads\/2015\/10\/Hero-2017.jpg\" \/>\n\t<meta property=\"og:image:width\" content=\"1920\" \/>\n\t<meta property=\"og:image:height\" content=\"1080\" \/>\n\t<meta property=\"og:image:type\" content=\"image\/jpeg\" \/>\n<meta name=\"twitter:card\" content=\"summary_large_image\" \/>\n<meta name=\"twitter:site\" content=\"@TG4TV\" \/>\n<meta name=\"twitter:label1\" content=\"Est. reading time\" \/>\n\t<meta name=\"twitter:data1\" content=\"2 minutes\" \/>\n<script type=\"application\/ld+json\" class=\"yoast-schema-graph\">{\"@context\":\"https:\/\/schema.org\",\"@graph\":[{\"@type\":\"WebPage\",\"@id\":\"https:\/\/dev.tg4.ie\/en\/information\/press\/press-releases\/2017-2\/31-10-17\/\",\"url\":\"https:\/\/dev.tg4.ie\/en\/information\/press\/press-releases\/2017-2\/31-10-17\/\",\"name\":\"31.10.17 - TG4 offers extensive coverage across all platforms from Oireachtas na Samhna - TG4\",\"isPartOf\":{\"@id\":\"https:\/\/dev.tg4.ie\/en\/#website\"},\"primaryImageOfPage\":{\"@id\":\"https:\/\/dev.tg4.ie\/en\/information\/press\/press-releases\/2017-2\/31-10-17\/#primaryimage\"},\"image\":{\"@id\":\"https:\/\/dev.tg4.ie\/en\/information\/press\/press-releases\/2017-2\/31-10-17\/#primaryimage\"},\"thumbnailUrl\":\"https:\/\/tg4-docs.s3.amazonaws.com\/tg4-redesign-2015\/wp-content\/uploads\/2015\/10\/Hero-2017.jpg\",\"datePublished\":\"2017-10-31T10:05:11+00:00\",\"dateModified\":\"2019-06-25T09:12:59+00:00\",\"breadcrumb\":{\"@id\":\"https:\/\/dev.tg4.ie\/en\/information\/press\/press-releases\/2017-2\/31-10-17\/#breadcrumb\"},\"inLanguage\":\"en-ie\",\"potentialAction\":[{\"@type\":\"ReadAction\",\"target\":[\"https:\/\/dev.tg4.ie\/en\/information\/press\/press-releases\/2017-2\/31-10-17\/\"]}]},{\"@type\":\"ImageObject\",\"inLanguage\":\"en-ie\",\"@id\":\"https:\/\/dev.tg4.ie\/en\/information\/press\/press-releases\/2017-2\/31-10-17\/#primaryimage\",\"url\":\"https:\/\/tg4-docs.s3.amazonaws.com\/tg4-redesign-2015\/wp-content\/uploads\/2015\/10\/Hero-2017.jpg\",\"contentUrl\":\"https:\/\/tg4-docs.s3.amazonaws.com\/tg4-redesign-2015\/wp-content\/uploads\/2015\/10\/Hero-2017.jpg\",\"width\":1920,\"height\":1080,\"caption\":\"Oireachtas 2017\"},{\"@type\":\"BreadcrumbList\",\"@id\":\"https:\/\/dev.tg4.ie\/en\/information\/press\/press-releases\/2017-2\/31-10-17\/#breadcrumb\",\"itemListElement\":[{\"@type\":\"ListItem\",\"position\":1,\"name\":\"Home\",\"item\":\"https:\/\/dev.tg4.ie\/en\/\"},{\"@type\":\"ListItem\",\"position\":2,\"name\":\"Information\",\"item\":\"https:\/\/dev.tg4.ie\/en\/information\/\"},{\"@type\":\"ListItem\",\"position\":3,\"name\":\"Press\",\"item\":\"https:\/\/dev.tg4.ie\/en\/information\/press\/\"},{\"@type\":\"ListItem\",\"position\":4,\"name\":\"Press Releases\",\"item\":\"https:\/\/dev.tg4.ie\/en\/information\/press\/press-releases\/\"},{\"@type\":\"ListItem\",\"position\":5,\"name\":\"2017\",\"item\":\"https:\/\/dev.tg4.ie\/en\/information\/press\/press-releases\/2017-2\/\"},{\"@type\":\"ListItem\",\"position\":6,\"name\":\"31.10.17 &#8211; TG4 offers extensive coverage across all platforms from Oireachtas na Samhna\"}]},{\"@type\":\"WebSite\",\"@id\":\"https:\/\/dev.tg4.ie\/en\/#website\",\"url\":\"https:\/\/dev.tg4.ie\/en\/\",\"name\":\"TG4\",\"description\":\"S\u00fail Eile\",\"potentialAction\":[{\"@type\":\"SearchAction\",\"target\":{\"@type\":\"EntryPoint\",\"urlTemplate\":\"https:\/\/dev.tg4.ie\/en\/?s={search_term_string}\"},\"query-input\":\"required name=search_term_string\"}],\"inLanguage\":\"en-ie\"}]}<\/script>\n<!-- \/ Yoast SEO plugin. -->","yoast_head_json":{"title":"31.10.17 - TG4 offers extensive coverage across all platforms from Oireachtas na Samhna - TG4","robots":{"index":"index","follow":"follow","max-snippet":"max-snippet:-1","max-image-preview":"max-image-preview:large","max-video-preview":"max-video-preview:-1"},"og_locale":"en_US","og_type":"article","og_title":"31.10.17 - TG4 offers extensive coverage across all platforms from Oireachtas na Samhna - TG4","og_description":"A new live programme L\u00e1r St\u00e1itse presented by M\u00e1ire Treasa N\u00ed Dhubhghaill will feature the traditional oral arts as Gaeilge, spotlighting the agallamh beirte (dialogue in verse)\u00a0from the oral tradition.\u00a0 The Agallamh Beirte final in the 12-15 competition age-group will be broadcast live and the programme will also include winning performances from other junior competitions [&hellip;]","og_url":"https:\/\/dev.tg4.ie\/en\/information\/press\/press-releases\/2017-2\/31-10-17\/","og_site_name":"TG4","article_publisher":"https:\/\/www.facebook.com\/TG4TV","article_modified_time":"2019-06-25T09:12:59+00:00","og_image":[{"width":1920,"height":1080,"url":"https:\/\/tg4-docs.s3.amazonaws.com\/tg4-redesign-2015\/wp-content\/uploads\/2015\/10\/Hero-2017.jpg","type":"image\/jpeg"}],"twitter_card":"summary_large_image","twitter_site":"@TG4TV","twitter_misc":{"Est. reading time":"2 minutes"},"schema":{"@context":"https:\/\/schema.org","@graph":[{"@type":"WebPage","@id":"https:\/\/dev.tg4.ie\/en\/information\/press\/press-releases\/2017-2\/31-10-17\/","url":"https:\/\/dev.tg4.ie\/en\/information\/press\/press-releases\/2017-2\/31-10-17\/","name":"31.10.17 - TG4 offers extensive coverage across all platforms from Oireachtas na Samhna - TG4","isPartOf":{"@id":"https:\/\/dev.tg4.ie\/en\/#website"},"primaryImageOfPage":{"@id":"https:\/\/dev.tg4.ie\/en\/information\/press\/press-releases\/2017-2\/31-10-17\/#primaryimage"},"image":{"@id":"https:\/\/dev.tg4.ie\/en\/information\/press\/press-releases\/2017-2\/31-10-17\/#primaryimage"},"thumbnailUrl":"https:\/\/tg4-docs.s3.amazonaws.com\/tg4-redesign-2015\/wp-content\/uploads\/2015\/10\/Hero-2017.jpg","datePublished":"2017-10-31T10:05:11+00:00","dateModified":"2019-06-25T09:12:59+00:00","breadcrumb":{"@id":"https:\/\/dev.tg4.ie\/en\/information\/press\/press-releases\/2017-2\/31-10-17\/#breadcrumb"},"inLanguage":"en-ie","potentialAction":[{"@type":"ReadAction","target":["https:\/\/dev.tg4.ie\/en\/information\/press\/press-releases\/2017-2\/31-10-17\/"]}]},{"@type":"ImageObject","inLanguage":"en-ie","@id":"https:\/\/dev.tg4.ie\/en\/information\/press\/press-releases\/2017-2\/31-10-17\/#primaryimage","url":"https:\/\/tg4-docs.s3.amazonaws.com\/tg4-redesign-2015\/wp-content\/uploads\/2015\/10\/Hero-2017.jpg","contentUrl":"https:\/\/tg4-docs.s3.amazonaws.com\/tg4-redesign-2015\/wp-content\/uploads\/2015\/10\/Hero-2017.jpg","width":1920,"height":1080,"caption":"Oireachtas 2017"},{"@type":"BreadcrumbList","@id":"https:\/\/dev.tg4.ie\/en\/information\/press\/press-releases\/2017-2\/31-10-17\/#breadcrumb","itemListElement":[{"@type":"ListItem","position":1,"name":"Home","item":"https:\/\/dev.tg4.ie\/en\/"},{"@type":"ListItem","position":2,"name":"Information","item":"https:\/\/dev.tg4.ie\/en\/information\/"},{"@type":"ListItem","position":3,"name":"Press","item":"https:\/\/dev.tg4.ie\/en\/information\/press\/"},{"@type":"ListItem","position":4,"name":"Press Releases","item":"https:\/\/dev.tg4.ie\/en\/information\/press\/press-releases\/"},{"@type":"ListItem","position":5,"name":"2017","item":"https:\/\/dev.tg4.ie\/en\/information\/press\/press-releases\/2017-2\/"},{"@type":"ListItem","position":6,"name":"31.10.17 &#8211; TG4 offers extensive coverage across all platforms from Oireachtas na Samhna"}]},{"@type":"WebSite","@id":"https:\/\/dev.tg4.ie\/en\/#website","url":"https:\/\/dev.tg4.ie\/en\/","name":"TG4","description":"S\u00fail Eile","potentialAction":[{"@type":"SearchAction","target":{"@type":"EntryPoint","urlTemplate":"https:\/\/dev.tg4.ie\/en\/?s={search_term_string}"},"query-input":"required name=search_term_string"}],"inLanguage":"en-ie"}]}},"_links":{"self":[{"href":"https:\/\/dev.tg4.ie\/en\/wp-json\/wp\/v2\/pages\/69371"}],"collection":[{"href":"https:\/\/dev.tg4.ie\/en\/wp-json\/wp\/v2\/pages"}],"about":[{"href":"https:\/\/dev.tg4.ie\/en\/wp-json\/wp\/v2\/types\/page"}],"author":[{"embeddable":true,"href":"https:\/\/dev.tg4.ie\/en\/wp-json\/wp\/v2\/users\/999"}],"replies":[{"embeddable":true,"href":"https:\/\/dev.tg4.ie\/en\/wp-json\/wp\/v2\/comments?post=69371"}],"version-history":[{"count":0,"href":"https:\/\/dev.tg4.ie\/en\/wp-json\/wp\/v2\/pages\/69371\/revisions"}],"up":[{"embeddable":true,"href":"https:\/\/dev.tg4.ie\/en\/wp-json\/wp\/v2\/pages\/40344"}],"wp:featuredmedia":[{"embeddable":true,"href":"https:\/\/dev.tg4.ie\/en\/wp-json\/wp\/v2\/media\/69062"}],"wp:attachment":[{"href":"https:\/\/dev.tg4.ie\/en\/wp-json\/wp\/v2\/media?parent=69371"}],"curies":[{"name":"wp","href":"https:\/\/api.w.org\/{rel}","templated":true}]}}