{"id":69771,"date":"2017-11-07T09:15:35","date_gmt":"2017-11-07T09:15:35","guid":{"rendered":"https:\/\/dev.tg4.ie\/?page_id=69771\/"},"modified":"2019-06-25T10:16:55","modified_gmt":"2019-06-25T09:16:55","slug":"06-11-17","status":"publish","type":"page","link":"https:\/\/dev.tg4.ie\/en\/information\/press\/press-releases\/2017-2\/06-11-17\/","title":{"rendered":"06.11.17 &#8211; TG4 boss hails &#8216;long and influencing service&#8217; of retiring colleague"},"content":{"rendered":"<p>Mr. \u00d3 Ciardha, who has been a senior executive with the channel throughout its existence, is the longest serving staff member and has been Leascheannasa\u00ed TG4 for the past 18 years. He is widely regarded as one of the main architects of the service. Immediately before its inception, he had served as fulltime Advisor on Irish Language Broadcasting to both M\u00e1ire Geoghegan-Quinn and her successor Michael D Higgins, the two Ministers acknowledged as bringing the Teilif\u00eds na Gaeilge project from policy aspiration to fruition.<\/p>\n<p>Mr. \u00d3 Ciardha&#8217;s responsibilities in TG4 have covered a wide range of communications, corporate affairs and governance, public relations and key influencing roles. He also served as Secretary to the TG4 Board and represented the organisation on many sectoral bodies and federations at both national and international levels. He is also the creator of the channel&#8217;s acclaimed motto <em>s\u00fail eile<\/em>.<\/p>\n<p>Before joining TG4 in 1994, he had worked in broadcast journalism, establishing the Raidi\u00f3 na Gaeltachta Dublin bureau, as a member of the founding team for RT\u00c9 Radio News <em>Morning Ireland<\/em> and as Editor of <em>Nuacht RT\u00c9<\/em>. He had earlier worked in academics as a Scholar in the School of Celtic Studies at DIAS and lecturer in Maynooth University.<\/p>\n<p>TG4 Director General, <strong>Alan Esslemont<\/strong>, paid tribute to Mr. \u00d3 Ciardha&#8217;s long and distinguished service in the establishment and development of TnaG \/TG4:<br \/>\n<em>\u201cP\u00e1dhraic\u2019s long and distinguished career is inextricably linked to the birth and development of Teilif\u00eds na Gaeilge. As the government\u2019s Advisor on Irish Language Broadcasting, he formed the bridge between the longstanding national and community campaigns for an Irish language channel and the state apparatus which finally delivered Teilif\u00eds na Gaeilge. Together with Cathal Goan and Si\u00fan N\u00ed Raghallaigh, he developed the blueprint for TnaG. For twenty three years he has been the most visible public representative and voice of TG4. He also played a key role in the development of the genre of Irish language sports programming and his background as a journalist in English and Irish ensured that when our programmes touched on controversial subjects, it was always to P\u00e1dhraic that our editorial staff looked for advice. As TG4\u2019s representative on many national and international bodies, and as a trusted and congenial colleague he will be greatly missed by everyone connected to TG4 and leaves a gap in our team which will be very difficult to fill.\u201d<\/em><\/p>\n","protected":false},"excerpt":{"rendered":"<p>Mr. \u00d3 Ciardha, who has been a senior executive with the channel throughout its existence, is the longest serving staff member and has been Leascheannasa\u00ed TG4 for the past 18 years. He is widely regarded as one of the main architects of the service. Immediately before its inception, he had served as fulltime Advisor on [&hellip;]<\/p>\n","protected":false},"author":999,"featured_media":69772,"parent":40344,"menu_order":18,"comment_status":"closed","ping_status":"closed","template":"page-templates\/template-pr.php","meta":{"_acf_changed":false,"footnotes":""},"acf":[],"yoast_head":"<!-- This site is optimized with the Yoast SEO plugin v22.6 - https:\/\/yoast.com\/wordpress\/plugins\/seo\/ -->\n<title>06.11.17 - TG4 boss hails &#039;long and influencing service&#039; of retiring colleague - TG4<\/title>\n<meta name=\"robots\" content=\"index, follow, max-snippet:-1, max-image-preview:large, max-video-preview:-1\" \/>\n<meta property=\"og:locale\" content=\"en_US\" \/>\n<meta property=\"og:type\" content=\"article\" \/>\n<meta property=\"og:title\" content=\"06.11.17 - TG4 boss hails &#039;long and influencing service&#039; of retiring colleague - TG4\" \/>\n<meta property=\"og:description\" content=\"Mr. \u00d3 Ciardha, who has been a senior executive with the channel throughout its existence, is the longest serving staff member and has been Leascheannasa\u00ed TG4 for the past 18 years. He is widely regarded as one of the main architects of the service. Immediately before its inception, he had served as fulltime Advisor on [&hellip;]\" \/>\n<meta property=\"og:url\" content=\"https:\/\/dev.tg4.ie\/en\/information\/press\/press-releases\/2017-2\/06-11-17\/\" \/>\n<meta property=\"og:site_name\" content=\"TG4\" \/>\n<meta property=\"article:publisher\" content=\"https:\/\/www.facebook.com\/TG4TV\" \/>\n<meta property=\"article:modified_time\" content=\"2019-06-25T09:16:55+00:00\" \/>\n<meta property=\"og:image\" content=\"https:\/\/tg4-docs.s3.amazonaws.com\/tg4-redesign-2015\/wp-content\/uploads\/2017\/11\/POC.jpg\" \/>\n\t<meta property=\"og:image:width\" content=\"1920\" \/>\n\t<meta property=\"og:image:height\" content=\"1080\" \/>\n\t<meta property=\"og:image:type\" content=\"image\/jpeg\" \/>\n<meta name=\"twitter:card\" content=\"summary_large_image\" \/>\n<meta name=\"twitter:site\" content=\"@TG4TV\" \/>\n<meta name=\"twitter:label1\" content=\"Est. reading time\" \/>\n\t<meta name=\"twitter:data1\" content=\"2 minutes\" \/>\n<script type=\"application\/ld+json\" class=\"yoast-schema-graph\">{\"@context\":\"https:\/\/schema.org\",\"@graph\":[{\"@type\":\"WebPage\",\"@id\":\"https:\/\/dev.tg4.ie\/en\/information\/press\/press-releases\/2017-2\/06-11-17\/\",\"url\":\"https:\/\/dev.tg4.ie\/en\/information\/press\/press-releases\/2017-2\/06-11-17\/\",\"name\":\"06.11.17 - TG4 boss hails 'long and influencing service' of retiring colleague - TG4\",\"isPartOf\":{\"@id\":\"https:\/\/dev.tg4.ie\/en\/#website\"},\"primaryImageOfPage\":{\"@id\":\"https:\/\/dev.tg4.ie\/en\/information\/press\/press-releases\/2017-2\/06-11-17\/#primaryimage\"},\"image\":{\"@id\":\"https:\/\/dev.tg4.ie\/en\/information\/press\/press-releases\/2017-2\/06-11-17\/#primaryimage\"},\"thumbnailUrl\":\"https:\/\/tg4-docs.s3.amazonaws.com\/tg4-redesign-2015\/wp-content\/uploads\/2017\/11\/POC.jpg\",\"datePublished\":\"2017-11-07T09:15:35+00:00\",\"dateModified\":\"2019-06-25T09:16:55+00:00\",\"breadcrumb\":{\"@id\":\"https:\/\/dev.tg4.ie\/en\/information\/press\/press-releases\/2017-2\/06-11-17\/#breadcrumb\"},\"inLanguage\":\"en-ie\",\"potentialAction\":[{\"@type\":\"ReadAction\",\"target\":[\"https:\/\/dev.tg4.ie\/en\/information\/press\/press-releases\/2017-2\/06-11-17\/\"]}]},{\"@type\":\"ImageObject\",\"inLanguage\":\"en-ie\",\"@id\":\"https:\/\/dev.tg4.ie\/en\/information\/press\/press-releases\/2017-2\/06-11-17\/#primaryimage\",\"url\":\"https:\/\/tg4-docs.s3.amazonaws.com\/tg4-redesign-2015\/wp-content\/uploads\/2017\/11\/POC.jpg\",\"contentUrl\":\"https:\/\/tg4-docs.s3.amazonaws.com\/tg4-redesign-2015\/wp-content\/uploads\/2017\/11\/POC.jpg\",\"width\":1920,\"height\":1080,\"caption\":\"P\u00e1dhraic \u00d3 Ciardha\"},{\"@type\":\"BreadcrumbList\",\"@id\":\"https:\/\/dev.tg4.ie\/en\/information\/press\/press-releases\/2017-2\/06-11-17\/#breadcrumb\",\"itemListElement\":[{\"@type\":\"ListItem\",\"position\":1,\"name\":\"Home\",\"item\":\"https:\/\/dev.tg4.ie\/en\/\"},{\"@type\":\"ListItem\",\"position\":2,\"name\":\"Information\",\"item\":\"https:\/\/dev.tg4.ie\/en\/information\/\"},{\"@type\":\"ListItem\",\"position\":3,\"name\":\"Press\",\"item\":\"https:\/\/dev.tg4.ie\/en\/information\/press\/\"},{\"@type\":\"ListItem\",\"position\":4,\"name\":\"Press Releases\",\"item\":\"https:\/\/dev.tg4.ie\/en\/information\/press\/press-releases\/\"},{\"@type\":\"ListItem\",\"position\":5,\"name\":\"2017\",\"item\":\"https:\/\/dev.tg4.ie\/en\/information\/press\/press-releases\/2017-2\/\"},{\"@type\":\"ListItem\",\"position\":6,\"name\":\"06.11.17 &#8211; TG4 boss hails &#8216;long and influencing service&#8217; of retiring colleague\"}]},{\"@type\":\"WebSite\",\"@id\":\"https:\/\/dev.tg4.ie\/en\/#website\",\"url\":\"https:\/\/dev.tg4.ie\/en\/\",\"name\":\"TG4\",\"description\":\"S\u00fail Eile\",\"potentialAction\":[{\"@type\":\"SearchAction\",\"target\":{\"@type\":\"EntryPoint\",\"urlTemplate\":\"https:\/\/dev.tg4.ie\/en\/?s={search_term_string}\"},\"query-input\":\"required name=search_term_string\"}],\"inLanguage\":\"en-ie\"}]}<\/script>\n<!-- \/ Yoast SEO plugin. -->","yoast_head_json":{"title":"06.11.17 - TG4 boss hails 'long and influencing service' of retiring colleague - TG4","robots":{"index":"index","follow":"follow","max-snippet":"max-snippet:-1","max-image-preview":"max-image-preview:large","max-video-preview":"max-video-preview:-1"},"og_locale":"en_US","og_type":"article","og_title":"06.11.17 - TG4 boss hails 'long and influencing service' of retiring colleague - TG4","og_description":"Mr. \u00d3 Ciardha, who has been a senior executive with the channel throughout its existence, is the longest serving staff member and has been Leascheannasa\u00ed TG4 for the past 18 years. He is widely regarded as one of the main architects of the service. Immediately before its inception, he had served as fulltime Advisor on [&hellip;]","og_url":"https:\/\/dev.tg4.ie\/en\/information\/press\/press-releases\/2017-2\/06-11-17\/","og_site_name":"TG4","article_publisher":"https:\/\/www.facebook.com\/TG4TV","article_modified_time":"2019-06-25T09:16:55+00:00","og_image":[{"width":1920,"height":1080,"url":"https:\/\/tg4-docs.s3.amazonaws.com\/tg4-redesign-2015\/wp-content\/uploads\/2017\/11\/POC.jpg","type":"image\/jpeg"}],"twitter_card":"summary_large_image","twitter_site":"@TG4TV","twitter_misc":{"Est. reading time":"2 minutes"},"schema":{"@context":"https:\/\/schema.org","@graph":[{"@type":"WebPage","@id":"https:\/\/dev.tg4.ie\/en\/information\/press\/press-releases\/2017-2\/06-11-17\/","url":"https:\/\/dev.tg4.ie\/en\/information\/press\/press-releases\/2017-2\/06-11-17\/","name":"06.11.17 - TG4 boss hails 'long and influencing service' of retiring colleague - TG4","isPartOf":{"@id":"https:\/\/dev.tg4.ie\/en\/#website"},"primaryImageOfPage":{"@id":"https:\/\/dev.tg4.ie\/en\/information\/press\/press-releases\/2017-2\/06-11-17\/#primaryimage"},"image":{"@id":"https:\/\/dev.tg4.ie\/en\/information\/press\/press-releases\/2017-2\/06-11-17\/#primaryimage"},"thumbnailUrl":"https:\/\/tg4-docs.s3.amazonaws.com\/tg4-redesign-2015\/wp-content\/uploads\/2017\/11\/POC.jpg","datePublished":"2017-11-07T09:15:35+00:00","dateModified":"2019-06-25T09:16:55+00:00","breadcrumb":{"@id":"https:\/\/dev.tg4.ie\/en\/information\/press\/press-releases\/2017-2\/06-11-17\/#breadcrumb"},"inLanguage":"en-ie","potentialAction":[{"@type":"ReadAction","target":["https:\/\/dev.tg4.ie\/en\/information\/press\/press-releases\/2017-2\/06-11-17\/"]}]},{"@type":"ImageObject","inLanguage":"en-ie","@id":"https:\/\/dev.tg4.ie\/en\/information\/press\/press-releases\/2017-2\/06-11-17\/#primaryimage","url":"https:\/\/tg4-docs.s3.amazonaws.com\/tg4-redesign-2015\/wp-content\/uploads\/2017\/11\/POC.jpg","contentUrl":"https:\/\/tg4-docs.s3.amazonaws.com\/tg4-redesign-2015\/wp-content\/uploads\/2017\/11\/POC.jpg","width":1920,"height":1080,"caption":"P\u00e1dhraic \u00d3 Ciardha"},{"@type":"BreadcrumbList","@id":"https:\/\/dev.tg4.ie\/en\/information\/press\/press-releases\/2017-2\/06-11-17\/#breadcrumb","itemListElement":[{"@type":"ListItem","position":1,"name":"Home","item":"https:\/\/dev.tg4.ie\/en\/"},{"@type":"ListItem","position":2,"name":"Information","item":"https:\/\/dev.tg4.ie\/en\/information\/"},{"@type":"ListItem","position":3,"name":"Press","item":"https:\/\/dev.tg4.ie\/en\/information\/press\/"},{"@type":"ListItem","position":4,"name":"Press Releases","item":"https:\/\/dev.tg4.ie\/en\/information\/press\/press-releases\/"},{"@type":"ListItem","position":5,"name":"2017","item":"https:\/\/dev.tg4.ie\/en\/information\/press\/press-releases\/2017-2\/"},{"@type":"ListItem","position":6,"name":"06.11.17 &#8211; TG4 boss hails &#8216;long and influencing service&#8217; of retiring colleague"}]},{"@type":"WebSite","@id":"https:\/\/dev.tg4.ie\/en\/#website","url":"https:\/\/dev.tg4.ie\/en\/","name":"TG4","description":"S\u00fail Eile","potentialAction":[{"@type":"SearchAction","target":{"@type":"EntryPoint","urlTemplate":"https:\/\/dev.tg4.ie\/en\/?s={search_term_string}"},"query-input":"required name=search_term_string"}],"inLanguage":"en-ie"}]}},"_links":{"self":[{"href":"https:\/\/dev.tg4.ie\/en\/wp-json\/wp\/v2\/pages\/69771"}],"collection":[{"href":"https:\/\/dev.tg4.ie\/en\/wp-json\/wp\/v2\/pages"}],"about":[{"href":"https:\/\/dev.tg4.ie\/en\/wp-json\/wp\/v2\/types\/page"}],"author":[{"embeddable":true,"href":"https:\/\/dev.tg4.ie\/en\/wp-json\/wp\/v2\/users\/999"}],"replies":[{"embeddable":true,"href":"https:\/\/dev.tg4.ie\/en\/wp-json\/wp\/v2\/comments?post=69771"}],"version-history":[{"count":0,"href":"https:\/\/dev.tg4.ie\/en\/wp-json\/wp\/v2\/pages\/69771\/revisions"}],"up":[{"embeddable":true,"href":"https:\/\/dev.tg4.ie\/en\/wp-json\/wp\/v2\/pages\/40344"}],"wp:featuredmedia":[{"embeddable":true,"href":"https:\/\/dev.tg4.ie\/en\/wp-json\/wp\/v2\/media\/69772"}],"wp:attachment":[{"href":"https:\/\/dev.tg4.ie\/en\/wp-json\/wp\/v2\/media?parent=69771"}],"curies":[{"name":"wp","href":"https:\/\/api.w.org\/{rel}","templated":true}]}}